{"id":59153,"date":"2022-03-01T14:24:23","date_gmt":"2022-03-01T13:24:23","guid":{"rendered":"https:\/\/teiaeducation.ch\/product\/froebel-gabe-geschenk-10-sina-spielzeug\/"},"modified":"2025-12-11T18:19:06","modified_gmt":"2025-12-11T17:19:06","slug":"froebel-gabe-geschenk-10-sina-spielzeug","status":"publish","type":"product","link":"https:\/\/teiaeducation.ch\/de\/produkt\/froebel-gabe-geschenk-10-sina-spielzeug\/","title":{"rendered":"Froebel Gabe 10 \u2013 SINA Spielzeug"},"content":{"rendered":"<p>Das SINA Spielzeug original Froebel Gabe 10 aus der <a href=\"https:\/\/teiaeducation.ch\/de\/produkt-kategorie\/lernmaterialien-spielzeug-montessori-waldorf-steiner-froebel\/friedrich-froebel\/\">Friedrich Froebel<\/a> Geschenkeserie l\u00f6st sich vom Konzept der Fl\u00e4che oder Ebene als eigenst\u00e4ndiges Objekt und stellt den Punkt dar. Dieses Geschenk enth\u00e4lt kleine Gegenst\u00e4nde und stellt einen wichtigen Entwicklungsschritt dar, der spielerisch vom konkreten zu einem h\u00f6heren Abstraktionsverst\u00e4ndnis f\u00fchrt.<\/p>\n<p>Dieses Lernspielzeug ist f\u00fcr Kinder ab 6 Jahren geeignet und enth\u00e4lt &#8220;Punkte&#8221; in den Farben Rot, Orange, Gelb, Gr\u00fcn, Blau, Violett &#8211; mit insgesamt 600 Holzteilen, mit einem Durchmesser von 10mm und einer Dicke von 5mm. Diese Gabe f\u00f6rdert den Ausdruck von <a href=\"https:\/\/teiaeducation.ch\/de\/produkt-kategorie\/malen-basteln\/\">Kreativit\u00e4t<\/a> und bietet unendliche M\u00f6glichkeiten, eine Form sowohl mit Punkten als auch mit Linien zu strukturieren.<\/p>\n<p>Die deutsche Spielzeugmarke <a href=\"https:\/\/teiaeducation.ch\/de\/produkt-kategorie\/unsere-marken\/sina-spielzeug-de\/\">SINA Spielzeug<\/a> stellt seit \u00fcber 30 Jahren Holzspielzeug von h\u00f6chster Qualit\u00e4t her, das Erwachsene und Kinder zum gemeinsamen Spielen anregen soll. SINA Spielzeug hat eine starke regionale Identit\u00e4t und besch\u00e4ftigt einheimische Handwerker, die in der Region aufgewachsen sind und sich zum Naturmaterial Holz hingezogen f\u00fchlen und der Marke Verspieltheit, Fr\u00f6hlichkeit und Herzlichkeit einhauchen.<\/p>\n<p>Alle SINA Spielzeuge werden in der firmeneigenen Werkstatt in Neuhausen\/Erzgebirge, Deutschland, entworfen und von Hand gefertigt. Mit gr\u00f6\u00dfter Sorgfalt entwickelt und hergestellt, tr\u00e4gt jedes SINA Produkt das CE-Zeichen und erf\u00fcllt alle gesetzlichen Anforderungen der europ\u00e4ischen Spielzeugrichtlinie 2009\/48\/EG und der EN 71 f\u00fcr die Sicherheit von Spielzeug. Mehrere der SINA Spielzeuge sind mit dem <a href=\"https:\/\/www.spielgut.de\">Spielgut\u00ae<\/a>-Siegel ausgezeichnet worden.<\/p>\n<p>Von den Rohstofflieferanten werden hohe Sicherheits- und Ethikstandards sowie die Garantie verlangt, dass alle Materialien und Bestandteile f\u00fcr Kinder sicher und frei von Giftstoffen sind. SINA ist ein Familienunternehmen, dessen Sortiment didaktisches <a href=\"https:\/\/teiaeducation.ch\/de\/produkt-kategorie\/kinder-spielzeug\/handgefertigtes-holzspielzeug\/\">Holzspielzeug<\/a>, Holzspielger\u00e4te f\u00fcr therapeutische Zwecke und Spielger\u00e4te einschlie\u00dflich der <a href=\"https:\/\/teiaeducation.ch\/de\/produkt-kategorie\/unsere-marken\/sina-spielzeug-de\/froebel-gaben-spielmaterial\/\">Geschenke<\/a> der <a href=\"https:\/\/teiaeducation.ch\/2022\/05\/24\/who-was-froebel-and-what-are-froebels-gifts\/\">Fr\u00f6bel-P\u00e4dagogik<\/a> umfasst.<\/p>\n<p>SINA Spielzeug ist Mitglied im <a href=\"https:\/\/www.dvsi.de\">Deutschen Verband der Spielwarenindustrie<\/a>, in der <a href=\"https:\/\/gutesholzspielzeug.de\">Fachgruppe Holzspielzeug<\/a> und im <a href=\"https:\/\/www.pfv.info\">Pestalozzi-Froebel-Verband<\/a>.<\/p>\n<p>Das SINA Spielzeug Gabe 10 ist f\u00fcr Kinder ab 6 Jahren geeignet.<\/p>\n<p>Inhalt:<\/p>\n<p>600 Holzpunkte<br \/>\n1 Holzkiste zur Pr\u00e4sentation und Aufbewahrung<\/p>\n","protected":false},"excerpt":{"rendered":"<p>Artikelnummer: <span data-sheets-value=\"{\" data-sheets-userformat=\"{\">25311<\/span><\/p>\n<p>SINA Spielzeug original Froebel Gabe 10 aus der Friedrich Froebel Spielgeschenkeserie geht vom Begriff der Fl\u00e4che aus und stellt den Punkt dar.<\/p>\n","protected":false},"featured_media":44853,"comment_status":"open","ping_status":"closed","template":"","meta":[],"product_brand":[],"product_cat":[21446,21479,21550,21480,21663,21544,21488,21484,21551,21509,21537,21443,21563,21494,21496,21661,21678,21564],"product_tag":[27941,27944,27948,27945,27942,27947,27946,27940,27943,27939],"class_list":{"0":"post-59153","1":"product","2":"type-product","3":"status-publish","4":"has-post-thumbnail","6":"product_cat-6-12-jahre-grundschule","7":"product_cat-lernmaterialien-spielzeug-montessori-waldorf-steiner-froebel","8":"product_cat-formen","9":"product_cat-friedrich-froebel","10":"product_cat-froebel-gaben-spielmaterial","11":"product_cat-geometrie-de","12":"product_cat-geschenk-guide-6-12-jahre-grundschule","13":"product_cat-geschenk-guides","14":"product_cat-groesse","15":"product_cat-lernthemen","16":"product_cat-mathematik-rechnen","17":"product_cat-nach-alter","18":"product_cat-neuheiten","19":"product_cat-schulbedarf-fuer-zuhause","20":"product_cat-schulbedarf-fuer-zuhause-6-12-jahre","21":"product_cat-sina-spielzeug-de","22":"product_cat-kinder-spielzeug","23":"product_cat-unsere-marken","24":"product_tag-friedrich-froebel-gabe-de","25":"product_tag-froebel-gabe","26":"product_tag-froebel-gabe-10","27":"product_tag-froebel-gaben-de","28":"product_tag-froebel-geschenke","29":"product_tag-froebel-geschenke-de","30":"product_tag-froebel-spielgeschenke","31":"product_tag-sina-spielgeschenke","32":"product_tag-sina-spielzeug-de-2","33":"product_tag-sina-spielzeug-schweiz","35":"first","36":"instock","37":"taxable","38":"shipping-taxable","39":"purchasable","40":"product-type-simple"},"yoast_head":"<!-- This site is optimized with the Yoast SEO plugin v27.1.1 - https:\/\/yoast.com\/product\/yoast-seo-wordpress\/ -->\n<title>Froebel Gabe \/ Geschenk 10 \u2013 SINA Spielzeug<\/title>\n<meta name=\"description\" content=\"SINA Spielzeug Froebel Gabe 10 aus der Friedrich Froebel Spielgeschenkeserie geht vom Begriff der Fl\u00e4che aus und stellt den Punkt dar.\" \/>\n<meta name=\"robots\" content=\"index, follow, max-snippet:-1, max-image-preview:large, max-video-preview:-1\" \/>\n<link rel=\"canonical\" href=\"https:\/\/teiaeducation.ch\/de\/produkt\/froebel-gabe-geschenk-10-sina-spielzeug\/\" \/>\n<meta property=\"og:locale\" content=\"de_DE\" \/>\n<meta property=\"og:type\" content=\"article\" \/>\n<meta property=\"og:title\" content=\"Froebel Gabe \/ Geschenk 10 \u2013 SINA Spielzeug\" \/>\n<meta property=\"og:description\" content=\"SINA Spielzeug Froebel Gabe 10 aus der Friedrich Froebel Spielgeschenkeserie geht vom Begriff der Fl\u00e4che aus und stellt den Punkt dar.\" \/>\n<meta property=\"og:url\" content=\"https:\/\/teiaeducation.ch\/de\/produkt\/froebel-gabe-geschenk-10-sina-spielzeug\/\" \/>\n<meta property=\"og:site_name\" content=\"Sustainable Educational Products &amp; Ecological Toys\u00a0\" \/>\n<meta property=\"article:publisher\" content=\"https:\/\/www.facebook.com\/teiaeducation\/\" \/>\n<meta property=\"article:modified_time\" content=\"2025-12-11T17:19:06+00:00\" \/>\n<meta property=\"og:image\" content=\"https:\/\/teiaeducation.ch\/wp-content\/uploads\/2022\/03\/SINA-Spielzeug-original-Gabe-10-from-the-Friedrich-Froebel-series-of-wooden-playing-gifts.jpg\" \/>\n\t<meta property=\"og:image:width\" content=\"906\" \/>\n\t<meta property=\"og:image:height\" content=\"900\" \/>\n\t<meta property=\"og:image:type\" content=\"image\/jpeg\" \/>\n<script type=\"application\/ld+json\" class=\"yoast-schema-graph\">{\"@context\":\"https:\/\/schema.org\",\"@graph\":[{\"@type\":\"WebPage\",\"@id\":\"https:\/\/teiaeducation.ch\/de\/produkt\/froebel-gabe-geschenk-10-sina-spielzeug\/\",\"url\":\"https:\/\/teiaeducation.ch\/de\/produkt\/froebel-gabe-geschenk-10-sina-spielzeug\/\",\"name\":\"Froebel Gabe \/ Geschenk 10 \u2013 SINA Spielzeug\",\"isPartOf\":{\"@id\":\"https:\/\/teiaeducation.ch\/de\/#website\"},\"primaryImageOfPage\":{\"@id\":\"https:\/\/teiaeducation.ch\/de\/produkt\/froebel-gabe-geschenk-10-sina-spielzeug\/#primaryimage\"},\"image\":{\"@id\":\"https:\/\/teiaeducation.ch\/de\/produkt\/froebel-gabe-geschenk-10-sina-spielzeug\/#primaryimage\"},\"thumbnailUrl\":\"https:\/\/teiaeducation.ch\/wp-content\/uploads\/2022\/03\/SINA-Spielzeug-original-Gabe-10-from-the-Friedrich-Froebel-series-of-wooden-playing-gifts.jpg\",\"datePublished\":\"2022-03-01T13:24:23+00:00\",\"dateModified\":\"2025-12-11T17:19:06+00:00\",\"description\":\"SINA Spielzeug Froebel Gabe 10 aus der Friedrich Froebel Spielgeschenkeserie geht vom Begriff der Fl\u00e4che aus und stellt den Punkt dar.\",\"breadcrumb\":{\"@id\":\"https:\/\/teiaeducation.ch\/de\/produkt\/froebel-gabe-geschenk-10-sina-spielzeug\/#breadcrumb\"},\"inLanguage\":\"de-CH\",\"potentialAction\":[{\"@type\":\"ReadAction\",\"target\":[\"https:\/\/teiaeducation.ch\/de\/produkt\/froebel-gabe-geschenk-10-sina-spielzeug\/\"]}]},{\"@type\":\"ImageObject\",\"inLanguage\":\"de-CH\",\"@id\":\"https:\/\/teiaeducation.ch\/de\/produkt\/froebel-gabe-geschenk-10-sina-spielzeug\/#primaryimage\",\"url\":\"https:\/\/teiaeducation.ch\/wp-content\/uploads\/2022\/03\/SINA-Spielzeug-original-Gabe-10-from-the-Friedrich-Froebel-series-of-wooden-playing-gifts.jpg\",\"contentUrl\":\"https:\/\/teiaeducation.ch\/wp-content\/uploads\/2022\/03\/SINA-Spielzeug-original-Gabe-10-from-the-Friedrich-Froebel-series-of-wooden-playing-gifts.jpg\",\"width\":906,\"height\":900,\"caption\":\"SINA Spielzeug original Froebel Gabe 10 aus der Friedrich Froebel Serie der Holzspielwaren\"},{\"@type\":\"BreadcrumbList\",\"@id\":\"https:\/\/teiaeducation.ch\/de\/produkt\/froebel-gabe-geschenk-10-sina-spielzeug\/#breadcrumb\",\"itemListElement\":[{\"@type\":\"ListItem\",\"position\":1,\"name\":\"Home\",\"item\":\"https:\/\/teiaeducation.ch\/de\/\"},{\"@type\":\"ListItem\",\"position\":2,\"name\":\"Laden\",\"item\":\"https:\/\/teiaeducation.ch\/de\/shop\/\"},{\"@type\":\"ListItem\",\"position\":3,\"name\":\"Unsere Marken\",\"item\":\"https:\/\/teiaeducation.ch\/de\/produkt-kategorie\/unsere-marken\/\"},{\"@type\":\"ListItem\",\"position\":4,\"name\":\"SINA Spielzeug\",\"item\":\"https:\/\/teiaeducation.ch\/de\/produkt-kategorie\/unsere-marken\/sina-spielzeug-de\/\"},{\"@type\":\"ListItem\",\"position\":5,\"name\":\"Froebel Gaben &amp; Spielmaterial\",\"item\":\"https:\/\/teiaeducation.ch\/de\/produkt-kategorie\/unsere-marken\/sina-spielzeug-de\/froebel-gaben-spielmaterial\/\"},{\"@type\":\"ListItem\",\"position\":6,\"name\":\"Froebel Gabe 10 \u2013 SINA Spielzeug\"}]},{\"@type\":\"WebSite\",\"@id\":\"https:\/\/teiaeducation.ch\/de\/#website\",\"url\":\"https:\/\/teiaeducation.ch\/de\/\",\"name\":\"Sustainable Educational Products &amp; Ecological Toys\u00a0\",\"description\":\"Specialised Swiss shop selling sustainable educational toys and games, AMI certified Montessori materials, handmade ecological wooden Waldorf toys and arts &amp; crafts supplies, school supplies, children&#039;s furniture and Montessori reference and parenting books.\",\"publisher\":{\"@id\":\"https:\/\/teiaeducation.ch\/de\/#organization\"},\"alternateName\":\"Teia Education & Play\",\"potentialAction\":[{\"@type\":\"SearchAction\",\"target\":{\"@type\":\"EntryPoint\",\"urlTemplate\":\"https:\/\/teiaeducation.ch\/de\/?s={search_term_string}\"},\"query-input\":{\"@type\":\"PropertyValueSpecification\",\"valueRequired\":true,\"valueName\":\"search_term_string\"}}],\"inLanguage\":\"de-CH\"},{\"@type\":\"Organization\",\"@id\":\"https:\/\/teiaeducation.ch\/de\/#organization\",\"name\":\"Teia Education & Play\",\"url\":\"https:\/\/teiaeducation.ch\/de\/\",\"logo\":{\"@type\":\"ImageObject\",\"inLanguage\":\"de-CH\",\"@id\":\"https:\/\/teiaeducation.ch\/de\/#\/schema\/logo\/image\/\",\"url\":\"https:\/\/teiaeducation.ch\/wp-content\/uploads\/2020\/11\/Teia-Education-Switzerland-e1620156442216.jpg\",\"contentUrl\":\"https:\/\/teiaeducation.ch\/wp-content\/uploads\/2020\/11\/Teia-Education-Switzerland-e1620156442216.jpg\",\"width\":166,\"height\":145,\"caption\":\"Teia Education & Play\"},\"image\":{\"@id\":\"https:\/\/teiaeducation.ch\/de\/#\/schema\/logo\/image\/\"},\"sameAs\":[\"https:\/\/www.facebook.com\/teiaeducation\/\",\"https:\/\/x.com\/EducationTeia\",\"https:\/\/www.instagram.com\/teia.education\/\",\"https:\/\/www.linkedin.com\/company\/35501660\",\"https:\/\/www.pinterest.ch\/TeiaEducation\/\"]}]}<\/script>\n<!-- \/ Yoast SEO plugin. -->","yoast_head_json":{"title":"Froebel Gabe \/ Geschenk 10 \u2013 SINA Spielzeug","description":"SINA Spielzeug Froebel Gabe 10 aus der Friedrich Froebel Spielgeschenkeserie geht vom Begriff der Fl\u00e4che aus und stellt den Punkt dar.","robots":{"index":"index","follow":"follow","max-snippet":"max-snippet:-1","max-image-preview":"max-image-preview:large","max-video-preview":"max-video-preview:-1"},"canonical":"https:\/\/teiaeducation.ch\/de\/produkt\/froebel-gabe-geschenk-10-sina-spielzeug\/","og_locale":"de_DE","og_type":"article","og_title":"Froebel Gabe \/ Geschenk 10 \u2013 SINA Spielzeug","og_description":"SINA Spielzeug Froebel Gabe 10 aus der Friedrich Froebel Spielgeschenkeserie geht vom Begriff der Fl\u00e4che aus und stellt den Punkt dar.","og_url":"https:\/\/teiaeducation.ch\/de\/produkt\/froebel-gabe-geschenk-10-sina-spielzeug\/","og_site_name":"Sustainable Educational Products &amp; Ecological Toys\u00a0","article_publisher":"https:\/\/www.facebook.com\/teiaeducation\/","article_modified_time":"2025-12-11T17:19:06+00:00","og_image":[{"width":906,"height":900,"url":"https:\/\/teiaeducation.ch\/wp-content\/uploads\/2022\/03\/SINA-Spielzeug-original-Gabe-10-from-the-Friedrich-Froebel-series-of-wooden-playing-gifts.jpg","type":"image\/jpeg"}],"schema":{"@context":"https:\/\/schema.org","@graph":[{"@type":"WebPage","@id":"https:\/\/teiaeducation.ch\/de\/produkt\/froebel-gabe-geschenk-10-sina-spielzeug\/","url":"https:\/\/teiaeducation.ch\/de\/produkt\/froebel-gabe-geschenk-10-sina-spielzeug\/","name":"Froebel Gabe \/ Geschenk 10 \u2013 SINA Spielzeug","isPartOf":{"@id":"https:\/\/teiaeducation.ch\/de\/#website"},"primaryImageOfPage":{"@id":"https:\/\/teiaeducation.ch\/de\/produkt\/froebel-gabe-geschenk-10-sina-spielzeug\/#primaryimage"},"image":{"@id":"https:\/\/teiaeducation.ch\/de\/produkt\/froebel-gabe-geschenk-10-sina-spielzeug\/#primaryimage"},"thumbnailUrl":"https:\/\/teiaeducation.ch\/wp-content\/uploads\/2022\/03\/SINA-Spielzeug-original-Gabe-10-from-the-Friedrich-Froebel-series-of-wooden-playing-gifts.jpg","datePublished":"2022-03-01T13:24:23+00:00","dateModified":"2025-12-11T17:19:06+00:00","description":"SINA Spielzeug Froebel Gabe 10 aus der Friedrich Froebel Spielgeschenkeserie geht vom Begriff der Fl\u00e4che aus und stellt den Punkt dar.","breadcrumb":{"@id":"https:\/\/teiaeducation.ch\/de\/produkt\/froebel-gabe-geschenk-10-sina-spielzeug\/#breadcrumb"},"inLanguage":"de-CH","potentialAction":[{"@type":"ReadAction","target":["https:\/\/teiaeducation.ch\/de\/produkt\/froebel-gabe-geschenk-10-sina-spielzeug\/"]}]},{"@type":"ImageObject","inLanguage":"de-CH","@id":"https:\/\/teiaeducation.ch\/de\/produkt\/froebel-gabe-geschenk-10-sina-spielzeug\/#primaryimage","url":"https:\/\/teiaeducation.ch\/wp-content\/uploads\/2022\/03\/SINA-Spielzeug-original-Gabe-10-from-the-Friedrich-Froebel-series-of-wooden-playing-gifts.jpg","contentUrl":"https:\/\/teiaeducation.ch\/wp-content\/uploads\/2022\/03\/SINA-Spielzeug-original-Gabe-10-from-the-Friedrich-Froebel-series-of-wooden-playing-gifts.jpg","width":906,"height":900,"caption":"SINA Spielzeug original Froebel Gabe 10 aus der Friedrich Froebel Serie der Holzspielwaren"},{"@type":"BreadcrumbList","@id":"https:\/\/teiaeducation.ch\/de\/produkt\/froebel-gabe-geschenk-10-sina-spielzeug\/#breadcrumb","itemListElement":[{"@type":"ListItem","position":1,"name":"Home","item":"https:\/\/teiaeducation.ch\/de\/"},{"@type":"ListItem","position":2,"name":"Laden","item":"https:\/\/teiaeducation.ch\/de\/shop\/"},{"@type":"ListItem","position":3,"name":"Unsere Marken","item":"https:\/\/teiaeducation.ch\/de\/produkt-kategorie\/unsere-marken\/"},{"@type":"ListItem","position":4,"name":"SINA Spielzeug","item":"https:\/\/teiaeducation.ch\/de\/produkt-kategorie\/unsere-marken\/sina-spielzeug-de\/"},{"@type":"ListItem","position":5,"name":"Froebel Gaben &amp; Spielmaterial","item":"https:\/\/teiaeducation.ch\/de\/produkt-kategorie\/unsere-marken\/sina-spielzeug-de\/froebel-gaben-spielmaterial\/"},{"@type":"ListItem","position":6,"name":"Froebel Gabe 10 \u2013 SINA Spielzeug"}]},{"@type":"WebSite","@id":"https:\/\/teiaeducation.ch\/de\/#website","url":"https:\/\/teiaeducation.ch\/de\/","name":"Sustainable Educational Products &amp; Ecological Toys\u00a0","description":"Specialised Swiss shop selling sustainable educational toys and games, AMI certified Montessori materials, handmade ecological wooden Waldorf toys and arts &amp; crafts supplies, school supplies, children&#039;s furniture and Montessori reference and parenting books.","publisher":{"@id":"https:\/\/teiaeducation.ch\/de\/#organization"},"alternateName":"Teia Education & Play","potentialAction":[{"@type":"SearchAction","target":{"@type":"EntryPoint","urlTemplate":"https:\/\/teiaeducation.ch\/de\/?s={search_term_string}"},"query-input":{"@type":"PropertyValueSpecification","valueRequired":true,"valueName":"search_term_string"}}],"inLanguage":"de-CH"},{"@type":"Organization","@id":"https:\/\/teiaeducation.ch\/de\/#organization","name":"Teia Education & Play","url":"https:\/\/teiaeducation.ch\/de\/","logo":{"@type":"ImageObject","inLanguage":"de-CH","@id":"https:\/\/teiaeducation.ch\/de\/#\/schema\/logo\/image\/","url":"https:\/\/teiaeducation.ch\/wp-content\/uploads\/2020\/11\/Teia-Education-Switzerland-e1620156442216.jpg","contentUrl":"https:\/\/teiaeducation.ch\/wp-content\/uploads\/2020\/11\/Teia-Education-Switzerland-e1620156442216.jpg","width":166,"height":145,"caption":"Teia Education & Play"},"image":{"@id":"https:\/\/teiaeducation.ch\/de\/#\/schema\/logo\/image\/"},"sameAs":["https:\/\/www.facebook.com\/teiaeducation\/","https:\/\/x.com\/EducationTeia","https:\/\/www.instagram.com\/teia.education\/","https:\/\/www.linkedin.com\/company\/35501660","https:\/\/www.pinterest.ch\/TeiaEducation\/"]}]}},"_links":{"self":[{"href":"https:\/\/teiaeducation.ch\/de\/wp-json\/wp\/v2\/product\/59153","targetHints":{"allow":["GET"]}}],"collection":[{"href":"https:\/\/teiaeducation.ch\/de\/wp-json\/wp\/v2\/product"}],"about":[{"href":"https:\/\/teiaeducation.ch\/de\/wp-json\/wp\/v2\/types\/product"}],"replies":[{"embeddable":true,"href":"https:\/\/teiaeducation.ch\/de\/wp-json\/wp\/v2\/comments?post=59153"}],"wp:featuredmedia":[{"embeddable":true,"href":"https:\/\/teiaeducation.ch\/de\/wp-json\/wp\/v2\/media\/44853"}],"wp:attachment":[{"href":"https:\/\/teiaeducation.ch\/de\/wp-json\/wp\/v2\/media?parent=59153"}],"wp:term":[{"taxonomy":"product_brand","embeddable":true,"href":"https:\/\/teiaeducation.ch\/de\/wp-json\/wp\/v2\/product_brand?post=59153"},{"taxonomy":"product_cat","embeddable":true,"href":"https:\/\/teiaeducation.ch\/de\/wp-json\/wp\/v2\/product_cat?post=59153"},{"taxonomy":"product_tag","embeddable":true,"href":"https:\/\/teiaeducation.ch\/de\/wp-json\/wp\/v2\/product_tag?post=59153"}],"curies":[{"name":"wp","href":"https:\/\/api.w.org\/{rel}","templated":true}]}}