{"id":59162,"date":"2022-03-01T11:04:58","date_gmt":"2022-03-01T10:04:58","guid":{"rendered":"https:\/\/teiaeducation.ch\/product\/froebel-gabe-geschenk-7-1-sina-spielzeug\/"},"modified":"2024-10-28T09:33:16","modified_gmt":"2024-10-28T08:33:16","slug":"froebel-gabe-geschenk-7-1-sina-spielzeug","status":"publish","type":"product","link":"https:\/\/teiaeducation.ch\/de\/produkt\/froebel-gabe-geschenk-7-1-sina-spielzeug\/","title":{"rendered":"Froebel Gabe 7-1 &#8211; SINA Spielzeug"},"content":{"rendered":"<p>Das SINA Spielzeug Froebel Gabe 7-1 aus der <a href=\"https:\/\/teiaeducation.ch\/product-category\/education-method\/froebel\/\">Friedrich Froebel<\/a> Geschenkeserie f\u00fchrt den Begriff der Fl\u00e4che oder Ebene als eigenst\u00e4ndiges Objekt ein. Es handelt sich um h\u00f6lzerne Parketttafeln, die von den Oberfl\u00e4chen der ersten sechs Gaben abgeleitet sind. Gaben 7-1 bis 7-3 erm\u00f6glichen es dem Kind, diese Objekte in zweidimensionaler Form darzustellen, was den \u00dcbergang von der festen dreidimensionalen zur flachen Oberfl\u00e4che bedeutet. Diese Gaben stellen einen wichtigen Entwicklungsschritt dar und erm\u00f6glichen einen allm\u00e4hlichen spielerischen \u00dcbergang vom konkreten zum abstrakten Verstehen.<\/p>\n<p>Dieses Lernspielzeug ist f\u00fcr Kinder ab 6 Jahren geeignet und enth\u00e4lt Legematerial in den Farben Rot, Orange, Gelb, Gr\u00fcn, Blau, Violett &#8211; mit insgesamt 72 St\u00fccken von jeder der Formen Quadrat, gleichseitiges Dreieck, rechtwinkliges gleichschenkliges Dreieck und Raute. Die Vielfalt an Formen und Winkeln dieser Gabe f\u00f6rdert den Ausdruck der Geometrie und entwickelt <a href=\"https:\/\/teiaeducation.ch\/product-category\/learning-themes\/mathematics-numeracy\/\">mathematische<\/a> F\u00e4higkeiten und Konzepte wie Br\u00fcche, Symmetrie, Gegens\u00e4tze und Proportionen. Die Formen der Parketttafeln k\u00f6nnen auch zu verschiedenen geometrischen Formen kombiniert werden.<\/p>\n<p>Die deutsche Spielzeugmarke <a href=\"https:\/\/teiaeducation.ch\/product-category\/brands\/sina-spielzeug\/\">SINA Spielzeug<\/a> stellt seit \u00fcber 30 Jahren Holzspielzeug von h\u00f6chster Qualit\u00e4t her, das Erwachsene und Kinder zum gemeinsamen Spielen anregen soll. SINA Spielzeug hat eine starke regionale Identit\u00e4t und besch\u00e4ftigt einheimische Handwerker, die in der Region aufgewachsen sind und sich zum Naturmaterial Holz hingezogen f\u00fchlen und der Marke Verspieltheit, Fr\u00f6hlichkeit und Herzlichkeit einhauchen.<\/p>\n<p>Alle SINA Spielzeuge werden in der firmeneigenen Werkstatt in Neuhausen\/Erzgebirge, Deutschland, entworfen und von Hand gefertigt. Mit gr\u00f6\u00dfter Sorgfalt entwickelt und hergestellt, tr\u00e4gt jedes SINA Produkt das CE-Zeichen und erf\u00fcllt alle gesetzlichen Anforderungen der europ\u00e4ischen Spielzeugrichtlinie 2009\/48\/EG und der EN 71 f\u00fcr die Sicherheit von Spielzeug. Mehrere der SINA Spielzeuge sind mit dem <a href=\"https:\/\/www.spielgut.de\">Spielgut\u00ae<\/a>-Siegel ausgezeichnet worden.<\/p>\n<p>Von den Rohstofflieferanten werden hohe Sicherheits- und Ethikstandards sowie die Garantie verlangt, dass alle Materialien und Bestandteile f\u00fcr Kinder sicher und frei von Giftstoffen sind. SINA ist ein Familienunternehmen, dessen Sortiment didaktisches <a href=\"https:\/\/teiaeducation.ch\/product-category\/hgh-quality-toys-play\/handmade-wooden-toys\/\">Holzspielzeug<\/a>, Holzspielger\u00e4te f\u00fcr therapeutische Zwecke und Spielger\u00e4te einschlie\u00dflich der <a href=\"https:\/\/teiaeducation.ch\/product-category\/brands\/sina-spielzeug\/froebel-gaben-playing-items\/\">Geschenke<\/a> der <a href=\"https:\/\/teiaeducation.ch\/2022\/05\/24\/who-was-froebel-and-what-are-froebels-gifts\/\">Froebel-P\u00e4dagogik<\/a> umfasst.<\/p>\n<p>SINA Spielzeug ist Mitglied im <a href=\"https:\/\/www.dvsi.de\">Deutschen Verband der Spielwarenindustrie<\/a>, in der <a href=\"https:\/\/gutesholzspielzeug.de\">Fachgruppe Holzspielzeug<\/a> und im <a href=\"https:\/\/www.pfv.info\">Pestalozzi-Froebel-Verband<\/a>.<\/p>\n<p>Die SINA Froebel Gabe 7-1 ist f\u00fcr Kinder ab 6 Jahren geeignet.<\/p>\n<p>Inhalt:<\/p>\n<p>72 Holzquadrate<br \/>\n72 gleichseitige Dreiecke aus Holz<br \/>\n72 rechtwinklige gleichschenklige Dreiecke aus Holz<br \/>\n72 h\u00f6lzerne Diamantformen<br \/>\n1 Holzkiste zur Ausstellung und Aufbewahrung (220 x 220 x 80 mm)<\/p>\n","protected":false},"excerpt":{"rendered":"<p>Artikelnummer: <span data-sheets-value=\"{\" data-sheets-userformat=\"{\">25302<\/span><\/p>\n<p>SINA Spielzeug Froebel Gabe 7-1 aus der Friedrich Froebel Serie von Spielgeschenken mit Holzoberfl\u00e4chen-Parketttafeln der ersten 6 Gaben.<\/p>\n","protected":false},"featured_media":44818,"comment_status":"open","ping_status":"closed","template":"","meta":[],"product_brand":[],"product_cat":[21446,21479,21550,21543,21480,21663,21544,21488,21484,21705,21509,21537,21443,21563,21494,21496,21661,21678,21564],"product_tag":[27941,27944,27951,27945,27942,27947,27946,27940,27943,27939],"class_list":{"0":"post-59162","1":"product","2":"type-product","3":"status-publish","4":"has-post-thumbnail","6":"product_cat-6-12-jahre-grundschule","7":"product_cat-lernmaterialien-spielzeug-montessori-waldorf-steiner-froebel","8":"product_cat-formen","9":"product_cat-fraktionen","10":"product_cat-friedrich-froebel","11":"product_cat-froebel-gaben-spielmaterial","12":"product_cat-geometrie-de","13":"product_cat-geschenk-guide-6-12-jahre-grundschule","14":"product_cat-geschenk-guides","15":"product_cat-holzfiguren","16":"product_cat-lernthemen","17":"product_cat-mathematik-rechnen","18":"product_cat-nach-alter","19":"product_cat-neuheiten","20":"product_cat-schulbedarf-fuer-zuhause","21":"product_cat-schulbedarf-fuer-zuhause-6-12-jahre","22":"product_cat-sina-spielzeug-de","23":"product_cat-kinder-spielzeug","24":"product_cat-unsere-marken","25":"product_tag-friedrich-froebel-gabe-de","26":"product_tag-froebel-gabe","27":"product_tag-froebel-gabe-7","28":"product_tag-froebel-gaben-de","29":"product_tag-froebel-geschenke","30":"product_tag-froebel-geschenke-de","31":"product_tag-froebel-spielgeschenke","32":"product_tag-sina-spielgeschenke","33":"product_tag-sina-spielzeug-de-2","34":"product_tag-sina-spielzeug-schweiz","36":"first","37":"outofstock","38":"taxable","39":"shipping-taxable","40":"purchasable","41":"product-type-simple"},"yoast_head":"<!-- This site is optimized with the Yoast SEO plugin v27.1.1 - https:\/\/yoast.com\/product\/yoast-seo-wordpress\/ -->\n<title>Froebel Gabe \/ Geschenk 7-1 \u2013 SINA Spielzeug<\/title>\n<meta name=\"description\" content=\"SINA Spielzeug Froebel Gabe 7-1 aus der Friedrich Froebel Serie von Spielgeschenken mit Holzoberfl\u00e4chen-Parkettierungstafeln der ersten 6 Gaben\" \/>\n<meta name=\"robots\" content=\"index, follow, max-snippet:-1, max-image-preview:large, max-video-preview:-1\" \/>\n<link rel=\"canonical\" href=\"https:\/\/teiaeducation.ch\/de\/produkt\/froebel-gabe-geschenk-7-1-sina-spielzeug\/\" \/>\n<meta property=\"og:locale\" content=\"de_DE\" \/>\n<meta property=\"og:type\" content=\"article\" \/>\n<meta property=\"og:title\" content=\"Froebel Gabe \/ Geschenk 7-1 \u2013 SINA Spielzeug\" \/>\n<meta property=\"og:description\" content=\"SINA Spielzeug Froebel Gabe 7-1 aus der Friedrich Froebel Serie von Spielgeschenken mit Holzoberfl\u00e4chen-Parkettierungstafeln der ersten 6 Gaben\" \/>\n<meta property=\"og:url\" content=\"https:\/\/teiaeducation.ch\/de\/produkt\/froebel-gabe-geschenk-7-1-sina-spielzeug\/\" \/>\n<meta property=\"og:site_name\" content=\"Sustainable Educational Products &amp; Ecological Toys\u00a0\" \/>\n<meta property=\"article:publisher\" content=\"https:\/\/www.facebook.com\/teiaeducation\/\" \/>\n<meta property=\"article:modified_time\" content=\"2024-10-28T08:33:16+00:00\" \/>\n<meta property=\"og:image\" content=\"https:\/\/teiaeducation.ch\/wp-content\/uploads\/2022\/03\/SINA-Spielzeug-original-Gabe-7-1-from-the-Friedrich-Froebel-series-of-wooden-playing-gifts-1.jpg\" \/>\n\t<meta property=\"og:image:width\" content=\"878\" \/>\n\t<meta property=\"og:image:height\" content=\"839\" \/>\n\t<meta property=\"og:image:type\" content=\"image\/jpeg\" \/>\n<script type=\"application\/ld+json\" class=\"yoast-schema-graph\">{\"@context\":\"https:\/\/schema.org\",\"@graph\":[{\"@type\":\"WebPage\",\"@id\":\"https:\/\/teiaeducation.ch\/de\/produkt\/froebel-gabe-geschenk-7-1-sina-spielzeug\/\",\"url\":\"https:\/\/teiaeducation.ch\/de\/produkt\/froebel-gabe-geschenk-7-1-sina-spielzeug\/\",\"name\":\"Froebel Gabe \/ Geschenk 7-1 \u2013 SINA Spielzeug\",\"isPartOf\":{\"@id\":\"https:\/\/teiaeducation.ch\/de\/#website\"},\"primaryImageOfPage\":{\"@id\":\"https:\/\/teiaeducation.ch\/de\/produkt\/froebel-gabe-geschenk-7-1-sina-spielzeug\/#primaryimage\"},\"image\":{\"@id\":\"https:\/\/teiaeducation.ch\/de\/produkt\/froebel-gabe-geschenk-7-1-sina-spielzeug\/#primaryimage\"},\"thumbnailUrl\":\"https:\/\/teiaeducation.ch\/wp-content\/uploads\/2022\/03\/SINA-Spielzeug-original-Gabe-7-1-from-the-Friedrich-Froebel-series-of-wooden-playing-gifts-1.jpg\",\"datePublished\":\"2022-03-01T10:04:58+00:00\",\"dateModified\":\"2024-10-28T08:33:16+00:00\",\"description\":\"SINA Spielzeug Froebel Gabe 7-1 aus der Friedrich Froebel Serie von Spielgeschenken mit Holzoberfl\u00e4chen-Parkettierungstafeln der ersten 6 Gaben\",\"breadcrumb\":{\"@id\":\"https:\/\/teiaeducation.ch\/de\/produkt\/froebel-gabe-geschenk-7-1-sina-spielzeug\/#breadcrumb\"},\"inLanguage\":\"de-CH\",\"potentialAction\":[{\"@type\":\"ReadAction\",\"target\":[\"https:\/\/teiaeducation.ch\/de\/produkt\/froebel-gabe-geschenk-7-1-sina-spielzeug\/\"]}]},{\"@type\":\"ImageObject\",\"inLanguage\":\"de-CH\",\"@id\":\"https:\/\/teiaeducation.ch\/de\/produkt\/froebel-gabe-geschenk-7-1-sina-spielzeug\/#primaryimage\",\"url\":\"https:\/\/teiaeducation.ch\/wp-content\/uploads\/2022\/03\/SINA-Spielzeug-original-Gabe-7-1-from-the-Friedrich-Froebel-series-of-wooden-playing-gifts-1.jpg\",\"contentUrl\":\"https:\/\/teiaeducation.ch\/wp-content\/uploads\/2022\/03\/SINA-Spielzeug-original-Gabe-7-1-from-the-Friedrich-Froebel-series-of-wooden-playing-gifts-1.jpg\",\"width\":878,\"height\":839,\"caption\":\"SINA Spielzeug Froebel Gabe 7-1 aus der Friedrich Froebel Serie der Holzspielwaren\"},{\"@type\":\"BreadcrumbList\",\"@id\":\"https:\/\/teiaeducation.ch\/de\/produkt\/froebel-gabe-geschenk-7-1-sina-spielzeug\/#breadcrumb\",\"itemListElement\":[{\"@type\":\"ListItem\",\"position\":1,\"name\":\"Home\",\"item\":\"https:\/\/teiaeducation.ch\/de\/\"},{\"@type\":\"ListItem\",\"position\":2,\"name\":\"Laden\",\"item\":\"https:\/\/teiaeducation.ch\/de\/shop\/\"},{\"@type\":\"ListItem\",\"position\":3,\"name\":\"Unsere Marken\",\"item\":\"https:\/\/teiaeducation.ch\/de\/produkt-kategorie\/unsere-marken\/\"},{\"@type\":\"ListItem\",\"position\":4,\"name\":\"SINA Spielzeug\",\"item\":\"https:\/\/teiaeducation.ch\/de\/produkt-kategorie\/unsere-marken\/sina-spielzeug-de\/\"},{\"@type\":\"ListItem\",\"position\":5,\"name\":\"Froebel Gaben &amp; Spielmaterial\",\"item\":\"https:\/\/teiaeducation.ch\/de\/produkt-kategorie\/unsere-marken\/sina-spielzeug-de\/froebel-gaben-spielmaterial\/\"},{\"@type\":\"ListItem\",\"position\":6,\"name\":\"Froebel Gabe 7-1 &#8211; SINA Spielzeug\"}]},{\"@type\":\"WebSite\",\"@id\":\"https:\/\/teiaeducation.ch\/de\/#website\",\"url\":\"https:\/\/teiaeducation.ch\/de\/\",\"name\":\"Sustainable Educational Products &amp; Ecological Toys\u00a0\",\"description\":\"Specialised Swiss shop selling sustainable educational toys and games, AMI certified Montessori materials, handmade ecological wooden Waldorf toys and arts &amp; crafts supplies, school supplies, children&#039;s furniture and Montessori reference and parenting books.\",\"publisher\":{\"@id\":\"https:\/\/teiaeducation.ch\/de\/#organization\"},\"alternateName\":\"Teia Education & Play\",\"potentialAction\":[{\"@type\":\"SearchAction\",\"target\":{\"@type\":\"EntryPoint\",\"urlTemplate\":\"https:\/\/teiaeducation.ch\/de\/?s={search_term_string}\"},\"query-input\":{\"@type\":\"PropertyValueSpecification\",\"valueRequired\":true,\"valueName\":\"search_term_string\"}}],\"inLanguage\":\"de-CH\"},{\"@type\":\"Organization\",\"@id\":\"https:\/\/teiaeducation.ch\/de\/#organization\",\"name\":\"Teia Education & Play\",\"url\":\"https:\/\/teiaeducation.ch\/de\/\",\"logo\":{\"@type\":\"ImageObject\",\"inLanguage\":\"de-CH\",\"@id\":\"https:\/\/teiaeducation.ch\/de\/#\/schema\/logo\/image\/\",\"url\":\"https:\/\/teiaeducation.ch\/wp-content\/uploads\/2020\/11\/Teia-Education-Switzerland-e1620156442216.jpg\",\"contentUrl\":\"https:\/\/teiaeducation.ch\/wp-content\/uploads\/2020\/11\/Teia-Education-Switzerland-e1620156442216.jpg\",\"width\":166,\"height\":145,\"caption\":\"Teia Education & Play\"},\"image\":{\"@id\":\"https:\/\/teiaeducation.ch\/de\/#\/schema\/logo\/image\/\"},\"sameAs\":[\"https:\/\/www.facebook.com\/teiaeducation\/\",\"https:\/\/x.com\/EducationTeia\",\"https:\/\/www.instagram.com\/teia.education\/\",\"https:\/\/www.linkedin.com\/company\/35501660\",\"https:\/\/www.pinterest.ch\/TeiaEducation\/\"]}]}<\/script>\n<!-- \/ Yoast SEO plugin. -->","yoast_head_json":{"title":"Froebel Gabe \/ Geschenk 7-1 \u2013 SINA Spielzeug","description":"SINA Spielzeug Froebel Gabe 7-1 aus der Friedrich Froebel Serie von Spielgeschenken mit Holzoberfl\u00e4chen-Parkettierungstafeln der ersten 6 Gaben","robots":{"index":"index","follow":"follow","max-snippet":"max-snippet:-1","max-image-preview":"max-image-preview:large","max-video-preview":"max-video-preview:-1"},"canonical":"https:\/\/teiaeducation.ch\/de\/produkt\/froebel-gabe-geschenk-7-1-sina-spielzeug\/","og_locale":"de_DE","og_type":"article","og_title":"Froebel Gabe \/ Geschenk 7-1 \u2013 SINA Spielzeug","og_description":"SINA Spielzeug Froebel Gabe 7-1 aus der Friedrich Froebel Serie von Spielgeschenken mit Holzoberfl\u00e4chen-Parkettierungstafeln der ersten 6 Gaben","og_url":"https:\/\/teiaeducation.ch\/de\/produkt\/froebel-gabe-geschenk-7-1-sina-spielzeug\/","og_site_name":"Sustainable Educational Products &amp; Ecological Toys\u00a0","article_publisher":"https:\/\/www.facebook.com\/teiaeducation\/","article_modified_time":"2024-10-28T08:33:16+00:00","og_image":[{"width":878,"height":839,"url":"https:\/\/teiaeducation.ch\/wp-content\/uploads\/2022\/03\/SINA-Spielzeug-original-Gabe-7-1-from-the-Friedrich-Froebel-series-of-wooden-playing-gifts-1.jpg","type":"image\/jpeg"}],"schema":{"@context":"https:\/\/schema.org","@graph":[{"@type":"WebPage","@id":"https:\/\/teiaeducation.ch\/de\/produkt\/froebel-gabe-geschenk-7-1-sina-spielzeug\/","url":"https:\/\/teiaeducation.ch\/de\/produkt\/froebel-gabe-geschenk-7-1-sina-spielzeug\/","name":"Froebel Gabe \/ Geschenk 7-1 \u2013 SINA Spielzeug","isPartOf":{"@id":"https:\/\/teiaeducation.ch\/de\/#website"},"primaryImageOfPage":{"@id":"https:\/\/teiaeducation.ch\/de\/produkt\/froebel-gabe-geschenk-7-1-sina-spielzeug\/#primaryimage"},"image":{"@id":"https:\/\/teiaeducation.ch\/de\/produkt\/froebel-gabe-geschenk-7-1-sina-spielzeug\/#primaryimage"},"thumbnailUrl":"https:\/\/teiaeducation.ch\/wp-content\/uploads\/2022\/03\/SINA-Spielzeug-original-Gabe-7-1-from-the-Friedrich-Froebel-series-of-wooden-playing-gifts-1.jpg","datePublished":"2022-03-01T10:04:58+00:00","dateModified":"2024-10-28T08:33:16+00:00","description":"SINA Spielzeug Froebel Gabe 7-1 aus der Friedrich Froebel Serie von Spielgeschenken mit Holzoberfl\u00e4chen-Parkettierungstafeln der ersten 6 Gaben","breadcrumb":{"@id":"https:\/\/teiaeducation.ch\/de\/produkt\/froebel-gabe-geschenk-7-1-sina-spielzeug\/#breadcrumb"},"inLanguage":"de-CH","potentialAction":[{"@type":"ReadAction","target":["https:\/\/teiaeducation.ch\/de\/produkt\/froebel-gabe-geschenk-7-1-sina-spielzeug\/"]}]},{"@type":"ImageObject","inLanguage":"de-CH","@id":"https:\/\/teiaeducation.ch\/de\/produkt\/froebel-gabe-geschenk-7-1-sina-spielzeug\/#primaryimage","url":"https:\/\/teiaeducation.ch\/wp-content\/uploads\/2022\/03\/SINA-Spielzeug-original-Gabe-7-1-from-the-Friedrich-Froebel-series-of-wooden-playing-gifts-1.jpg","contentUrl":"https:\/\/teiaeducation.ch\/wp-content\/uploads\/2022\/03\/SINA-Spielzeug-original-Gabe-7-1-from-the-Friedrich-Froebel-series-of-wooden-playing-gifts-1.jpg","width":878,"height":839,"caption":"SINA Spielzeug Froebel Gabe 7-1 aus der Friedrich Froebel Serie der Holzspielwaren"},{"@type":"BreadcrumbList","@id":"https:\/\/teiaeducation.ch\/de\/produkt\/froebel-gabe-geschenk-7-1-sina-spielzeug\/#breadcrumb","itemListElement":[{"@type":"ListItem","position":1,"name":"Home","item":"https:\/\/teiaeducation.ch\/de\/"},{"@type":"ListItem","position":2,"name":"Laden","item":"https:\/\/teiaeducation.ch\/de\/shop\/"},{"@type":"ListItem","position":3,"name":"Unsere Marken","item":"https:\/\/teiaeducation.ch\/de\/produkt-kategorie\/unsere-marken\/"},{"@type":"ListItem","position":4,"name":"SINA Spielzeug","item":"https:\/\/teiaeducation.ch\/de\/produkt-kategorie\/unsere-marken\/sina-spielzeug-de\/"},{"@type":"ListItem","position":5,"name":"Froebel Gaben &amp; Spielmaterial","item":"https:\/\/teiaeducation.ch\/de\/produkt-kategorie\/unsere-marken\/sina-spielzeug-de\/froebel-gaben-spielmaterial\/"},{"@type":"ListItem","position":6,"name":"Froebel Gabe 7-1 &#8211; SINA Spielzeug"}]},{"@type":"WebSite","@id":"https:\/\/teiaeducation.ch\/de\/#website","url":"https:\/\/teiaeducation.ch\/de\/","name":"Sustainable Educational Products &amp; Ecological Toys\u00a0","description":"Specialised Swiss shop selling sustainable educational toys and games, AMI certified Montessori materials, handmade ecological wooden Waldorf toys and arts &amp; crafts supplies, school supplies, children&#039;s furniture and Montessori reference and parenting books.","publisher":{"@id":"https:\/\/teiaeducation.ch\/de\/#organization"},"alternateName":"Teia Education & Play","potentialAction":[{"@type":"SearchAction","target":{"@type":"EntryPoint","urlTemplate":"https:\/\/teiaeducation.ch\/de\/?s={search_term_string}"},"query-input":{"@type":"PropertyValueSpecification","valueRequired":true,"valueName":"search_term_string"}}],"inLanguage":"de-CH"},{"@type":"Organization","@id":"https:\/\/teiaeducation.ch\/de\/#organization","name":"Teia Education & Play","url":"https:\/\/teiaeducation.ch\/de\/","logo":{"@type":"ImageObject","inLanguage":"de-CH","@id":"https:\/\/teiaeducation.ch\/de\/#\/schema\/logo\/image\/","url":"https:\/\/teiaeducation.ch\/wp-content\/uploads\/2020\/11\/Teia-Education-Switzerland-e1620156442216.jpg","contentUrl":"https:\/\/teiaeducation.ch\/wp-content\/uploads\/2020\/11\/Teia-Education-Switzerland-e1620156442216.jpg","width":166,"height":145,"caption":"Teia Education & Play"},"image":{"@id":"https:\/\/teiaeducation.ch\/de\/#\/schema\/logo\/image\/"},"sameAs":["https:\/\/www.facebook.com\/teiaeducation\/","https:\/\/x.com\/EducationTeia","https:\/\/www.instagram.com\/teia.education\/","https:\/\/www.linkedin.com\/company\/35501660","https:\/\/www.pinterest.ch\/TeiaEducation\/"]}]}},"_links":{"self":[{"href":"https:\/\/teiaeducation.ch\/de\/wp-json\/wp\/v2\/product\/59162","targetHints":{"allow":["GET"]}}],"collection":[{"href":"https:\/\/teiaeducation.ch\/de\/wp-json\/wp\/v2\/product"}],"about":[{"href":"https:\/\/teiaeducation.ch\/de\/wp-json\/wp\/v2\/types\/product"}],"replies":[{"embeddable":true,"href":"https:\/\/teiaeducation.ch\/de\/wp-json\/wp\/v2\/comments?post=59162"}],"wp:featuredmedia":[{"embeddable":true,"href":"https:\/\/teiaeducation.ch\/de\/wp-json\/wp\/v2\/media\/44818"}],"wp:attachment":[{"href":"https:\/\/teiaeducation.ch\/de\/wp-json\/wp\/v2\/media?parent=59162"}],"wp:term":[{"taxonomy":"product_brand","embeddable":true,"href":"https:\/\/teiaeducation.ch\/de\/wp-json\/wp\/v2\/product_brand?post=59162"},{"taxonomy":"product_cat","embeddable":true,"href":"https:\/\/teiaeducation.ch\/de\/wp-json\/wp\/v2\/product_cat?post=59162"},{"taxonomy":"product_tag","embeddable":true,"href":"https:\/\/teiaeducation.ch\/de\/wp-json\/wp\/v2\/product_tag?post=59162"}],"curies":[{"name":"wp","href":"https:\/\/api.w.org\/{rel}","templated":true}]}}