{"id":59174,"date":"2022-02-28T12:23:08","date_gmt":"2022-02-28T11:23:08","guid":{"rendered":"https:\/\/teiaeducation.ch\/product\/froebel-gabe-geschenk-5b-goldammer-sina-spielzeug\/"},"modified":"2025-12-11T18:20:22","modified_gmt":"2025-12-11T17:20:22","slug":"froebel-gabe-geschenk-5b-goldammer-sina-spielzeug","status":"publish","type":"product","link":"https:\/\/teiaeducation.ch\/de\/produkt\/froebel-gabe-geschenk-5b-goldammer-sina-spielzeug\/","title":{"rendered":"Froebel Gabe \/ Geschenk 5b Goldammer &#8211; SINA Spielzeug"},"content":{"rendered":"<p>Die SINA Spielzeug Froebel Gabe 5b Goldammer ist eine abgewandelte Version der f\u00fcnften Froebelschen Gabe. Sie enth\u00e4lt runde Formen, die in der w\u00fcrfelf\u00f6rmigen Gabe 5 eingeschlossen sind. Diese Dose von Goldammer, einem Kenner und Verehrer von <a href=\"https:\/\/teiaeducation.ch\/de\/produkt-kategorie\/lernmaterialien-spielzeug-montessori-waldorf-steiner-froebel\/friedrich-froebel\/\">Friedrich Froebel<\/a>, kann auf verschiedene Weise verwendet werden. Es kann keine ganzheitliche K\u00f6rpereinheit bilden &#8211; wie Froebels Gaben -, bietet aber viel mehr M\u00f6glichkeiten f\u00fcr das Kind zu erforschen und erlaubt realistischere Geb\u00e4ude und Strukturen. Diese SINA Spielzeug Froebel Gabe aus der Friedrich Froebel Spielgeschenkeserie aus Holz bietet mehr Teile und Abwechslung. Er teilt den W\u00fcrfel aus Gabe 2 in 12 W\u00fcrfel (25 x 25 x 25mm), 8 ausgeh\u00f6hlte W\u00fcrfel, 12 halbe W\u00fcrfel und 12 Viertelw\u00fcrfel, die diagonal geteilt werden.<\/p>\n<p>Um das Ganze zu verstehen, wird die Holzkiste von Gabe 5b auf den Kopf gestellt. Die Schachtel wird vorsichtig abgehoben, und zum Vorschein kommt der W\u00fcrfel aus Gabe 2, der nun aus Halb- und Viertelw\u00fcrfeln besteht, die eine dreieckige Form ergeben. Dieses Ritual ist ein wichtiger Teil des Spiels mit Gaben 3 bis 6, da das Verteilen der Bl\u00f6cke den geteilten W\u00fcrfel zun\u00e4chst nicht als Ganzes zeigt.<\/p>\n<p>Das dem Spiel mit Gabe 5b zugrunde liegende Konzept besteht aus einer Einheit von Teilen, die sich durch verschiedene Formen bewegen, bevor sie durch Wiederholung des Zyklus zum Ganzen zur\u00fcckkehren. Diese Idee weckt ein fr\u00fches Verst\u00e4ndnis f\u00fcr das eigene Leben und den Zyklus des Kindes.<\/p>\n<p>Dieses Lernspielzeug ist f\u00fcr Kinder ab 5 Jahren geeignet und f\u00f6rdert die logische und geordnete Entwicklung von Ideen. Gabe 5b f\u00f6rdert die Differenzierung und das symbolische Spiel und entwickelt <a href=\"https:\/\/teiaeducation.ch\/de\/produkt-kategorie\/lernthemen\/mathematik-rechnen\/\">mathematische<\/a> F\u00e4higkeiten wie Sortieren, Z\u00e4hlen, Rechenoperationen, Grundverst\u00e4ndnis von Br\u00fcchen durch Teile eines Ganzen und erweitert den Wortschatz. Sie kann auch zur Darstellung abstrakterer mathematischer Konzepte wie dem Satz des Pythagoras verwendet werden.<\/p>\n<p>Zusammengenommen bieten Gaben 3 bis 6 dem Kind alle Arten und Formen von Holzkl\u00f6tzen, die zum Bauen ben\u00f6tigt werden, was die Verwendung von Gaben \u00fcber den Unterricht hinaus zu einem umfassenden und traditionellen Holzklotzenset macht.<\/p>\n<p>Die deutsche Spielzeugmarke <a href=\"https:\/\/teiaeducation.ch\/de\/produkt-kategorie\/unsere-marken\/sina-spielzeug-de\/\">SINA Spielzeug<\/a> stellt seit \u00fcber 30 Jahren Holzspielzeug von h\u00f6chster Qualit\u00e4t her, das Erwachsene und Kinder zum gemeinsamen Spielen anregen soll. SINA Spielzeug hat eine starke regionale Identit\u00e4t und besch\u00e4ftigt einheimische Handwerker, die in der Region aufgewachsen sind und sich zum Naturmaterial Holz hingezogen f\u00fchlen und der Marke Verspieltheit, Fr\u00f6hlichkeit und Herzlichkeit einhauchen.<\/p>\n<p>Alle SINA Spielzeuge werden in der firmeneigenen Werkstatt in Neuhausen\/Erzgebirge, Deutschland, entworfen und von Hand gefertigt. Mit gr\u00f6\u00dfter Sorgfalt entwickelt und hergestellt, tr\u00e4gt jedes SINA Produkt das CE-Zeichen und erf\u00fcllt alle gesetzlichen Anforderungen der europ\u00e4ischen Spielzeugrichtlinie 2009\/48\/EG und der EN 71 f\u00fcr die Sicherheit von Spielzeug. Mehrere der SINA Spielzeuge sind mit dem <a href=\"https:\/\/www.spielgut.de\">Spielgut\u00ae<\/a>-Siegel ausgezeichnet worden.<\/p>\n<p>Von den Rohstofflieferanten werden hohe Sicherheits- und Ethikstandards sowie die Garantie verlangt, dass alle Materialien und Bestandteile f\u00fcr Kinder sicher und frei von Giftstoffen sind. SINA ist ein Familienunternehmen, dessen Sortiment didaktisches <a href=\"https:\/\/teiaeducation.ch\/de\/produkt-kategorie\/kinder-spielzeug\/handgefertigtes-holzspielzeug\/\">Holzspielzeug<\/a>, Holzspielger\u00e4te f\u00fcr therapeutische Zwecke und Spielger\u00e4te einschlie\u00dflich der <a href=\"https:\/\/teiaeducation.ch\/de\/produkt-kategorie\/unsere-marken\/sina-spielzeug-de\/froebel-gaben-spielmaterial\/\">Geschenke<\/a> der <a href=\"https:\/\/teiaeducation.ch\/2022\/05\/24\/who-was-froebel-and-what-are-froebels-gifts\/\">Froebel-P\u00e4dagogik<\/a> umfasst.<\/p>\n<p>SINA Spielzeug ist Mitglied im <a href=\"https:\/\/www.dvsi.de\">Deutschen Verband der Spielwarenindustrie<\/a>, in der <a href=\"https:\/\/gutesholzspielzeug.de\">Fachgruppe Holzspielzeug<\/a> und im <a href=\"https:\/\/www.pfv.info\">Pestalozzi-Froebel-Verband<\/a>.<\/p>\n<p>Die SINA Spielzeug Froebel Gabe 5b ist f\u00fcr Kinder ab 5 Jahren geeignet.<\/p>\n<p>Inhalt:<\/p>\n<p>12 massive Holzw\u00fcrfel (25 x 25 x 25mm)<br \/>\n8 ausgeh\u00f6hlte W\u00fcrfel<br \/>\n12 halbe W\u00fcrfel<br \/>\n12 Viertelw\u00fcrfel diagonal geteilt<br \/>\n1 Holzkiste zur Pr\u00e4sentation und Aufbewahrung<\/p>\n","protected":false},"excerpt":{"rendered":"<p>Artikelnummer: <span data-sheets-value=\"{\" data-sheets-userformat=\"{\">25007<\/span><\/p>\n<p>SINA Spielzeug Froebel Gabe Version Goldammer 5b aus den Original-Spielgaben von Friedrich Froebel bietet viele M\u00f6glichkeiten zum Entdecken und Bauen.<\/p>\n","protected":false},"featured_media":44789,"comment_status":"open","ping_status":"closed","template":"","meta":[],"product_brand":[],"product_cat":[21445,21446,21704,21479,21550,21480,21663,21544,21509,21537,21443,21563,21494,21496,21557,21661,21562,21695,21678,21564],"product_tag":[27941,27955,27952,27953,27940,27930,27939],"class_list":{"0":"post-59174","1":"product","2":"type-product","3":"status-publish","4":"has-post-thumbnail","6":"product_cat-3-6-jahre-vorschule","7":"product_cat-6-12-jahre-grundschule","8":"product_cat-baukloetze-aus-holz","9":"product_cat-lernmaterialien-spielzeug-montessori-waldorf-steiner-froebel","10":"product_cat-formen","11":"product_cat-friedrich-froebel","12":"product_cat-froebel-gaben-spielmaterial","13":"product_cat-geometrie-de","14":"product_cat-lernthemen","15":"product_cat-mathematik-rechnen","16":"product_cat-nach-alter","17":"product_cat-neuheiten","18":"product_cat-schulbedarf-fuer-zuhause","19":"product_cat-schulbedarf-fuer-zuhause-6-12-jahre","20":"product_cat-sensorische-motorische-fertigkeiten","21":"product_cat-sina-spielzeug-de","22":"product_cat-sinne","23":"product_cat-sinnliches-spiel","24":"product_cat-kinder-spielzeug","25":"product_cat-unsere-marken","26":"product_tag-friedrich-froebel-gabe-de","27":"product_tag-froebel-gabe-5b-de","28":"product_tag-froebel-geschenke-de-2","29":"product_tag-original-friedrich-froebel-geschenk","30":"product_tag-sina-spielgeschenke","31":"product_tag-sina-spielzeug-de","32":"product_tag-sina-spielzeug-schweiz","34":"first","35":"instock","36":"taxable","37":"shipping-taxable","38":"purchasable","39":"product-type-simple"},"yoast_head":"<!-- This site is optimized with the Yoast SEO plugin v27.1.1 - https:\/\/yoast.com\/product\/yoast-seo-wordpress\/ -->\n<title>Froebel Gabe \/ Geschenk 5b Goldammer - SINA Spielzeug<\/title>\n<meta name=\"description\" content=\"SINA Spielzeug Froebel Gabe Version Goldammer 5b aus den Original-Spielgaben von Friedrich Froebel bietet viele M\u00f6glichkeiten zum Entdecken und Bauen\" \/>\n<meta name=\"robots\" content=\"index, follow, max-snippet:-1, max-image-preview:large, max-video-preview:-1\" \/>\n<link rel=\"canonical\" href=\"https:\/\/teiaeducation.ch\/de\/produkt\/froebel-gabe-geschenk-5b-goldammer-sina-spielzeug\/\" \/>\n<meta property=\"og:locale\" content=\"de_DE\" \/>\n<meta property=\"og:type\" content=\"article\" \/>\n<meta property=\"og:title\" content=\"Froebel Gabe \/ Geschenk 5b Goldammer - SINA Spielzeug\" \/>\n<meta property=\"og:description\" content=\"SINA Spielzeug Froebel Gabe Version Goldammer 5b aus den Original-Spielgaben von Friedrich Froebel bietet viele M\u00f6glichkeiten zum Entdecken und Bauen\" \/>\n<meta property=\"og:url\" content=\"https:\/\/teiaeducation.ch\/de\/produkt\/froebel-gabe-geschenk-5b-goldammer-sina-spielzeug\/\" \/>\n<meta property=\"og:site_name\" content=\"Sustainable Educational Products &amp; Ecological Toys\u00a0\" \/>\n<meta property=\"article:publisher\" content=\"https:\/\/www.facebook.com\/teiaeducation\/\" \/>\n<meta property=\"article:modified_time\" content=\"2025-12-11T17:20:22+00:00\" \/>\n<meta property=\"og:image\" content=\"https:\/\/teiaeducation.ch\/wp-content\/uploads\/2022\/02\/SINA-Spielzeug-original-Gabe-5b-Friedrich-Froebel-series-of-wooden-playing-gifts.jpg\" \/>\n\t<meta property=\"og:image:width\" content=\"900\" \/>\n\t<meta property=\"og:image:height\" content=\"900\" \/>\n\t<meta property=\"og:image:type\" content=\"image\/jpeg\" \/>\n<script type=\"application\/ld+json\" class=\"yoast-schema-graph\">{\"@context\":\"https:\/\/schema.org\",\"@graph\":[{\"@type\":\"WebPage\",\"@id\":\"https:\/\/teiaeducation.ch\/de\/produkt\/froebel-gabe-geschenk-5b-goldammer-sina-spielzeug\/\",\"url\":\"https:\/\/teiaeducation.ch\/de\/produkt\/froebel-gabe-geschenk-5b-goldammer-sina-spielzeug\/\",\"name\":\"Froebel Gabe \/ Geschenk 5b Goldammer - SINA Spielzeug\",\"isPartOf\":{\"@id\":\"https:\/\/teiaeducation.ch\/de\/#website\"},\"primaryImageOfPage\":{\"@id\":\"https:\/\/teiaeducation.ch\/de\/produkt\/froebel-gabe-geschenk-5b-goldammer-sina-spielzeug\/#primaryimage\"},\"image\":{\"@id\":\"https:\/\/teiaeducation.ch\/de\/produkt\/froebel-gabe-geschenk-5b-goldammer-sina-spielzeug\/#primaryimage\"},\"thumbnailUrl\":\"https:\/\/teiaeducation.ch\/wp-content\/uploads\/2022\/02\/SINA-Spielzeug-original-Gabe-5b-Friedrich-Froebel-series-of-wooden-playing-gifts.jpg\",\"datePublished\":\"2022-02-28T11:23:08+00:00\",\"dateModified\":\"2025-12-11T17:20:22+00:00\",\"description\":\"SINA Spielzeug Froebel Gabe Version Goldammer 5b aus den Original-Spielgaben von Friedrich Froebel bietet viele M\u00f6glichkeiten zum Entdecken und Bauen\",\"breadcrumb\":{\"@id\":\"https:\/\/teiaeducation.ch\/de\/produkt\/froebel-gabe-geschenk-5b-goldammer-sina-spielzeug\/#breadcrumb\"},\"inLanguage\":\"de-CH\",\"potentialAction\":[{\"@type\":\"ReadAction\",\"target\":[\"https:\/\/teiaeducation.ch\/de\/produkt\/froebel-gabe-geschenk-5b-goldammer-sina-spielzeug\/\"]}]},{\"@type\":\"ImageObject\",\"inLanguage\":\"de-CH\",\"@id\":\"https:\/\/teiaeducation.ch\/de\/produkt\/froebel-gabe-geschenk-5b-goldammer-sina-spielzeug\/#primaryimage\",\"url\":\"https:\/\/teiaeducation.ch\/wp-content\/uploads\/2022\/02\/SINA-Spielzeug-original-Gabe-5b-Friedrich-Froebel-series-of-wooden-playing-gifts.jpg\",\"contentUrl\":\"https:\/\/teiaeducation.ch\/wp-content\/uploads\/2022\/02\/SINA-Spielzeug-original-Gabe-5b-Friedrich-Froebel-series-of-wooden-playing-gifts.jpg\",\"width\":900,\"height\":900,\"caption\":\"SINA Spielzeug Froebel Gabe 5b aus der Friedrich Froebel Serie der Holzspielwaren\"},{\"@type\":\"BreadcrumbList\",\"@id\":\"https:\/\/teiaeducation.ch\/de\/produkt\/froebel-gabe-geschenk-5b-goldammer-sina-spielzeug\/#breadcrumb\",\"itemListElement\":[{\"@type\":\"ListItem\",\"position\":1,\"name\":\"Home\",\"item\":\"https:\/\/teiaeducation.ch\/de\/\"},{\"@type\":\"ListItem\",\"position\":2,\"name\":\"Laden\",\"item\":\"https:\/\/teiaeducation.ch\/de\/shop\/\"},{\"@type\":\"ListItem\",\"position\":3,\"name\":\"Unsere Marken\",\"item\":\"https:\/\/teiaeducation.ch\/de\/produkt-kategorie\/unsere-marken\/\"},{\"@type\":\"ListItem\",\"position\":4,\"name\":\"SINA Spielzeug\",\"item\":\"https:\/\/teiaeducation.ch\/de\/produkt-kategorie\/unsere-marken\/sina-spielzeug-de\/\"},{\"@type\":\"ListItem\",\"position\":5,\"name\":\"Froebel Gaben &amp; Spielmaterial\",\"item\":\"https:\/\/teiaeducation.ch\/de\/produkt-kategorie\/unsere-marken\/sina-spielzeug-de\/froebel-gaben-spielmaterial\/\"},{\"@type\":\"ListItem\",\"position\":6,\"name\":\"Froebel Gabe \/ Geschenk 5b Goldammer &#8211; SINA Spielzeug\"}]},{\"@type\":\"WebSite\",\"@id\":\"https:\/\/teiaeducation.ch\/de\/#website\",\"url\":\"https:\/\/teiaeducation.ch\/de\/\",\"name\":\"Sustainable Educational Products &amp; Ecological Toys\u00a0\",\"description\":\"Specialised Swiss shop selling sustainable educational toys and games, AMI certified Montessori materials, handmade ecological wooden Waldorf toys and arts &amp; crafts supplies, school supplies, children&#039;s furniture and Montessori reference and parenting books.\",\"publisher\":{\"@id\":\"https:\/\/teiaeducation.ch\/de\/#organization\"},\"alternateName\":\"Teia Education & Play\",\"potentialAction\":[{\"@type\":\"SearchAction\",\"target\":{\"@type\":\"EntryPoint\",\"urlTemplate\":\"https:\/\/teiaeducation.ch\/de\/?s={search_term_string}\"},\"query-input\":{\"@type\":\"PropertyValueSpecification\",\"valueRequired\":true,\"valueName\":\"search_term_string\"}}],\"inLanguage\":\"de-CH\"},{\"@type\":\"Organization\",\"@id\":\"https:\/\/teiaeducation.ch\/de\/#organization\",\"name\":\"Teia Education & Play\",\"url\":\"https:\/\/teiaeducation.ch\/de\/\",\"logo\":{\"@type\":\"ImageObject\",\"inLanguage\":\"de-CH\",\"@id\":\"https:\/\/teiaeducation.ch\/de\/#\/schema\/logo\/image\/\",\"url\":\"https:\/\/teiaeducation.ch\/wp-content\/uploads\/2020\/11\/Teia-Education-Switzerland-e1620156442216.jpg\",\"contentUrl\":\"https:\/\/teiaeducation.ch\/wp-content\/uploads\/2020\/11\/Teia-Education-Switzerland-e1620156442216.jpg\",\"width\":166,\"height\":145,\"caption\":\"Teia Education & Play\"},\"image\":{\"@id\":\"https:\/\/teiaeducation.ch\/de\/#\/schema\/logo\/image\/\"},\"sameAs\":[\"https:\/\/www.facebook.com\/teiaeducation\/\",\"https:\/\/x.com\/EducationTeia\",\"https:\/\/www.instagram.com\/teia.education\/\",\"https:\/\/www.linkedin.com\/company\/35501660\",\"https:\/\/www.pinterest.ch\/TeiaEducation\/\"]}]}<\/script>\n<!-- \/ Yoast SEO plugin. -->","yoast_head_json":{"title":"Froebel Gabe \/ Geschenk 5b Goldammer - SINA Spielzeug","description":"SINA Spielzeug Froebel Gabe Version Goldammer 5b aus den Original-Spielgaben von Friedrich Froebel bietet viele M\u00f6glichkeiten zum Entdecken und Bauen","robots":{"index":"index","follow":"follow","max-snippet":"max-snippet:-1","max-image-preview":"max-image-preview:large","max-video-preview":"max-video-preview:-1"},"canonical":"https:\/\/teiaeducation.ch\/de\/produkt\/froebel-gabe-geschenk-5b-goldammer-sina-spielzeug\/","og_locale":"de_DE","og_type":"article","og_title":"Froebel Gabe \/ Geschenk 5b Goldammer - SINA Spielzeug","og_description":"SINA Spielzeug Froebel Gabe Version Goldammer 5b aus den Original-Spielgaben von Friedrich Froebel bietet viele M\u00f6glichkeiten zum Entdecken und Bauen","og_url":"https:\/\/teiaeducation.ch\/de\/produkt\/froebel-gabe-geschenk-5b-goldammer-sina-spielzeug\/","og_site_name":"Sustainable Educational Products &amp; Ecological Toys\u00a0","article_publisher":"https:\/\/www.facebook.com\/teiaeducation\/","article_modified_time":"2025-12-11T17:20:22+00:00","og_image":[{"width":900,"height":900,"url":"https:\/\/teiaeducation.ch\/wp-content\/uploads\/2022\/02\/SINA-Spielzeug-original-Gabe-5b-Friedrich-Froebel-series-of-wooden-playing-gifts.jpg","type":"image\/jpeg"}],"schema":{"@context":"https:\/\/schema.org","@graph":[{"@type":"WebPage","@id":"https:\/\/teiaeducation.ch\/de\/produkt\/froebel-gabe-geschenk-5b-goldammer-sina-spielzeug\/","url":"https:\/\/teiaeducation.ch\/de\/produkt\/froebel-gabe-geschenk-5b-goldammer-sina-spielzeug\/","name":"Froebel Gabe \/ Geschenk 5b Goldammer - SINA Spielzeug","isPartOf":{"@id":"https:\/\/teiaeducation.ch\/de\/#website"},"primaryImageOfPage":{"@id":"https:\/\/teiaeducation.ch\/de\/produkt\/froebel-gabe-geschenk-5b-goldammer-sina-spielzeug\/#primaryimage"},"image":{"@id":"https:\/\/teiaeducation.ch\/de\/produkt\/froebel-gabe-geschenk-5b-goldammer-sina-spielzeug\/#primaryimage"},"thumbnailUrl":"https:\/\/teiaeducation.ch\/wp-content\/uploads\/2022\/02\/SINA-Spielzeug-original-Gabe-5b-Friedrich-Froebel-series-of-wooden-playing-gifts.jpg","datePublished":"2022-02-28T11:23:08+00:00","dateModified":"2025-12-11T17:20:22+00:00","description":"SINA Spielzeug Froebel Gabe Version Goldammer 5b aus den Original-Spielgaben von Friedrich Froebel bietet viele M\u00f6glichkeiten zum Entdecken und Bauen","breadcrumb":{"@id":"https:\/\/teiaeducation.ch\/de\/produkt\/froebel-gabe-geschenk-5b-goldammer-sina-spielzeug\/#breadcrumb"},"inLanguage":"de-CH","potentialAction":[{"@type":"ReadAction","target":["https:\/\/teiaeducation.ch\/de\/produkt\/froebel-gabe-geschenk-5b-goldammer-sina-spielzeug\/"]}]},{"@type":"ImageObject","inLanguage":"de-CH","@id":"https:\/\/teiaeducation.ch\/de\/produkt\/froebel-gabe-geschenk-5b-goldammer-sina-spielzeug\/#primaryimage","url":"https:\/\/teiaeducation.ch\/wp-content\/uploads\/2022\/02\/SINA-Spielzeug-original-Gabe-5b-Friedrich-Froebel-series-of-wooden-playing-gifts.jpg","contentUrl":"https:\/\/teiaeducation.ch\/wp-content\/uploads\/2022\/02\/SINA-Spielzeug-original-Gabe-5b-Friedrich-Froebel-series-of-wooden-playing-gifts.jpg","width":900,"height":900,"caption":"SINA Spielzeug Froebel Gabe 5b aus der Friedrich Froebel Serie der Holzspielwaren"},{"@type":"BreadcrumbList","@id":"https:\/\/teiaeducation.ch\/de\/produkt\/froebel-gabe-geschenk-5b-goldammer-sina-spielzeug\/#breadcrumb","itemListElement":[{"@type":"ListItem","position":1,"name":"Home","item":"https:\/\/teiaeducation.ch\/de\/"},{"@type":"ListItem","position":2,"name":"Laden","item":"https:\/\/teiaeducation.ch\/de\/shop\/"},{"@type":"ListItem","position":3,"name":"Unsere Marken","item":"https:\/\/teiaeducation.ch\/de\/produkt-kategorie\/unsere-marken\/"},{"@type":"ListItem","position":4,"name":"SINA Spielzeug","item":"https:\/\/teiaeducation.ch\/de\/produkt-kategorie\/unsere-marken\/sina-spielzeug-de\/"},{"@type":"ListItem","position":5,"name":"Froebel Gaben &amp; Spielmaterial","item":"https:\/\/teiaeducation.ch\/de\/produkt-kategorie\/unsere-marken\/sina-spielzeug-de\/froebel-gaben-spielmaterial\/"},{"@type":"ListItem","position":6,"name":"Froebel Gabe \/ Geschenk 5b Goldammer &#8211; SINA Spielzeug"}]},{"@type":"WebSite","@id":"https:\/\/teiaeducation.ch\/de\/#website","url":"https:\/\/teiaeducation.ch\/de\/","name":"Sustainable Educational Products &amp; Ecological Toys\u00a0","description":"Specialised Swiss shop selling sustainable educational toys and games, AMI certified Montessori materials, handmade ecological wooden Waldorf toys and arts &amp; crafts supplies, school supplies, children&#039;s furniture and Montessori reference and parenting books.","publisher":{"@id":"https:\/\/teiaeducation.ch\/de\/#organization"},"alternateName":"Teia Education & Play","potentialAction":[{"@type":"SearchAction","target":{"@type":"EntryPoint","urlTemplate":"https:\/\/teiaeducation.ch\/de\/?s={search_term_string}"},"query-input":{"@type":"PropertyValueSpecification","valueRequired":true,"valueName":"search_term_string"}}],"inLanguage":"de-CH"},{"@type":"Organization","@id":"https:\/\/teiaeducation.ch\/de\/#organization","name":"Teia Education & Play","url":"https:\/\/teiaeducation.ch\/de\/","logo":{"@type":"ImageObject","inLanguage":"de-CH","@id":"https:\/\/teiaeducation.ch\/de\/#\/schema\/logo\/image\/","url":"https:\/\/teiaeducation.ch\/wp-content\/uploads\/2020\/11\/Teia-Education-Switzerland-e1620156442216.jpg","contentUrl":"https:\/\/teiaeducation.ch\/wp-content\/uploads\/2020\/11\/Teia-Education-Switzerland-e1620156442216.jpg","width":166,"height":145,"caption":"Teia Education & Play"},"image":{"@id":"https:\/\/teiaeducation.ch\/de\/#\/schema\/logo\/image\/"},"sameAs":["https:\/\/www.facebook.com\/teiaeducation\/","https:\/\/x.com\/EducationTeia","https:\/\/www.instagram.com\/teia.education\/","https:\/\/www.linkedin.com\/company\/35501660","https:\/\/www.pinterest.ch\/TeiaEducation\/"]}]}},"_links":{"self":[{"href":"https:\/\/teiaeducation.ch\/de\/wp-json\/wp\/v2\/product\/59174","targetHints":{"allow":["GET"]}}],"collection":[{"href":"https:\/\/teiaeducation.ch\/de\/wp-json\/wp\/v2\/product"}],"about":[{"href":"https:\/\/teiaeducation.ch\/de\/wp-json\/wp\/v2\/types\/product"}],"replies":[{"embeddable":true,"href":"https:\/\/teiaeducation.ch\/de\/wp-json\/wp\/v2\/comments?post=59174"}],"wp:featuredmedia":[{"embeddable":true,"href":"https:\/\/teiaeducation.ch\/de\/wp-json\/wp\/v2\/media\/44789"}],"wp:attachment":[{"href":"https:\/\/teiaeducation.ch\/de\/wp-json\/wp\/v2\/media?parent=59174"}],"wp:term":[{"taxonomy":"product_brand","embeddable":true,"href":"https:\/\/teiaeducation.ch\/de\/wp-json\/wp\/v2\/product_brand?post=59174"},{"taxonomy":"product_cat","embeddable":true,"href":"https:\/\/teiaeducation.ch\/de\/wp-json\/wp\/v2\/product_cat?post=59174"},{"taxonomy":"product_tag","embeddable":true,"href":"https:\/\/teiaeducation.ch\/de\/wp-json\/wp\/v2\/product_tag?post=59174"}],"curies":[{"name":"wp","href":"https:\/\/api.w.org\/{rel}","templated":true}]}}