{"id":59182,"date":"2022-02-28T10:05:13","date_gmt":"2022-02-28T09:05:13","guid":{"rendered":"https:\/\/teiaeducation.ch\/product\/froebel-gabe-geschenk-1-sina-spielzeug\/"},"modified":"2025-06-17T17:18:43","modified_gmt":"2025-06-17T15:18:43","slug":"froebel-gabe-geschenk-1-sina-spielzeug","status":"publish","type":"product","link":"https:\/\/teiaeducation.ch\/de\/produkt\/froebel-gabe-geschenk-1-sina-spielzeug\/","title":{"rendered":"Froebel Gabe 1 &#8211; SINA Spielzeug"},"content":{"rendered":"<p>Gabe 1 aus dem Original SINA Spielzeugsortiment nach den Originalvorlagen von <a href=\"https:\/\/teiaeducation.ch\/product-category\/education-method\/froebel\/\">Friedrich Froebel<\/a> besteht aus 6 gestickten Strickgarnkugeln mit einem Durchmesser von ca. 4 cm und geschlungenen Schn\u00fcren. Die ersten drei Stoffkugeln sind in den Prim\u00e4rfarben Rot, Gelb und Blau und die anderen drei in den Sekund\u00e4rfarben Gr\u00fcn, Orange und Violett. Zusammen stellen die sechs Kugeln die Farben des Regenbogens dar.<\/p>\n<p>Die H\u00e4kelkugeln sind weich und geben beim Halten nach. Sie sind leicht, so dass ein kleines Kind sie leicht greifen und mit einer Hand gut halten kann. Die geschlungenen Schn\u00fcre erm\u00f6glichen weiteres Spielen und Erforschen mit den B\u00e4llen.<\/p>\n<p>Laut dem deutschen P\u00e4dagogen Friedrich Fr\u00f6bel, dem Begr\u00fcnder des Kindergartens, ist das erste oder liebste Spielzeug eines Kindes ein Ball. F\u00fcr ihn symbolisierte der Ball die Einheit, weil er eine vollst\u00e4ndige, ganze und reine Form ist.<\/p>\n<p>Spielen mit Gabe 1 f\u00fchrt das Kleinkind an die physische Welt heran und f\u00f6rdert die Interaktion und Bewegung durch Halten, Rollen, Werfen, Schwingen oder Beobachten des Balls. Dieses Lernspielzeug ist f\u00fcr Babys und Kleinkinder geeignet und f\u00f6rdert die <a href=\"https:\/\/teiaeducation.ch\/product-category\/learning-themes\/sensory-motor-skills\/\">motorischen F\u00e4higkeiten<\/a>, die Auge-Hand-Koordination und hilft ihnen, Formen, <a href=\"https:\/\/teiaeducation.ch\/product-category\/learning-themes\/sensory-motor-skills\/learning-about-colour\/\">Farben<\/a> und Bewegungen zu unterscheiden.<\/p>\n<p>Die deutsche Spielzeugmarke <a href=\"https:\/\/teiaeducation.ch\/product-category\/brands\/sina-spielzeug\/\">SINA Spielzeug<\/a> stellt seit \u00fcber 30 Jahren Holzspielzeug von h\u00f6chster Qualit\u00e4t her, das Erwachsene und Kinder zum gemeinsamen Spielen anregen soll. SINA Spielzeug hat eine starke regionale Identit\u00e4t und besch\u00e4ftigt einheimische Handwerker, die in der Region aufgewachsen sind und sich zum Naturmaterial Holz hingezogen f\u00fchlen und der Marke Verspieltheit, Fr\u00f6hlichkeit und Herzlichkeit einhauchen.<\/p>\n<p>Alle SINA Spielzeuge werden in der firmeneigenen Werkstatt in Neuhausen\/Erzgebirge, Deutschland, entworfen und von Hand gefertigt. Mit gr\u00f6\u00dfter Sorgfalt entwickelt und hergestellt, tr\u00e4gt jedes SINA Produkt das CE-Zeichen und erf\u00fcllt alle gesetzlichen Anforderungen der europ\u00e4ischen Spielzeugrichtlinie 2009\/48\/EG und der EN 71 f\u00fcr die Sicherheit von Spielzeug. Mehrere der SINA Spielzeuge sind mit dem <a href=\"https:\/\/www.spielgut.de\">Spielgut\u00ae<\/a>-Siegel ausgezeichnet worden.<\/p>\n<p>Von den Rohstofflieferanten werden hohe Sicherheits- und Ethikstandards sowie die Garantie verlangt, dass alle Materialien und Bestandteile f\u00fcr Kinder sicher und frei von Giftstoffen sind. SINA ist ein Familienunternehmen, dessen Sortiment didaktisches <a href=\"https:\/\/teiaeducation.ch\/product-category\/hgh-quality-toys-play\/handmade-wooden-toys\/\">Holzspielzeug<\/a>, Holzspielger\u00e4te f\u00fcr therapeutische Zwecke und Spielger\u00e4te einschlie\u00dflich der <a href=\"https:\/\/teiaeducation.ch\/product-category\/brands\/sina-spielzeug\/froebel-gaben-playing-items\/\">Geschenke<\/a> der <a href=\"https:\/\/teiaeducation.ch\/2022\/05\/24\/who-was-froebel-and-what-are-froebels-gifts\/\">Froebel-P\u00e4dagogik<\/a> umfasst.<\/p>\n<p>SINA Spielzeug ist Mitglied im <a href=\"https:\/\/www.dvsi.de\">Deutschen Verband der Spielwarenindustrie<\/a>, in der <a href=\"https:\/\/gutesholzspielzeug.de\">Fachgruppe Holzspielzeug<\/a> und im <a href=\"https:\/\/www.pfv.info\">Pestalozzi-Froebel-Verband<\/a>.<\/p>\n<p>Das SINA Spielzeug Froebel Gabe 1 ist f\u00fcr Kinder ab 1 Jahr geeignet.<\/p>\n<p>Inhalt:<\/p>\n<p>6 Garnkugeln<br \/>\n6 farbige F\u00e4den<br \/>\n1 Nadel<br \/>\n1 Holzrahmen aus St\u00e4ben<br \/>\n6 Holzst\u00e4bchen<br \/>\n1 Holzkiste zur Pr\u00e4sentation und Aufbewahrung<\/p>\n","protected":false},"excerpt":{"rendered":"<p>Artikelnummer: <span data-sheets-value=\"{\" data-sheets-userformat=\"{\">25300<\/span><\/p>\n<p>Die Gabe 1 aus dem SINA Spielzeugsortiment nach den Originalentw\u00fcrfen von Friedrich Froebel besteht aus 6 gestickten Garnkugeln.<\/p>\n","protected":false},"featured_media":44768,"comment_status":"open","ping_status":"closed","template":"","meta":[],"product_brand":[],"product_cat":[25967,21444,21479,21558,21480,21663,21485,21484,21509,21559,21443,21563,21494,21557,21661,21562,21695,21678,21497,21685,21564],"product_tag":[27961,27960,27962,27964,27930,27965,27966,27939,27963],"class_list":{"0":"post-59182","1":"product","2":"type-product","3":"status-publish","4":"has-post-thumbnail","6":"product_cat-0-12-monate-baby","7":"product_cat-1-3-jahre-kleinkind","8":"product_cat-lernmaterialien-spielzeug-montessori-waldorf-steiner-froebel","9":"product_cat-farbe-lernen","10":"product_cat-friedrich-froebel","11":"product_cat-froebel-gaben-spielmaterial","12":"product_cat-geschenk-guide-0-12-monate-baby","13":"product_cat-geschenk-guides","14":"product_cat-lernthemen","15":"product_cat-motorische-fertigkeiten","16":"product_cat-nach-alter","17":"product_cat-neuheiten","18":"product_cat-schulbedarf-fuer-zuhause","19":"product_cat-sensorische-motorische-fertigkeiten","20":"product_cat-sina-spielzeug-de","21":"product_cat-sinne","22":"product_cat-sinnliches-spiel","23":"product_cat-kinder-spielzeug","24":"product_cat-spielen-und-lernen-fuer-babys-kleinkinder","25":"product_cat-stoffspielzeug","26":"product_cat-unsere-marken","27":"product_tag-engel-spielzeug-aus-holz","28":"product_tag-musikalische-engel","29":"product_tag-musikalische-engel-de","30":"product_tag-sina-speilzeug-engel","31":"product_tag-sina-spielzeug-de","32":"product_tag-sina-spielzeug-musikalische-engel","33":"product_tag-sina-spielzeug-musikalische-engel-aus-holz","34":"product_tag-sina-spielzeug-schweiz","35":"product_tag-weihnachtsschmuck-fur-kinder","37":"first","38":"outofstock","39":"taxable","40":"shipping-taxable","41":"purchasable","42":"product-type-simple"},"yoast_head":"<!-- This site is optimized with the Yoast SEO plugin v27.1.1 - https:\/\/yoast.com\/product\/yoast-seo-wordpress\/ -->\n<title>Froebel Gabe \/ Geschenk 1 \u2013 SINA Spielzeug<\/title>\n<meta name=\"description\" content=\"Gabe 1 aus dem SINA Spielzeug-Sortiment nach den Originalvorlagen von Friedrich Froebel mit 6 gestickten Garnkugeln.\" \/>\n<meta name=\"robots\" content=\"index, follow, max-snippet:-1, max-image-preview:large, max-video-preview:-1\" \/>\n<link rel=\"canonical\" href=\"https:\/\/teiaeducation.ch\/de\/produkt\/froebel-gabe-geschenk-1-sina-spielzeug\/\" \/>\n<meta property=\"og:locale\" content=\"de_DE\" \/>\n<meta property=\"og:type\" content=\"article\" \/>\n<meta property=\"og:title\" content=\"Froebel Gabe \/ Geschenk 1 \u2013 SINA Spielzeug\" \/>\n<meta property=\"og:description\" content=\"Gabe 1 aus dem SINA Spielzeug-Sortiment nach den Originalvorlagen von Friedrich Froebel mit 6 gestickten Garnkugeln.\" \/>\n<meta property=\"og:url\" content=\"https:\/\/teiaeducation.ch\/de\/produkt\/froebel-gabe-geschenk-1-sina-spielzeug\/\" \/>\n<meta property=\"og:site_name\" content=\"Sustainable Educational Products &amp; Ecological Toys\u00a0\" \/>\n<meta property=\"article:publisher\" content=\"https:\/\/www.facebook.com\/teiaeducation\/\" \/>\n<meta property=\"article:modified_time\" content=\"2025-06-17T15:18:43+00:00\" \/>\n<meta property=\"og:image\" content=\"https:\/\/teiaeducation.ch\/wp-content\/uploads\/2022\/02\/SINA-Spielzeug-Friedrich-Froebel-Gabe-Gift-1_2.jpg\" \/>\n\t<meta property=\"og:image:width\" content=\"900\" \/>\n\t<meta property=\"og:image:height\" content=\"900\" \/>\n\t<meta property=\"og:image:type\" content=\"image\/jpeg\" \/>\n<script type=\"application\/ld+json\" class=\"yoast-schema-graph\">{\"@context\":\"https:\/\/schema.org\",\"@graph\":[{\"@type\":\"WebPage\",\"@id\":\"https:\/\/teiaeducation.ch\/de\/produkt\/froebel-gabe-geschenk-1-sina-spielzeug\/\",\"url\":\"https:\/\/teiaeducation.ch\/de\/produkt\/froebel-gabe-geschenk-1-sina-spielzeug\/\",\"name\":\"Froebel Gabe \/ Geschenk 1 \u2013 SINA Spielzeug\",\"isPartOf\":{\"@id\":\"https:\/\/teiaeducation.ch\/de\/#website\"},\"primaryImageOfPage\":{\"@id\":\"https:\/\/teiaeducation.ch\/de\/produkt\/froebel-gabe-geschenk-1-sina-spielzeug\/#primaryimage\"},\"image\":{\"@id\":\"https:\/\/teiaeducation.ch\/de\/produkt\/froebel-gabe-geschenk-1-sina-spielzeug\/#primaryimage\"},\"thumbnailUrl\":\"https:\/\/teiaeducation.ch\/wp-content\/uploads\/2022\/02\/SINA-Spielzeug-Friedrich-Froebel-Gabe-Gift-1_2.jpg\",\"datePublished\":\"2022-02-28T09:05:13+00:00\",\"dateModified\":\"2025-06-17T15:18:43+00:00\",\"description\":\"Gabe 1 aus dem SINA Spielzeug-Sortiment nach den Originalvorlagen von Friedrich Froebel mit 6 gestickten Garnkugeln.\",\"breadcrumb\":{\"@id\":\"https:\/\/teiaeducation.ch\/de\/produkt\/froebel-gabe-geschenk-1-sina-spielzeug\/#breadcrumb\"},\"inLanguage\":\"de-CH\",\"potentialAction\":[{\"@type\":\"ReadAction\",\"target\":[\"https:\/\/teiaeducation.ch\/de\/produkt\/froebel-gabe-geschenk-1-sina-spielzeug\/\"]}]},{\"@type\":\"ImageObject\",\"inLanguage\":\"de-CH\",\"@id\":\"https:\/\/teiaeducation.ch\/de\/produkt\/froebel-gabe-geschenk-1-sina-spielzeug\/#primaryimage\",\"url\":\"https:\/\/teiaeducation.ch\/wp-content\/uploads\/2022\/02\/SINA-Spielzeug-Friedrich-Froebel-Gabe-Gift-1_2.jpg\",\"contentUrl\":\"https:\/\/teiaeducation.ch\/wp-content\/uploads\/2022\/02\/SINA-Spielzeug-Friedrich-Froebel-Gabe-Gift-1_2.jpg\",\"width\":900,\"height\":900,\"caption\":\"SINA Spielzeug Friedrich Froebel Gabe Geschenk 1\"},{\"@type\":\"BreadcrumbList\",\"@id\":\"https:\/\/teiaeducation.ch\/de\/produkt\/froebel-gabe-geschenk-1-sina-spielzeug\/#breadcrumb\",\"itemListElement\":[{\"@type\":\"ListItem\",\"position\":1,\"name\":\"Home\",\"item\":\"https:\/\/teiaeducation.ch\/de\/\"},{\"@type\":\"ListItem\",\"position\":2,\"name\":\"Laden\",\"item\":\"https:\/\/teiaeducation.ch\/de\/shop\/\"},{\"@type\":\"ListItem\",\"position\":3,\"name\":\"Unsere Marken\",\"item\":\"https:\/\/teiaeducation.ch\/de\/produkt-kategorie\/unsere-marken\/\"},{\"@type\":\"ListItem\",\"position\":4,\"name\":\"SINA Spielzeug\",\"item\":\"https:\/\/teiaeducation.ch\/de\/produkt-kategorie\/unsere-marken\/sina-spielzeug-de\/\"},{\"@type\":\"ListItem\",\"position\":5,\"name\":\"Froebel Gaben &amp; Spielmaterial\",\"item\":\"https:\/\/teiaeducation.ch\/de\/produkt-kategorie\/unsere-marken\/sina-spielzeug-de\/froebel-gaben-spielmaterial\/\"},{\"@type\":\"ListItem\",\"position\":6,\"name\":\"Froebel Gabe 1 &#8211; SINA Spielzeug\"}]},{\"@type\":\"WebSite\",\"@id\":\"https:\/\/teiaeducation.ch\/de\/#website\",\"url\":\"https:\/\/teiaeducation.ch\/de\/\",\"name\":\"Sustainable Educational Products &amp; Ecological Toys\u00a0\",\"description\":\"Specialised Swiss shop selling sustainable educational toys and games, AMI certified Montessori materials, handmade ecological wooden Waldorf toys and arts &amp; crafts supplies, school supplies, children&#039;s furniture and Montessori reference and parenting books.\",\"publisher\":{\"@id\":\"https:\/\/teiaeducation.ch\/de\/#organization\"},\"alternateName\":\"Teia Education & Play\",\"potentialAction\":[{\"@type\":\"SearchAction\",\"target\":{\"@type\":\"EntryPoint\",\"urlTemplate\":\"https:\/\/teiaeducation.ch\/de\/?s={search_term_string}\"},\"query-input\":{\"@type\":\"PropertyValueSpecification\",\"valueRequired\":true,\"valueName\":\"search_term_string\"}}],\"inLanguage\":\"de-CH\"},{\"@type\":\"Organization\",\"@id\":\"https:\/\/teiaeducation.ch\/de\/#organization\",\"name\":\"Teia Education & Play\",\"url\":\"https:\/\/teiaeducation.ch\/de\/\",\"logo\":{\"@type\":\"ImageObject\",\"inLanguage\":\"de-CH\",\"@id\":\"https:\/\/teiaeducation.ch\/de\/#\/schema\/logo\/image\/\",\"url\":\"https:\/\/teiaeducation.ch\/wp-content\/uploads\/2020\/11\/Teia-Education-Switzerland-e1620156442216.jpg\",\"contentUrl\":\"https:\/\/teiaeducation.ch\/wp-content\/uploads\/2020\/11\/Teia-Education-Switzerland-e1620156442216.jpg\",\"width\":166,\"height\":145,\"caption\":\"Teia Education & Play\"},\"image\":{\"@id\":\"https:\/\/teiaeducation.ch\/de\/#\/schema\/logo\/image\/\"},\"sameAs\":[\"https:\/\/www.facebook.com\/teiaeducation\/\",\"https:\/\/x.com\/EducationTeia\",\"https:\/\/www.instagram.com\/teia.education\/\",\"https:\/\/www.linkedin.com\/company\/35501660\",\"https:\/\/www.pinterest.ch\/TeiaEducation\/\"]}]}<\/script>\n<!-- \/ Yoast SEO plugin. -->","yoast_head_json":{"title":"Froebel Gabe \/ Geschenk 1 \u2013 SINA Spielzeug","description":"Gabe 1 aus dem SINA Spielzeug-Sortiment nach den Originalvorlagen von Friedrich Froebel mit 6 gestickten Garnkugeln.","robots":{"index":"index","follow":"follow","max-snippet":"max-snippet:-1","max-image-preview":"max-image-preview:large","max-video-preview":"max-video-preview:-1"},"canonical":"https:\/\/teiaeducation.ch\/de\/produkt\/froebel-gabe-geschenk-1-sina-spielzeug\/","og_locale":"de_DE","og_type":"article","og_title":"Froebel Gabe \/ Geschenk 1 \u2013 SINA Spielzeug","og_description":"Gabe 1 aus dem SINA Spielzeug-Sortiment nach den Originalvorlagen von Friedrich Froebel mit 6 gestickten Garnkugeln.","og_url":"https:\/\/teiaeducation.ch\/de\/produkt\/froebel-gabe-geschenk-1-sina-spielzeug\/","og_site_name":"Sustainable Educational Products &amp; Ecological Toys\u00a0","article_publisher":"https:\/\/www.facebook.com\/teiaeducation\/","article_modified_time":"2025-06-17T15:18:43+00:00","og_image":[{"width":900,"height":900,"url":"https:\/\/teiaeducation.ch\/wp-content\/uploads\/2022\/02\/SINA-Spielzeug-Friedrich-Froebel-Gabe-Gift-1_2.jpg","type":"image\/jpeg"}],"schema":{"@context":"https:\/\/schema.org","@graph":[{"@type":"WebPage","@id":"https:\/\/teiaeducation.ch\/de\/produkt\/froebel-gabe-geschenk-1-sina-spielzeug\/","url":"https:\/\/teiaeducation.ch\/de\/produkt\/froebel-gabe-geschenk-1-sina-spielzeug\/","name":"Froebel Gabe \/ Geschenk 1 \u2013 SINA Spielzeug","isPartOf":{"@id":"https:\/\/teiaeducation.ch\/de\/#website"},"primaryImageOfPage":{"@id":"https:\/\/teiaeducation.ch\/de\/produkt\/froebel-gabe-geschenk-1-sina-spielzeug\/#primaryimage"},"image":{"@id":"https:\/\/teiaeducation.ch\/de\/produkt\/froebel-gabe-geschenk-1-sina-spielzeug\/#primaryimage"},"thumbnailUrl":"https:\/\/teiaeducation.ch\/wp-content\/uploads\/2022\/02\/SINA-Spielzeug-Friedrich-Froebel-Gabe-Gift-1_2.jpg","datePublished":"2022-02-28T09:05:13+00:00","dateModified":"2025-06-17T15:18:43+00:00","description":"Gabe 1 aus dem SINA Spielzeug-Sortiment nach den Originalvorlagen von Friedrich Froebel mit 6 gestickten Garnkugeln.","breadcrumb":{"@id":"https:\/\/teiaeducation.ch\/de\/produkt\/froebel-gabe-geschenk-1-sina-spielzeug\/#breadcrumb"},"inLanguage":"de-CH","potentialAction":[{"@type":"ReadAction","target":["https:\/\/teiaeducation.ch\/de\/produkt\/froebel-gabe-geschenk-1-sina-spielzeug\/"]}]},{"@type":"ImageObject","inLanguage":"de-CH","@id":"https:\/\/teiaeducation.ch\/de\/produkt\/froebel-gabe-geschenk-1-sina-spielzeug\/#primaryimage","url":"https:\/\/teiaeducation.ch\/wp-content\/uploads\/2022\/02\/SINA-Spielzeug-Friedrich-Froebel-Gabe-Gift-1_2.jpg","contentUrl":"https:\/\/teiaeducation.ch\/wp-content\/uploads\/2022\/02\/SINA-Spielzeug-Friedrich-Froebel-Gabe-Gift-1_2.jpg","width":900,"height":900,"caption":"SINA Spielzeug Friedrich Froebel Gabe Geschenk 1"},{"@type":"BreadcrumbList","@id":"https:\/\/teiaeducation.ch\/de\/produkt\/froebel-gabe-geschenk-1-sina-spielzeug\/#breadcrumb","itemListElement":[{"@type":"ListItem","position":1,"name":"Home","item":"https:\/\/teiaeducation.ch\/de\/"},{"@type":"ListItem","position":2,"name":"Laden","item":"https:\/\/teiaeducation.ch\/de\/shop\/"},{"@type":"ListItem","position":3,"name":"Unsere Marken","item":"https:\/\/teiaeducation.ch\/de\/produkt-kategorie\/unsere-marken\/"},{"@type":"ListItem","position":4,"name":"SINA Spielzeug","item":"https:\/\/teiaeducation.ch\/de\/produkt-kategorie\/unsere-marken\/sina-spielzeug-de\/"},{"@type":"ListItem","position":5,"name":"Froebel Gaben &amp; Spielmaterial","item":"https:\/\/teiaeducation.ch\/de\/produkt-kategorie\/unsere-marken\/sina-spielzeug-de\/froebel-gaben-spielmaterial\/"},{"@type":"ListItem","position":6,"name":"Froebel Gabe 1 &#8211; SINA Spielzeug"}]},{"@type":"WebSite","@id":"https:\/\/teiaeducation.ch\/de\/#website","url":"https:\/\/teiaeducation.ch\/de\/","name":"Sustainable Educational Products &amp; Ecological Toys\u00a0","description":"Specialised Swiss shop selling sustainable educational toys and games, AMI certified Montessori materials, handmade ecological wooden Waldorf toys and arts &amp; crafts supplies, school supplies, children&#039;s furniture and Montessori reference and parenting books.","publisher":{"@id":"https:\/\/teiaeducation.ch\/de\/#organization"},"alternateName":"Teia Education & Play","potentialAction":[{"@type":"SearchAction","target":{"@type":"EntryPoint","urlTemplate":"https:\/\/teiaeducation.ch\/de\/?s={search_term_string}"},"query-input":{"@type":"PropertyValueSpecification","valueRequired":true,"valueName":"search_term_string"}}],"inLanguage":"de-CH"},{"@type":"Organization","@id":"https:\/\/teiaeducation.ch\/de\/#organization","name":"Teia Education & Play","url":"https:\/\/teiaeducation.ch\/de\/","logo":{"@type":"ImageObject","inLanguage":"de-CH","@id":"https:\/\/teiaeducation.ch\/de\/#\/schema\/logo\/image\/","url":"https:\/\/teiaeducation.ch\/wp-content\/uploads\/2020\/11\/Teia-Education-Switzerland-e1620156442216.jpg","contentUrl":"https:\/\/teiaeducation.ch\/wp-content\/uploads\/2020\/11\/Teia-Education-Switzerland-e1620156442216.jpg","width":166,"height":145,"caption":"Teia Education & Play"},"image":{"@id":"https:\/\/teiaeducation.ch\/de\/#\/schema\/logo\/image\/"},"sameAs":["https:\/\/www.facebook.com\/teiaeducation\/","https:\/\/x.com\/EducationTeia","https:\/\/www.instagram.com\/teia.education\/","https:\/\/www.linkedin.com\/company\/35501660","https:\/\/www.pinterest.ch\/TeiaEducation\/"]}]}},"_links":{"self":[{"href":"https:\/\/teiaeducation.ch\/de\/wp-json\/wp\/v2\/product\/59182","targetHints":{"allow":["GET"]}}],"collection":[{"href":"https:\/\/teiaeducation.ch\/de\/wp-json\/wp\/v2\/product"}],"about":[{"href":"https:\/\/teiaeducation.ch\/de\/wp-json\/wp\/v2\/types\/product"}],"replies":[{"embeddable":true,"href":"https:\/\/teiaeducation.ch\/de\/wp-json\/wp\/v2\/comments?post=59182"}],"wp:featuredmedia":[{"embeddable":true,"href":"https:\/\/teiaeducation.ch\/de\/wp-json\/wp\/v2\/media\/44768"}],"wp:attachment":[{"href":"https:\/\/teiaeducation.ch\/de\/wp-json\/wp\/v2\/media?parent=59182"}],"wp:term":[{"taxonomy":"product_brand","embeddable":true,"href":"https:\/\/teiaeducation.ch\/de\/wp-json\/wp\/v2\/product_brand?post=59182"},{"taxonomy":"product_cat","embeddable":true,"href":"https:\/\/teiaeducation.ch\/de\/wp-json\/wp\/v2\/product_cat?post=59182"},{"taxonomy":"product_tag","embeddable":true,"href":"https:\/\/teiaeducation.ch\/de\/wp-json\/wp\/v2\/product_tag?post=59182"}],"curies":[{"name":"wp","href":"https:\/\/api.w.org\/{rel}","templated":true}]}}