{"id":59202,"date":"2025-12-18T15:15:42","date_gmt":"2025-12-18T14:15:42","guid":{"rendered":"https:\/\/teiaeducation.ch\/product\/kleines-froebel-spielzeugset-sina-spielzeug\/"},"modified":"2025-12-11T18:15:54","modified_gmt":"2025-12-11T17:15:54","slug":"kleines-froebel-spielzeugset-sina-spielzeug","status":"publish","type":"product","link":"https:\/\/teiaeducation.ch\/de\/produkt\/kleines-froebel-spielzeugset-sina-spielzeug\/","title":{"rendered":"Kleines Froebel-Spiele Spielzeugset \u2013 SINA Spielzeug"},"content":{"rendered":"<p>Das Kleine Froebel-Spielzeugset von SINA Spielzeug enth\u00e4lt alle 5 kleinen Froebel-Spiele in einem tollen Set! <a href=\"https:\/\/teiaeducation.ch\/de\/produkt-kategorie\/lernmaterialien-spielzeug-montessori-waldorf-steiner-froebel\/friedrich-froebel\/\">Friedrich Froebel<\/a> hat die Art und Weise ver\u00e4ndert, wie wir \u00fcber fr\u00fchkindliche Erziehung denken. Er entwarf seine klassischen Spiele aus B\u00e4llen, <a href=\"https:\/\/teiaeducation.ch\/de\/produkt-kategorie\/kinder-spielzeug\/baukloetze-aus-holz\/\">Holzkl\u00f6tzen<\/a>, Fliesen, St\u00f6cken und Ringen, um zu zeigen, dass Kinder durch Spielen lernen.<\/p>\n<p>Mit dem SINA Spielzeug Kleines Fr\u00f6bel-Spielzeugset k\u00f6nnen Kinder auf spielerische Weise <a href=\"https:\/\/teiaeducation.ch\/de\/produkt-kategorie\/lernthemen\/mathematik-rechnen\/geometrie-de\/\">Geometrie<\/a> erforschen und <a href=\"https:\/\/teiaeducation.ch\/de\/produkt-kategorie\/lernthemen\/mathematik-rechnen\/formen\/\">Formen<\/a> kennenlernen. Diese h\u00fcbschen Sets mit einfachen Formen in den leuchtenden Farben des Regenbogens sprechen Kinder an und regen ihre Neugierde an, indem sie sie zum Greifen, Tasten und Bauen mit allen <a href=\"https:\/\/teiaeducation.ch\/de\/produkt-kategorie\/lernthemen\/sensorische-motorische-fertigkeiten\/sinne\/\">Sinnen<\/a> anregen. Sie f\u00f6rdern die Kreativit\u00e4t und vermitteln Kindern ein erstes Gef\u00fchl f\u00fcr \u00c4sthetik.<\/p>\n<p>Das Set enth\u00e4lt 5 Froebel-Systeme:<\/p>\n<p>1 x Dreiecksfamilie mit 52 dreieckigen Teilen<br \/>\n1 x quadratische Familie mit 52 quadratischen Teilen<br \/>\n1 x sticks, rings, and circles family with 64 pieces<br \/>\n1 x Perlenfamilie mit 54 Holzperlen und F\u00e4den<br \/>\n1 x Steine Familie mit 71 Steinen<\/p>\n<p>Diese wundersch\u00f6n handgefertigten und nachhaltigen, farbenfrohen Holzformen-Sets regen die <a href=\"https:\/\/teiaeducation.ch\/de\/produkt-kategorie\/malen-basteln\/\">Kreativit\u00e4t<\/a> an und f\u00f6rdern die <a href=\"https:\/\/teiaeducation.ch\/de\/produkt-kategorie\/lernthemen\/mathematik-rechnen\/\">mathematischen<\/a> F\u00e4higkeiten. Mit diesen lustigen Spielen k\u00f6nnen Kinder ihre Fantasie, Kreativit\u00e4t, Konzentration und <a href=\"https:\/\/teiaeducation.ch\/de\/produkt-kategorie\/lernthemen\/sensorische-motorische-fertigkeiten\/motorische-fertigkeiten\/\">Feinmotorik<\/a> einsetzen und verbessern. Sehen Sie, was f\u00fcr wunderbare Bilder, Muster, Mosaike und Mandalas mit nur einer Form oder einer Kombination von Formen gemacht werden k\u00f6nnen!<\/p>\n<p>Diese Legespiele helfen Kindern, die Regeln und Beziehungen der Geometrie zu verstehen und f\u00f6rdern das \u00e4sthetische Bewusstsein, wenn sie mit den bunten Holzquadraten, Dreiecken, Steinen und anderen Formen in allen Gr\u00f6\u00dfen Bilder und Muster aufbauen.<\/p>\n<p>Mit dem Perlen-Familienset mit 54 Holzperlen und F\u00e4den k\u00f6nnen Kinder F\u00e4delspiele spielen und das Auff\u00e4deln \u00fcben, um Feinmotorik und Koordination zu trainieren.<\/p>\n<p>Die Sets k\u00f6nnen auch miteinander kombiniert werden, um noch mehr Spielm\u00f6glichkeiten zu schaffen und die Kreativit\u00e4t Ihrer Kleinen unendlich zu f\u00f6rdern!<\/p>\n<p>Mit diesen Lernsets k\u00f6nnen Kinder spielerisch die mathematischen Beziehungen zwischen Formen verstehen und das Design von Mustern erforschen, um spielerisch zu lernen.<\/p>\n<p>Das Kleine Fr\u00f6bel-Spielzeugset von SINA Spielzeug wird nachhaltig in Deutschland aus Buchenholz hergestellt. Die hellen, farbenfrohen Holzformen und Perlen sind mit ungiftiger, wasserl\u00f6slicher Farbe bemalt.<\/p>\n<p>Die deutsche Spielzeugmarke <a href=\"https:\/\/teiaeducation.ch\/de\/produkt-kategorie\/unsere-marken\/sina-spielzeug-de\/\">SINA Spielzeug<\/a> stellt seit \u00fcber 30 Jahren Holzspielzeug von h\u00f6chster Qualit\u00e4t her, das Erwachsene und Kinder zum gemeinsamen Spielen anregen soll. SINA Spielzeug hat eine starke regionale Identit\u00e4t und besch\u00e4ftigt einheimische Handwerker, die in der Region aufgewachsen sind und sich zum Naturmaterial Holz hingezogen f\u00fchlen und der Marke Verspieltheit, Fr\u00f6hlichkeit und Herzlichkeit einhauchen.<\/p>\n<p>Alle SINA Spielzeuge werden in der firmeneigenen Werkstatt in Neuhausen\/Erzgebirge, Deutschland, entworfen und von Hand gefertigt. Mit gr\u00f6\u00dfter Sorgfalt entwickelt und hergestellt, tr\u00e4gt jedes SINA Produkt das CE-Zeichen und erf\u00fcllt alle gesetzlichen Anforderungen der europ\u00e4ischen Spielzeugrichtlinie 2009\/48\/EG und der EN 71 f\u00fcr die Sicherheit von Spielzeug. Mehrere der SINA Spielzeuge sind mit dem <a href=\"https:\/\/www.spielgut.de\">Spielgut\u00ae<\/a>-Siegel ausgezeichnet worden.<\/p>\n<p>Von den Rohstofflieferanten werden hohe Sicherheits- und Ethikstandards sowie die Garantie verlangt, dass alle Materialien und Bestandteile f\u00fcr Kinder sicher und frei von Giftstoffen sind. SINA ist ein Familienunternehmen, dessen Sortiment didaktisches <a href=\"https:\/\/teiaeducation.ch\/de\/produkt-kategorie\/kinder-spielzeug\/handgefertigtes-holzspielzeug\/\">Holzspielzeug<\/a>, Holzspielger\u00e4te f\u00fcr therapeutische Zwecke und Spielger\u00e4te einschlie\u00dflich der <a href=\"https:\/\/teiaeducation.ch\/de\/produkt-kategorie\/unsere-marken\/sina-spielzeug-de\/froebel-gaben-spielmaterial\/\">Geschenke<\/a> der <a href=\"https:\/\/teiaeducation.ch\/2022\/05\/24\/who-was-froebel-and-what-are-froebels-gifts\/\">Froebel-P\u00e4dagogik<\/a> umfasst.<\/p>\n<p>SINA Spielzeug ist Mitglied im <a href=\"https:\/\/www.dvsi.de\">Deutschen Verband der Spielwarenindustrie<\/a>, in der <a href=\"https:\/\/gutesholzspielzeug.de\">Fachgruppe Holzspielzeug<\/a> und im <a href=\"https:\/\/www.pfv.info\">Pestalozzi-Froebel-Verband<\/a>.<\/p>\n<p>Das SINA Spielzeug Kleines Froebel-Spielzeugset ist f\u00fcr Kinder ab 3 Jahren geeignet.<\/p>\n<p>Achtung: Kleinteile, nicht f\u00fcr Kinder unter 3 Jahren geeignet.<\/p>\n<p>Inhalt:<\/p>\n<p>1 x Dreiecksfamilie mit 52 dreieckigen Teilen<br \/>\n1 x quadratische Familie mit 52 quadratischen Teilen<br \/>\n1 x sticks, rings, and circles family with 64 pieces<br \/>\n1 x Perlenfamilie mit 54 Holzperlen und F\u00e4den<br \/>\n1 x Steine Familie mit 71 Steinen<\/p>\n","protected":false},"excerpt":{"rendered":"<p>Artikelnummer: <span data-sheets-value=\"{\" data-sheets-userformat=\"{\">25105<\/span><\/p>\n<p>Das kleine Froebel-Spielzeugset von SINA Spielzeug enth\u00e4lt alle 5 kleinen Froebel-Spiele. Erforsche Formen, indem du kreative Bilder und Muster machst.<\/p>\n","protected":false},"featured_media":59203,"comment_status":"open","ping_status":"closed","template":"","meta":[],"product_brand":[],"product_cat":[21445,21446,21671,23651,21479,21701,21550,21480,21663,21544,21487,21491,21484,23075,21706,21707,21509,21537,21559,21443,21563,22362,21557,21661,21695,21678,21564],"product_tag":[27972,27977,27979,27976,27971,27970,27975,27980,27978,27974,27930,27973],"class_list":{"0":"post-59202","1":"product","2":"type-product","3":"status-publish","4":"has-post-thumbnail","6":"product_cat-3-6-jahre-vorschule","7":"product_cat-6-12-jahre-grundschule","8":"product_cat-angebot","9":"product_cat-back-to-school-de","10":"product_cat-lernmaterialien-spielzeug-montessori-waldorf-steiner-froebel","11":"product_cat-einfaedeln","12":"product_cat-formen","13":"product_cat-friedrich-froebel","14":"product_cat-froebel-gaben-spielmaterial","15":"product_cat-geometrie-de","16":"product_cat-geschenk-guide-3-6-jahre-vorschule","17":"product_cat-geschenk-guide-lerngeschenke","18":"product_cat-geschenk-guides","19":"product_cat-handgefertigtes-holzspielzeug","20":"product_cat-holz-mandalas","21":"product_cat-holzpuzzles","22":"product_cat-lernthemen","23":"product_cat-mathematik-rechnen","24":"product_cat-motorische-fertigkeiten","25":"product_cat-nach-alter","26":"product_cat-neuheiten","27":"product_cat-saisonale-kollektionen","28":"product_cat-sensorische-motorische-fertigkeiten","29":"product_cat-sina-spielzeug-de","30":"product_cat-sinnliches-spiel","31":"product_cat-kinder-spielzeug","32":"product_cat-unsere-marken","33":"product_tag-froebel-aktivitaten","34":"product_tag-froebel-dreieckspiel","35":"product_tag-froebel-gaben-de-2","36":"product_tag-froebel-materialen","37":"product_tag-froebel-spiele","38":"product_tag-froebel-spiele-schweiz","39":"product_tag-froebel-spiele-schweiz-de","40":"product_tag-froebel-systeme","41":"product_tag-froebel-viereckspiel","42":"product_tag-kleines-froebel-spielzeugset","43":"product_tag-sina-spielzeug-de","44":"product_tag-sina-spielzeug-kleines-froebel-spielzeugset","46":"first","47":"instock","48":"taxable","49":"shipping-taxable","50":"purchasable","51":"product-type-variable"},"yoast_head":"<!-- This site is optimized with the Yoast SEO plugin v27.1.1 - https:\/\/yoast.com\/product\/yoast-seo-wordpress\/ -->\n<title>Kleines Froebel-Spielzeugset \u2013 SINA Spielzeug<\/title>\n<meta name=\"description\" content=\"Das Kleine Fr\u00f6bel-Spielzeugset von SINA Spielzeug enth\u00e4lt alle 5 kleinen Fr\u00f6belspiele zum Erkunden von Formen durch kreative Bilder und Muster. Hergestellt in Deutschland.\" \/>\n<meta name=\"robots\" content=\"index, follow, max-snippet:-1, max-image-preview:large, max-video-preview:-1\" \/>\n<link rel=\"canonical\" href=\"https:\/\/teiaeducation.ch\/de\/produkt\/kleines-froebel-spielzeugset-sina-spielzeug\/\" \/>\n<meta property=\"og:locale\" content=\"de_DE\" \/>\n<meta property=\"og:type\" content=\"article\" \/>\n<meta property=\"og:title\" content=\"Kleines Froebel-Spielzeugset \u2013 SINA Spielzeug\" \/>\n<meta property=\"og:description\" content=\"Das Kleine Fr\u00f6bel-Spielzeugset von SINA Spielzeug enth\u00e4lt alle 5 kleinen Fr\u00f6belspiele zum Erkunden von Formen durch kreative Bilder und Muster. Hergestellt in Deutschland.\" \/>\n<meta property=\"og:url\" content=\"https:\/\/teiaeducation.ch\/de\/produkt\/kleines-froebel-spielzeugset-sina-spielzeug\/\" \/>\n<meta property=\"og:site_name\" content=\"Sustainable Educational Products &amp; Ecological Toys\u00a0\" \/>\n<meta property=\"article:publisher\" content=\"https:\/\/www.facebook.com\/teiaeducation\/\" \/>\n<meta property=\"og:image\" content=\"https:\/\/teiaeducation.ch\/wp-content\/uploads\/2021\/10\/Little-Froebel-Toy-Set-\u2013-SINA-Spielzeug.jpg\" \/>\n\t<meta property=\"og:image:width\" content=\"1080\" \/>\n\t<meta property=\"og:image:height\" content=\"1080\" \/>\n\t<meta property=\"og:image:type\" content=\"image\/jpeg\" \/>\n<script type=\"application\/ld+json\" class=\"yoast-schema-graph\">{\"@context\":\"https:\/\/schema.org\",\"@graph\":[{\"@type\":\"WebPage\",\"@id\":\"https:\/\/teiaeducation.ch\/de\/produkt\/kleines-froebel-spielzeugset-sina-spielzeug\/\",\"url\":\"https:\/\/teiaeducation.ch\/de\/produkt\/kleines-froebel-spielzeugset-sina-spielzeug\/\",\"name\":\"Kleines Froebel-Spielzeugset \u2013 SINA Spielzeug\",\"isPartOf\":{\"@id\":\"https:\/\/teiaeducation.ch\/de\/#website\"},\"primaryImageOfPage\":{\"@id\":\"https:\/\/teiaeducation.ch\/de\/produkt\/kleines-froebel-spielzeugset-sina-spielzeug\/#primaryimage\"},\"image\":{\"@id\":\"https:\/\/teiaeducation.ch\/de\/produkt\/kleines-froebel-spielzeugset-sina-spielzeug\/#primaryimage\"},\"thumbnailUrl\":\"https:\/\/teiaeducation.ch\/wp-content\/uploads\/2021\/10\/Little-Froebel-Toy-Set-\u2013-SINA-Spielzeug.jpg\",\"datePublished\":\"2025-12-18T14:15:42+00:00\",\"description\":\"Das Kleine Fr\u00f6bel-Spielzeugset von SINA Spielzeug enth\u00e4lt alle 5 kleinen Fr\u00f6belspiele zum Erkunden von Formen durch kreative Bilder und Muster. Hergestellt in Deutschland.\",\"breadcrumb\":{\"@id\":\"https:\/\/teiaeducation.ch\/de\/produkt\/kleines-froebel-spielzeugset-sina-spielzeug\/#breadcrumb\"},\"inLanguage\":\"de-CH\",\"potentialAction\":[{\"@type\":\"ReadAction\",\"target\":[\"https:\/\/teiaeducation.ch\/de\/produkt\/kleines-froebel-spielzeugset-sina-spielzeug\/\"]}]},{\"@type\":\"ImageObject\",\"inLanguage\":\"de-CH\",\"@id\":\"https:\/\/teiaeducation.ch\/de\/produkt\/kleines-froebel-spielzeugset-sina-spielzeug\/#primaryimage\",\"url\":\"https:\/\/teiaeducation.ch\/wp-content\/uploads\/2021\/10\/Little-Froebel-Toy-Set-\u2013-SINA-Spielzeug.jpg\",\"contentUrl\":\"https:\/\/teiaeducation.ch\/wp-content\/uploads\/2021\/10\/Little-Froebel-Toy-Set-\u2013-SINA-Spielzeug.jpg\",\"width\":1080,\"height\":1080,\"caption\":\"Kleines Froebel-Spielzeugset \u2013 SINA Spielzeug\"},{\"@type\":\"BreadcrumbList\",\"@id\":\"https:\/\/teiaeducation.ch\/de\/produkt\/kleines-froebel-spielzeugset-sina-spielzeug\/#breadcrumb\",\"itemListElement\":[{\"@type\":\"ListItem\",\"position\":1,\"name\":\"Home\",\"item\":\"https:\/\/teiaeducation.ch\/de\/\"},{\"@type\":\"ListItem\",\"position\":2,\"name\":\"Laden\",\"item\":\"https:\/\/teiaeducation.ch\/de\/shop\/\"},{\"@type\":\"ListItem\",\"position\":3,\"name\":\"Lernthemen\",\"item\":\"https:\/\/teiaeducation.ch\/de\/produkt-kategorie\/lernthemen\/\"},{\"@type\":\"ListItem\",\"position\":4,\"name\":\"Mathematik &amp; Rechnen\",\"item\":\"https:\/\/teiaeducation.ch\/de\/produkt-kategorie\/lernthemen\/mathematik-rechnen\/\"},{\"@type\":\"ListItem\",\"position\":5,\"name\":\"Formen\",\"item\":\"https:\/\/teiaeducation.ch\/de\/produkt-kategorie\/lernthemen\/mathematik-rechnen\/formen\/\"},{\"@type\":\"ListItem\",\"position\":6,\"name\":\"Kleines Froebel-Spiele Spielzeugset \u2013 SINA Spielzeug\"}]},{\"@type\":\"WebSite\",\"@id\":\"https:\/\/teiaeducation.ch\/de\/#website\",\"url\":\"https:\/\/teiaeducation.ch\/de\/\",\"name\":\"Sustainable Educational Products &amp; Ecological Toys\u00a0\",\"description\":\"Specialised Swiss shop selling sustainable educational toys and games, AMI certified Montessori materials, handmade ecological wooden Waldorf toys and arts &amp; crafts supplies, school supplies, children&#039;s furniture and Montessori reference and parenting books.\",\"publisher\":{\"@id\":\"https:\/\/teiaeducation.ch\/de\/#organization\"},\"alternateName\":\"Teia Education & Play\",\"potentialAction\":[{\"@type\":\"SearchAction\",\"target\":{\"@type\":\"EntryPoint\",\"urlTemplate\":\"https:\/\/teiaeducation.ch\/de\/?s={search_term_string}\"},\"query-input\":{\"@type\":\"PropertyValueSpecification\",\"valueRequired\":true,\"valueName\":\"search_term_string\"}}],\"inLanguage\":\"de-CH\"},{\"@type\":\"Organization\",\"@id\":\"https:\/\/teiaeducation.ch\/de\/#organization\",\"name\":\"Teia Education & Play\",\"url\":\"https:\/\/teiaeducation.ch\/de\/\",\"logo\":{\"@type\":\"ImageObject\",\"inLanguage\":\"de-CH\",\"@id\":\"https:\/\/teiaeducation.ch\/de\/#\/schema\/logo\/image\/\",\"url\":\"https:\/\/teiaeducation.ch\/wp-content\/uploads\/2020\/11\/Teia-Education-Switzerland-e1620156442216.jpg\",\"contentUrl\":\"https:\/\/teiaeducation.ch\/wp-content\/uploads\/2020\/11\/Teia-Education-Switzerland-e1620156442216.jpg\",\"width\":166,\"height\":145,\"caption\":\"Teia Education & Play\"},\"image\":{\"@id\":\"https:\/\/teiaeducation.ch\/de\/#\/schema\/logo\/image\/\"},\"sameAs\":[\"https:\/\/www.facebook.com\/teiaeducation\/\",\"https:\/\/x.com\/EducationTeia\",\"https:\/\/www.instagram.com\/teia.education\/\",\"https:\/\/www.linkedin.com\/company\/35501660\",\"https:\/\/www.pinterest.ch\/TeiaEducation\/\"]}]}<\/script>\n<!-- \/ Yoast SEO plugin. -->","yoast_head_json":{"title":"Kleines Froebel-Spielzeugset \u2013 SINA Spielzeug","description":"Das Kleine Fr\u00f6bel-Spielzeugset von SINA Spielzeug enth\u00e4lt alle 5 kleinen Fr\u00f6belspiele zum Erkunden von Formen durch kreative Bilder und Muster. Hergestellt in Deutschland.","robots":{"index":"index","follow":"follow","max-snippet":"max-snippet:-1","max-image-preview":"max-image-preview:large","max-video-preview":"max-video-preview:-1"},"canonical":"https:\/\/teiaeducation.ch\/de\/produkt\/kleines-froebel-spielzeugset-sina-spielzeug\/","og_locale":"de_DE","og_type":"article","og_title":"Kleines Froebel-Spielzeugset \u2013 SINA Spielzeug","og_description":"Das Kleine Fr\u00f6bel-Spielzeugset von SINA Spielzeug enth\u00e4lt alle 5 kleinen Fr\u00f6belspiele zum Erkunden von Formen durch kreative Bilder und Muster. Hergestellt in Deutschland.","og_url":"https:\/\/teiaeducation.ch\/de\/produkt\/kleines-froebel-spielzeugset-sina-spielzeug\/","og_site_name":"Sustainable Educational Products &amp; Ecological Toys\u00a0","article_publisher":"https:\/\/www.facebook.com\/teiaeducation\/","og_image":[{"width":1080,"height":1080,"url":"https:\/\/teiaeducation.ch\/wp-content\/uploads\/2021\/10\/Little-Froebel-Toy-Set-\u2013-SINA-Spielzeug.jpg","type":"image\/jpeg"}],"schema":{"@context":"https:\/\/schema.org","@graph":[{"@type":"WebPage","@id":"https:\/\/teiaeducation.ch\/de\/produkt\/kleines-froebel-spielzeugset-sina-spielzeug\/","url":"https:\/\/teiaeducation.ch\/de\/produkt\/kleines-froebel-spielzeugset-sina-spielzeug\/","name":"Kleines Froebel-Spielzeugset \u2013 SINA Spielzeug","isPartOf":{"@id":"https:\/\/teiaeducation.ch\/de\/#website"},"primaryImageOfPage":{"@id":"https:\/\/teiaeducation.ch\/de\/produkt\/kleines-froebel-spielzeugset-sina-spielzeug\/#primaryimage"},"image":{"@id":"https:\/\/teiaeducation.ch\/de\/produkt\/kleines-froebel-spielzeugset-sina-spielzeug\/#primaryimage"},"thumbnailUrl":"https:\/\/teiaeducation.ch\/wp-content\/uploads\/2021\/10\/Little-Froebel-Toy-Set-\u2013-SINA-Spielzeug.jpg","datePublished":"2025-12-18T14:15:42+00:00","description":"Das Kleine Fr\u00f6bel-Spielzeugset von SINA Spielzeug enth\u00e4lt alle 5 kleinen Fr\u00f6belspiele zum Erkunden von Formen durch kreative Bilder und Muster. Hergestellt in Deutschland.","breadcrumb":{"@id":"https:\/\/teiaeducation.ch\/de\/produkt\/kleines-froebel-spielzeugset-sina-spielzeug\/#breadcrumb"},"inLanguage":"de-CH","potentialAction":[{"@type":"ReadAction","target":["https:\/\/teiaeducation.ch\/de\/produkt\/kleines-froebel-spielzeugset-sina-spielzeug\/"]}]},{"@type":"ImageObject","inLanguage":"de-CH","@id":"https:\/\/teiaeducation.ch\/de\/produkt\/kleines-froebel-spielzeugset-sina-spielzeug\/#primaryimage","url":"https:\/\/teiaeducation.ch\/wp-content\/uploads\/2021\/10\/Little-Froebel-Toy-Set-\u2013-SINA-Spielzeug.jpg","contentUrl":"https:\/\/teiaeducation.ch\/wp-content\/uploads\/2021\/10\/Little-Froebel-Toy-Set-\u2013-SINA-Spielzeug.jpg","width":1080,"height":1080,"caption":"Kleines Froebel-Spielzeugset \u2013 SINA Spielzeug"},{"@type":"BreadcrumbList","@id":"https:\/\/teiaeducation.ch\/de\/produkt\/kleines-froebel-spielzeugset-sina-spielzeug\/#breadcrumb","itemListElement":[{"@type":"ListItem","position":1,"name":"Home","item":"https:\/\/teiaeducation.ch\/de\/"},{"@type":"ListItem","position":2,"name":"Laden","item":"https:\/\/teiaeducation.ch\/de\/shop\/"},{"@type":"ListItem","position":3,"name":"Lernthemen","item":"https:\/\/teiaeducation.ch\/de\/produkt-kategorie\/lernthemen\/"},{"@type":"ListItem","position":4,"name":"Mathematik &amp; Rechnen","item":"https:\/\/teiaeducation.ch\/de\/produkt-kategorie\/lernthemen\/mathematik-rechnen\/"},{"@type":"ListItem","position":5,"name":"Formen","item":"https:\/\/teiaeducation.ch\/de\/produkt-kategorie\/lernthemen\/mathematik-rechnen\/formen\/"},{"@type":"ListItem","position":6,"name":"Kleines Froebel-Spiele Spielzeugset \u2013 SINA Spielzeug"}]},{"@type":"WebSite","@id":"https:\/\/teiaeducation.ch\/de\/#website","url":"https:\/\/teiaeducation.ch\/de\/","name":"Sustainable Educational Products &amp; Ecological Toys\u00a0","description":"Specialised Swiss shop selling sustainable educational toys and games, AMI certified Montessori materials, handmade ecological wooden Waldorf toys and arts &amp; crafts supplies, school supplies, children&#039;s furniture and Montessori reference and parenting books.","publisher":{"@id":"https:\/\/teiaeducation.ch\/de\/#organization"},"alternateName":"Teia Education & Play","potentialAction":[{"@type":"SearchAction","target":{"@type":"EntryPoint","urlTemplate":"https:\/\/teiaeducation.ch\/de\/?s={search_term_string}"},"query-input":{"@type":"PropertyValueSpecification","valueRequired":true,"valueName":"search_term_string"}}],"inLanguage":"de-CH"},{"@type":"Organization","@id":"https:\/\/teiaeducation.ch\/de\/#organization","name":"Teia Education & Play","url":"https:\/\/teiaeducation.ch\/de\/","logo":{"@type":"ImageObject","inLanguage":"de-CH","@id":"https:\/\/teiaeducation.ch\/de\/#\/schema\/logo\/image\/","url":"https:\/\/teiaeducation.ch\/wp-content\/uploads\/2020\/11\/Teia-Education-Switzerland-e1620156442216.jpg","contentUrl":"https:\/\/teiaeducation.ch\/wp-content\/uploads\/2020\/11\/Teia-Education-Switzerland-e1620156442216.jpg","width":166,"height":145,"caption":"Teia Education & Play"},"image":{"@id":"https:\/\/teiaeducation.ch\/de\/#\/schema\/logo\/image\/"},"sameAs":["https:\/\/www.facebook.com\/teiaeducation\/","https:\/\/x.com\/EducationTeia","https:\/\/www.instagram.com\/teia.education\/","https:\/\/www.linkedin.com\/company\/35501660","https:\/\/www.pinterest.ch\/TeiaEducation\/"]}]}},"_links":{"self":[{"href":"https:\/\/teiaeducation.ch\/de\/wp-json\/wp\/v2\/product\/59202","targetHints":{"allow":["GET"]}}],"collection":[{"href":"https:\/\/teiaeducation.ch\/de\/wp-json\/wp\/v2\/product"}],"about":[{"href":"https:\/\/teiaeducation.ch\/de\/wp-json\/wp\/v2\/types\/product"}],"replies":[{"embeddable":true,"href":"https:\/\/teiaeducation.ch\/de\/wp-json\/wp\/v2\/comments?post=59202"}],"wp:featuredmedia":[{"embeddable":true,"href":"https:\/\/teiaeducation.ch\/de\/wp-json\/wp\/v2\/media\/59203"}],"wp:attachment":[{"href":"https:\/\/teiaeducation.ch\/de\/wp-json\/wp\/v2\/media?parent=59202"}],"wp:term":[{"taxonomy":"product_brand","embeddable":true,"href":"https:\/\/teiaeducation.ch\/de\/wp-json\/wp\/v2\/product_brand?post=59202"},{"taxonomy":"product_cat","embeddable":true,"href":"https:\/\/teiaeducation.ch\/de\/wp-json\/wp\/v2\/product_cat?post=59202"},{"taxonomy":"product_tag","embeddable":true,"href":"https:\/\/teiaeducation.ch\/de\/wp-json\/wp\/v2\/product_tag?post=59202"}],"curies":[{"name":"wp","href":"https:\/\/api.w.org\/{rel}","templated":true}]}}