{"id":59220,"date":"2020-12-17T10:47:20","date_gmt":"2020-12-17T09:47:20","guid":{"rendered":"https:\/\/teiaeducation.ch\/product\/schutzengel-rosa-sina-spielzeug\/"},"modified":"2025-12-11T18:12:16","modified_gmt":"2025-12-11T17:12:16","slug":"schutzengel-rosa-sina-spielzeug","status":"publish","type":"product","link":"https:\/\/teiaeducation.ch\/de\/produkt\/schutzengel-rosa-sina-spielzeug\/","title":{"rendered":"Schutzengel Rosa aus Holz &#8211; SINA Spielzeug"},"content":{"rendered":"<p>Der <a href=\"https:\/\/teiaeducation.ch\/de\/produkt-kategorie\/lernthemen\/sensorische-motorische-fertigkeiten\/musik\/\">musikalische<\/a> Schutzengel Rosa aus Holz von SINA Spielzeug ist das perfekte <a href=\"https:\/\/teiaeducation.ch\/de\/produkt-kategorie\/geschenk-guides\/\">Geschenk<\/a> zur Geburt, zur Taufe, zum Geburtstag oder einfach nur als Zeichen der Zuneigung f\u00fcr ein Kind oder einen Erwachsenen! W\u00e4hrend viele Weihnachts- und Adventsdekorationen zu zerbrechlich sind, um von Kindern angefasst zu werden, sind die SINA Schutzengel ein sch\u00f6nes und r\u00fccksichtsvolles Geschenk f\u00fcr die <a href=\"https:\/\/teiaeducation.ch\/de\/produkt-kategorie\/feier-festlichkeiten\/rituale-adventszeit\/\">Advents<\/a>&#8211; und Weihnachtszeit, denn sie sind zum Spielen gemacht und gestaltet.<\/p>\n<p>Der Engel macht beim Sch\u00fctteln einen sch\u00f6nen Glockenklang, \u00e4hnlich wie die SINA Spielzeug-<a href=\"https:\/\/teiaeducation.ch\/de\/produkt\/musikpuppen-aus-holz-sina-spielzeug\/\">Holzspielpuppen<\/a>, und ist in den Farben <a href=\"https:\/\/teiaeducation.ch\/product\/guardian-angel-green-sina-spielzeug\/\">Fr\u00fchlingsgr\u00fcn<\/a>, Rosa und <a href=\"https:\/\/teiaeducation.ch\/product\/guardian-angel-blue-sina-spielzeug\/\">Himmelblau<\/a> erh\u00e4ltlich.<\/p>\n<p>Der in Deutschland hergestellte und von Katharina Scheithauer entworfene Holzengel hat farbige, hochwertige Filzfl\u00fcgel in Rosa. Der Schutzengel wird in einer charmanten Geschenkbox mit Engelszitaten geliefert und ist ca. 7,5 cm hoch.<\/p>\n<p>Die deutsche Spielzeugmarke <a href=\"https:\/\/teiaeducation.ch\/de\/produkt-kategorie\/unsere-marken\/sina-spielzeug-de\/\">SINA Spielzeug<\/a> stellt seit \u00fcber 30 Jahren Holzspielzeug von h\u00f6chster Qualit\u00e4t her, das Erwachsene und Kinder zum gemeinsamen Spielen anregen soll. SINA Spielzeug hat eine starke regionale Identit\u00e4t und besch\u00e4ftigt einheimische Handwerker, die in der Region aufgewachsen sind und sich zum Naturmaterial Holz hingezogen f\u00fchlen und der Marke Verspieltheit, Fr\u00f6hlichkeit und Herzlichkeit einhauchen.<\/p>\n<p>Alle SINA Spielzeuge werden in der firmeneigenen Werkstatt in Neuhausen\/Erzgebirge, Deutschland, entworfen und von Hand gefertigt. Mit gr\u00f6\u00dfter Sorgfalt entwickelt und hergestellt, tr\u00e4gt jedes SINA Produkt das CE-Zeichen und erf\u00fcllt alle gesetzlichen Anforderungen der europ\u00e4ischen Spielzeugrichtlinie 2009\/48\/EG und der EN 71 f\u00fcr die Sicherheit von Spielzeug. Mehrere der SINA Spielzeuge sind mit dem <a href=\"https:\/\/www.spielgut.de\">Spielgut\u00ae<\/a>-Siegel ausgezeichnet worden.<\/p>\n<p>Von den Rohstofflieferanten werden hohe Sicherheits- und Ethikstandards sowie die Garantie verlangt, dass alle Materialien und Bestandteile f\u00fcr Kinder sicher und frei von Giftstoffen sind. SINA ist ein Familienunternehmen, dessen Sortiment didaktisches <a href=\"https:\/\/teiaeducation.ch\/de\/produkt-kategorie\/kinder-spielzeug\/handgefertigtes-holzspielzeug\/\">Holzspielzeug<\/a>, Holzspielger\u00e4te f\u00fcr therapeutische Zwecke und Spielger\u00e4te einschlie\u00dflich der <a href=\"https:\/\/teiaeducation.ch\/de\/produkt-kategorie\/unsere-marken\/sina-spielzeug-de\/froebel-gaben-spielmaterial\/\">Geschenke<\/a> der <a href=\"https:\/\/teiaeducation.ch\/2022\/05\/24\/who-was-froebel-and-what-are-froebels-gifts\/\">Froebel-P\u00e4dagogik<\/a> umfasst.<\/p>\n<p>SINA Spielzeug ist Mitglied im <a href=\"https:\/\/www.dvsi.de\">Deutschen Verband der Spielwarenindustrie<\/a>, in der <a href=\"https:\/\/gutesholzspielzeug.de\">Fachgruppe Holzspielzeug<\/a> und im <a href=\"https:\/\/www.pfv.info\">Pestalozzi-Froebel-Verband<\/a>.<\/p>\n<p>Das SINA Spielzeug Schutzengel Rosa ist f\u00fcr Kinder ab 3 Jahren geeignet.<\/p>\n<p>Achtung: Kleinteile, nicht f\u00fcr Kinder unter 3 Jahren geeignet.<\/p>\n<p>Inhalt:<\/p>\n<p>1 musikalischer Engel aus Holz in Rosa<br \/>\n1 Geschenkpackung<\/p>\n","protected":false},"excerpt":{"rendered":"<p>Artikelnummer: 50002<\/p>\n<p>Der musikalische Schutzengel Rosa aus Holz von SINA Spielzeug macht beim Sch\u00fctteln einen sch\u00f6nen Glockenklang und ist das perfekte Spielzeug f\u00fcr Kinder und Erwachsene!<\/p>\n","protected":false},"featured_media":59221,"comment_status":"open","ping_status":"closed","template":"","meta":[],"product_brand":[],"product_cat":[21445,21446,22033,21465,21487,21484,23075,21705,21509,21560,21443,21563,22351,21557,21661,21695,21678,21564],"product_tag":[27961,27962,27960,27964,27930,27965,27966,27939,27963],"class_list":{"0":"post-59220","1":"product","2":"type-product","3":"status-publish","4":"has-post-thumbnail","6":"product_cat-3-6-jahre-vorschule","7":"product_cat-6-12-jahre-grundschule","8":"product_cat-adventskalender-geschenke-strumpffueller","9":"product_cat-feier-festlichkeiten","10":"product_cat-geschenk-guide-3-6-jahre-vorschule","11":"product_cat-geschenk-guides","12":"product_cat-handgefertigtes-holzspielzeug","13":"product_cat-holzfiguren","14":"product_cat-lernthemen","15":"product_cat-musik","16":"product_cat-nach-alter","17":"product_cat-neuheiten","18":"product_cat-rituale-adventszeit","19":"product_cat-sensorische-motorische-fertigkeiten","20":"product_cat-sina-spielzeug-de","21":"product_cat-sinnliches-spiel","22":"product_cat-kinder-spielzeug","23":"product_cat-unsere-marken","24":"product_tag-engel-spielzeug-aus-holz","25":"product_tag-musikalische-engel-de","26":"product_tag-musikalische-engel","27":"product_tag-sina-speilzeug-engel","28":"product_tag-sina-spielzeug-de","29":"product_tag-sina-spielzeug-musikalische-engel","30":"product_tag-sina-spielzeug-musikalische-engel-aus-holz","31":"product_tag-sina-spielzeug-schweiz","32":"product_tag-weihnachtsschmuck-fur-kinder","34":"first","35":"instock","36":"taxable","37":"shipping-taxable","38":"purchasable","39":"product-type-simple"},"yoast_head":"<!-- This site is optimized with the Yoast SEO plugin v27.1.1 - https:\/\/yoast.com\/product\/yoast-seo-wordpress\/ -->\n<title>Schutzengel Rosa \u2013 SINA Spielzeug<\/title>\n<meta name=\"description\" content=\"Der musikalische Schutzengel Rosa von SINA Spielzeug aus Holz gibt beim Sch\u00fctteln ein sch\u00f6nes Klingelger\u00e4usch von sich und ist das perfekte Spielzeug f\u00fcr Kinder und Erwachsene.\" \/>\n<meta name=\"robots\" content=\"index, follow, max-snippet:-1, max-image-preview:large, max-video-preview:-1\" \/>\n<link rel=\"canonical\" href=\"https:\/\/teiaeducation.ch\/de\/produkt\/schutzengel-rosa-sina-spielzeug\/\" \/>\n<meta property=\"og:locale\" content=\"de_DE\" \/>\n<meta property=\"og:type\" content=\"article\" \/>\n<meta property=\"og:title\" content=\"Schutzengel Rosa \u2013 SINA Spielzeug\" \/>\n<meta property=\"og:description\" content=\"Der musikalische Schutzengel Rosa von SINA Spielzeug aus Holz gibt beim Sch\u00fctteln ein sch\u00f6nes Klingelger\u00e4usch von sich und ist das perfekte Spielzeug f\u00fcr Kinder und Erwachsene.\" \/>\n<meta property=\"og:url\" content=\"https:\/\/teiaeducation.ch\/de\/produkt\/schutzengel-rosa-sina-spielzeug\/\" \/>\n<meta property=\"og:site_name\" content=\"Sustainable Educational Products &amp; Ecological Toys\u00a0\" \/>\n<meta property=\"article:publisher\" content=\"https:\/\/www.facebook.com\/teiaeducation\/\" \/>\n<meta property=\"article:modified_time\" content=\"2025-12-11T17:12:16+00:00\" \/>\n<meta property=\"og:image\" content=\"https:\/\/teiaeducation.ch\/wp-content\/uploads\/2020\/12\/Wooden-musical-guardian-angel-in-pink-SINA-Spielzeug-scaled.jpg\" \/>\n\t<meta property=\"og:image:width\" content=\"879\" \/>\n\t<meta property=\"og:image:height\" content=\"900\" \/>\n\t<meta property=\"og:image:type\" content=\"image\/jpeg\" \/>\n<script type=\"application\/ld+json\" class=\"yoast-schema-graph\">{\"@context\":\"https:\/\/schema.org\",\"@graph\":[{\"@type\":\"WebPage\",\"@id\":\"https:\/\/teiaeducation.ch\/de\/produkt\/schutzengel-rosa-sina-spielzeug\/\",\"url\":\"https:\/\/teiaeducation.ch\/de\/produkt\/schutzengel-rosa-sina-spielzeug\/\",\"name\":\"Schutzengel Rosa \u2013 SINA Spielzeug\",\"isPartOf\":{\"@id\":\"https:\/\/teiaeducation.ch\/de\/#website\"},\"primaryImageOfPage\":{\"@id\":\"https:\/\/teiaeducation.ch\/de\/produkt\/schutzengel-rosa-sina-spielzeug\/#primaryimage\"},\"image\":{\"@id\":\"https:\/\/teiaeducation.ch\/de\/produkt\/schutzengel-rosa-sina-spielzeug\/#primaryimage\"},\"thumbnailUrl\":\"https:\/\/teiaeducation.ch\/wp-content\/uploads\/2020\/12\/Wooden-musical-guardian-angel-in-pink-SINA-Spielzeug-scaled.jpg\",\"datePublished\":\"2020-12-17T09:47:20+00:00\",\"dateModified\":\"2025-12-11T17:12:16+00:00\",\"description\":\"Der musikalische Schutzengel Rosa von SINA Spielzeug aus Holz gibt beim Sch\u00fctteln ein sch\u00f6nes Klingelger\u00e4usch von sich und ist das perfekte Spielzeug f\u00fcr Kinder und Erwachsene.\",\"breadcrumb\":{\"@id\":\"https:\/\/teiaeducation.ch\/de\/produkt\/schutzengel-rosa-sina-spielzeug\/#breadcrumb\"},\"inLanguage\":\"de-CH\",\"potentialAction\":[{\"@type\":\"ReadAction\",\"target\":[\"https:\/\/teiaeducation.ch\/de\/produkt\/schutzengel-rosa-sina-spielzeug\/\"]}]},{\"@type\":\"ImageObject\",\"inLanguage\":\"de-CH\",\"@id\":\"https:\/\/teiaeducation.ch\/de\/produkt\/schutzengel-rosa-sina-spielzeug\/#primaryimage\",\"url\":\"https:\/\/teiaeducation.ch\/wp-content\/uploads\/2020\/12\/Wooden-musical-guardian-angel-in-pink-SINA-Spielzeug-scaled.jpg\",\"contentUrl\":\"https:\/\/teiaeducation.ch\/wp-content\/uploads\/2020\/12\/Wooden-musical-guardian-angel-in-pink-SINA-Spielzeug-scaled.jpg\",\"width\":879,\"height\":900,\"caption\":\"Schutzengel Rosa aus Holz - SINA Spielzeug\"},{\"@type\":\"BreadcrumbList\",\"@id\":\"https:\/\/teiaeducation.ch\/de\/produkt\/schutzengel-rosa-sina-spielzeug\/#breadcrumb\",\"itemListElement\":[{\"@type\":\"ListItem\",\"position\":1,\"name\":\"Home\",\"item\":\"https:\/\/teiaeducation.ch\/de\/\"},{\"@type\":\"ListItem\",\"position\":2,\"name\":\"Laden\",\"item\":\"https:\/\/teiaeducation.ch\/de\/shop\/\"},{\"@type\":\"ListItem\",\"position\":3,\"name\":\"Unsere Marken\",\"item\":\"https:\/\/teiaeducation.ch\/de\/produkt-kategorie\/unsere-marken\/\"},{\"@type\":\"ListItem\",\"position\":4,\"name\":\"SINA Spielzeug\",\"item\":\"https:\/\/teiaeducation.ch\/de\/produkt-kategorie\/unsere-marken\/sina-spielzeug-de\/\"},{\"@type\":\"ListItem\",\"position\":5,\"name\":\"Schutzengel Rosa aus Holz &#8211; SINA Spielzeug\"}]},{\"@type\":\"WebSite\",\"@id\":\"https:\/\/teiaeducation.ch\/de\/#website\",\"url\":\"https:\/\/teiaeducation.ch\/de\/\",\"name\":\"Sustainable Educational Products &amp; Ecological Toys\u00a0\",\"description\":\"Specialised Swiss shop selling sustainable educational toys and games, AMI certified Montessori materials, handmade ecological wooden Waldorf toys and arts &amp; crafts supplies, school supplies, children&#039;s furniture and Montessori reference and parenting books.\",\"publisher\":{\"@id\":\"https:\/\/teiaeducation.ch\/de\/#organization\"},\"alternateName\":\"Teia Education & Play\",\"potentialAction\":[{\"@type\":\"SearchAction\",\"target\":{\"@type\":\"EntryPoint\",\"urlTemplate\":\"https:\/\/teiaeducation.ch\/de\/?s={search_term_string}\"},\"query-input\":{\"@type\":\"PropertyValueSpecification\",\"valueRequired\":true,\"valueName\":\"search_term_string\"}}],\"inLanguage\":\"de-CH\"},{\"@type\":\"Organization\",\"@id\":\"https:\/\/teiaeducation.ch\/de\/#organization\",\"name\":\"Teia Education & Play\",\"url\":\"https:\/\/teiaeducation.ch\/de\/\",\"logo\":{\"@type\":\"ImageObject\",\"inLanguage\":\"de-CH\",\"@id\":\"https:\/\/teiaeducation.ch\/de\/#\/schema\/logo\/image\/\",\"url\":\"https:\/\/teiaeducation.ch\/wp-content\/uploads\/2020\/11\/Teia-Education-Switzerland-e1620156442216.jpg\",\"contentUrl\":\"https:\/\/teiaeducation.ch\/wp-content\/uploads\/2020\/11\/Teia-Education-Switzerland-e1620156442216.jpg\",\"width\":166,\"height\":145,\"caption\":\"Teia Education & Play\"},\"image\":{\"@id\":\"https:\/\/teiaeducation.ch\/de\/#\/schema\/logo\/image\/\"},\"sameAs\":[\"https:\/\/www.facebook.com\/teiaeducation\/\",\"https:\/\/x.com\/EducationTeia\",\"https:\/\/www.instagram.com\/teia.education\/\",\"https:\/\/www.linkedin.com\/company\/35501660\",\"https:\/\/www.pinterest.ch\/TeiaEducation\/\"]}]}<\/script>\n<!-- \/ Yoast SEO plugin. -->","yoast_head_json":{"title":"Schutzengel Rosa \u2013 SINA Spielzeug","description":"Der musikalische Schutzengel Rosa von SINA Spielzeug aus Holz gibt beim Sch\u00fctteln ein sch\u00f6nes Klingelger\u00e4usch von sich und ist das perfekte Spielzeug f\u00fcr Kinder und Erwachsene.","robots":{"index":"index","follow":"follow","max-snippet":"max-snippet:-1","max-image-preview":"max-image-preview:large","max-video-preview":"max-video-preview:-1"},"canonical":"https:\/\/teiaeducation.ch\/de\/produkt\/schutzengel-rosa-sina-spielzeug\/","og_locale":"de_DE","og_type":"article","og_title":"Schutzengel Rosa \u2013 SINA Spielzeug","og_description":"Der musikalische Schutzengel Rosa von SINA Spielzeug aus Holz gibt beim Sch\u00fctteln ein sch\u00f6nes Klingelger\u00e4usch von sich und ist das perfekte Spielzeug f\u00fcr Kinder und Erwachsene.","og_url":"https:\/\/teiaeducation.ch\/de\/produkt\/schutzengel-rosa-sina-spielzeug\/","og_site_name":"Sustainable Educational Products &amp; Ecological Toys\u00a0","article_publisher":"https:\/\/www.facebook.com\/teiaeducation\/","article_modified_time":"2025-12-11T17:12:16+00:00","og_image":[{"width":879,"height":900,"url":"https:\/\/teiaeducation.ch\/wp-content\/uploads\/2020\/12\/Wooden-musical-guardian-angel-in-pink-SINA-Spielzeug-scaled.jpg","type":"image\/jpeg"}],"schema":{"@context":"https:\/\/schema.org","@graph":[{"@type":"WebPage","@id":"https:\/\/teiaeducation.ch\/de\/produkt\/schutzengel-rosa-sina-spielzeug\/","url":"https:\/\/teiaeducation.ch\/de\/produkt\/schutzengel-rosa-sina-spielzeug\/","name":"Schutzengel Rosa \u2013 SINA Spielzeug","isPartOf":{"@id":"https:\/\/teiaeducation.ch\/de\/#website"},"primaryImageOfPage":{"@id":"https:\/\/teiaeducation.ch\/de\/produkt\/schutzengel-rosa-sina-spielzeug\/#primaryimage"},"image":{"@id":"https:\/\/teiaeducation.ch\/de\/produkt\/schutzengel-rosa-sina-spielzeug\/#primaryimage"},"thumbnailUrl":"https:\/\/teiaeducation.ch\/wp-content\/uploads\/2020\/12\/Wooden-musical-guardian-angel-in-pink-SINA-Spielzeug-scaled.jpg","datePublished":"2020-12-17T09:47:20+00:00","dateModified":"2025-12-11T17:12:16+00:00","description":"Der musikalische Schutzengel Rosa von SINA Spielzeug aus Holz gibt beim Sch\u00fctteln ein sch\u00f6nes Klingelger\u00e4usch von sich und ist das perfekte Spielzeug f\u00fcr Kinder und Erwachsene.","breadcrumb":{"@id":"https:\/\/teiaeducation.ch\/de\/produkt\/schutzengel-rosa-sina-spielzeug\/#breadcrumb"},"inLanguage":"de-CH","potentialAction":[{"@type":"ReadAction","target":["https:\/\/teiaeducation.ch\/de\/produkt\/schutzengel-rosa-sina-spielzeug\/"]}]},{"@type":"ImageObject","inLanguage":"de-CH","@id":"https:\/\/teiaeducation.ch\/de\/produkt\/schutzengel-rosa-sina-spielzeug\/#primaryimage","url":"https:\/\/teiaeducation.ch\/wp-content\/uploads\/2020\/12\/Wooden-musical-guardian-angel-in-pink-SINA-Spielzeug-scaled.jpg","contentUrl":"https:\/\/teiaeducation.ch\/wp-content\/uploads\/2020\/12\/Wooden-musical-guardian-angel-in-pink-SINA-Spielzeug-scaled.jpg","width":879,"height":900,"caption":"Schutzengel Rosa aus Holz - SINA Spielzeug"},{"@type":"BreadcrumbList","@id":"https:\/\/teiaeducation.ch\/de\/produkt\/schutzengel-rosa-sina-spielzeug\/#breadcrumb","itemListElement":[{"@type":"ListItem","position":1,"name":"Home","item":"https:\/\/teiaeducation.ch\/de\/"},{"@type":"ListItem","position":2,"name":"Laden","item":"https:\/\/teiaeducation.ch\/de\/shop\/"},{"@type":"ListItem","position":3,"name":"Unsere Marken","item":"https:\/\/teiaeducation.ch\/de\/produkt-kategorie\/unsere-marken\/"},{"@type":"ListItem","position":4,"name":"SINA Spielzeug","item":"https:\/\/teiaeducation.ch\/de\/produkt-kategorie\/unsere-marken\/sina-spielzeug-de\/"},{"@type":"ListItem","position":5,"name":"Schutzengel Rosa aus Holz &#8211; SINA Spielzeug"}]},{"@type":"WebSite","@id":"https:\/\/teiaeducation.ch\/de\/#website","url":"https:\/\/teiaeducation.ch\/de\/","name":"Sustainable Educational Products &amp; Ecological Toys\u00a0","description":"Specialised Swiss shop selling sustainable educational toys and games, AMI certified Montessori materials, handmade ecological wooden Waldorf toys and arts &amp; crafts supplies, school supplies, children&#039;s furniture and Montessori reference and parenting books.","publisher":{"@id":"https:\/\/teiaeducation.ch\/de\/#organization"},"alternateName":"Teia Education & Play","potentialAction":[{"@type":"SearchAction","target":{"@type":"EntryPoint","urlTemplate":"https:\/\/teiaeducation.ch\/de\/?s={search_term_string}"},"query-input":{"@type":"PropertyValueSpecification","valueRequired":true,"valueName":"search_term_string"}}],"inLanguage":"de-CH"},{"@type":"Organization","@id":"https:\/\/teiaeducation.ch\/de\/#organization","name":"Teia Education & Play","url":"https:\/\/teiaeducation.ch\/de\/","logo":{"@type":"ImageObject","inLanguage":"de-CH","@id":"https:\/\/teiaeducation.ch\/de\/#\/schema\/logo\/image\/","url":"https:\/\/teiaeducation.ch\/wp-content\/uploads\/2020\/11\/Teia-Education-Switzerland-e1620156442216.jpg","contentUrl":"https:\/\/teiaeducation.ch\/wp-content\/uploads\/2020\/11\/Teia-Education-Switzerland-e1620156442216.jpg","width":166,"height":145,"caption":"Teia Education & Play"},"image":{"@id":"https:\/\/teiaeducation.ch\/de\/#\/schema\/logo\/image\/"},"sameAs":["https:\/\/www.facebook.com\/teiaeducation\/","https:\/\/x.com\/EducationTeia","https:\/\/www.instagram.com\/teia.education\/","https:\/\/www.linkedin.com\/company\/35501660","https:\/\/www.pinterest.ch\/TeiaEducation\/"]}]}},"_links":{"self":[{"href":"https:\/\/teiaeducation.ch\/de\/wp-json\/wp\/v2\/product\/59220","targetHints":{"allow":["GET"]}}],"collection":[{"href":"https:\/\/teiaeducation.ch\/de\/wp-json\/wp\/v2\/product"}],"about":[{"href":"https:\/\/teiaeducation.ch\/de\/wp-json\/wp\/v2\/types\/product"}],"replies":[{"embeddable":true,"href":"https:\/\/teiaeducation.ch\/de\/wp-json\/wp\/v2\/comments?post=59220"}],"wp:featuredmedia":[{"embeddable":true,"href":"https:\/\/teiaeducation.ch\/de\/wp-json\/wp\/v2\/media\/59221"}],"wp:attachment":[{"href":"https:\/\/teiaeducation.ch\/de\/wp-json\/wp\/v2\/media?parent=59220"}],"wp:term":[{"taxonomy":"product_brand","embeddable":true,"href":"https:\/\/teiaeducation.ch\/de\/wp-json\/wp\/v2\/product_brand?post=59220"},{"taxonomy":"product_cat","embeddable":true,"href":"https:\/\/teiaeducation.ch\/de\/wp-json\/wp\/v2\/product_cat?post=59220"},{"taxonomy":"product_tag","embeddable":true,"href":"https:\/\/teiaeducation.ch\/de\/wp-json\/wp\/v2\/product_tag?post=59220"}],"curies":[{"name":"wp","href":"https:\/\/api.w.org\/{rel}","templated":true}]}}