{"id":59227,"date":"2020-12-17T09:24:27","date_gmt":"2020-12-17T08:24:27","guid":{"rendered":"https:\/\/teiaeducation.ch\/product\/hoelzernes-verflechtungsspiel-sina-spielzeug\/"},"modified":"2024-10-28T09:38:53","modified_gmt":"2024-10-28T08:38:53","slug":"hoelzernes-verflechtungsspiel-sina-spielzeug","status":"publish","type":"product","link":"https:\/\/teiaeducation.ch\/de\/produkt\/hoelzernes-verflechtungsspiel-sina-spielzeug\/","title":{"rendered":"H\u00f6lzernes Verflechtungsspiel Froebelp\u00e4dagogik &#8211; SINA Spielzeug"},"content":{"rendered":"<p>Das H\u00f6lzernes Verflechtungsspiel von SINA Spielzeug ist ein klassisches <a href=\"https:\/\/teiaeducation.ch\/product-category\/creative-art-craft\/\">Gestaltung<\/a>smittel der Froebelp\u00e4dagogik und wird als klassisches <a href=\"https:\/\/teiaeducation.ch\/product-category\/brands\/sina-spielzeug\/playing-items\/\">Spielger\u00e4t<\/a> eingestuft.<\/p>\n<p>Friedrich Froebel beschrieb das uralte Handwerk des Flechtens oder Webens als ein &#8220;Spiel mit Linien&#8221; mit vielen M\u00f6glichkeiten zum Lernen und zur Kreativit\u00e4t. Dieses Set enth\u00e4lt 120 d\u00fcnne Holzsp\u00e4ne in verschiedenen Regenbogen<a href=\"https:\/\/teiaeducation.ch\/product-category\/learning-themes\/sensory-motor-skills\/learning-about-colour\/\">farben<\/a>, mit denen sich viele sch\u00f6ne zweidimensionale Designs in der &#8220;Over and Under&#8221;-Webtechnik herstellen lassen.<\/p>\n<p>4 farbige Karten sind als Hintergr\u00fcnde enthalten, die mit Ihren unendlichen M\u00f6glichkeiten der farbigen Gestaltung harmonieren und diese hervorheben. Eine sch\u00f6ne Aktivit\u00e4t f\u00fcr die ganze Familie, die man gemeinsam genie\u00dfen kann!<\/p>\n<p>Das h\u00f6lzerne Verflechtungsspiel regt nicht nur Kreativit\u00e4t und Fantasie bei der Gestaltung von Mustern und \u00c4sthetik an, sondern f\u00f6rdert auch die F<a href=\"https:\/\/teiaeducation.ch\/product-category\/learning-themes\/sensory-motor-skills\/motor-skills\/\">einmotorik<\/a>, Geschicklichkeit, Ausdauer und Konzentration.<\/p>\n<p>Das H\u00f6lzernes Verflechtungsspiel wird nachhaltig in Deutschland hergestellt. Die hellen, farbenfrohen Holzst\u00e4bchen sind 25 cm lang und 1 cm breit und mit einer sicheren, ungiftigen Farbe auf Wasserbasis lackiert.<\/p>\n<p>Die deutsche Spielzeugmarke <a href=\"https:\/\/teiaeducation.ch\/product-category\/brands\/sina-spielzeug\/\">SINA Spielzeug<\/a> stellt seit \u00fcber 30 Jahren Holzspielzeug von h\u00f6chster Qualit\u00e4t her, das Erwachsene und Kinder zum gemeinsamen Spielen anregen soll. SINA Spielzeug hat eine starke regionale Identit\u00e4t und besch\u00e4ftigt einheimische Handwerker, die in der Region aufgewachsen sind und sich zum Naturmaterial Holz hingezogen f\u00fchlen und der Marke Verspieltheit, Fr\u00f6hlichkeit und Herzlichkeit einhauchen.<\/p>\n<p>Alle SINA Spielzeuge werden in der firmeneigenen Werkstatt in Neuhausen\/Erzgebirge, Deutschland, entworfen und von Hand gefertigt. Mit gr\u00f6\u00dfter Sorgfalt entwickelt und hergestellt, tr\u00e4gt jedes SINA Produkt das CE-Zeichen und erf\u00fcllt alle gesetzlichen Anforderungen der europ\u00e4ischen Spielzeugrichtlinie 2009\/48\/EG und der EN 71 f\u00fcr die Sicherheit von Spielzeug. Mehrere der SINA Spielzeuge sind mit dem <a href=\"https:\/\/www.spielgut.de\">Spielgut\u00ae<\/a>-Siegel ausgezeichnet worden.<\/p>\n<p>Von den Rohstofflieferanten werden hohe Sicherheits- und Ethikstandards sowie die Garantie verlangt, dass alle Materialien und Bestandteile f\u00fcr Kinder sicher und frei von Giftstoffen sind. SINA ist ein Familienunternehmen, dessen Sortiment didaktisches <a href=\"https:\/\/teiaeducation.ch\/product-category\/hgh-quality-toys-play\/handmade-wooden-toys\/\">Holzspielzeug<\/a>, Holzspielger\u00e4te f\u00fcr therapeutische Zwecke und Spielger\u00e4te einschlie\u00dflich der <a href=\"https:\/\/teiaeducation.ch\/product-category\/brands\/sina-spielzeug\/froebel-gaben-playing-items\/\">Geschenke<\/a> der <a href=\"https:\/\/teiaeducation.ch\/2022\/05\/24\/who-was-froebel-and-what-are-froebels-gifts\/\">Froebel-P\u00e4dagogik<\/a> umfasst.<\/p>\n<p>SINA Spielzeug ist Mitglied im <a href=\"https:\/\/www.dvsi.de\">Deutschen Verband der Spielwarenindustrie<\/a>, in der <a href=\"https:\/\/gutesholzspielzeug.de\">Fachgruppe Holzspielzeug<\/a> und im <a href=\"https:\/\/www.pfv.info\">Pestalozzi-Froebel-Verband<\/a>.<\/p>\n<p>Das SINA Spielzeug Holzverflechtungsspiel ist f\u00fcr Kinder ab 5 Jahren geeignet.<\/p>\n<p>Achtung: Kleinteile, nicht f\u00fcr Kinder unter 3 Jahren geeignet.<\/p>\n<p>Inhalt:<\/p>\n<p>120 farbige Holzteile<br \/>\n4 farbige Karten<\/p>\n","protected":false},"excerpt":{"rendered":"<p>Artikelnummer: 25200<\/p>\n<p>Das H\u00f6lzernes Verflechtungsspiel von SINA Spielzeug ist ein klassisches Gestaltungsmittel der Froebelp\u00e4dagogik und wird als klassisches Spielger\u00e4t eingestuft.<\/p>\n","protected":false},"featured_media":59228,"comment_status":"open","ping_status":"closed","template":"","meta":[],"product_brand":[],"product_cat":[21445,21446,21662,21479,21690,21480,21663,21488,21490,21484,23075,21447,21509,21481,22182,21559,21443,21563,21494,21496,21557,21661,21695,21678,21482,21564],"product_tag":[27995,27990,27970,27996,27993,27998,27999,27991,27997,27992,27994],"class_list":{"0":"post-59227","1":"product","2":"type-product","3":"status-publish","4":"has-post-thumbnail","6":"product_cat-3-6-jahre-vorschule","7":"product_cat-6-12-jahre-grundschule","8":"product_cat-aufbau-gewinde","9":"product_cat-lernmaterialien-spielzeug-montessori-waldorf-steiner-froebel","10":"product_cat-spiele-mit-offenem-ende","11":"product_cat-friedrich-froebel","12":"product_cat-froebel-gaben-spielmaterial","13":"product_cat-geschenk-guide-6-12-jahre-grundschule","14":"product_cat-geschenk-guide-kreativ","15":"product_cat-geschenk-guides","16":"product_cat-handgefertigtes-holzspielzeug","17":"product_cat-malen-basteln","18":"product_cat-lernthemen","19":"product_cat-montessori-paedagogik-material-spielzeug","20":"product_cat-montessori-spielzeug","21":"product_cat-motorische-fertigkeiten","22":"product_cat-nach-alter","23":"product_cat-neuheiten","24":"product_cat-schulbedarf-fuer-zuhause","25":"product_cat-schulbedarf-fuer-zuhause-6-12-jahre","26":"product_cat-sensorische-motorische-fertigkeiten","27":"product_cat-sina-spielzeug-de","28":"product_cat-sinnliches-spiel","29":"product_cat-kinder-spielzeug","30":"product_cat-traditionelle-bildung","31":"product_cat-unsere-marken","32":"product_tag-froebel-aktivitat","33":"product_tag-froebel-padagogisches-spielzeug","34":"product_tag-froebel-spiele-schweiz","35":"product_tag-froebel-spiel-mit-linien","36":"product_tag-holzflechtspiel","37":"product_tag-holzschienen-zum-weben","38":"product_tag-kreative-designspiele","39":"product_tag-sina-spielzeug-holzernes-verflechtungsspiel","40":"product_tag-sina-spielzeug-schweiz-de","41":"product_tag-verflechtungsspiel","42":"product_tag-weben-mit-holz","44":"first","45":"instock","46":"taxable","47":"shipping-taxable","48":"purchasable","49":"product-type-simple"},"yoast_head":"<!-- This site is optimized with the Yoast SEO Premium plugin v25.8 (Yoast SEO v27.4) - https:\/\/yoast.com\/product\/yoast-seo-premium-wordpress\/ -->\n<title>H\u00f6lzernes Verflechtungsspiel \u2013 SINA Spielzeug<\/title>\n<meta name=\"description\" content=\"Das H\u00f6lzernes Verflechtungsspiel von SINA Spielzeug ist ein klassisches Froebel-Kreativspiel zum Flechten von Holzschienen zu zweidimensionalen Formen.\" \/>\n<meta name=\"robots\" content=\"index, follow, max-snippet:-1, max-image-preview:large, max-video-preview:-1\" \/>\n<link rel=\"canonical\" href=\"https:\/\/teiaeducation.ch\/de\/produkt\/hoelzernes-verflechtungsspiel-sina-spielzeug\/\" \/>\n<meta property=\"og:locale\" content=\"de_DE\" \/>\n<meta property=\"og:type\" content=\"article\" \/>\n<meta property=\"og:title\" content=\"H\u00f6lzernes Verflechtungsspiel Froebelp\u00e4dagogik - SINA Spielzeug\" \/>\n<meta property=\"og:description\" content=\"Das H\u00f6lzernes Verflechtungsspiel von SINA Spielzeug ist ein klassisches Froebel-Kreativspiel zum Flechten von Holzschienen zu zweidimensionalen Formen.\" \/>\n<meta property=\"og:url\" content=\"https:\/\/teiaeducation.ch\/de\/produkt\/hoelzernes-verflechtungsspiel-sina-spielzeug\/\" \/>\n<meta property=\"og:site_name\" content=\"Sustainable Educational Products &amp; Ecological Toys\u00a0\" \/>\n<meta property=\"article:publisher\" content=\"https:\/\/www.facebook.com\/teiaeducation\/\" \/>\n<meta property=\"article:modified_time\" content=\"2024-10-28T08:38:53+00:00\" \/>\n<meta property=\"og:image\" content=\"https:\/\/teiaeducation.ch\/wp-content\/uploads\/2020\/12\/Wooden-interlacing-game-Froebel-playing-item-SINA-Spielzeug-scaled.jpg\" \/>\n\t<meta property=\"og:image:width\" content=\"900\" \/>\n\t<meta property=\"og:image:height\" content=\"900\" \/>\n\t<meta property=\"og:image:type\" content=\"image\/jpeg\" \/>\n<script type=\"application\/ld+json\" class=\"yoast-schema-graph\">{\"@context\":\"https:\\\/\\\/schema.org\",\"@graph\":[{\"@type\":\"WebPage\",\"@id\":\"https:\\\/\\\/teiaeducation.ch\\\/de\\\/produkt\\\/hoelzernes-verflechtungsspiel-sina-spielzeug\\\/\",\"url\":\"https:\\\/\\\/teiaeducation.ch\\\/de\\\/produkt\\\/hoelzernes-verflechtungsspiel-sina-spielzeug\\\/\",\"name\":\"H\u00f6lzernes Verflechtungsspiel \u2013 SINA Spielzeug\",\"isPartOf\":{\"@id\":\"https:\\\/\\\/teiaeducation.ch\\\/de\\\/#website\"},\"primaryImageOfPage\":{\"@id\":\"https:\\\/\\\/teiaeducation.ch\\\/de\\\/produkt\\\/hoelzernes-verflechtungsspiel-sina-spielzeug\\\/#primaryimage\"},\"image\":{\"@id\":\"https:\\\/\\\/teiaeducation.ch\\\/de\\\/produkt\\\/hoelzernes-verflechtungsspiel-sina-spielzeug\\\/#primaryimage\"},\"thumbnailUrl\":\"https:\\\/\\\/teiaeducation.ch\\\/wp-content\\\/uploads\\\/2020\\\/12\\\/Wooden-interlacing-game-Froebel-playing-item-SINA-Spielzeug-scaled.jpg\",\"datePublished\":\"2020-12-17T08:24:27+00:00\",\"dateModified\":\"2024-10-28T08:38:53+00:00\",\"description\":\"Das H\u00f6lzernes Verflechtungsspiel von SINA Spielzeug ist ein klassisches Froebel-Kreativspiel zum Flechten von Holzschienen zu zweidimensionalen Formen.\",\"breadcrumb\":{\"@id\":\"https:\\\/\\\/teiaeducation.ch\\\/de\\\/produkt\\\/hoelzernes-verflechtungsspiel-sina-spielzeug\\\/#breadcrumb\"},\"inLanguage\":\"de-CH\",\"potentialAction\":[{\"@type\":\"ReadAction\",\"target\":[\"https:\\\/\\\/teiaeducation.ch\\\/de\\\/produkt\\\/hoelzernes-verflechtungsspiel-sina-spielzeug\\\/\"]}]},{\"@type\":\"ImageObject\",\"inLanguage\":\"de-CH\",\"@id\":\"https:\\\/\\\/teiaeducation.ch\\\/de\\\/produkt\\\/hoelzernes-verflechtungsspiel-sina-spielzeug\\\/#primaryimage\",\"url\":\"https:\\\/\\\/teiaeducation.ch\\\/wp-content\\\/uploads\\\/2020\\\/12\\\/Wooden-interlacing-game-Froebel-playing-item-SINA-Spielzeug-scaled.jpg\",\"contentUrl\":\"https:\\\/\\\/teiaeducation.ch\\\/wp-content\\\/uploads\\\/2020\\\/12\\\/Wooden-interlacing-game-Froebel-playing-item-SINA-Spielzeug-scaled.jpg\",\"width\":900,\"height\":900,\"caption\":\"H\u00f6lzernes Verflechtungsspiel : Froebel Spielzeug - SINA Spielzeug\"},{\"@type\":\"BreadcrumbList\",\"@id\":\"https:\\\/\\\/teiaeducation.ch\\\/de\\\/produkt\\\/hoelzernes-verflechtungsspiel-sina-spielzeug\\\/#breadcrumb\",\"itemListElement\":[{\"@type\":\"ListItem\",\"position\":1,\"name\":\"Home\",\"item\":\"https:\\\/\\\/teiaeducation.ch\\\/de\\\/\"},{\"@type\":\"ListItem\",\"position\":2,\"name\":\"Laden\",\"item\":\"https:\\\/\\\/teiaeducation.ch\\\/de\\\/shop\\\/\"},{\"@type\":\"ListItem\",\"position\":3,\"name\":\"Unsere Marken\",\"item\":\"https:\\\/\\\/teiaeducation.ch\\\/de\\\/produkt-kategorie\\\/unsere-marken\\\/\"},{\"@type\":\"ListItem\",\"position\":4,\"name\":\"SINA Spielzeug\",\"item\":\"https:\\\/\\\/teiaeducation.ch\\\/de\\\/produkt-kategorie\\\/unsere-marken\\\/sina-spielzeug-de\\\/\"},{\"@type\":\"ListItem\",\"position\":5,\"name\":\"Aufbau &amp; Gewinde\",\"item\":\"https:\\\/\\\/teiaeducation.ch\\\/de\\\/produkt-kategorie\\\/unsere-marken\\\/sina-spielzeug-de\\\/aufbau-gewinde\\\/\"},{\"@type\":\"ListItem\",\"position\":6,\"name\":\"H\u00f6lzernes Verflechtungsspiel Froebelp\u00e4dagogik &#8211; SINA Spielzeug\"}]},{\"@type\":\"WebSite\",\"@id\":\"https:\\\/\\\/teiaeducation.ch\\\/de\\\/#website\",\"url\":\"https:\\\/\\\/teiaeducation.ch\\\/de\\\/\",\"name\":\"Sustainable Educational Products &amp; Ecological Toys\u00a0\",\"description\":\"Specialised Swiss shop selling sustainable educational toys and games, AMI certified Montessori materials, handmade ecological wooden Waldorf toys and arts &amp; crafts supplies, school supplies, children&#039;s furniture and Montessori reference and parenting books.\",\"publisher\":{\"@id\":\"https:\\\/\\\/teiaeducation.ch\\\/de\\\/#organization\"},\"alternateName\":\"Teia Education & Play\",\"potentialAction\":[{\"@type\":\"SearchAction\",\"target\":{\"@type\":\"EntryPoint\",\"urlTemplate\":\"https:\\\/\\\/teiaeducation.ch\\\/de\\\/?s={search_term_string}\"},\"query-input\":{\"@type\":\"PropertyValueSpecification\",\"valueRequired\":true,\"valueName\":\"search_term_string\"}}],\"inLanguage\":\"de-CH\"},{\"@type\":\"Organization\",\"@id\":\"https:\\\/\\\/teiaeducation.ch\\\/de\\\/#organization\",\"name\":\"Teia Education & Play\",\"url\":\"https:\\\/\\\/teiaeducation.ch\\\/de\\\/\",\"logo\":{\"@type\":\"ImageObject\",\"inLanguage\":\"de-CH\",\"@id\":\"https:\\\/\\\/teiaeducation.ch\\\/de\\\/#\\\/schema\\\/logo\\\/image\\\/\",\"url\":\"https:\\\/\\\/teiaeducation.ch\\\/wp-content\\\/uploads\\\/2020\\\/11\\\/Teia-Education-Switzerland-e1620156442216.jpg\",\"contentUrl\":\"https:\\\/\\\/teiaeducation.ch\\\/wp-content\\\/uploads\\\/2020\\\/11\\\/Teia-Education-Switzerland-e1620156442216.jpg\",\"width\":166,\"height\":145,\"caption\":\"Teia Education & Play\"},\"image\":{\"@id\":\"https:\\\/\\\/teiaeducation.ch\\\/de\\\/#\\\/schema\\\/logo\\\/image\\\/\"},\"sameAs\":[\"https:\\\/\\\/www.facebook.com\\\/teiaeducation\\\/\",\"https:\\\/\\\/x.com\\\/EducationTeia\",\"https:\\\/\\\/www.instagram.com\\\/teia.education\\\/\",\"https:\\\/\\\/www.linkedin.com\\\/company\\\/35501660\",\"https:\\\/\\\/www.pinterest.ch\\\/TeiaEducation\\\/\"]}]}<\/script>\n<meta property=\"product:price:amount\" content=\"76.90\" \/>\n<meta property=\"product:price:currency\" content=\"CHF\" \/>\n<meta property=\"og:availability\" content=\"instock\" \/>\n<meta property=\"product:availability\" content=\"instock\" \/>\n<meta property=\"product:retailer_item_id\" content=\"00000000000000000000000000000000000000000000033038\" \/>\n<meta property=\"product:condition\" content=\"new\" \/>\n<!-- \/ Yoast SEO Premium plugin. -->","yoast_head_json":{"title":"H\u00f6lzernes Verflechtungsspiel \u2013 SINA Spielzeug","description":"Das H\u00f6lzernes Verflechtungsspiel von SINA Spielzeug ist ein klassisches Froebel-Kreativspiel zum Flechten von Holzschienen zu zweidimensionalen Formen.","robots":{"index":"index","follow":"follow","max-snippet":"max-snippet:-1","max-image-preview":"max-image-preview:large","max-video-preview":"max-video-preview:-1"},"canonical":"https:\/\/teiaeducation.ch\/de\/produkt\/hoelzernes-verflechtungsspiel-sina-spielzeug\/","og_locale":"de_DE","og_type":"article","og_title":"H\u00f6lzernes Verflechtungsspiel Froebelp\u00e4dagogik - SINA Spielzeug","og_description":"Das H\u00f6lzernes Verflechtungsspiel von SINA Spielzeug ist ein klassisches Froebel-Kreativspiel zum Flechten von Holzschienen zu zweidimensionalen Formen.","og_url":"https:\/\/teiaeducation.ch\/de\/produkt\/hoelzernes-verflechtungsspiel-sina-spielzeug\/","og_site_name":"Sustainable Educational Products &amp; Ecological Toys\u00a0","article_publisher":"https:\/\/www.facebook.com\/teiaeducation\/","article_modified_time":"2024-10-28T08:38:53+00:00","og_image":[{"width":900,"height":900,"url":"https:\/\/teiaeducation.ch\/wp-content\/uploads\/2020\/12\/Wooden-interlacing-game-Froebel-playing-item-SINA-Spielzeug-scaled.jpg","type":"image\/jpeg"}],"schema":{"@context":"https:\/\/schema.org","@graph":[{"@type":"WebPage","@id":"https:\/\/teiaeducation.ch\/de\/produkt\/hoelzernes-verflechtungsspiel-sina-spielzeug\/","url":"https:\/\/teiaeducation.ch\/de\/produkt\/hoelzernes-verflechtungsspiel-sina-spielzeug\/","name":"H\u00f6lzernes Verflechtungsspiel \u2013 SINA Spielzeug","isPartOf":{"@id":"https:\/\/teiaeducation.ch\/de\/#website"},"primaryImageOfPage":{"@id":"https:\/\/teiaeducation.ch\/de\/produkt\/hoelzernes-verflechtungsspiel-sina-spielzeug\/#primaryimage"},"image":{"@id":"https:\/\/teiaeducation.ch\/de\/produkt\/hoelzernes-verflechtungsspiel-sina-spielzeug\/#primaryimage"},"thumbnailUrl":"https:\/\/teiaeducation.ch\/wp-content\/uploads\/2020\/12\/Wooden-interlacing-game-Froebel-playing-item-SINA-Spielzeug-scaled.jpg","datePublished":"2020-12-17T08:24:27+00:00","dateModified":"2024-10-28T08:38:53+00:00","description":"Das H\u00f6lzernes Verflechtungsspiel von SINA Spielzeug ist ein klassisches Froebel-Kreativspiel zum Flechten von Holzschienen zu zweidimensionalen Formen.","breadcrumb":{"@id":"https:\/\/teiaeducation.ch\/de\/produkt\/hoelzernes-verflechtungsspiel-sina-spielzeug\/#breadcrumb"},"inLanguage":"de-CH","potentialAction":[{"@type":"ReadAction","target":["https:\/\/teiaeducation.ch\/de\/produkt\/hoelzernes-verflechtungsspiel-sina-spielzeug\/"]}]},{"@type":"ImageObject","inLanguage":"de-CH","@id":"https:\/\/teiaeducation.ch\/de\/produkt\/hoelzernes-verflechtungsspiel-sina-spielzeug\/#primaryimage","url":"https:\/\/teiaeducation.ch\/wp-content\/uploads\/2020\/12\/Wooden-interlacing-game-Froebel-playing-item-SINA-Spielzeug-scaled.jpg","contentUrl":"https:\/\/teiaeducation.ch\/wp-content\/uploads\/2020\/12\/Wooden-interlacing-game-Froebel-playing-item-SINA-Spielzeug-scaled.jpg","width":900,"height":900,"caption":"H\u00f6lzernes Verflechtungsspiel : Froebel Spielzeug - SINA Spielzeug"},{"@type":"BreadcrumbList","@id":"https:\/\/teiaeducation.ch\/de\/produkt\/hoelzernes-verflechtungsspiel-sina-spielzeug\/#breadcrumb","itemListElement":[{"@type":"ListItem","position":1,"name":"Home","item":"https:\/\/teiaeducation.ch\/de\/"},{"@type":"ListItem","position":2,"name":"Laden","item":"https:\/\/teiaeducation.ch\/de\/shop\/"},{"@type":"ListItem","position":3,"name":"Unsere Marken","item":"https:\/\/teiaeducation.ch\/de\/produkt-kategorie\/unsere-marken\/"},{"@type":"ListItem","position":4,"name":"SINA Spielzeug","item":"https:\/\/teiaeducation.ch\/de\/produkt-kategorie\/unsere-marken\/sina-spielzeug-de\/"},{"@type":"ListItem","position":5,"name":"Aufbau &amp; Gewinde","item":"https:\/\/teiaeducation.ch\/de\/produkt-kategorie\/unsere-marken\/sina-spielzeug-de\/aufbau-gewinde\/"},{"@type":"ListItem","position":6,"name":"H\u00f6lzernes Verflechtungsspiel Froebelp\u00e4dagogik &#8211; SINA Spielzeug"}]},{"@type":"WebSite","@id":"https:\/\/teiaeducation.ch\/de\/#website","url":"https:\/\/teiaeducation.ch\/de\/","name":"Sustainable Educational Products &amp; Ecological Toys\u00a0","description":"Specialised Swiss shop selling sustainable educational toys and games, AMI certified Montessori materials, handmade ecological wooden Waldorf toys and arts &amp; crafts supplies, school supplies, children&#039;s furniture and Montessori reference and parenting books.","publisher":{"@id":"https:\/\/teiaeducation.ch\/de\/#organization"},"alternateName":"Teia Education & Play","potentialAction":[{"@type":"SearchAction","target":{"@type":"EntryPoint","urlTemplate":"https:\/\/teiaeducation.ch\/de\/?s={search_term_string}"},"query-input":{"@type":"PropertyValueSpecification","valueRequired":true,"valueName":"search_term_string"}}],"inLanguage":"de-CH"},{"@type":"Organization","@id":"https:\/\/teiaeducation.ch\/de\/#organization","name":"Teia Education & Play","url":"https:\/\/teiaeducation.ch\/de\/","logo":{"@type":"ImageObject","inLanguage":"de-CH","@id":"https:\/\/teiaeducation.ch\/de\/#\/schema\/logo\/image\/","url":"https:\/\/teiaeducation.ch\/wp-content\/uploads\/2020\/11\/Teia-Education-Switzerland-e1620156442216.jpg","contentUrl":"https:\/\/teiaeducation.ch\/wp-content\/uploads\/2020\/11\/Teia-Education-Switzerland-e1620156442216.jpg","width":166,"height":145,"caption":"Teia Education & Play"},"image":{"@id":"https:\/\/teiaeducation.ch\/de\/#\/schema\/logo\/image\/"},"sameAs":["https:\/\/www.facebook.com\/teiaeducation\/","https:\/\/x.com\/EducationTeia","https:\/\/www.instagram.com\/teia.education\/","https:\/\/www.linkedin.com\/company\/35501660","https:\/\/www.pinterest.ch\/TeiaEducation\/"]}]},"product_price_amount":"76.90","product_price_currency":"CHF","og_availability":"instock","product_availability":"instock","product_retailer_item_id":"00000000000000000000000000000000000000000000033038","product_condition":"new"},"_links":{"self":[{"href":"https:\/\/teiaeducation.ch\/de\/wp-json\/wp\/v2\/product\/59227","targetHints":{"allow":["GET"]}}],"collection":[{"href":"https:\/\/teiaeducation.ch\/de\/wp-json\/wp\/v2\/product"}],"about":[{"href":"https:\/\/teiaeducation.ch\/de\/wp-json\/wp\/v2\/types\/product"}],"replies":[{"embeddable":true,"href":"https:\/\/teiaeducation.ch\/de\/wp-json\/wp\/v2\/comments?post=59227"}],"wp:featuredmedia":[{"embeddable":true,"href":"https:\/\/teiaeducation.ch\/de\/wp-json\/wp\/v2\/media\/59228"}],"wp:attachment":[{"href":"https:\/\/teiaeducation.ch\/de\/wp-json\/wp\/v2\/media?parent=59227"}],"wp:term":[{"taxonomy":"product_brand","embeddable":true,"href":"https:\/\/teiaeducation.ch\/de\/wp-json\/wp\/v2\/product_brand?post=59227"},{"taxonomy":"product_cat","embeddable":true,"href":"https:\/\/teiaeducation.ch\/de\/wp-json\/wp\/v2\/product_cat?post=59227"},{"taxonomy":"product_tag","embeddable":true,"href":"https:\/\/teiaeducation.ch\/de\/wp-json\/wp\/v2\/product_tag?post=59227"}],"curies":[{"name":"wp","href":"https:\/\/api.w.org\/{rel}","templated":true}]}}