{"id":59231,"date":"2020-12-17T08:46:40","date_gmt":"2020-12-17T07:46:40","guid":{"rendered":"https:\/\/teiaeducation.ch\/product\/welt-der-kleinen-bausteine-sina-spielzeug\/"},"modified":"2025-12-11T18:13:29","modified_gmt":"2025-12-11T17:13:29","slug":"welt-der-kleinen-bausteine-sina-spielzeug","status":"publish","type":"product","link":"https:\/\/teiaeducation.ch\/de\/produkt\/welt-der-kleinen-bausteine-sina-spielzeug\/","title":{"rendered":"Welt der kleinen Bausteine &#8211; SINA Spielzeug"},"content":{"rendered":"<p>Die handgefertigte Welt der kleinen Bausteine von SINA Spielzeug ist so konzipiert, dass sie dem <a href=\"https:\/\/teiaeducation.ch\/de\/produkt-kategorie\/lernthemen\/mathematik-rechnen\/\">mathematischen<\/a> Modell der Froebelschen P\u00e4dagogik folgt und gleichzeitig das freie k\u00fcnstlerische Denken und Gestalten f\u00f6rdert.<\/p>\n<p>Ein modernes und farbenfrohes <a href=\"https:\/\/teiaeducation.ch\/de\/produkt-kategorie\/kinder-spielzeug\/baukloetze-aus-holz\/\">Baukl\u00f6tzchen<\/a>-Set wie kein anderes. Das 76-teilige Set besteht aus traditionellen, handgefertigten, nachhaltigen Vollholzformen von Kugeln, Zylindern, W\u00fcrfeln und Teilk\u00f6rpern, sowie Scheiben, Kegeln, Kegelteilen, Halbkugeln, Parabaloiden und Teilparabaloiden.<\/p>\n<p>Beim Spielen mit diesem Set k\u00f6nnen Kinder die mathematische Beziehung zwischen diesen festen <a href=\"https:\/\/teiaeducation.ch\/de\/produkt-kategorie\/lernthemen\/mathematik-rechnen\/formen\/\">Formen<\/a> verstehen und spielerisch lernen. Neben dem freien Spiel ist auch eine fotokopierbare Rastervorlage enthalten, mit der die Kinder ihre Entw\u00fcrfe planen und bauen k\u00f6nnen.<\/p>\n<p>Die Welt der kleinen Bausteine von SINA Spielzeug, entworfen von Daniel Fischer, wird in Deutschland nachhaltig aus Buchenholz hergestellt. Das Set enth\u00e4lt eine sch\u00f6ne Mischung aus naturbelassenen Bl\u00f6cken und leuchtenden, bunten Bl\u00f6cken, die mit sicherer, ungiftiger Wasserfarbe bemalt sind.<\/p>\n<p>Die deutsche Spielzeugmarke <a href=\"https:\/\/teiaeducation.ch\/de\/produkt-kategorie\/unsere-marken\/sina-spielzeug-de\/\">SINA Spielzeug<\/a> stellt seit \u00fcber 30 Jahren Holzspielzeug von h\u00f6chster Qualit\u00e4t her, das Erwachsene und Kinder zum gemeinsamen Spielen anregen soll. SINA Spielzeug hat eine starke regionale Identit\u00e4t und besch\u00e4ftigt einheimische Handwerker, die in der Region aufgewachsen sind und sich zum Naturmaterial Holz hingezogen f\u00fchlen und der Marke Verspieltheit, Fr\u00f6hlichkeit und Herzlichkeit einhauchen.<\/p>\n<p>Alle SINA Spielzeuge werden in der firmeneigenen Werkstatt in Neuhausen\/Erzgebirge, Deutschland, entworfen und von Hand gefertigt. Mit gr\u00f6\u00dfter Sorgfalt entwickelt und hergestellt, tr\u00e4gt jedes SINA Produkt das CE-Zeichen und erf\u00fcllt alle gesetzlichen Anforderungen der europ\u00e4ischen Spielzeugrichtlinie 2009\/48\/EG und der EN 71 f\u00fcr die Sicherheit von Spielzeug. Mehrere der SINA Spielzeuge sind mit dem <a href=\"https:\/\/www.spielgut.de\">Spielgut\u00ae<\/a>-Siegel ausgezeichnet worden.<\/p>\n<p>Von den Rohstofflieferanten werden hohe Sicherheits- und Ethikstandards sowie die Garantie verlangt, dass alle Materialien und Bestandteile f\u00fcr Kinder sicher und frei von Giftstoffen sind. SINA ist ein Familienunternehmen, dessen Sortiment didaktisches <a href=\"https:\/\/teiaeducation.ch\/de\/produkt-kategorie\/kinder-spielzeug\/handgefertigtes-holzspielzeug\/\">Holzspielzeug<\/a>, Holzspielger\u00e4te f\u00fcr therapeutische Zwecke und Spielger\u00e4te einschlie\u00dflich der <a href=\"https:\/\/teiaeducation.ch\/de\/produkt-kategorie\/unsere-marken\/sina-spielzeug-de\/froebel-gaben-spielmaterial\/\">Geschenke<\/a> der <a href=\"https:\/\/teiaeducation.ch\/2022\/05\/24\/who-was-froebel-and-what-are-froebels-gifts\/\">Froebel-P\u00e4dagogik<\/a> umfasst.<\/p>\n<p>SINA Spielzeug ist Mitglied im <a href=\"https:\/\/www.dvsi.de\">Deutschen Verband der Spielwarenindustrie<\/a>, in der <a href=\"https:\/\/gutesholzspielzeug.de\">Fachgruppe Holzspielzeug<\/a> und im <a href=\"https:\/\/www.pfv.info\">Pestalozzi-Froebel-Verband<\/a>.<\/p>\n<p>Die SINA Spielzeug Welt der kleinen Bausteine ist f\u00fcr Kinder ab 3 Jahren geeignet.<\/p>\n<p>Achtung: Kleinteile, nicht f\u00fcr Kinder unter 3 Jahren geeignet.<\/p>\n<p>Inhalt:<\/p>\n<p>76 Holzteile<br \/>\n1 Gittervorlage<br \/>\nAnweisungen<\/p>\n","protected":false},"excerpt":{"rendered":"<p>Artikelnummer: 40000<\/p>\n<p>Die handgefertigte nachhaltige Holzbausteinwelt von SINA Spielzeug enth\u00e4lt die mathematischen K\u00f6rper der Froebelschen P\u00e4dagogik und f\u00f6rdert die mathematischen F\u00e4higkeiten.<\/p>\n","protected":false},"featured_media":72244,"comment_status":"open","ping_status":"closed","template":"","meta":[],"product_brand":[],"product_cat":[21445,21446,21662,21704,21479,21550,21480,21663,21544,21487,21491,21484,23075,21509,21537,21559,21443,21563,21494,21496,21557,21661,21678,21564],"product_tag":[27643,28001,28002,27990,28003,28004,27511,28000,28005],"class_list":{"0":"post-59231","1":"product","2":"type-product","3":"status-publish","4":"has-post-thumbnail","6":"product_cat-3-6-jahre-vorschule","7":"product_cat-6-12-jahre-grundschule","8":"product_cat-aufbau-gewinde","9":"product_cat-baukloetze-aus-holz","10":"product_cat-lernmaterialien-spielzeug-montessori-waldorf-steiner-froebel","11":"product_cat-formen","12":"product_cat-friedrich-froebel","13":"product_cat-froebel-gaben-spielmaterial","14":"product_cat-geometrie-de","15":"product_cat-geschenk-guide-3-6-jahre-vorschule","16":"product_cat-geschenk-guide-lerngeschenke","17":"product_cat-geschenk-guides","18":"product_cat-handgefertigtes-holzspielzeug","19":"product_cat-lernthemen","20":"product_cat-mathematik-rechnen","21":"product_cat-motorische-fertigkeiten","22":"product_cat-nach-alter","23":"product_cat-neuheiten","24":"product_cat-schulbedarf-fuer-zuhause","25":"product_cat-schulbedarf-fuer-zuhause-6-12-jahre","26":"product_cat-sensorische-motorische-fertigkeiten","27":"product_cat-sina-spielzeug-de","28":"product_cat-kinder-spielzeug","29":"product_cat-unsere-marken","30":"product_tag-bauklotze-aus-holz","31":"product_tag-froebel-bauklotze","32":"product_tag-froebel-bauklotze-de","33":"product_tag-froebel-padagogisches-spielzeug","34":"product_tag-mathematische-festkorper","35":"product_tag-mathematische-materialien","36":"product_tag-mathematisches-spiel","37":"product_tag-sina-spielzeug-welt-der-kleinen-bausteine","38":"product_tag-welt-der-kleinen-bausteine-sina-spielzeug","40":"first","41":"instock","42":"taxable","43":"shipping-taxable","44":"purchasable","45":"product-type-simple"},"yoast_head":"<!-- This site is optimized with the Yoast SEO plugin v27.1.1 - https:\/\/yoast.com\/product\/yoast-seo-wordpress\/ -->\n<title>Welt der kleinen Bausteine - SINA Spielzeug<\/title>\n<meta name=\"description\" content=\"SINA Spielzeug handgefertigte nachhaltige Holzbausteinwelt enth\u00e4lt die mathematischen K\u00f6rper der Froebelschen P\u00e4dagogik und f\u00f6rdert die mathematischen F\u00e4higkeiten.\" \/>\n<meta name=\"robots\" content=\"index, follow, max-snippet:-1, max-image-preview:large, max-video-preview:-1\" \/>\n<link rel=\"canonical\" href=\"https:\/\/teiaeducation.ch\/de\/produkt\/welt-der-kleinen-bausteine-sina-spielzeug\/\" \/>\n<meta property=\"og:locale\" content=\"de_DE\" \/>\n<meta property=\"og:type\" content=\"article\" \/>\n<meta property=\"og:title\" content=\"Welt der kleinen Bausteine - SINA Spielzeug\" \/>\n<meta property=\"og:description\" content=\"SINA Spielzeug handgefertigte nachhaltige Holzbausteinwelt enth\u00e4lt die mathematischen K\u00f6rper der Froebelschen P\u00e4dagogik und f\u00f6rdert die mathematischen F\u00e4higkeiten.\" \/>\n<meta property=\"og:url\" content=\"https:\/\/teiaeducation.ch\/de\/produkt\/welt-der-kleinen-bausteine-sina-spielzeug\/\" \/>\n<meta property=\"og:site_name\" content=\"Sustainable Educational Products &amp; Ecological Toys\u00a0\" \/>\n<meta property=\"article:publisher\" content=\"https:\/\/www.facebook.com\/teiaeducation\/\" \/>\n<meta property=\"article:modified_time\" content=\"2025-12-11T17:13:29+00:00\" \/>\n<meta property=\"og:image\" content=\"https:\/\/teiaeducation.ch\/wp-content\/uploads\/2020\/12\/Small-building-blocks-world-SINA-Spielzeug-scaled.jpg\" \/>\n\t<meta property=\"og:image:width\" content=\"1200\" \/>\n\t<meta property=\"og:image:height\" content=\"801\" \/>\n\t<meta property=\"og:image:type\" content=\"image\/jpeg\" \/>\n<script type=\"application\/ld+json\" class=\"yoast-schema-graph\">{\"@context\":\"https:\/\/schema.org\",\"@graph\":[{\"@type\":\"WebPage\",\"@id\":\"https:\/\/teiaeducation.ch\/de\/produkt\/welt-der-kleinen-bausteine-sina-spielzeug\/\",\"url\":\"https:\/\/teiaeducation.ch\/de\/produkt\/welt-der-kleinen-bausteine-sina-spielzeug\/\",\"name\":\"Welt der kleinen Bausteine - SINA Spielzeug\",\"isPartOf\":{\"@id\":\"https:\/\/teiaeducation.ch\/de\/#website\"},\"primaryImageOfPage\":{\"@id\":\"https:\/\/teiaeducation.ch\/de\/produkt\/welt-der-kleinen-bausteine-sina-spielzeug\/#primaryimage\"},\"image\":{\"@id\":\"https:\/\/teiaeducation.ch\/de\/produkt\/welt-der-kleinen-bausteine-sina-spielzeug\/#primaryimage\"},\"thumbnailUrl\":\"https:\/\/teiaeducation.ch\/wp-content\/uploads\/2020\/12\/Small-building-blocks-world-SINA-Spielzeug-1.jpg\",\"datePublished\":\"2020-12-17T07:46:40+00:00\",\"dateModified\":\"2025-12-11T17:13:29+00:00\",\"description\":\"SINA Spielzeug handgefertigte nachhaltige Holzbausteinwelt enth\u00e4lt die mathematischen K\u00f6rper der Froebelschen P\u00e4dagogik und f\u00f6rdert die mathematischen F\u00e4higkeiten.\",\"breadcrumb\":{\"@id\":\"https:\/\/teiaeducation.ch\/de\/produkt\/welt-der-kleinen-bausteine-sina-spielzeug\/#breadcrumb\"},\"inLanguage\":\"de-CH\",\"potentialAction\":[{\"@type\":\"ReadAction\",\"target\":[\"https:\/\/teiaeducation.ch\/de\/produkt\/welt-der-kleinen-bausteine-sina-spielzeug\/\"]}]},{\"@type\":\"ImageObject\",\"inLanguage\":\"de-CH\",\"@id\":\"https:\/\/teiaeducation.ch\/de\/produkt\/welt-der-kleinen-bausteine-sina-spielzeug\/#primaryimage\",\"url\":\"https:\/\/teiaeducation.ch\/wp-content\/uploads\/2020\/12\/Small-building-blocks-world-SINA-Spielzeug-1.jpg\",\"contentUrl\":\"https:\/\/teiaeducation.ch\/wp-content\/uploads\/2020\/12\/Small-building-blocks-world-SINA-Spielzeug-1.jpg\",\"width\":1080,\"height\":1080,\"caption\":\"Small building blocks world - SINA Spielzeug\"},{\"@type\":\"BreadcrumbList\",\"@id\":\"https:\/\/teiaeducation.ch\/de\/produkt\/welt-der-kleinen-bausteine-sina-spielzeug\/#breadcrumb\",\"itemListElement\":[{\"@type\":\"ListItem\",\"position\":1,\"name\":\"Home\",\"item\":\"https:\/\/teiaeducation.ch\/de\/\"},{\"@type\":\"ListItem\",\"position\":2,\"name\":\"Laden\",\"item\":\"https:\/\/teiaeducation.ch\/de\/shop\/\"},{\"@type\":\"ListItem\",\"position\":3,\"name\":\"Unsere Marken\",\"item\":\"https:\/\/teiaeducation.ch\/de\/produkt-kategorie\/unsere-marken\/\"},{\"@type\":\"ListItem\",\"position\":4,\"name\":\"SINA Spielzeug\",\"item\":\"https:\/\/teiaeducation.ch\/de\/produkt-kategorie\/unsere-marken\/sina-spielzeug-de\/\"},{\"@type\":\"ListItem\",\"position\":5,\"name\":\"Froebel Gaben &amp; Spielmaterial\",\"item\":\"https:\/\/teiaeducation.ch\/de\/produkt-kategorie\/unsere-marken\/sina-spielzeug-de\/froebel-gaben-spielmaterial\/\"},{\"@type\":\"ListItem\",\"position\":6,\"name\":\"Welt der kleinen Bausteine &#8211; SINA Spielzeug\"}]},{\"@type\":\"WebSite\",\"@id\":\"https:\/\/teiaeducation.ch\/de\/#website\",\"url\":\"https:\/\/teiaeducation.ch\/de\/\",\"name\":\"Sustainable Educational Products &amp; Ecological Toys\u00a0\",\"description\":\"Specialised Swiss shop selling sustainable educational toys and games, AMI certified Montessori materials, handmade ecological wooden Waldorf toys and arts &amp; crafts supplies, school supplies, children&#039;s furniture and Montessori reference and parenting books.\",\"publisher\":{\"@id\":\"https:\/\/teiaeducation.ch\/de\/#organization\"},\"alternateName\":\"Teia Education & Play\",\"potentialAction\":[{\"@type\":\"SearchAction\",\"target\":{\"@type\":\"EntryPoint\",\"urlTemplate\":\"https:\/\/teiaeducation.ch\/de\/?s={search_term_string}\"},\"query-input\":{\"@type\":\"PropertyValueSpecification\",\"valueRequired\":true,\"valueName\":\"search_term_string\"}}],\"inLanguage\":\"de-CH\"},{\"@type\":\"Organization\",\"@id\":\"https:\/\/teiaeducation.ch\/de\/#organization\",\"name\":\"Teia Education & Play\",\"url\":\"https:\/\/teiaeducation.ch\/de\/\",\"logo\":{\"@type\":\"ImageObject\",\"inLanguage\":\"de-CH\",\"@id\":\"https:\/\/teiaeducation.ch\/de\/#\/schema\/logo\/image\/\",\"url\":\"https:\/\/teiaeducation.ch\/wp-content\/uploads\/2020\/11\/Teia-Education-Switzerland-e1620156442216.jpg\",\"contentUrl\":\"https:\/\/teiaeducation.ch\/wp-content\/uploads\/2020\/11\/Teia-Education-Switzerland-e1620156442216.jpg\",\"width\":166,\"height\":145,\"caption\":\"Teia Education & Play\"},\"image\":{\"@id\":\"https:\/\/teiaeducation.ch\/de\/#\/schema\/logo\/image\/\"},\"sameAs\":[\"https:\/\/www.facebook.com\/teiaeducation\/\",\"https:\/\/x.com\/EducationTeia\",\"https:\/\/www.instagram.com\/teia.education\/\",\"https:\/\/www.linkedin.com\/company\/35501660\",\"https:\/\/www.pinterest.ch\/TeiaEducation\/\"]}]}<\/script>\n<!-- \/ Yoast SEO plugin. -->","yoast_head_json":{"title":"Welt der kleinen Bausteine - SINA Spielzeug","description":"SINA Spielzeug handgefertigte nachhaltige Holzbausteinwelt enth\u00e4lt die mathematischen K\u00f6rper der Froebelschen P\u00e4dagogik und f\u00f6rdert die mathematischen F\u00e4higkeiten.","robots":{"index":"index","follow":"follow","max-snippet":"max-snippet:-1","max-image-preview":"max-image-preview:large","max-video-preview":"max-video-preview:-1"},"canonical":"https:\/\/teiaeducation.ch\/de\/produkt\/welt-der-kleinen-bausteine-sina-spielzeug\/","og_locale":"de_DE","og_type":"article","og_title":"Welt der kleinen Bausteine - SINA Spielzeug","og_description":"SINA Spielzeug handgefertigte nachhaltige Holzbausteinwelt enth\u00e4lt die mathematischen K\u00f6rper der Froebelschen P\u00e4dagogik und f\u00f6rdert die mathematischen F\u00e4higkeiten.","og_url":"https:\/\/teiaeducation.ch\/de\/produkt\/welt-der-kleinen-bausteine-sina-spielzeug\/","og_site_name":"Sustainable Educational Products &amp; Ecological Toys\u00a0","article_publisher":"https:\/\/www.facebook.com\/teiaeducation\/","article_modified_time":"2025-12-11T17:13:29+00:00","og_image":[{"width":1200,"height":801,"url":"https:\/\/teiaeducation.ch\/wp-content\/uploads\/2020\/12\/Small-building-blocks-world-SINA-Spielzeug-scaled.jpg","type":"image\/jpeg"}],"schema":{"@context":"https:\/\/schema.org","@graph":[{"@type":"WebPage","@id":"https:\/\/teiaeducation.ch\/de\/produkt\/welt-der-kleinen-bausteine-sina-spielzeug\/","url":"https:\/\/teiaeducation.ch\/de\/produkt\/welt-der-kleinen-bausteine-sina-spielzeug\/","name":"Welt der kleinen Bausteine - SINA Spielzeug","isPartOf":{"@id":"https:\/\/teiaeducation.ch\/de\/#website"},"primaryImageOfPage":{"@id":"https:\/\/teiaeducation.ch\/de\/produkt\/welt-der-kleinen-bausteine-sina-spielzeug\/#primaryimage"},"image":{"@id":"https:\/\/teiaeducation.ch\/de\/produkt\/welt-der-kleinen-bausteine-sina-spielzeug\/#primaryimage"},"thumbnailUrl":"https:\/\/teiaeducation.ch\/wp-content\/uploads\/2020\/12\/Small-building-blocks-world-SINA-Spielzeug-1.jpg","datePublished":"2020-12-17T07:46:40+00:00","dateModified":"2025-12-11T17:13:29+00:00","description":"SINA Spielzeug handgefertigte nachhaltige Holzbausteinwelt enth\u00e4lt die mathematischen K\u00f6rper der Froebelschen P\u00e4dagogik und f\u00f6rdert die mathematischen F\u00e4higkeiten.","breadcrumb":{"@id":"https:\/\/teiaeducation.ch\/de\/produkt\/welt-der-kleinen-bausteine-sina-spielzeug\/#breadcrumb"},"inLanguage":"de-CH","potentialAction":[{"@type":"ReadAction","target":["https:\/\/teiaeducation.ch\/de\/produkt\/welt-der-kleinen-bausteine-sina-spielzeug\/"]}]},{"@type":"ImageObject","inLanguage":"de-CH","@id":"https:\/\/teiaeducation.ch\/de\/produkt\/welt-der-kleinen-bausteine-sina-spielzeug\/#primaryimage","url":"https:\/\/teiaeducation.ch\/wp-content\/uploads\/2020\/12\/Small-building-blocks-world-SINA-Spielzeug-1.jpg","contentUrl":"https:\/\/teiaeducation.ch\/wp-content\/uploads\/2020\/12\/Small-building-blocks-world-SINA-Spielzeug-1.jpg","width":1080,"height":1080,"caption":"Small building blocks world - SINA Spielzeug"},{"@type":"BreadcrumbList","@id":"https:\/\/teiaeducation.ch\/de\/produkt\/welt-der-kleinen-bausteine-sina-spielzeug\/#breadcrumb","itemListElement":[{"@type":"ListItem","position":1,"name":"Home","item":"https:\/\/teiaeducation.ch\/de\/"},{"@type":"ListItem","position":2,"name":"Laden","item":"https:\/\/teiaeducation.ch\/de\/shop\/"},{"@type":"ListItem","position":3,"name":"Unsere Marken","item":"https:\/\/teiaeducation.ch\/de\/produkt-kategorie\/unsere-marken\/"},{"@type":"ListItem","position":4,"name":"SINA Spielzeug","item":"https:\/\/teiaeducation.ch\/de\/produkt-kategorie\/unsere-marken\/sina-spielzeug-de\/"},{"@type":"ListItem","position":5,"name":"Froebel Gaben &amp; Spielmaterial","item":"https:\/\/teiaeducation.ch\/de\/produkt-kategorie\/unsere-marken\/sina-spielzeug-de\/froebel-gaben-spielmaterial\/"},{"@type":"ListItem","position":6,"name":"Welt der kleinen Bausteine &#8211; SINA Spielzeug"}]},{"@type":"WebSite","@id":"https:\/\/teiaeducation.ch\/de\/#website","url":"https:\/\/teiaeducation.ch\/de\/","name":"Sustainable Educational Products &amp; Ecological Toys\u00a0","description":"Specialised Swiss shop selling sustainable educational toys and games, AMI certified Montessori materials, handmade ecological wooden Waldorf toys and arts &amp; crafts supplies, school supplies, children&#039;s furniture and Montessori reference and parenting books.","publisher":{"@id":"https:\/\/teiaeducation.ch\/de\/#organization"},"alternateName":"Teia Education & Play","potentialAction":[{"@type":"SearchAction","target":{"@type":"EntryPoint","urlTemplate":"https:\/\/teiaeducation.ch\/de\/?s={search_term_string}"},"query-input":{"@type":"PropertyValueSpecification","valueRequired":true,"valueName":"search_term_string"}}],"inLanguage":"de-CH"},{"@type":"Organization","@id":"https:\/\/teiaeducation.ch\/de\/#organization","name":"Teia Education & Play","url":"https:\/\/teiaeducation.ch\/de\/","logo":{"@type":"ImageObject","inLanguage":"de-CH","@id":"https:\/\/teiaeducation.ch\/de\/#\/schema\/logo\/image\/","url":"https:\/\/teiaeducation.ch\/wp-content\/uploads\/2020\/11\/Teia-Education-Switzerland-e1620156442216.jpg","contentUrl":"https:\/\/teiaeducation.ch\/wp-content\/uploads\/2020\/11\/Teia-Education-Switzerland-e1620156442216.jpg","width":166,"height":145,"caption":"Teia Education & Play"},"image":{"@id":"https:\/\/teiaeducation.ch\/de\/#\/schema\/logo\/image\/"},"sameAs":["https:\/\/www.facebook.com\/teiaeducation\/","https:\/\/x.com\/EducationTeia","https:\/\/www.instagram.com\/teia.education\/","https:\/\/www.linkedin.com\/company\/35501660","https:\/\/www.pinterest.ch\/TeiaEducation\/"]}]}},"_links":{"self":[{"href":"https:\/\/teiaeducation.ch\/de\/wp-json\/wp\/v2\/product\/59231","targetHints":{"allow":["GET"]}}],"collection":[{"href":"https:\/\/teiaeducation.ch\/de\/wp-json\/wp\/v2\/product"}],"about":[{"href":"https:\/\/teiaeducation.ch\/de\/wp-json\/wp\/v2\/types\/product"}],"replies":[{"embeddable":true,"href":"https:\/\/teiaeducation.ch\/de\/wp-json\/wp\/v2\/comments?post=59231"}],"wp:featuredmedia":[{"embeddable":true,"href":"https:\/\/teiaeducation.ch\/de\/wp-json\/wp\/v2\/media\/72244"}],"wp:attachment":[{"href":"https:\/\/teiaeducation.ch\/de\/wp-json\/wp\/v2\/media?parent=59231"}],"wp:term":[{"taxonomy":"product_brand","embeddable":true,"href":"https:\/\/teiaeducation.ch\/de\/wp-json\/wp\/v2\/product_brand?post=59231"},{"taxonomy":"product_cat","embeddable":true,"href":"https:\/\/teiaeducation.ch\/de\/wp-json\/wp\/v2\/product_cat?post=59231"},{"taxonomy":"product_tag","embeddable":true,"href":"https:\/\/teiaeducation.ch\/de\/wp-json\/wp\/v2\/product_tag?post=59231"}],"curies":[{"name":"wp","href":"https:\/\/api.w.org\/{rel}","templated":true}]}}