{"id":59236,"date":"2023-02-27T13:44:20","date_gmt":"2023-02-27T12:44:20","guid":{"rendered":"https:\/\/teiaeducation.ch\/product\/hoelzerne-faedelperlen-3cm-sina-spielzeug\/"},"modified":"2025-12-11T18:17:53","modified_gmt":"2025-12-11T17:17:53","slug":"hoelzerne-faedelperlen-3cm-sina-spielzeug","status":"publish","type":"product","link":"https:\/\/teiaeducation.ch\/de\/produkt\/hoelzerne-faedelperlen-3cm-sina-spielzeug\/","title":{"rendered":"H\u00f6lzerne F\u00e4delperlen: 3cm &#8211; SINA Spielzeug"},"content":{"rendered":"<p>Das Set der SINA Spielzeug Holzf\u00e4delperlen in 10 verschiedenen leuchtenden Regenbogen<a href=\"https:\/\/teiaeducation.ch\/de\/produkt-kategorie\/lernthemen\/sensorische-motorische-fertigkeiten\/farbe-lernen\/\">farben<\/a> enth\u00e4lt 30 hochwertige handgefertigte Holzkugeln mit einem Durchmesser von je 3 cm und sauber gebohrten L\u00f6chern zum <a href=\"https:\/\/teiaeducation.ch\/de\/produkt-kategorie\/kinder-spielzeug\/einfaedeln\/\">Auff\u00e4deln<\/a>.<\/p>\n<p>Das Auff\u00e4deln von Perlen ist nicht nur eine unterhaltsame Art, kreativ zu sein, sondern auch eine sehr n\u00fctzliche Aktivit\u00e4t f\u00fcr die Entwicklung des Kindes. Es unterst\u00fctzt die fr\u00fche Entwicklung des Kindes und vermittelt ihm \u00fcbertragbare F\u00e4higkeiten, die es im Laufe seines Lebens nutzen kann. Das Auff\u00e4deln von Perlen bietet viele Vorteile, wie z. B. die Verbesserung der <a href=\"https:\/\/teiaeducation.ch\/de\/produkt-kategorie\/lernthemen\/sensorische-motorische-fertigkeiten\/motorische-fertigkeiten\/\">Feinmotorik<\/a>: Kleinere Perlen werden mit einem Zangengriff (Daumen und Finger) aufgenommen, w\u00e4hrend gr\u00f6\u00dfere Perlen in der Regel mit der geballten Hand aufgenommen werden. Das Drehen der Perle zum Auff\u00e4deln entwickelt die Feinmotorik weiter. Das Spiel mit den Perlen st\u00e4rkt die kleinen Muskeln in den H\u00e4nden des Kindes, da es je nach Gr\u00f6\u00dfe der Perle verschiedene Handbewegungen ausf\u00fchrt und die Perlen greift.<\/p>\n<p>Das Auff\u00e4deln von Perlen verbessert auch die visuelle Wahrnehmung, die Hand-Augen-Koordination und die Konzentration. Es regt die Kreativit\u00e4t im <a href=\"https:\/\/teiaeducation.ch\/de\/produkt-kategorie\/kinder-spielzeug\/phantasievoll-rollenspiel\/\">fantasievollen Spiel<\/a> an, f\u00f6rdert die Planungsf\u00e4higkeiten, das Erlernen von Farben und regt zum <a href=\"https:\/\/teiaeducation.ch\/de\/produkt-kategorie\/lernthemen\/mathematik-rechnen\/zaehlen\/\">Z\u00e4hlen<\/a> an.<\/p>\n<p>Die h\u00f6lzernen F\u00e4delperlen k\u00f6nnen mit den bunten K\u00f6rben von SINA Spielzeug zur Aufbewahrung oder zum Farbsortieren sowie mit dem <a href=\"https:\/\/teiaeducation.ch\/de\/produkt\/holzpinzette-zur-forderung-der-feinmotorik-4er-set-educo\/\">Educo Pinzetten<\/a>set verwendet werden. Ein Set mit Perlenschn\u00fcren in 10 verschiedenen Farben ist auch separat erh\u00e4ltlich.<\/p>\n<p>Die h\u00f6lzernen F\u00e4delperlen werden in Deutschland vollst\u00e4ndig von Hand aus Holz gefertigt und mit ungiftiger, leicht transparenter Farbe auf Wasserbasis gef\u00e4rbt, die die nat\u00fcrliche Maserung des Holzes erkennen l\u00e4sst.<\/p>\n<p>Die deutsche Spielzeugmarke <a href=\"https:\/\/teiaeducation.ch\/de\/produkt-kategorie\/unsere-marken\/sina-spielzeug-de\/\">SINA Spielzeug<\/a> stellt seit \u00fcber 30 Jahren Holzspielzeug von h\u00f6chster Qualit\u00e4t her, das Erwachsene und Kinder zum gemeinsamen Spielen anregen soll. SINA Spielzeug hat eine starke regionale Identit\u00e4t und besch\u00e4ftigt einheimische Handwerker, die in der Region aufgewachsen sind und sich zum Naturmaterial Holz hingezogen f\u00fchlen und der Marke Verspieltheit, Fr\u00f6hlichkeit und Herzlichkeit einhauchen.<\/p>\n<p>Alle SINA Spielzeuge werden in der firmeneigenen Werkstatt in Neuhausen\/Erzgebirge, Deutschland, entworfen und von Hand gefertigt. Mit gr\u00f6\u00dfter Sorgfalt entwickelt und hergestellt, tr\u00e4gt jedes SINA Produkt das CE-Zeichen und erf\u00fcllt alle gesetzlichen Anforderungen der europ\u00e4ischen Spielzeugrichtlinie 2009\/48\/EG und der EN 71 f\u00fcr die Sicherheit von Spielzeug. Mehrere der SINA Spielzeuge sind mit dem <a href=\"https:\/\/www.spielgut.de\">Spielgut\u00ae<\/a>-Siegel ausgezeichnet worden.<\/p>\n<p>Von den Rohstofflieferanten werden hohe Sicherheits- und Ethikstandards sowie die Garantie verlangt, dass alle Materialien und Bestandteile f\u00fcr Kinder sicher und frei von Giftstoffen sind. SINA ist ein Familienunternehmen, dessen Sortiment didaktisches <a href=\"https:\/\/teiaeducation.ch\/de\/produkt-kategorie\/kinder-spielzeug\/handgefertigtes-holzspielzeug\/\">Holzspielzeug<\/a>, Holzspielger\u00e4te f\u00fcr therapeutische Zwecke und Spielger\u00e4te einschlie\u00dflich der <a href=\"https:\/\/teiaeducation.ch\/de\/produkt-kategorie\/unsere-marken\/sina-spielzeug-de\/froebel-gaben-spielmaterial\/\">Geschenke<\/a> der <a href=\"https:\/\/teiaeducation.ch\/2022\/05\/24\/who-was-froebel-and-what-are-froebels-gifts\/\">Froebel-P\u00e4dagogik<\/a> umfasst.<\/p>\n<p>SINA Spielzeug ist Mitglied im <a href=\"https:\/\/www.dvsi.de\">Deutschen Verband der Spielwarenindustrie<\/a>, in der <a href=\"https:\/\/gutesholzspielzeug.de\">Fachgruppe Holzspielzeug<\/a> und im <a href=\"https:\/\/www.pfv.info\">Pestalozzi-Froebel-Verband<\/a>.<\/p>\n<p>Die h\u00f6lzernen F\u00e4delperlen sind f\u00fcr Kinder ab 3 Jahren geeignet.<\/p>\n<p>Inhalt:<\/p>\n<p>30 Holzf\u00e4delperlen in 10 Farben mit einem Durchmesser von 3 Zentimetern<\/p>\n","protected":false},"excerpt":{"rendered":"<p>Artikelnummer: <span data-sheets-value=\"{\" data-sheets-userformat=\"{\">25113<\/span><\/p>\n<p>Das Set der SINA Spielzeug Holzf\u00e4delperlen in 10 verschiedenen leuchtenden Regenbogenfarben enth\u00e4lt 30 hochwertige handgefertigte Holzkugeln mit einem Durchmesser von je cm.<\/p>\n","protected":false},"featured_media":64160,"comment_status":"open","ping_status":"closed","template":"","meta":[],"product_brand":[],"product_cat":[21445,21446,21671,21662,21479,21701,21558,21490,21484,23075,21509,21537,22182,21559,21443,21563,21494,21495,21557,21661,21697,21678,21482,21564,21540],"product_tag":[22143,21712,27932,25636,27930,27931],"class_list":{"0":"post-59236","1":"product","2":"type-product","3":"status-publish","4":"has-post-thumbnail","6":"product_cat-3-6-jahre-vorschule","7":"product_cat-6-12-jahre-grundschule","8":"product_cat-angebot","9":"product_cat-aufbau-gewinde","10":"product_cat-lernmaterialien-spielzeug-montessori-waldorf-steiner-froebel","11":"product_cat-einfaedeln","12":"product_cat-farbe-lernen","13":"product_cat-geschenk-guide-kreativ","14":"product_cat-geschenk-guides","15":"product_cat-handgefertigtes-holzspielzeug","16":"product_cat-lernthemen","17":"product_cat-mathematik-rechnen","18":"product_cat-montessori-spielzeug","19":"product_cat-motorische-fertigkeiten","20":"product_cat-nach-alter","21":"product_cat-neuheiten","22":"product_cat-schulbedarf-fuer-zuhause","23":"product_cat-schulbedarf-fuer-zuhause-3-6-jahre","24":"product_cat-sensorische-motorische-fertigkeiten","25":"product_cat-sina-spielzeug-de","26":"product_cat-sortieren","27":"product_cat-kinder-spielzeug","28":"product_cat-traditionelle-bildung","29":"product_cat-unsere-marken","30":"product_cat-zaehlen","31":"product_tag-handgefertigtes-holzspielzeug-de","32":"product_tag-hergestellt-in-deutschland","33":"product_tag-holzerne-fadelperlen-in-regenbogenfarben","34":"product_tag-lernspielzeug-aus-holz-de","35":"product_tag-sina-spielzeug-de","36":"product_tag-spielzeug-fur-sauglinge-und-kleinkinder","38":"first","39":"instock","40":"sale","41":"taxable","42":"shipping-taxable","43":"purchasable","44":"product-type-simple"},"yoast_head":"<!-- This site is optimized with the Yoast SEO plugin v27.1.1 - https:\/\/yoast.com\/product\/yoast-seo-wordpress\/ -->\n<title>H\u00f6lzerne F\u00e4delperlen: 3cm - SINA Spielzeug<\/title>\n<meta name=\"description\" content=\"Das Set der SINA Spielzeug Holzf\u00e4delperlen in 10 verschiedenen leuchtenden Regenbogenfarben enth\u00e4lt 30 hochwertige handgefertigte Holzkugeln mit 3cm Durchmesser.\" \/>\n<meta name=\"robots\" content=\"index, follow, max-snippet:-1, max-image-preview:large, max-video-preview:-1\" \/>\n<link rel=\"canonical\" href=\"https:\/\/teiaeducation.ch\/de\/produkt\/hoelzerne-faedelperlen-3cm-sina-spielzeug\/\" \/>\n<meta property=\"og:locale\" content=\"de_DE\" \/>\n<meta property=\"og:type\" content=\"article\" \/>\n<meta property=\"og:title\" content=\"H\u00f6lzerne F\u00e4delperlen: 3cm - SINA Spielzeug\" \/>\n<meta property=\"og:description\" content=\"Das Set der SINA Spielzeug Holzf\u00e4delperlen in 10 verschiedenen leuchtenden Regenbogenfarben enth\u00e4lt 30 hochwertige handgefertigte Holzkugeln mit 3cm Durchmesser.\" \/>\n<meta property=\"og:url\" content=\"https:\/\/teiaeducation.ch\/de\/produkt\/hoelzerne-faedelperlen-3cm-sina-spielzeug\/\" \/>\n<meta property=\"og:site_name\" content=\"Sustainable Educational Products &amp; Ecological Toys\u00a0\" \/>\n<meta property=\"article:publisher\" content=\"https:\/\/www.facebook.com\/teiaeducation\/\" \/>\n<meta property=\"article:modified_time\" content=\"2025-12-11T17:17:53+00:00\" \/>\n<meta property=\"og:image\" content=\"https:\/\/teiaeducation.ch\/wp-content\/uploads\/2020\/05\/Wooden-Threading-Beads-3-cm-SINA-Spielzeug-1.jpg\" \/>\n\t<meta property=\"og:image:width\" content=\"1080\" \/>\n\t<meta property=\"og:image:height\" content=\"1080\" \/>\n\t<meta property=\"og:image:type\" content=\"image\/jpeg\" \/>\n<script type=\"application\/ld+json\" class=\"yoast-schema-graph\">{\"@context\":\"https:\/\/schema.org\",\"@graph\":[{\"@type\":\"WebPage\",\"@id\":\"https:\/\/teiaeducation.ch\/de\/produkt\/hoelzerne-faedelperlen-3cm-sina-spielzeug\/\",\"url\":\"https:\/\/teiaeducation.ch\/de\/produkt\/hoelzerne-faedelperlen-3cm-sina-spielzeug\/\",\"name\":\"H\u00f6lzerne F\u00e4delperlen: 3cm - SINA Spielzeug\",\"isPartOf\":{\"@id\":\"https:\/\/teiaeducation.ch\/de\/#website\"},\"primaryImageOfPage\":{\"@id\":\"https:\/\/teiaeducation.ch\/de\/produkt\/hoelzerne-faedelperlen-3cm-sina-spielzeug\/#primaryimage\"},\"image\":{\"@id\":\"https:\/\/teiaeducation.ch\/de\/produkt\/hoelzerne-faedelperlen-3cm-sina-spielzeug\/#primaryimage\"},\"thumbnailUrl\":\"https:\/\/teiaeducation.ch\/wp-content\/uploads\/2020\/05\/Wooden-Threading-Beads-3-cm-SINA-Spielzeug-1.jpg\",\"datePublished\":\"2023-02-27T12:44:20+00:00\",\"dateModified\":\"2025-12-11T17:17:53+00:00\",\"description\":\"Das Set der SINA Spielzeug Holzf\u00e4delperlen in 10 verschiedenen leuchtenden Regenbogenfarben enth\u00e4lt 30 hochwertige handgefertigte Holzkugeln mit 3cm Durchmesser.\",\"breadcrumb\":{\"@id\":\"https:\/\/teiaeducation.ch\/de\/produkt\/hoelzerne-faedelperlen-3cm-sina-spielzeug\/#breadcrumb\"},\"inLanguage\":\"de-CH\",\"potentialAction\":[{\"@type\":\"ReadAction\",\"target\":[\"https:\/\/teiaeducation.ch\/de\/produkt\/hoelzerne-faedelperlen-3cm-sina-spielzeug\/\"]}]},{\"@type\":\"ImageObject\",\"inLanguage\":\"de-CH\",\"@id\":\"https:\/\/teiaeducation.ch\/de\/produkt\/hoelzerne-faedelperlen-3cm-sina-spielzeug\/#primaryimage\",\"url\":\"https:\/\/teiaeducation.ch\/wp-content\/uploads\/2020\/05\/Wooden-Threading-Beads-3-cm-SINA-Spielzeug-1.jpg\",\"contentUrl\":\"https:\/\/teiaeducation.ch\/wp-content\/uploads\/2020\/05\/Wooden-Threading-Beads-3-cm-SINA-Spielzeug-1.jpg\",\"width\":1080,\"height\":1080,\"caption\":\"Wooden Threading Beads: 3 cm - SINA Spielzeug\"},{\"@type\":\"BreadcrumbList\",\"@id\":\"https:\/\/teiaeducation.ch\/de\/produkt\/hoelzerne-faedelperlen-3cm-sina-spielzeug\/#breadcrumb\",\"itemListElement\":[{\"@type\":\"ListItem\",\"position\":1,\"name\":\"Home\",\"item\":\"https:\/\/teiaeducation.ch\/de\/\"},{\"@type\":\"ListItem\",\"position\":2,\"name\":\"Laden\",\"item\":\"https:\/\/teiaeducation.ch\/de\/shop\/\"},{\"@type\":\"ListItem\",\"position\":3,\"name\":\"Unsere Marken\",\"item\":\"https:\/\/teiaeducation.ch\/de\/produkt-kategorie\/unsere-marken\/\"},{\"@type\":\"ListItem\",\"position\":4,\"name\":\"SINA Spielzeug\",\"item\":\"https:\/\/teiaeducation.ch\/de\/produkt-kategorie\/unsere-marken\/sina-spielzeug-de\/\"},{\"@type\":\"ListItem\",\"position\":5,\"name\":\"Aufbau &amp; Gewinde\",\"item\":\"https:\/\/teiaeducation.ch\/de\/produkt-kategorie\/unsere-marken\/sina-spielzeug-de\/aufbau-gewinde\/\"},{\"@type\":\"ListItem\",\"position\":6,\"name\":\"H\u00f6lzerne F\u00e4delperlen: 3cm &#8211; SINA Spielzeug\"}]},{\"@type\":\"WebSite\",\"@id\":\"https:\/\/teiaeducation.ch\/de\/#website\",\"url\":\"https:\/\/teiaeducation.ch\/de\/\",\"name\":\"Sustainable Educational Products &amp; Ecological Toys\u00a0\",\"description\":\"Specialised Swiss shop selling sustainable educational toys and games, AMI certified Montessori materials, handmade ecological wooden Waldorf toys and arts &amp; crafts supplies, school supplies, children&#039;s furniture and Montessori reference and parenting books.\",\"publisher\":{\"@id\":\"https:\/\/teiaeducation.ch\/de\/#organization\"},\"alternateName\":\"Teia Education & Play\",\"potentialAction\":[{\"@type\":\"SearchAction\",\"target\":{\"@type\":\"EntryPoint\",\"urlTemplate\":\"https:\/\/teiaeducation.ch\/de\/?s={search_term_string}\"},\"query-input\":{\"@type\":\"PropertyValueSpecification\",\"valueRequired\":true,\"valueName\":\"search_term_string\"}}],\"inLanguage\":\"de-CH\"},{\"@type\":\"Organization\",\"@id\":\"https:\/\/teiaeducation.ch\/de\/#organization\",\"name\":\"Teia Education & Play\",\"url\":\"https:\/\/teiaeducation.ch\/de\/\",\"logo\":{\"@type\":\"ImageObject\",\"inLanguage\":\"de-CH\",\"@id\":\"https:\/\/teiaeducation.ch\/de\/#\/schema\/logo\/image\/\",\"url\":\"https:\/\/teiaeducation.ch\/wp-content\/uploads\/2020\/11\/Teia-Education-Switzerland-e1620156442216.jpg\",\"contentUrl\":\"https:\/\/teiaeducation.ch\/wp-content\/uploads\/2020\/11\/Teia-Education-Switzerland-e1620156442216.jpg\",\"width\":166,\"height\":145,\"caption\":\"Teia Education & Play\"},\"image\":{\"@id\":\"https:\/\/teiaeducation.ch\/de\/#\/schema\/logo\/image\/\"},\"sameAs\":[\"https:\/\/www.facebook.com\/teiaeducation\/\",\"https:\/\/x.com\/EducationTeia\",\"https:\/\/www.instagram.com\/teia.education\/\",\"https:\/\/www.linkedin.com\/company\/35501660\",\"https:\/\/www.pinterest.ch\/TeiaEducation\/\"]}]}<\/script>\n<!-- \/ Yoast SEO plugin. -->","yoast_head_json":{"title":"H\u00f6lzerne F\u00e4delperlen: 3cm - SINA Spielzeug","description":"Das Set der SINA Spielzeug Holzf\u00e4delperlen in 10 verschiedenen leuchtenden Regenbogenfarben enth\u00e4lt 30 hochwertige handgefertigte Holzkugeln mit 3cm Durchmesser.","robots":{"index":"index","follow":"follow","max-snippet":"max-snippet:-1","max-image-preview":"max-image-preview:large","max-video-preview":"max-video-preview:-1"},"canonical":"https:\/\/teiaeducation.ch\/de\/produkt\/hoelzerne-faedelperlen-3cm-sina-spielzeug\/","og_locale":"de_DE","og_type":"article","og_title":"H\u00f6lzerne F\u00e4delperlen: 3cm - SINA Spielzeug","og_description":"Das Set der SINA Spielzeug Holzf\u00e4delperlen in 10 verschiedenen leuchtenden Regenbogenfarben enth\u00e4lt 30 hochwertige handgefertigte Holzkugeln mit 3cm Durchmesser.","og_url":"https:\/\/teiaeducation.ch\/de\/produkt\/hoelzerne-faedelperlen-3cm-sina-spielzeug\/","og_site_name":"Sustainable Educational Products &amp; Ecological Toys\u00a0","article_publisher":"https:\/\/www.facebook.com\/teiaeducation\/","article_modified_time":"2025-12-11T17:17:53+00:00","og_image":[{"width":1080,"height":1080,"url":"https:\/\/teiaeducation.ch\/wp-content\/uploads\/2020\/05\/Wooden-Threading-Beads-3-cm-SINA-Spielzeug-1.jpg","type":"image\/jpeg"}],"schema":{"@context":"https:\/\/schema.org","@graph":[{"@type":"WebPage","@id":"https:\/\/teiaeducation.ch\/de\/produkt\/hoelzerne-faedelperlen-3cm-sina-spielzeug\/","url":"https:\/\/teiaeducation.ch\/de\/produkt\/hoelzerne-faedelperlen-3cm-sina-spielzeug\/","name":"H\u00f6lzerne F\u00e4delperlen: 3cm - SINA Spielzeug","isPartOf":{"@id":"https:\/\/teiaeducation.ch\/de\/#website"},"primaryImageOfPage":{"@id":"https:\/\/teiaeducation.ch\/de\/produkt\/hoelzerne-faedelperlen-3cm-sina-spielzeug\/#primaryimage"},"image":{"@id":"https:\/\/teiaeducation.ch\/de\/produkt\/hoelzerne-faedelperlen-3cm-sina-spielzeug\/#primaryimage"},"thumbnailUrl":"https:\/\/teiaeducation.ch\/wp-content\/uploads\/2020\/05\/Wooden-Threading-Beads-3-cm-SINA-Spielzeug-1.jpg","datePublished":"2023-02-27T12:44:20+00:00","dateModified":"2025-12-11T17:17:53+00:00","description":"Das Set der SINA Spielzeug Holzf\u00e4delperlen in 10 verschiedenen leuchtenden Regenbogenfarben enth\u00e4lt 30 hochwertige handgefertigte Holzkugeln mit 3cm Durchmesser.","breadcrumb":{"@id":"https:\/\/teiaeducation.ch\/de\/produkt\/hoelzerne-faedelperlen-3cm-sina-spielzeug\/#breadcrumb"},"inLanguage":"de-CH","potentialAction":[{"@type":"ReadAction","target":["https:\/\/teiaeducation.ch\/de\/produkt\/hoelzerne-faedelperlen-3cm-sina-spielzeug\/"]}]},{"@type":"ImageObject","inLanguage":"de-CH","@id":"https:\/\/teiaeducation.ch\/de\/produkt\/hoelzerne-faedelperlen-3cm-sina-spielzeug\/#primaryimage","url":"https:\/\/teiaeducation.ch\/wp-content\/uploads\/2020\/05\/Wooden-Threading-Beads-3-cm-SINA-Spielzeug-1.jpg","contentUrl":"https:\/\/teiaeducation.ch\/wp-content\/uploads\/2020\/05\/Wooden-Threading-Beads-3-cm-SINA-Spielzeug-1.jpg","width":1080,"height":1080,"caption":"Wooden Threading Beads: 3 cm - SINA Spielzeug"},{"@type":"BreadcrumbList","@id":"https:\/\/teiaeducation.ch\/de\/produkt\/hoelzerne-faedelperlen-3cm-sina-spielzeug\/#breadcrumb","itemListElement":[{"@type":"ListItem","position":1,"name":"Home","item":"https:\/\/teiaeducation.ch\/de\/"},{"@type":"ListItem","position":2,"name":"Laden","item":"https:\/\/teiaeducation.ch\/de\/shop\/"},{"@type":"ListItem","position":3,"name":"Unsere Marken","item":"https:\/\/teiaeducation.ch\/de\/produkt-kategorie\/unsere-marken\/"},{"@type":"ListItem","position":4,"name":"SINA Spielzeug","item":"https:\/\/teiaeducation.ch\/de\/produkt-kategorie\/unsere-marken\/sina-spielzeug-de\/"},{"@type":"ListItem","position":5,"name":"Aufbau &amp; Gewinde","item":"https:\/\/teiaeducation.ch\/de\/produkt-kategorie\/unsere-marken\/sina-spielzeug-de\/aufbau-gewinde\/"},{"@type":"ListItem","position":6,"name":"H\u00f6lzerne F\u00e4delperlen: 3cm &#8211; SINA Spielzeug"}]},{"@type":"WebSite","@id":"https:\/\/teiaeducation.ch\/de\/#website","url":"https:\/\/teiaeducation.ch\/de\/","name":"Sustainable Educational Products &amp; Ecological Toys\u00a0","description":"Specialised Swiss shop selling sustainable educational toys and games, AMI certified Montessori materials, handmade ecological wooden Waldorf toys and arts &amp; crafts supplies, school supplies, children&#039;s furniture and Montessori reference and parenting books.","publisher":{"@id":"https:\/\/teiaeducation.ch\/de\/#organization"},"alternateName":"Teia Education & Play","potentialAction":[{"@type":"SearchAction","target":{"@type":"EntryPoint","urlTemplate":"https:\/\/teiaeducation.ch\/de\/?s={search_term_string}"},"query-input":{"@type":"PropertyValueSpecification","valueRequired":true,"valueName":"search_term_string"}}],"inLanguage":"de-CH"},{"@type":"Organization","@id":"https:\/\/teiaeducation.ch\/de\/#organization","name":"Teia Education & Play","url":"https:\/\/teiaeducation.ch\/de\/","logo":{"@type":"ImageObject","inLanguage":"de-CH","@id":"https:\/\/teiaeducation.ch\/de\/#\/schema\/logo\/image\/","url":"https:\/\/teiaeducation.ch\/wp-content\/uploads\/2020\/11\/Teia-Education-Switzerland-e1620156442216.jpg","contentUrl":"https:\/\/teiaeducation.ch\/wp-content\/uploads\/2020\/11\/Teia-Education-Switzerland-e1620156442216.jpg","width":166,"height":145,"caption":"Teia Education & Play"},"image":{"@id":"https:\/\/teiaeducation.ch\/de\/#\/schema\/logo\/image\/"},"sameAs":["https:\/\/www.facebook.com\/teiaeducation\/","https:\/\/x.com\/EducationTeia","https:\/\/www.instagram.com\/teia.education\/","https:\/\/www.linkedin.com\/company\/35501660","https:\/\/www.pinterest.ch\/TeiaEducation\/"]}]}},"_links":{"self":[{"href":"https:\/\/teiaeducation.ch\/de\/wp-json\/wp\/v2\/product\/59236","targetHints":{"allow":["GET"]}}],"collection":[{"href":"https:\/\/teiaeducation.ch\/de\/wp-json\/wp\/v2\/product"}],"about":[{"href":"https:\/\/teiaeducation.ch\/de\/wp-json\/wp\/v2\/types\/product"}],"replies":[{"embeddable":true,"href":"https:\/\/teiaeducation.ch\/de\/wp-json\/wp\/v2\/comments?post=59236"}],"wp:featuredmedia":[{"embeddable":true,"href":"https:\/\/teiaeducation.ch\/de\/wp-json\/wp\/v2\/media\/64160"}],"wp:attachment":[{"href":"https:\/\/teiaeducation.ch\/de\/wp-json\/wp\/v2\/media?parent=59236"}],"wp:term":[{"taxonomy":"product_brand","embeddable":true,"href":"https:\/\/teiaeducation.ch\/de\/wp-json\/wp\/v2\/product_brand?post=59236"},{"taxonomy":"product_cat","embeddable":true,"href":"https:\/\/teiaeducation.ch\/de\/wp-json\/wp\/v2\/product_cat?post=59236"},{"taxonomy":"product_tag","embeddable":true,"href":"https:\/\/teiaeducation.ch\/de\/wp-json\/wp\/v2\/product_tag?post=59236"}],"curies":[{"name":"wp","href":"https:\/\/api.w.org\/{rel}","templated":true}]}}