{"id":59238,"date":"2020-05-24T13:50:46","date_gmt":"2020-05-24T11:50:46","guid":{"rendered":"https:\/\/teiaeducation.ch\/product\/grosse-regenbogenkugeln-aus-holz-sina-spielzeug\/"},"modified":"2025-12-11T18:17:59","modified_gmt":"2025-12-11T17:17:59","slug":"grosse-regenbogenkugeln-aus-holz-sina-spielzeug","status":"publish","type":"product","link":"https:\/\/teiaeducation.ch\/de\/produkt\/grosse-regenbogenkugeln-aus-holz-sina-spielzeug\/","title":{"rendered":"Gro\u00dfe Regenbogenkugeln aus Holz &#8211; SINA Spielzeug"},"content":{"rendered":"<p>Das Set SINA Spielzeug Gro\u00dfe Regenbogenkugeln aus Holz in den leuchtenden Regenbogen<a href=\"https:\/\/teiaeducation.ch\/de\/produkt-kategorie\/lernthemen\/sensorische-motorische-fertigkeiten\/farbe-lernen\/\">farben<\/a> Rot, Blau, Gelb, Gr\u00fcn, Lila und Violett enth\u00e4lt sechs hochwertige handgefertigte Holzkugeln mit einem Durchmesser von je 5 cm.<\/p>\n<p>Die Holzkugeln sind f\u00fcr <a href=\"https:\/\/teiaeducation.ch\/de\/produkt-kategorie\/geschenk-guides\/geschenk-guide-0-12-monate-baby\/\">Kleinkinder<\/a> zur <a href=\"https:\/\/teiaeducation.ch\/de\/produkt-kategorie\/kinder-spielzeug\/sinnliches-spiel\/\">sensorischen<\/a> Erkundung durch Herumrollen geeignet. Sie regen die Neugier an und f\u00f6rdern die Geschicklichkeit, die Bewegung und die Grob<a href=\"https:\/\/teiaeducation.ch\/de\/produkt-kategorie\/lernthemen\/sensorische-motorische-fertigkeiten\/motorische-fertigkeiten\/\">motorik<\/a>, wenn das Kind die B\u00e4lle ergreift oder rollt und ihnen hinterherkrabbelt. Die B\u00e4lle k\u00f6nnen auch f\u00fcr verschiedene Kleinkinder\u00fcbungen wie Farbsortierung verwendet werden, oder man kann mit ihnen als loses Spielzeug spielen.<\/p>\n<p>Die Gro\u00dfen Regenbogenkugeln aus Holz werden in Deutschland vollst\u00e4ndig von Hand gefertigt und mit ungiftiger, leicht transparenter Farbe auf Wasserbasis gef\u00e4rbt, die die nat\u00fcrliche Maserung des Holzes erkennen l\u00e4sst.<\/p>\n<p>Die deutsche Spielzeugmarke <a href=\"https:\/\/teiaeducation.ch\/de\/produkt-kategorie\/unsere-marken\/sina-spielzeug-de\/\">SINA Spielzeug<\/a> stellt seit \u00fcber 30 Jahren Holzspielzeug von h\u00f6chster Qualit\u00e4t her, das Erwachsene und Kinder zum gemeinsamen Spielen anregen soll. SINA Spielzeug hat eine starke regionale Identit\u00e4t und besch\u00e4ftigt einheimische Handwerker, die in der Region aufgewachsen sind und sich zum Naturmaterial Holz hingezogen f\u00fchlen und der Marke Verspieltheit, Fr\u00f6hlichkeit und Herzlichkeit einhauchen.<\/p>\n<p>Alle SINA Spielzeuge werden in der firmeneigenen Werkstatt in Neuhausen\/Erzgebirge, Deutschland, entworfen und von Hand gefertigt. Mit gr\u00f6\u00dfter Sorgfalt entwickelt und hergestellt, tr\u00e4gt jedes SINA Produkt das CE-Zeichen und erf\u00fcllt alle gesetzlichen Anforderungen der europ\u00e4ischen Spielzeugrichtlinie 2009\/48\/EG und der EN 71 f\u00fcr die Sicherheit von Spielzeug. Mehrere der SINA Spielzeuge sind mit dem <a href=\"https:\/\/www.spielgut.de\">Spielgut\u00ae<\/a>-Siegel ausgezeichnet worden.<\/p>\n<p>Von den Rohstofflieferanten werden hohe Sicherheits- und Ethikstandards sowie die Garantie verlangt, dass alle Materialien und Bestandteile f\u00fcr Kinder sicher und frei von Giftstoffen sind. SINA ist ein Familienunternehmen, dessen Sortiment didaktisches <a href=\"https:\/\/teiaeducation.ch\/de\/produkt-kategorie\/kinder-spielzeug\/handgefertigtes-holzspielzeug\/\">Holzspielzeug<\/a>, Holzspielger\u00e4te f\u00fcr therapeutische Zwecke und Spielger\u00e4te einschlie\u00dflich der <a href=\"https:\/\/teiaeducation.ch\/de\/produkt-kategorie\/unsere-marken\/sina-spielzeug-de\/froebel-gaben-spielmaterial\/\">Geschenke<\/a> der <a href=\"https:\/\/teiaeducation.ch\/2022\/05\/24\/who-was-froebel-and-what-are-froebels-gifts\/\">Froebel-P\u00e4dagogik<\/a> umfasst.<\/p>\n<p>SINA Spielzeug ist Mitglied im <a href=\"https:\/\/www.dvsi.de\">Deutschen Verband der Spielwarenindustrie<\/a>, in der <a href=\"https:\/\/gutesholzspielzeug.de\">Fachgruppe Holzspielzeug<\/a> und im <a href=\"https:\/\/www.pfv.info\">Pestalozzi-Froebel-Verband<\/a>.<\/p>\n<p>Die Gro\u00dfen Regenbogenkugeln aus Holz sind f\u00fcr Kinder ab 0 Monaten geeignet.<\/p>\n<p>Inhalt:<\/p>\n<p>6 Gro\u00dfe Regenbogenkugeln aus Holz<\/p>\n","protected":false},"excerpt":{"rendered":"<p>Artikelnummer: <span data-sheets-value=\"{\" data-sheets-userformat=\"{\">33000<\/span><\/p>\n<p>Das Set SINA Spielzeug Gro\u00dfe Regenbogenkugeln aus Holz in den leuchtenden Regenbogenfarben beinhaltet sechs hochwertige handgefertigte Holzkugeln mit einem Durchmesser von 5cm.<\/p>\n","protected":false},"featured_media":64180,"comment_status":"open","ping_status":"closed","template":"","meta":[],"product_brand":[],"product_cat":[25967,21444,21664,21690,21485,21484,22422,23075,22182,21443,21563,21494,21661,21695,21678,21497,21564],"product_tag":[22143,21712,25636,28006,27930,27931],"class_list":{"0":"post-59238","1":"product","2":"type-product","3":"status-publish","4":"has-post-thumbnail","6":"product_cat-0-12-monate-baby","7":"product_cat-1-3-jahre-kleinkind","8":"product_cat-baby-und-kleinkindspielzeug","9":"product_cat-spiele-mit-offenem-ende","10":"product_cat-geschenk-guide-0-12-monate-baby","11":"product_cat-geschenk-guides","12":"product_cat-geschenke-fuer-das-osterkoerbchen","13":"product_cat-handgefertigtes-holzspielzeug","14":"product_cat-montessori-spielzeug","15":"product_cat-nach-alter","16":"product_cat-neuheiten","17":"product_cat-schulbedarf-fuer-zuhause","18":"product_cat-sina-spielzeug-de","19":"product_cat-sinnliches-spiel","20":"product_cat-kinder-spielzeug","21":"product_cat-spielen-und-lernen-fuer-babys-kleinkinder","22":"product_cat-unsere-marken","23":"product_tag-handgefertigtes-holzspielzeug-de","24":"product_tag-hergestellt-in-deutschland","25":"product_tag-lernspielzeug-aus-holz-de","26":"product_tag-regenbogenkugeln-aus-holz","27":"product_tag-sina-spielzeug-de","28":"product_tag-spielzeug-fur-sauglinge-und-kleinkinder","30":"first","31":"instock","32":"taxable","33":"shipping-taxable","34":"purchasable","35":"product-type-simple"},"yoast_head":"<!-- This site is optimized with the Yoast SEO plugin v27.1.1 - https:\/\/yoast.com\/product\/yoast-seo-wordpress\/ -->\n<title>Gro\u00dfe Regenbogenkugeln aus Holz - SINA Spielzeug - Teia Education &amp; Play<\/title>\n<meta name=\"description\" content=\"Das Set von SINA Spielzeug Gro\u00dfe Regenbogenkugeln aus Holz in den leuchtenden Regenbogenfarben enth\u00e4lt sechs hochwertige handgefertigte Holzkugeln - hergestellt in Deutschland.\" \/>\n<meta name=\"robots\" content=\"index, follow, max-snippet:-1, max-image-preview:large, max-video-preview:-1\" \/>\n<link rel=\"canonical\" href=\"https:\/\/teiaeducation.ch\/de\/produkt\/grosse-regenbogenkugeln-aus-holz-sina-spielzeug\/\" \/>\n<meta property=\"og:locale\" content=\"de_DE\" \/>\n<meta property=\"og:type\" content=\"article\" \/>\n<meta property=\"og:title\" content=\"Gro\u00dfe Regenbogenkugeln aus Holz - SINA Spielzeug - Teia Education &amp; Play\" \/>\n<meta property=\"og:description\" content=\"Das Set von SINA Spielzeug Gro\u00dfe Regenbogenkugeln aus Holz in den leuchtenden Regenbogenfarben enth\u00e4lt sechs hochwertige handgefertigte Holzkugeln - hergestellt in Deutschland.\" \/>\n<meta property=\"og:url\" content=\"https:\/\/teiaeducation.ch\/de\/produkt\/grosse-regenbogenkugeln-aus-holz-sina-spielzeug\/\" \/>\n<meta property=\"og:site_name\" content=\"Sustainable Educational Products &amp; Ecological Toys\u00a0\" \/>\n<meta property=\"article:publisher\" content=\"https:\/\/www.facebook.com\/teiaeducation\/\" \/>\n<meta property=\"article:modified_time\" content=\"2025-12-11T17:17:59+00:00\" \/>\n<meta property=\"og:image\" content=\"https:\/\/teiaeducation.ch\/wp-content\/uploads\/2020\/05\/Big-Wooden-Rainbow-Balls-SINA-Spielzeug-2-scaled.jpg\" \/>\n\t<meta property=\"og:image:width\" content=\"2048\" \/>\n\t<meta property=\"og:image:height\" content=\"1647\" \/>\n\t<meta property=\"og:image:type\" content=\"image\/jpeg\" \/>\n<script type=\"application\/ld+json\" class=\"yoast-schema-graph\">{\"@context\":\"https:\/\/schema.org\",\"@graph\":[{\"@type\":\"WebPage\",\"@id\":\"https:\/\/teiaeducation.ch\/de\/produkt\/grosse-regenbogenkugeln-aus-holz-sina-spielzeug\/\",\"url\":\"https:\/\/teiaeducation.ch\/de\/produkt\/grosse-regenbogenkugeln-aus-holz-sina-spielzeug\/\",\"name\":\"Gro\u00dfe Regenbogenkugeln aus Holz - SINA Spielzeug - Teia Education & Play\",\"isPartOf\":{\"@id\":\"https:\/\/teiaeducation.ch\/de\/#website\"},\"primaryImageOfPage\":{\"@id\":\"https:\/\/teiaeducation.ch\/de\/produkt\/grosse-regenbogenkugeln-aus-holz-sina-spielzeug\/#primaryimage\"},\"image\":{\"@id\":\"https:\/\/teiaeducation.ch\/de\/produkt\/grosse-regenbogenkugeln-aus-holz-sina-spielzeug\/#primaryimage\"},\"thumbnailUrl\":\"https:\/\/teiaeducation.ch\/wp-content\/uploads\/2020\/05\/Big-Wooden-Rainbow-Balls-SINA-Spielzeug-2-scaled.jpg\",\"datePublished\":\"2020-05-24T11:50:46+00:00\",\"dateModified\":\"2025-12-11T17:17:59+00:00\",\"description\":\"Das Set von SINA Spielzeug Gro\u00dfe Regenbogenkugeln aus Holz in den leuchtenden Regenbogenfarben enth\u00e4lt sechs hochwertige handgefertigte Holzkugeln - hergestellt in Deutschland.\",\"breadcrumb\":{\"@id\":\"https:\/\/teiaeducation.ch\/de\/produkt\/grosse-regenbogenkugeln-aus-holz-sina-spielzeug\/#breadcrumb\"},\"inLanguage\":\"de-CH\",\"potentialAction\":[{\"@type\":\"ReadAction\",\"target\":[\"https:\/\/teiaeducation.ch\/de\/produkt\/grosse-regenbogenkugeln-aus-holz-sina-spielzeug\/\"]}]},{\"@type\":\"ImageObject\",\"inLanguage\":\"de-CH\",\"@id\":\"https:\/\/teiaeducation.ch\/de\/produkt\/grosse-regenbogenkugeln-aus-holz-sina-spielzeug\/#primaryimage\",\"url\":\"https:\/\/teiaeducation.ch\/wp-content\/uploads\/2020\/05\/Big-Wooden-Rainbow-Balls-SINA-Spielzeug-2-scaled.jpg\",\"contentUrl\":\"https:\/\/teiaeducation.ch\/wp-content\/uploads\/2020\/05\/Big-Wooden-Rainbow-Balls-SINA-Spielzeug-2-scaled.jpg\",\"width\":2048,\"height\":1647,\"caption\":\"Big Wooden Rainbow Balls - SINA Spielzeug\"},{\"@type\":\"BreadcrumbList\",\"@id\":\"https:\/\/teiaeducation.ch\/de\/produkt\/grosse-regenbogenkugeln-aus-holz-sina-spielzeug\/#breadcrumb\",\"itemListElement\":[{\"@type\":\"ListItem\",\"position\":1,\"name\":\"Home\",\"item\":\"https:\/\/teiaeducation.ch\/de\/\"},{\"@type\":\"ListItem\",\"position\":2,\"name\":\"Laden\",\"item\":\"https:\/\/teiaeducation.ch\/de\/shop\/\"},{\"@type\":\"ListItem\",\"position\":3,\"name\":\"Unsere Marken\",\"item\":\"https:\/\/teiaeducation.ch\/de\/produkt-kategorie\/unsere-marken\/\"},{\"@type\":\"ListItem\",\"position\":4,\"name\":\"SINA Spielzeug\",\"item\":\"https:\/\/teiaeducation.ch\/de\/produkt-kategorie\/unsere-marken\/sina-spielzeug-de\/\"},{\"@type\":\"ListItem\",\"position\":5,\"name\":\"Baby- und Kleinkindspielzeug\",\"item\":\"https:\/\/teiaeducation.ch\/de\/produkt-kategorie\/unsere-marken\/sina-spielzeug-de\/baby-und-kleinkindspielzeug\/\"},{\"@type\":\"ListItem\",\"position\":6,\"name\":\"Gro\u00dfe Regenbogenkugeln aus Holz &#8211; SINA Spielzeug\"}]},{\"@type\":\"WebSite\",\"@id\":\"https:\/\/teiaeducation.ch\/de\/#website\",\"url\":\"https:\/\/teiaeducation.ch\/de\/\",\"name\":\"Sustainable Educational Products &amp; Ecological Toys\u00a0\",\"description\":\"Specialised Swiss shop selling sustainable educational toys and games, AMI certified Montessori materials, handmade ecological wooden Waldorf toys and arts &amp; crafts supplies, school supplies, children&#039;s furniture and Montessori reference and parenting books.\",\"publisher\":{\"@id\":\"https:\/\/teiaeducation.ch\/de\/#organization\"},\"alternateName\":\"Teia Education & Play\",\"potentialAction\":[{\"@type\":\"SearchAction\",\"target\":{\"@type\":\"EntryPoint\",\"urlTemplate\":\"https:\/\/teiaeducation.ch\/de\/?s={search_term_string}\"},\"query-input\":{\"@type\":\"PropertyValueSpecification\",\"valueRequired\":true,\"valueName\":\"search_term_string\"}}],\"inLanguage\":\"de-CH\"},{\"@type\":\"Organization\",\"@id\":\"https:\/\/teiaeducation.ch\/de\/#organization\",\"name\":\"Teia Education & Play\",\"url\":\"https:\/\/teiaeducation.ch\/de\/\",\"logo\":{\"@type\":\"ImageObject\",\"inLanguage\":\"de-CH\",\"@id\":\"https:\/\/teiaeducation.ch\/de\/#\/schema\/logo\/image\/\",\"url\":\"https:\/\/teiaeducation.ch\/wp-content\/uploads\/2020\/11\/Teia-Education-Switzerland-e1620156442216.jpg\",\"contentUrl\":\"https:\/\/teiaeducation.ch\/wp-content\/uploads\/2020\/11\/Teia-Education-Switzerland-e1620156442216.jpg\",\"width\":166,\"height\":145,\"caption\":\"Teia Education & Play\"},\"image\":{\"@id\":\"https:\/\/teiaeducation.ch\/de\/#\/schema\/logo\/image\/\"},\"sameAs\":[\"https:\/\/www.facebook.com\/teiaeducation\/\",\"https:\/\/x.com\/EducationTeia\",\"https:\/\/www.instagram.com\/teia.education\/\",\"https:\/\/www.linkedin.com\/company\/35501660\",\"https:\/\/www.pinterest.ch\/TeiaEducation\/\"]}]}<\/script>\n<!-- \/ Yoast SEO plugin. -->","yoast_head_json":{"title":"Gro\u00dfe Regenbogenkugeln aus Holz - SINA Spielzeug - Teia Education & Play","description":"Das Set von SINA Spielzeug Gro\u00dfe Regenbogenkugeln aus Holz in den leuchtenden Regenbogenfarben enth\u00e4lt sechs hochwertige handgefertigte Holzkugeln - hergestellt in Deutschland.","robots":{"index":"index","follow":"follow","max-snippet":"max-snippet:-1","max-image-preview":"max-image-preview:large","max-video-preview":"max-video-preview:-1"},"canonical":"https:\/\/teiaeducation.ch\/de\/produkt\/grosse-regenbogenkugeln-aus-holz-sina-spielzeug\/","og_locale":"de_DE","og_type":"article","og_title":"Gro\u00dfe Regenbogenkugeln aus Holz - SINA Spielzeug - Teia Education & Play","og_description":"Das Set von SINA Spielzeug Gro\u00dfe Regenbogenkugeln aus Holz in den leuchtenden Regenbogenfarben enth\u00e4lt sechs hochwertige handgefertigte Holzkugeln - hergestellt in Deutschland.","og_url":"https:\/\/teiaeducation.ch\/de\/produkt\/grosse-regenbogenkugeln-aus-holz-sina-spielzeug\/","og_site_name":"Sustainable Educational Products &amp; Ecological Toys\u00a0","article_publisher":"https:\/\/www.facebook.com\/teiaeducation\/","article_modified_time":"2025-12-11T17:17:59+00:00","og_image":[{"width":2048,"height":1647,"url":"https:\/\/teiaeducation.ch\/wp-content\/uploads\/2020\/05\/Big-Wooden-Rainbow-Balls-SINA-Spielzeug-2-scaled.jpg","type":"image\/jpeg"}],"schema":{"@context":"https:\/\/schema.org","@graph":[{"@type":"WebPage","@id":"https:\/\/teiaeducation.ch\/de\/produkt\/grosse-regenbogenkugeln-aus-holz-sina-spielzeug\/","url":"https:\/\/teiaeducation.ch\/de\/produkt\/grosse-regenbogenkugeln-aus-holz-sina-spielzeug\/","name":"Gro\u00dfe Regenbogenkugeln aus Holz - SINA Spielzeug - Teia Education & Play","isPartOf":{"@id":"https:\/\/teiaeducation.ch\/de\/#website"},"primaryImageOfPage":{"@id":"https:\/\/teiaeducation.ch\/de\/produkt\/grosse-regenbogenkugeln-aus-holz-sina-spielzeug\/#primaryimage"},"image":{"@id":"https:\/\/teiaeducation.ch\/de\/produkt\/grosse-regenbogenkugeln-aus-holz-sina-spielzeug\/#primaryimage"},"thumbnailUrl":"https:\/\/teiaeducation.ch\/wp-content\/uploads\/2020\/05\/Big-Wooden-Rainbow-Balls-SINA-Spielzeug-2-scaled.jpg","datePublished":"2020-05-24T11:50:46+00:00","dateModified":"2025-12-11T17:17:59+00:00","description":"Das Set von SINA Spielzeug Gro\u00dfe Regenbogenkugeln aus Holz in den leuchtenden Regenbogenfarben enth\u00e4lt sechs hochwertige handgefertigte Holzkugeln - hergestellt in Deutschland.","breadcrumb":{"@id":"https:\/\/teiaeducation.ch\/de\/produkt\/grosse-regenbogenkugeln-aus-holz-sina-spielzeug\/#breadcrumb"},"inLanguage":"de-CH","potentialAction":[{"@type":"ReadAction","target":["https:\/\/teiaeducation.ch\/de\/produkt\/grosse-regenbogenkugeln-aus-holz-sina-spielzeug\/"]}]},{"@type":"ImageObject","inLanguage":"de-CH","@id":"https:\/\/teiaeducation.ch\/de\/produkt\/grosse-regenbogenkugeln-aus-holz-sina-spielzeug\/#primaryimage","url":"https:\/\/teiaeducation.ch\/wp-content\/uploads\/2020\/05\/Big-Wooden-Rainbow-Balls-SINA-Spielzeug-2-scaled.jpg","contentUrl":"https:\/\/teiaeducation.ch\/wp-content\/uploads\/2020\/05\/Big-Wooden-Rainbow-Balls-SINA-Spielzeug-2-scaled.jpg","width":2048,"height":1647,"caption":"Big Wooden Rainbow Balls - SINA Spielzeug"},{"@type":"BreadcrumbList","@id":"https:\/\/teiaeducation.ch\/de\/produkt\/grosse-regenbogenkugeln-aus-holz-sina-spielzeug\/#breadcrumb","itemListElement":[{"@type":"ListItem","position":1,"name":"Home","item":"https:\/\/teiaeducation.ch\/de\/"},{"@type":"ListItem","position":2,"name":"Laden","item":"https:\/\/teiaeducation.ch\/de\/shop\/"},{"@type":"ListItem","position":3,"name":"Unsere Marken","item":"https:\/\/teiaeducation.ch\/de\/produkt-kategorie\/unsere-marken\/"},{"@type":"ListItem","position":4,"name":"SINA Spielzeug","item":"https:\/\/teiaeducation.ch\/de\/produkt-kategorie\/unsere-marken\/sina-spielzeug-de\/"},{"@type":"ListItem","position":5,"name":"Baby- und Kleinkindspielzeug","item":"https:\/\/teiaeducation.ch\/de\/produkt-kategorie\/unsere-marken\/sina-spielzeug-de\/baby-und-kleinkindspielzeug\/"},{"@type":"ListItem","position":6,"name":"Gro\u00dfe Regenbogenkugeln aus Holz &#8211; SINA Spielzeug"}]},{"@type":"WebSite","@id":"https:\/\/teiaeducation.ch\/de\/#website","url":"https:\/\/teiaeducation.ch\/de\/","name":"Sustainable Educational Products &amp; Ecological Toys\u00a0","description":"Specialised Swiss shop selling sustainable educational toys and games, AMI certified Montessori materials, handmade ecological wooden Waldorf toys and arts &amp; crafts supplies, school supplies, children&#039;s furniture and Montessori reference and parenting books.","publisher":{"@id":"https:\/\/teiaeducation.ch\/de\/#organization"},"alternateName":"Teia Education & Play","potentialAction":[{"@type":"SearchAction","target":{"@type":"EntryPoint","urlTemplate":"https:\/\/teiaeducation.ch\/de\/?s={search_term_string}"},"query-input":{"@type":"PropertyValueSpecification","valueRequired":true,"valueName":"search_term_string"}}],"inLanguage":"de-CH"},{"@type":"Organization","@id":"https:\/\/teiaeducation.ch\/de\/#organization","name":"Teia Education & Play","url":"https:\/\/teiaeducation.ch\/de\/","logo":{"@type":"ImageObject","inLanguage":"de-CH","@id":"https:\/\/teiaeducation.ch\/de\/#\/schema\/logo\/image\/","url":"https:\/\/teiaeducation.ch\/wp-content\/uploads\/2020\/11\/Teia-Education-Switzerland-e1620156442216.jpg","contentUrl":"https:\/\/teiaeducation.ch\/wp-content\/uploads\/2020\/11\/Teia-Education-Switzerland-e1620156442216.jpg","width":166,"height":145,"caption":"Teia Education & Play"},"image":{"@id":"https:\/\/teiaeducation.ch\/de\/#\/schema\/logo\/image\/"},"sameAs":["https:\/\/www.facebook.com\/teiaeducation\/","https:\/\/x.com\/EducationTeia","https:\/\/www.instagram.com\/teia.education\/","https:\/\/www.linkedin.com\/company\/35501660","https:\/\/www.pinterest.ch\/TeiaEducation\/"]}]}},"_links":{"self":[{"href":"https:\/\/teiaeducation.ch\/de\/wp-json\/wp\/v2\/product\/59238","targetHints":{"allow":["GET"]}}],"collection":[{"href":"https:\/\/teiaeducation.ch\/de\/wp-json\/wp\/v2\/product"}],"about":[{"href":"https:\/\/teiaeducation.ch\/de\/wp-json\/wp\/v2\/types\/product"}],"replies":[{"embeddable":true,"href":"https:\/\/teiaeducation.ch\/de\/wp-json\/wp\/v2\/comments?post=59238"}],"wp:featuredmedia":[{"embeddable":true,"href":"https:\/\/teiaeducation.ch\/de\/wp-json\/wp\/v2\/media\/64180"}],"wp:attachment":[{"href":"https:\/\/teiaeducation.ch\/de\/wp-json\/wp\/v2\/media?parent=59238"}],"wp:term":[{"taxonomy":"product_brand","embeddable":true,"href":"https:\/\/teiaeducation.ch\/de\/wp-json\/wp\/v2\/product_brand?post=59238"},{"taxonomy":"product_cat","embeddable":true,"href":"https:\/\/teiaeducation.ch\/de\/wp-json\/wp\/v2\/product_cat?post=59238"},{"taxonomy":"product_tag","embeddable":true,"href":"https:\/\/teiaeducation.ch\/de\/wp-json\/wp\/v2\/product_tag?post=59238"}],"curies":[{"name":"wp","href":"https:\/\/api.w.org\/{rel}","templated":true}]}}