{"id":59259,"date":"2023-02-27T13:30:48","date_gmt":"2023-02-27T12:30:48","guid":{"rendered":"https:\/\/teiaeducation.ch\/product\/wabenbloecke-sina-spielzeug\/"},"modified":"2024-06-17T14:22:22","modified_gmt":"2024-06-17T12:22:22","slug":"wabenbloecke-sina-spielzeug","status":"publish","type":"product","link":"https:\/\/teiaeducation.ch\/de\/produkt\/wabenbloecke-sina-spielzeug\/","title":{"rendered":"Wabenbl\u00f6cke &#8211; SINA Spielzeug"},"content":{"rendered":"<p>SINA Spielzeug&#8217;s Wabenbl\u00f6cke ist, wie der Name schon sagt, ein Konstruktionsspiel mit sechseckigem Aufbau. Einmal ineinander gesteckt, erhalten die wabenf\u00f6rmigen <a href=\"https:\/\/teiaeducation.ch\/product-category\/play\/wooden-building-blocks\/\">Holzbausteine<\/a> in den leuchtenden <a href=\"https:\/\/teiaeducation.ch\/product-category\/learning-themes\/sensory-motor-skills\/learning-about-colour\/\">Farben<\/a> des Regenbogens eine internationale Stabilit\u00e4t. Sie ermutigen die Spieler, mit Dekorationen und konstruktiven Designs zu experimentieren und das Prinzip des Gleichgewichts zu verstehen.<\/p>\n<p>Wabenbl\u00f6cke wird komplett in Deutschland handgefertigt und ist auch f\u00fcr Erwachsene geeignet, die sich f\u00fcr das Bauen begeistern und gerne mit Kindern zusammen spielen.<\/p>\n<p>Die deutsche Spielzeugmarke <a href=\"https:\/\/teiaeducation.ch\/product-category\/brands\/sina-spielzeug\/\">SINA Spielzeug<\/a> stellt seit \u00fcber 30 Jahren Holzspielzeug von h\u00f6chster Qualit\u00e4t her, das Erwachsene und Kinder zum gemeinsamen Spielen anregen soll. SINA Spielzeug hat eine starke regionale Identit\u00e4t und besch\u00e4ftigt einheimische Handwerker, die in der Region aufgewachsen sind und sich zum Naturmaterial Holz hingezogen f\u00fchlen und der Marke Verspieltheit, Fr\u00f6hlichkeit und Herzlichkeit einhauchen.<\/p>\n<p>Alle SINA Spielzeuge werden in der firmeneigenen Werkstatt in Neuhausen\/Erzgebirge, Deutschland, entworfen und von Hand gefertigt. Mit gr\u00f6\u00dfter Sorgfalt entwickelt und hergestellt, tr\u00e4gt jedes SINA Produkt das CE-Zeichen und erf\u00fcllt alle gesetzlichen Anforderungen der europ\u00e4ischen Spielzeugrichtlinie 2009\/48\/EG und der EN 71 f\u00fcr die Sicherheit von Spielzeug. Mehrere der SINA Spielzeuge sind mit dem <a href=\"https:\/\/www.spielgut.de\">Spielgut\u00ae<\/a>-Siegel ausgezeichnet worden.<\/p>\n<p>Von den Rohstofflieferanten werden hohe Sicherheits- und Ethikstandards sowie die Garantie verlangt, dass alle Materialien und Bestandteile f\u00fcr Kinder sicher und frei von Giftstoffen sind. SINA ist ein Familienunternehmen, dessen Sortiment didaktisches <a href=\"https:\/\/teiaeducation.ch\/product-category\/hgh-quality-toys-play\/handmade-wooden-toys\/\">Holzspielzeug<\/a>, Holzspielger\u00e4te f\u00fcr therapeutische Zwecke und Spielger\u00e4te einschlie\u00dflich der <a href=\"https:\/\/teiaeducation.ch\/product-category\/brands\/sina-spielzeug\/froebel-gaben-playing-items\/\">Geschenke<\/a> der <a href=\"https:\/\/teiaeducation.ch\/2022\/05\/24\/who-was-froebel-and-what-are-froebels-gifts\/\">Froebel-P\u00e4dagogik<\/a> umfasst.<\/p>\n<p>SINA Spielzeug ist Mitglied im <a href=\"https:\/\/www.dvsi.de\">Deutschen Verband der Spielwarenindustrie<\/a>, in der <a href=\"https:\/\/gutesholzspielzeug.de\">Fachgruppe Holzspielzeug<\/a> und im <a href=\"https:\/\/www.pfv.info\">Pestalozzi-Froebel-Verband<\/a>.<\/p>\n<p>Wabenbl\u00f6cke sind f\u00fcr Kinder ab 3 Jahren geeignet.<\/p>\n<p>Inhalt:<\/p>\n<p>7 Baukl\u00f6tze 25\/50 mm<br \/>\nBenutzerhandbuch<\/p>\n<p><a href=\"https:\/\/teiaeducation.ch\/wp-content\/uploads\/2019\/04\/Spielgut.jpg\"><img loading=\"lazy\" decoding=\"async\" class=\"alignleft wp-image-4863 lazyloaded\" src=\"https:\/\/teiaeducation.ch\/wp-content\/uploads\/2019\/04\/Spielgut.jpg\" sizes=\"auto, (max-width: 100px) 100vw, 100px\" srcset=\"https:\/\/teiaeducation.ch\/wp-content\/uploads\/2019\/04\/Spielgut.jpg 235w, https:\/\/teiaeducation.ch\/wp-content\/uploads\/2019\/04\/Spielgut-100x100.jpg 100w\" alt=\"\" width=\"100\" height=\"100\" data-lazy-srcset=\"https:\/\/teiaeducation.ch\/wp-content\/uploads\/2019\/04\/Spielgut.jpg 235w, https:\/\/teiaeducation.ch\/wp-content\/uploads\/2019\/04\/Spielgut-100x100.jpg 100w\" data-lazy-sizes=\"(max-width: 100px) 100vw, 100px\" data-lazy-src=\"https:\/\/teiaeducation.ch\/wp-content\/uploads\/2019\/04\/Spielgut.jpg\" data-was-processed=\"true\"><\/a><\/p>\n<p>&nbsp;<\/p>\n<p>SINA Spielzeug Wabenbl\u00f6cke ist mit dem Spielgut\u00ae-Siegel ausgezeichnet worden.<\/p>\n","protected":false},"excerpt":{"rendered":"<p>Artikelnummer: 20066<\/p>\n<p>SINA Spielzeug Wabenbl\u00f6cke ist ein Konstruktionsspiel mit bunten Holzkl\u00f6tzen zum Experimentieren mit konstruktiven Formen und Gleichgewicht.<\/p>\n","protected":false},"featured_media":59260,"comment_status":"open","ping_status":"closed","template":"","meta":[],"product_brand":[],"product_cat":[21445,21446,21662,21704,21479,21558,21550,21670,21544,21491,21484,23075,21509,21537,21559,21443,21563,22362,21494,21495,21496,21557,21661,21678,21699,21482,21564],"product_tag":[27933,27935,21911,21712,27934,27936],"class_list":{"0":"post-59259","1":"product","2":"type-product","3":"status-publish","4":"has-post-thumbnail","6":"product_cat-3-6-jahre-vorschule","7":"product_cat-6-12-jahre-grundschule","8":"product_cat-aufbau-gewinde","9":"product_cat-baukloetze-aus-holz","10":"product_cat-lernmaterialien-spielzeug-montessori-waldorf-steiner-froebel","11":"product_cat-farbe-lernen","12":"product_cat-formen","13":"product_cat-fruehjahrskollektion","14":"product_cat-geometrie-de","15":"product_cat-geschenk-guide-lerngeschenke","16":"product_cat-geschenk-guides","17":"product_cat-handgefertigtes-holzspielzeug","18":"product_cat-lernthemen","19":"product_cat-mathematik-rechnen","20":"product_cat-motorische-fertigkeiten","21":"product_cat-nach-alter","22":"product_cat-neuheiten","23":"product_cat-saisonale-kollektionen","24":"product_cat-schulbedarf-fuer-zuhause","25":"product_cat-schulbedarf-fuer-zuhause-3-6-jahre","26":"product_cat-schulbedarf-fuer-zuhause-6-12-jahre","27":"product_cat-sensorische-motorische-fertigkeiten","28":"product_cat-sina-spielzeug-de","29":"product_cat-kinder-spielzeug","30":"product_cat-stapelspielzeug","31":"product_cat-traditionelle-bildung","32":"product_cat-unsere-marken","33":"product_tag-bauen-sie","34":"product_tag-blocke-mit-wabenstruktur","35":"product_tag-handgefertigtes-holzspielzeug","36":"product_tag-hergestellt-in-deutschland","37":"product_tag-spielen-fadeln","38":"product_tag-wabe-sina-spielzeug","40":"first","41":"instock","42":"taxable","43":"shipping-taxable","44":"purchasable","45":"product-type-simple"},"yoast_head":"<!-- This site is optimized with the Yoast SEO plugin v27.1.1 - https:\/\/yoast.com\/product\/yoast-seo-wordpress\/ -->\n<title>Wabenbl\u00f6cke - SINA Spielzeug - Teia Education &amp; Play<\/title>\n<meta name=\"description\" content=\"SINA Spielzeug Wabenbl\u00f6cke ist ein Konstruktionsspiel mit bunten Holzkl\u00f6tzen zum Experimentieren mit konstruktiven Formen und Gleichgewicht.\" \/>\n<meta name=\"robots\" content=\"index, follow, max-snippet:-1, max-image-preview:large, max-video-preview:-1\" \/>\n<link rel=\"canonical\" href=\"https:\/\/teiaeducation.ch\/de\/produkt\/wabenbloecke-sina-spielzeug\/\" \/>\n<meta property=\"og:locale\" content=\"de_DE\" \/>\n<meta property=\"og:type\" content=\"article\" \/>\n<meta property=\"og:title\" content=\"Wabenbl\u00f6cke - SINA Spielzeug - Teia Education &amp; Play\" \/>\n<meta property=\"og:description\" content=\"SINA Spielzeug Wabenbl\u00f6cke ist ein Konstruktionsspiel mit bunten Holzkl\u00f6tzen zum Experimentieren mit konstruktiven Formen und Gleichgewicht.\" \/>\n<meta property=\"og:url\" content=\"https:\/\/teiaeducation.ch\/de\/produkt\/wabenbloecke-sina-spielzeug\/\" \/>\n<meta property=\"og:site_name\" content=\"Sustainable Educational Products &amp; Ecological Toys\u00a0\" \/>\n<meta property=\"article:publisher\" content=\"https:\/\/www.facebook.com\/teiaeducation\/\" \/>\n<meta property=\"article:modified_time\" content=\"2024-06-17T12:22:22+00:00\" \/>\n<meta property=\"og:image\" content=\"https:\/\/teiaeducation.ch\/wp-content\/uploads\/2020\/04\/Honeycomb-SINA-Spielzeug2.jpg\" \/>\n\t<meta property=\"og:image:width\" content=\"1073\" \/>\n\t<meta property=\"og:image:height\" content=\"1415\" \/>\n\t<meta property=\"og:image:type\" content=\"image\/jpeg\" \/>\n<script type=\"application\/ld+json\" class=\"yoast-schema-graph\">{\"@context\":\"https:\/\/schema.org\",\"@graph\":[{\"@type\":\"WebPage\",\"@id\":\"https:\/\/teiaeducation.ch\/de\/produkt\/wabenbloecke-sina-spielzeug\/\",\"url\":\"https:\/\/teiaeducation.ch\/de\/produkt\/wabenbloecke-sina-spielzeug\/\",\"name\":\"Wabenbl\u00f6cke - SINA Spielzeug - Teia Education & Play\",\"isPartOf\":{\"@id\":\"https:\/\/teiaeducation.ch\/de\/#website\"},\"primaryImageOfPage\":{\"@id\":\"https:\/\/teiaeducation.ch\/de\/produkt\/wabenbloecke-sina-spielzeug\/#primaryimage\"},\"image\":{\"@id\":\"https:\/\/teiaeducation.ch\/de\/produkt\/wabenbloecke-sina-spielzeug\/#primaryimage\"},\"thumbnailUrl\":\"https:\/\/teiaeducation.ch\/wp-content\/uploads\/2020\/04\/Honeycomb-SINA-Spielzeug2.jpg\",\"datePublished\":\"2023-02-27T12:30:48+00:00\",\"dateModified\":\"2024-06-17T12:22:22+00:00\",\"description\":\"SINA Spielzeug Wabenbl\u00f6cke ist ein Konstruktionsspiel mit bunten Holzkl\u00f6tzen zum Experimentieren mit konstruktiven Formen und Gleichgewicht.\",\"breadcrumb\":{\"@id\":\"https:\/\/teiaeducation.ch\/de\/produkt\/wabenbloecke-sina-spielzeug\/#breadcrumb\"},\"inLanguage\":\"de-CH\",\"potentialAction\":[{\"@type\":\"ReadAction\",\"target\":[\"https:\/\/teiaeducation.ch\/de\/produkt\/wabenbloecke-sina-spielzeug\/\"]}]},{\"@type\":\"ImageObject\",\"inLanguage\":\"de-CH\",\"@id\":\"https:\/\/teiaeducation.ch\/de\/produkt\/wabenbloecke-sina-spielzeug\/#primaryimage\",\"url\":\"https:\/\/teiaeducation.ch\/wp-content\/uploads\/2020\/04\/Honeycomb-SINA-Spielzeug2.jpg\",\"contentUrl\":\"https:\/\/teiaeducation.ch\/wp-content\/uploads\/2020\/04\/Honeycomb-SINA-Spielzeug2.jpg\",\"width\":1073,\"height\":1415,\"caption\":\"Wabenbl\u00f6cke - SINA Spielzeug\"},{\"@type\":\"BreadcrumbList\",\"@id\":\"https:\/\/teiaeducation.ch\/de\/produkt\/wabenbloecke-sina-spielzeug\/#breadcrumb\",\"itemListElement\":[{\"@type\":\"ListItem\",\"position\":1,\"name\":\"Home\",\"item\":\"https:\/\/teiaeducation.ch\/de\/\"},{\"@type\":\"ListItem\",\"position\":2,\"name\":\"Laden\",\"item\":\"https:\/\/teiaeducation.ch\/de\/shop\/\"},{\"@type\":\"ListItem\",\"position\":3,\"name\":\"Unsere Marken\",\"item\":\"https:\/\/teiaeducation.ch\/de\/produkt-kategorie\/unsere-marken\/\"},{\"@type\":\"ListItem\",\"position\":4,\"name\":\"SINA Spielzeug\",\"item\":\"https:\/\/teiaeducation.ch\/de\/produkt-kategorie\/unsere-marken\/sina-spielzeug-de\/\"},{\"@type\":\"ListItem\",\"position\":5,\"name\":\"Aufbau &amp; Gewinde\",\"item\":\"https:\/\/teiaeducation.ch\/de\/produkt-kategorie\/unsere-marken\/sina-spielzeug-de\/aufbau-gewinde\/\"},{\"@type\":\"ListItem\",\"position\":6,\"name\":\"Wabenbl\u00f6cke &#8211; SINA Spielzeug\"}]},{\"@type\":\"WebSite\",\"@id\":\"https:\/\/teiaeducation.ch\/de\/#website\",\"url\":\"https:\/\/teiaeducation.ch\/de\/\",\"name\":\"Sustainable Educational Products &amp; Ecological Toys\u00a0\",\"description\":\"Specialised Swiss shop selling sustainable educational toys and games, AMI certified Montessori materials, handmade ecological wooden Waldorf toys and arts &amp; crafts supplies, school supplies, children&#039;s furniture and Montessori reference and parenting books.\",\"publisher\":{\"@id\":\"https:\/\/teiaeducation.ch\/de\/#organization\"},\"alternateName\":\"Teia Education & Play\",\"potentialAction\":[{\"@type\":\"SearchAction\",\"target\":{\"@type\":\"EntryPoint\",\"urlTemplate\":\"https:\/\/teiaeducation.ch\/de\/?s={search_term_string}\"},\"query-input\":{\"@type\":\"PropertyValueSpecification\",\"valueRequired\":true,\"valueName\":\"search_term_string\"}}],\"inLanguage\":\"de-CH\"},{\"@type\":\"Organization\",\"@id\":\"https:\/\/teiaeducation.ch\/de\/#organization\",\"name\":\"Teia Education & Play\",\"url\":\"https:\/\/teiaeducation.ch\/de\/\",\"logo\":{\"@type\":\"ImageObject\",\"inLanguage\":\"de-CH\",\"@id\":\"https:\/\/teiaeducation.ch\/de\/#\/schema\/logo\/image\/\",\"url\":\"https:\/\/teiaeducation.ch\/wp-content\/uploads\/2020\/11\/Teia-Education-Switzerland-e1620156442216.jpg\",\"contentUrl\":\"https:\/\/teiaeducation.ch\/wp-content\/uploads\/2020\/11\/Teia-Education-Switzerland-e1620156442216.jpg\",\"width\":166,\"height\":145,\"caption\":\"Teia Education & Play\"},\"image\":{\"@id\":\"https:\/\/teiaeducation.ch\/de\/#\/schema\/logo\/image\/\"},\"sameAs\":[\"https:\/\/www.facebook.com\/teiaeducation\/\",\"https:\/\/x.com\/EducationTeia\",\"https:\/\/www.instagram.com\/teia.education\/\",\"https:\/\/www.linkedin.com\/company\/35501660\",\"https:\/\/www.pinterest.ch\/TeiaEducation\/\"]}]}<\/script>\n<!-- \/ Yoast SEO plugin. -->","yoast_head_json":{"title":"Wabenbl\u00f6cke - SINA Spielzeug - Teia Education & Play","description":"SINA Spielzeug Wabenbl\u00f6cke ist ein Konstruktionsspiel mit bunten Holzkl\u00f6tzen zum Experimentieren mit konstruktiven Formen und Gleichgewicht.","robots":{"index":"index","follow":"follow","max-snippet":"max-snippet:-1","max-image-preview":"max-image-preview:large","max-video-preview":"max-video-preview:-1"},"canonical":"https:\/\/teiaeducation.ch\/de\/produkt\/wabenbloecke-sina-spielzeug\/","og_locale":"de_DE","og_type":"article","og_title":"Wabenbl\u00f6cke - SINA Spielzeug - Teia Education & Play","og_description":"SINA Spielzeug Wabenbl\u00f6cke ist ein Konstruktionsspiel mit bunten Holzkl\u00f6tzen zum Experimentieren mit konstruktiven Formen und Gleichgewicht.","og_url":"https:\/\/teiaeducation.ch\/de\/produkt\/wabenbloecke-sina-spielzeug\/","og_site_name":"Sustainable Educational Products &amp; Ecological Toys\u00a0","article_publisher":"https:\/\/www.facebook.com\/teiaeducation\/","article_modified_time":"2024-06-17T12:22:22+00:00","og_image":[{"width":1073,"height":1415,"url":"https:\/\/teiaeducation.ch\/wp-content\/uploads\/2020\/04\/Honeycomb-SINA-Spielzeug2.jpg","type":"image\/jpeg"}],"schema":{"@context":"https:\/\/schema.org","@graph":[{"@type":"WebPage","@id":"https:\/\/teiaeducation.ch\/de\/produkt\/wabenbloecke-sina-spielzeug\/","url":"https:\/\/teiaeducation.ch\/de\/produkt\/wabenbloecke-sina-spielzeug\/","name":"Wabenbl\u00f6cke - SINA Spielzeug - Teia Education & Play","isPartOf":{"@id":"https:\/\/teiaeducation.ch\/de\/#website"},"primaryImageOfPage":{"@id":"https:\/\/teiaeducation.ch\/de\/produkt\/wabenbloecke-sina-spielzeug\/#primaryimage"},"image":{"@id":"https:\/\/teiaeducation.ch\/de\/produkt\/wabenbloecke-sina-spielzeug\/#primaryimage"},"thumbnailUrl":"https:\/\/teiaeducation.ch\/wp-content\/uploads\/2020\/04\/Honeycomb-SINA-Spielzeug2.jpg","datePublished":"2023-02-27T12:30:48+00:00","dateModified":"2024-06-17T12:22:22+00:00","description":"SINA Spielzeug Wabenbl\u00f6cke ist ein Konstruktionsspiel mit bunten Holzkl\u00f6tzen zum Experimentieren mit konstruktiven Formen und Gleichgewicht.","breadcrumb":{"@id":"https:\/\/teiaeducation.ch\/de\/produkt\/wabenbloecke-sina-spielzeug\/#breadcrumb"},"inLanguage":"de-CH","potentialAction":[{"@type":"ReadAction","target":["https:\/\/teiaeducation.ch\/de\/produkt\/wabenbloecke-sina-spielzeug\/"]}]},{"@type":"ImageObject","inLanguage":"de-CH","@id":"https:\/\/teiaeducation.ch\/de\/produkt\/wabenbloecke-sina-spielzeug\/#primaryimage","url":"https:\/\/teiaeducation.ch\/wp-content\/uploads\/2020\/04\/Honeycomb-SINA-Spielzeug2.jpg","contentUrl":"https:\/\/teiaeducation.ch\/wp-content\/uploads\/2020\/04\/Honeycomb-SINA-Spielzeug2.jpg","width":1073,"height":1415,"caption":"Wabenbl\u00f6cke - SINA Spielzeug"},{"@type":"BreadcrumbList","@id":"https:\/\/teiaeducation.ch\/de\/produkt\/wabenbloecke-sina-spielzeug\/#breadcrumb","itemListElement":[{"@type":"ListItem","position":1,"name":"Home","item":"https:\/\/teiaeducation.ch\/de\/"},{"@type":"ListItem","position":2,"name":"Laden","item":"https:\/\/teiaeducation.ch\/de\/shop\/"},{"@type":"ListItem","position":3,"name":"Unsere Marken","item":"https:\/\/teiaeducation.ch\/de\/produkt-kategorie\/unsere-marken\/"},{"@type":"ListItem","position":4,"name":"SINA Spielzeug","item":"https:\/\/teiaeducation.ch\/de\/produkt-kategorie\/unsere-marken\/sina-spielzeug-de\/"},{"@type":"ListItem","position":5,"name":"Aufbau &amp; Gewinde","item":"https:\/\/teiaeducation.ch\/de\/produkt-kategorie\/unsere-marken\/sina-spielzeug-de\/aufbau-gewinde\/"},{"@type":"ListItem","position":6,"name":"Wabenbl\u00f6cke &#8211; SINA Spielzeug"}]},{"@type":"WebSite","@id":"https:\/\/teiaeducation.ch\/de\/#website","url":"https:\/\/teiaeducation.ch\/de\/","name":"Sustainable Educational Products &amp; Ecological Toys\u00a0","description":"Specialised Swiss shop selling sustainable educational toys and games, AMI certified Montessori materials, handmade ecological wooden Waldorf toys and arts &amp; crafts supplies, school supplies, children&#039;s furniture and Montessori reference and parenting books.","publisher":{"@id":"https:\/\/teiaeducation.ch\/de\/#organization"},"alternateName":"Teia Education & Play","potentialAction":[{"@type":"SearchAction","target":{"@type":"EntryPoint","urlTemplate":"https:\/\/teiaeducation.ch\/de\/?s={search_term_string}"},"query-input":{"@type":"PropertyValueSpecification","valueRequired":true,"valueName":"search_term_string"}}],"inLanguage":"de-CH"},{"@type":"Organization","@id":"https:\/\/teiaeducation.ch\/de\/#organization","name":"Teia Education & Play","url":"https:\/\/teiaeducation.ch\/de\/","logo":{"@type":"ImageObject","inLanguage":"de-CH","@id":"https:\/\/teiaeducation.ch\/de\/#\/schema\/logo\/image\/","url":"https:\/\/teiaeducation.ch\/wp-content\/uploads\/2020\/11\/Teia-Education-Switzerland-e1620156442216.jpg","contentUrl":"https:\/\/teiaeducation.ch\/wp-content\/uploads\/2020\/11\/Teia-Education-Switzerland-e1620156442216.jpg","width":166,"height":145,"caption":"Teia Education & Play"},"image":{"@id":"https:\/\/teiaeducation.ch\/de\/#\/schema\/logo\/image\/"},"sameAs":["https:\/\/www.facebook.com\/teiaeducation\/","https:\/\/x.com\/EducationTeia","https:\/\/www.instagram.com\/teia.education\/","https:\/\/www.linkedin.com\/company\/35501660","https:\/\/www.pinterest.ch\/TeiaEducation\/"]}]}},"_links":{"self":[{"href":"https:\/\/teiaeducation.ch\/de\/wp-json\/wp\/v2\/product\/59259","targetHints":{"allow":["GET"]}}],"collection":[{"href":"https:\/\/teiaeducation.ch\/de\/wp-json\/wp\/v2\/product"}],"about":[{"href":"https:\/\/teiaeducation.ch\/de\/wp-json\/wp\/v2\/types\/product"}],"replies":[{"embeddable":true,"href":"https:\/\/teiaeducation.ch\/de\/wp-json\/wp\/v2\/comments?post=59259"}],"wp:featuredmedia":[{"embeddable":true,"href":"https:\/\/teiaeducation.ch\/de\/wp-json\/wp\/v2\/media\/59260"}],"wp:attachment":[{"href":"https:\/\/teiaeducation.ch\/de\/wp-json\/wp\/v2\/media?parent=59259"}],"wp:term":[{"taxonomy":"product_brand","embeddable":true,"href":"https:\/\/teiaeducation.ch\/de\/wp-json\/wp\/v2\/product_brand?post=59259"},{"taxonomy":"product_cat","embeddable":true,"href":"https:\/\/teiaeducation.ch\/de\/wp-json\/wp\/v2\/product_cat?post=59259"},{"taxonomy":"product_tag","embeddable":true,"href":"https:\/\/teiaeducation.ch\/de\/wp-json\/wp\/v2\/product_tag?post=59259"}],"curies":[{"name":"wp","href":"https:\/\/api.w.org\/{rel}","templated":true}]}}