{"id":59267,"date":"2025-12-18T13:15:03","date_gmt":"2025-12-18T12:15:03","guid":{"rendered":"https:\/\/teiaeducation.ch\/product\/musikpuppen-aus-holz-sina-spielzeug\/"},"modified":"2026-01-17T11:37:06","modified_gmt":"2026-01-17T10:37:06","slug":"musikpuppen-aus-holz-sina-spielzeug","status":"publish","type":"product","link":"https:\/\/teiaeducation.ch\/de\/produkt\/musikpuppen-aus-holz-sina-spielzeug\/","title":{"rendered":"Musikpuppen Klangkinder  aus Holz &#8211; SINA Spielzeug"},"content":{"rendered":"<p>Das SINA Spielzeug Musikpuppen Klangkinder aus Holz Set enth\u00e4lt 6 Paare hochwertiger handgefertigter Musikpuppen aus Holz in den Farben des Regenbogens, die jeweils 7,5 cm gro\u00df sind.<\/p>\n<p>Jeweils zwei Puppen der gleichen <a href=\"https:\/\/teiaeducation.ch\/product-category\/learning-themes\/sensory-motor-skills\/learning-about-colour\/\">Farbe<\/a> machen den gleichen Ton, wobei die hellen Farben einen hohen und leisen Ton und die dunkleren Farben einen tiefen und lauten Ton machen.<\/p>\n<p>Die Musikpuppen k\u00f6nnen f\u00fcr verschiedene \u00dcbungen verwendet werden, z. B. zum Paaren mit verbundenen Augen, zum Sch\u00fctteln durch einen Erwachsenen oder zum Spielen mit losen Teilen. Das Spielen mit den Musikpuppen f\u00f6rdert die auditive <a href=\"https:\/\/teiaeducation.ch\/product-category\/learning-themes\/literacy-language\/discrimination-2\/\">Unterscheidungsf\u00e4higkeit<\/a> und die Kommunikationsf\u00e4higkeit, w\u00e4hrend sie gleichzeitig etwas \u00fcber Farben lernen. Das Set wird komplett in Deutschland handgefertigt.<\/p>\n<p>Die Musikpuppen Klangkinder aus Holz sind f\u00fcr Kinder ab 6 Monaten geeignet.<\/p>\n<p>Inhalt:<\/p>\n<p>12 Musikpuppen aus Holz<br \/>\nEine Textiltasche f\u00fcr die Aufbewahrung<\/p>\n<h2>\u00dcber SINA Spielzeug<\/h2>\n<p>Die deutsche Spielzeugmarke <a href=\"https:\/\/teiaeducation.ch\/product-category\/brands\/sina-spielzeug\/\">SINA Spielzeug<\/a> stellt seit \u00fcber 30 Jahren <a href=\"https:\/\/teiaeducation.ch\/product-category\/hgh-quality-toys-play\/handmade-wooden-toys\/\">Holzspielzeug<\/a> von h\u00f6chster Qualit\u00e4t her, das Erwachsene und Kinder zum gemeinsamen Spielen anregen soll. SINA Spielzeug hat eine starke regionale Identit\u00e4t und besch\u00e4ftigt einheimische Handwerker, die in der Region aufgewachsen sind und sich zum Naturmaterial Holz hingezogen f\u00fchlen und der Marke Verspieltheit, Fr\u00f6hlichkeit und Herzlichkeit einhauchen.<\/p>\n<p>Alle SINA Spielzeuge werden in der firmeneigenen Werkstatt in Neuhausen\/Erzgebirge, Deutschland, entworfen und von Hand gefertigt. Mit gr\u00f6\u00dfter Sorgfalt entwickelt und hergestellt, tr\u00e4gt jedes SINA Produkt das CE-Zeichen und erf\u00fcllt alle gesetzlichen Anforderungen der europ\u00e4ischen Spielzeugrichtlinie 2009\/48\/EG und der EN 71 f\u00fcr die Sicherheit von Spielzeug. Mehrere der SINA Spielzeuge sind mit dem <a href=\"https:\/\/www.spielgut.de\">Spielgut\u00ae<\/a>-Siegel ausgezeichnet worden.<\/p>\n<p>Von den Rohstofflieferanten werden hohe Sicherheits- und Ethikstandards sowie die Garantie verlangt, dass alle Materialien und Bestandteile f\u00fcr Kinder sicher und frei von Giftstoffen sind. SINA ist ein Familienunternehmen, dessen Sortiment didaktisches Holzspielzeug, <a href=\"https:\/\/teiaeducation.ch\/product-category\/brands\/sina-spielzeug\/build-thread\/\">Holzspielger\u00e4te<\/a> f\u00fcr therapeutische Zwecke, <a href=\"https:\/\/teiaeducation.ch\/product-category\/brands\/sina-spielzeug\/infant-toddler-toys\/\">Baby- und Kleinkindspielzeug<\/a> und Spielger\u00e4te einschlie\u00dflich der <a href=\"https:\/\/teiaeducation.ch\/product-category\/brands\/sina-spielzeug\/froebel-gaben-playing-items\/\">Gaben<\/a> der <a href=\"https:\/\/teiaeducation.ch\/2022\/05\/24\/who-was-froebel-and-what-are-froebels-gifts\/\">Froebel-P\u00e4dagogik<\/a> umfasst.<\/p>\n<p>SINA Spielzeug ist Mitglied im <a href=\"https:\/\/www.dvsi.de\">Deutschen Verband der Spielwarenindustrie<\/a>, in der <a href=\"https:\/\/gutesholzspielzeug.de\">Fachgruppe Holzspielzeug<\/a> und im <a href=\"https:\/\/www.pfv.info\">Pestalozzi-Froebel-Verband<\/a>.<\/p>\n","protected":false},"excerpt":{"rendered":"<p>Artikelnummer: 20091<\/p>\n<p>Das SINA Spielzeug Musikpuppen Klangkinder aus Holz Set enth\u00e4lt 6 Paare hochwertiger handgefertigter Musikpuppen aus Holz in den Farben des Regenbogens.<\/p>\n","protected":false},"featured_media":64183,"comment_status":"open","ping_status":"closed","template":"","meta":[],"product_brand":[],"product_cat":[21444,21445,21524,21681,23651,21479,21558,21663,21485,21491,21484,23075,21534,21525,21509,21559,21560,21443,21563,22362,21494,21495,21557,21661,21562,21695,21678,21497,21482,21564,21527],"product_tag":[22143,21712,28017,28016,28018],"class_list":{"0":"post-59267","1":"product","2":"type-product","3":"status-publish","4":"has-post-thumbnail","6":"product_cat-1-3-jahre-kleinkind","7":"product_cat-3-6-jahre-vorschule","8":"product_cat-alphabetisierung-sprache","9":"product_cat-baby-rasseln","10":"product_cat-back-to-school-de","11":"product_cat-lernmaterialien-spielzeug-montessori-waldorf-steiner-froebel","12":"product_cat-farbe-lernen","13":"product_cat-froebel-gaben-spielmaterial","14":"product_cat-geschenk-guide-0-12-monate-baby","15":"product_cat-geschenk-guide-lerngeschenke","16":"product_cat-geschenk-guides","17":"product_cat-handgefertigtes-holzspielzeug","18":"product_cat-klang","19":"product_cat-klassifizierung","20":"product_cat-lernthemen","21":"product_cat-motorische-fertigkeiten","22":"product_cat-musik","23":"product_cat-nach-alter","24":"product_cat-neuheiten","25":"product_cat-saisonale-kollektionen","26":"product_cat-schulbedarf-fuer-zuhause","27":"product_cat-schulbedarf-fuer-zuhause-3-6-jahre","28":"product_cat-sensorische-motorische-fertigkeiten","29":"product_cat-sina-spielzeug-de","30":"product_cat-sinne","31":"product_cat-sinnliches-spiel","32":"product_cat-kinder-spielzeug","33":"product_cat-spielen-und-lernen-fuer-babys-kleinkinder","34":"product_cat-traditionelle-bildung","35":"product_cat-unsere-marken","36":"product_cat-unterscheidung","37":"product_tag-handgefertigtes-holzspielzeug-de","38":"product_tag-hergestellt-in-deutschland","39":"product_tag-klangpuppen-aus-holz","40":"product_tag-musikpuppen-aus-holz","41":"product_tag-sina-spielgerate","43":"first","44":"instock","45":"taxable","46":"shipping-taxable","47":"purchasable","48":"product-type-simple"},"yoast_head":"<!-- This site is optimized with the Yoast SEO plugin v27.1.1 - https:\/\/yoast.com\/product\/yoast-seo-wordpress\/ -->\n<title>Musikpuppen Klangkinder aus Holz - SINA Spielzeug<\/title>\n<meta name=\"description\" content=\"Das SINA Spielzeug Musikpuppen Klangkinder aus Holz Set enth\u00e4lt 6 Paare hochwertiger handgefertigter Musikpuppen aus Holz in den Farben des Regenbogens.\" \/>\n<meta name=\"robots\" content=\"index, follow, max-snippet:-1, max-image-preview:large, max-video-preview:-1\" \/>\n<link rel=\"canonical\" href=\"https:\/\/teiaeducation.ch\/de\/produkt\/musikpuppen-aus-holz-sina-spielzeug\/\" \/>\n<meta property=\"og:locale\" content=\"de_DE\" \/>\n<meta property=\"og:type\" content=\"article\" \/>\n<meta property=\"og:title\" content=\"Musikpuppen Klangkinder aus Holz - SINA Spielzeug\" \/>\n<meta property=\"og:description\" content=\"Das SINA Spielzeug Musikpuppen Klangkinder aus Holz Set enth\u00e4lt 6 Paare hochwertiger handgefertigter Musikpuppen aus Holz in den Farben des Regenbogens.\" \/>\n<meta property=\"og:url\" content=\"https:\/\/teiaeducation.ch\/de\/produkt\/musikpuppen-aus-holz-sina-spielzeug\/\" \/>\n<meta property=\"og:site_name\" content=\"Sustainable Educational Products &amp; Ecological Toys\u00a0\" \/>\n<meta property=\"article:publisher\" content=\"https:\/\/www.facebook.com\/teiaeducation\/\" \/>\n<meta property=\"article:modified_time\" content=\"2026-01-17T10:37:06+00:00\" \/>\n<meta property=\"og:image\" content=\"https:\/\/teiaeducation.ch\/wp-content\/uploads\/2020\/04\/Musical-dolls-SINA-Spielzeug-1.jpg\" \/>\n\t<meta property=\"og:image:width\" content=\"1080\" \/>\n\t<meta property=\"og:image:height\" content=\"1080\" \/>\n\t<meta property=\"og:image:type\" content=\"image\/jpeg\" \/>\n<script type=\"application\/ld+json\" class=\"yoast-schema-graph\">{\"@context\":\"https:\/\/schema.org\",\"@graph\":[{\"@type\":\"WebPage\",\"@id\":\"https:\/\/teiaeducation.ch\/de\/produkt\/musikpuppen-aus-holz-sina-spielzeug\/\",\"url\":\"https:\/\/teiaeducation.ch\/de\/produkt\/musikpuppen-aus-holz-sina-spielzeug\/\",\"name\":\"Musikpuppen Klangkinder aus Holz - SINA Spielzeug\",\"isPartOf\":{\"@id\":\"https:\/\/teiaeducation.ch\/de\/#website\"},\"primaryImageOfPage\":{\"@id\":\"https:\/\/teiaeducation.ch\/de\/produkt\/musikpuppen-aus-holz-sina-spielzeug\/#primaryimage\"},\"image\":{\"@id\":\"https:\/\/teiaeducation.ch\/de\/produkt\/musikpuppen-aus-holz-sina-spielzeug\/#primaryimage\"},\"thumbnailUrl\":\"https:\/\/teiaeducation.ch\/wp-content\/uploads\/2020\/04\/Musical-dolls-SINA-Spielzeug-1.jpg\",\"datePublished\":\"2025-12-18T12:15:03+00:00\",\"dateModified\":\"2026-01-17T10:37:06+00:00\",\"description\":\"Das SINA Spielzeug Musikpuppen Klangkinder aus Holz Set enth\u00e4lt 6 Paare hochwertiger handgefertigter Musikpuppen aus Holz in den Farben des Regenbogens.\",\"breadcrumb\":{\"@id\":\"https:\/\/teiaeducation.ch\/de\/produkt\/musikpuppen-aus-holz-sina-spielzeug\/#breadcrumb\"},\"inLanguage\":\"de-CH\",\"potentialAction\":[{\"@type\":\"ReadAction\",\"target\":[\"https:\/\/teiaeducation.ch\/de\/produkt\/musikpuppen-aus-holz-sina-spielzeug\/\"]}]},{\"@type\":\"ImageObject\",\"inLanguage\":\"de-CH\",\"@id\":\"https:\/\/teiaeducation.ch\/de\/produkt\/musikpuppen-aus-holz-sina-spielzeug\/#primaryimage\",\"url\":\"https:\/\/teiaeducation.ch\/wp-content\/uploads\/2020\/04\/Musical-dolls-SINA-Spielzeug-1.jpg\",\"contentUrl\":\"https:\/\/teiaeducation.ch\/wp-content\/uploads\/2020\/04\/Musical-dolls-SINA-Spielzeug-1.jpg\",\"width\":1080,\"height\":1080,\"caption\":\"Musical dolls Klangkinder SINA Spielzeug\"},{\"@type\":\"BreadcrumbList\",\"@id\":\"https:\/\/teiaeducation.ch\/de\/produkt\/musikpuppen-aus-holz-sina-spielzeug\/#breadcrumb\",\"itemListElement\":[{\"@type\":\"ListItem\",\"position\":1,\"name\":\"Home\",\"item\":\"https:\/\/teiaeducation.ch\/de\/\"},{\"@type\":\"ListItem\",\"position\":2,\"name\":\"Laden\",\"item\":\"https:\/\/teiaeducation.ch\/de\/shop\/\"},{\"@type\":\"ListItem\",\"position\":3,\"name\":\"Lernthemen\",\"item\":\"https:\/\/teiaeducation.ch\/de\/produkt-kategorie\/lernthemen\/\"},{\"@type\":\"ListItem\",\"position\":4,\"name\":\"Sensorische &amp; Motorische Fertigkeiten\",\"item\":\"https:\/\/teiaeducation.ch\/de\/produkt-kategorie\/lernthemen\/sensorische-motorische-fertigkeiten\/\"},{\"@type\":\"ListItem\",\"position\":5,\"name\":\"Farbe lernen\",\"item\":\"https:\/\/teiaeducation.ch\/de\/produkt-kategorie\/lernthemen\/sensorische-motorische-fertigkeiten\/farbe-lernen\/\"},{\"@type\":\"ListItem\",\"position\":6,\"name\":\"Musikpuppen Klangkinder aus Holz &#8211; SINA Spielzeug\"}]},{\"@type\":\"WebSite\",\"@id\":\"https:\/\/teiaeducation.ch\/de\/#website\",\"url\":\"https:\/\/teiaeducation.ch\/de\/\",\"name\":\"Sustainable Educational Products &amp; Ecological Toys\u00a0\",\"description\":\"Specialised Swiss shop selling sustainable educational toys and games, AMI certified Montessori materials, handmade ecological wooden Waldorf toys and arts &amp; crafts supplies, school supplies, children&#039;s furniture and Montessori reference and parenting books.\",\"publisher\":{\"@id\":\"https:\/\/teiaeducation.ch\/de\/#organization\"},\"alternateName\":\"Teia Education & Play\",\"potentialAction\":[{\"@type\":\"SearchAction\",\"target\":{\"@type\":\"EntryPoint\",\"urlTemplate\":\"https:\/\/teiaeducation.ch\/de\/?s={search_term_string}\"},\"query-input\":{\"@type\":\"PropertyValueSpecification\",\"valueRequired\":true,\"valueName\":\"search_term_string\"}}],\"inLanguage\":\"de-CH\"},{\"@type\":\"Organization\",\"@id\":\"https:\/\/teiaeducation.ch\/de\/#organization\",\"name\":\"Teia Education & Play\",\"url\":\"https:\/\/teiaeducation.ch\/de\/\",\"logo\":{\"@type\":\"ImageObject\",\"inLanguage\":\"de-CH\",\"@id\":\"https:\/\/teiaeducation.ch\/de\/#\/schema\/logo\/image\/\",\"url\":\"https:\/\/teiaeducation.ch\/wp-content\/uploads\/2020\/11\/Teia-Education-Switzerland-e1620156442216.jpg\",\"contentUrl\":\"https:\/\/teiaeducation.ch\/wp-content\/uploads\/2020\/11\/Teia-Education-Switzerland-e1620156442216.jpg\",\"width\":166,\"height\":145,\"caption\":\"Teia Education & Play\"},\"image\":{\"@id\":\"https:\/\/teiaeducation.ch\/de\/#\/schema\/logo\/image\/\"},\"sameAs\":[\"https:\/\/www.facebook.com\/teiaeducation\/\",\"https:\/\/x.com\/EducationTeia\",\"https:\/\/www.instagram.com\/teia.education\/\",\"https:\/\/www.linkedin.com\/company\/35501660\",\"https:\/\/www.pinterest.ch\/TeiaEducation\/\"]}]}<\/script>\n<!-- \/ Yoast SEO plugin. -->","yoast_head_json":{"title":"Musikpuppen Klangkinder aus Holz - SINA Spielzeug","description":"Das SINA Spielzeug Musikpuppen Klangkinder aus Holz Set enth\u00e4lt 6 Paare hochwertiger handgefertigter Musikpuppen aus Holz in den Farben des Regenbogens.","robots":{"index":"index","follow":"follow","max-snippet":"max-snippet:-1","max-image-preview":"max-image-preview:large","max-video-preview":"max-video-preview:-1"},"canonical":"https:\/\/teiaeducation.ch\/de\/produkt\/musikpuppen-aus-holz-sina-spielzeug\/","og_locale":"de_DE","og_type":"article","og_title":"Musikpuppen Klangkinder aus Holz - SINA Spielzeug","og_description":"Das SINA Spielzeug Musikpuppen Klangkinder aus Holz Set enth\u00e4lt 6 Paare hochwertiger handgefertigter Musikpuppen aus Holz in den Farben des Regenbogens.","og_url":"https:\/\/teiaeducation.ch\/de\/produkt\/musikpuppen-aus-holz-sina-spielzeug\/","og_site_name":"Sustainable Educational Products &amp; Ecological Toys\u00a0","article_publisher":"https:\/\/www.facebook.com\/teiaeducation\/","article_modified_time":"2026-01-17T10:37:06+00:00","og_image":[{"width":1080,"height":1080,"url":"https:\/\/teiaeducation.ch\/wp-content\/uploads\/2020\/04\/Musical-dolls-SINA-Spielzeug-1.jpg","type":"image\/jpeg"}],"schema":{"@context":"https:\/\/schema.org","@graph":[{"@type":"WebPage","@id":"https:\/\/teiaeducation.ch\/de\/produkt\/musikpuppen-aus-holz-sina-spielzeug\/","url":"https:\/\/teiaeducation.ch\/de\/produkt\/musikpuppen-aus-holz-sina-spielzeug\/","name":"Musikpuppen Klangkinder aus Holz - SINA Spielzeug","isPartOf":{"@id":"https:\/\/teiaeducation.ch\/de\/#website"},"primaryImageOfPage":{"@id":"https:\/\/teiaeducation.ch\/de\/produkt\/musikpuppen-aus-holz-sina-spielzeug\/#primaryimage"},"image":{"@id":"https:\/\/teiaeducation.ch\/de\/produkt\/musikpuppen-aus-holz-sina-spielzeug\/#primaryimage"},"thumbnailUrl":"https:\/\/teiaeducation.ch\/wp-content\/uploads\/2020\/04\/Musical-dolls-SINA-Spielzeug-1.jpg","datePublished":"2025-12-18T12:15:03+00:00","dateModified":"2026-01-17T10:37:06+00:00","description":"Das SINA Spielzeug Musikpuppen Klangkinder aus Holz Set enth\u00e4lt 6 Paare hochwertiger handgefertigter Musikpuppen aus Holz in den Farben des Regenbogens.","breadcrumb":{"@id":"https:\/\/teiaeducation.ch\/de\/produkt\/musikpuppen-aus-holz-sina-spielzeug\/#breadcrumb"},"inLanguage":"de-CH","potentialAction":[{"@type":"ReadAction","target":["https:\/\/teiaeducation.ch\/de\/produkt\/musikpuppen-aus-holz-sina-spielzeug\/"]}]},{"@type":"ImageObject","inLanguage":"de-CH","@id":"https:\/\/teiaeducation.ch\/de\/produkt\/musikpuppen-aus-holz-sina-spielzeug\/#primaryimage","url":"https:\/\/teiaeducation.ch\/wp-content\/uploads\/2020\/04\/Musical-dolls-SINA-Spielzeug-1.jpg","contentUrl":"https:\/\/teiaeducation.ch\/wp-content\/uploads\/2020\/04\/Musical-dolls-SINA-Spielzeug-1.jpg","width":1080,"height":1080,"caption":"Musical dolls Klangkinder SINA Spielzeug"},{"@type":"BreadcrumbList","@id":"https:\/\/teiaeducation.ch\/de\/produkt\/musikpuppen-aus-holz-sina-spielzeug\/#breadcrumb","itemListElement":[{"@type":"ListItem","position":1,"name":"Home","item":"https:\/\/teiaeducation.ch\/de\/"},{"@type":"ListItem","position":2,"name":"Laden","item":"https:\/\/teiaeducation.ch\/de\/shop\/"},{"@type":"ListItem","position":3,"name":"Lernthemen","item":"https:\/\/teiaeducation.ch\/de\/produkt-kategorie\/lernthemen\/"},{"@type":"ListItem","position":4,"name":"Sensorische &amp; Motorische Fertigkeiten","item":"https:\/\/teiaeducation.ch\/de\/produkt-kategorie\/lernthemen\/sensorische-motorische-fertigkeiten\/"},{"@type":"ListItem","position":5,"name":"Farbe lernen","item":"https:\/\/teiaeducation.ch\/de\/produkt-kategorie\/lernthemen\/sensorische-motorische-fertigkeiten\/farbe-lernen\/"},{"@type":"ListItem","position":6,"name":"Musikpuppen Klangkinder aus Holz &#8211; SINA Spielzeug"}]},{"@type":"WebSite","@id":"https:\/\/teiaeducation.ch\/de\/#website","url":"https:\/\/teiaeducation.ch\/de\/","name":"Sustainable Educational Products &amp; Ecological Toys\u00a0","description":"Specialised Swiss shop selling sustainable educational toys and games, AMI certified Montessori materials, handmade ecological wooden Waldorf toys and arts &amp; crafts supplies, school supplies, children&#039;s furniture and Montessori reference and parenting books.","publisher":{"@id":"https:\/\/teiaeducation.ch\/de\/#organization"},"alternateName":"Teia Education & Play","potentialAction":[{"@type":"SearchAction","target":{"@type":"EntryPoint","urlTemplate":"https:\/\/teiaeducation.ch\/de\/?s={search_term_string}"},"query-input":{"@type":"PropertyValueSpecification","valueRequired":true,"valueName":"search_term_string"}}],"inLanguage":"de-CH"},{"@type":"Organization","@id":"https:\/\/teiaeducation.ch\/de\/#organization","name":"Teia Education & Play","url":"https:\/\/teiaeducation.ch\/de\/","logo":{"@type":"ImageObject","inLanguage":"de-CH","@id":"https:\/\/teiaeducation.ch\/de\/#\/schema\/logo\/image\/","url":"https:\/\/teiaeducation.ch\/wp-content\/uploads\/2020\/11\/Teia-Education-Switzerland-e1620156442216.jpg","contentUrl":"https:\/\/teiaeducation.ch\/wp-content\/uploads\/2020\/11\/Teia-Education-Switzerland-e1620156442216.jpg","width":166,"height":145,"caption":"Teia Education & Play"},"image":{"@id":"https:\/\/teiaeducation.ch\/de\/#\/schema\/logo\/image\/"},"sameAs":["https:\/\/www.facebook.com\/teiaeducation\/","https:\/\/x.com\/EducationTeia","https:\/\/www.instagram.com\/teia.education\/","https:\/\/www.linkedin.com\/company\/35501660","https:\/\/www.pinterest.ch\/TeiaEducation\/"]}]}},"_links":{"self":[{"href":"https:\/\/teiaeducation.ch\/de\/wp-json\/wp\/v2\/product\/59267","targetHints":{"allow":["GET"]}}],"collection":[{"href":"https:\/\/teiaeducation.ch\/de\/wp-json\/wp\/v2\/product"}],"about":[{"href":"https:\/\/teiaeducation.ch\/de\/wp-json\/wp\/v2\/types\/product"}],"replies":[{"embeddable":true,"href":"https:\/\/teiaeducation.ch\/de\/wp-json\/wp\/v2\/comments?post=59267"}],"wp:featuredmedia":[{"embeddable":true,"href":"https:\/\/teiaeducation.ch\/de\/wp-json\/wp\/v2\/media\/64183"}],"wp:attachment":[{"href":"https:\/\/teiaeducation.ch\/de\/wp-json\/wp\/v2\/media?parent=59267"}],"wp:term":[{"taxonomy":"product_brand","embeddable":true,"href":"https:\/\/teiaeducation.ch\/de\/wp-json\/wp\/v2\/product_brand?post=59267"},{"taxonomy":"product_cat","embeddable":true,"href":"https:\/\/teiaeducation.ch\/de\/wp-json\/wp\/v2\/product_cat?post=59267"},{"taxonomy":"product_tag","embeddable":true,"href":"https:\/\/teiaeducation.ch\/de\/wp-json\/wp\/v2\/product_tag?post=59267"}],"curies":[{"name":"wp","href":"https:\/\/api.w.org\/{rel}","templated":true}]}}