{"id":59270,"date":"2020-03-27T21:58:08","date_gmt":"2020-03-27T20:58:08","guid":{"rendered":"https:\/\/teiaeducation.ch\/product\/sina-fahrzeuge-auswahl-2-sina-spielzeug\/"},"modified":"2024-10-29T14:42:21","modified_gmt":"2024-10-29T13:42:21","slug":"sina-fahrzeuge-auswahl-2-sina-spielzeug","status":"publish","type":"product","link":"https:\/\/teiaeducation.ch\/de\/produkt\/sina-fahrzeuge-auswahl-2-sina-spielzeug\/","title":{"rendered":"SINA Fahrzeuge aus Holz Sortierung 2 \u2013 SINA Spielzeug"},"content":{"rendered":"<p>Die SINA Spielzeug Fahrzeuge Sortierung 2 enth\u00e4lt 5 verschiedene Arten von hochwertigen, handgefertigten, nachhaltigen <a href=\"https:\/\/teiaeducation.ch\/product-category\/play\/toy-cars-vehicles\/\">Spielzeugautos<\/a> und -fahrzeugen aus deutschem Holz. Das gr\u00f6\u00dfte Fahrzeug ist der Krankenwagen, der 9 cm lang ist.<\/p>\n<p>Diese gro\u00dfen SINA Spielzeugfahrzeuge sind f\u00fcr Kinder unter drei Jahren geeignet, da sie keine verschluckbaren Kleinteile enthalten. Alle Fahrzeuge k\u00f6nnen in dem mitgelieferten runden Kartonbeh\u00e4lter ordentlich aufbewahrt werden.<\/p>\n<p>Die SINA Spielzeug Spielzeugautos und Fahrzeuge Sortierung 2 ist f\u00fcr Kinder ab 0 Monaten geeignet.<\/p>\n<p>Inhalt:<\/p>\n<p>5 verschiedene Spielzeugautos und -fahrzeuge aus Holz<br \/>\nEin Vorratsbeh\u00e4lter mit Deckel<\/p>\n<h2>\u00dcber SINA Spielzeug<\/h2>\n<p>Die deutsche Spielzeugmarke <a href=\"https:\/\/teiaeducation.ch\/product-category\/brands\/sina-spielzeug\/\">SINA Spielzeug<\/a> stellt seit \u00fcber 30 Jahren <a href=\"https:\/\/teiaeducation.ch\/product-category\/hgh-quality-toys-play\/handmade-wooden-toys\/\">Holzspielzeug<\/a> von h\u00f6chster Qualit\u00e4t her, das Erwachsene und Kinder zum gemeinsamen Spielen anregen soll. SINA Spielzeug hat eine starke regionale Identit\u00e4t und besch\u00e4ftigt einheimische Handwerker, die in der Region aufgewachsen sind und sich zum Naturmaterial Holz hingezogen f\u00fchlen und der Marke Verspieltheit, Fr\u00f6hlichkeit und Herzlichkeit einhauchen.<\/p>\n<p>Alle SINA Spielzeuge werden in der firmeneigenen Werkstatt in Neuhausen\/Erzgebirge, Deutschland, entworfen und von Hand gefertigt. Mit gr\u00f6\u00dfter Sorgfalt entwickelt und hergestellt, tr\u00e4gt jedes SINA Produkt das CE-Zeichen und erf\u00fcllt alle gesetzlichen Anforderungen der europ\u00e4ischen Spielzeugrichtlinie 2009\/48\/EG und der EN 71 f\u00fcr die Sicherheit von Spielzeug. Mehrere der SINA Spielzeuge sind mit dem <a href=\"https:\/\/www.spielgut.de\">Spielgut\u00ae<\/a>-Siegel ausgezeichnet worden.<\/p>\n<p>Von den Rohstofflieferanten werden hohe Sicherheits- und Ethikstandards sowie die Garantie verlangt, dass alle Materialien und Bestandteile f\u00fcr Kinder sicher und frei von Giftstoffen sind. SINA ist ein Familienunternehmen, dessen Sortiment didaktisches Holzspielzeug, <a href=\"https:\/\/teiaeducation.ch\/product-category\/brands\/sina-spielzeug\/build-thread\/\">Holzspielger\u00e4te<\/a> f\u00fcr therapeutische Zwecke, <a href=\"https:\/\/teiaeducation.ch\/product-category\/brands\/sina-spielzeug\/infant-toddler-toys\/\">Baby- und Kleinkindspielzeug<\/a> und Spielger\u00e4te einschlie\u00dflich der <a href=\"https:\/\/teiaeducation.ch\/product-category\/brands\/sina-spielzeug\/froebel-gaben-playing-items\/\">Gaben<\/a> der <a href=\"https:\/\/teiaeducation.ch\/2022\/05\/24\/who-was-froebel-and-what-are-froebels-gifts\/\">Froebel-P\u00e4dagogik<\/a> umfasst.<\/p>\n<p>SINA Spielzeug ist Mitglied im <a href=\"https:\/\/www.dvsi.de\">Deutschen Verband der Spielwarenindustrie<\/a>, in der <a href=\"https:\/\/gutesholzspielzeug.de\">Fachgruppe Holzspielzeug<\/a> und im <a href=\"https:\/\/www.pfv.info\">Pestalozzi-Froebel-Verband<\/a>.<\/p>\n","protected":false},"excerpt":{"rendered":"<p>Artikelnummer: 40007<\/p>\n<p>Die SINA Spielzeug Fahrzeuge Sortierung 2 enth\u00e4lt 5 verschiedene Arten von hochwertigen handgefertigten Spielzeugautos und -fahrzeugen aus Holz.<\/p>\n","protected":false},"featured_media":59271,"comment_status":"open","ping_status":"closed","template":"","meta":[],"product_brand":[],"product_cat":[25967,21444,21445,21664,23075,21443,21563,21661,21678,21702,21564],"product_tag":[22143,21712,25636,27930,27931,28019],"class_list":{"0":"post-59270","1":"product","2":"type-product","3":"status-publish","4":"has-post-thumbnail","6":"product_cat-0-12-monate-baby","7":"product_cat-1-3-jahre-kleinkind","8":"product_cat-3-6-jahre-vorschule","9":"product_cat-baby-und-kleinkindspielzeug","10":"product_cat-handgefertigtes-holzspielzeug","11":"product_cat-nach-alter","12":"product_cat-neuheiten","13":"product_cat-sina-spielzeug-de","14":"product_cat-kinder-spielzeug","15":"product_cat-spielzeugautos-fahrzeuge","16":"product_cat-unsere-marken","17":"product_tag-handgefertigtes-holzspielzeug-de","18":"product_tag-hergestellt-in-deutschland","19":"product_tag-lernspielzeug-aus-holz-de","20":"product_tag-sina-spielzeug-de","21":"product_tag-spielzeug-fur-sauglinge-und-kleinkinder","22":"product_tag-spielzeugautos-aus-holz","24":"first","25":"instock","26":"taxable","27":"shipping-taxable","28":"purchasable","29":"product-type-simple"},"yoast_head":"<!-- This site is optimized with the Yoast SEO Premium plugin v25.8 (Yoast SEO v27.4) - https:\/\/yoast.com\/product\/yoast-seo-premium-wordpress\/ -->\n<title>SINA Fahrzeuge aus Holz Sortierung 2 \u2013 SINA Spielzeug<\/title>\n<meta name=\"description\" content=\"Die SINA Spielzeug Fahrzeuge Sortierung 2 enth\u00e4lt 5 verschiedene Arten von hochwertigen handgefertigten Spielzeugautos und -fahrzeugen aus Holz.\" \/>\n<meta name=\"robots\" content=\"index, follow, max-snippet:-1, max-image-preview:large, max-video-preview:-1\" \/>\n<link rel=\"canonical\" href=\"https:\/\/teiaeducation.ch\/de\/produkt\/sina-fahrzeuge-auswahl-2-sina-spielzeug\/\" \/>\n<meta property=\"og:locale\" content=\"de_DE\" \/>\n<meta property=\"og:type\" content=\"article\" \/>\n<meta property=\"og:title\" content=\"SINA Fahrzeuge aus Holz Sortierung 2 \u2013 SINA Spielzeug\" \/>\n<meta property=\"og:description\" content=\"Die SINA Spielzeug Fahrzeuge Sortierung 2 enth\u00e4lt 5 verschiedene Arten von hochwertigen handgefertigten Spielzeugautos und -fahrzeugen aus Holz.\" \/>\n<meta property=\"og:url\" content=\"https:\/\/teiaeducation.ch\/de\/produkt\/sina-fahrzeuge-auswahl-2-sina-spielzeug\/\" \/>\n<meta property=\"og:site_name\" content=\"Sustainable Educational Products &amp; Ecological Toys\u00a0\" \/>\n<meta property=\"article:publisher\" content=\"https:\/\/www.facebook.com\/teiaeducation\/\" \/>\n<meta property=\"article:modified_time\" content=\"2024-10-29T13:42:21+00:00\" \/>\n<meta property=\"og:image\" content=\"https:\/\/teiaeducation.ch\/wp-content\/uploads\/2020\/03\/SINA-Vehicles-selection-2-\u2013-SINA-Spielzeug-scaled-scaled.jpg\" \/>\n\t<meta property=\"og:image:width\" content=\"2048\" \/>\n\t<meta property=\"og:image:height\" content=\"1405\" \/>\n\t<meta property=\"og:image:type\" content=\"image\/jpeg\" \/>\n<script type=\"application\/ld+json\" class=\"yoast-schema-graph\">{\"@context\":\"https:\\\/\\\/schema.org\",\"@graph\":[{\"@type\":\"WebPage\",\"@id\":\"https:\\\/\\\/teiaeducation.ch\\\/de\\\/produkt\\\/sina-fahrzeuge-auswahl-2-sina-spielzeug\\\/\",\"url\":\"https:\\\/\\\/teiaeducation.ch\\\/de\\\/produkt\\\/sina-fahrzeuge-auswahl-2-sina-spielzeug\\\/\",\"name\":\"SINA Fahrzeuge aus Holz Sortierung 2 \u2013 SINA Spielzeug\",\"isPartOf\":{\"@id\":\"https:\\\/\\\/teiaeducation.ch\\\/de\\\/#website\"},\"primaryImageOfPage\":{\"@id\":\"https:\\\/\\\/teiaeducation.ch\\\/de\\\/produkt\\\/sina-fahrzeuge-auswahl-2-sina-spielzeug\\\/#primaryimage\"},\"image\":{\"@id\":\"https:\\\/\\\/teiaeducation.ch\\\/de\\\/produkt\\\/sina-fahrzeuge-auswahl-2-sina-spielzeug\\\/#primaryimage\"},\"thumbnailUrl\":\"https:\\\/\\\/teiaeducation.ch\\\/wp-content\\\/uploads\\\/2020\\\/03\\\/SINA-Vehicles-selection-2-\u2013-SINA-Spielzeug-scaled-scaled.jpg\",\"datePublished\":\"2020-03-27T20:58:08+00:00\",\"dateModified\":\"2024-10-29T13:42:21+00:00\",\"description\":\"Die SINA Spielzeug Fahrzeuge Sortierung 2 enth\u00e4lt 5 verschiedene Arten von hochwertigen handgefertigten Spielzeugautos und -fahrzeugen aus Holz.\",\"breadcrumb\":{\"@id\":\"https:\\\/\\\/teiaeducation.ch\\\/de\\\/produkt\\\/sina-fahrzeuge-auswahl-2-sina-spielzeug\\\/#breadcrumb\"},\"inLanguage\":\"de-CH\",\"potentialAction\":[{\"@type\":\"ReadAction\",\"target\":[\"https:\\\/\\\/teiaeducation.ch\\\/de\\\/produkt\\\/sina-fahrzeuge-auswahl-2-sina-spielzeug\\\/\"]}]},{\"@type\":\"ImageObject\",\"inLanguage\":\"de-CH\",\"@id\":\"https:\\\/\\\/teiaeducation.ch\\\/de\\\/produkt\\\/sina-fahrzeuge-auswahl-2-sina-spielzeug\\\/#primaryimage\",\"url\":\"https:\\\/\\\/teiaeducation.ch\\\/wp-content\\\/uploads\\\/2020\\\/03\\\/SINA-Vehicles-selection-2-\u2013-SINA-Spielzeug-scaled-scaled.jpg\",\"contentUrl\":\"https:\\\/\\\/teiaeducation.ch\\\/wp-content\\\/uploads\\\/2020\\\/03\\\/SINA-Vehicles-selection-2-\u2013-SINA-Spielzeug-scaled-scaled.jpg\",\"width\":2048,\"height\":1405,\"caption\":\"Handgefertigte nachhaltige Holzspielzeugautos und Fahrzeuge SINA Fahrzeuge: Auswahl 2 - SINA Spielzeug\"},{\"@type\":\"BreadcrumbList\",\"@id\":\"https:\\\/\\\/teiaeducation.ch\\\/de\\\/produkt\\\/sina-fahrzeuge-auswahl-2-sina-spielzeug\\\/#breadcrumb\",\"itemListElement\":[{\"@type\":\"ListItem\",\"position\":1,\"name\":\"Home\",\"item\":\"https:\\\/\\\/teiaeducation.ch\\\/de\\\/\"},{\"@type\":\"ListItem\",\"position\":2,\"name\":\"Laden\",\"item\":\"https:\\\/\\\/teiaeducation.ch\\\/de\\\/shop\\\/\"},{\"@type\":\"ListItem\",\"position\":3,\"name\":\"Unsere Marken\",\"item\":\"https:\\\/\\\/teiaeducation.ch\\\/de\\\/produkt-kategorie\\\/unsere-marken\\\/\"},{\"@type\":\"ListItem\",\"position\":4,\"name\":\"SINA Spielzeug\",\"item\":\"https:\\\/\\\/teiaeducation.ch\\\/de\\\/produkt-kategorie\\\/unsere-marken\\\/sina-spielzeug-de\\\/\"},{\"@type\":\"ListItem\",\"position\":5,\"name\":\"Baby- und Kleinkindspielzeug\",\"item\":\"https:\\\/\\\/teiaeducation.ch\\\/de\\\/produkt-kategorie\\\/unsere-marken\\\/sina-spielzeug-de\\\/baby-und-kleinkindspielzeug\\\/\"},{\"@type\":\"ListItem\",\"position\":6,\"name\":\"SINA Fahrzeuge aus Holz Sortierung 2 \u2013 SINA Spielzeug\"}]},{\"@type\":\"WebSite\",\"@id\":\"https:\\\/\\\/teiaeducation.ch\\\/de\\\/#website\",\"url\":\"https:\\\/\\\/teiaeducation.ch\\\/de\\\/\",\"name\":\"Sustainable Educational Products &amp; Ecological Toys\u00a0\",\"description\":\"Specialised Swiss shop selling sustainable educational toys and games, AMI certified Montessori materials, handmade ecological wooden Waldorf toys and arts &amp; crafts supplies, school supplies, children&#039;s furniture and Montessori reference and parenting books.\",\"publisher\":{\"@id\":\"https:\\\/\\\/teiaeducation.ch\\\/de\\\/#organization\"},\"alternateName\":\"Teia Education & Play\",\"potentialAction\":[{\"@type\":\"SearchAction\",\"target\":{\"@type\":\"EntryPoint\",\"urlTemplate\":\"https:\\\/\\\/teiaeducation.ch\\\/de\\\/?s={search_term_string}\"},\"query-input\":{\"@type\":\"PropertyValueSpecification\",\"valueRequired\":true,\"valueName\":\"search_term_string\"}}],\"inLanguage\":\"de-CH\"},{\"@type\":\"Organization\",\"@id\":\"https:\\\/\\\/teiaeducation.ch\\\/de\\\/#organization\",\"name\":\"Teia Education & Play\",\"url\":\"https:\\\/\\\/teiaeducation.ch\\\/de\\\/\",\"logo\":{\"@type\":\"ImageObject\",\"inLanguage\":\"de-CH\",\"@id\":\"https:\\\/\\\/teiaeducation.ch\\\/de\\\/#\\\/schema\\\/logo\\\/image\\\/\",\"url\":\"https:\\\/\\\/teiaeducation.ch\\\/wp-content\\\/uploads\\\/2020\\\/11\\\/Teia-Education-Switzerland-e1620156442216.jpg\",\"contentUrl\":\"https:\\\/\\\/teiaeducation.ch\\\/wp-content\\\/uploads\\\/2020\\\/11\\\/Teia-Education-Switzerland-e1620156442216.jpg\",\"width\":166,\"height\":145,\"caption\":\"Teia Education & Play\"},\"image\":{\"@id\":\"https:\\\/\\\/teiaeducation.ch\\\/de\\\/#\\\/schema\\\/logo\\\/image\\\/\"},\"sameAs\":[\"https:\\\/\\\/www.facebook.com\\\/teiaeducation\\\/\",\"https:\\\/\\\/x.com\\\/EducationTeia\",\"https:\\\/\\\/www.instagram.com\\\/teia.education\\\/\",\"https:\\\/\\\/www.linkedin.com\\\/company\\\/35501660\",\"https:\\\/\\\/www.pinterest.ch\\\/TeiaEducation\\\/\"]}]}<\/script>\n<meta property=\"product:price:amount\" content=\"49.90\" \/>\n<meta property=\"product:price:currency\" content=\"CHF\" \/>\n<meta property=\"og:availability\" content=\"instock\" \/>\n<meta property=\"product:availability\" content=\"instock\" \/>\n<meta property=\"product:retailer_item_id\" content=\"00000000000000000000000000000000000000000000024311\" \/>\n<meta property=\"product:condition\" content=\"new\" \/>\n<!-- \/ Yoast SEO Premium plugin. -->","yoast_head_json":{"title":"SINA Fahrzeuge aus Holz Sortierung 2 \u2013 SINA Spielzeug","description":"Die SINA Spielzeug Fahrzeuge Sortierung 2 enth\u00e4lt 5 verschiedene Arten von hochwertigen handgefertigten Spielzeugautos und -fahrzeugen aus Holz.","robots":{"index":"index","follow":"follow","max-snippet":"max-snippet:-1","max-image-preview":"max-image-preview:large","max-video-preview":"max-video-preview:-1"},"canonical":"https:\/\/teiaeducation.ch\/de\/produkt\/sina-fahrzeuge-auswahl-2-sina-spielzeug\/","og_locale":"de_DE","og_type":"article","og_title":"SINA Fahrzeuge aus Holz Sortierung 2 \u2013 SINA Spielzeug","og_description":"Die SINA Spielzeug Fahrzeuge Sortierung 2 enth\u00e4lt 5 verschiedene Arten von hochwertigen handgefertigten Spielzeugautos und -fahrzeugen aus Holz.","og_url":"https:\/\/teiaeducation.ch\/de\/produkt\/sina-fahrzeuge-auswahl-2-sina-spielzeug\/","og_site_name":"Sustainable Educational Products &amp; Ecological Toys\u00a0","article_publisher":"https:\/\/www.facebook.com\/teiaeducation\/","article_modified_time":"2024-10-29T13:42:21+00:00","og_image":[{"width":2048,"height":1405,"url":"https:\/\/teiaeducation.ch\/wp-content\/uploads\/2020\/03\/SINA-Vehicles-selection-2-\u2013-SINA-Spielzeug-scaled-scaled.jpg","type":"image\/jpeg"}],"schema":{"@context":"https:\/\/schema.org","@graph":[{"@type":"WebPage","@id":"https:\/\/teiaeducation.ch\/de\/produkt\/sina-fahrzeuge-auswahl-2-sina-spielzeug\/","url":"https:\/\/teiaeducation.ch\/de\/produkt\/sina-fahrzeuge-auswahl-2-sina-spielzeug\/","name":"SINA Fahrzeuge aus Holz Sortierung 2 \u2013 SINA Spielzeug","isPartOf":{"@id":"https:\/\/teiaeducation.ch\/de\/#website"},"primaryImageOfPage":{"@id":"https:\/\/teiaeducation.ch\/de\/produkt\/sina-fahrzeuge-auswahl-2-sina-spielzeug\/#primaryimage"},"image":{"@id":"https:\/\/teiaeducation.ch\/de\/produkt\/sina-fahrzeuge-auswahl-2-sina-spielzeug\/#primaryimage"},"thumbnailUrl":"https:\/\/teiaeducation.ch\/wp-content\/uploads\/2020\/03\/SINA-Vehicles-selection-2-\u2013-SINA-Spielzeug-scaled-scaled.jpg","datePublished":"2020-03-27T20:58:08+00:00","dateModified":"2024-10-29T13:42:21+00:00","description":"Die SINA Spielzeug Fahrzeuge Sortierung 2 enth\u00e4lt 5 verschiedene Arten von hochwertigen handgefertigten Spielzeugautos und -fahrzeugen aus Holz.","breadcrumb":{"@id":"https:\/\/teiaeducation.ch\/de\/produkt\/sina-fahrzeuge-auswahl-2-sina-spielzeug\/#breadcrumb"},"inLanguage":"de-CH","potentialAction":[{"@type":"ReadAction","target":["https:\/\/teiaeducation.ch\/de\/produkt\/sina-fahrzeuge-auswahl-2-sina-spielzeug\/"]}]},{"@type":"ImageObject","inLanguage":"de-CH","@id":"https:\/\/teiaeducation.ch\/de\/produkt\/sina-fahrzeuge-auswahl-2-sina-spielzeug\/#primaryimage","url":"https:\/\/teiaeducation.ch\/wp-content\/uploads\/2020\/03\/SINA-Vehicles-selection-2-\u2013-SINA-Spielzeug-scaled-scaled.jpg","contentUrl":"https:\/\/teiaeducation.ch\/wp-content\/uploads\/2020\/03\/SINA-Vehicles-selection-2-\u2013-SINA-Spielzeug-scaled-scaled.jpg","width":2048,"height":1405,"caption":"Handgefertigte nachhaltige Holzspielzeugautos und Fahrzeuge SINA Fahrzeuge: Auswahl 2 - SINA Spielzeug"},{"@type":"BreadcrumbList","@id":"https:\/\/teiaeducation.ch\/de\/produkt\/sina-fahrzeuge-auswahl-2-sina-spielzeug\/#breadcrumb","itemListElement":[{"@type":"ListItem","position":1,"name":"Home","item":"https:\/\/teiaeducation.ch\/de\/"},{"@type":"ListItem","position":2,"name":"Laden","item":"https:\/\/teiaeducation.ch\/de\/shop\/"},{"@type":"ListItem","position":3,"name":"Unsere Marken","item":"https:\/\/teiaeducation.ch\/de\/produkt-kategorie\/unsere-marken\/"},{"@type":"ListItem","position":4,"name":"SINA Spielzeug","item":"https:\/\/teiaeducation.ch\/de\/produkt-kategorie\/unsere-marken\/sina-spielzeug-de\/"},{"@type":"ListItem","position":5,"name":"Baby- und Kleinkindspielzeug","item":"https:\/\/teiaeducation.ch\/de\/produkt-kategorie\/unsere-marken\/sina-spielzeug-de\/baby-und-kleinkindspielzeug\/"},{"@type":"ListItem","position":6,"name":"SINA Fahrzeuge aus Holz Sortierung 2 \u2013 SINA Spielzeug"}]},{"@type":"WebSite","@id":"https:\/\/teiaeducation.ch\/de\/#website","url":"https:\/\/teiaeducation.ch\/de\/","name":"Sustainable Educational Products &amp; Ecological Toys\u00a0","description":"Specialised Swiss shop selling sustainable educational toys and games, AMI certified Montessori materials, handmade ecological wooden Waldorf toys and arts &amp; crafts supplies, school supplies, children&#039;s furniture and Montessori reference and parenting books.","publisher":{"@id":"https:\/\/teiaeducation.ch\/de\/#organization"},"alternateName":"Teia Education & Play","potentialAction":[{"@type":"SearchAction","target":{"@type":"EntryPoint","urlTemplate":"https:\/\/teiaeducation.ch\/de\/?s={search_term_string}"},"query-input":{"@type":"PropertyValueSpecification","valueRequired":true,"valueName":"search_term_string"}}],"inLanguage":"de-CH"},{"@type":"Organization","@id":"https:\/\/teiaeducation.ch\/de\/#organization","name":"Teia Education & Play","url":"https:\/\/teiaeducation.ch\/de\/","logo":{"@type":"ImageObject","inLanguage":"de-CH","@id":"https:\/\/teiaeducation.ch\/de\/#\/schema\/logo\/image\/","url":"https:\/\/teiaeducation.ch\/wp-content\/uploads\/2020\/11\/Teia-Education-Switzerland-e1620156442216.jpg","contentUrl":"https:\/\/teiaeducation.ch\/wp-content\/uploads\/2020\/11\/Teia-Education-Switzerland-e1620156442216.jpg","width":166,"height":145,"caption":"Teia Education & Play"},"image":{"@id":"https:\/\/teiaeducation.ch\/de\/#\/schema\/logo\/image\/"},"sameAs":["https:\/\/www.facebook.com\/teiaeducation\/","https:\/\/x.com\/EducationTeia","https:\/\/www.instagram.com\/teia.education\/","https:\/\/www.linkedin.com\/company\/35501660","https:\/\/www.pinterest.ch\/TeiaEducation\/"]}]},"product_price_amount":"49.90","product_price_currency":"CHF","og_availability":"instock","product_availability":"instock","product_retailer_item_id":"00000000000000000000000000000000000000000000024311","product_condition":"new"},"_links":{"self":[{"href":"https:\/\/teiaeducation.ch\/de\/wp-json\/wp\/v2\/product\/59270","targetHints":{"allow":["GET"]}}],"collection":[{"href":"https:\/\/teiaeducation.ch\/de\/wp-json\/wp\/v2\/product"}],"about":[{"href":"https:\/\/teiaeducation.ch\/de\/wp-json\/wp\/v2\/types\/product"}],"replies":[{"embeddable":true,"href":"https:\/\/teiaeducation.ch\/de\/wp-json\/wp\/v2\/comments?post=59270"}],"wp:featuredmedia":[{"embeddable":true,"href":"https:\/\/teiaeducation.ch\/de\/wp-json\/wp\/v2\/media\/59271"}],"wp:attachment":[{"href":"https:\/\/teiaeducation.ch\/de\/wp-json\/wp\/v2\/media?parent=59270"}],"wp:term":[{"taxonomy":"product_brand","embeddable":true,"href":"https:\/\/teiaeducation.ch\/de\/wp-json\/wp\/v2\/product_brand?post=59270"},{"taxonomy":"product_cat","embeddable":true,"href":"https:\/\/teiaeducation.ch\/de\/wp-json\/wp\/v2\/product_cat?post=59270"},{"taxonomy":"product_tag","embeddable":true,"href":"https:\/\/teiaeducation.ch\/de\/wp-json\/wp\/v2\/product_tag?post=59270"}],"curies":[{"name":"wp","href":"https:\/\/api.w.org\/{rel}","templated":true}]}}