{"id":59319,"date":"2024-01-30T12:38:18","date_gmt":"2024-01-30T11:38:18","guid":{"rendered":"https:\/\/teiaeducation.ch\/product\/lernspiel-zaehlbrett-erzi\/"},"modified":"2025-12-11T17:44:08","modified_gmt":"2025-12-11T16:44:08","slug":"lernspiel-zaehlbrett-erzi","status":"publish","type":"product","link":"https:\/\/teiaeducation.ch\/de\/produkt\/lernspiel-zaehlbrett-erzi\/","title":{"rendered":"Lernspiel Z\u00e4hlbrett &#8211; Erzi"},"content":{"rendered":"<p>Erzi&#8217;s Lernspiel <a href=\"https:\/\/teiaeducation.ch\/de\/produkt-kategorie\/lernthemen\/mathematik-rechnen\/zaehlen\/\">Z\u00e4hl<\/a>brett bietet eine wunderbare M\u00f6glichkeit, das Lernen der <a href=\"https:\/\/teiaeducation.ch\/de\/produkt-kategorie\/lernthemen\/mathematik-rechnen\/ziffern\/\">Zahlen<\/a> von 1 bis 10 spielerisch zu gestalten!<\/p>\n<p>Mit Hilfe des beiliegenden farbigen Zuordnungsheftes wird die richtige Anzahl von kleinen Holzzylindern \u00fcber den aufgedruckten Zahlen eingesetzt. Auch einfache <a href=\"https:\/\/teiaeducation.ch\/de\/produkt-kategorie\/lernthemen\/mathematik-rechnen\/ergaenzung\/\">Additions<\/a>&#8211; und <a href=\"https:\/\/teiaeducation.ch\/de\/produkt-kategorie\/lernthemen\/mathematik-rechnen\/subtraktion\/\">Subtraktions<\/a>operationen k\u00f6nnen problemlos durchgef\u00fchrt und \u00fcberpr\u00fcft werden.<\/p>\n<p>Der Holzstift macht das Z\u00e4hlen selbst noch greifbarer, indem er die einzelnen L\u00f6cher im Z\u00e4hlbrett nachzeichnet.<\/p>\n<p>Die Arbeit mit der Z\u00e4hltafel und den dazugeh\u00f6rigen Hilfsmitteln hilft dem Kind, die Zahlen intensiver zu verinnerlichen, so dass es sie nicht nur als Zahlen, sondern auch als definierte Mengen begreifen kann.<\/p>\n<p>Dieses hochwertige Lernspiel enth\u00e4lt 55 farbige Zylinder, einen Z\u00e4hlstab und ein Holzbrett und wird in einer farbenfrohen, bedruckten Schachtel zur einfachen Aufbewahrung geliefert.<\/p>\n<p>Er wird in Deutschland aus massivem Buchenholz nachhaltig hergestellt. Das Holzbrett ist naturbelassen, und die Zylinder sind mit sicherem, ungiftigem Lack auf Wasserbasis in verschiedenen Regenbogenfarben lackiert.<\/p>\n<p>Erzi&#8217;s Lernspiel Z\u00e4hlbrett ist f\u00fcr Kinder ab 5 Jahren geeignet. Es ist ideal f\u00fcr die Vermittlung von mathematischen Grundkenntnissen in der Heimerziehung und f\u00fcr das von <a href=\"https:\/\/teiaeducation.ch\/de\/produkt-kategorie\/lernmaterialien-spielzeug-montessori-waldorf-steiner-froebel\/montessori-paedagogik-material-spielzeug\/\">Montessori<\/a> inspirierte Lernen zu <a href=\"https:\/\/teiaeducation.ch\/de\/produkt-kategorie\/schulbedarf-fuer-zuhause\/\">Hause<\/a>.<\/p>\n<p>Inhalt:<\/p>\n<p>55 farbige Zylinder<br \/>\n1 Z\u00e4hlst\u00e4bchen<br \/>\n1 Holzbrett (25 x 25 cm)<br \/>\n1 Metallkassette<\/p>\n<h2>\u00dcber Erzi<\/h2>\n<p>Das umfangreiche Erzi-Sortiment tr\u00e4gt das unverwechselbare G\u00fctesiegel &#8220;made in Germany&#8221;, denn es stammt aus dem Erzgebirge.<\/p>\n<p><a href=\"https:\/\/teiaeducation.ch\/de\/produkt-kategorie\/unsere-marken\/erzi-klassisches-holzspielzeug-de\/\">Erzi<\/a> verwendet f\u00fcr die Herstellung seiner Spielzeuge Holz aus der Region, das mit dem <a href=\"https:\/\/fsc.org\/en\">FSC<\/a>-Siegel (Forest Stewardship Council) zertifiziert und verbessert wurde. Alle Oberfl\u00e4chenbehandlungen wie Farben und Lacke auf Wasserbasis sind ungiftig und jedes Erzi Produkt entspricht den h\u00f6chsten Sicherheitsstandards f\u00fcr Spielzeug. Die hochwertigen <a href=\"https:\/\/teiaeducation.ch\/de\/produkt-kategorie\/kinder-spielzeug\/handgefertigtes-holzspielzeug\/\">Holzspielzeuge<\/a> und <a href=\"https:\/\/teiaeducation.ch\/de\/produkt-kategorie\/lernthemen\/\">Lernprodukte<\/a> von Erzi zeichnen sich durch eine gro\u00dfe Vielfalt an nat\u00fcrlichen <a href=\"https:\/\/teiaeducation.ch\/de\/produkt-kategorie\/lernthemen\/mathematik-rechnen\/formen\/\">Formen<\/a> und <a href=\"https:\/\/teiaeducation.ch\/de\/produkt-kategorie\/lernthemen\/sensorische-motorische-fertigkeiten\/farbe-lernen\/\">Farben<\/a> aus und sind langlebig und nachhaltig.<\/p>\n","protected":false},"excerpt":{"rendered":"<p>Artikelnummer: 42045<\/p>\n<p>Erzi&#8217;s Lernspiel Z\u00e4hlbrett bietet eine wunderbare M\u00f6glichkeit, das Lernen der Zahlen von 1 bis 10 spielerisch zu gestalten! Nachhaltig hergestellt in Deutschland.<\/p>\n","protected":false},"featured_media":58714,"comment_status":"open","ping_status":"closed","template":"","meta":[],"product_brand":[],"product_cat":[21445,21479,21538,21622,21491,21484,21624,21509,21537,21498,21481,22182,21443,21563,21494,21495,21678,21553,21482,21564,21540,21547],"product_tag":[28042,28060,28059,28047,28044,28045,28049,28050,28051,28052,28057,28054,28046,28053,28043,25525,28048,28055,28056,28058],"class_list":{"0":"post-59319","1":"product","2":"type-product","3":"status-publish","4":"has-post-thumbnail","6":"product_cat-3-6-jahre-vorschule","7":"product_cat-lernmaterialien-spielzeug-montessori-waldorf-steiner-froebel","8":"product_cat-ergaenzung","9":"product_cat-erzi-klassisches-holzspielzeug-de","10":"product_cat-geschenk-guide-lerngeschenke","11":"product_cat-geschenk-guides","12":"product_cat-lernmaterialien","13":"product_cat-lernthemen","14":"product_cat-mathematik-rechnen","15":"product_cat-montessori-materialien-fuer-zuhause-schulbedarf-fuer-zuhause","16":"product_cat-montessori-paedagogik-material-spielzeug","17":"product_cat-montessori-spielzeug","18":"product_cat-nach-alter","19":"product_cat-neuheiten","20":"product_cat-schulbedarf-fuer-zuhause","21":"product_cat-schulbedarf-fuer-zuhause-3-6-jahre","22":"product_cat-kinder-spielzeug","23":"product_cat-subtraktion","24":"product_cat-traditionelle-bildung","25":"product_cat-unsere-marken","26":"product_cat-zaehlen","27":"product_cat-ziffern","28":"product_tag-erzi-lernspiel","29":"product_tag-holzernes-zahlspielzeug","30":"product_tag-holzspielzeug-zum-zahlen","31":"product_tag-lehrmaterial-aus-holz","32":"product_tag-lehrmaterialien-aus-holz","33":"product_tag-lehrmaterialien-aus-holz-erzi","34":"product_tag-lernspiel-erzi","35":"product_tag-lernspiel-erzi-de","36":"product_tag-lernspiel-sortieren","37":"product_tag-lernspiel-zahlbrett-erzi-de","38":"product_tag-lernspiel-zahlbrett-erzi-de-3","39":"product_tag-lernspiel-zahlbrett-erzi-de-2","40":"product_tag-lernspiel-zahlbrett-erzi","41":"product_tag-lernspiel-zahlen","42":"product_tag-lernspiele-aus-holz","43":"product_tag-mathe-spielzeug-aus-holz","44":"product_tag-mathematikspielzeug-aus-holz-sprachspielzeug-aus-holz","45":"product_tag-montessori-zahlbrett-erzi","46":"product_tag-montessori-zahlbrett-holz","47":"product_tag-zahlspielzeug","49":"first","50":"instock","51":"taxable","52":"shipping-taxable","53":"purchasable","54":"product-type-simple"},"yoast_head":"<!-- This site is optimized with the Yoast SEO plugin v27.1.1 - https:\/\/yoast.com\/product\/yoast-seo-wordpress\/ -->\n<title>Lernspiel Z\u00e4hlbrett - Erzi - Teia Education &amp; Play<\/title>\n<meta name=\"description\" content=\"Erzi&#039;s Lernspiel Z\u00e4hlbrett bietet eine wunderbare M\u00f6glichkeit, das Lernen der Zahlen von 1 bis 10 spielerisch zu gestalten! Nachhaltig hergestellt in Deutschland.\" \/>\n<meta name=\"robots\" content=\"index, follow, max-snippet:-1, max-image-preview:large, max-video-preview:-1\" \/>\n<link rel=\"canonical\" href=\"https:\/\/teiaeducation.ch\/de\/produkt\/lernspiel-zaehlbrett-erzi\/\" \/>\n<meta property=\"og:locale\" content=\"de_DE\" \/>\n<meta property=\"og:type\" content=\"article\" \/>\n<meta property=\"og:title\" content=\"Lernspiel Z\u00e4hlbrett - Erzi - Teia Education &amp; Play\" \/>\n<meta property=\"og:description\" content=\"Erzi&#039;s Lernspiel Z\u00e4hlbrett bietet eine wunderbare M\u00f6glichkeit, das Lernen der Zahlen von 1 bis 10 spielerisch zu gestalten! Nachhaltig hergestellt in Deutschland.\" \/>\n<meta property=\"og:url\" content=\"https:\/\/teiaeducation.ch\/de\/produkt\/lernspiel-zaehlbrett-erzi\/\" \/>\n<meta property=\"og:site_name\" content=\"Sustainable Educational Products &amp; Ecological Toys\u00a0\" \/>\n<meta property=\"article:publisher\" content=\"https:\/\/www.facebook.com\/teiaeducation\/\" \/>\n<meta property=\"article:modified_time\" content=\"2025-12-11T16:44:08+00:00\" \/>\n<meta property=\"og:image\" content=\"https:\/\/teiaeducation.ch\/wp-content\/uploads\/2024\/01\/Educational-game-counting-board-Erzi-4.jpg\" \/>\n\t<meta property=\"og:image:width\" content=\"1000\" \/>\n\t<meta property=\"og:image:height\" content=\"1000\" \/>\n\t<meta property=\"og:image:type\" content=\"image\/jpeg\" \/>\n<script type=\"application\/ld+json\" class=\"yoast-schema-graph\">{\"@context\":\"https:\/\/schema.org\",\"@graph\":[{\"@type\":\"WebPage\",\"@id\":\"https:\/\/teiaeducation.ch\/de\/produkt\/lernspiel-zaehlbrett-erzi\/\",\"url\":\"https:\/\/teiaeducation.ch\/de\/produkt\/lernspiel-zaehlbrett-erzi\/\",\"name\":\"Lernspiel Z\u00e4hlbrett - Erzi - Teia Education & Play\",\"isPartOf\":{\"@id\":\"https:\/\/teiaeducation.ch\/de\/#website\"},\"primaryImageOfPage\":{\"@id\":\"https:\/\/teiaeducation.ch\/de\/produkt\/lernspiel-zaehlbrett-erzi\/#primaryimage\"},\"image\":{\"@id\":\"https:\/\/teiaeducation.ch\/de\/produkt\/lernspiel-zaehlbrett-erzi\/#primaryimage\"},\"thumbnailUrl\":\"https:\/\/teiaeducation.ch\/wp-content\/uploads\/2024\/01\/Educational-game-counting-board-Erzi-4.jpg\",\"datePublished\":\"2024-01-30T11:38:18+00:00\",\"dateModified\":\"2025-12-11T16:44:08+00:00\",\"description\":\"Erzi's Lernspiel Z\u00e4hlbrett bietet eine wunderbare M\u00f6glichkeit, das Lernen der Zahlen von 1 bis 10 spielerisch zu gestalten! Nachhaltig hergestellt in Deutschland.\",\"breadcrumb\":{\"@id\":\"https:\/\/teiaeducation.ch\/de\/produkt\/lernspiel-zaehlbrett-erzi\/#breadcrumb\"},\"inLanguage\":\"de-CH\",\"potentialAction\":[{\"@type\":\"ReadAction\",\"target\":[\"https:\/\/teiaeducation.ch\/de\/produkt\/lernspiel-zaehlbrett-erzi\/\"]}]},{\"@type\":\"ImageObject\",\"inLanguage\":\"de-CH\",\"@id\":\"https:\/\/teiaeducation.ch\/de\/produkt\/lernspiel-zaehlbrett-erzi\/#primaryimage\",\"url\":\"https:\/\/teiaeducation.ch\/wp-content\/uploads\/2024\/01\/Educational-game-counting-board-Erzi-4.jpg\",\"contentUrl\":\"https:\/\/teiaeducation.ch\/wp-content\/uploads\/2024\/01\/Educational-game-counting-board-Erzi-4.jpg\",\"width\":1000,\"height\":1000,\"caption\":\"Lernspiel Z\u00e4hlbrett Erzi\"},{\"@type\":\"BreadcrumbList\",\"@id\":\"https:\/\/teiaeducation.ch\/de\/produkt\/lernspiel-zaehlbrett-erzi\/#breadcrumb\",\"itemListElement\":[{\"@type\":\"ListItem\",\"position\":1,\"name\":\"Home\",\"item\":\"https:\/\/teiaeducation.ch\/de\/\"},{\"@type\":\"ListItem\",\"position\":2,\"name\":\"Laden\",\"item\":\"https:\/\/teiaeducation.ch\/de\/shop\/\"},{\"@type\":\"ListItem\",\"position\":3,\"name\":\"Unsere Marken\",\"item\":\"https:\/\/teiaeducation.ch\/de\/produkt-kategorie\/unsere-marken\/\"},{\"@type\":\"ListItem\",\"position\":4,\"name\":\"Erzi\",\"item\":\"https:\/\/teiaeducation.ch\/de\/produkt-kategorie\/unsere-marken\/erzi-klassisches-holzspielzeug-de\/\"},{\"@type\":\"ListItem\",\"position\":5,\"name\":\"Lernmaterialien\",\"item\":\"https:\/\/teiaeducation.ch\/de\/produkt-kategorie\/unsere-marken\/erzi-klassisches-holzspielzeug-de\/lernmaterialien\/\"},{\"@type\":\"ListItem\",\"position\":6,\"name\":\"Lernspiel Z\u00e4hlbrett &#8211; Erzi\"}]},{\"@type\":\"WebSite\",\"@id\":\"https:\/\/teiaeducation.ch\/de\/#website\",\"url\":\"https:\/\/teiaeducation.ch\/de\/\",\"name\":\"Sustainable Educational Products &amp; Ecological Toys\u00a0\",\"description\":\"Specialised Swiss shop selling sustainable educational toys and games, AMI certified Montessori materials, handmade ecological wooden Waldorf toys and arts &amp; crafts supplies, school supplies, children&#039;s furniture and Montessori reference and parenting books.\",\"publisher\":{\"@id\":\"https:\/\/teiaeducation.ch\/de\/#organization\"},\"alternateName\":\"Teia Education & Play\",\"potentialAction\":[{\"@type\":\"SearchAction\",\"target\":{\"@type\":\"EntryPoint\",\"urlTemplate\":\"https:\/\/teiaeducation.ch\/de\/?s={search_term_string}\"},\"query-input\":{\"@type\":\"PropertyValueSpecification\",\"valueRequired\":true,\"valueName\":\"search_term_string\"}}],\"inLanguage\":\"de-CH\"},{\"@type\":\"Organization\",\"@id\":\"https:\/\/teiaeducation.ch\/de\/#organization\",\"name\":\"Teia Education & Play\",\"url\":\"https:\/\/teiaeducation.ch\/de\/\",\"logo\":{\"@type\":\"ImageObject\",\"inLanguage\":\"de-CH\",\"@id\":\"https:\/\/teiaeducation.ch\/de\/#\/schema\/logo\/image\/\",\"url\":\"https:\/\/teiaeducation.ch\/wp-content\/uploads\/2020\/11\/Teia-Education-Switzerland-e1620156442216.jpg\",\"contentUrl\":\"https:\/\/teiaeducation.ch\/wp-content\/uploads\/2020\/11\/Teia-Education-Switzerland-e1620156442216.jpg\",\"width\":166,\"height\":145,\"caption\":\"Teia Education & Play\"},\"image\":{\"@id\":\"https:\/\/teiaeducation.ch\/de\/#\/schema\/logo\/image\/\"},\"sameAs\":[\"https:\/\/www.facebook.com\/teiaeducation\/\",\"https:\/\/x.com\/EducationTeia\",\"https:\/\/www.instagram.com\/teia.education\/\",\"https:\/\/www.linkedin.com\/company\/35501660\",\"https:\/\/www.pinterest.ch\/TeiaEducation\/\"]}]}<\/script>\n<!-- \/ Yoast SEO plugin. -->","yoast_head_json":{"title":"Lernspiel Z\u00e4hlbrett - Erzi - Teia Education & Play","description":"Erzi's Lernspiel Z\u00e4hlbrett bietet eine wunderbare M\u00f6glichkeit, das Lernen der Zahlen von 1 bis 10 spielerisch zu gestalten! Nachhaltig hergestellt in Deutschland.","robots":{"index":"index","follow":"follow","max-snippet":"max-snippet:-1","max-image-preview":"max-image-preview:large","max-video-preview":"max-video-preview:-1"},"canonical":"https:\/\/teiaeducation.ch\/de\/produkt\/lernspiel-zaehlbrett-erzi\/","og_locale":"de_DE","og_type":"article","og_title":"Lernspiel Z\u00e4hlbrett - Erzi - Teia Education & Play","og_description":"Erzi's Lernspiel Z\u00e4hlbrett bietet eine wunderbare M\u00f6glichkeit, das Lernen der Zahlen von 1 bis 10 spielerisch zu gestalten! Nachhaltig hergestellt in Deutschland.","og_url":"https:\/\/teiaeducation.ch\/de\/produkt\/lernspiel-zaehlbrett-erzi\/","og_site_name":"Sustainable Educational Products &amp; Ecological Toys\u00a0","article_publisher":"https:\/\/www.facebook.com\/teiaeducation\/","article_modified_time":"2025-12-11T16:44:08+00:00","og_image":[{"width":1000,"height":1000,"url":"https:\/\/teiaeducation.ch\/wp-content\/uploads\/2024\/01\/Educational-game-counting-board-Erzi-4.jpg","type":"image\/jpeg"}],"schema":{"@context":"https:\/\/schema.org","@graph":[{"@type":"WebPage","@id":"https:\/\/teiaeducation.ch\/de\/produkt\/lernspiel-zaehlbrett-erzi\/","url":"https:\/\/teiaeducation.ch\/de\/produkt\/lernspiel-zaehlbrett-erzi\/","name":"Lernspiel Z\u00e4hlbrett - Erzi - Teia Education & Play","isPartOf":{"@id":"https:\/\/teiaeducation.ch\/de\/#website"},"primaryImageOfPage":{"@id":"https:\/\/teiaeducation.ch\/de\/produkt\/lernspiel-zaehlbrett-erzi\/#primaryimage"},"image":{"@id":"https:\/\/teiaeducation.ch\/de\/produkt\/lernspiel-zaehlbrett-erzi\/#primaryimage"},"thumbnailUrl":"https:\/\/teiaeducation.ch\/wp-content\/uploads\/2024\/01\/Educational-game-counting-board-Erzi-4.jpg","datePublished":"2024-01-30T11:38:18+00:00","dateModified":"2025-12-11T16:44:08+00:00","description":"Erzi's Lernspiel Z\u00e4hlbrett bietet eine wunderbare M\u00f6glichkeit, das Lernen der Zahlen von 1 bis 10 spielerisch zu gestalten! Nachhaltig hergestellt in Deutschland.","breadcrumb":{"@id":"https:\/\/teiaeducation.ch\/de\/produkt\/lernspiel-zaehlbrett-erzi\/#breadcrumb"},"inLanguage":"de-CH","potentialAction":[{"@type":"ReadAction","target":["https:\/\/teiaeducation.ch\/de\/produkt\/lernspiel-zaehlbrett-erzi\/"]}]},{"@type":"ImageObject","inLanguage":"de-CH","@id":"https:\/\/teiaeducation.ch\/de\/produkt\/lernspiel-zaehlbrett-erzi\/#primaryimage","url":"https:\/\/teiaeducation.ch\/wp-content\/uploads\/2024\/01\/Educational-game-counting-board-Erzi-4.jpg","contentUrl":"https:\/\/teiaeducation.ch\/wp-content\/uploads\/2024\/01\/Educational-game-counting-board-Erzi-4.jpg","width":1000,"height":1000,"caption":"Lernspiel Z\u00e4hlbrett Erzi"},{"@type":"BreadcrumbList","@id":"https:\/\/teiaeducation.ch\/de\/produkt\/lernspiel-zaehlbrett-erzi\/#breadcrumb","itemListElement":[{"@type":"ListItem","position":1,"name":"Home","item":"https:\/\/teiaeducation.ch\/de\/"},{"@type":"ListItem","position":2,"name":"Laden","item":"https:\/\/teiaeducation.ch\/de\/shop\/"},{"@type":"ListItem","position":3,"name":"Unsere Marken","item":"https:\/\/teiaeducation.ch\/de\/produkt-kategorie\/unsere-marken\/"},{"@type":"ListItem","position":4,"name":"Erzi","item":"https:\/\/teiaeducation.ch\/de\/produkt-kategorie\/unsere-marken\/erzi-klassisches-holzspielzeug-de\/"},{"@type":"ListItem","position":5,"name":"Lernmaterialien","item":"https:\/\/teiaeducation.ch\/de\/produkt-kategorie\/unsere-marken\/erzi-klassisches-holzspielzeug-de\/lernmaterialien\/"},{"@type":"ListItem","position":6,"name":"Lernspiel Z\u00e4hlbrett &#8211; Erzi"}]},{"@type":"WebSite","@id":"https:\/\/teiaeducation.ch\/de\/#website","url":"https:\/\/teiaeducation.ch\/de\/","name":"Sustainable Educational Products &amp; Ecological Toys\u00a0","description":"Specialised Swiss shop selling sustainable educational toys and games, AMI certified Montessori materials, handmade ecological wooden Waldorf toys and arts &amp; crafts supplies, school supplies, children&#039;s furniture and Montessori reference and parenting books.","publisher":{"@id":"https:\/\/teiaeducation.ch\/de\/#organization"},"alternateName":"Teia Education & Play","potentialAction":[{"@type":"SearchAction","target":{"@type":"EntryPoint","urlTemplate":"https:\/\/teiaeducation.ch\/de\/?s={search_term_string}"},"query-input":{"@type":"PropertyValueSpecification","valueRequired":true,"valueName":"search_term_string"}}],"inLanguage":"de-CH"},{"@type":"Organization","@id":"https:\/\/teiaeducation.ch\/de\/#organization","name":"Teia Education & Play","url":"https:\/\/teiaeducation.ch\/de\/","logo":{"@type":"ImageObject","inLanguage":"de-CH","@id":"https:\/\/teiaeducation.ch\/de\/#\/schema\/logo\/image\/","url":"https:\/\/teiaeducation.ch\/wp-content\/uploads\/2020\/11\/Teia-Education-Switzerland-e1620156442216.jpg","contentUrl":"https:\/\/teiaeducation.ch\/wp-content\/uploads\/2020\/11\/Teia-Education-Switzerland-e1620156442216.jpg","width":166,"height":145,"caption":"Teia Education & Play"},"image":{"@id":"https:\/\/teiaeducation.ch\/de\/#\/schema\/logo\/image\/"},"sameAs":["https:\/\/www.facebook.com\/teiaeducation\/","https:\/\/x.com\/EducationTeia","https:\/\/www.instagram.com\/teia.education\/","https:\/\/www.linkedin.com\/company\/35501660","https:\/\/www.pinterest.ch\/TeiaEducation\/"]}]}},"_links":{"self":[{"href":"https:\/\/teiaeducation.ch\/de\/wp-json\/wp\/v2\/product\/59319","targetHints":{"allow":["GET"]}}],"collection":[{"href":"https:\/\/teiaeducation.ch\/de\/wp-json\/wp\/v2\/product"}],"about":[{"href":"https:\/\/teiaeducation.ch\/de\/wp-json\/wp\/v2\/types\/product"}],"replies":[{"embeddable":true,"href":"https:\/\/teiaeducation.ch\/de\/wp-json\/wp\/v2\/comments?post=59319"}],"wp:featuredmedia":[{"embeddable":true,"href":"https:\/\/teiaeducation.ch\/de\/wp-json\/wp\/v2\/media\/58714"}],"wp:attachment":[{"href":"https:\/\/teiaeducation.ch\/de\/wp-json\/wp\/v2\/media?parent=59319"}],"wp:term":[{"taxonomy":"product_brand","embeddable":true,"href":"https:\/\/teiaeducation.ch\/de\/wp-json\/wp\/v2\/product_brand?post=59319"},{"taxonomy":"product_cat","embeddable":true,"href":"https:\/\/teiaeducation.ch\/de\/wp-json\/wp\/v2\/product_cat?post=59319"},{"taxonomy":"product_tag","embeddable":true,"href":"https:\/\/teiaeducation.ch\/de\/wp-json\/wp\/v2\/product_tag?post=59319"}],"curies":[{"name":"wp","href":"https:\/\/api.w.org\/{rel}","templated":true}]}}