{"id":59321,"date":"2024-01-30T10:03:31","date_gmt":"2024-01-30T09:03:31","guid":{"rendered":"https:\/\/teiaeducation.ch\/product\/logopaediesortierung-gemuese-erzi\/"},"modified":"2024-03-08T13:35:38","modified_gmt":"2024-03-08T12:35:38","slug":"logopaediesortierung-gemuese-erzi","status":"publish","type":"product","link":"https:\/\/teiaeducation.ch\/de\/produkt\/logopaediesortierung-gemuese-erzi\/","title":{"rendered":"Logop\u00e4diesortierung Gem\u00fcse &#8211; Erzi"},"content":{"rendered":"<p>Diese sch\u00f6ne Logop\u00e4diesortierung Gem\u00fcse von Erzi bietet <a href=\"https:\/\/teiaeducation.ch\/product-category\/hgh-quality-toys-play\/realistic-wooden-play-food\/\">realistisches Spielfutter aus Holz<\/a> von h\u00f6chster Qualit\u00e4t zur Unterst\u00fctzung der Sprachtherapie. Das Set enth\u00e4lt 11 bekannte Gem\u00fcsesorten und dient als <a href=\"https:\/\/teiaeducation.ch\/product-category\/learning-themes\/literacy-language\/\">Sprach<\/a>material in der Sprachtherapie bei Artikulationsst\u00f6rungen f\u00fcr Kinder und Erwachsene gleicherma\u00dfen.<\/p>\n<p>Es gibt 11 Teile, die sich alle angenehm anf\u00fchlen und mit denen man arbeiten kann &#8211; darunter 1 Maiskolben, 1 Steinpilz, 1 Karotte, 1 Tomate, 1 kleine Tomate, 1 Gurke, 1 Zwiebel, 1 Rettich, 1 Paprika, 1 R\u00fcbe und 1 Pilz.<\/p>\n<p>Diese realistischen Holzgem\u00fcse eignen sich auch hervorragend als Sprachobjekte, die mit <a href=\"https:\/\/teiaeducation.ch\/product-category\/learning-support\/nomenclature-cards\/\">Nomenklaturkarten<\/a> f\u00fcr <a href=\"https:\/\/teiaeducation.ch\/product-category\/education-method\/the-montessori-pedagogy-materials-toys\/\">Montessori<\/a>-Aktivit\u00e4ten zur Lesevorbereitung kombiniert werden k\u00f6nnen. Sie eignen sich auch f\u00fcr Rollenspiele in einem Gesch\u00e4ft, einem Caf\u00e9 oder einer K\u00fcche, in der Ihr Kind <a href=\"https:\/\/teiaeducation.ch\/product-category\/hgh-quality-toys-play\/imaginative-role-play\/\">vorgibt zu spielen<\/a>!<\/p>\n<p>Das in Deutschland aus Buchenholz hergestellte und mit sicherem, ungiftigem Lack auf Wasserbasis lackierte Erzi Holzgem\u00fcse f\u00fcr die Sprachtherapie ist f\u00fcr Kinder ab 3 Jahren geeignet.<\/p>\n<p>Inhalt:<\/p>\n<p>11 Holzteile<\/p>\n<p>! Warnung. Nicht f\u00fcr Kinder unter 36 Monaten geeignet.<br \/>\nErstickungsgefahr.<br \/>\nKleine Teile.<\/p>\n<h2>\u00dcber Erzi<\/h2>\n<p>Das umfangreiche Erzi-Sortiment tr\u00e4gt das unverwechselbare G\u00fctesiegel &#8220;made in Germany&#8221;, denn es stammt aus dem Erzgebirge.<\/p>\n<p><a href=\"https:\/\/teiaeducation.ch\/product-category\/brands\/erzi\/\">Erzi<\/a> verwendet f\u00fcr die Herstellung seiner Spielzeuge Holz aus der Region, das mit dem <a href=\"https:\/\/fsc.org\/en\">FSC<\/a>-Siegel (Forest Stewardship Council) zertifiziert und verbessert wurde. Alle Oberfl\u00e4chenbehandlungen wie Farben und Lacke auf Wasserbasis sind ungiftig und jedes Erzi Produkt entspricht den h\u00f6chsten Sicherheitsstandards f\u00fcr Spielzeug. Die hochwertigen <a href=\"https:\/\/teiaeducation.ch\/product-category\/hgh-quality-toys-play\/handmade-wooden-toys\/\">Holzspielzeuge<\/a> und <a href=\"https:\/\/teiaeducation.ch\/product-category\/learning-themes\/\">Lernprodukte<\/a> von Erzi zeichnen sich durch eine gro\u00dfe Vielfalt an nat\u00fcrlichen <a href=\"https:\/\/teiaeducation.ch\/product-category\/learning-themes\/mathematics-numeracy\/shapes\/\">Formen<\/a> und <a href=\"https:\/\/teiaeducation.ch\/product-category\/learning-themes\/sensory-motor-skills\/learning-about-colour\/\">Farben<\/a> aus und sind langlebig und nachhaltig.<\/p>\n","protected":false},"excerpt":{"rendered":"<p>Artikelnummer: 47105<\/p>\n<p>Die Logop\u00e4diesortierung Gem\u00fcse von Erzi dient als Sprachmaterial in der Sprachtherapie bei Artikulationsst\u00f6rungen f\u00fcr Kinder und Erwachsene!<\/p>\n","protected":false},"featured_media":58683,"comment_status":"open","ping_status":"closed","template":"","meta":[],"product_brand":[],"product_cat":[21475,21445,21446,21500,21524,21479,21622,23075,21474,21624,21509,21499,21530,21498,21481,22182,21443,21563,21693,21494,21495,21695,21678,21482,21564,21536],"product_tag":[28042,28064,28047,28044,28045,28049,28050,28046,28043,28063,28065,28069,28071,28067,28074,28073,28072,28066,28061,27327,28068,28070,28062],"class_list":{"0":"post-59321","1":"product","2":"type-product","3":"status-publish","4":"has-post-thumbnail","6":"product_cat-3-6-jahre-klassenzimmer-pack","7":"product_cat-3-6-jahre-vorschule","8":"product_cat-6-12-jahre-grundschule","9":"product_cat-aktivitaetssets","10":"product_cat-alphabetisierung-sprache","11":"product_cat-lernmaterialien-spielzeug-montessori-waldorf-steiner-froebel","12":"product_cat-erzi-klassisches-holzspielzeug-de","13":"product_cat-handgefertigtes-holzspielzeug","14":"product_cat-klassenzimmer-essenzien","15":"product_cat-lernmaterialien","16":"product_cat-lernthemen","17":"product_cat-lernunterstuetzung","18":"product_cat-lesen-lernen","19":"product_cat-montessori-materialien-fuer-zuhause-schulbedarf-fuer-zuhause","20":"product_cat-montessori-paedagogik-material-spielzeug","21":"product_cat-montessori-spielzeug","22":"product_cat-nach-alter","23":"product_cat-neuheiten","24":"product_cat-realistisches-lebensmittel-aus-holz","25":"product_cat-schulbedarf-fuer-zuhause","26":"product_cat-schulbedarf-fuer-zuhause-3-6-jahre","27":"product_cat-sinnliches-spiel","28":"product_cat-kinder-spielzeug","29":"product_cat-traditionelle-bildung","30":"product_cat-unsere-marken","31":"product_cat-wortschatz","32":"product_tag-erzi-lernspiel","33":"product_tag-holzerne-sprachtherapie-gemuse-sortiment-erzi","34":"product_tag-lehrmaterial-aus-holz","35":"product_tag-lehrmaterialien-aus-holz","36":"product_tag-lehrmaterialien-aus-holz-erzi","37":"product_tag-lernspiel-erzi","38":"product_tag-lernspiel-erzi-de","39":"product_tag-lernspiel-zahlbrett-erzi","40":"product_tag-lernspiele-aus-holz","41":"product_tag-lernspielzeug-farben","42":"product_tag-lernspielzeug-gemuse","43":"product_tag-logopadie-bei-artikulationsstorungen","44":"product_tag-logopadische-objekte","45":"product_tag-logopadisches-gemuse","46":"product_tag-montessori-aktivitaten-zur-lesevorbereitung","47":"product_tag-objektzuordnung-montessori-gemuse","48":"product_tag-objektzuordnung-nach-montessori","49":"product_tag-padagogisches-spielzeug-montessori","50":"product_tag-padagogisches-spielzeug-sprache","51":"product_tag-realistisches-lebensmittel-zum-spielen-aus-holz","52":"product_tag-sprachmaterial-gemuse","53":"product_tag-sprachmaterial-sprachtherapie","54":"product_tag-sprachspielzeug-aus-holz","56":"first","57":"outofstock","58":"taxable","59":"shipping-taxable","60":"purchasable","61":"product-type-simple"},"yoast_head":"<!-- This site is optimized with the Yoast SEO plugin v27.1.1 - https:\/\/yoast.com\/product\/yoast-seo-wordpress\/ -->\n<title>Logop\u00e4diesortierung Gem\u00fcse - Erzi<\/title>\n<meta name=\"description\" content=\"Die Logop\u00e4diesortierung Gem\u00fcse von Erzi dient als Sprachmaterial in der Sprachtherapie bei Artikulationsst\u00f6rungen f\u00fcr Kinder und Erwachsene.\" \/>\n<meta name=\"robots\" content=\"index, follow, max-snippet:-1, max-image-preview:large, max-video-preview:-1\" \/>\n<link rel=\"canonical\" href=\"https:\/\/teiaeducation.ch\/de\/produkt\/logopaediesortierung-gemuese-erzi\/\" \/>\n<meta property=\"og:locale\" content=\"de_DE\" \/>\n<meta property=\"og:type\" content=\"article\" \/>\n<meta property=\"og:title\" content=\"Logop\u00e4diesortierung Gem\u00fcse - Erzi\" \/>\n<meta property=\"og:description\" content=\"Die Logop\u00e4diesortierung Gem\u00fcse von Erzi dient als Sprachmaterial in der Sprachtherapie bei Artikulationsst\u00f6rungen f\u00fcr Kinder und Erwachsene.\" \/>\n<meta property=\"og:url\" content=\"https:\/\/teiaeducation.ch\/de\/produkt\/logopaediesortierung-gemuese-erzi\/\" \/>\n<meta property=\"og:site_name\" content=\"Sustainable Educational Products &amp; Ecological Toys\u00a0\" \/>\n<meta property=\"article:publisher\" content=\"https:\/\/www.facebook.com\/teiaeducation\/\" \/>\n<meta property=\"article:modified_time\" content=\"2024-03-08T12:35:38+00:00\" \/>\n<meta property=\"og:image\" content=\"https:\/\/teiaeducation.ch\/wp-content\/uploads\/2024\/01\/Wooden-speech-therapy-vegetables-assortment-Erzi.jpg\" \/>\n\t<meta property=\"og:image:width\" content=\"1000\" \/>\n\t<meta property=\"og:image:height\" content=\"1000\" \/>\n\t<meta property=\"og:image:type\" content=\"image\/jpeg\" \/>\n<script type=\"application\/ld+json\" class=\"yoast-schema-graph\">{\"@context\":\"https:\/\/schema.org\",\"@graph\":[{\"@type\":\"WebPage\",\"@id\":\"https:\/\/teiaeducation.ch\/de\/produkt\/logopaediesortierung-gemuese-erzi\/\",\"url\":\"https:\/\/teiaeducation.ch\/de\/produkt\/logopaediesortierung-gemuese-erzi\/\",\"name\":\"Logop\u00e4diesortierung Gem\u00fcse - Erzi\",\"isPartOf\":{\"@id\":\"https:\/\/teiaeducation.ch\/de\/#website\"},\"primaryImageOfPage\":{\"@id\":\"https:\/\/teiaeducation.ch\/de\/produkt\/logopaediesortierung-gemuese-erzi\/#primaryimage\"},\"image\":{\"@id\":\"https:\/\/teiaeducation.ch\/de\/produkt\/logopaediesortierung-gemuese-erzi\/#primaryimage\"},\"thumbnailUrl\":\"https:\/\/teiaeducation.ch\/wp-content\/uploads\/2024\/01\/Wooden-speech-therapy-vegetables-assortment-Erzi.jpg\",\"datePublished\":\"2024-01-30T09:03:31+00:00\",\"dateModified\":\"2024-03-08T12:35:38+00:00\",\"description\":\"Die Logop\u00e4diesortierung Gem\u00fcse von Erzi dient als Sprachmaterial in der Sprachtherapie bei Artikulationsst\u00f6rungen f\u00fcr Kinder und Erwachsene.\",\"breadcrumb\":{\"@id\":\"https:\/\/teiaeducation.ch\/de\/produkt\/logopaediesortierung-gemuese-erzi\/#breadcrumb\"},\"inLanguage\":\"de-CH\",\"potentialAction\":[{\"@type\":\"ReadAction\",\"target\":[\"https:\/\/teiaeducation.ch\/de\/produkt\/logopaediesortierung-gemuese-erzi\/\"]}]},{\"@type\":\"ImageObject\",\"inLanguage\":\"de-CH\",\"@id\":\"https:\/\/teiaeducation.ch\/de\/produkt\/logopaediesortierung-gemuese-erzi\/#primaryimage\",\"url\":\"https:\/\/teiaeducation.ch\/wp-content\/uploads\/2024\/01\/Wooden-speech-therapy-vegetables-assortment-Erzi.jpg\",\"contentUrl\":\"https:\/\/teiaeducation.ch\/wp-content\/uploads\/2024\/01\/Wooden-speech-therapy-vegetables-assortment-Erzi.jpg\",\"width\":1000,\"height\":1000,\"caption\":\"Wooden speech therapy vegetables assortment Erzi\"},{\"@type\":\"BreadcrumbList\",\"@id\":\"https:\/\/teiaeducation.ch\/de\/produkt\/logopaediesortierung-gemuese-erzi\/#breadcrumb\",\"itemListElement\":[{\"@type\":\"ListItem\",\"position\":1,\"name\":\"Home\",\"item\":\"https:\/\/teiaeducation.ch\/de\/\"},{\"@type\":\"ListItem\",\"position\":2,\"name\":\"Laden\",\"item\":\"https:\/\/teiaeducation.ch\/de\/shop\/\"},{\"@type\":\"ListItem\",\"position\":3,\"name\":\"Unsere Marken\",\"item\":\"https:\/\/teiaeducation.ch\/de\/produkt-kategorie\/unsere-marken\/\"},{\"@type\":\"ListItem\",\"position\":4,\"name\":\"Erzi\",\"item\":\"https:\/\/teiaeducation.ch\/de\/produkt-kategorie\/unsere-marken\/erzi-klassisches-holzspielzeug-de\/\"},{\"@type\":\"ListItem\",\"position\":5,\"name\":\"Lernmaterialien\",\"item\":\"https:\/\/teiaeducation.ch\/de\/produkt-kategorie\/unsere-marken\/erzi-klassisches-holzspielzeug-de\/lernmaterialien\/\"},{\"@type\":\"ListItem\",\"position\":6,\"name\":\"Logop\u00e4diesortierung Gem\u00fcse &#8211; Erzi\"}]},{\"@type\":\"WebSite\",\"@id\":\"https:\/\/teiaeducation.ch\/de\/#website\",\"url\":\"https:\/\/teiaeducation.ch\/de\/\",\"name\":\"Sustainable Educational Products &amp; Ecological Toys\u00a0\",\"description\":\"Specialised Swiss shop selling sustainable educational toys and games, AMI certified Montessori materials, handmade ecological wooden Waldorf toys and arts &amp; crafts supplies, school supplies, children&#039;s furniture and Montessori reference and parenting books.\",\"publisher\":{\"@id\":\"https:\/\/teiaeducation.ch\/de\/#organization\"},\"alternateName\":\"Teia Education & Play\",\"potentialAction\":[{\"@type\":\"SearchAction\",\"target\":{\"@type\":\"EntryPoint\",\"urlTemplate\":\"https:\/\/teiaeducation.ch\/de\/?s={search_term_string}\"},\"query-input\":{\"@type\":\"PropertyValueSpecification\",\"valueRequired\":true,\"valueName\":\"search_term_string\"}}],\"inLanguage\":\"de-CH\"},{\"@type\":\"Organization\",\"@id\":\"https:\/\/teiaeducation.ch\/de\/#organization\",\"name\":\"Teia Education & Play\",\"url\":\"https:\/\/teiaeducation.ch\/de\/\",\"logo\":{\"@type\":\"ImageObject\",\"inLanguage\":\"de-CH\",\"@id\":\"https:\/\/teiaeducation.ch\/de\/#\/schema\/logo\/image\/\",\"url\":\"https:\/\/teiaeducation.ch\/wp-content\/uploads\/2020\/11\/Teia-Education-Switzerland-e1620156442216.jpg\",\"contentUrl\":\"https:\/\/teiaeducation.ch\/wp-content\/uploads\/2020\/11\/Teia-Education-Switzerland-e1620156442216.jpg\",\"width\":166,\"height\":145,\"caption\":\"Teia Education & Play\"},\"image\":{\"@id\":\"https:\/\/teiaeducation.ch\/de\/#\/schema\/logo\/image\/\"},\"sameAs\":[\"https:\/\/www.facebook.com\/teiaeducation\/\",\"https:\/\/x.com\/EducationTeia\",\"https:\/\/www.instagram.com\/teia.education\/\",\"https:\/\/www.linkedin.com\/company\/35501660\",\"https:\/\/www.pinterest.ch\/TeiaEducation\/\"]}]}<\/script>\n<!-- \/ Yoast SEO plugin. -->","yoast_head_json":{"title":"Logop\u00e4diesortierung Gem\u00fcse - Erzi","description":"Die Logop\u00e4diesortierung Gem\u00fcse von Erzi dient als Sprachmaterial in der Sprachtherapie bei Artikulationsst\u00f6rungen f\u00fcr Kinder und Erwachsene.","robots":{"index":"index","follow":"follow","max-snippet":"max-snippet:-1","max-image-preview":"max-image-preview:large","max-video-preview":"max-video-preview:-1"},"canonical":"https:\/\/teiaeducation.ch\/de\/produkt\/logopaediesortierung-gemuese-erzi\/","og_locale":"de_DE","og_type":"article","og_title":"Logop\u00e4diesortierung Gem\u00fcse - Erzi","og_description":"Die Logop\u00e4diesortierung Gem\u00fcse von Erzi dient als Sprachmaterial in der Sprachtherapie bei Artikulationsst\u00f6rungen f\u00fcr Kinder und Erwachsene.","og_url":"https:\/\/teiaeducation.ch\/de\/produkt\/logopaediesortierung-gemuese-erzi\/","og_site_name":"Sustainable Educational Products &amp; Ecological Toys\u00a0","article_publisher":"https:\/\/www.facebook.com\/teiaeducation\/","article_modified_time":"2024-03-08T12:35:38+00:00","og_image":[{"width":1000,"height":1000,"url":"https:\/\/teiaeducation.ch\/wp-content\/uploads\/2024\/01\/Wooden-speech-therapy-vegetables-assortment-Erzi.jpg","type":"image\/jpeg"}],"schema":{"@context":"https:\/\/schema.org","@graph":[{"@type":"WebPage","@id":"https:\/\/teiaeducation.ch\/de\/produkt\/logopaediesortierung-gemuese-erzi\/","url":"https:\/\/teiaeducation.ch\/de\/produkt\/logopaediesortierung-gemuese-erzi\/","name":"Logop\u00e4diesortierung Gem\u00fcse - Erzi","isPartOf":{"@id":"https:\/\/teiaeducation.ch\/de\/#website"},"primaryImageOfPage":{"@id":"https:\/\/teiaeducation.ch\/de\/produkt\/logopaediesortierung-gemuese-erzi\/#primaryimage"},"image":{"@id":"https:\/\/teiaeducation.ch\/de\/produkt\/logopaediesortierung-gemuese-erzi\/#primaryimage"},"thumbnailUrl":"https:\/\/teiaeducation.ch\/wp-content\/uploads\/2024\/01\/Wooden-speech-therapy-vegetables-assortment-Erzi.jpg","datePublished":"2024-01-30T09:03:31+00:00","dateModified":"2024-03-08T12:35:38+00:00","description":"Die Logop\u00e4diesortierung Gem\u00fcse von Erzi dient als Sprachmaterial in der Sprachtherapie bei Artikulationsst\u00f6rungen f\u00fcr Kinder und Erwachsene.","breadcrumb":{"@id":"https:\/\/teiaeducation.ch\/de\/produkt\/logopaediesortierung-gemuese-erzi\/#breadcrumb"},"inLanguage":"de-CH","potentialAction":[{"@type":"ReadAction","target":["https:\/\/teiaeducation.ch\/de\/produkt\/logopaediesortierung-gemuese-erzi\/"]}]},{"@type":"ImageObject","inLanguage":"de-CH","@id":"https:\/\/teiaeducation.ch\/de\/produkt\/logopaediesortierung-gemuese-erzi\/#primaryimage","url":"https:\/\/teiaeducation.ch\/wp-content\/uploads\/2024\/01\/Wooden-speech-therapy-vegetables-assortment-Erzi.jpg","contentUrl":"https:\/\/teiaeducation.ch\/wp-content\/uploads\/2024\/01\/Wooden-speech-therapy-vegetables-assortment-Erzi.jpg","width":1000,"height":1000,"caption":"Wooden speech therapy vegetables assortment Erzi"},{"@type":"BreadcrumbList","@id":"https:\/\/teiaeducation.ch\/de\/produkt\/logopaediesortierung-gemuese-erzi\/#breadcrumb","itemListElement":[{"@type":"ListItem","position":1,"name":"Home","item":"https:\/\/teiaeducation.ch\/de\/"},{"@type":"ListItem","position":2,"name":"Laden","item":"https:\/\/teiaeducation.ch\/de\/shop\/"},{"@type":"ListItem","position":3,"name":"Unsere Marken","item":"https:\/\/teiaeducation.ch\/de\/produkt-kategorie\/unsere-marken\/"},{"@type":"ListItem","position":4,"name":"Erzi","item":"https:\/\/teiaeducation.ch\/de\/produkt-kategorie\/unsere-marken\/erzi-klassisches-holzspielzeug-de\/"},{"@type":"ListItem","position":5,"name":"Lernmaterialien","item":"https:\/\/teiaeducation.ch\/de\/produkt-kategorie\/unsere-marken\/erzi-klassisches-holzspielzeug-de\/lernmaterialien\/"},{"@type":"ListItem","position":6,"name":"Logop\u00e4diesortierung Gem\u00fcse &#8211; Erzi"}]},{"@type":"WebSite","@id":"https:\/\/teiaeducation.ch\/de\/#website","url":"https:\/\/teiaeducation.ch\/de\/","name":"Sustainable Educational Products &amp; Ecological Toys\u00a0","description":"Specialised Swiss shop selling sustainable educational toys and games, AMI certified Montessori materials, handmade ecological wooden Waldorf toys and arts &amp; crafts supplies, school supplies, children&#039;s furniture and Montessori reference and parenting books.","publisher":{"@id":"https:\/\/teiaeducation.ch\/de\/#organization"},"alternateName":"Teia Education & Play","potentialAction":[{"@type":"SearchAction","target":{"@type":"EntryPoint","urlTemplate":"https:\/\/teiaeducation.ch\/de\/?s={search_term_string}"},"query-input":{"@type":"PropertyValueSpecification","valueRequired":true,"valueName":"search_term_string"}}],"inLanguage":"de-CH"},{"@type":"Organization","@id":"https:\/\/teiaeducation.ch\/de\/#organization","name":"Teia Education & Play","url":"https:\/\/teiaeducation.ch\/de\/","logo":{"@type":"ImageObject","inLanguage":"de-CH","@id":"https:\/\/teiaeducation.ch\/de\/#\/schema\/logo\/image\/","url":"https:\/\/teiaeducation.ch\/wp-content\/uploads\/2020\/11\/Teia-Education-Switzerland-e1620156442216.jpg","contentUrl":"https:\/\/teiaeducation.ch\/wp-content\/uploads\/2020\/11\/Teia-Education-Switzerland-e1620156442216.jpg","width":166,"height":145,"caption":"Teia Education & Play"},"image":{"@id":"https:\/\/teiaeducation.ch\/de\/#\/schema\/logo\/image\/"},"sameAs":["https:\/\/www.facebook.com\/teiaeducation\/","https:\/\/x.com\/EducationTeia","https:\/\/www.instagram.com\/teia.education\/","https:\/\/www.linkedin.com\/company\/35501660","https:\/\/www.pinterest.ch\/TeiaEducation\/"]}]}},"_links":{"self":[{"href":"https:\/\/teiaeducation.ch\/de\/wp-json\/wp\/v2\/product\/59321","targetHints":{"allow":["GET"]}}],"collection":[{"href":"https:\/\/teiaeducation.ch\/de\/wp-json\/wp\/v2\/product"}],"about":[{"href":"https:\/\/teiaeducation.ch\/de\/wp-json\/wp\/v2\/types\/product"}],"replies":[{"embeddable":true,"href":"https:\/\/teiaeducation.ch\/de\/wp-json\/wp\/v2\/comments?post=59321"}],"wp:featuredmedia":[{"embeddable":true,"href":"https:\/\/teiaeducation.ch\/de\/wp-json\/wp\/v2\/media\/58683"}],"wp:attachment":[{"href":"https:\/\/teiaeducation.ch\/de\/wp-json\/wp\/v2\/media?parent=59321"}],"wp:term":[{"taxonomy":"product_brand","embeddable":true,"href":"https:\/\/teiaeducation.ch\/de\/wp-json\/wp\/v2\/product_brand?post=59321"},{"taxonomy":"product_cat","embeddable":true,"href":"https:\/\/teiaeducation.ch\/de\/wp-json\/wp\/v2\/product_cat?post=59321"},{"taxonomy":"product_tag","embeddable":true,"href":"https:\/\/teiaeducation.ch\/de\/wp-json\/wp\/v2\/product_tag?post=59321"}],"curies":[{"name":"wp","href":"https:\/\/api.w.org\/{rel}","templated":true}]}}