{"id":59322,"date":"2024-01-30T08:31:57","date_gmt":"2024-01-30T07:31:57","guid":{"rendered":"https:\/\/teiaeducation.ch\/product\/pixelino-magnetwuerfel-erzi\/"},"modified":"2024-10-06T11:32:05","modified_gmt":"2024-10-06T09:32:05","slug":"pixelino-magnetwuerfel-erzi","status":"publish","type":"product","link":"https:\/\/teiaeducation.ch\/de\/produkt\/pixelino-magnetwuerfel-erzi\/","title":{"rendered":"Pixelino Magnetw\u00fcrfel &#8211; Erzi"},"content":{"rendered":"<p>Erzi&#8217;s Pixelino enth\u00e4lt ein Set von 100 magnetischen Holzw\u00fcrfeln in 10 verschiedenen Regenbogenfarben und erm\u00f6glicht es, eine fast unendliche Anzahl von Mustern und Formen in der Box oder auf einer freien Fl\u00e4che zu kreieren!<\/p>\n<p>Die magnetische Unterseite der Holzw\u00fcrfel sorgt f\u00fcr stundenlangen Pixelspa\u00df zu Hause oder unterwegs und sch\u00fctzt die W\u00fcrfel vor dem Herausfallen. Das Set enth\u00e4lt viele bunte Beispiele zum Legen von Mustern oder l\u00e4sst die Kinder einfach etwas Neues kreieren. Pixelino ist immer f\u00fcr Sie da! Die handliche Gr\u00f6\u00dfe des Spiels macht es au\u00dferdem leicht, es mitzunehmen.<\/p>\n<p>Pixelino f\u00f6rdert die Entwicklung der <a href=\"https:\/\/teiaeducation.ch\/product-category\/learning-themes\/sensory-motor-skills\/motor-skills\/\">Motorik<\/a>, der Kreativit\u00e4t und des Farbverst\u00e4ndnisses. Es ist ein ideales <a href=\"https:\/\/teiaeducation.ch\/product-category\/learning-support\/activity-sets\/\">Aktivit\u00e4tsset<\/a> f\u00fcr den Unterricht zu Hause und f\u00fcr das von <a href=\"https:\/\/teiaeducation.ch\/product-category\/education-method\/the-montessori-pedagogy-materials-toys\/\">Montessori<\/a> inspirierte Lernen zu <a href=\"https:\/\/teiaeducation.ch\/product-category\/homeschool-supplies\/\">Hause<\/a>.<\/p>\n<p>Dieses hochwertige Lernspielzeug wird nachhaltig in Deutschland aus massivem Buchenholz hergestellt. Die Holzteile sind mit sicherem, ungiftigem Lack auf Wasserbasis in verschiedenen Regenbogenfarben lackiert und haben einen magnetischen Folienboden.<\/p>\n<p>Erzi Pixelino Magnetw\u00fcrfel ist f\u00fcr Kinder ab 3 Jahren geeignet.<\/p>\n<p>! Warnung. Nicht f\u00fcr Kinder unter 36 Monaten geeignet.<br \/>\nErstickungsgefahr.<br \/>\nKleine Teile.<\/p>\n<p>Inhalt:<\/p>\n<p>100 bunte Holzw\u00fcrfel (12 x 12 mm)<br \/>\n1 Metalldose (13,5 x 13,5 x 1,6 cm)<br \/>\n1 Vorlagenheft<\/p>\n<h2>\u00dcber Erzi<\/h2>\n<p>Das umfangreiche Erzi-Sortiment tr\u00e4gt das unverwechselbare G\u00fctesiegel &#8220;made in Germany&#8221;, denn es stammt aus dem Erzgebirge.<\/p>\n<p><a href=\"https:\/\/teiaeducation.ch\/product-category\/brands\/erzi\/\">Erzi<\/a> verwendet f\u00fcr die Herstellung seiner Spielzeuge Holz aus der Region, das mit dem <a href=\"https:\/\/fsc.org\/en\">FSC<\/a>-Siegel (Forest Stewardship Council) zertifiziert und verbessert wurde. Alle Oberfl\u00e4chenbehandlungen wie Farben und Lacke auf Wasserbasis sind ungiftig und jedes Erzi Produkt entspricht den h\u00f6chsten Sicherheitsstandards f\u00fcr Spielzeug. Die hochwertigen <a href=\"https:\/\/teiaeducation.ch\/product-category\/hgh-quality-toys-play\/handmade-wooden-toys\/\">Holzspielzeuge<\/a> und <a href=\"https:\/\/teiaeducation.ch\/product-category\/learning-themes\/\">Lernprodukte<\/a> von Erzi zeichnen sich durch eine gro\u00dfe Vielfalt an nat\u00fcrlichen <a href=\"https:\/\/teiaeducation.ch\/product-category\/learning-themes\/mathematics-numeracy\/shapes\/\">Formen<\/a> und <a href=\"https:\/\/teiaeducation.ch\/product-category\/learning-themes\/sensory-motor-skills\/learning-about-colour\/\">Farben<\/a> aus und sind langlebig und nachhaltig.<\/p>\n","protected":false},"excerpt":{"rendered":"<p>Artikelnummer: 42291<\/p>\n<p>Erzi&#8217;s Pixelino Magnetw\u00fcrfel in 10 verschiedenen Regenbogenfarben f\u00f6rdert die Motorik, Kreativit\u00e4t und das Verst\u00e4ndnis f\u00fcr Farben! Hergestellt in Deutschland.<\/p>\n","protected":false},"featured_media":58674,"comment_status":"open","ping_status":"closed","template":"","meta":[],"product_brand":[],"product_cat":[21445,21446,21479,21622,21558,21550,21490,21484,21624,21509,21537,21481,22182,21559,21443,21563,21557,21695,21678,21482,21564],"product_tag":[28042,28047,28044,28045,28049,28050,28046,28043,28077,28063,28081,28082,28079,25525,28048,28080,28078,28062],"class_list":{"0":"post-59322","1":"product","2":"type-product","3":"status-publish","4":"has-post-thumbnail","6":"product_cat-3-6-jahre-vorschule","7":"product_cat-6-12-jahre-grundschule","8":"product_cat-lernmaterialien-spielzeug-montessori-waldorf-steiner-froebel","9":"product_cat-erzi-klassisches-holzspielzeug-de","10":"product_cat-farbe-lernen","11":"product_cat-formen","12":"product_cat-geschenk-guide-kreativ","13":"product_cat-geschenk-guides","14":"product_cat-lernmaterialien","15":"product_cat-lernthemen","16":"product_cat-mathematik-rechnen","17":"product_cat-montessori-paedagogik-material-spielzeug","18":"product_cat-montessori-spielzeug","19":"product_cat-motorische-fertigkeiten","20":"product_cat-nach-alter","21":"product_cat-neuheiten","22":"product_cat-sensorische-motorische-fertigkeiten","23":"product_cat-sinnliches-spiel","24":"product_cat-kinder-spielzeug","25":"product_cat-traditionelle-bildung","26":"product_cat-unsere-marken","27":"product_tag-erzi-lernspiel","28":"product_tag-lehrmaterial-aus-holz","29":"product_tag-lehrmaterialien-aus-holz","30":"product_tag-lehrmaterialien-aus-holz-erzi","31":"product_tag-lernspiel-erzi","32":"product_tag-lernspiel-erzi-de","33":"product_tag-lernspiel-zahlbrett-erzi","34":"product_tag-lernspiele-aus-holz","35":"product_tag-lernspiele-aus-holz-sortieren-vergleichen","36":"product_tag-lernspielzeug-farben","37":"product_tag-magnetische-farbwurfel","38":"product_tag-magnetische-holzwurfel","39":"product_tag-magnetische-wurfel-erzi","40":"product_tag-mathe-spielzeug-aus-holz","41":"product_tag-mathematikspielzeug-aus-holz-sprachspielzeug-aus-holz","42":"product_tag-pixelino-erzi-de","43":"product_tag-pixelino-magnetwurfel-erzi","44":"product_tag-sprachspielzeug-aus-holz","46":"first","47":"outofstock","48":"taxable","49":"shipping-taxable","50":"purchasable","51":"product-type-simple"},"yoast_head":"<!-- This site is optimized with the Yoast SEO plugin v27.1.1 - https:\/\/yoast.com\/product\/yoast-seo-wordpress\/ -->\n<title>Pixelino Magnetw\u00fcrfel - Erzi - Teia Education &amp; Play<\/title>\n<meta name=\"description\" content=\"Der Pixelino Magnetw\u00fcrfel von Erzi in 10 verschiedenen Farben f\u00f6rdert die Motorik, die Kreativit\u00e4t und das Verst\u00e4ndnis f\u00fcr Farben. Hergestellt in Deutschland.\" \/>\n<meta name=\"robots\" content=\"index, follow, max-snippet:-1, max-image-preview:large, max-video-preview:-1\" \/>\n<link rel=\"canonical\" href=\"https:\/\/teiaeducation.ch\/de\/produkt\/pixelino-magnetwuerfel-erzi\/\" \/>\n<meta property=\"og:locale\" content=\"de_DE\" \/>\n<meta property=\"og:type\" content=\"article\" \/>\n<meta property=\"og:title\" content=\"Pixelino Magnetw\u00fcrfel - Erzi - Teia Education &amp; Play\" \/>\n<meta property=\"og:description\" content=\"Der Pixelino Magnetw\u00fcrfel von Erzi in 10 verschiedenen Farben f\u00f6rdert die Motorik, die Kreativit\u00e4t und das Verst\u00e4ndnis f\u00fcr Farben. Hergestellt in Deutschland.\" \/>\n<meta property=\"og:url\" content=\"https:\/\/teiaeducation.ch\/de\/produkt\/pixelino-magnetwuerfel-erzi\/\" \/>\n<meta property=\"og:site_name\" content=\"Sustainable Educational Products &amp; Ecological Toys\u00a0\" \/>\n<meta property=\"article:publisher\" content=\"https:\/\/www.facebook.com\/teiaeducation\/\" \/>\n<meta property=\"article:modified_time\" content=\"2024-10-06T09:32:05+00:00\" \/>\n<meta property=\"og:image\" content=\"https:\/\/teiaeducation.ch\/wp-content\/uploads\/2024\/01\/Pixelino-magnetic-wooden-cubes-Erzi.jpg\" \/>\n\t<meta property=\"og:image:width\" content=\"1000\" \/>\n\t<meta property=\"og:image:height\" content=\"1000\" \/>\n\t<meta property=\"og:image:type\" content=\"image\/jpeg\" \/>\n<script type=\"application\/ld+json\" class=\"yoast-schema-graph\">{\"@context\":\"https:\/\/schema.org\",\"@graph\":[{\"@type\":\"WebPage\",\"@id\":\"https:\/\/teiaeducation.ch\/de\/produkt\/pixelino-magnetwuerfel-erzi\/\",\"url\":\"https:\/\/teiaeducation.ch\/de\/produkt\/pixelino-magnetwuerfel-erzi\/\",\"name\":\"Pixelino Magnetw\u00fcrfel - Erzi - Teia Education & Play\",\"isPartOf\":{\"@id\":\"https:\/\/teiaeducation.ch\/de\/#website\"},\"primaryImageOfPage\":{\"@id\":\"https:\/\/teiaeducation.ch\/de\/produkt\/pixelino-magnetwuerfel-erzi\/#primaryimage\"},\"image\":{\"@id\":\"https:\/\/teiaeducation.ch\/de\/produkt\/pixelino-magnetwuerfel-erzi\/#primaryimage\"},\"thumbnailUrl\":\"https:\/\/teiaeducation.ch\/wp-content\/uploads\/2024\/01\/Pixelino-magnetic-wooden-cubes-Erzi.jpg\",\"datePublished\":\"2024-01-30T07:31:57+00:00\",\"dateModified\":\"2024-10-06T09:32:05+00:00\",\"description\":\"Der Pixelino Magnetw\u00fcrfel von Erzi in 10 verschiedenen Farben f\u00f6rdert die Motorik, die Kreativit\u00e4t und das Verst\u00e4ndnis f\u00fcr Farben. Hergestellt in Deutschland.\",\"breadcrumb\":{\"@id\":\"https:\/\/teiaeducation.ch\/de\/produkt\/pixelino-magnetwuerfel-erzi\/#breadcrumb\"},\"inLanguage\":\"de-CH\",\"potentialAction\":[{\"@type\":\"ReadAction\",\"target\":[\"https:\/\/teiaeducation.ch\/de\/produkt\/pixelino-magnetwuerfel-erzi\/\"]}]},{\"@type\":\"ImageObject\",\"inLanguage\":\"de-CH\",\"@id\":\"https:\/\/teiaeducation.ch\/de\/produkt\/pixelino-magnetwuerfel-erzi\/#primaryimage\",\"url\":\"https:\/\/teiaeducation.ch\/wp-content\/uploads\/2024\/01\/Pixelino-magnetic-wooden-cubes-Erzi.jpg\",\"contentUrl\":\"https:\/\/teiaeducation.ch\/wp-content\/uploads\/2024\/01\/Pixelino-magnetic-wooden-cubes-Erzi.jpg\",\"width\":1000,\"height\":1000,\"caption\":\"Pixelino Magnetw\u00fcrfel aus Holz Erzi\"},{\"@type\":\"BreadcrumbList\",\"@id\":\"https:\/\/teiaeducation.ch\/de\/produkt\/pixelino-magnetwuerfel-erzi\/#breadcrumb\",\"itemListElement\":[{\"@type\":\"ListItem\",\"position\":1,\"name\":\"Home\",\"item\":\"https:\/\/teiaeducation.ch\/de\/\"},{\"@type\":\"ListItem\",\"position\":2,\"name\":\"Laden\",\"item\":\"https:\/\/teiaeducation.ch\/de\/shop\/\"},{\"@type\":\"ListItem\",\"position\":3,\"name\":\"Lernthemen\",\"item\":\"https:\/\/teiaeducation.ch\/de\/produkt-kategorie\/lernthemen\/\"},{\"@type\":\"ListItem\",\"position\":4,\"name\":\"Sensorische &amp; Motorische Fertigkeiten\",\"item\":\"https:\/\/teiaeducation.ch\/de\/produkt-kategorie\/lernthemen\/sensorische-motorische-fertigkeiten\/\"},{\"@type\":\"ListItem\",\"position\":5,\"name\":\"Farbe lernen\",\"item\":\"https:\/\/teiaeducation.ch\/de\/produkt-kategorie\/lernthemen\/sensorische-motorische-fertigkeiten\/farbe-lernen\/\"},{\"@type\":\"ListItem\",\"position\":6,\"name\":\"Pixelino Magnetw\u00fcrfel &#8211; Erzi\"}]},{\"@type\":\"WebSite\",\"@id\":\"https:\/\/teiaeducation.ch\/de\/#website\",\"url\":\"https:\/\/teiaeducation.ch\/de\/\",\"name\":\"Sustainable Educational Products &amp; Ecological Toys\u00a0\",\"description\":\"Specialised Swiss shop selling sustainable educational toys and games, AMI certified Montessori materials, handmade ecological wooden Waldorf toys and arts &amp; crafts supplies, school supplies, children&#039;s furniture and Montessori reference and parenting books.\",\"publisher\":{\"@id\":\"https:\/\/teiaeducation.ch\/de\/#organization\"},\"alternateName\":\"Teia Education & Play\",\"potentialAction\":[{\"@type\":\"SearchAction\",\"target\":{\"@type\":\"EntryPoint\",\"urlTemplate\":\"https:\/\/teiaeducation.ch\/de\/?s={search_term_string}\"},\"query-input\":{\"@type\":\"PropertyValueSpecification\",\"valueRequired\":true,\"valueName\":\"search_term_string\"}}],\"inLanguage\":\"de-CH\"},{\"@type\":\"Organization\",\"@id\":\"https:\/\/teiaeducation.ch\/de\/#organization\",\"name\":\"Teia Education & Play\",\"url\":\"https:\/\/teiaeducation.ch\/de\/\",\"logo\":{\"@type\":\"ImageObject\",\"inLanguage\":\"de-CH\",\"@id\":\"https:\/\/teiaeducation.ch\/de\/#\/schema\/logo\/image\/\",\"url\":\"https:\/\/teiaeducation.ch\/wp-content\/uploads\/2020\/11\/Teia-Education-Switzerland-e1620156442216.jpg\",\"contentUrl\":\"https:\/\/teiaeducation.ch\/wp-content\/uploads\/2020\/11\/Teia-Education-Switzerland-e1620156442216.jpg\",\"width\":166,\"height\":145,\"caption\":\"Teia Education & Play\"},\"image\":{\"@id\":\"https:\/\/teiaeducation.ch\/de\/#\/schema\/logo\/image\/\"},\"sameAs\":[\"https:\/\/www.facebook.com\/teiaeducation\/\",\"https:\/\/x.com\/EducationTeia\",\"https:\/\/www.instagram.com\/teia.education\/\",\"https:\/\/www.linkedin.com\/company\/35501660\",\"https:\/\/www.pinterest.ch\/TeiaEducation\/\"]}]}<\/script>\n<!-- \/ Yoast SEO plugin. -->","yoast_head_json":{"title":"Pixelino Magnetw\u00fcrfel - Erzi - Teia Education & Play","description":"Der Pixelino Magnetw\u00fcrfel von Erzi in 10 verschiedenen Farben f\u00f6rdert die Motorik, die Kreativit\u00e4t und das Verst\u00e4ndnis f\u00fcr Farben. Hergestellt in Deutschland.","robots":{"index":"index","follow":"follow","max-snippet":"max-snippet:-1","max-image-preview":"max-image-preview:large","max-video-preview":"max-video-preview:-1"},"canonical":"https:\/\/teiaeducation.ch\/de\/produkt\/pixelino-magnetwuerfel-erzi\/","og_locale":"de_DE","og_type":"article","og_title":"Pixelino Magnetw\u00fcrfel - Erzi - Teia Education & Play","og_description":"Der Pixelino Magnetw\u00fcrfel von Erzi in 10 verschiedenen Farben f\u00f6rdert die Motorik, die Kreativit\u00e4t und das Verst\u00e4ndnis f\u00fcr Farben. Hergestellt in Deutschland.","og_url":"https:\/\/teiaeducation.ch\/de\/produkt\/pixelino-magnetwuerfel-erzi\/","og_site_name":"Sustainable Educational Products &amp; Ecological Toys\u00a0","article_publisher":"https:\/\/www.facebook.com\/teiaeducation\/","article_modified_time":"2024-10-06T09:32:05+00:00","og_image":[{"width":1000,"height":1000,"url":"https:\/\/teiaeducation.ch\/wp-content\/uploads\/2024\/01\/Pixelino-magnetic-wooden-cubes-Erzi.jpg","type":"image\/jpeg"}],"schema":{"@context":"https:\/\/schema.org","@graph":[{"@type":"WebPage","@id":"https:\/\/teiaeducation.ch\/de\/produkt\/pixelino-magnetwuerfel-erzi\/","url":"https:\/\/teiaeducation.ch\/de\/produkt\/pixelino-magnetwuerfel-erzi\/","name":"Pixelino Magnetw\u00fcrfel - Erzi - Teia Education & Play","isPartOf":{"@id":"https:\/\/teiaeducation.ch\/de\/#website"},"primaryImageOfPage":{"@id":"https:\/\/teiaeducation.ch\/de\/produkt\/pixelino-magnetwuerfel-erzi\/#primaryimage"},"image":{"@id":"https:\/\/teiaeducation.ch\/de\/produkt\/pixelino-magnetwuerfel-erzi\/#primaryimage"},"thumbnailUrl":"https:\/\/teiaeducation.ch\/wp-content\/uploads\/2024\/01\/Pixelino-magnetic-wooden-cubes-Erzi.jpg","datePublished":"2024-01-30T07:31:57+00:00","dateModified":"2024-10-06T09:32:05+00:00","description":"Der Pixelino Magnetw\u00fcrfel von Erzi in 10 verschiedenen Farben f\u00f6rdert die Motorik, die Kreativit\u00e4t und das Verst\u00e4ndnis f\u00fcr Farben. Hergestellt in Deutschland.","breadcrumb":{"@id":"https:\/\/teiaeducation.ch\/de\/produkt\/pixelino-magnetwuerfel-erzi\/#breadcrumb"},"inLanguage":"de-CH","potentialAction":[{"@type":"ReadAction","target":["https:\/\/teiaeducation.ch\/de\/produkt\/pixelino-magnetwuerfel-erzi\/"]}]},{"@type":"ImageObject","inLanguage":"de-CH","@id":"https:\/\/teiaeducation.ch\/de\/produkt\/pixelino-magnetwuerfel-erzi\/#primaryimage","url":"https:\/\/teiaeducation.ch\/wp-content\/uploads\/2024\/01\/Pixelino-magnetic-wooden-cubes-Erzi.jpg","contentUrl":"https:\/\/teiaeducation.ch\/wp-content\/uploads\/2024\/01\/Pixelino-magnetic-wooden-cubes-Erzi.jpg","width":1000,"height":1000,"caption":"Pixelino Magnetw\u00fcrfel aus Holz Erzi"},{"@type":"BreadcrumbList","@id":"https:\/\/teiaeducation.ch\/de\/produkt\/pixelino-magnetwuerfel-erzi\/#breadcrumb","itemListElement":[{"@type":"ListItem","position":1,"name":"Home","item":"https:\/\/teiaeducation.ch\/de\/"},{"@type":"ListItem","position":2,"name":"Laden","item":"https:\/\/teiaeducation.ch\/de\/shop\/"},{"@type":"ListItem","position":3,"name":"Lernthemen","item":"https:\/\/teiaeducation.ch\/de\/produkt-kategorie\/lernthemen\/"},{"@type":"ListItem","position":4,"name":"Sensorische &amp; Motorische Fertigkeiten","item":"https:\/\/teiaeducation.ch\/de\/produkt-kategorie\/lernthemen\/sensorische-motorische-fertigkeiten\/"},{"@type":"ListItem","position":5,"name":"Farbe lernen","item":"https:\/\/teiaeducation.ch\/de\/produkt-kategorie\/lernthemen\/sensorische-motorische-fertigkeiten\/farbe-lernen\/"},{"@type":"ListItem","position":6,"name":"Pixelino Magnetw\u00fcrfel &#8211; Erzi"}]},{"@type":"WebSite","@id":"https:\/\/teiaeducation.ch\/de\/#website","url":"https:\/\/teiaeducation.ch\/de\/","name":"Sustainable Educational Products &amp; Ecological Toys\u00a0","description":"Specialised Swiss shop selling sustainable educational toys and games, AMI certified Montessori materials, handmade ecological wooden Waldorf toys and arts &amp; crafts supplies, school supplies, children&#039;s furniture and Montessori reference and parenting books.","publisher":{"@id":"https:\/\/teiaeducation.ch\/de\/#organization"},"alternateName":"Teia Education & Play","potentialAction":[{"@type":"SearchAction","target":{"@type":"EntryPoint","urlTemplate":"https:\/\/teiaeducation.ch\/de\/?s={search_term_string}"},"query-input":{"@type":"PropertyValueSpecification","valueRequired":true,"valueName":"search_term_string"}}],"inLanguage":"de-CH"},{"@type":"Organization","@id":"https:\/\/teiaeducation.ch\/de\/#organization","name":"Teia Education & Play","url":"https:\/\/teiaeducation.ch\/de\/","logo":{"@type":"ImageObject","inLanguage":"de-CH","@id":"https:\/\/teiaeducation.ch\/de\/#\/schema\/logo\/image\/","url":"https:\/\/teiaeducation.ch\/wp-content\/uploads\/2020\/11\/Teia-Education-Switzerland-e1620156442216.jpg","contentUrl":"https:\/\/teiaeducation.ch\/wp-content\/uploads\/2020\/11\/Teia-Education-Switzerland-e1620156442216.jpg","width":166,"height":145,"caption":"Teia Education & Play"},"image":{"@id":"https:\/\/teiaeducation.ch\/de\/#\/schema\/logo\/image\/"},"sameAs":["https:\/\/www.facebook.com\/teiaeducation\/","https:\/\/x.com\/EducationTeia","https:\/\/www.instagram.com\/teia.education\/","https:\/\/www.linkedin.com\/company\/35501660","https:\/\/www.pinterest.ch\/TeiaEducation\/"]}]}},"_links":{"self":[{"href":"https:\/\/teiaeducation.ch\/de\/wp-json\/wp\/v2\/product\/59322","targetHints":{"allow":["GET"]}}],"collection":[{"href":"https:\/\/teiaeducation.ch\/de\/wp-json\/wp\/v2\/product"}],"about":[{"href":"https:\/\/teiaeducation.ch\/de\/wp-json\/wp\/v2\/types\/product"}],"replies":[{"embeddable":true,"href":"https:\/\/teiaeducation.ch\/de\/wp-json\/wp\/v2\/comments?post=59322"}],"wp:featuredmedia":[{"embeddable":true,"href":"https:\/\/teiaeducation.ch\/de\/wp-json\/wp\/v2\/media\/58674"}],"wp:attachment":[{"href":"https:\/\/teiaeducation.ch\/de\/wp-json\/wp\/v2\/media?parent=59322"}],"wp:term":[{"taxonomy":"product_brand","embeddable":true,"href":"https:\/\/teiaeducation.ch\/de\/wp-json\/wp\/v2\/product_brand?post=59322"},{"taxonomy":"product_cat","embeddable":true,"href":"https:\/\/teiaeducation.ch\/de\/wp-json\/wp\/v2\/product_cat?post=59322"},{"taxonomy":"product_tag","embeddable":true,"href":"https:\/\/teiaeducation.ch\/de\/wp-json\/wp\/v2\/product_tag?post=59322"}],"curies":[{"name":"wp","href":"https:\/\/api.w.org\/{rel}","templated":true}]}}