{"id":59323,"date":"2024-01-29T13:41:15","date_gmt":"2024-01-29T12:41:15","guid":{"rendered":"https:\/\/teiaeducation.ch\/product\/lernspiel-sortieren-und-vergleichen-erzi\/"},"modified":"2024-03-08T13:56:19","modified_gmt":"2024-03-08T12:56:19","slug":"lernspiel-sortieren-und-vergleichen-erzi","status":"publish","type":"product","link":"https:\/\/teiaeducation.ch\/de\/produkt\/lernspiel-sortieren-und-vergleichen-erzi\/","title":{"rendered":"Lernspiel Sortieren und Vergleichen &#8211; Erzi"},"content":{"rendered":"<p>Erzi&#8217;s Lernspiel <a href=\"https:\/\/teiaeducation.ch\/product-category\/hgh-quality-toys-play\/sorting\/\">Sortieren<\/a> und Vergleichen bietet eine Vielzahl von verschiedenen Formen, <a href=\"https:\/\/teiaeducation.ch\/product-category\/learning-themes\/mathematics-numeracy\/size\/\">Gr\u00f6\u00dfen<\/a> und Farben und bietet eine wunderbare M\u00f6glichkeit, das Sortieren und Vergleichen zum Kinderspiel zu machen!<\/p>\n<p>Dieses visuelle und spielerische Spiel enth\u00e4lt verschiedene Kontraste, die auf den gedruckten Vliesschablonen visuell dargestellt werden. Die einzelnen Kontrastaufgaben (klein, gro\u00df, rund und eckig) k\u00f6nnen ausgeschnitten werden, und dann werden die Kleinteile mit Hilfe der beiden Holzschalen entsprechend der Anleitung sortiert.<\/p>\n<p>Sortieren und Vergleichen f\u00f6rdert die Entwicklung von <a href=\"https:\/\/teiaeducation.ch\/product-category\/learning-themes\/sensory-motor-skills\/motor-skills\/\">Motorik<\/a>, Denkstrukturen, Sprache, Kommunikation, das Gef\u00fchl f\u00fcr Haptik sowie das Verst\u00e4ndnis f\u00fcr Farben. Es ist ideal f\u00fcr die Vermittlung grundlegender mathematischer und sprachlicher F\u00e4higkeiten in der Heimerziehung und f\u00fcr das von <a href=\"https:\/\/teiaeducation.ch\/product-category\/education-method\/the-montessori-pedagogy-materials-toys\/\">Montessori<\/a> inspirierte Lernen zu <a href=\"https:\/\/teiaeducation.ch\/product-category\/homeschool-supplies\/\">Hause<\/a>.<\/p>\n<p>Dieses Erzi-Lernspiel enth\u00e4lt 21 verschiedene Holzteile, 2 Holzschalen und Sortierschablonen zum Ausschneiden.<\/p>\n<p>Dieses hochwertige Lernspielzeug aus Holz wird in Deutschland nachhaltig aus massivem Buchenholz hergestellt. Die Holzteile werden entweder naturbelassen oder mit sicherem, ungiftigem Lack auf Wasserbasis in einer Vielzahl von Farben lackiert. Die bedruckten Sortierschablonen sind aus Polyestervlies gefertigt. Das Set hat die Ma\u00dfe 14,5 x 50,5 x 7,5 cm<\/p>\n<p>Erzi Lernspiel Sortieren und Vergleichen ist f\u00fcr Kinder ab 4 Jahren geeignet.<\/p>\n<p>Inhalt:<\/p>\n<p>21 farbige Holzteile<br \/>\n2 nat\u00fcrliche Holzschalen<br \/>\n7 Sortiervorlagen<\/p>\n<h2>\u00dcber Erzi<\/h2>\n<p>Das umfangreiche Erzi-Sortiment tr\u00e4gt das unverwechselbare G\u00fctesiegel &#8220;made in Germany&#8221;, denn es stammt aus dem Erzgebirge.<\/p>\n<p><a href=\"https:\/\/teiaeducation.ch\/product-category\/brands\/erzi\/\">Erzi<\/a> verwendet f\u00fcr die Herstellung seiner Spielzeuge Holz aus der Region, das mit dem <a href=\"https:\/\/fsc.org\/en\">FSC<\/a>-Siegel (Forest Stewardship Council) zertifiziert und verbessert wurde. Alle Oberfl\u00e4chenbehandlungen wie Farben und Lacke auf Wasserbasis sind ungiftig und jedes Erzi Produkt entspricht den h\u00f6chsten Sicherheitsstandards f\u00fcr Spielzeug. Die hochwertigen <a href=\"https:\/\/teiaeducation.ch\/product-category\/hgh-quality-toys-play\/handmade-wooden-toys\/\">Holzspielzeuge<\/a> und <a href=\"https:\/\/teiaeducation.ch\/product-category\/learning-themes\/\">Lernprodukte<\/a> von Erzi zeichnen sich durch eine gro\u00dfe Vielfalt an nat\u00fcrlichen <a href=\"https:\/\/teiaeducation.ch\/product-category\/learning-themes\/mathematics-numeracy\/shapes\/\">Formen<\/a> und <a href=\"https:\/\/teiaeducation.ch\/product-category\/learning-themes\/sensory-motor-skills\/learning-about-colour\/\">Farben<\/a> aus und sind langlebig und nachhaltig.<\/p>\n","protected":false},"excerpt":{"rendered":"<p>Artikelnummer: 42044<\/p>\n<p>Erzi&#8217;s Lernspiel Sortieren und Vergleichen f\u00f6rdert Motorik, Denkstrukturen, Sprache, das Gef\u00fchl f\u00fcr Haptik sowie das Verst\u00e4ndnis f\u00fcr Farben!<\/p>\n","protected":false},"featured_media":58638,"comment_status":"open","ping_status":"closed","template":"","meta":[],"product_brand":[],"product_cat":[21445,21524,21479,21622,21558,21550,21491,21484,21624,21509,21537,22182,21443,21563,21557,21697,21678,21482,21564],"product_tag":[28042,28047,28044,28045,28049,28050,28051,28084,28046,28043,28077,28063,25525,28048,28086,28085,28083,28062],"class_list":{"0":"post-59323","1":"product","2":"type-product","3":"status-publish","4":"has-post-thumbnail","6":"product_cat-3-6-jahre-vorschule","7":"product_cat-alphabetisierung-sprache","8":"product_cat-lernmaterialien-spielzeug-montessori-waldorf-steiner-froebel","9":"product_cat-erzi-klassisches-holzspielzeug-de","10":"product_cat-farbe-lernen","11":"product_cat-formen","12":"product_cat-geschenk-guide-lerngeschenke","13":"product_cat-geschenk-guides","14":"product_cat-lernmaterialien","15":"product_cat-lernthemen","16":"product_cat-mathematik-rechnen","17":"product_cat-montessori-spielzeug","18":"product_cat-nach-alter","19":"product_cat-neuheiten","20":"product_cat-sensorische-motorische-fertigkeiten","21":"product_cat-sortieren","22":"product_cat-kinder-spielzeug","23":"product_cat-traditionelle-bildung","24":"product_cat-unsere-marken","25":"product_tag-erzi-lernspiel","26":"product_tag-lehrmaterial-aus-holz","27":"product_tag-lehrmaterialien-aus-holz","28":"product_tag-lehrmaterialien-aus-holz-erzi","29":"product_tag-lernspiel-erzi","30":"product_tag-lernspiel-erzi-de","31":"product_tag-lernspiel-sortieren","32":"product_tag-lernspiel-sortieren-und-vergleichen-erzi","33":"product_tag-lernspiel-zahlbrett-erzi","34":"product_tag-lernspiele-aus-holz","35":"product_tag-lernspiele-aus-holz-sortieren-vergleichen","36":"product_tag-lernspielzeug-farben","37":"product_tag-mathe-spielzeug-aus-holz","38":"product_tag-mathematikspielzeug-aus-holz-sprachspielzeug-aus-holz","39":"product_tag-padagogisches-spielzeug-sortieren-erzi","40":"product_tag-sortieren-von-lernspielzeug","41":"product_tag-spielzeug-sortieren-und-vergleichen","42":"product_tag-sprachspielzeug-aus-holz","44":"first","45":"instock","46":"taxable","47":"shipping-taxable","48":"purchasable","49":"product-type-simple"},"yoast_head":"<!-- This site is optimized with the Yoast SEO plugin v27.1.1 - https:\/\/yoast.com\/product\/yoast-seo-wordpress\/ -->\n<title>Lernspiel Sortieren und Vergleichen - Erzi - Teia Education &amp; Play<\/title>\n<meta name=\"description\" content=\"Erzi&#039;s Lernspiel Sortieren und Vergleichen f\u00f6rdert Motorik, Denkstrukturen, Sprache, das Gef\u00fchl f\u00fcr Haptik sowie das Verst\u00e4ndnis f\u00fcr Farben.\" \/>\n<meta name=\"robots\" content=\"index, follow, max-snippet:-1, max-image-preview:large, max-video-preview:-1\" \/>\n<link rel=\"canonical\" href=\"https:\/\/teiaeducation.ch\/de\/produkt\/lernspiel-sortieren-und-vergleichen-erzi\/\" \/>\n<meta property=\"og:locale\" content=\"de_DE\" \/>\n<meta property=\"og:type\" content=\"article\" \/>\n<meta property=\"og:title\" content=\"Lernspiel Sortieren und Vergleichen - Erzi - Teia Education &amp; Play\" \/>\n<meta property=\"og:description\" content=\"Erzi&#039;s Lernspiel Sortieren und Vergleichen f\u00f6rdert Motorik, Denkstrukturen, Sprache, das Gef\u00fchl f\u00fcr Haptik sowie das Verst\u00e4ndnis f\u00fcr Farben.\" \/>\n<meta property=\"og:url\" content=\"https:\/\/teiaeducation.ch\/de\/produkt\/lernspiel-sortieren-und-vergleichen-erzi\/\" \/>\n<meta property=\"og:site_name\" content=\"Sustainable Educational Products &amp; Ecological Toys\u00a0\" \/>\n<meta property=\"article:publisher\" content=\"https:\/\/www.facebook.com\/teiaeducation\/\" \/>\n<meta property=\"article:modified_time\" content=\"2024-03-08T12:56:19+00:00\" \/>\n<meta property=\"og:image\" content=\"https:\/\/teiaeducation.ch\/wp-content\/uploads\/2024\/01\/Educational-game-sort-and-compare-Erzi-.jpg\" \/>\n\t<meta property=\"og:image:width\" content=\"1000\" \/>\n\t<meta property=\"og:image:height\" content=\"1000\" \/>\n\t<meta property=\"og:image:type\" content=\"image\/jpeg\" \/>\n<script type=\"application\/ld+json\" class=\"yoast-schema-graph\">{\"@context\":\"https:\/\/schema.org\",\"@graph\":[{\"@type\":\"WebPage\",\"@id\":\"https:\/\/teiaeducation.ch\/de\/produkt\/lernspiel-sortieren-und-vergleichen-erzi\/\",\"url\":\"https:\/\/teiaeducation.ch\/de\/produkt\/lernspiel-sortieren-und-vergleichen-erzi\/\",\"name\":\"Lernspiel Sortieren und Vergleichen - Erzi - Teia Education & Play\",\"isPartOf\":{\"@id\":\"https:\/\/teiaeducation.ch\/de\/#website\"},\"primaryImageOfPage\":{\"@id\":\"https:\/\/teiaeducation.ch\/de\/produkt\/lernspiel-sortieren-und-vergleichen-erzi\/#primaryimage\"},\"image\":{\"@id\":\"https:\/\/teiaeducation.ch\/de\/produkt\/lernspiel-sortieren-und-vergleichen-erzi\/#primaryimage\"},\"thumbnailUrl\":\"https:\/\/teiaeducation.ch\/wp-content\/uploads\/2024\/01\/Educational-game-sort-and-compare-Erzi-.jpg\",\"datePublished\":\"2024-01-29T12:41:15+00:00\",\"dateModified\":\"2024-03-08T12:56:19+00:00\",\"description\":\"Erzi's Lernspiel Sortieren und Vergleichen f\u00f6rdert Motorik, Denkstrukturen, Sprache, das Gef\u00fchl f\u00fcr Haptik sowie das Verst\u00e4ndnis f\u00fcr Farben.\",\"breadcrumb\":{\"@id\":\"https:\/\/teiaeducation.ch\/de\/produkt\/lernspiel-sortieren-und-vergleichen-erzi\/#breadcrumb\"},\"inLanguage\":\"de-CH\",\"potentialAction\":[{\"@type\":\"ReadAction\",\"target\":[\"https:\/\/teiaeducation.ch\/de\/produkt\/lernspiel-sortieren-und-vergleichen-erzi\/\"]}]},{\"@type\":\"ImageObject\",\"inLanguage\":\"de-CH\",\"@id\":\"https:\/\/teiaeducation.ch\/de\/produkt\/lernspiel-sortieren-und-vergleichen-erzi\/#primaryimage\",\"url\":\"https:\/\/teiaeducation.ch\/wp-content\/uploads\/2024\/01\/Educational-game-sort-and-compare-Erzi-.jpg\",\"contentUrl\":\"https:\/\/teiaeducation.ch\/wp-content\/uploads\/2024\/01\/Educational-game-sort-and-compare-Erzi-.jpg\",\"width\":1000,\"height\":1000,\"caption\":\"Lernspiel Sortieren und Vergleichen Erzi\"},{\"@type\":\"BreadcrumbList\",\"@id\":\"https:\/\/teiaeducation.ch\/de\/produkt\/lernspiel-sortieren-und-vergleichen-erzi\/#breadcrumb\",\"itemListElement\":[{\"@type\":\"ListItem\",\"position\":1,\"name\":\"Home\",\"item\":\"https:\/\/teiaeducation.ch\/de\/\"},{\"@type\":\"ListItem\",\"position\":2,\"name\":\"Laden\",\"item\":\"https:\/\/teiaeducation.ch\/de\/shop\/\"},{\"@type\":\"ListItem\",\"position\":3,\"name\":\"Unsere Marken\",\"item\":\"https:\/\/teiaeducation.ch\/de\/produkt-kategorie\/unsere-marken\/\"},{\"@type\":\"ListItem\",\"position\":4,\"name\":\"Erzi\",\"item\":\"https:\/\/teiaeducation.ch\/de\/produkt-kategorie\/unsere-marken\/erzi-klassisches-holzspielzeug-de\/\"},{\"@type\":\"ListItem\",\"position\":5,\"name\":\"Lernmaterialien\",\"item\":\"https:\/\/teiaeducation.ch\/de\/produkt-kategorie\/unsere-marken\/erzi-klassisches-holzspielzeug-de\/lernmaterialien\/\"},{\"@type\":\"ListItem\",\"position\":6,\"name\":\"Lernspiel Sortieren und Vergleichen &#8211; Erzi\"}]},{\"@type\":\"WebSite\",\"@id\":\"https:\/\/teiaeducation.ch\/de\/#website\",\"url\":\"https:\/\/teiaeducation.ch\/de\/\",\"name\":\"Sustainable Educational Products &amp; Ecological Toys\u00a0\",\"description\":\"Specialised Swiss shop selling sustainable educational toys and games, AMI certified Montessori materials, handmade ecological wooden Waldorf toys and arts &amp; crafts supplies, school supplies, children&#039;s furniture and Montessori reference and parenting books.\",\"publisher\":{\"@id\":\"https:\/\/teiaeducation.ch\/de\/#organization\"},\"alternateName\":\"Teia Education & Play\",\"potentialAction\":[{\"@type\":\"SearchAction\",\"target\":{\"@type\":\"EntryPoint\",\"urlTemplate\":\"https:\/\/teiaeducation.ch\/de\/?s={search_term_string}\"},\"query-input\":{\"@type\":\"PropertyValueSpecification\",\"valueRequired\":true,\"valueName\":\"search_term_string\"}}],\"inLanguage\":\"de-CH\"},{\"@type\":\"Organization\",\"@id\":\"https:\/\/teiaeducation.ch\/de\/#organization\",\"name\":\"Teia Education & Play\",\"url\":\"https:\/\/teiaeducation.ch\/de\/\",\"logo\":{\"@type\":\"ImageObject\",\"inLanguage\":\"de-CH\",\"@id\":\"https:\/\/teiaeducation.ch\/de\/#\/schema\/logo\/image\/\",\"url\":\"https:\/\/teiaeducation.ch\/wp-content\/uploads\/2020\/11\/Teia-Education-Switzerland-e1620156442216.jpg\",\"contentUrl\":\"https:\/\/teiaeducation.ch\/wp-content\/uploads\/2020\/11\/Teia-Education-Switzerland-e1620156442216.jpg\",\"width\":166,\"height\":145,\"caption\":\"Teia Education & Play\"},\"image\":{\"@id\":\"https:\/\/teiaeducation.ch\/de\/#\/schema\/logo\/image\/\"},\"sameAs\":[\"https:\/\/www.facebook.com\/teiaeducation\/\",\"https:\/\/x.com\/EducationTeia\",\"https:\/\/www.instagram.com\/teia.education\/\",\"https:\/\/www.linkedin.com\/company\/35501660\",\"https:\/\/www.pinterest.ch\/TeiaEducation\/\"]}]}<\/script>\n<!-- \/ Yoast SEO plugin. -->","yoast_head_json":{"title":"Lernspiel Sortieren und Vergleichen - Erzi - Teia Education & Play","description":"Erzi's Lernspiel Sortieren und Vergleichen f\u00f6rdert Motorik, Denkstrukturen, Sprache, das Gef\u00fchl f\u00fcr Haptik sowie das Verst\u00e4ndnis f\u00fcr Farben.","robots":{"index":"index","follow":"follow","max-snippet":"max-snippet:-1","max-image-preview":"max-image-preview:large","max-video-preview":"max-video-preview:-1"},"canonical":"https:\/\/teiaeducation.ch\/de\/produkt\/lernspiel-sortieren-und-vergleichen-erzi\/","og_locale":"de_DE","og_type":"article","og_title":"Lernspiel Sortieren und Vergleichen - Erzi - Teia Education & Play","og_description":"Erzi's Lernspiel Sortieren und Vergleichen f\u00f6rdert Motorik, Denkstrukturen, Sprache, das Gef\u00fchl f\u00fcr Haptik sowie das Verst\u00e4ndnis f\u00fcr Farben.","og_url":"https:\/\/teiaeducation.ch\/de\/produkt\/lernspiel-sortieren-und-vergleichen-erzi\/","og_site_name":"Sustainable Educational Products &amp; Ecological Toys\u00a0","article_publisher":"https:\/\/www.facebook.com\/teiaeducation\/","article_modified_time":"2024-03-08T12:56:19+00:00","og_image":[{"width":1000,"height":1000,"url":"https:\/\/teiaeducation.ch\/wp-content\/uploads\/2024\/01\/Educational-game-sort-and-compare-Erzi-.jpg","type":"image\/jpeg"}],"schema":{"@context":"https:\/\/schema.org","@graph":[{"@type":"WebPage","@id":"https:\/\/teiaeducation.ch\/de\/produkt\/lernspiel-sortieren-und-vergleichen-erzi\/","url":"https:\/\/teiaeducation.ch\/de\/produkt\/lernspiel-sortieren-und-vergleichen-erzi\/","name":"Lernspiel Sortieren und Vergleichen - Erzi - Teia Education & Play","isPartOf":{"@id":"https:\/\/teiaeducation.ch\/de\/#website"},"primaryImageOfPage":{"@id":"https:\/\/teiaeducation.ch\/de\/produkt\/lernspiel-sortieren-und-vergleichen-erzi\/#primaryimage"},"image":{"@id":"https:\/\/teiaeducation.ch\/de\/produkt\/lernspiel-sortieren-und-vergleichen-erzi\/#primaryimage"},"thumbnailUrl":"https:\/\/teiaeducation.ch\/wp-content\/uploads\/2024\/01\/Educational-game-sort-and-compare-Erzi-.jpg","datePublished":"2024-01-29T12:41:15+00:00","dateModified":"2024-03-08T12:56:19+00:00","description":"Erzi's Lernspiel Sortieren und Vergleichen f\u00f6rdert Motorik, Denkstrukturen, Sprache, das Gef\u00fchl f\u00fcr Haptik sowie das Verst\u00e4ndnis f\u00fcr Farben.","breadcrumb":{"@id":"https:\/\/teiaeducation.ch\/de\/produkt\/lernspiel-sortieren-und-vergleichen-erzi\/#breadcrumb"},"inLanguage":"de-CH","potentialAction":[{"@type":"ReadAction","target":["https:\/\/teiaeducation.ch\/de\/produkt\/lernspiel-sortieren-und-vergleichen-erzi\/"]}]},{"@type":"ImageObject","inLanguage":"de-CH","@id":"https:\/\/teiaeducation.ch\/de\/produkt\/lernspiel-sortieren-und-vergleichen-erzi\/#primaryimage","url":"https:\/\/teiaeducation.ch\/wp-content\/uploads\/2024\/01\/Educational-game-sort-and-compare-Erzi-.jpg","contentUrl":"https:\/\/teiaeducation.ch\/wp-content\/uploads\/2024\/01\/Educational-game-sort-and-compare-Erzi-.jpg","width":1000,"height":1000,"caption":"Lernspiel Sortieren und Vergleichen Erzi"},{"@type":"BreadcrumbList","@id":"https:\/\/teiaeducation.ch\/de\/produkt\/lernspiel-sortieren-und-vergleichen-erzi\/#breadcrumb","itemListElement":[{"@type":"ListItem","position":1,"name":"Home","item":"https:\/\/teiaeducation.ch\/de\/"},{"@type":"ListItem","position":2,"name":"Laden","item":"https:\/\/teiaeducation.ch\/de\/shop\/"},{"@type":"ListItem","position":3,"name":"Unsere Marken","item":"https:\/\/teiaeducation.ch\/de\/produkt-kategorie\/unsere-marken\/"},{"@type":"ListItem","position":4,"name":"Erzi","item":"https:\/\/teiaeducation.ch\/de\/produkt-kategorie\/unsere-marken\/erzi-klassisches-holzspielzeug-de\/"},{"@type":"ListItem","position":5,"name":"Lernmaterialien","item":"https:\/\/teiaeducation.ch\/de\/produkt-kategorie\/unsere-marken\/erzi-klassisches-holzspielzeug-de\/lernmaterialien\/"},{"@type":"ListItem","position":6,"name":"Lernspiel Sortieren und Vergleichen &#8211; Erzi"}]},{"@type":"WebSite","@id":"https:\/\/teiaeducation.ch\/de\/#website","url":"https:\/\/teiaeducation.ch\/de\/","name":"Sustainable Educational Products &amp; Ecological Toys\u00a0","description":"Specialised Swiss shop selling sustainable educational toys and games, AMI certified Montessori materials, handmade ecological wooden Waldorf toys and arts &amp; crafts supplies, school supplies, children&#039;s furniture and Montessori reference and parenting books.","publisher":{"@id":"https:\/\/teiaeducation.ch\/de\/#organization"},"alternateName":"Teia Education & Play","potentialAction":[{"@type":"SearchAction","target":{"@type":"EntryPoint","urlTemplate":"https:\/\/teiaeducation.ch\/de\/?s={search_term_string}"},"query-input":{"@type":"PropertyValueSpecification","valueRequired":true,"valueName":"search_term_string"}}],"inLanguage":"de-CH"},{"@type":"Organization","@id":"https:\/\/teiaeducation.ch\/de\/#organization","name":"Teia Education & Play","url":"https:\/\/teiaeducation.ch\/de\/","logo":{"@type":"ImageObject","inLanguage":"de-CH","@id":"https:\/\/teiaeducation.ch\/de\/#\/schema\/logo\/image\/","url":"https:\/\/teiaeducation.ch\/wp-content\/uploads\/2020\/11\/Teia-Education-Switzerland-e1620156442216.jpg","contentUrl":"https:\/\/teiaeducation.ch\/wp-content\/uploads\/2020\/11\/Teia-Education-Switzerland-e1620156442216.jpg","width":166,"height":145,"caption":"Teia Education & Play"},"image":{"@id":"https:\/\/teiaeducation.ch\/de\/#\/schema\/logo\/image\/"},"sameAs":["https:\/\/www.facebook.com\/teiaeducation\/","https:\/\/x.com\/EducationTeia","https:\/\/www.instagram.com\/teia.education\/","https:\/\/www.linkedin.com\/company\/35501660","https:\/\/www.pinterest.ch\/TeiaEducation\/"]}]}},"_links":{"self":[{"href":"https:\/\/teiaeducation.ch\/de\/wp-json\/wp\/v2\/product\/59323","targetHints":{"allow":["GET"]}}],"collection":[{"href":"https:\/\/teiaeducation.ch\/de\/wp-json\/wp\/v2\/product"}],"about":[{"href":"https:\/\/teiaeducation.ch\/de\/wp-json\/wp\/v2\/types\/product"}],"replies":[{"embeddable":true,"href":"https:\/\/teiaeducation.ch\/de\/wp-json\/wp\/v2\/comments?post=59323"}],"wp:featuredmedia":[{"embeddable":true,"href":"https:\/\/teiaeducation.ch\/de\/wp-json\/wp\/v2\/media\/58638"}],"wp:attachment":[{"href":"https:\/\/teiaeducation.ch\/de\/wp-json\/wp\/v2\/media?parent=59323"}],"wp:term":[{"taxonomy":"product_brand","embeddable":true,"href":"https:\/\/teiaeducation.ch\/de\/wp-json\/wp\/v2\/product_brand?post=59323"},{"taxonomy":"product_cat","embeddable":true,"href":"https:\/\/teiaeducation.ch\/de\/wp-json\/wp\/v2\/product_cat?post=59323"},{"taxonomy":"product_tag","embeddable":true,"href":"https:\/\/teiaeducation.ch\/de\/wp-json\/wp\/v2\/product_tag?post=59323"}],"curies":[{"name":"wp","href":"https:\/\/api.w.org\/{rel}","templated":true}]}}