{"id":59329,"date":"2021-07-08T14:31:41","date_gmt":"2021-07-08T12:31:41","guid":{"rendered":"https:\/\/teiaeducation.ch\/product\/mandalay-regenbogen-erzi\/"},"modified":"2026-03-30T18:18:51","modified_gmt":"2026-03-30T16:18:51","slug":"mandalay-regenbogen-erzi","status":"publish","type":"product","link":"https:\/\/teiaeducation.ch\/de\/produkt\/mandalay-regenbogen-erzi\/","title":{"rendered":"MandaLay Regenbogen &#8211; Erzi"},"content":{"rendered":"<p>Erzi&#8217;s MandaLay Regenbogen ist ein lustiges, <a href=\"https:\/\/teiaeducation.ch\/de\/produkt-kategorie\/lernthemen\/\">lehrreiches<\/a> und sehr kreatives Mandalaset aus Holz!<\/p>\n<p>Mit 102 Teilen in verschiedenen ansprechenden Farben und Formen k\u00f6nnen Kinder eine unendliche Anzahl sch\u00f6ner <a href=\"https:\/\/teiaeducation.ch\/de\/produkt-kategorie\/kinder-spielzeug\/holz-mandalas\/\">Mandalas<\/a> gestalten. Die Mandalays von Erzi f\u00f6rdern die Kreativit\u00e4t und das freie Spiel sowie das Legen, Stapeln, Ordnen, Kombinieren, Z\u00e4hlen, Sortieren und die Feinmotorik und sind somit wunderbare p\u00e4dagogische Allesk\u00f6nner!<\/p>\n<p>Zum Erzi MandaLay Regenbogen Set geh\u00f6rt auch eine sch\u00f6ne, farbenfrohe Spielmatte mit einem feinen Liniennetz, das eine gleichm\u00e4\u00dfige Platzierung der Motive erm\u00f6glicht.<\/p>\n<p>Die Erzi MandaLay Regenbogen Holzteile sind aus massiver Buche gefertigt und mit ungiftiger Farbe auf Wasserbasis lackiert. Die Spielmatte ist farbig bedruckt und hat die Ma\u00dfe 40 x 40 cm. Dieses hochwertige Holzlehrmittel wird nachhaltig in Deutschland hergestellt.<\/p>\n<p>Warnung: Nicht geeignet f\u00fcr Kinder unter 36 Monaten. Erstickungsgefahr. Kleine Teile.<\/p>\n<p>Erzi MandaLay Regenbogen ist f\u00fcr Kinder ab 3 Jahren geeignet.<\/p>\n<p>Inhalt:<\/p>\n<p>102 Teile zum Legen und Spielen<br \/>\n1 farbig bedruckte Spielmatte (40 x 40 cm)<br \/>\n1 Satz Anleitungen<\/p>\n<h2>\u00dcber Erzi<\/h2>\n<p>Das umfangreiche Erzi-Sortiment tr\u00e4gt das unverwechselbare G\u00fctesiegel &#8220;made in Germany&#8221;, denn es stammt aus dem Erzgebirge.<\/p>\n<p><a href=\"https:\/\/teiaeducation.ch\/de\/produkt-kategorie\/unsere-marken\/erzi-klassisches-holzspielzeug-de\/\">Erzi<\/a> verwendet f\u00fcr die Herstellung seiner Spielzeuge Holz aus der Region, das mit dem <a href=\"https:\/\/fsc.org\/en\">FSC<\/a>-Siegel (Forest Stewardship Council) zertifiziert und verbessert wurde. Alle Oberfl\u00e4chenbehandlungen wie Farben und Lacke auf Wasserbasis sind ungiftig und jedes Erzi Produkt entspricht den h\u00f6chsten Sicherheitsstandards f\u00fcr Spielzeug. Die hochwertigen <a href=\"https:\/\/teiaeducation.ch\/de\/produkt-kategorie\/kinder-spielzeug\/handgefertigtes-holzspielzeug\/\">Holzspielzeuge<\/a> und <a href=\"https:\/\/teiaeducation.ch\/de\/produkt-kategorie\/lernthemen\/\">Lernprodukte<\/a> von Erzi zeichnen sich durch eine gro\u00dfe Vielfalt an nat\u00fcrlichen <a href=\"https:\/\/teiaeducation.ch\/de\/produkt-kategorie\/lernthemen\/mathematik-rechnen\/formen\/\">Formen<\/a> und <a href=\"https:\/\/teiaeducation.ch\/de\/produkt-kategorie\/lernthemen\/sensorische-motorische-fertigkeiten\/farbe-lernen\/\">Farben<\/a> aus und sind langlebig und nachhaltig.<\/p>\n","protected":false},"excerpt":{"rendered":"<p>Artikelnummer: 42280<\/p>\n<p>Erzi&#8217;s MandaLay Regenbogen Holzmandala ist ein lustiges, lehrreiches und sehr kreatives Aktivit\u00e4tsset, mit dem man unendlich viele sch\u00f6ne Mandalas zum Thema Wald erstellen kann!<\/p>\n","protected":false},"featured_media":59330,"comment_status":"open","ping_status":"closed","template":"","meta":[],"product_brand":[],"product_cat":[21445,21446,21479,21622,21550,21690,21544,23075,21706,21447,21624,21509,21537,21559,21443,21563,21557,21695,21697,21678,21699,21482,21564],"product_tag":[21890,28094,28097,21891,21894,21893,21892,21895,21888,28096,28095],"class_list":{"0":"post-59329","1":"product","2":"type-product","3":"status-publish","4":"has-post-thumbnail","6":"product_cat-3-6-jahre-vorschule","7":"product_cat-6-12-jahre-grundschule","8":"product_cat-lernmaterialien-spielzeug-montessori-waldorf-steiner-froebel","9":"product_cat-erzi-klassisches-holzspielzeug-de","10":"product_cat-formen","11":"product_cat-spiele-mit-offenem-ende","12":"product_cat-geometrie-de","13":"product_cat-handgefertigtes-holzspielzeug","14":"product_cat-holz-mandalas","15":"product_cat-malen-basteln","16":"product_cat-lernmaterialien","17":"product_cat-lernthemen","18":"product_cat-mathematik-rechnen","19":"product_cat-motorische-fertigkeiten","20":"product_cat-nach-alter","21":"product_cat-neuheiten","22":"product_cat-sensorische-motorische-fertigkeiten","23":"product_cat-sinnliches-spiel","24":"product_cat-sortieren","25":"product_cat-kinder-spielzeug","26":"product_cat-stapelspielzeug","27":"product_cat-traditionelle-bildung","28":"product_cat-unsere-marken","29":"product_tag-erzi-mandalay-de","30":"product_tag-erzi-mandalay-regenbogen","31":"product_tag-erzi-mandalay-regenbogen-mandalas-aus-holz","32":"product_tag-erzi-mandalas-de","33":"product_tag-kreatives-spielzeug","34":"product_tag-kreatives-spielzeug-aus-holz","35":"product_tag-mandala-sets-de","36":"product_tag-mandala-set-fur-kinder","37":"product_tag-mandalas-aus-holz","38":"product_tag-mandalas-regenbogen-erzi-mandalay","39":"product_tag-mandalay-regenbogen-erzi","41":"first","42":"outofstock","43":"taxable","44":"shipping-taxable","45":"purchasable","46":"product-type-simple"},"yoast_head":"<!-- This site is optimized with the Yoast SEO plugin v27.1.1 - https:\/\/yoast.com\/product\/yoast-seo-wordpress\/ -->\n<title>MandaLay Regenbogen - Erzi<\/title>\n<meta name=\"description\" content=\"Erzi&#039;s MandaLay Regenbogen Holzmandala ist ein lustiges, lehrreiches und sehr kreatives Aktivit\u00e4tsset, mit dem man unendlich viele sch\u00f6ne Mandalas zum Thema Wald erstellen kann.\" \/>\n<meta name=\"robots\" content=\"index, follow, max-snippet:-1, max-image-preview:large, max-video-preview:-1\" \/>\n<link rel=\"canonical\" href=\"https:\/\/teiaeducation.ch\/de\/produkt\/mandalay-regenbogen-erzi\/\" \/>\n<meta property=\"og:locale\" content=\"de_DE\" \/>\n<meta property=\"og:type\" content=\"article\" \/>\n<meta property=\"og:title\" content=\"MandaLay Regenbogen - Erzi\" \/>\n<meta property=\"og:description\" content=\"Erzi&#039;s MandaLay Regenbogen Holzmandala ist ein lustiges, lehrreiches und sehr kreatives Aktivit\u00e4tsset, mit dem man unendlich viele sch\u00f6ne Mandalas zum Thema Wald erstellen kann.\" \/>\n<meta property=\"og:url\" content=\"https:\/\/teiaeducation.ch\/de\/produkt\/mandalay-regenbogen-erzi\/\" \/>\n<meta property=\"og:site_name\" content=\"Sustainable Educational Products &amp; Ecological Toys\u00a0\" \/>\n<meta property=\"article:publisher\" content=\"https:\/\/www.facebook.com\/teiaeducation\/\" \/>\n<meta property=\"article:modified_time\" content=\"2026-03-30T16:18:51+00:00\" \/>\n<meta property=\"og:image\" content=\"https:\/\/teiaeducation.ch\/wp-content\/uploads\/2021\/07\/MandaLay-rainbow-Erzi-scaled.jpg\" \/>\n\t<meta property=\"og:image:width\" content=\"900\" \/>\n\t<meta property=\"og:image:height\" content=\"900\" \/>\n\t<meta property=\"og:image:type\" content=\"image\/jpeg\" \/>\n<script type=\"application\/ld+json\" class=\"yoast-schema-graph\">{\"@context\":\"https:\/\/schema.org\",\"@graph\":[{\"@type\":\"WebPage\",\"@id\":\"https:\/\/teiaeducation.ch\/de\/produkt\/mandalay-regenbogen-erzi\/\",\"url\":\"https:\/\/teiaeducation.ch\/de\/produkt\/mandalay-regenbogen-erzi\/\",\"name\":\"MandaLay Regenbogen - Erzi\",\"isPartOf\":{\"@id\":\"https:\/\/teiaeducation.ch\/de\/#website\"},\"primaryImageOfPage\":{\"@id\":\"https:\/\/teiaeducation.ch\/de\/produkt\/mandalay-regenbogen-erzi\/#primaryimage\"},\"image\":{\"@id\":\"https:\/\/teiaeducation.ch\/de\/produkt\/mandalay-regenbogen-erzi\/#primaryimage\"},\"thumbnailUrl\":\"https:\/\/teiaeducation.ch\/wp-content\/uploads\/2021\/07\/MandaLay-rainbow-Erzi-scaled.jpg\",\"datePublished\":\"2021-07-08T12:31:41+00:00\",\"dateModified\":\"2026-03-30T16:18:51+00:00\",\"description\":\"Erzi's MandaLay Regenbogen Holzmandala ist ein lustiges, lehrreiches und sehr kreatives Aktivit\u00e4tsset, mit dem man unendlich viele sch\u00f6ne Mandalas zum Thema Wald erstellen kann.\",\"breadcrumb\":{\"@id\":\"https:\/\/teiaeducation.ch\/de\/produkt\/mandalay-regenbogen-erzi\/#breadcrumb\"},\"inLanguage\":\"de-CH\",\"potentialAction\":[{\"@type\":\"ReadAction\",\"target\":[\"https:\/\/teiaeducation.ch\/de\/produkt\/mandalay-regenbogen-erzi\/\"]}]},{\"@type\":\"ImageObject\",\"inLanguage\":\"de-CH\",\"@id\":\"https:\/\/teiaeducation.ch\/de\/produkt\/mandalay-regenbogen-erzi\/#primaryimage\",\"url\":\"https:\/\/teiaeducation.ch\/wp-content\/uploads\/2021\/07\/MandaLay-rainbow-Erzi-scaled.jpg\",\"contentUrl\":\"https:\/\/teiaeducation.ch\/wp-content\/uploads\/2021\/07\/MandaLay-rainbow-Erzi-scaled.jpg\",\"width\":900,\"height\":900,\"caption\":\"MandaLay Regenbogen - Erzi\"},{\"@type\":\"BreadcrumbList\",\"@id\":\"https:\/\/teiaeducation.ch\/de\/produkt\/mandalay-regenbogen-erzi\/#breadcrumb\",\"itemListElement\":[{\"@type\":\"ListItem\",\"position\":1,\"name\":\"Home\",\"item\":\"https:\/\/teiaeducation.ch\/de\/\"},{\"@type\":\"ListItem\",\"position\":2,\"name\":\"Laden\",\"item\":\"https:\/\/teiaeducation.ch\/de\/shop\/\"},{\"@type\":\"ListItem\",\"position\":3,\"name\":\"Unsere Marken\",\"item\":\"https:\/\/teiaeducation.ch\/de\/produkt-kategorie\/unsere-marken\/\"},{\"@type\":\"ListItem\",\"position\":4,\"name\":\"Erzi\",\"item\":\"https:\/\/teiaeducation.ch\/de\/produkt-kategorie\/unsere-marken\/erzi-klassisches-holzspielzeug-de\/\"},{\"@type\":\"ListItem\",\"position\":5,\"name\":\"Lernmaterialien\",\"item\":\"https:\/\/teiaeducation.ch\/de\/produkt-kategorie\/unsere-marken\/erzi-klassisches-holzspielzeug-de\/lernmaterialien\/\"},{\"@type\":\"ListItem\",\"position\":6,\"name\":\"MandaLay Regenbogen &#8211; Erzi\"}]},{\"@type\":\"WebSite\",\"@id\":\"https:\/\/teiaeducation.ch\/de\/#website\",\"url\":\"https:\/\/teiaeducation.ch\/de\/\",\"name\":\"Sustainable Educational Products &amp; Ecological Toys\u00a0\",\"description\":\"Specialised Swiss shop selling sustainable educational toys and games, AMI certified Montessori materials, handmade ecological wooden Waldorf toys and arts &amp; crafts supplies, school supplies, children&#039;s furniture and Montessori reference and parenting books.\",\"publisher\":{\"@id\":\"https:\/\/teiaeducation.ch\/de\/#organization\"},\"alternateName\":\"Teia Education & Play\",\"potentialAction\":[{\"@type\":\"SearchAction\",\"target\":{\"@type\":\"EntryPoint\",\"urlTemplate\":\"https:\/\/teiaeducation.ch\/de\/?s={search_term_string}\"},\"query-input\":{\"@type\":\"PropertyValueSpecification\",\"valueRequired\":true,\"valueName\":\"search_term_string\"}}],\"inLanguage\":\"de-CH\"},{\"@type\":\"Organization\",\"@id\":\"https:\/\/teiaeducation.ch\/de\/#organization\",\"name\":\"Teia Education & Play\",\"url\":\"https:\/\/teiaeducation.ch\/de\/\",\"logo\":{\"@type\":\"ImageObject\",\"inLanguage\":\"de-CH\",\"@id\":\"https:\/\/teiaeducation.ch\/de\/#\/schema\/logo\/image\/\",\"url\":\"https:\/\/teiaeducation.ch\/wp-content\/uploads\/2020\/11\/Teia-Education-Switzerland-e1620156442216.jpg\",\"contentUrl\":\"https:\/\/teiaeducation.ch\/wp-content\/uploads\/2020\/11\/Teia-Education-Switzerland-e1620156442216.jpg\",\"width\":166,\"height\":145,\"caption\":\"Teia Education & Play\"},\"image\":{\"@id\":\"https:\/\/teiaeducation.ch\/de\/#\/schema\/logo\/image\/\"},\"sameAs\":[\"https:\/\/www.facebook.com\/teiaeducation\/\",\"https:\/\/x.com\/EducationTeia\",\"https:\/\/www.instagram.com\/teia.education\/\",\"https:\/\/www.linkedin.com\/company\/35501660\",\"https:\/\/www.pinterest.ch\/TeiaEducation\/\"]}]}<\/script>\n<!-- \/ Yoast SEO plugin. -->","yoast_head_json":{"title":"MandaLay Regenbogen - Erzi","description":"Erzi's MandaLay Regenbogen Holzmandala ist ein lustiges, lehrreiches und sehr kreatives Aktivit\u00e4tsset, mit dem man unendlich viele sch\u00f6ne Mandalas zum Thema Wald erstellen kann.","robots":{"index":"index","follow":"follow","max-snippet":"max-snippet:-1","max-image-preview":"max-image-preview:large","max-video-preview":"max-video-preview:-1"},"canonical":"https:\/\/teiaeducation.ch\/de\/produkt\/mandalay-regenbogen-erzi\/","og_locale":"de_DE","og_type":"article","og_title":"MandaLay Regenbogen - Erzi","og_description":"Erzi's MandaLay Regenbogen Holzmandala ist ein lustiges, lehrreiches und sehr kreatives Aktivit\u00e4tsset, mit dem man unendlich viele sch\u00f6ne Mandalas zum Thema Wald erstellen kann.","og_url":"https:\/\/teiaeducation.ch\/de\/produkt\/mandalay-regenbogen-erzi\/","og_site_name":"Sustainable Educational Products &amp; Ecological Toys\u00a0","article_publisher":"https:\/\/www.facebook.com\/teiaeducation\/","article_modified_time":"2026-03-30T16:18:51+00:00","og_image":[{"width":900,"height":900,"url":"https:\/\/teiaeducation.ch\/wp-content\/uploads\/2021\/07\/MandaLay-rainbow-Erzi-scaled.jpg","type":"image\/jpeg"}],"schema":{"@context":"https:\/\/schema.org","@graph":[{"@type":"WebPage","@id":"https:\/\/teiaeducation.ch\/de\/produkt\/mandalay-regenbogen-erzi\/","url":"https:\/\/teiaeducation.ch\/de\/produkt\/mandalay-regenbogen-erzi\/","name":"MandaLay Regenbogen - Erzi","isPartOf":{"@id":"https:\/\/teiaeducation.ch\/de\/#website"},"primaryImageOfPage":{"@id":"https:\/\/teiaeducation.ch\/de\/produkt\/mandalay-regenbogen-erzi\/#primaryimage"},"image":{"@id":"https:\/\/teiaeducation.ch\/de\/produkt\/mandalay-regenbogen-erzi\/#primaryimage"},"thumbnailUrl":"https:\/\/teiaeducation.ch\/wp-content\/uploads\/2021\/07\/MandaLay-rainbow-Erzi-scaled.jpg","datePublished":"2021-07-08T12:31:41+00:00","dateModified":"2026-03-30T16:18:51+00:00","description":"Erzi's MandaLay Regenbogen Holzmandala ist ein lustiges, lehrreiches und sehr kreatives Aktivit\u00e4tsset, mit dem man unendlich viele sch\u00f6ne Mandalas zum Thema Wald erstellen kann.","breadcrumb":{"@id":"https:\/\/teiaeducation.ch\/de\/produkt\/mandalay-regenbogen-erzi\/#breadcrumb"},"inLanguage":"de-CH","potentialAction":[{"@type":"ReadAction","target":["https:\/\/teiaeducation.ch\/de\/produkt\/mandalay-regenbogen-erzi\/"]}]},{"@type":"ImageObject","inLanguage":"de-CH","@id":"https:\/\/teiaeducation.ch\/de\/produkt\/mandalay-regenbogen-erzi\/#primaryimage","url":"https:\/\/teiaeducation.ch\/wp-content\/uploads\/2021\/07\/MandaLay-rainbow-Erzi-scaled.jpg","contentUrl":"https:\/\/teiaeducation.ch\/wp-content\/uploads\/2021\/07\/MandaLay-rainbow-Erzi-scaled.jpg","width":900,"height":900,"caption":"MandaLay Regenbogen - Erzi"},{"@type":"BreadcrumbList","@id":"https:\/\/teiaeducation.ch\/de\/produkt\/mandalay-regenbogen-erzi\/#breadcrumb","itemListElement":[{"@type":"ListItem","position":1,"name":"Home","item":"https:\/\/teiaeducation.ch\/de\/"},{"@type":"ListItem","position":2,"name":"Laden","item":"https:\/\/teiaeducation.ch\/de\/shop\/"},{"@type":"ListItem","position":3,"name":"Unsere Marken","item":"https:\/\/teiaeducation.ch\/de\/produkt-kategorie\/unsere-marken\/"},{"@type":"ListItem","position":4,"name":"Erzi","item":"https:\/\/teiaeducation.ch\/de\/produkt-kategorie\/unsere-marken\/erzi-klassisches-holzspielzeug-de\/"},{"@type":"ListItem","position":5,"name":"Lernmaterialien","item":"https:\/\/teiaeducation.ch\/de\/produkt-kategorie\/unsere-marken\/erzi-klassisches-holzspielzeug-de\/lernmaterialien\/"},{"@type":"ListItem","position":6,"name":"MandaLay Regenbogen &#8211; Erzi"}]},{"@type":"WebSite","@id":"https:\/\/teiaeducation.ch\/de\/#website","url":"https:\/\/teiaeducation.ch\/de\/","name":"Sustainable Educational Products &amp; Ecological Toys\u00a0","description":"Specialised Swiss shop selling sustainable educational toys and games, AMI certified Montessori materials, handmade ecological wooden Waldorf toys and arts &amp; crafts supplies, school supplies, children&#039;s furniture and Montessori reference and parenting books.","publisher":{"@id":"https:\/\/teiaeducation.ch\/de\/#organization"},"alternateName":"Teia Education & Play","potentialAction":[{"@type":"SearchAction","target":{"@type":"EntryPoint","urlTemplate":"https:\/\/teiaeducation.ch\/de\/?s={search_term_string}"},"query-input":{"@type":"PropertyValueSpecification","valueRequired":true,"valueName":"search_term_string"}}],"inLanguage":"de-CH"},{"@type":"Organization","@id":"https:\/\/teiaeducation.ch\/de\/#organization","name":"Teia Education & Play","url":"https:\/\/teiaeducation.ch\/de\/","logo":{"@type":"ImageObject","inLanguage":"de-CH","@id":"https:\/\/teiaeducation.ch\/de\/#\/schema\/logo\/image\/","url":"https:\/\/teiaeducation.ch\/wp-content\/uploads\/2020\/11\/Teia-Education-Switzerland-e1620156442216.jpg","contentUrl":"https:\/\/teiaeducation.ch\/wp-content\/uploads\/2020\/11\/Teia-Education-Switzerland-e1620156442216.jpg","width":166,"height":145,"caption":"Teia Education & Play"},"image":{"@id":"https:\/\/teiaeducation.ch\/de\/#\/schema\/logo\/image\/"},"sameAs":["https:\/\/www.facebook.com\/teiaeducation\/","https:\/\/x.com\/EducationTeia","https:\/\/www.instagram.com\/teia.education\/","https:\/\/www.linkedin.com\/company\/35501660","https:\/\/www.pinterest.ch\/TeiaEducation\/"]}]}},"_links":{"self":[{"href":"https:\/\/teiaeducation.ch\/de\/wp-json\/wp\/v2\/product\/59329","targetHints":{"allow":["GET"]}}],"collection":[{"href":"https:\/\/teiaeducation.ch\/de\/wp-json\/wp\/v2\/product"}],"about":[{"href":"https:\/\/teiaeducation.ch\/de\/wp-json\/wp\/v2\/types\/product"}],"replies":[{"embeddable":true,"href":"https:\/\/teiaeducation.ch\/de\/wp-json\/wp\/v2\/comments?post=59329"}],"wp:featuredmedia":[{"embeddable":true,"href":"https:\/\/teiaeducation.ch\/de\/wp-json\/wp\/v2\/media\/59330"}],"wp:attachment":[{"href":"https:\/\/teiaeducation.ch\/de\/wp-json\/wp\/v2\/media?parent=59329"}],"wp:term":[{"taxonomy":"product_brand","embeddable":true,"href":"https:\/\/teiaeducation.ch\/de\/wp-json\/wp\/v2\/product_brand?post=59329"},{"taxonomy":"product_cat","embeddable":true,"href":"https:\/\/teiaeducation.ch\/de\/wp-json\/wp\/v2\/product_cat?post=59329"},{"taxonomy":"product_tag","embeddable":true,"href":"https:\/\/teiaeducation.ch\/de\/wp-json\/wp\/v2\/product_tag?post=59329"}],"curies":[{"name":"wp","href":"https:\/\/api.w.org\/{rel}","templated":true}]}}