{"id":59356,"date":"2021-07-07T13:45:29","date_gmt":"2021-07-07T11:45:29","guid":{"rendered":"https:\/\/teiaeducation.ch\/product\/sortierung-australien-erzi\/"},"modified":"2025-12-11T17:59:26","modified_gmt":"2025-12-11T16:59:26","slug":"sortierung-australien-erzi","status":"publish","type":"product","link":"https:\/\/teiaeducation.ch\/de\/produkt\/sortierung-australien-erzi\/","title":{"rendered":"Sortierung Australien \u2013 Erzi"},"content":{"rendered":"<p>Dieses sch\u00f6ne Sortiment australischer Lebensmittel aus Holz von Erzi bietet <a href=\"https:\/\/teiaeducation.ch\/de\/produkt-kategorie\/kinder-spielzeug\/realistisches-lebensmittel-aus-holz\/\">realistisches Holzspielzeug<\/a> von h\u00f6chster Qualit\u00e4t. Mit klassischem, australisch inspiriertem Spielessen!<\/p>\n<p>Es gibt 10 Teile zum Spielen, darunter 1 Orangensaft, 1 Mango, 1 M\u00e4rchenbrot (Toast mit Zuckerstreuseln), 1 Toastscheibe, 1 Erzimite-Aufstrich mit abnehmbarem Deckel, 1 Fleischpastete, 1 W\u00fcrstchen, 1 Grillzange und 1 Tomatensauce. Perfekt f\u00fcr Rollenspiele im <a href=\"https:\/\/teiaeducation.ch\/de\/produkt-kategorie\/kinder-spielzeug\/phantasievoll-rollenspiel\/\">vorget\u00e4uschtes Spiel<\/a> Gesch\u00e4ft, Caf\u00e9 oder in der K\u00fcche Ihres Kindes!<\/p>\n<p>Die Erzi Sortierung Australien wird in Deutschland aus Buchenholz hergestellt und mit sicherem, ungiftigem Lack auf Wasserbasis lackiert. Sie ist f\u00fcr Kinder ab 3 Jahren geeignet.<\/p>\n<p>Inhalt:<\/p>\n<p>10 Holzteile<\/p>\n<h2>\u00dcber Erzi<\/h2>\n<p>Das umfangreiche Erzi-Sortiment tr\u00e4gt das unverwechselbare G\u00fctesiegel &#8220;made in Germany&#8221;, denn es stammt aus dem Erzgebirge.<\/p>\n<p><a href=\"https:\/\/teiaeducation.ch\/de\/produkt-kategorie\/unsere-marken\/erzi-klassisches-holzspielzeug-de\/\">Erzi<\/a> verwendet f\u00fcr die Herstellung seiner Spielzeuge Holz aus der Region, das mit dem <a href=\"https:\/\/fsc.org\/en\">FSC<\/a>-Siegel (Forest Stewardship Council) zertifiziert und verbessert wurde. Alle Oberfl\u00e4chenbehandlungen wie Farben und Lacke auf Wasserbasis sind ungiftig und jedes Erzi Produkt entspricht den h\u00f6chsten Sicherheitsstandards f\u00fcr Spielzeug. Die hochwertigen <a href=\"https:\/\/teiaeducation.ch\/de\/produkt-kategorie\/kinder-spielzeug\/handgefertigtes-holzspielzeug\/\">Holzspielzeuge<\/a> und <a href=\"https:\/\/teiaeducation.ch\/de\/produkt-kategorie\/lernthemen\/\">Lernprodukte<\/a> von Erzi zeichnen sich durch eine gro\u00dfe Vielfalt an nat\u00fcrlichen <a href=\"https:\/\/teiaeducation.ch\/de\/produkt-kategorie\/lernthemen\/mathematik-rechnen\/formen\/\">Formen<\/a> und <a href=\"https:\/\/teiaeducation.ch\/de\/produkt-kategorie\/lernthemen\/sensorische-motorische-fertigkeiten\/farbe-lernen\/\">Farben<\/a> aus und sind langlebig und nachhaltig.<\/p>\n","protected":false},"excerpt":{"rendered":"<p>Artikelnummer: 28149<\/p>\n<p>Diese h\u00fcbsche Sortierung Australien von Erzi bietet realistisches Spielfutter aus Holz, das sich perfekt f\u00fcr den Spielladen, das Caf\u00e9 oder die K\u00fcche Ihres Kindes eignet!<\/p>\n","protected":false},"featured_media":43125,"comment_status":"open","ping_status":"closed","template":"","meta":[],"product_brand":[],"product_cat":[21445,21622,23075,21517,21510,21623,21509,21443,21563,21687,21693,21678,21564],"product_tag":[28116,28113,27326,28112,21885,21712,27327,28114,28115],"class_list":{"0":"post-59356","1":"product","2":"type-product","3":"status-publish","4":"has-post-thumbnail","6":"product_cat-3-6-jahre-vorschule","7":"product_cat-erzi-klassisches-holzspielzeug-de","8":"product_cat-handgefertigtes-holzspielzeug","9":"product_cat-humangeographie-kultur","10":"product_cat-kultur-wissenschaft","11":"product_cat-lebensmittelladen-kuechen-zubehoer","12":"product_cat-lernthemen","13":"product_cat-nach-alter","14":"product_cat-neuheiten","15":"product_cat-phantasievoll-rollenspiel","16":"product_cat-realistisches-lebensmittel-aus-holz","17":"product_cat-kinder-spielzeug","18":"product_cat-unsere-marken","19":"product_tag-australisches-realistisches-holzspielzeug","20":"product_tag-australisches-spielfutter-aus-holz","21":"product_tag-erzi-lebensmittel-aus-holz","22":"product_tag-erzi-sortierung-australien","23":"product_tag-erzi-switzerland-de","24":"product_tag-hergestellt-in-deutschland","25":"product_tag-realistisches-lebensmittel-zum-spielen-aus-holz","26":"product_tag-rzi-australien-spielen-lebensmittel","27":"product_tag-sortierung-australien-aus-holz-erzi","29":"first","30":"instock","31":"taxable","32":"shipping-taxable","33":"purchasable","34":"product-type-simple"},"yoast_head":"<!-- This site is optimized with the Yoast SEO plugin v27.1.1 - https:\/\/yoast.com\/product\/yoast-seo-wordpress\/ -->\n<title>Sortierung Australien - Erzi<\/title>\n<meta name=\"description\" content=\"Diese h\u00fcbsche Sortierung Australien von Erzi bietet realistisches Spielfutter aus Holz, das sich perfekt f\u00fcr den Spielladen, das Caf\u00e9 oder die K\u00fcche Ihres Kindes eignet! Hergestellt in Deutschland\" \/>\n<meta name=\"robots\" content=\"index, follow, max-snippet:-1, max-image-preview:large, max-video-preview:-1\" \/>\n<link rel=\"canonical\" href=\"https:\/\/teiaeducation.ch\/de\/produkt\/sortierung-australien-erzi\/\" \/>\n<meta property=\"og:locale\" content=\"de_DE\" \/>\n<meta property=\"og:type\" content=\"article\" \/>\n<meta property=\"og:title\" content=\"Sortierung Australien - Erzi\" \/>\n<meta property=\"og:description\" content=\"Diese h\u00fcbsche Sortierung Australien von Erzi bietet realistisches Spielfutter aus Holz, das sich perfekt f\u00fcr den Spielladen, das Caf\u00e9 oder die K\u00fcche Ihres Kindes eignet! Hergestellt in Deutschland\" \/>\n<meta property=\"og:url\" content=\"https:\/\/teiaeducation.ch\/de\/produkt\/sortierung-australien-erzi\/\" \/>\n<meta property=\"og:site_name\" content=\"Sustainable Educational Products &amp; Ecological Toys\u00a0\" \/>\n<meta property=\"article:publisher\" content=\"https:\/\/www.facebook.com\/teiaeducation\/\" \/>\n<meta property=\"article:modified_time\" content=\"2025-12-11T16:59:26+00:00\" \/>\n<meta property=\"og:image\" content=\"https:\/\/teiaeducation.ch\/wp-content\/uploads\/2021\/07\/Australian-assortment-Erzi-scaled.jpg\" \/>\n\t<meta property=\"og:image:width\" content=\"900\" \/>\n\t<meta property=\"og:image:height\" content=\"900\" \/>\n\t<meta property=\"og:image:type\" content=\"image\/jpeg\" \/>\n<script type=\"application\/ld+json\" class=\"yoast-schema-graph\">{\"@context\":\"https:\/\/schema.org\",\"@graph\":[{\"@type\":\"WebPage\",\"@id\":\"https:\/\/teiaeducation.ch\/de\/produkt\/sortierung-australien-erzi\/\",\"url\":\"https:\/\/teiaeducation.ch\/de\/produkt\/sortierung-australien-erzi\/\",\"name\":\"Sortierung Australien - Erzi\",\"isPartOf\":{\"@id\":\"https:\/\/teiaeducation.ch\/de\/#website\"},\"primaryImageOfPage\":{\"@id\":\"https:\/\/teiaeducation.ch\/de\/produkt\/sortierung-australien-erzi\/#primaryimage\"},\"image\":{\"@id\":\"https:\/\/teiaeducation.ch\/de\/produkt\/sortierung-australien-erzi\/#primaryimage\"},\"thumbnailUrl\":\"https:\/\/teiaeducation.ch\/wp-content\/uploads\/2021\/07\/Australian-assortment-Erzi-scaled.jpg\",\"datePublished\":\"2021-07-07T11:45:29+00:00\",\"dateModified\":\"2025-12-11T16:59:26+00:00\",\"description\":\"Diese h\u00fcbsche Sortierung Australien von Erzi bietet realistisches Spielfutter aus Holz, das sich perfekt f\u00fcr den Spielladen, das Caf\u00e9 oder die K\u00fcche Ihres Kindes eignet! Hergestellt in Deutschland\",\"breadcrumb\":{\"@id\":\"https:\/\/teiaeducation.ch\/de\/produkt\/sortierung-australien-erzi\/#breadcrumb\"},\"inLanguage\":\"de-CH\",\"potentialAction\":[{\"@type\":\"ReadAction\",\"target\":[\"https:\/\/teiaeducation.ch\/de\/produkt\/sortierung-australien-erzi\/\"]}]},{\"@type\":\"ImageObject\",\"inLanguage\":\"de-CH\",\"@id\":\"https:\/\/teiaeducation.ch\/de\/produkt\/sortierung-australien-erzi\/#primaryimage\",\"url\":\"https:\/\/teiaeducation.ch\/wp-content\/uploads\/2021\/07\/Australian-assortment-Erzi-scaled.jpg\",\"contentUrl\":\"https:\/\/teiaeducation.ch\/wp-content\/uploads\/2021\/07\/Australian-assortment-Erzi-scaled.jpg\",\"width\":900,\"height\":900,\"caption\":\"realistisches Holzspielzeug Sortierung Australien - Erzi\"},{\"@type\":\"BreadcrumbList\",\"@id\":\"https:\/\/teiaeducation.ch\/de\/produkt\/sortierung-australien-erzi\/#breadcrumb\",\"itemListElement\":[{\"@type\":\"ListItem\",\"position\":1,\"name\":\"Home\",\"item\":\"https:\/\/teiaeducation.ch\/de\/\"},{\"@type\":\"ListItem\",\"position\":2,\"name\":\"Laden\",\"item\":\"https:\/\/teiaeducation.ch\/de\/shop\/\"},{\"@type\":\"ListItem\",\"position\":3,\"name\":\"Unsere Marken\",\"item\":\"https:\/\/teiaeducation.ch\/de\/produkt-kategorie\/unsere-marken\/\"},{\"@type\":\"ListItem\",\"position\":4,\"name\":\"Erzi\",\"item\":\"https:\/\/teiaeducation.ch\/de\/produkt-kategorie\/unsere-marken\/erzi-klassisches-holzspielzeug-de\/\"},{\"@type\":\"ListItem\",\"position\":5,\"name\":\"Lebensmittelladen, K\u00fcchen &amp; Zubeh\u00f6r\",\"item\":\"https:\/\/teiaeducation.ch\/de\/produkt-kategorie\/unsere-marken\/erzi-klassisches-holzspielzeug-de\/lebensmittelladen-kuechen-zubehoer\/\"},{\"@type\":\"ListItem\",\"position\":6,\"name\":\"Sortierung Australien \u2013 Erzi\"}]},{\"@type\":\"WebSite\",\"@id\":\"https:\/\/teiaeducation.ch\/de\/#website\",\"url\":\"https:\/\/teiaeducation.ch\/de\/\",\"name\":\"Sustainable Educational Products &amp; Ecological Toys\u00a0\",\"description\":\"Specialised Swiss shop selling sustainable educational toys and games, AMI certified Montessori materials, handmade ecological wooden Waldorf toys and arts &amp; crafts supplies, school supplies, children&#039;s furniture and Montessori reference and parenting books.\",\"publisher\":{\"@id\":\"https:\/\/teiaeducation.ch\/de\/#organization\"},\"alternateName\":\"Teia Education & Play\",\"potentialAction\":[{\"@type\":\"SearchAction\",\"target\":{\"@type\":\"EntryPoint\",\"urlTemplate\":\"https:\/\/teiaeducation.ch\/de\/?s={search_term_string}\"},\"query-input\":{\"@type\":\"PropertyValueSpecification\",\"valueRequired\":true,\"valueName\":\"search_term_string\"}}],\"inLanguage\":\"de-CH\"},{\"@type\":\"Organization\",\"@id\":\"https:\/\/teiaeducation.ch\/de\/#organization\",\"name\":\"Teia Education & Play\",\"url\":\"https:\/\/teiaeducation.ch\/de\/\",\"logo\":{\"@type\":\"ImageObject\",\"inLanguage\":\"de-CH\",\"@id\":\"https:\/\/teiaeducation.ch\/de\/#\/schema\/logo\/image\/\",\"url\":\"https:\/\/teiaeducation.ch\/wp-content\/uploads\/2020\/11\/Teia-Education-Switzerland-e1620156442216.jpg\",\"contentUrl\":\"https:\/\/teiaeducation.ch\/wp-content\/uploads\/2020\/11\/Teia-Education-Switzerland-e1620156442216.jpg\",\"width\":166,\"height\":145,\"caption\":\"Teia Education & Play\"},\"image\":{\"@id\":\"https:\/\/teiaeducation.ch\/de\/#\/schema\/logo\/image\/\"},\"sameAs\":[\"https:\/\/www.facebook.com\/teiaeducation\/\",\"https:\/\/x.com\/EducationTeia\",\"https:\/\/www.instagram.com\/teia.education\/\",\"https:\/\/www.linkedin.com\/company\/35501660\",\"https:\/\/www.pinterest.ch\/TeiaEducation\/\"]}]}<\/script>\n<!-- \/ Yoast SEO plugin. -->","yoast_head_json":{"title":"Sortierung Australien - Erzi","description":"Diese h\u00fcbsche Sortierung Australien von Erzi bietet realistisches Spielfutter aus Holz, das sich perfekt f\u00fcr den Spielladen, das Caf\u00e9 oder die K\u00fcche Ihres Kindes eignet! Hergestellt in Deutschland","robots":{"index":"index","follow":"follow","max-snippet":"max-snippet:-1","max-image-preview":"max-image-preview:large","max-video-preview":"max-video-preview:-1"},"canonical":"https:\/\/teiaeducation.ch\/de\/produkt\/sortierung-australien-erzi\/","og_locale":"de_DE","og_type":"article","og_title":"Sortierung Australien - Erzi","og_description":"Diese h\u00fcbsche Sortierung Australien von Erzi bietet realistisches Spielfutter aus Holz, das sich perfekt f\u00fcr den Spielladen, das Caf\u00e9 oder die K\u00fcche Ihres Kindes eignet! Hergestellt in Deutschland","og_url":"https:\/\/teiaeducation.ch\/de\/produkt\/sortierung-australien-erzi\/","og_site_name":"Sustainable Educational Products &amp; Ecological Toys\u00a0","article_publisher":"https:\/\/www.facebook.com\/teiaeducation\/","article_modified_time":"2025-12-11T16:59:26+00:00","og_image":[{"width":900,"height":900,"url":"https:\/\/teiaeducation.ch\/wp-content\/uploads\/2021\/07\/Australian-assortment-Erzi-scaled.jpg","type":"image\/jpeg"}],"schema":{"@context":"https:\/\/schema.org","@graph":[{"@type":"WebPage","@id":"https:\/\/teiaeducation.ch\/de\/produkt\/sortierung-australien-erzi\/","url":"https:\/\/teiaeducation.ch\/de\/produkt\/sortierung-australien-erzi\/","name":"Sortierung Australien - Erzi","isPartOf":{"@id":"https:\/\/teiaeducation.ch\/de\/#website"},"primaryImageOfPage":{"@id":"https:\/\/teiaeducation.ch\/de\/produkt\/sortierung-australien-erzi\/#primaryimage"},"image":{"@id":"https:\/\/teiaeducation.ch\/de\/produkt\/sortierung-australien-erzi\/#primaryimage"},"thumbnailUrl":"https:\/\/teiaeducation.ch\/wp-content\/uploads\/2021\/07\/Australian-assortment-Erzi-scaled.jpg","datePublished":"2021-07-07T11:45:29+00:00","dateModified":"2025-12-11T16:59:26+00:00","description":"Diese h\u00fcbsche Sortierung Australien von Erzi bietet realistisches Spielfutter aus Holz, das sich perfekt f\u00fcr den Spielladen, das Caf\u00e9 oder die K\u00fcche Ihres Kindes eignet! Hergestellt in Deutschland","breadcrumb":{"@id":"https:\/\/teiaeducation.ch\/de\/produkt\/sortierung-australien-erzi\/#breadcrumb"},"inLanguage":"de-CH","potentialAction":[{"@type":"ReadAction","target":["https:\/\/teiaeducation.ch\/de\/produkt\/sortierung-australien-erzi\/"]}]},{"@type":"ImageObject","inLanguage":"de-CH","@id":"https:\/\/teiaeducation.ch\/de\/produkt\/sortierung-australien-erzi\/#primaryimage","url":"https:\/\/teiaeducation.ch\/wp-content\/uploads\/2021\/07\/Australian-assortment-Erzi-scaled.jpg","contentUrl":"https:\/\/teiaeducation.ch\/wp-content\/uploads\/2021\/07\/Australian-assortment-Erzi-scaled.jpg","width":900,"height":900,"caption":"realistisches Holzspielzeug Sortierung Australien - Erzi"},{"@type":"BreadcrumbList","@id":"https:\/\/teiaeducation.ch\/de\/produkt\/sortierung-australien-erzi\/#breadcrumb","itemListElement":[{"@type":"ListItem","position":1,"name":"Home","item":"https:\/\/teiaeducation.ch\/de\/"},{"@type":"ListItem","position":2,"name":"Laden","item":"https:\/\/teiaeducation.ch\/de\/shop\/"},{"@type":"ListItem","position":3,"name":"Unsere Marken","item":"https:\/\/teiaeducation.ch\/de\/produkt-kategorie\/unsere-marken\/"},{"@type":"ListItem","position":4,"name":"Erzi","item":"https:\/\/teiaeducation.ch\/de\/produkt-kategorie\/unsere-marken\/erzi-klassisches-holzspielzeug-de\/"},{"@type":"ListItem","position":5,"name":"Lebensmittelladen, K\u00fcchen &amp; Zubeh\u00f6r","item":"https:\/\/teiaeducation.ch\/de\/produkt-kategorie\/unsere-marken\/erzi-klassisches-holzspielzeug-de\/lebensmittelladen-kuechen-zubehoer\/"},{"@type":"ListItem","position":6,"name":"Sortierung Australien \u2013 Erzi"}]},{"@type":"WebSite","@id":"https:\/\/teiaeducation.ch\/de\/#website","url":"https:\/\/teiaeducation.ch\/de\/","name":"Sustainable Educational Products &amp; Ecological Toys\u00a0","description":"Specialised Swiss shop selling sustainable educational toys and games, AMI certified Montessori materials, handmade ecological wooden Waldorf toys and arts &amp; crafts supplies, school supplies, children&#039;s furniture and Montessori reference and parenting books.","publisher":{"@id":"https:\/\/teiaeducation.ch\/de\/#organization"},"alternateName":"Teia Education & Play","potentialAction":[{"@type":"SearchAction","target":{"@type":"EntryPoint","urlTemplate":"https:\/\/teiaeducation.ch\/de\/?s={search_term_string}"},"query-input":{"@type":"PropertyValueSpecification","valueRequired":true,"valueName":"search_term_string"}}],"inLanguage":"de-CH"},{"@type":"Organization","@id":"https:\/\/teiaeducation.ch\/de\/#organization","name":"Teia Education & Play","url":"https:\/\/teiaeducation.ch\/de\/","logo":{"@type":"ImageObject","inLanguage":"de-CH","@id":"https:\/\/teiaeducation.ch\/de\/#\/schema\/logo\/image\/","url":"https:\/\/teiaeducation.ch\/wp-content\/uploads\/2020\/11\/Teia-Education-Switzerland-e1620156442216.jpg","contentUrl":"https:\/\/teiaeducation.ch\/wp-content\/uploads\/2020\/11\/Teia-Education-Switzerland-e1620156442216.jpg","width":166,"height":145,"caption":"Teia Education & Play"},"image":{"@id":"https:\/\/teiaeducation.ch\/de\/#\/schema\/logo\/image\/"},"sameAs":["https:\/\/www.facebook.com\/teiaeducation\/","https:\/\/x.com\/EducationTeia","https:\/\/www.instagram.com\/teia.education\/","https:\/\/www.linkedin.com\/company\/35501660","https:\/\/www.pinterest.ch\/TeiaEducation\/"]}]}},"_links":{"self":[{"href":"https:\/\/teiaeducation.ch\/de\/wp-json\/wp\/v2\/product\/59356","targetHints":{"allow":["GET"]}}],"collection":[{"href":"https:\/\/teiaeducation.ch\/de\/wp-json\/wp\/v2\/product"}],"about":[{"href":"https:\/\/teiaeducation.ch\/de\/wp-json\/wp\/v2\/types\/product"}],"replies":[{"embeddable":true,"href":"https:\/\/teiaeducation.ch\/de\/wp-json\/wp\/v2\/comments?post=59356"}],"wp:featuredmedia":[{"embeddable":true,"href":"https:\/\/teiaeducation.ch\/de\/wp-json\/wp\/v2\/media\/43125"}],"wp:attachment":[{"href":"https:\/\/teiaeducation.ch\/de\/wp-json\/wp\/v2\/media?parent=59356"}],"wp:term":[{"taxonomy":"product_brand","embeddable":true,"href":"https:\/\/teiaeducation.ch\/de\/wp-json\/wp\/v2\/product_brand?post=59356"},{"taxonomy":"product_cat","embeddable":true,"href":"https:\/\/teiaeducation.ch\/de\/wp-json\/wp\/v2\/product_cat?post=59356"},{"taxonomy":"product_tag","embeddable":true,"href":"https:\/\/teiaeducation.ch\/de\/wp-json\/wp\/v2\/product_tag?post=59356"}],"curies":[{"name":"wp","href":"https:\/\/api.w.org\/{rel}","templated":true}]}}