{"id":59361,"date":"2021-07-06T16:19:35","date_gmt":"2021-07-06T14:19:35","guid":{"rendered":"https:\/\/teiaeducation.ch\/product\/lernspiel-zahlenraum-bis-10-erzi\/"},"modified":"2025-12-11T17:46:20","modified_gmt":"2025-12-11T16:46:20","slug":"lernspiel-zahlenraum-bis-10-erzi","status":"publish","type":"product","link":"https:\/\/teiaeducation.ch\/de\/produkt\/lernspiel-zahlenraum-bis-10-erzi\/","title":{"rendered":"Lernspiel Zahlenraum bis 10 &#8211; Erzi"},"content":{"rendered":"<p>Erzi&#8217;s Lernspiel <a href=\"https:\/\/teiaeducation.ch\/de\/produkt-kategorie\/lernthemen\/mathematik-rechnen\/zaehlen\/\">Zahlenraum<\/a> bis 10 ist eine wunderbare M\u00f6glichkeit, Z\u00e4hlen, <a href=\"https:\/\/teiaeducation.ch\/de\/produkt-kategorie\/lernthemen\/mathematik-rechnen\/ergaenzung\/\">Addieren<\/a> und das Erlernen einfacher <a href=\"https:\/\/teiaeducation.ch\/de\/produkt-kategorie\/lernthemen\/mathematik-rechnen\/fraktionen\/\">Br\u00fcche<\/a> anschaulich und spielerisch zu gestalten!<\/p>\n<p>Die Kinder k\u00f6nnen auf spielerische Weise verschiedene Kombinationen der bunten Zylinder verwenden, um bis 10 zu addieren und einfache Br\u00fcche wie 2 H\u00e4lften, 3 Drittel und 5 F\u00fcnftel zu vergleichen. Der Vergleich der Zylinder mit der h\u00f6lzernen Zahlentafel zeigt dem Kind die L\u00e4nge der einzelnen Teile, und die Zahlen sind in der gleichen Farbe wie die entsprechenden Zylinder.<\/p>\n<p>Dieses vielseitige Lernspiel ist ideal f\u00fcr den Mathematikunterricht zu Hause und f\u00fcr das von <a href=\"https:\/\/teiaeducation.ch\/de\/produkt-kategorie\/lernmaterialien-spielzeug-montessori-waldorf-steiner-froebel\/montessori-paedagogik-material-spielzeug\/\">Montessori<\/a> inspirierte Lernen zu <a href=\"https:\/\/teiaeducation.ch\/de\/produkt-kategorie\/schulbedarf-fuer-zuhause\/\">Hause<\/a>. Au\u00dferdem werden das r\u00e4umliche Vorstellungsverm\u00f6gen, die Probleml\u00f6sungskompetenz und die <a href=\"https:\/\/teiaeducation.ch\/de\/produkt-kategorie\/lernthemen\/sensorische-motorische-fertigkeiten\/motorische-fertigkeiten\/\">Feinmotorik<\/a> gef\u00f6rdert.<\/p>\n<p>Das Erzi Lernspiel Zahlenraum bis 10 besteht aus einer h\u00f6lzernen Zahlentafel mit bunten Zahlen und 27 Zylindern in entsprechenden Farben (10 x 1, 5 x 2, 3 x 3, 2 x 4 und 2 x 5, 1x 6, 1 x 7, 1 x 8, 1 x 9 und 1 x 10). Eine Anleitung ist ebenfalls enthalten.<\/p>\n<p>Dieses hochwertige Lernspielzeug aus Holz wird in Deutschland nachhaltig aus massivem Buchenholz hergestellt. Die Formen sind mit sicherem, ungiftigem Lack auf Wasserbasis in verschiedenen Farben lackiert, und die Zahlentafel hat ein nat\u00fcrliches Finish, das die Sch\u00f6nheit der Holzmaserung zur Geltung bringt. Das Set hat die Ma\u00dfe 11,8 x 17,8 x 17,8 cm.<\/p>\n<p>Erzi Lernspiel Zahlenraum bis 10 ist f\u00fcr Kinder ab 5 Jahren geeignet.<\/p>\n<p>Inhalt:<\/p>\n<p>1 h\u00f6lzerne Zahlentafel<br \/>\n27 Zylinder (10&#215;1, 5&#215;2, 3&#215;3, 2&#215;4 and 2&#215;5, 1&#215;6, 1&#215;7, 1&#215;8, 1&#215;9, 1&#215;10 )<br \/>\n1 Satz Anweisungen<\/p>\n<h2>\u00dcber Erzi<\/h2>\n<p>Das umfangreiche Erzi-Sortiment tr\u00e4gt das unverwechselbare G\u00fctesiegel &#8220;made in Germany&#8221;, denn es stammt aus dem Erzgebirge.<\/p>\n<p><a href=\"https:\/\/teiaeducation.ch\/de\/produkt-kategorie\/unsere-marken\/erzi-klassisches-holzspielzeug-de\/\">Erzi<\/a> verwendet f\u00fcr die Herstellung seiner Spielzeuge Holz aus der Region, das mit dem <a href=\"https:\/\/fsc.org\/en\">FSC<\/a>-Siegel (Forest Stewardship Council) zertifiziert und verbessert wurde. Alle Oberfl\u00e4chenbehandlungen wie Farben und Lacke auf Wasserbasis sind ungiftig und jedes Erzi Produkt entspricht den h\u00f6chsten Sicherheitsstandards f\u00fcr Spielzeug. Die hochwertigen <a href=\"https:\/\/teiaeducation.ch\/de\/produkt-kategorie\/kinder-spielzeug\/handgefertigtes-holzspielzeug\/\">Holzspielzeuge<\/a> und <a href=\"https:\/\/teiaeducation.ch\/de\/produkt-kategorie\/lernthemen\/\">Lernprodukte<\/a> von Erzi zeichnen sich durch eine gro\u00dfe Vielfalt an nat\u00fcrlichen <a href=\"https:\/\/teiaeducation.ch\/de\/produkt-kategorie\/lernthemen\/mathematik-rechnen\/formen\/\">Formen<\/a> und <a href=\"https:\/\/teiaeducation.ch\/de\/produkt-kategorie\/lernthemen\/sensorische-motorische-fertigkeiten\/farbe-lernen\/\">Farben<\/a> aus und sind langlebig und nachhaltig.<\/p>\n","protected":false},"excerpt":{"rendered":"<p>Artikelnummer: 42485<\/p>\n<p>Erzi&#8217;s Lernspiel Zahlenraum bis 10 macht das Z\u00e4hlen, das Erlernen einfacher Br\u00fcche und mathematischer F\u00e4higkeiten anschaulich und spielerisch! Hergestellt in Deutschland aus FSC-Holz.<\/p>\n","protected":false},"featured_media":59362,"comment_status":"open","ping_status":"closed","template":"","meta":[],"product_brand":[],"product_cat":[21445,21446,23651,21479,21538,21622,21543,21491,21624,21509,21537,21559,21443,21563,22362,21494,21495,21496,21557,21482,21564,21540,21547],"product_tag":[28123,28042,28121,28044,28043,25525,28122],"class_list":{"0":"post-59361","1":"product","2":"type-product","3":"status-publish","4":"has-post-thumbnail","6":"product_cat-3-6-jahre-vorschule","7":"product_cat-6-12-jahre-grundschule","8":"product_cat-back-to-school-de","9":"product_cat-lernmaterialien-spielzeug-montessori-waldorf-steiner-froebel","10":"product_cat-ergaenzung","11":"product_cat-erzi-klassisches-holzspielzeug-de","12":"product_cat-fraktionen","13":"product_cat-geschenk-guide-lerngeschenke","14":"product_cat-lernmaterialien","15":"product_cat-lernthemen","16":"product_cat-mathematik-rechnen","17":"product_cat-motorische-fertigkeiten","18":"product_cat-nach-alter","19":"product_cat-neuheiten","20":"product_cat-saisonale-kollektionen","21":"product_cat-schulbedarf-fuer-zuhause","22":"product_cat-schulbedarf-fuer-zuhause-3-6-jahre","23":"product_cat-schulbedarf-fuer-zuhause-6-12-jahre","24":"product_cat-sensorische-motorische-fertigkeiten","25":"product_cat-traditionelle-bildung","26":"product_cat-unsere-marken","27":"product_cat-zaehlen","28":"product_cat-ziffern","29":"product_tag-bruche-spiele","30":"product_tag-erzi-lernspiel","31":"product_tag-erzi-lernspiel-zahlenraum-bis-10","32":"product_tag-lehrmaterialien-aus-holz","33":"product_tag-lernspiele-aus-holz","34":"product_tag-mathe-spielzeug-aus-holz","35":"product_tag-zahlspiele","37":"first","38":"instock","39":"taxable","40":"shipping-taxable","41":"purchasable","42":"product-type-simple"},"yoast_head":"<!-- This site is optimized with the Yoast SEO plugin v27.1.1 - https:\/\/yoast.com\/product\/yoast-seo-wordpress\/ -->\n<title>Lernspiel Zahlenraum bis 10 - Erzi<\/title>\n<meta name=\"description\" content=\"Erzi&#039;s Lernspiel Zahlenraum bis 10 macht das Z\u00e4hlen, das Erlernen einfacher Br\u00fcche und mathematischer F\u00e4higkeiten anschaulich und spielerisch! Nachhaltig hergestellt in Deutschland.\" \/>\n<meta name=\"robots\" content=\"index, follow, max-snippet:-1, max-image-preview:large, max-video-preview:-1\" \/>\n<link rel=\"canonical\" href=\"https:\/\/teiaeducation.ch\/de\/produkt\/lernspiel-zahlenraum-bis-10-erzi\/\" \/>\n<meta property=\"og:locale\" content=\"de_DE\" \/>\n<meta property=\"og:type\" content=\"article\" \/>\n<meta property=\"og:title\" content=\"Lernspiel Zahlenraum bis 10 - Erzi\" \/>\n<meta property=\"og:description\" content=\"Erzi&#039;s Lernspiel Zahlenraum bis 10 macht das Z\u00e4hlen, das Erlernen einfacher Br\u00fcche und mathematischer F\u00e4higkeiten anschaulich und spielerisch! Nachhaltig hergestellt in Deutschland.\" \/>\n<meta property=\"og:url\" content=\"https:\/\/teiaeducation.ch\/de\/produkt\/lernspiel-zahlenraum-bis-10-erzi\/\" \/>\n<meta property=\"og:site_name\" content=\"Sustainable Educational Products &amp; Ecological Toys\u00a0\" \/>\n<meta property=\"article:publisher\" content=\"https:\/\/www.facebook.com\/teiaeducation\/\" \/>\n<meta property=\"article:modified_time\" content=\"2025-12-11T16:46:20+00:00\" \/>\n<meta property=\"og:image\" content=\"https:\/\/teiaeducation.ch\/wp-content\/uploads\/2021\/07\/Educational-game-counting-up-to-10-Erzi-scaled.jpg\" \/>\n\t<meta property=\"og:image:width\" content=\"900\" \/>\n\t<meta property=\"og:image:height\" content=\"900\" \/>\n\t<meta property=\"og:image:type\" content=\"image\/jpeg\" \/>\n<script type=\"application\/ld+json\" class=\"yoast-schema-graph\">{\"@context\":\"https:\/\/schema.org\",\"@graph\":[{\"@type\":\"WebPage\",\"@id\":\"https:\/\/teiaeducation.ch\/de\/produkt\/lernspiel-zahlenraum-bis-10-erzi\/\",\"url\":\"https:\/\/teiaeducation.ch\/de\/produkt\/lernspiel-zahlenraum-bis-10-erzi\/\",\"name\":\"Lernspiel Zahlenraum bis 10 - Erzi\",\"isPartOf\":{\"@id\":\"https:\/\/teiaeducation.ch\/de\/#website\"},\"primaryImageOfPage\":{\"@id\":\"https:\/\/teiaeducation.ch\/de\/produkt\/lernspiel-zahlenraum-bis-10-erzi\/#primaryimage\"},\"image\":{\"@id\":\"https:\/\/teiaeducation.ch\/de\/produkt\/lernspiel-zahlenraum-bis-10-erzi\/#primaryimage\"},\"thumbnailUrl\":\"https:\/\/teiaeducation.ch\/wp-content\/uploads\/2021\/07\/Educational-game-counting-up-to-10-Erzi-scaled.jpg\",\"datePublished\":\"2021-07-06T14:19:35+00:00\",\"dateModified\":\"2025-12-11T16:46:20+00:00\",\"description\":\"Erzi's Lernspiel Zahlenraum bis 10 macht das Z\u00e4hlen, das Erlernen einfacher Br\u00fcche und mathematischer F\u00e4higkeiten anschaulich und spielerisch! Nachhaltig hergestellt in Deutschland.\",\"breadcrumb\":{\"@id\":\"https:\/\/teiaeducation.ch\/de\/produkt\/lernspiel-zahlenraum-bis-10-erzi\/#breadcrumb\"},\"inLanguage\":\"de-CH\",\"potentialAction\":[{\"@type\":\"ReadAction\",\"target\":[\"https:\/\/teiaeducation.ch\/de\/produkt\/lernspiel-zahlenraum-bis-10-erzi\/\"]}]},{\"@type\":\"ImageObject\",\"inLanguage\":\"de-CH\",\"@id\":\"https:\/\/teiaeducation.ch\/de\/produkt\/lernspiel-zahlenraum-bis-10-erzi\/#primaryimage\",\"url\":\"https:\/\/teiaeducation.ch\/wp-content\/uploads\/2021\/07\/Educational-game-counting-up-to-10-Erzi-scaled.jpg\",\"contentUrl\":\"https:\/\/teiaeducation.ch\/wp-content\/uploads\/2021\/07\/Educational-game-counting-up-to-10-Erzi-scaled.jpg\",\"width\":900,\"height\":900,\"caption\":\"Lernspiel Zahlenraum bis 10 - Erzi\"},{\"@type\":\"BreadcrumbList\",\"@id\":\"https:\/\/teiaeducation.ch\/de\/produkt\/lernspiel-zahlenraum-bis-10-erzi\/#breadcrumb\",\"itemListElement\":[{\"@type\":\"ListItem\",\"position\":1,\"name\":\"Home\",\"item\":\"https:\/\/teiaeducation.ch\/de\/\"},{\"@type\":\"ListItem\",\"position\":2,\"name\":\"Laden\",\"item\":\"https:\/\/teiaeducation.ch\/de\/shop\/\"},{\"@type\":\"ListItem\",\"position\":3,\"name\":\"Unsere Marken\",\"item\":\"https:\/\/teiaeducation.ch\/de\/produkt-kategorie\/unsere-marken\/\"},{\"@type\":\"ListItem\",\"position\":4,\"name\":\"Erzi\",\"item\":\"https:\/\/teiaeducation.ch\/de\/produkt-kategorie\/unsere-marken\/erzi-klassisches-holzspielzeug-de\/\"},{\"@type\":\"ListItem\",\"position\":5,\"name\":\"Lernmaterialien\",\"item\":\"https:\/\/teiaeducation.ch\/de\/produkt-kategorie\/unsere-marken\/erzi-klassisches-holzspielzeug-de\/lernmaterialien\/\"},{\"@type\":\"ListItem\",\"position\":6,\"name\":\"Lernspiel Zahlenraum bis 10 &#8211; Erzi\"}]},{\"@type\":\"WebSite\",\"@id\":\"https:\/\/teiaeducation.ch\/de\/#website\",\"url\":\"https:\/\/teiaeducation.ch\/de\/\",\"name\":\"Sustainable Educational Products &amp; Ecological Toys\u00a0\",\"description\":\"Specialised Swiss shop selling sustainable educational toys and games, AMI certified Montessori materials, handmade ecological wooden Waldorf toys and arts &amp; crafts supplies, school supplies, children&#039;s furniture and Montessori reference and parenting books.\",\"publisher\":{\"@id\":\"https:\/\/teiaeducation.ch\/de\/#organization\"},\"alternateName\":\"Teia Education & Play\",\"potentialAction\":[{\"@type\":\"SearchAction\",\"target\":{\"@type\":\"EntryPoint\",\"urlTemplate\":\"https:\/\/teiaeducation.ch\/de\/?s={search_term_string}\"},\"query-input\":{\"@type\":\"PropertyValueSpecification\",\"valueRequired\":true,\"valueName\":\"search_term_string\"}}],\"inLanguage\":\"de-CH\"},{\"@type\":\"Organization\",\"@id\":\"https:\/\/teiaeducation.ch\/de\/#organization\",\"name\":\"Teia Education & Play\",\"url\":\"https:\/\/teiaeducation.ch\/de\/\",\"logo\":{\"@type\":\"ImageObject\",\"inLanguage\":\"de-CH\",\"@id\":\"https:\/\/teiaeducation.ch\/de\/#\/schema\/logo\/image\/\",\"url\":\"https:\/\/teiaeducation.ch\/wp-content\/uploads\/2020\/11\/Teia-Education-Switzerland-e1620156442216.jpg\",\"contentUrl\":\"https:\/\/teiaeducation.ch\/wp-content\/uploads\/2020\/11\/Teia-Education-Switzerland-e1620156442216.jpg\",\"width\":166,\"height\":145,\"caption\":\"Teia Education & Play\"},\"image\":{\"@id\":\"https:\/\/teiaeducation.ch\/de\/#\/schema\/logo\/image\/\"},\"sameAs\":[\"https:\/\/www.facebook.com\/teiaeducation\/\",\"https:\/\/x.com\/EducationTeia\",\"https:\/\/www.instagram.com\/teia.education\/\",\"https:\/\/www.linkedin.com\/company\/35501660\",\"https:\/\/www.pinterest.ch\/TeiaEducation\/\"]}]}<\/script>\n<!-- \/ Yoast SEO plugin. -->","yoast_head_json":{"title":"Lernspiel Zahlenraum bis 10 - Erzi","description":"Erzi's Lernspiel Zahlenraum bis 10 macht das Z\u00e4hlen, das Erlernen einfacher Br\u00fcche und mathematischer F\u00e4higkeiten anschaulich und spielerisch! Nachhaltig hergestellt in Deutschland.","robots":{"index":"index","follow":"follow","max-snippet":"max-snippet:-1","max-image-preview":"max-image-preview:large","max-video-preview":"max-video-preview:-1"},"canonical":"https:\/\/teiaeducation.ch\/de\/produkt\/lernspiel-zahlenraum-bis-10-erzi\/","og_locale":"de_DE","og_type":"article","og_title":"Lernspiel Zahlenraum bis 10 - Erzi","og_description":"Erzi's Lernspiel Zahlenraum bis 10 macht das Z\u00e4hlen, das Erlernen einfacher Br\u00fcche und mathematischer F\u00e4higkeiten anschaulich und spielerisch! Nachhaltig hergestellt in Deutschland.","og_url":"https:\/\/teiaeducation.ch\/de\/produkt\/lernspiel-zahlenraum-bis-10-erzi\/","og_site_name":"Sustainable Educational Products &amp; Ecological Toys\u00a0","article_publisher":"https:\/\/www.facebook.com\/teiaeducation\/","article_modified_time":"2025-12-11T16:46:20+00:00","og_image":[{"width":900,"height":900,"url":"https:\/\/teiaeducation.ch\/wp-content\/uploads\/2021\/07\/Educational-game-counting-up-to-10-Erzi-scaled.jpg","type":"image\/jpeg"}],"schema":{"@context":"https:\/\/schema.org","@graph":[{"@type":"WebPage","@id":"https:\/\/teiaeducation.ch\/de\/produkt\/lernspiel-zahlenraum-bis-10-erzi\/","url":"https:\/\/teiaeducation.ch\/de\/produkt\/lernspiel-zahlenraum-bis-10-erzi\/","name":"Lernspiel Zahlenraum bis 10 - Erzi","isPartOf":{"@id":"https:\/\/teiaeducation.ch\/de\/#website"},"primaryImageOfPage":{"@id":"https:\/\/teiaeducation.ch\/de\/produkt\/lernspiel-zahlenraum-bis-10-erzi\/#primaryimage"},"image":{"@id":"https:\/\/teiaeducation.ch\/de\/produkt\/lernspiel-zahlenraum-bis-10-erzi\/#primaryimage"},"thumbnailUrl":"https:\/\/teiaeducation.ch\/wp-content\/uploads\/2021\/07\/Educational-game-counting-up-to-10-Erzi-scaled.jpg","datePublished":"2021-07-06T14:19:35+00:00","dateModified":"2025-12-11T16:46:20+00:00","description":"Erzi's Lernspiel Zahlenraum bis 10 macht das Z\u00e4hlen, das Erlernen einfacher Br\u00fcche und mathematischer F\u00e4higkeiten anschaulich und spielerisch! Nachhaltig hergestellt in Deutschland.","breadcrumb":{"@id":"https:\/\/teiaeducation.ch\/de\/produkt\/lernspiel-zahlenraum-bis-10-erzi\/#breadcrumb"},"inLanguage":"de-CH","potentialAction":[{"@type":"ReadAction","target":["https:\/\/teiaeducation.ch\/de\/produkt\/lernspiel-zahlenraum-bis-10-erzi\/"]}]},{"@type":"ImageObject","inLanguage":"de-CH","@id":"https:\/\/teiaeducation.ch\/de\/produkt\/lernspiel-zahlenraum-bis-10-erzi\/#primaryimage","url":"https:\/\/teiaeducation.ch\/wp-content\/uploads\/2021\/07\/Educational-game-counting-up-to-10-Erzi-scaled.jpg","contentUrl":"https:\/\/teiaeducation.ch\/wp-content\/uploads\/2021\/07\/Educational-game-counting-up-to-10-Erzi-scaled.jpg","width":900,"height":900,"caption":"Lernspiel Zahlenraum bis 10 - Erzi"},{"@type":"BreadcrumbList","@id":"https:\/\/teiaeducation.ch\/de\/produkt\/lernspiel-zahlenraum-bis-10-erzi\/#breadcrumb","itemListElement":[{"@type":"ListItem","position":1,"name":"Home","item":"https:\/\/teiaeducation.ch\/de\/"},{"@type":"ListItem","position":2,"name":"Laden","item":"https:\/\/teiaeducation.ch\/de\/shop\/"},{"@type":"ListItem","position":3,"name":"Unsere Marken","item":"https:\/\/teiaeducation.ch\/de\/produkt-kategorie\/unsere-marken\/"},{"@type":"ListItem","position":4,"name":"Erzi","item":"https:\/\/teiaeducation.ch\/de\/produkt-kategorie\/unsere-marken\/erzi-klassisches-holzspielzeug-de\/"},{"@type":"ListItem","position":5,"name":"Lernmaterialien","item":"https:\/\/teiaeducation.ch\/de\/produkt-kategorie\/unsere-marken\/erzi-klassisches-holzspielzeug-de\/lernmaterialien\/"},{"@type":"ListItem","position":6,"name":"Lernspiel Zahlenraum bis 10 &#8211; Erzi"}]},{"@type":"WebSite","@id":"https:\/\/teiaeducation.ch\/de\/#website","url":"https:\/\/teiaeducation.ch\/de\/","name":"Sustainable Educational Products &amp; Ecological Toys\u00a0","description":"Specialised Swiss shop selling sustainable educational toys and games, AMI certified Montessori materials, handmade ecological wooden Waldorf toys and arts &amp; crafts supplies, school supplies, children&#039;s furniture and Montessori reference and parenting books.","publisher":{"@id":"https:\/\/teiaeducation.ch\/de\/#organization"},"alternateName":"Teia Education & Play","potentialAction":[{"@type":"SearchAction","target":{"@type":"EntryPoint","urlTemplate":"https:\/\/teiaeducation.ch\/de\/?s={search_term_string}"},"query-input":{"@type":"PropertyValueSpecification","valueRequired":true,"valueName":"search_term_string"}}],"inLanguage":"de-CH"},{"@type":"Organization","@id":"https:\/\/teiaeducation.ch\/de\/#organization","name":"Teia Education & Play","url":"https:\/\/teiaeducation.ch\/de\/","logo":{"@type":"ImageObject","inLanguage":"de-CH","@id":"https:\/\/teiaeducation.ch\/de\/#\/schema\/logo\/image\/","url":"https:\/\/teiaeducation.ch\/wp-content\/uploads\/2020\/11\/Teia-Education-Switzerland-e1620156442216.jpg","contentUrl":"https:\/\/teiaeducation.ch\/wp-content\/uploads\/2020\/11\/Teia-Education-Switzerland-e1620156442216.jpg","width":166,"height":145,"caption":"Teia Education & Play"},"image":{"@id":"https:\/\/teiaeducation.ch\/de\/#\/schema\/logo\/image\/"},"sameAs":["https:\/\/www.facebook.com\/teiaeducation\/","https:\/\/x.com\/EducationTeia","https:\/\/www.instagram.com\/teia.education\/","https:\/\/www.linkedin.com\/company\/35501660","https:\/\/www.pinterest.ch\/TeiaEducation\/"]}]}},"_links":{"self":[{"href":"https:\/\/teiaeducation.ch\/de\/wp-json\/wp\/v2\/product\/59361","targetHints":{"allow":["GET"]}}],"collection":[{"href":"https:\/\/teiaeducation.ch\/de\/wp-json\/wp\/v2\/product"}],"about":[{"href":"https:\/\/teiaeducation.ch\/de\/wp-json\/wp\/v2\/types\/product"}],"replies":[{"embeddable":true,"href":"https:\/\/teiaeducation.ch\/de\/wp-json\/wp\/v2\/comments?post=59361"}],"wp:featuredmedia":[{"embeddable":true,"href":"https:\/\/teiaeducation.ch\/de\/wp-json\/wp\/v2\/media\/59362"}],"wp:attachment":[{"href":"https:\/\/teiaeducation.ch\/de\/wp-json\/wp\/v2\/media?parent=59361"}],"wp:term":[{"taxonomy":"product_brand","embeddable":true,"href":"https:\/\/teiaeducation.ch\/de\/wp-json\/wp\/v2\/product_brand?post=59361"},{"taxonomy":"product_cat","embeddable":true,"href":"https:\/\/teiaeducation.ch\/de\/wp-json\/wp\/v2\/product_cat?post=59361"},{"taxonomy":"product_tag","embeddable":true,"href":"https:\/\/teiaeducation.ch\/de\/wp-json\/wp\/v2\/product_tag?post=59361"}],"curies":[{"name":"wp","href":"https:\/\/api.w.org\/{rel}","templated":true}]}}