{"id":59364,"date":"2021-07-06T15:15:43","date_gmt":"2021-07-06T13:15:43","guid":{"rendered":"https:\/\/teiaeducation.ch\/product\/ernaehrungspyramide-erzi\/"},"modified":"2025-12-11T17:46:26","modified_gmt":"2025-12-11T16:46:26","slug":"ernaehrungspyramide-erzi","status":"publish","type":"product","link":"https:\/\/teiaeducation.ch\/de\/produkt\/ernaehrungspyramide-erzi\/","title":{"rendered":"Ern\u00e4hrungspyramide &#8211; Erzi"},"content":{"rendered":"<p>Erzi&#8217;s Ern\u00e4hrungspyramide mit Holzspielzeug vermittelt Kindern auf spielerische und visuelle Art und Weise die Bedeutung gesunder Ern\u00e4hrung und macht Gesundheitserziehung leicht begreifbar! Dieses hochwertige Holzset und die illustrierte Ern\u00e4hrungspyramide aus Holz eignen sich perfekt f\u00fcr den Unterricht mit Kindern im Vorschul-, Kindergarten- und Grundschulalter \u00fcber gesunde Ern\u00e4hrung.<\/p>\n<p>Das Erzi Ern\u00e4hrungspyramide-Set enth\u00e4lt ein bedrucktes Holzspielbrett mit Rahmen, auf dem alle Lebensmittelgruppen abgebildet sind und der Anteil, den sie an unserer Ern\u00e4hrung haben sollten, dargestellt ist.<\/p>\n<p>Die Ern\u00e4hrungspyramide wird mit dem wunderbar realistischen Erzi-<a href=\"https:\/\/teiaeducation.ch\/de\/produkt-kategorie\/kinder-spielzeug\/realistisches-lebensmittel-aus-holz\/\">Holzfutter<\/a> zum Leben erweckt Enth\u00e4lt: 1 Lutscher, 1 Krapfen, 1 Flasche Oliven\u00f6l, 1 Butter, 1 Wurst, 2 Scheiben Salami, 1 Scheibe K\u00e4se, 1 Erdbeerjoghurt, 1 Ei mit Klettverschluss, 1 Hering, 1 Flasche Milch, 10 Spaghetti, 3 Kartoffeln in einem Netzbeutel, 1 Reis, 1 Vollkornbrot, 1 Scheibe Brot, 6 St\u00fcck gelbe Farfalle-Nudeln, 1 Erdbeere, 1 Gr\u00fcne Birne, 1 gr\u00fcner Apfel, 1 Mini-Banane, 1 Pilz, 1 Gurke, 1 Karotte, 1 Paprika, 1 Salat, 2 Teebeutel, 1 Flasche Apfelsaft und 5 Flaschen Wasser. Au\u00dferdem ist eine Anleitung enthalten.<\/p>\n<p>Das Erzi Ern\u00e4hrungspyramiden-Set ist aus massiver Buche und Birkensperrholz gefertigt. Die h\u00f6lzernen Lebensmittelst\u00fccke sind mit ungiftigem Lack auf Wasserbasis lackiert. Die Tafel ist farbig bedruckt und mit ungiftigem Lack auf Wasserbasis lackiert, der Rahmen ist naturbelassen. Er misst 59,5 x 59,5 x 8,5 cm. Dieses hochwertige Holzlehrmittel wird nachhaltig in Deutschland hergestellt.<\/p>\n<p>Warnung: Nicht geeignet f\u00fcr Kinder unter 36 Monaten.<br \/>\nErstickungsgefahr.<br \/>\nKleine Teile und kleine Kugeln.<\/p>\n<p>Erzi Ern\u00e4hrungspyramide ist f\u00fcr Kinder ab 3 Jahren geeignet.<\/p>\n<p>Inhalt:<\/p>\n<p>1 bedruckter Spielplan mit Umrandung<br \/>\n51 St\u00fcck realistisches Spielfutter aus Holz<br \/>\n1 Satz Anleitungen<\/p>\n<h2>\u00dcber Erzi<\/h2>\n<p>Das umfangreiche Erzi-Sortiment tr\u00e4gt das unverwechselbare G\u00fctesiegel &#8220;made in Germany&#8221;, denn es stammt aus dem Erzgebirge.<\/p>\n<p><a href=\"https:\/\/teiaeducation.ch\/de\/produkt-kategorie\/unsere-marken\/erzi-klassisches-holzspielzeug-de\/\">Erzi<\/a> verwendet f\u00fcr die Herstellung seiner Spielzeuge Holz aus der Region, das mit dem <a href=\"https:\/\/fsc.org\/en\">FSC<\/a>-Siegel (Forest Stewardship Council) zertifiziert und verbessert wurde. Alle Oberfl\u00e4chenbehandlungen wie Farben und Lacke auf Wasserbasis sind ungiftig und jedes Erzi Produkt entspricht den h\u00f6chsten Sicherheitsstandards f\u00fcr Spielzeug. Die hochwertigen <a href=\"https:\/\/teiaeducation.ch\/de\/produkt-kategorie\/kinder-spielzeug\/handgefertigtes-holzspielzeug\/\">Holzspielzeuge<\/a> und <a href=\"https:\/\/teiaeducation.ch\/de\/produkt-kategorie\/lernthemen\/\">Lernprodukte<\/a> von Erzi zeichnen sich durch eine gro\u00dfe Vielfalt an nat\u00fcrlichen <a href=\"https:\/\/teiaeducation.ch\/de\/produkt-kategorie\/lernthemen\/mathematik-rechnen\/formen\/\">Formen<\/a> und <a href=\"https:\/\/teiaeducation.ch\/de\/produkt-kategorie\/lernthemen\/sensorische-motorische-fertigkeiten\/farbe-lernen\/\">Farben<\/a> aus und sind langlebig und nachhaltig.<\/p>\n","protected":false},"excerpt":{"rendered":"<p>Artikelnummer: 42489<\/p>\n<p>Erzi&#8217;s Ern\u00e4hrungspyramide ist ein hochwertiges Holzspielzeug mit Ern\u00e4hrungspyramide, mit dem Kinder \u00fcber gesunde Ern\u00e4hrung lernen k\u00f6nnen!<\/p>\n","protected":false},"featured_media":59365,"comment_status":"open","ping_status":"closed","template":"","meta":[],"product_brand":[],"product_cat":[21475,21445,21446,21500,23651,21479,21622,21474,21510,21623,21624,21509,21499,21443,21563,21693,22362,21494,21495,21678,21482,21564,21520],"product_tag":[28128,28127,28125,28130,28126,28124,28129],"class_list":{"0":"post-59364","1":"product","2":"type-product","3":"status-publish","4":"has-post-thumbnail","6":"product_cat-3-6-jahre-klassenzimmer-pack","7":"product_cat-3-6-jahre-vorschule","8":"product_cat-6-12-jahre-grundschule","9":"product_cat-aktivitaetssets","10":"product_cat-back-to-school-de","11":"product_cat-lernmaterialien-spielzeug-montessori-waldorf-steiner-froebel","12":"product_cat-erzi-klassisches-holzspielzeug-de","13":"product_cat-klassenzimmer-essenzien","14":"product_cat-kultur-wissenschaft","15":"product_cat-lebensmittelladen-kuechen-zubehoer","16":"product_cat-lernmaterialien","17":"product_cat-lernthemen","18":"product_cat-lernunterstuetzung","19":"product_cat-nach-alter","20":"product_cat-neuheiten","21":"product_cat-realistisches-lebensmittel-aus-holz","22":"product_cat-saisonale-kollektionen","23":"product_cat-schulbedarf-fuer-zuhause","24":"product_cat-schulbedarf-fuer-zuhause-3-6-jahre","25":"product_cat-kinder-spielzeug","26":"product_cat-traditionelle-bildung","27":"product_cat-unsere-marken","28":"product_cat-wissenschaft","29":"product_tag-ernahrung-im-unterricht","30":"product_tag-ernahrungspyramide-materialien","31":"product_tag-erzi-ernahrungspyramide","32":"product_tag-erzi-lebensmittelschul-set-aus-holz","33":"product_tag-erzi-ernahrungsset","34":"product_tag-erzi-ernahrungsteller","35":"product_tag-gesunde-ernahrung-lehren","37":"first","38":"instock","39":"taxable","40":"shipping-taxable","41":"purchasable","42":"product-type-simple"},"yoast_head":"<!-- This site is optimized with the Yoast SEO plugin v27.3 - https:\/\/yoast.com\/product\/yoast-seo-wordpress\/ -->\n<title>Ern\u00e4hrungspyramide - Erzi<\/title>\n<meta name=\"description\" content=\"Erzi&#039;s Ern\u00e4hrungspyramide ist ein hochwertiges Holzspielzeug mit Ern\u00e4hrungspyramide, mit dem Kinder \u00fcber gesunde Ern\u00e4hrung lernen k\u00f6nnen! Hergestellt in Deutschland.\" \/>\n<meta name=\"robots\" content=\"index, follow, max-snippet:-1, max-image-preview:large, max-video-preview:-1\" \/>\n<link rel=\"canonical\" href=\"https:\/\/teiaeducation.ch\/de\/produkt\/ernaehrungspyramide-erzi\/\" \/>\n<meta property=\"og:locale\" content=\"de_DE\" \/>\n<meta property=\"og:type\" content=\"article\" \/>\n<meta property=\"og:title\" content=\"Ern\u00e4hrungspyramide - Erzi\" \/>\n<meta property=\"og:description\" content=\"Erzi&#039;s Ern\u00e4hrungspyramide ist ein hochwertiges Holzspielzeug mit Ern\u00e4hrungspyramide, mit dem Kinder \u00fcber gesunde Ern\u00e4hrung lernen k\u00f6nnen! Hergestellt in Deutschland.\" \/>\n<meta property=\"og:url\" content=\"https:\/\/teiaeducation.ch\/de\/produkt\/ernaehrungspyramide-erzi\/\" \/>\n<meta property=\"og:site_name\" content=\"Sustainable Educational Products &amp; Ecological Toys\u00a0\" \/>\n<meta property=\"article:publisher\" content=\"https:\/\/www.facebook.com\/teiaeducation\/\" \/>\n<meta property=\"article:modified_time\" content=\"2025-12-11T16:46:26+00:00\" \/>\n<meta property=\"og:image\" content=\"https:\/\/teiaeducation.ch\/wp-content\/uploads\/2021\/07\/Nutrition-pyramid-Erzi01-scaled.jpg\" \/>\n\t<meta property=\"og:image:width\" content=\"900\" \/>\n\t<meta property=\"og:image:height\" content=\"900\" \/>\n\t<meta property=\"og:image:type\" content=\"image\/jpeg\" \/>\n<script type=\"application\/ld+json\" class=\"yoast-schema-graph\">{\"@context\":\"https:\\\/\\\/schema.org\",\"@graph\":[{\"@type\":\"WebPage\",\"@id\":\"https:\\\/\\\/teiaeducation.ch\\\/de\\\/produkt\\\/ernaehrungspyramide-erzi\\\/\",\"url\":\"https:\\\/\\\/teiaeducation.ch\\\/de\\\/produkt\\\/ernaehrungspyramide-erzi\\\/\",\"name\":\"Ern\u00e4hrungspyramide - Erzi\",\"isPartOf\":{\"@id\":\"https:\\\/\\\/teiaeducation.ch\\\/de\\\/#website\"},\"primaryImageOfPage\":{\"@id\":\"https:\\\/\\\/teiaeducation.ch\\\/de\\\/produkt\\\/ernaehrungspyramide-erzi\\\/#primaryimage\"},\"image\":{\"@id\":\"https:\\\/\\\/teiaeducation.ch\\\/de\\\/produkt\\\/ernaehrungspyramide-erzi\\\/#primaryimage\"},\"thumbnailUrl\":\"https:\\\/\\\/teiaeducation.ch\\\/wp-content\\\/uploads\\\/2021\\\/07\\\/Nutrition-pyramid-Erzi01-scaled.jpg\",\"datePublished\":\"2021-07-06T13:15:43+00:00\",\"dateModified\":\"2025-12-11T16:46:26+00:00\",\"description\":\"Erzi's Ern\u00e4hrungspyramide ist ein hochwertiges Holzspielzeug mit Ern\u00e4hrungspyramide, mit dem Kinder \u00fcber gesunde Ern\u00e4hrung lernen k\u00f6nnen! Hergestellt in Deutschland.\",\"breadcrumb\":{\"@id\":\"https:\\\/\\\/teiaeducation.ch\\\/de\\\/produkt\\\/ernaehrungspyramide-erzi\\\/#breadcrumb\"},\"inLanguage\":\"de-CH\",\"potentialAction\":[{\"@type\":\"ReadAction\",\"target\":[\"https:\\\/\\\/teiaeducation.ch\\\/de\\\/produkt\\\/ernaehrungspyramide-erzi\\\/\"]}]},{\"@type\":\"ImageObject\",\"inLanguage\":\"de-CH\",\"@id\":\"https:\\\/\\\/teiaeducation.ch\\\/de\\\/produkt\\\/ernaehrungspyramide-erzi\\\/#primaryimage\",\"url\":\"https:\\\/\\\/teiaeducation.ch\\\/wp-content\\\/uploads\\\/2021\\\/07\\\/Nutrition-pyramid-Erzi01-scaled.jpg\",\"contentUrl\":\"https:\\\/\\\/teiaeducation.ch\\\/wp-content\\\/uploads\\\/2021\\\/07\\\/Nutrition-pyramid-Erzi01-scaled.jpg\",\"width\":900,\"height\":900,\"caption\":\"Ern\u00e4hrungspyramide und Spielfutter aus Holz - Erzi\"},{\"@type\":\"BreadcrumbList\",\"@id\":\"https:\\\/\\\/teiaeducation.ch\\\/de\\\/produkt\\\/ernaehrungspyramide-erzi\\\/#breadcrumb\",\"itemListElement\":[{\"@type\":\"ListItem\",\"position\":1,\"name\":\"Home\",\"item\":\"https:\\\/\\\/teiaeducation.ch\\\/de\\\/\"},{\"@type\":\"ListItem\",\"position\":2,\"name\":\"Laden\",\"item\":\"https:\\\/\\\/teiaeducation.ch\\\/de\\\/shop\\\/\"},{\"@type\":\"ListItem\",\"position\":3,\"name\":\"Unsere Marken\",\"item\":\"https:\\\/\\\/teiaeducation.ch\\\/de\\\/produkt-kategorie\\\/unsere-marken\\\/\"},{\"@type\":\"ListItem\",\"position\":4,\"name\":\"Erzi\",\"item\":\"https:\\\/\\\/teiaeducation.ch\\\/de\\\/produkt-kategorie\\\/unsere-marken\\\/erzi-klassisches-holzspielzeug-de\\\/\"},{\"@type\":\"ListItem\",\"position\":5,\"name\":\"Lernmaterialien\",\"item\":\"https:\\\/\\\/teiaeducation.ch\\\/de\\\/produkt-kategorie\\\/unsere-marken\\\/erzi-klassisches-holzspielzeug-de\\\/lernmaterialien\\\/\"},{\"@type\":\"ListItem\",\"position\":6,\"name\":\"Ern\u00e4hrungspyramide &#8211; Erzi\"}]},{\"@type\":\"WebSite\",\"@id\":\"https:\\\/\\\/teiaeducation.ch\\\/de\\\/#website\",\"url\":\"https:\\\/\\\/teiaeducation.ch\\\/de\\\/\",\"name\":\"Sustainable Educational Products &amp; Ecological Toys\u00a0\",\"description\":\"Specialised Swiss shop selling sustainable educational toys and games, AMI certified Montessori materials, handmade ecological wooden Waldorf toys and arts &amp; crafts supplies, school supplies, children&#039;s furniture and Montessori reference and parenting books.\",\"publisher\":{\"@id\":\"https:\\\/\\\/teiaeducation.ch\\\/de\\\/#organization\"},\"alternateName\":\"Teia Education & Play\",\"potentialAction\":[{\"@type\":\"SearchAction\",\"target\":{\"@type\":\"EntryPoint\",\"urlTemplate\":\"https:\\\/\\\/teiaeducation.ch\\\/de\\\/?s={search_term_string}\"},\"query-input\":{\"@type\":\"PropertyValueSpecification\",\"valueRequired\":true,\"valueName\":\"search_term_string\"}}],\"inLanguage\":\"de-CH\"},{\"@type\":\"Organization\",\"@id\":\"https:\\\/\\\/teiaeducation.ch\\\/de\\\/#organization\",\"name\":\"Teia Education & Play\",\"url\":\"https:\\\/\\\/teiaeducation.ch\\\/de\\\/\",\"logo\":{\"@type\":\"ImageObject\",\"inLanguage\":\"de-CH\",\"@id\":\"https:\\\/\\\/teiaeducation.ch\\\/de\\\/#\\\/schema\\\/logo\\\/image\\\/\",\"url\":\"https:\\\/\\\/teiaeducation.ch\\\/wp-content\\\/uploads\\\/2020\\\/11\\\/Teia-Education-Switzerland-e1620156442216.jpg\",\"contentUrl\":\"https:\\\/\\\/teiaeducation.ch\\\/wp-content\\\/uploads\\\/2020\\\/11\\\/Teia-Education-Switzerland-e1620156442216.jpg\",\"width\":166,\"height\":145,\"caption\":\"Teia Education & Play\"},\"image\":{\"@id\":\"https:\\\/\\\/teiaeducation.ch\\\/de\\\/#\\\/schema\\\/logo\\\/image\\\/\"},\"sameAs\":[\"https:\\\/\\\/www.facebook.com\\\/teiaeducation\\\/\",\"https:\\\/\\\/x.com\\\/EducationTeia\",\"https:\\\/\\\/www.instagram.com\\\/teia.education\\\/\",\"https:\\\/\\\/www.linkedin.com\\\/company\\\/35501660\",\"https:\\\/\\\/www.pinterest.ch\\\/TeiaEducation\\\/\"]}]}<\/script>\n<!-- \/ Yoast SEO plugin. -->","yoast_head_json":{"title":"Ern\u00e4hrungspyramide - Erzi","description":"Erzi's Ern\u00e4hrungspyramide ist ein hochwertiges Holzspielzeug mit Ern\u00e4hrungspyramide, mit dem Kinder \u00fcber gesunde Ern\u00e4hrung lernen k\u00f6nnen! Hergestellt in Deutschland.","robots":{"index":"index","follow":"follow","max-snippet":"max-snippet:-1","max-image-preview":"max-image-preview:large","max-video-preview":"max-video-preview:-1"},"canonical":"https:\/\/teiaeducation.ch\/de\/produkt\/ernaehrungspyramide-erzi\/","og_locale":"de_DE","og_type":"article","og_title":"Ern\u00e4hrungspyramide - Erzi","og_description":"Erzi's Ern\u00e4hrungspyramide ist ein hochwertiges Holzspielzeug mit Ern\u00e4hrungspyramide, mit dem Kinder \u00fcber gesunde Ern\u00e4hrung lernen k\u00f6nnen! Hergestellt in Deutschland.","og_url":"https:\/\/teiaeducation.ch\/de\/produkt\/ernaehrungspyramide-erzi\/","og_site_name":"Sustainable Educational Products &amp; Ecological Toys\u00a0","article_publisher":"https:\/\/www.facebook.com\/teiaeducation\/","article_modified_time":"2025-12-11T16:46:26+00:00","og_image":[{"width":900,"height":900,"url":"https:\/\/teiaeducation.ch\/wp-content\/uploads\/2021\/07\/Nutrition-pyramid-Erzi01-scaled.jpg","type":"image\/jpeg"}],"schema":{"@context":"https:\/\/schema.org","@graph":[{"@type":"WebPage","@id":"https:\/\/teiaeducation.ch\/de\/produkt\/ernaehrungspyramide-erzi\/","url":"https:\/\/teiaeducation.ch\/de\/produkt\/ernaehrungspyramide-erzi\/","name":"Ern\u00e4hrungspyramide - Erzi","isPartOf":{"@id":"https:\/\/teiaeducation.ch\/de\/#website"},"primaryImageOfPage":{"@id":"https:\/\/teiaeducation.ch\/de\/produkt\/ernaehrungspyramide-erzi\/#primaryimage"},"image":{"@id":"https:\/\/teiaeducation.ch\/de\/produkt\/ernaehrungspyramide-erzi\/#primaryimage"},"thumbnailUrl":"https:\/\/teiaeducation.ch\/wp-content\/uploads\/2021\/07\/Nutrition-pyramid-Erzi01-scaled.jpg","datePublished":"2021-07-06T13:15:43+00:00","dateModified":"2025-12-11T16:46:26+00:00","description":"Erzi's Ern\u00e4hrungspyramide ist ein hochwertiges Holzspielzeug mit Ern\u00e4hrungspyramide, mit dem Kinder \u00fcber gesunde Ern\u00e4hrung lernen k\u00f6nnen! Hergestellt in Deutschland.","breadcrumb":{"@id":"https:\/\/teiaeducation.ch\/de\/produkt\/ernaehrungspyramide-erzi\/#breadcrumb"},"inLanguage":"de-CH","potentialAction":[{"@type":"ReadAction","target":["https:\/\/teiaeducation.ch\/de\/produkt\/ernaehrungspyramide-erzi\/"]}]},{"@type":"ImageObject","inLanguage":"de-CH","@id":"https:\/\/teiaeducation.ch\/de\/produkt\/ernaehrungspyramide-erzi\/#primaryimage","url":"https:\/\/teiaeducation.ch\/wp-content\/uploads\/2021\/07\/Nutrition-pyramid-Erzi01-scaled.jpg","contentUrl":"https:\/\/teiaeducation.ch\/wp-content\/uploads\/2021\/07\/Nutrition-pyramid-Erzi01-scaled.jpg","width":900,"height":900,"caption":"Ern\u00e4hrungspyramide und Spielfutter aus Holz - Erzi"},{"@type":"BreadcrumbList","@id":"https:\/\/teiaeducation.ch\/de\/produkt\/ernaehrungspyramide-erzi\/#breadcrumb","itemListElement":[{"@type":"ListItem","position":1,"name":"Home","item":"https:\/\/teiaeducation.ch\/de\/"},{"@type":"ListItem","position":2,"name":"Laden","item":"https:\/\/teiaeducation.ch\/de\/shop\/"},{"@type":"ListItem","position":3,"name":"Unsere Marken","item":"https:\/\/teiaeducation.ch\/de\/produkt-kategorie\/unsere-marken\/"},{"@type":"ListItem","position":4,"name":"Erzi","item":"https:\/\/teiaeducation.ch\/de\/produkt-kategorie\/unsere-marken\/erzi-klassisches-holzspielzeug-de\/"},{"@type":"ListItem","position":5,"name":"Lernmaterialien","item":"https:\/\/teiaeducation.ch\/de\/produkt-kategorie\/unsere-marken\/erzi-klassisches-holzspielzeug-de\/lernmaterialien\/"},{"@type":"ListItem","position":6,"name":"Ern\u00e4hrungspyramide &#8211; Erzi"}]},{"@type":"WebSite","@id":"https:\/\/teiaeducation.ch\/de\/#website","url":"https:\/\/teiaeducation.ch\/de\/","name":"Sustainable Educational Products &amp; Ecological Toys\u00a0","description":"Specialised Swiss shop selling sustainable educational toys and games, AMI certified Montessori materials, handmade ecological wooden Waldorf toys and arts &amp; crafts supplies, school supplies, children&#039;s furniture and Montessori reference and parenting books.","publisher":{"@id":"https:\/\/teiaeducation.ch\/de\/#organization"},"alternateName":"Teia Education & Play","potentialAction":[{"@type":"SearchAction","target":{"@type":"EntryPoint","urlTemplate":"https:\/\/teiaeducation.ch\/de\/?s={search_term_string}"},"query-input":{"@type":"PropertyValueSpecification","valueRequired":true,"valueName":"search_term_string"}}],"inLanguage":"de-CH"},{"@type":"Organization","@id":"https:\/\/teiaeducation.ch\/de\/#organization","name":"Teia Education & Play","url":"https:\/\/teiaeducation.ch\/de\/","logo":{"@type":"ImageObject","inLanguage":"de-CH","@id":"https:\/\/teiaeducation.ch\/de\/#\/schema\/logo\/image\/","url":"https:\/\/teiaeducation.ch\/wp-content\/uploads\/2020\/11\/Teia-Education-Switzerland-e1620156442216.jpg","contentUrl":"https:\/\/teiaeducation.ch\/wp-content\/uploads\/2020\/11\/Teia-Education-Switzerland-e1620156442216.jpg","width":166,"height":145,"caption":"Teia Education & Play"},"image":{"@id":"https:\/\/teiaeducation.ch\/de\/#\/schema\/logo\/image\/"},"sameAs":["https:\/\/www.facebook.com\/teiaeducation\/","https:\/\/x.com\/EducationTeia","https:\/\/www.instagram.com\/teia.education\/","https:\/\/www.linkedin.com\/company\/35501660","https:\/\/www.pinterest.ch\/TeiaEducation\/"]}]}},"_links":{"self":[{"href":"https:\/\/teiaeducation.ch\/de\/wp-json\/wp\/v2\/product\/59364","targetHints":{"allow":["GET"]}}],"collection":[{"href":"https:\/\/teiaeducation.ch\/de\/wp-json\/wp\/v2\/product"}],"about":[{"href":"https:\/\/teiaeducation.ch\/de\/wp-json\/wp\/v2\/types\/product"}],"replies":[{"embeddable":true,"href":"https:\/\/teiaeducation.ch\/de\/wp-json\/wp\/v2\/comments?post=59364"}],"wp:featuredmedia":[{"embeddable":true,"href":"https:\/\/teiaeducation.ch\/de\/wp-json\/wp\/v2\/media\/59365"}],"wp:attachment":[{"href":"https:\/\/teiaeducation.ch\/de\/wp-json\/wp\/v2\/media?parent=59364"}],"wp:term":[{"taxonomy":"product_brand","embeddable":true,"href":"https:\/\/teiaeducation.ch\/de\/wp-json\/wp\/v2\/product_brand?post=59364"},{"taxonomy":"product_cat","embeddable":true,"href":"https:\/\/teiaeducation.ch\/de\/wp-json\/wp\/v2\/product_cat?post=59364"},{"taxonomy":"product_tag","embeddable":true,"href":"https:\/\/teiaeducation.ch\/de\/wp-json\/wp\/v2\/product_tag?post=59364"}],"curies":[{"name":"wp","href":"https:\/\/api.w.org\/{rel}","templated":true}]}}