{"id":59371,"date":"2021-07-05T16:29:08","date_gmt":"2021-07-05T14:29:08","guid":{"rendered":"https:\/\/teiaeducation.ch\/product\/sortierbox-erzi\/"},"modified":"2025-12-11T17:46:41","modified_gmt":"2025-12-11T16:46:41","slug":"sortierbox-erzi","status":"publish","type":"product","link":"https:\/\/teiaeducation.ch\/de\/produkt\/sortierbox-erzi\/","title":{"rendered":"Sortierbox &#8211; Erzi"},"content":{"rendered":"<p>Erzi&#8217;s Sortierbox ist ein klassisches p\u00e4dagogisches <a href=\"https:\/\/teiaeducation.ch\/de\/produkt-kategorie\/kinder-spielzeug\/handgefertigtes-holzspielzeug\/\">Holzspielzeug<\/a> f\u00fcr spielerisches Lernen!<\/p>\n<p>Mit diesem sorgf\u00e4ltig gestalteten Spielzeug k\u00f6nnen Kinder auf spielerische Weise die verschiedenen Formen und Farben entdecken und lernen. Die gro\u00dfen, farbenfrohen geometrischen Formen, die das Kind beim Lernen leiten und unterst\u00fctzen, sind leicht zu verstehen und k\u00f6nnen in die entsprechende \u00d6ffnung in der Box eingeordnet werden; jede Form kann nur durch ihre eigene \u00d6ffnung eingesetzt werden.<\/p>\n<p>Die <a href=\"https:\/\/teiaeducation.ch\/de\/produkt-kategorie\/kinder-spielzeug\/sortieren\/\">Sortier<\/a>box von Erzi ist ein klassisches Material zur F\u00f6rderung der fr\u00fchkindlichen Entwicklung. Sie f\u00f6rdert die Konzentration und die <a href=\"https:\/\/teiaeducation.ch\/de\/produkt-kategorie\/lernthemen\/sensorische-motorische-fertigkeiten\/motorische-fertigkeiten\/\">Feinmotorik<\/a>, aber auch die kognitiven F\u00e4higkeiten und die Geschicklichkeit. Wenn das Spiel vorbei ist, kann alles in der Box verstaut werden.<\/p>\n<p>Die Erzi-Box ist aus massivem Buchen- und Birkensperrholz gefertigt. Die Formen sind mit ungiftigem Lack auf Wasserbasis lackiert und die Schachtel hat eine nat\u00fcrliche Oberfl\u00e4che. Er misst 15 x 15 x 8 cm. Dieses hochwertige Lernspielzeug aus Holz wird nachhaltig in Deutschland hergestellt.<\/p>\n<p>Die Erzi Sortierbox ist f\u00fcr Kinder ab 1 Jahr geeignet.<\/p>\n<p>Inhalt:<\/p>\n<p>1 Sortierbox aus Holz mit abnehmbarem Deckel<br \/>\n5 Holzkl\u00f6tze<\/p>\n<h2>\u00dcber Erzi<\/h2>\n<p>Das umfangreiche Erzi-Sortiment tr\u00e4gt das unverwechselbare G\u00fctesiegel &#8220;made in Germany&#8221;, denn es stammt aus dem Erzgebirge.<\/p>\n<p><a href=\"https:\/\/teiaeducation.ch\/de\/produkt-kategorie\/unsere-marken\/erzi-klassisches-holzspielzeug-de\/\">Erzi<\/a> verwendet f\u00fcr die Herstellung seiner Spielzeuge Holz aus der Region, das mit dem <a href=\"https:\/\/fsc.org\/en\">FSC<\/a>-Siegel (Forest Stewardship Council) zertifiziert und verbessert wurde. Alle Oberfl\u00e4chenbehandlungen wie Farben und Lacke auf Wasserbasis sind ungiftig und jedes Erzi Produkt entspricht den h\u00f6chsten Sicherheitsstandards f\u00fcr Spielzeug. Die hochwertigen <a href=\"https:\/\/teiaeducation.ch\/de\/produkt-kategorie\/kinder-spielzeug\/handgefertigtes-holzspielzeug\/\">Holzspielzeuge<\/a> und <a href=\"https:\/\/teiaeducation.ch\/de\/produkt-kategorie\/lernthemen\/\">Lernprodukte<\/a> von Erzi zeichnen sich durch eine gro\u00dfe Vielfalt an nat\u00fcrlichen <a href=\"https:\/\/teiaeducation.ch\/de\/produkt-kategorie\/lernthemen\/mathematik-rechnen\/formen\/\">Formen<\/a> und <a href=\"https:\/\/teiaeducation.ch\/de\/produkt-kategorie\/lernthemen\/sensorische-motorische-fertigkeiten\/farbe-lernen\/\">Farben<\/a> aus und sind langlebig und nachhaltig.<\/p>\n","protected":false},"excerpt":{"rendered":"<p>Artikelnummer: 42510<\/p>\n<p>Erzi&#8217;s Sortierbox ist ein klassisches p\u00e4dagogisches Holzspielzeug zum spielerischen Lernen f\u00fcr Kinder ab 1 Jahr und wird in Deutschland hergestellt.<\/p>\n","protected":false},"featured_media":59372,"comment_status":"open","ping_status":"closed","template":"","meta":[],"product_brand":[],"product_cat":[21444,21479,21622,21558,21550,23075,21707,21624,21509,21537,21559,21443,21563,21494,21557,21697,21678,21497,21482,21564],"product_tag":[28132,28133,28134,28138,28131,28137,26515,21743,28136,28135],"class_list":{"0":"post-59371","1":"product","2":"type-product","3":"status-publish","4":"has-post-thumbnail","6":"product_cat-1-3-jahre-kleinkind","7":"product_cat-lernmaterialien-spielzeug-montessori-waldorf-steiner-froebel","8":"product_cat-erzi-klassisches-holzspielzeug-de","9":"product_cat-farbe-lernen","10":"product_cat-formen","11":"product_cat-handgefertigtes-holzspielzeug","12":"product_cat-holzpuzzles","13":"product_cat-lernmaterialien","14":"product_cat-lernthemen","15":"product_cat-mathematik-rechnen","16":"product_cat-motorische-fertigkeiten","17":"product_cat-nach-alter","18":"product_cat-neuheiten","19":"product_cat-schulbedarf-fuer-zuhause","20":"product_cat-sensorische-motorische-fertigkeiten","21":"product_cat-sortieren","22":"product_cat-kinder-spielzeug","23":"product_cat-spielen-und-lernen-fuer-babys-kleinkinder","24":"product_cat-traditionelle-bildung","25":"product_cat-unsere-marken","26":"product_tag-erzi-sortierbox","27":"product_tag-erzi-sortierbox-de","28":"product_tag-holzformsortierer","29":"product_tag-holzspielzeug-fur-ein-einjahriges-kind","30":"product_tag-holzspielzeug-hergestellt-in-deutschland","31":"product_tag-klassisches-spielzeug-aus-holz","32":"product_tag-lernspielzeug","33":"product_tag-nachhaltiges-holzspielzeug","34":"product_tag-traditionelles-fruhes-lernspielzeug","35":"product_tag-traditionelles-holzspielzeug","37":"first","38":"instock","39":"taxable","40":"shipping-taxable","41":"purchasable","42":"product-type-simple"},"yoast_head":"<!-- This site is optimized with the Yoast SEO plugin v27.1.1 - https:\/\/yoast.com\/product\/yoast-seo-wordpress\/ -->\n<title>Sortierbox - Erzi<\/title>\n<meta name=\"description\" content=\"Erzi&#039;s Sortierbox ist ein klassisches Lernspielzeug aus Holz zum spielerischen Erlernen von Formen und Farben! Nachhaltig hergestellt in Deutschland.\" \/>\n<meta name=\"robots\" content=\"index, follow, max-snippet:-1, max-image-preview:large, max-video-preview:-1\" \/>\n<link rel=\"canonical\" href=\"https:\/\/teiaeducation.ch\/de\/produkt\/sortierbox-erzi\/\" \/>\n<meta property=\"og:locale\" content=\"de_DE\" \/>\n<meta property=\"og:type\" content=\"article\" \/>\n<meta property=\"og:title\" content=\"Sortierbox - Erzi\" \/>\n<meta property=\"og:description\" content=\"Erzi&#039;s Sortierbox ist ein klassisches Lernspielzeug aus Holz zum spielerischen Erlernen von Formen und Farben! Nachhaltig hergestellt in Deutschland.\" \/>\n<meta property=\"og:url\" content=\"https:\/\/teiaeducation.ch\/de\/produkt\/sortierbox-erzi\/\" \/>\n<meta property=\"og:site_name\" content=\"Sustainable Educational Products &amp; Ecological Toys\u00a0\" \/>\n<meta property=\"article:publisher\" content=\"https:\/\/www.facebook.com\/teiaeducation\/\" \/>\n<meta property=\"article:modified_time\" content=\"2025-12-11T16:46:41+00:00\" \/>\n<meta property=\"og:image\" content=\"https:\/\/teiaeducation.ch\/wp-content\/uploads\/2021\/07\/Shape-sorting-box-Erzi01-scaled.jpg\" \/>\n\t<meta property=\"og:image:width\" content=\"900\" \/>\n\t<meta property=\"og:image:height\" content=\"900\" \/>\n\t<meta property=\"og:image:type\" content=\"image\/jpeg\" \/>\n<script type=\"application\/ld+json\" class=\"yoast-schema-graph\">{\"@context\":\"https:\/\/schema.org\",\"@graph\":[{\"@type\":\"WebPage\",\"@id\":\"https:\/\/teiaeducation.ch\/de\/produkt\/sortierbox-erzi\/\",\"url\":\"https:\/\/teiaeducation.ch\/de\/produkt\/sortierbox-erzi\/\",\"name\":\"Sortierbox - Erzi\",\"isPartOf\":{\"@id\":\"https:\/\/teiaeducation.ch\/de\/#website\"},\"primaryImageOfPage\":{\"@id\":\"https:\/\/teiaeducation.ch\/de\/produkt\/sortierbox-erzi\/#primaryimage\"},\"image\":{\"@id\":\"https:\/\/teiaeducation.ch\/de\/produkt\/sortierbox-erzi\/#primaryimage\"},\"thumbnailUrl\":\"https:\/\/teiaeducation.ch\/wp-content\/uploads\/2021\/07\/Shape-sorting-box-Erzi01-scaled.jpg\",\"datePublished\":\"2021-07-05T14:29:08+00:00\",\"dateModified\":\"2025-12-11T16:46:41+00:00\",\"description\":\"Erzi's Sortierbox ist ein klassisches Lernspielzeug aus Holz zum spielerischen Erlernen von Formen und Farben! Nachhaltig hergestellt in Deutschland.\",\"breadcrumb\":{\"@id\":\"https:\/\/teiaeducation.ch\/de\/produkt\/sortierbox-erzi\/#breadcrumb\"},\"inLanguage\":\"de-CH\",\"potentialAction\":[{\"@type\":\"ReadAction\",\"target\":[\"https:\/\/teiaeducation.ch\/de\/produkt\/sortierbox-erzi\/\"]}]},{\"@type\":\"ImageObject\",\"inLanguage\":\"de-CH\",\"@id\":\"https:\/\/teiaeducation.ch\/de\/produkt\/sortierbox-erzi\/#primaryimage\",\"url\":\"https:\/\/teiaeducation.ch\/wp-content\/uploads\/2021\/07\/Shape-sorting-box-Erzi01-scaled.jpg\",\"contentUrl\":\"https:\/\/teiaeducation.ch\/wp-content\/uploads\/2021\/07\/Shape-sorting-box-Erzi01-scaled.jpg\",\"width\":900,\"height\":900,\"caption\":\"Sortierbox - Erzi\"},{\"@type\":\"BreadcrumbList\",\"@id\":\"https:\/\/teiaeducation.ch\/de\/produkt\/sortierbox-erzi\/#breadcrumb\",\"itemListElement\":[{\"@type\":\"ListItem\",\"position\":1,\"name\":\"Home\",\"item\":\"https:\/\/teiaeducation.ch\/de\/\"},{\"@type\":\"ListItem\",\"position\":2,\"name\":\"Laden\",\"item\":\"https:\/\/teiaeducation.ch\/de\/shop\/\"},{\"@type\":\"ListItem\",\"position\":3,\"name\":\"Unsere Marken\",\"item\":\"https:\/\/teiaeducation.ch\/de\/produkt-kategorie\/unsere-marken\/\"},{\"@type\":\"ListItem\",\"position\":4,\"name\":\"Erzi\",\"item\":\"https:\/\/teiaeducation.ch\/de\/produkt-kategorie\/unsere-marken\/erzi-klassisches-holzspielzeug-de\/\"},{\"@type\":\"ListItem\",\"position\":5,\"name\":\"Lernmaterialien\",\"item\":\"https:\/\/teiaeducation.ch\/de\/produkt-kategorie\/unsere-marken\/erzi-klassisches-holzspielzeug-de\/lernmaterialien\/\"},{\"@type\":\"ListItem\",\"position\":6,\"name\":\"Sortierbox &#8211; Erzi\"}]},{\"@type\":\"WebSite\",\"@id\":\"https:\/\/teiaeducation.ch\/de\/#website\",\"url\":\"https:\/\/teiaeducation.ch\/de\/\",\"name\":\"Sustainable Educational Products &amp; Ecological Toys\u00a0\",\"description\":\"Specialised Swiss shop selling sustainable educational toys and games, AMI certified Montessori materials, handmade ecological wooden Waldorf toys and arts &amp; crafts supplies, school supplies, children&#039;s furniture and Montessori reference and parenting books.\",\"publisher\":{\"@id\":\"https:\/\/teiaeducation.ch\/de\/#organization\"},\"alternateName\":\"Teia Education & Play\",\"potentialAction\":[{\"@type\":\"SearchAction\",\"target\":{\"@type\":\"EntryPoint\",\"urlTemplate\":\"https:\/\/teiaeducation.ch\/de\/?s={search_term_string}\"},\"query-input\":{\"@type\":\"PropertyValueSpecification\",\"valueRequired\":true,\"valueName\":\"search_term_string\"}}],\"inLanguage\":\"de-CH\"},{\"@type\":\"Organization\",\"@id\":\"https:\/\/teiaeducation.ch\/de\/#organization\",\"name\":\"Teia Education & Play\",\"url\":\"https:\/\/teiaeducation.ch\/de\/\",\"logo\":{\"@type\":\"ImageObject\",\"inLanguage\":\"de-CH\",\"@id\":\"https:\/\/teiaeducation.ch\/de\/#\/schema\/logo\/image\/\",\"url\":\"https:\/\/teiaeducation.ch\/wp-content\/uploads\/2020\/11\/Teia-Education-Switzerland-e1620156442216.jpg\",\"contentUrl\":\"https:\/\/teiaeducation.ch\/wp-content\/uploads\/2020\/11\/Teia-Education-Switzerland-e1620156442216.jpg\",\"width\":166,\"height\":145,\"caption\":\"Teia Education & Play\"},\"image\":{\"@id\":\"https:\/\/teiaeducation.ch\/de\/#\/schema\/logo\/image\/\"},\"sameAs\":[\"https:\/\/www.facebook.com\/teiaeducation\/\",\"https:\/\/x.com\/EducationTeia\",\"https:\/\/www.instagram.com\/teia.education\/\",\"https:\/\/www.linkedin.com\/company\/35501660\",\"https:\/\/www.pinterest.ch\/TeiaEducation\/\"]}]}<\/script>\n<!-- \/ Yoast SEO plugin. -->","yoast_head_json":{"title":"Sortierbox - Erzi","description":"Erzi's Sortierbox ist ein klassisches Lernspielzeug aus Holz zum spielerischen Erlernen von Formen und Farben! Nachhaltig hergestellt in Deutschland.","robots":{"index":"index","follow":"follow","max-snippet":"max-snippet:-1","max-image-preview":"max-image-preview:large","max-video-preview":"max-video-preview:-1"},"canonical":"https:\/\/teiaeducation.ch\/de\/produkt\/sortierbox-erzi\/","og_locale":"de_DE","og_type":"article","og_title":"Sortierbox - Erzi","og_description":"Erzi's Sortierbox ist ein klassisches Lernspielzeug aus Holz zum spielerischen Erlernen von Formen und Farben! Nachhaltig hergestellt in Deutschland.","og_url":"https:\/\/teiaeducation.ch\/de\/produkt\/sortierbox-erzi\/","og_site_name":"Sustainable Educational Products &amp; Ecological Toys\u00a0","article_publisher":"https:\/\/www.facebook.com\/teiaeducation\/","article_modified_time":"2025-12-11T16:46:41+00:00","og_image":[{"width":900,"height":900,"url":"https:\/\/teiaeducation.ch\/wp-content\/uploads\/2021\/07\/Shape-sorting-box-Erzi01-scaled.jpg","type":"image\/jpeg"}],"schema":{"@context":"https:\/\/schema.org","@graph":[{"@type":"WebPage","@id":"https:\/\/teiaeducation.ch\/de\/produkt\/sortierbox-erzi\/","url":"https:\/\/teiaeducation.ch\/de\/produkt\/sortierbox-erzi\/","name":"Sortierbox - Erzi","isPartOf":{"@id":"https:\/\/teiaeducation.ch\/de\/#website"},"primaryImageOfPage":{"@id":"https:\/\/teiaeducation.ch\/de\/produkt\/sortierbox-erzi\/#primaryimage"},"image":{"@id":"https:\/\/teiaeducation.ch\/de\/produkt\/sortierbox-erzi\/#primaryimage"},"thumbnailUrl":"https:\/\/teiaeducation.ch\/wp-content\/uploads\/2021\/07\/Shape-sorting-box-Erzi01-scaled.jpg","datePublished":"2021-07-05T14:29:08+00:00","dateModified":"2025-12-11T16:46:41+00:00","description":"Erzi's Sortierbox ist ein klassisches Lernspielzeug aus Holz zum spielerischen Erlernen von Formen und Farben! Nachhaltig hergestellt in Deutschland.","breadcrumb":{"@id":"https:\/\/teiaeducation.ch\/de\/produkt\/sortierbox-erzi\/#breadcrumb"},"inLanguage":"de-CH","potentialAction":[{"@type":"ReadAction","target":["https:\/\/teiaeducation.ch\/de\/produkt\/sortierbox-erzi\/"]}]},{"@type":"ImageObject","inLanguage":"de-CH","@id":"https:\/\/teiaeducation.ch\/de\/produkt\/sortierbox-erzi\/#primaryimage","url":"https:\/\/teiaeducation.ch\/wp-content\/uploads\/2021\/07\/Shape-sorting-box-Erzi01-scaled.jpg","contentUrl":"https:\/\/teiaeducation.ch\/wp-content\/uploads\/2021\/07\/Shape-sorting-box-Erzi01-scaled.jpg","width":900,"height":900,"caption":"Sortierbox - Erzi"},{"@type":"BreadcrumbList","@id":"https:\/\/teiaeducation.ch\/de\/produkt\/sortierbox-erzi\/#breadcrumb","itemListElement":[{"@type":"ListItem","position":1,"name":"Home","item":"https:\/\/teiaeducation.ch\/de\/"},{"@type":"ListItem","position":2,"name":"Laden","item":"https:\/\/teiaeducation.ch\/de\/shop\/"},{"@type":"ListItem","position":3,"name":"Unsere Marken","item":"https:\/\/teiaeducation.ch\/de\/produkt-kategorie\/unsere-marken\/"},{"@type":"ListItem","position":4,"name":"Erzi","item":"https:\/\/teiaeducation.ch\/de\/produkt-kategorie\/unsere-marken\/erzi-klassisches-holzspielzeug-de\/"},{"@type":"ListItem","position":5,"name":"Lernmaterialien","item":"https:\/\/teiaeducation.ch\/de\/produkt-kategorie\/unsere-marken\/erzi-klassisches-holzspielzeug-de\/lernmaterialien\/"},{"@type":"ListItem","position":6,"name":"Sortierbox &#8211; Erzi"}]},{"@type":"WebSite","@id":"https:\/\/teiaeducation.ch\/de\/#website","url":"https:\/\/teiaeducation.ch\/de\/","name":"Sustainable Educational Products &amp; Ecological Toys\u00a0","description":"Specialised Swiss shop selling sustainable educational toys and games, AMI certified Montessori materials, handmade ecological wooden Waldorf toys and arts &amp; crafts supplies, school supplies, children&#039;s furniture and Montessori reference and parenting books.","publisher":{"@id":"https:\/\/teiaeducation.ch\/de\/#organization"},"alternateName":"Teia Education & Play","potentialAction":[{"@type":"SearchAction","target":{"@type":"EntryPoint","urlTemplate":"https:\/\/teiaeducation.ch\/de\/?s={search_term_string}"},"query-input":{"@type":"PropertyValueSpecification","valueRequired":true,"valueName":"search_term_string"}}],"inLanguage":"de-CH"},{"@type":"Organization","@id":"https:\/\/teiaeducation.ch\/de\/#organization","name":"Teia Education & Play","url":"https:\/\/teiaeducation.ch\/de\/","logo":{"@type":"ImageObject","inLanguage":"de-CH","@id":"https:\/\/teiaeducation.ch\/de\/#\/schema\/logo\/image\/","url":"https:\/\/teiaeducation.ch\/wp-content\/uploads\/2020\/11\/Teia-Education-Switzerland-e1620156442216.jpg","contentUrl":"https:\/\/teiaeducation.ch\/wp-content\/uploads\/2020\/11\/Teia-Education-Switzerland-e1620156442216.jpg","width":166,"height":145,"caption":"Teia Education & Play"},"image":{"@id":"https:\/\/teiaeducation.ch\/de\/#\/schema\/logo\/image\/"},"sameAs":["https:\/\/www.facebook.com\/teiaeducation\/","https:\/\/x.com\/EducationTeia","https:\/\/www.instagram.com\/teia.education\/","https:\/\/www.linkedin.com\/company\/35501660","https:\/\/www.pinterest.ch\/TeiaEducation\/"]}]}},"_links":{"self":[{"href":"https:\/\/teiaeducation.ch\/de\/wp-json\/wp\/v2\/product\/59371","targetHints":{"allow":["GET"]}}],"collection":[{"href":"https:\/\/teiaeducation.ch\/de\/wp-json\/wp\/v2\/product"}],"about":[{"href":"https:\/\/teiaeducation.ch\/de\/wp-json\/wp\/v2\/types\/product"}],"replies":[{"embeddable":true,"href":"https:\/\/teiaeducation.ch\/de\/wp-json\/wp\/v2\/comments?post=59371"}],"wp:featuredmedia":[{"embeddable":true,"href":"https:\/\/teiaeducation.ch\/de\/wp-json\/wp\/v2\/media\/59372"}],"wp:attachment":[{"href":"https:\/\/teiaeducation.ch\/de\/wp-json\/wp\/v2\/media?parent=59371"}],"wp:term":[{"taxonomy":"product_brand","embeddable":true,"href":"https:\/\/teiaeducation.ch\/de\/wp-json\/wp\/v2\/product_brand?post=59371"},{"taxonomy":"product_cat","embeddable":true,"href":"https:\/\/teiaeducation.ch\/de\/wp-json\/wp\/v2\/product_cat?post=59371"},{"taxonomy":"product_tag","embeddable":true,"href":"https:\/\/teiaeducation.ch\/de\/wp-json\/wp\/v2\/product_tag?post=59371"}],"curies":[{"name":"wp","href":"https:\/\/api.w.org\/{rel}","templated":true}]}}