{"id":59374,"date":"2020-10-19T15:10:27","date_gmt":"2020-10-19T13:10:27","guid":{"rendered":"https:\/\/teiaeducation.ch\/product\/holzfraktionen-eines-ganzen-erzi\/"},"modified":"2024-03-11T13:44:46","modified_gmt":"2024-03-11T12:44:46","slug":"holzfraktionen-eines-ganzen-erzi","status":"publish","type":"product","link":"https:\/\/teiaeducation.ch\/de\/produkt\/holzfraktionen-eines-ganzen-erzi\/","title":{"rendered":"Holzfraktionen eines Ganzen &#8211; Erzi"},"content":{"rendered":"<p>Dieses wundersch\u00f6n gestaltete mathematische Lernspiel Holz<a href=\"https:\/\/teiaeducation.ch\/product-category\/curriculum-areas\/mathematics-numeracy\/fractions\/\">fraktionen<\/a> eines Ganzen von Erzi ist eine gro\u00dfartige M\u00f6glichkeit, Kindern zu helfen, Br\u00fcche durch visuelles und praktisches Lernen zu verstehen!<\/p>\n<p>Dieses einzigartige System aus massiver Buche wurde entwickelt, um Kindern die verschiedenen Teile zu vermitteln, aus denen sich eine ganze <a href=\"https:\/\/teiaeducation.ch\/product-category\/learning-themes\/mathematics-numeracy\/numbers\/\">Zahl<\/a> zusammensetzt. Beim Spielen mit den dreidimensionalen Formen lernen die Kinder, die einzelnen Bestandteile jeder ganzen Form wie H\u00e4lften, Viertel und Achtel zu unterscheiden und Br\u00fcche auszudr\u00fccken.<\/p>\n<p>Jede Holzform hat ihren eigenen Platz auf dem Spielbrett. Um beispielsweise einen W\u00fcrfel aus vier Vierteln zu bilden, nimmt das Kind jedes Viertel aus dem Fach und legt es an die entsprechende Stelle.<\/p>\n<p>Diese direkte Methode des spielerischen Lernens mit dem Lernspiel Holzfraktionen eines Ganzen vermittelt Kindern ein hervorragendes Verst\u00e4ndnis f\u00fcr Br\u00fcche und die Grund<a href=\"https:\/\/teiaeducation.ch\/product-category\/learning-themes\/mathematics-numeracy\/\">rechen<\/a>arten und wird f\u00fcr Kinder ab drei Jahren empfohlen.<\/p>\n<p>Inhalt:<\/p>\n<p>19 Teile (4 Grundplatten mit Vertiefungen f\u00fcr W\u00fcrfel und Quads)<br \/>\n1 gro\u00dfer W\u00fcrfel, der ein Ganzes, 2 H\u00e4lften, 4 Viertel und 8 Achtel bildet<\/p>\n<h2>\u00dcber Erzi<\/h2>\n<p>Das umfangreiche Erzi-Sortiment tr\u00e4gt das unverwechselbare G\u00fctesiegel &#8220;made in Germany&#8221;, denn es stammt aus dem Erzgebirge.<\/p>\n<p><a href=\"https:\/\/teiaeducation.ch\/product-category\/brands\/erzi\/\">Erzi<\/a> verwendet f\u00fcr die Herstellung seiner Spielzeuge Holz aus der Region, das mit dem <a href=\"https:\/\/fsc.org\/en\">FSC<\/a>-Siegel (Forest Stewardship Council) zertifiziert und verbessert wurde. Alle Oberfl\u00e4chenbehandlungen wie Farben und Lacke auf Wasserbasis sind ungiftig und jedes Erzi Produkt entspricht den h\u00f6chsten Sicherheitsstandards f\u00fcr Spielzeug. Die hochwertigen <a href=\"https:\/\/teiaeducation.ch\/product-category\/hgh-quality-toys-play\/handmade-wooden-toys\/\">Holzspielzeuge<\/a> und <a href=\"https:\/\/teiaeducation.ch\/product-category\/learning-themes\/\">Lernprodukte<\/a> von Erzi zeichnen sich durch eine gro\u00dfe Vielfalt an nat\u00fcrlichen <a href=\"https:\/\/teiaeducation.ch\/product-category\/learning-themes\/mathematics-numeracy\/shapes\/\">Formen<\/a> und <a href=\"https:\/\/teiaeducation.ch\/product-category\/learning-themes\/sensory-motor-skills\/learning-about-colour\/\">Farben<\/a> aus und sind langlebig und nachhaltig.<\/p>\n","protected":false},"excerpt":{"rendered":"<p>Artikelnummer: 42040<\/p>\n<p>Dieses sch\u00f6n gestaltete mathematische Lernspiel aus Holz &#8220;Bruchteile eines Ganzen&#8221; von Erzi ist eine gro\u00dfartige M\u00f6glichkeit, Kindern das Verst\u00e4ndnis von Br\u00fcchen durch visuelles und praktisches Lernen zu vermitteln!<\/p>\n","protected":false},"featured_media":59375,"comment_status":"open","ping_status":"closed","template":"","meta":[],"product_brand":[],"product_cat":[21445,21671,23651,21479,21622,21543,21624,21509,21537,21443,21563,22362,21482,21564],"product_tag":[28148,28140,28042,21887,21886,21885,28141,28146,28139,28143,28142,28147,28144,28145],"class_list":{"0":"post-59374","1":"product","2":"type-product","3":"status-publish","4":"has-post-thumbnail","6":"product_cat-3-6-jahre-vorschule","7":"product_cat-angebot","8":"product_cat-back-to-school-de","9":"product_cat-lernmaterialien-spielzeug-montessori-waldorf-steiner-froebel","10":"product_cat-erzi-klassisches-holzspielzeug-de","11":"product_cat-fraktionen","12":"product_cat-lernmaterialien","13":"product_cat-lernthemen","14":"product_cat-mathematik-rechnen","15":"product_cat-nach-alter","16":"product_cat-neuheiten","17":"product_cat-saisonale-kollektionen","18":"product_cat-traditionelle-bildung","19":"product_cat-unsere-marken","20":"product_tag-bruchteile-eines-ganzen-erzi","21":"product_tag-erzi-fraktionen-lernspiel","22":"product_tag-erzi-lernspiel","23":"product_tag-erzi-schweiz-de","24":"product_tag-erzi-suisse-de","25":"product_tag-erzi-switzerland-de","26":"product_tag-erzi-bruchteile-blocke","27":"product_tag-erzi-bruchteile-eines-ganzen","28":"product_tag-erzi-lernmaterialien","29":"product_tag-holz-bruchteile-set","30":"product_tag-holzblocke-fur-bruche","31":"product_tag-holzfraktionen-eines-ganzen-erzi","32":"product_tag-mathe-set-aus-holz","33":"product_tag-matheblocke-aus-holz","35":"first","36":"outofstock","37":"sale","38":"taxable","39":"shipping-taxable","40":"purchasable","41":"product-type-simple"},"yoast_head":"<!-- This site is optimized with the Yoast SEO plugin v27.1.1 - https:\/\/yoast.com\/product\/yoast-seo-wordpress\/ -->\n<title>Holzfraktionen eines Ganzen - Erzi - Teia Education &amp; Play<\/title>\n<meta name=\"description\" content=\"Das mathematische Lernspiel Erzi Holzfraktionen eines Ganzen bietet visuelles und praktisches Lernen von Br\u00fcchen und mathematischen Grundlagen. Hergestellt in Deutschland.\" \/>\n<meta name=\"robots\" content=\"index, follow, max-snippet:-1, max-image-preview:large, max-video-preview:-1\" \/>\n<link rel=\"canonical\" href=\"https:\/\/teiaeducation.ch\/de\/produkt\/holzfraktionen-eines-ganzen-erzi\/\" \/>\n<meta property=\"og:locale\" content=\"de_DE\" \/>\n<meta property=\"og:type\" content=\"article\" \/>\n<meta property=\"og:title\" content=\"Holzfraktionen eines Ganzen - Erzi - Teia Education &amp; Play\" \/>\n<meta property=\"og:description\" content=\"Das mathematische Lernspiel Erzi Holzfraktionen eines Ganzen bietet visuelles und praktisches Lernen von Br\u00fcchen und mathematischen Grundlagen. Hergestellt in Deutschland.\" \/>\n<meta property=\"og:url\" content=\"https:\/\/teiaeducation.ch\/de\/produkt\/holzfraktionen-eines-ganzen-erzi\/\" \/>\n<meta property=\"og:site_name\" content=\"Sustainable Educational Products &amp; Ecological Toys\u00a0\" \/>\n<meta property=\"article:publisher\" content=\"https:\/\/www.facebook.com\/teiaeducation\/\" \/>\n<meta property=\"article:modified_time\" content=\"2024-03-11T12:44:46+00:00\" \/>\n<meta property=\"og:image\" content=\"https:\/\/teiaeducation.ch\/wp-content\/uploads\/2020\/09\/Wooden-fractions-of-a-whole-educational-game-Erzi-scaled.jpg\" \/>\n\t<meta property=\"og:image:width\" content=\"1200\" \/>\n\t<meta property=\"og:image:height\" content=\"800\" \/>\n\t<meta property=\"og:image:type\" content=\"image\/jpeg\" \/>\n<script type=\"application\/ld+json\" class=\"yoast-schema-graph\">{\"@context\":\"https:\/\/schema.org\",\"@graph\":[{\"@type\":\"WebPage\",\"@id\":\"https:\/\/teiaeducation.ch\/de\/produkt\/holzfraktionen-eines-ganzen-erzi\/\",\"url\":\"https:\/\/teiaeducation.ch\/de\/produkt\/holzfraktionen-eines-ganzen-erzi\/\",\"name\":\"Holzfraktionen eines Ganzen - Erzi - Teia Education & Play\",\"isPartOf\":{\"@id\":\"https:\/\/teiaeducation.ch\/de\/#website\"},\"primaryImageOfPage\":{\"@id\":\"https:\/\/teiaeducation.ch\/de\/produkt\/holzfraktionen-eines-ganzen-erzi\/#primaryimage\"},\"image\":{\"@id\":\"https:\/\/teiaeducation.ch\/de\/produkt\/holzfraktionen-eines-ganzen-erzi\/#primaryimage\"},\"thumbnailUrl\":\"https:\/\/teiaeducation.ch\/wp-content\/uploads\/2020\/09\/Wooden-fractions-of-a-whole-educational-game-Erzi-scaled.jpg\",\"datePublished\":\"2020-10-19T13:10:27+00:00\",\"dateModified\":\"2024-03-11T12:44:46+00:00\",\"description\":\"Das mathematische Lernspiel Erzi Holzfraktionen eines Ganzen bietet visuelles und praktisches Lernen von Br\u00fcchen und mathematischen Grundlagen. Hergestellt in Deutschland.\",\"breadcrumb\":{\"@id\":\"https:\/\/teiaeducation.ch\/de\/produkt\/holzfraktionen-eines-ganzen-erzi\/#breadcrumb\"},\"inLanguage\":\"de-CH\",\"potentialAction\":[{\"@type\":\"ReadAction\",\"target\":[\"https:\/\/teiaeducation.ch\/de\/produkt\/holzfraktionen-eines-ganzen-erzi\/\"]}]},{\"@type\":\"ImageObject\",\"inLanguage\":\"de-CH\",\"@id\":\"https:\/\/teiaeducation.ch\/de\/produkt\/holzfraktionen-eines-ganzen-erzi\/#primaryimage\",\"url\":\"https:\/\/teiaeducation.ch\/wp-content\/uploads\/2020\/09\/Wooden-fractions-of-a-whole-educational-game-Erzi-scaled.jpg\",\"contentUrl\":\"https:\/\/teiaeducation.ch\/wp-content\/uploads\/2020\/09\/Wooden-fractions-of-a-whole-educational-game-Erzi-scaled.jpg\",\"width\":1200,\"height\":800,\"caption\":\"Holzfraktionen eines Ganzen Lernspiel - Erzi\"},{\"@type\":\"BreadcrumbList\",\"@id\":\"https:\/\/teiaeducation.ch\/de\/produkt\/holzfraktionen-eines-ganzen-erzi\/#breadcrumb\",\"itemListElement\":[{\"@type\":\"ListItem\",\"position\":1,\"name\":\"Home\",\"item\":\"https:\/\/teiaeducation.ch\/de\/\"},{\"@type\":\"ListItem\",\"position\":2,\"name\":\"Laden\",\"item\":\"https:\/\/teiaeducation.ch\/de\/shop\/\"},{\"@type\":\"ListItem\",\"position\":3,\"name\":\"Lernthemen\",\"item\":\"https:\/\/teiaeducation.ch\/de\/produkt-kategorie\/lernthemen\/\"},{\"@type\":\"ListItem\",\"position\":4,\"name\":\"Mathematik &amp; Rechnen\",\"item\":\"https:\/\/teiaeducation.ch\/de\/produkt-kategorie\/lernthemen\/mathematik-rechnen\/\"},{\"@type\":\"ListItem\",\"position\":5,\"name\":\"Fraktionen\",\"item\":\"https:\/\/teiaeducation.ch\/de\/produkt-kategorie\/lernthemen\/mathematik-rechnen\/fraktionen\/\"},{\"@type\":\"ListItem\",\"position\":6,\"name\":\"Holzfraktionen eines Ganzen &#8211; Erzi\"}]},{\"@type\":\"WebSite\",\"@id\":\"https:\/\/teiaeducation.ch\/de\/#website\",\"url\":\"https:\/\/teiaeducation.ch\/de\/\",\"name\":\"Sustainable Educational Products &amp; Ecological Toys\u00a0\",\"description\":\"Specialised Swiss shop selling sustainable educational toys and games, AMI certified Montessori materials, handmade ecological wooden Waldorf toys and arts &amp; crafts supplies, school supplies, children&#039;s furniture and Montessori reference and parenting books.\",\"publisher\":{\"@id\":\"https:\/\/teiaeducation.ch\/de\/#organization\"},\"alternateName\":\"Teia Education & Play\",\"potentialAction\":[{\"@type\":\"SearchAction\",\"target\":{\"@type\":\"EntryPoint\",\"urlTemplate\":\"https:\/\/teiaeducation.ch\/de\/?s={search_term_string}\"},\"query-input\":{\"@type\":\"PropertyValueSpecification\",\"valueRequired\":true,\"valueName\":\"search_term_string\"}}],\"inLanguage\":\"de-CH\"},{\"@type\":\"Organization\",\"@id\":\"https:\/\/teiaeducation.ch\/de\/#organization\",\"name\":\"Teia Education & Play\",\"url\":\"https:\/\/teiaeducation.ch\/de\/\",\"logo\":{\"@type\":\"ImageObject\",\"inLanguage\":\"de-CH\",\"@id\":\"https:\/\/teiaeducation.ch\/de\/#\/schema\/logo\/image\/\",\"url\":\"https:\/\/teiaeducation.ch\/wp-content\/uploads\/2020\/11\/Teia-Education-Switzerland-e1620156442216.jpg\",\"contentUrl\":\"https:\/\/teiaeducation.ch\/wp-content\/uploads\/2020\/11\/Teia-Education-Switzerland-e1620156442216.jpg\",\"width\":166,\"height\":145,\"caption\":\"Teia Education & Play\"},\"image\":{\"@id\":\"https:\/\/teiaeducation.ch\/de\/#\/schema\/logo\/image\/\"},\"sameAs\":[\"https:\/\/www.facebook.com\/teiaeducation\/\",\"https:\/\/x.com\/EducationTeia\",\"https:\/\/www.instagram.com\/teia.education\/\",\"https:\/\/www.linkedin.com\/company\/35501660\",\"https:\/\/www.pinterest.ch\/TeiaEducation\/\"]}]}<\/script>\n<!-- \/ Yoast SEO plugin. -->","yoast_head_json":{"title":"Holzfraktionen eines Ganzen - Erzi - Teia Education & Play","description":"Das mathematische Lernspiel Erzi Holzfraktionen eines Ganzen bietet visuelles und praktisches Lernen von Br\u00fcchen und mathematischen Grundlagen. Hergestellt in Deutschland.","robots":{"index":"index","follow":"follow","max-snippet":"max-snippet:-1","max-image-preview":"max-image-preview:large","max-video-preview":"max-video-preview:-1"},"canonical":"https:\/\/teiaeducation.ch\/de\/produkt\/holzfraktionen-eines-ganzen-erzi\/","og_locale":"de_DE","og_type":"article","og_title":"Holzfraktionen eines Ganzen - Erzi - Teia Education & Play","og_description":"Das mathematische Lernspiel Erzi Holzfraktionen eines Ganzen bietet visuelles und praktisches Lernen von Br\u00fcchen und mathematischen Grundlagen. Hergestellt in Deutschland.","og_url":"https:\/\/teiaeducation.ch\/de\/produkt\/holzfraktionen-eines-ganzen-erzi\/","og_site_name":"Sustainable Educational Products &amp; Ecological Toys\u00a0","article_publisher":"https:\/\/www.facebook.com\/teiaeducation\/","article_modified_time":"2024-03-11T12:44:46+00:00","og_image":[{"width":1200,"height":800,"url":"https:\/\/teiaeducation.ch\/wp-content\/uploads\/2020\/09\/Wooden-fractions-of-a-whole-educational-game-Erzi-scaled.jpg","type":"image\/jpeg"}],"schema":{"@context":"https:\/\/schema.org","@graph":[{"@type":"WebPage","@id":"https:\/\/teiaeducation.ch\/de\/produkt\/holzfraktionen-eines-ganzen-erzi\/","url":"https:\/\/teiaeducation.ch\/de\/produkt\/holzfraktionen-eines-ganzen-erzi\/","name":"Holzfraktionen eines Ganzen - Erzi - Teia Education & Play","isPartOf":{"@id":"https:\/\/teiaeducation.ch\/de\/#website"},"primaryImageOfPage":{"@id":"https:\/\/teiaeducation.ch\/de\/produkt\/holzfraktionen-eines-ganzen-erzi\/#primaryimage"},"image":{"@id":"https:\/\/teiaeducation.ch\/de\/produkt\/holzfraktionen-eines-ganzen-erzi\/#primaryimage"},"thumbnailUrl":"https:\/\/teiaeducation.ch\/wp-content\/uploads\/2020\/09\/Wooden-fractions-of-a-whole-educational-game-Erzi-scaled.jpg","datePublished":"2020-10-19T13:10:27+00:00","dateModified":"2024-03-11T12:44:46+00:00","description":"Das mathematische Lernspiel Erzi Holzfraktionen eines Ganzen bietet visuelles und praktisches Lernen von Br\u00fcchen und mathematischen Grundlagen. Hergestellt in Deutschland.","breadcrumb":{"@id":"https:\/\/teiaeducation.ch\/de\/produkt\/holzfraktionen-eines-ganzen-erzi\/#breadcrumb"},"inLanguage":"de-CH","potentialAction":[{"@type":"ReadAction","target":["https:\/\/teiaeducation.ch\/de\/produkt\/holzfraktionen-eines-ganzen-erzi\/"]}]},{"@type":"ImageObject","inLanguage":"de-CH","@id":"https:\/\/teiaeducation.ch\/de\/produkt\/holzfraktionen-eines-ganzen-erzi\/#primaryimage","url":"https:\/\/teiaeducation.ch\/wp-content\/uploads\/2020\/09\/Wooden-fractions-of-a-whole-educational-game-Erzi-scaled.jpg","contentUrl":"https:\/\/teiaeducation.ch\/wp-content\/uploads\/2020\/09\/Wooden-fractions-of-a-whole-educational-game-Erzi-scaled.jpg","width":1200,"height":800,"caption":"Holzfraktionen eines Ganzen Lernspiel - Erzi"},{"@type":"BreadcrumbList","@id":"https:\/\/teiaeducation.ch\/de\/produkt\/holzfraktionen-eines-ganzen-erzi\/#breadcrumb","itemListElement":[{"@type":"ListItem","position":1,"name":"Home","item":"https:\/\/teiaeducation.ch\/de\/"},{"@type":"ListItem","position":2,"name":"Laden","item":"https:\/\/teiaeducation.ch\/de\/shop\/"},{"@type":"ListItem","position":3,"name":"Lernthemen","item":"https:\/\/teiaeducation.ch\/de\/produkt-kategorie\/lernthemen\/"},{"@type":"ListItem","position":4,"name":"Mathematik &amp; Rechnen","item":"https:\/\/teiaeducation.ch\/de\/produkt-kategorie\/lernthemen\/mathematik-rechnen\/"},{"@type":"ListItem","position":5,"name":"Fraktionen","item":"https:\/\/teiaeducation.ch\/de\/produkt-kategorie\/lernthemen\/mathematik-rechnen\/fraktionen\/"},{"@type":"ListItem","position":6,"name":"Holzfraktionen eines Ganzen &#8211; Erzi"}]},{"@type":"WebSite","@id":"https:\/\/teiaeducation.ch\/de\/#website","url":"https:\/\/teiaeducation.ch\/de\/","name":"Sustainable Educational Products &amp; Ecological Toys\u00a0","description":"Specialised Swiss shop selling sustainable educational toys and games, AMI certified Montessori materials, handmade ecological wooden Waldorf toys and arts &amp; crafts supplies, school supplies, children&#039;s furniture and Montessori reference and parenting books.","publisher":{"@id":"https:\/\/teiaeducation.ch\/de\/#organization"},"alternateName":"Teia Education & Play","potentialAction":[{"@type":"SearchAction","target":{"@type":"EntryPoint","urlTemplate":"https:\/\/teiaeducation.ch\/de\/?s={search_term_string}"},"query-input":{"@type":"PropertyValueSpecification","valueRequired":true,"valueName":"search_term_string"}}],"inLanguage":"de-CH"},{"@type":"Organization","@id":"https:\/\/teiaeducation.ch\/de\/#organization","name":"Teia Education & Play","url":"https:\/\/teiaeducation.ch\/de\/","logo":{"@type":"ImageObject","inLanguage":"de-CH","@id":"https:\/\/teiaeducation.ch\/de\/#\/schema\/logo\/image\/","url":"https:\/\/teiaeducation.ch\/wp-content\/uploads\/2020\/11\/Teia-Education-Switzerland-e1620156442216.jpg","contentUrl":"https:\/\/teiaeducation.ch\/wp-content\/uploads\/2020\/11\/Teia-Education-Switzerland-e1620156442216.jpg","width":166,"height":145,"caption":"Teia Education & Play"},"image":{"@id":"https:\/\/teiaeducation.ch\/de\/#\/schema\/logo\/image\/"},"sameAs":["https:\/\/www.facebook.com\/teiaeducation\/","https:\/\/x.com\/EducationTeia","https:\/\/www.instagram.com\/teia.education\/","https:\/\/www.linkedin.com\/company\/35501660","https:\/\/www.pinterest.ch\/TeiaEducation\/"]}]}},"_links":{"self":[{"href":"https:\/\/teiaeducation.ch\/de\/wp-json\/wp\/v2\/product\/59374","targetHints":{"allow":["GET"]}}],"collection":[{"href":"https:\/\/teiaeducation.ch\/de\/wp-json\/wp\/v2\/product"}],"about":[{"href":"https:\/\/teiaeducation.ch\/de\/wp-json\/wp\/v2\/types\/product"}],"replies":[{"embeddable":true,"href":"https:\/\/teiaeducation.ch\/de\/wp-json\/wp\/v2\/comments?post=59374"}],"wp:featuredmedia":[{"embeddable":true,"href":"https:\/\/teiaeducation.ch\/de\/wp-json\/wp\/v2\/media\/59375"}],"wp:attachment":[{"href":"https:\/\/teiaeducation.ch\/de\/wp-json\/wp\/v2\/media?parent=59374"}],"wp:term":[{"taxonomy":"product_brand","embeddable":true,"href":"https:\/\/teiaeducation.ch\/de\/wp-json\/wp\/v2\/product_brand?post=59374"},{"taxonomy":"product_cat","embeddable":true,"href":"https:\/\/teiaeducation.ch\/de\/wp-json\/wp\/v2\/product_cat?post=59374"},{"taxonomy":"product_tag","embeddable":true,"href":"https:\/\/teiaeducation.ch\/de\/wp-json\/wp\/v2\/product_tag?post=59374"}],"curies":[{"name":"wp","href":"https:\/\/api.w.org\/{rel}","templated":true}]}}