{"id":59378,"date":"2020-10-18T19:06:41","date_gmt":"2020-10-18T17:06:41","guid":{"rendered":"https:\/\/teiaeducation.ch\/product\/liegende-acht-erzi\/"},"modified":"2026-02-10T16:21:42","modified_gmt":"2026-02-10T15:21:42","slug":"liegende-acht-erzi","status":"publish","type":"product","link":"https:\/\/teiaeducation.ch\/de\/produkt\/liegende-acht-erzi\/","title":{"rendered":"Liegende Acht &#8211; Erzi"},"content":{"rendered":"<p>Dieses brillante Holzspiel Liegende Acht von Erzi ist ein kugelbalancierendes Laufbrett-\u00dcbungsspielzeug in Form einer Acht, mit dem Kinder ihre Hand-Augen-Koordination, <a href=\"https:\/\/teiaeducation.ch\/product-category\/curriculum-areas\/sensory-motor-skills\/motor-skills\/\">Motorik<\/a>, Tastsinn und Konzentration trainieren k\u00f6nnen.<\/p>\n<p>Mit diesem Aktivspielzeug, das Kinder und Erwachsene gleicherma\u00dfen herausfordert, werden Arme und Schultern trainiert und die Beweglichkeit auf spielerische Weise verbessert. Dem Balancierbrett aus Holz liegt ein illustriertes \u00dcbungsheft bei und die Stahlkugeln k\u00f6nnen in den praktischen, verdeckten magnetischen Kugelhalterungen aufbewahrt werden.<\/p>\n<p>Das in Deutschland aus Birkenholz hergestellte und mit sicherem, ungiftigem, schwei\u00df- und speichelfestem Lack auf Wasserbasis lackierte Balancierspiel Erzi Liegende Acht aus Holz ist f\u00fcr Kinder ab 3 Jahren geeignet.<\/p>\n<p>Inhalt:<\/p>\n<p>1 Balancierbrett aus Holz<br \/>\n2 Stahlkugeln<\/p>\n<h2>\u00dcber Erzi<\/h2>\n<p>Das umfangreiche Erzi-Sortiment tr\u00e4gt das unverwechselbare G\u00fctesiegel &#8220;made in Germany&#8221;, denn es stammt aus dem Erzgebirge.<\/p>\n<p><a href=\"https:\/\/teiaeducation.ch\/product-category\/brands\/erzi\/\">Erzi<\/a> verwendet f\u00fcr die Herstellung seiner Spielzeuge Holz aus der Region, das mit dem <a href=\"https:\/\/fsc.org\/en\">FSC<\/a>-Siegel (Forest Stewardship Council) zertifiziert und verbessert wurde. Alle Oberfl\u00e4chenbehandlungen wie Farben und Lacke auf Wasserbasis sind ungiftig und jedes Erzi Produkt entspricht den h\u00f6chsten Sicherheitsstandards f\u00fcr Spielzeug. Die hochwertigen <a href=\"https:\/\/teiaeducation.ch\/product-category\/hgh-quality-toys-play\/handmade-wooden-toys\/\">Holzspielzeuge<\/a> und <a href=\"https:\/\/teiaeducation.ch\/product-category\/learning-themes\/\">Lernprodukte<\/a> von Erzi zeichnen sich durch eine gro\u00dfe Vielfalt an nat\u00fcrlichen <a href=\"https:\/\/teiaeducation.ch\/product-category\/learning-themes\/mathematics-numeracy\/shapes\/\">Formen<\/a> und <a href=\"https:\/\/teiaeducation.ch\/product-category\/learning-themes\/sensory-motor-skills\/learning-about-colour\/\">Farben<\/a> aus und sind langlebig und nachhaltig.<\/p>\n","protected":false},"excerpt":{"rendered":"<p>Artikelnummer: 45409<\/p>\n<p>Das Erzi Liegende Acht Holzspiel Balancierbrett ist ein \u00dcbungsspielzeug, das die Hand-Augen-Koordination, die Motorik und die Konzentration der Kinder trainiert!<\/p>\n","protected":false},"featured_media":58154,"comment_status":"open","ping_status":"closed","template":"","meta":[],"product_brand":[],"product_cat":[21445,21446,21679,21622,21491,23075,21624,21509,21559,21443,21563,21557,21695,21678,23133,21564],"product_tag":[28153,28165,28164,28162,28161,28154,23134,28150,28163,21887,23139,23135,23136,23137,23138,21886,21885,28155,28151,28149,28156,28158,28152,28159,28157,28160],"class_list":{"0":"post-59378","1":"product","2":"type-product","3":"status-publish","4":"has-post-thumbnail","6":"product_cat-3-6-jahre-vorschule","7":"product_cat-6-12-jahre-grundschule","8":"product_cat-aktiv-spielzeug","9":"product_cat-erzi-klassisches-holzspielzeug-de","10":"product_cat-geschenk-guide-lerngeschenke","11":"product_cat-handgefertigtes-holzspielzeug","12":"product_cat-lernmaterialien","13":"product_cat-lernthemen","14":"product_cat-motorische-fertigkeiten","15":"product_cat-nach-alter","16":"product_cat-neuheiten","17":"product_cat-sensorische-motorische-fertigkeiten","18":"product_cat-sinnliches-spiel","19":"product_cat-kinder-spielzeug","20":"product_cat-spielzeug-fuer-draussen","21":"product_cat-unsere-marken","22":"product_tag-achterbrett","23":"product_tag-balancierbrett-aus-holz-erzi","24":"product_tag-balancierbrett-ubungsspielzeug","25":"product_tag-balancierspiel-liegende-acht-aus-holz","26":"product_tag-balancierspiel-liegende-acht-aus-holz-erzi","27":"product_tag-erzi-aktivspiel","28":"product_tag-erzi-laden","29":"product_tag-erzi-liegende-acht","30":"product_tag-erzi-liegende-acht-ausgleichsspiel","31":"product_tag-erzi-schweiz-de","32":"product_tag-erzi-spielwaren","33":"product_tag-erzi-spielzeug-de","34":"product_tag-erzi-spielzeug-aus-holz","35":"product_tag-erzi-spielzeug-schweiz-de","36":"product_tag-erzi-spielzeug-shop-schweiz","37":"product_tag-erzi-suisse-de","38":"product_tag-erzi-switzerland-de","39":"product_tag-erzi-ubungsbrett","40":"product_tag-erzi-balancierbrett","41":"product_tag-erzi-balancierspiel","42":"product_tag-erzi-kugelbrett","43":"product_tag-koordinationsspielzeug-aus-holz","44":"product_tag-liegendes-acht-spiel","45":"product_tag-liegendes-acht-spielzeug","46":"product_tag-schienenbrett-aus-holz","47":"product_tag-spielzeug-liegende-acht-aus-holz","49":"first","50":"instock","51":"taxable","52":"shipping-taxable","53":"purchasable","54":"product-type-simple"},"yoast_head":"<!-- This site is optimized with the Yoast SEO plugin v27.3 - https:\/\/yoast.com\/product\/yoast-seo-wordpress\/ -->\n<title>Liegende Acht - Erzi - Teia Education &amp; Play<\/title>\n<meta name=\"description\" content=\"Die Erzi Liegende Acht ist ein \u00dcbungsspielzeug, das die Hand-Augen-Koordination, die Motorik und die Konzentration der Kinder trainiert.\" \/>\n<meta name=\"robots\" content=\"index, follow, max-snippet:-1, max-image-preview:large, max-video-preview:-1\" \/>\n<link rel=\"canonical\" href=\"https:\/\/teiaeducation.ch\/de\/produkt\/liegende-acht-erzi\/\" \/>\n<meta property=\"og:locale\" content=\"de_DE\" \/>\n<meta property=\"og:type\" content=\"article\" \/>\n<meta property=\"og:title\" content=\"Liegende Acht - Erzi - Teia Education &amp; Play\" \/>\n<meta property=\"og:description\" content=\"Die Erzi Liegende Acht ist ein \u00dcbungsspielzeug, das die Hand-Augen-Koordination, die Motorik und die Konzentration der Kinder trainiert.\" \/>\n<meta property=\"og:url\" content=\"https:\/\/teiaeducation.ch\/de\/produkt\/liegende-acht-erzi\/\" \/>\n<meta property=\"og:site_name\" content=\"Sustainable Educational Products &amp; Ecological Toys\u00a0\" \/>\n<meta property=\"article:publisher\" content=\"https:\/\/www.facebook.com\/teiaeducation\/\" \/>\n<meta property=\"article:modified_time\" content=\"2026-02-10T15:21:42+00:00\" \/>\n<meta property=\"og:image\" content=\"https:\/\/teiaeducation.ch\/wp-content\/uploads\/2020\/09\/Wooden-lying-eight-balancing-game-Erzi.jpg\" \/>\n\t<meta property=\"og:image:width\" content=\"900\" \/>\n\t<meta property=\"og:image:height\" content=\"900\" \/>\n\t<meta property=\"og:image:type\" content=\"image\/jpeg\" \/>\n<script type=\"application\/ld+json\" class=\"yoast-schema-graph\">{\"@context\":\"https:\\\/\\\/schema.org\",\"@graph\":[{\"@type\":\"WebPage\",\"@id\":\"https:\\\/\\\/teiaeducation.ch\\\/de\\\/produkt\\\/liegende-acht-erzi\\\/\",\"url\":\"https:\\\/\\\/teiaeducation.ch\\\/de\\\/produkt\\\/liegende-acht-erzi\\\/\",\"name\":\"Liegende Acht - Erzi - Teia Education & Play\",\"isPartOf\":{\"@id\":\"https:\\\/\\\/teiaeducation.ch\\\/de\\\/#website\"},\"primaryImageOfPage\":{\"@id\":\"https:\\\/\\\/teiaeducation.ch\\\/de\\\/produkt\\\/liegende-acht-erzi\\\/#primaryimage\"},\"image\":{\"@id\":\"https:\\\/\\\/teiaeducation.ch\\\/de\\\/produkt\\\/liegende-acht-erzi\\\/#primaryimage\"},\"thumbnailUrl\":\"https:\\\/\\\/teiaeducation.ch\\\/wp-content\\\/uploads\\\/2020\\\/09\\\/Wooden-lying-eight-balancing-game-Erzi.jpg\",\"datePublished\":\"2020-10-18T17:06:41+00:00\",\"dateModified\":\"2026-02-10T15:21:42+00:00\",\"description\":\"Die Erzi Liegende Acht ist ein \u00dcbungsspielzeug, das die Hand-Augen-Koordination, die Motorik und die Konzentration der Kinder trainiert.\",\"breadcrumb\":{\"@id\":\"https:\\\/\\\/teiaeducation.ch\\\/de\\\/produkt\\\/liegende-acht-erzi\\\/#breadcrumb\"},\"inLanguage\":\"de-CH\",\"potentialAction\":[{\"@type\":\"ReadAction\",\"target\":[\"https:\\\/\\\/teiaeducation.ch\\\/de\\\/produkt\\\/liegende-acht-erzi\\\/\"]}]},{\"@type\":\"ImageObject\",\"inLanguage\":\"de-CH\",\"@id\":\"https:\\\/\\\/teiaeducation.ch\\\/de\\\/produkt\\\/liegende-acht-erzi\\\/#primaryimage\",\"url\":\"https:\\\/\\\/teiaeducation.ch\\\/wp-content\\\/uploads\\\/2020\\\/09\\\/Wooden-lying-eight-balancing-game-Erzi.jpg\",\"contentUrl\":\"https:\\\/\\\/teiaeducation.ch\\\/wp-content\\\/uploads\\\/2020\\\/09\\\/Wooden-lying-eight-balancing-game-Erzi.jpg\",\"width\":900,\"height\":900,\"caption\":\"H\u00f6lzerne Liegende Acht Balancierbrett \u00dcbungsspielzeug Erzi\"},{\"@type\":\"BreadcrumbList\",\"@id\":\"https:\\\/\\\/teiaeducation.ch\\\/de\\\/produkt\\\/liegende-acht-erzi\\\/#breadcrumb\",\"itemListElement\":[{\"@type\":\"ListItem\",\"position\":1,\"name\":\"Home\",\"item\":\"https:\\\/\\\/teiaeducation.ch\\\/de\\\/\"},{\"@type\":\"ListItem\",\"position\":2,\"name\":\"Laden\",\"item\":\"https:\\\/\\\/teiaeducation.ch\\\/de\\\/shop\\\/\"},{\"@type\":\"ListItem\",\"position\":3,\"name\":\"Unsere Marken\",\"item\":\"https:\\\/\\\/teiaeducation.ch\\\/de\\\/produkt-kategorie\\\/unsere-marken\\\/\"},{\"@type\":\"ListItem\",\"position\":4,\"name\":\"Erzi\",\"item\":\"https:\\\/\\\/teiaeducation.ch\\\/de\\\/produkt-kategorie\\\/unsere-marken\\\/erzi-klassisches-holzspielzeug-de\\\/\"},{\"@type\":\"ListItem\",\"position\":5,\"name\":\"Lernmaterialien\",\"item\":\"https:\\\/\\\/teiaeducation.ch\\\/de\\\/produkt-kategorie\\\/unsere-marken\\\/erzi-klassisches-holzspielzeug-de\\\/lernmaterialien\\\/\"},{\"@type\":\"ListItem\",\"position\":6,\"name\":\"Liegende Acht &#8211; Erzi\"}]},{\"@type\":\"WebSite\",\"@id\":\"https:\\\/\\\/teiaeducation.ch\\\/de\\\/#website\",\"url\":\"https:\\\/\\\/teiaeducation.ch\\\/de\\\/\",\"name\":\"Sustainable Educational Products &amp; Ecological Toys\u00a0\",\"description\":\"Specialised Swiss shop selling sustainable educational toys and games, AMI certified Montessori materials, handmade ecological wooden Waldorf toys and arts &amp; crafts supplies, school supplies, children&#039;s furniture and Montessori reference and parenting books.\",\"publisher\":{\"@id\":\"https:\\\/\\\/teiaeducation.ch\\\/de\\\/#organization\"},\"alternateName\":\"Teia Education & Play\",\"potentialAction\":[{\"@type\":\"SearchAction\",\"target\":{\"@type\":\"EntryPoint\",\"urlTemplate\":\"https:\\\/\\\/teiaeducation.ch\\\/de\\\/?s={search_term_string}\"},\"query-input\":{\"@type\":\"PropertyValueSpecification\",\"valueRequired\":true,\"valueName\":\"search_term_string\"}}],\"inLanguage\":\"de-CH\"},{\"@type\":\"Organization\",\"@id\":\"https:\\\/\\\/teiaeducation.ch\\\/de\\\/#organization\",\"name\":\"Teia Education & Play\",\"url\":\"https:\\\/\\\/teiaeducation.ch\\\/de\\\/\",\"logo\":{\"@type\":\"ImageObject\",\"inLanguage\":\"de-CH\",\"@id\":\"https:\\\/\\\/teiaeducation.ch\\\/de\\\/#\\\/schema\\\/logo\\\/image\\\/\",\"url\":\"https:\\\/\\\/teiaeducation.ch\\\/wp-content\\\/uploads\\\/2020\\\/11\\\/Teia-Education-Switzerland-e1620156442216.jpg\",\"contentUrl\":\"https:\\\/\\\/teiaeducation.ch\\\/wp-content\\\/uploads\\\/2020\\\/11\\\/Teia-Education-Switzerland-e1620156442216.jpg\",\"width\":166,\"height\":145,\"caption\":\"Teia Education & Play\"},\"image\":{\"@id\":\"https:\\\/\\\/teiaeducation.ch\\\/de\\\/#\\\/schema\\\/logo\\\/image\\\/\"},\"sameAs\":[\"https:\\\/\\\/www.facebook.com\\\/teiaeducation\\\/\",\"https:\\\/\\\/x.com\\\/EducationTeia\",\"https:\\\/\\\/www.instagram.com\\\/teia.education\\\/\",\"https:\\\/\\\/www.linkedin.com\\\/company\\\/35501660\",\"https:\\\/\\\/www.pinterest.ch\\\/TeiaEducation\\\/\"]}]}<\/script>\n<!-- \/ Yoast SEO plugin. -->","yoast_head_json":{"title":"Liegende Acht - Erzi - Teia Education & Play","description":"Die Erzi Liegende Acht ist ein \u00dcbungsspielzeug, das die Hand-Augen-Koordination, die Motorik und die Konzentration der Kinder trainiert.","robots":{"index":"index","follow":"follow","max-snippet":"max-snippet:-1","max-image-preview":"max-image-preview:large","max-video-preview":"max-video-preview:-1"},"canonical":"https:\/\/teiaeducation.ch\/de\/produkt\/liegende-acht-erzi\/","og_locale":"de_DE","og_type":"article","og_title":"Liegende Acht - Erzi - Teia Education & Play","og_description":"Die Erzi Liegende Acht ist ein \u00dcbungsspielzeug, das die Hand-Augen-Koordination, die Motorik und die Konzentration der Kinder trainiert.","og_url":"https:\/\/teiaeducation.ch\/de\/produkt\/liegende-acht-erzi\/","og_site_name":"Sustainable Educational Products &amp; Ecological Toys\u00a0","article_publisher":"https:\/\/www.facebook.com\/teiaeducation\/","article_modified_time":"2026-02-10T15:21:42+00:00","og_image":[{"width":900,"height":900,"url":"https:\/\/teiaeducation.ch\/wp-content\/uploads\/2020\/09\/Wooden-lying-eight-balancing-game-Erzi.jpg","type":"image\/jpeg"}],"schema":{"@context":"https:\/\/schema.org","@graph":[{"@type":"WebPage","@id":"https:\/\/teiaeducation.ch\/de\/produkt\/liegende-acht-erzi\/","url":"https:\/\/teiaeducation.ch\/de\/produkt\/liegende-acht-erzi\/","name":"Liegende Acht - Erzi - Teia Education & Play","isPartOf":{"@id":"https:\/\/teiaeducation.ch\/de\/#website"},"primaryImageOfPage":{"@id":"https:\/\/teiaeducation.ch\/de\/produkt\/liegende-acht-erzi\/#primaryimage"},"image":{"@id":"https:\/\/teiaeducation.ch\/de\/produkt\/liegende-acht-erzi\/#primaryimage"},"thumbnailUrl":"https:\/\/teiaeducation.ch\/wp-content\/uploads\/2020\/09\/Wooden-lying-eight-balancing-game-Erzi.jpg","datePublished":"2020-10-18T17:06:41+00:00","dateModified":"2026-02-10T15:21:42+00:00","description":"Die Erzi Liegende Acht ist ein \u00dcbungsspielzeug, das die Hand-Augen-Koordination, die Motorik und die Konzentration der Kinder trainiert.","breadcrumb":{"@id":"https:\/\/teiaeducation.ch\/de\/produkt\/liegende-acht-erzi\/#breadcrumb"},"inLanguage":"de-CH","potentialAction":[{"@type":"ReadAction","target":["https:\/\/teiaeducation.ch\/de\/produkt\/liegende-acht-erzi\/"]}]},{"@type":"ImageObject","inLanguage":"de-CH","@id":"https:\/\/teiaeducation.ch\/de\/produkt\/liegende-acht-erzi\/#primaryimage","url":"https:\/\/teiaeducation.ch\/wp-content\/uploads\/2020\/09\/Wooden-lying-eight-balancing-game-Erzi.jpg","contentUrl":"https:\/\/teiaeducation.ch\/wp-content\/uploads\/2020\/09\/Wooden-lying-eight-balancing-game-Erzi.jpg","width":900,"height":900,"caption":"H\u00f6lzerne Liegende Acht Balancierbrett \u00dcbungsspielzeug Erzi"},{"@type":"BreadcrumbList","@id":"https:\/\/teiaeducation.ch\/de\/produkt\/liegende-acht-erzi\/#breadcrumb","itemListElement":[{"@type":"ListItem","position":1,"name":"Home","item":"https:\/\/teiaeducation.ch\/de\/"},{"@type":"ListItem","position":2,"name":"Laden","item":"https:\/\/teiaeducation.ch\/de\/shop\/"},{"@type":"ListItem","position":3,"name":"Unsere Marken","item":"https:\/\/teiaeducation.ch\/de\/produkt-kategorie\/unsere-marken\/"},{"@type":"ListItem","position":4,"name":"Erzi","item":"https:\/\/teiaeducation.ch\/de\/produkt-kategorie\/unsere-marken\/erzi-klassisches-holzspielzeug-de\/"},{"@type":"ListItem","position":5,"name":"Lernmaterialien","item":"https:\/\/teiaeducation.ch\/de\/produkt-kategorie\/unsere-marken\/erzi-klassisches-holzspielzeug-de\/lernmaterialien\/"},{"@type":"ListItem","position":6,"name":"Liegende Acht &#8211; Erzi"}]},{"@type":"WebSite","@id":"https:\/\/teiaeducation.ch\/de\/#website","url":"https:\/\/teiaeducation.ch\/de\/","name":"Sustainable Educational Products &amp; Ecological Toys\u00a0","description":"Specialised Swiss shop selling sustainable educational toys and games, AMI certified Montessori materials, handmade ecological wooden Waldorf toys and arts &amp; crafts supplies, school supplies, children&#039;s furniture and Montessori reference and parenting books.","publisher":{"@id":"https:\/\/teiaeducation.ch\/de\/#organization"},"alternateName":"Teia Education & Play","potentialAction":[{"@type":"SearchAction","target":{"@type":"EntryPoint","urlTemplate":"https:\/\/teiaeducation.ch\/de\/?s={search_term_string}"},"query-input":{"@type":"PropertyValueSpecification","valueRequired":true,"valueName":"search_term_string"}}],"inLanguage":"de-CH"},{"@type":"Organization","@id":"https:\/\/teiaeducation.ch\/de\/#organization","name":"Teia Education & Play","url":"https:\/\/teiaeducation.ch\/de\/","logo":{"@type":"ImageObject","inLanguage":"de-CH","@id":"https:\/\/teiaeducation.ch\/de\/#\/schema\/logo\/image\/","url":"https:\/\/teiaeducation.ch\/wp-content\/uploads\/2020\/11\/Teia-Education-Switzerland-e1620156442216.jpg","contentUrl":"https:\/\/teiaeducation.ch\/wp-content\/uploads\/2020\/11\/Teia-Education-Switzerland-e1620156442216.jpg","width":166,"height":145,"caption":"Teia Education & Play"},"image":{"@id":"https:\/\/teiaeducation.ch\/de\/#\/schema\/logo\/image\/"},"sameAs":["https:\/\/www.facebook.com\/teiaeducation\/","https:\/\/x.com\/EducationTeia","https:\/\/www.instagram.com\/teia.education\/","https:\/\/www.linkedin.com\/company\/35501660","https:\/\/www.pinterest.ch\/TeiaEducation\/"]}]}},"_links":{"self":[{"href":"https:\/\/teiaeducation.ch\/de\/wp-json\/wp\/v2\/product\/59378","targetHints":{"allow":["GET"]}}],"collection":[{"href":"https:\/\/teiaeducation.ch\/de\/wp-json\/wp\/v2\/product"}],"about":[{"href":"https:\/\/teiaeducation.ch\/de\/wp-json\/wp\/v2\/types\/product"}],"replies":[{"embeddable":true,"href":"https:\/\/teiaeducation.ch\/de\/wp-json\/wp\/v2\/comments?post=59378"}],"wp:featuredmedia":[{"embeddable":true,"href":"https:\/\/teiaeducation.ch\/de\/wp-json\/wp\/v2\/media\/58154"}],"wp:attachment":[{"href":"https:\/\/teiaeducation.ch\/de\/wp-json\/wp\/v2\/media?parent=59378"}],"wp:term":[{"taxonomy":"product_brand","embeddable":true,"href":"https:\/\/teiaeducation.ch\/de\/wp-json\/wp\/v2\/product_brand?post=59378"},{"taxonomy":"product_cat","embeddable":true,"href":"https:\/\/teiaeducation.ch\/de\/wp-json\/wp\/v2\/product_cat?post=59378"},{"taxonomy":"product_tag","embeddable":true,"href":"https:\/\/teiaeducation.ch\/de\/wp-json\/wp\/v2\/product_tag?post=59378"}],"curies":[{"name":"wp","href":"https:\/\/api.w.org\/{rel}","templated":true}]}}