{"id":59382,"date":"2020-10-18T18:54:02","date_gmt":"2020-10-18T16:54:02","guid":{"rendered":"https:\/\/teiaeducation.ch\/product\/balanciertuerme-erzi\/"},"modified":"2024-03-11T14:11:16","modified_gmt":"2024-03-11T13:11:16","slug":"balanciertuerme-erzi","status":"publish","type":"product","link":"https:\/\/teiaeducation.ch\/de\/produkt\/balanciertuerme-erzi\/","title":{"rendered":"Balanciert\u00fcrme &#8211; Erzi"},"content":{"rendered":"<p>Dieses tolle Balanciert\u00fcrme-Spiel aus Holz von Erzi ist eine lustige und aktive Balancier<a href=\"https:\/\/teiaeducation.ch\/product-category\/play\/stacking-toys\/\">stapel<\/a>-Herausforderung f\u00fcr 2 Spieler oder Staffelteams.<\/p>\n<p>Du musst deinen Turm ausbalancieren und mit Geschick und Geschwindigkeit als Erster die Ziellinie erreichen, ohne dass er umf\u00e4llt! Die Zugschnur richtet das umgest\u00fcrzte Ger\u00fcst wieder auf, darf aber nur verwendet werden, um das Ger\u00fcst vor dem Neubeginn oder nach einem Unfall auf dem Weg wieder aufzurichten.<\/p>\n<p>Ein gro\u00dfartiges sensorisches Spiel zur F\u00f6rderung der Grob<a href=\"https:\/\/teiaeducation.ch\/product-category\/learning-themes\/sensory-motor-skills\/motor-skills\/\">motorik<\/a>, des Gleichgewichts und der Koordination sowie zur F\u00f6rderung von k\u00f6rperlicher Aktivit\u00e4t und Spiel.<\/p>\n<p>Das in Deutschland aus Buchenholz gefertigte und mit ungiftiger Farbe auf Wasserbasis lackierte Erzi Holzspiel Balanciert\u00fcrme wird f\u00fcr Kinder ab 4 Jahren empfohlen.<\/p>\n<p>Inhalt:<\/p>\n<p>2 Balanciert\u00fcrme aus Holz<\/p>\n<h2>\u00dcber Erzi<\/h2>\n<p>Das umfangreiche Erzi-Sortiment tr\u00e4gt das unverwechselbare G\u00fctesiegel &#8220;made in Germany&#8221;, denn es stammt aus dem Erzgebirge.<\/p>\n<p><a href=\"https:\/\/teiaeducation.ch\/product-category\/brands\/erzi\/\">Erzi<\/a> verwendet f\u00fcr die Herstellung seiner Spielzeuge Holz aus der Region, das mit dem <a href=\"https:\/\/fsc.org\/en\">FSC<\/a>-Siegel (Forest Stewardship Council) zertifiziert und verbessert wurde. Alle Oberfl\u00e4chenbehandlungen wie Farben und Lacke auf Wasserbasis sind ungiftig und jedes Erzi Produkt entspricht den h\u00f6chsten Sicherheitsstandards f\u00fcr Spielzeug. Die hochwertigen <a href=\"https:\/\/teiaeducation.ch\/product-category\/hgh-quality-toys-play\/handmade-wooden-toys\/\">Holzspielzeuge<\/a> und <a href=\"https:\/\/teiaeducation.ch\/product-category\/learning-themes\/\">Lernprodukte<\/a> von Erzi zeichnen sich durch eine gro\u00dfe Vielfalt an nat\u00fcrlichen <a href=\"https:\/\/teiaeducation.ch\/product-category\/learning-themes\/mathematics-numeracy\/shapes\/\">Formen<\/a> und <a href=\"https:\/\/teiaeducation.ch\/product-category\/learning-themes\/sensory-motor-skills\/learning-about-colour\/\">Farben<\/a> aus und sind langlebig und nachhaltig.<\/p>\n","protected":false},"excerpt":{"rendered":"<p>Artikelnummer: 44330<\/p>\n<p>Dieses tolle Balanciert\u00fcrme-Spiel aus Holz von Erzi ist eine lustige und aktive Balancierstapel-Herausforderung f\u00fcr 2 Spieler oder Staffelteams. Hervorragend geeignet f\u00fcr sensorische Spiele zur F\u00f6rderung von Grobmotorik, Gleichgewicht und Koordination!<\/p>\n","protected":false},"featured_media":59383,"comment_status":"open","ping_status":"closed","template":"","meta":[],"product_brand":[],"product_cat":[21445,21446,21679,21622,21488,23075,21624,21509,21559,21443,21563,21557,21695,21678,21699,21564],"product_tag":[28167,28169,28170,28172,28173,28171,28166,23134,21887,23139,23135,23136,23137,23138,21886,21885,28149,28168],"class_list":{"0":"post-59382","1":"product","2":"type-product","3":"status-publish","4":"has-post-thumbnail","6":"product_cat-3-6-jahre-vorschule","7":"product_cat-6-12-jahre-grundschule","8":"product_cat-aktiv-spielzeug","9":"product_cat-erzi-klassisches-holzspielzeug-de","10":"product_cat-geschenk-guide-6-12-jahre-grundschule","11":"product_cat-handgefertigtes-holzspielzeug","12":"product_cat-lernmaterialien","13":"product_cat-lernthemen","14":"product_cat-motorische-fertigkeiten","15":"product_cat-nach-alter","16":"product_cat-neuheiten","17":"product_cat-sensorische-motorische-fertigkeiten","18":"product_cat-sinnliches-spiel","19":"product_cat-kinder-spielzeug","20":"product_cat-stapelspielzeug","21":"product_cat-unsere-marken","22":"product_tag-auswuchtspiel","23":"product_tag-auswuchtspiele","24":"product_tag-balancierspielzeug-aus-holz","25":"product_tag-balancierturme-aus-holz-erzi","26":"product_tag-balancierturme-erzi","27":"product_tag-erzi-aktivspielzeug","28":"product_tag-erzi-balancierturme","29":"product_tag-erzi-laden","30":"product_tag-erzi-schweiz-de","31":"product_tag-erzi-spielwaren","32":"product_tag-erzi-spielzeug-de","33":"product_tag-erzi-spielzeug-aus-holz","34":"product_tag-erzi-spielzeug-schweiz-de","35":"product_tag-erzi-spielzeug-shop-schweiz","36":"product_tag-erzi-suisse-de","37":"product_tag-erzi-switzerland-de","38":"product_tag-erzi-balancierspiel","39":"product_tag-staffelspiel","41":"first","42":"instock","43":"taxable","44":"shipping-taxable","45":"purchasable","46":"product-type-simple"},"yoast_head":"<!-- This site is optimized with the Yoast SEO plugin v27.1.1 - https:\/\/yoast.com\/product\/yoast-seo-wordpress\/ -->\n<title>Balanciert\u00fcrme - Erzi - Teia Education &amp; Play<\/title>\n<meta name=\"description\" content=\"Das Erzi Holzspiel Balanciert\u00fcrme ist eine lustige aktive Herausforderung zur F\u00f6rderung der Grobmotorik, des Gleichgewichts und der Koordination ab 4 Jahren. Hergestellt in Deutschland\" \/>\n<meta name=\"robots\" content=\"index, follow, max-snippet:-1, max-image-preview:large, max-video-preview:-1\" \/>\n<link rel=\"canonical\" href=\"https:\/\/teiaeducation.ch\/de\/produkt\/balanciertuerme-erzi\/\" \/>\n<meta property=\"og:locale\" content=\"de_DE\" \/>\n<meta property=\"og:type\" content=\"article\" \/>\n<meta property=\"og:title\" content=\"Balanciert\u00fcrme - Erzi - Teia Education &amp; Play\" \/>\n<meta property=\"og:description\" content=\"Das Erzi Holzspiel Balanciert\u00fcrme ist eine lustige aktive Herausforderung zur F\u00f6rderung der Grobmotorik, des Gleichgewichts und der Koordination ab 4 Jahren. Hergestellt in Deutschland\" \/>\n<meta property=\"og:url\" content=\"https:\/\/teiaeducation.ch\/de\/produkt\/balanciertuerme-erzi\/\" \/>\n<meta property=\"og:site_name\" content=\"Sustainable Educational Products &amp; Ecological Toys\u00a0\" \/>\n<meta property=\"article:publisher\" content=\"https:\/\/www.facebook.com\/teiaeducation\/\" \/>\n<meta property=\"article:modified_time\" content=\"2024-03-11T13:11:16+00:00\" \/>\n<meta property=\"og:image\" content=\"https:\/\/teiaeducation.ch\/wp-content\/uploads\/2020\/09\/Wooden-balancing-towers-game-Erzi-scaled.jpg\" \/>\n\t<meta property=\"og:image:width\" content=\"900\" \/>\n\t<meta property=\"og:image:height\" content=\"900\" \/>\n\t<meta property=\"og:image:type\" content=\"image\/jpeg\" \/>\n<script type=\"application\/ld+json\" class=\"yoast-schema-graph\">{\"@context\":\"https:\/\/schema.org\",\"@graph\":[{\"@type\":\"WebPage\",\"@id\":\"https:\/\/teiaeducation.ch\/de\/produkt\/balanciertuerme-erzi\/\",\"url\":\"https:\/\/teiaeducation.ch\/de\/produkt\/balanciertuerme-erzi\/\",\"name\":\"Balanciert\u00fcrme - Erzi - Teia Education & Play\",\"isPartOf\":{\"@id\":\"https:\/\/teiaeducation.ch\/de\/#website\"},\"primaryImageOfPage\":{\"@id\":\"https:\/\/teiaeducation.ch\/de\/produkt\/balanciertuerme-erzi\/#primaryimage\"},\"image\":{\"@id\":\"https:\/\/teiaeducation.ch\/de\/produkt\/balanciertuerme-erzi\/#primaryimage\"},\"thumbnailUrl\":\"https:\/\/teiaeducation.ch\/wp-content\/uploads\/2020\/09\/Wooden-balancing-towers-game-Erzi-scaled.jpg\",\"datePublished\":\"2020-10-18T16:54:02+00:00\",\"dateModified\":\"2024-03-11T13:11:16+00:00\",\"description\":\"Das Erzi Holzspiel Balanciert\u00fcrme ist eine lustige aktive Herausforderung zur F\u00f6rderung der Grobmotorik, des Gleichgewichts und der Koordination ab 4 Jahren. Hergestellt in Deutschland\",\"breadcrumb\":{\"@id\":\"https:\/\/teiaeducation.ch\/de\/produkt\/balanciertuerme-erzi\/#breadcrumb\"},\"inLanguage\":\"de-CH\",\"potentialAction\":[{\"@type\":\"ReadAction\",\"target\":[\"https:\/\/teiaeducation.ch\/de\/produkt\/balanciertuerme-erzi\/\"]}]},{\"@type\":\"ImageObject\",\"inLanguage\":\"de-CH\",\"@id\":\"https:\/\/teiaeducation.ch\/de\/produkt\/balanciertuerme-erzi\/#primaryimage\",\"url\":\"https:\/\/teiaeducation.ch\/wp-content\/uploads\/2020\/09\/Wooden-balancing-towers-game-Erzi-scaled.jpg\",\"contentUrl\":\"https:\/\/teiaeducation.ch\/wp-content\/uploads\/2020\/09\/Wooden-balancing-towers-game-Erzi-scaled.jpg\",\"width\":900,\"height\":900,\"caption\":\"Balanciert\u00fcrme Spiel aus Holz - Erzi\"},{\"@type\":\"BreadcrumbList\",\"@id\":\"https:\/\/teiaeducation.ch\/de\/produkt\/balanciertuerme-erzi\/#breadcrumb\",\"itemListElement\":[{\"@type\":\"ListItem\",\"position\":1,\"name\":\"Home\",\"item\":\"https:\/\/teiaeducation.ch\/de\/\"},{\"@type\":\"ListItem\",\"position\":2,\"name\":\"Laden\",\"item\":\"https:\/\/teiaeducation.ch\/de\/shop\/\"},{\"@type\":\"ListItem\",\"position\":3,\"name\":\"Unsere Marken\",\"item\":\"https:\/\/teiaeducation.ch\/de\/produkt-kategorie\/unsere-marken\/\"},{\"@type\":\"ListItem\",\"position\":4,\"name\":\"Erzi\",\"item\":\"https:\/\/teiaeducation.ch\/de\/produkt-kategorie\/unsere-marken\/erzi-klassisches-holzspielzeug-de\/\"},{\"@type\":\"ListItem\",\"position\":5,\"name\":\"Lernmaterialien\",\"item\":\"https:\/\/teiaeducation.ch\/de\/produkt-kategorie\/unsere-marken\/erzi-klassisches-holzspielzeug-de\/lernmaterialien\/\"},{\"@type\":\"ListItem\",\"position\":6,\"name\":\"Balanciert\u00fcrme &#8211; Erzi\"}]},{\"@type\":\"WebSite\",\"@id\":\"https:\/\/teiaeducation.ch\/de\/#website\",\"url\":\"https:\/\/teiaeducation.ch\/de\/\",\"name\":\"Sustainable Educational Products &amp; Ecological Toys\u00a0\",\"description\":\"Specialised Swiss shop selling sustainable educational toys and games, AMI certified Montessori materials, handmade ecological wooden Waldorf toys and arts &amp; crafts supplies, school supplies, children&#039;s furniture and Montessori reference and parenting books.\",\"publisher\":{\"@id\":\"https:\/\/teiaeducation.ch\/de\/#organization\"},\"alternateName\":\"Teia Education & Play\",\"potentialAction\":[{\"@type\":\"SearchAction\",\"target\":{\"@type\":\"EntryPoint\",\"urlTemplate\":\"https:\/\/teiaeducation.ch\/de\/?s={search_term_string}\"},\"query-input\":{\"@type\":\"PropertyValueSpecification\",\"valueRequired\":true,\"valueName\":\"search_term_string\"}}],\"inLanguage\":\"de-CH\"},{\"@type\":\"Organization\",\"@id\":\"https:\/\/teiaeducation.ch\/de\/#organization\",\"name\":\"Teia Education & Play\",\"url\":\"https:\/\/teiaeducation.ch\/de\/\",\"logo\":{\"@type\":\"ImageObject\",\"inLanguage\":\"de-CH\",\"@id\":\"https:\/\/teiaeducation.ch\/de\/#\/schema\/logo\/image\/\",\"url\":\"https:\/\/teiaeducation.ch\/wp-content\/uploads\/2020\/11\/Teia-Education-Switzerland-e1620156442216.jpg\",\"contentUrl\":\"https:\/\/teiaeducation.ch\/wp-content\/uploads\/2020\/11\/Teia-Education-Switzerland-e1620156442216.jpg\",\"width\":166,\"height\":145,\"caption\":\"Teia Education & Play\"},\"image\":{\"@id\":\"https:\/\/teiaeducation.ch\/de\/#\/schema\/logo\/image\/\"},\"sameAs\":[\"https:\/\/www.facebook.com\/teiaeducation\/\",\"https:\/\/x.com\/EducationTeia\",\"https:\/\/www.instagram.com\/teia.education\/\",\"https:\/\/www.linkedin.com\/company\/35501660\",\"https:\/\/www.pinterest.ch\/TeiaEducation\/\"]}]}<\/script>\n<!-- \/ Yoast SEO plugin. -->","yoast_head_json":{"title":"Balanciert\u00fcrme - Erzi - Teia Education & Play","description":"Das Erzi Holzspiel Balanciert\u00fcrme ist eine lustige aktive Herausforderung zur F\u00f6rderung der Grobmotorik, des Gleichgewichts und der Koordination ab 4 Jahren. Hergestellt in Deutschland","robots":{"index":"index","follow":"follow","max-snippet":"max-snippet:-1","max-image-preview":"max-image-preview:large","max-video-preview":"max-video-preview:-1"},"canonical":"https:\/\/teiaeducation.ch\/de\/produkt\/balanciertuerme-erzi\/","og_locale":"de_DE","og_type":"article","og_title":"Balanciert\u00fcrme - Erzi - Teia Education & Play","og_description":"Das Erzi Holzspiel Balanciert\u00fcrme ist eine lustige aktive Herausforderung zur F\u00f6rderung der Grobmotorik, des Gleichgewichts und der Koordination ab 4 Jahren. Hergestellt in Deutschland","og_url":"https:\/\/teiaeducation.ch\/de\/produkt\/balanciertuerme-erzi\/","og_site_name":"Sustainable Educational Products &amp; Ecological Toys\u00a0","article_publisher":"https:\/\/www.facebook.com\/teiaeducation\/","article_modified_time":"2024-03-11T13:11:16+00:00","og_image":[{"width":900,"height":900,"url":"https:\/\/teiaeducation.ch\/wp-content\/uploads\/2020\/09\/Wooden-balancing-towers-game-Erzi-scaled.jpg","type":"image\/jpeg"}],"schema":{"@context":"https:\/\/schema.org","@graph":[{"@type":"WebPage","@id":"https:\/\/teiaeducation.ch\/de\/produkt\/balanciertuerme-erzi\/","url":"https:\/\/teiaeducation.ch\/de\/produkt\/balanciertuerme-erzi\/","name":"Balanciert\u00fcrme - Erzi - Teia Education & Play","isPartOf":{"@id":"https:\/\/teiaeducation.ch\/de\/#website"},"primaryImageOfPage":{"@id":"https:\/\/teiaeducation.ch\/de\/produkt\/balanciertuerme-erzi\/#primaryimage"},"image":{"@id":"https:\/\/teiaeducation.ch\/de\/produkt\/balanciertuerme-erzi\/#primaryimage"},"thumbnailUrl":"https:\/\/teiaeducation.ch\/wp-content\/uploads\/2020\/09\/Wooden-balancing-towers-game-Erzi-scaled.jpg","datePublished":"2020-10-18T16:54:02+00:00","dateModified":"2024-03-11T13:11:16+00:00","description":"Das Erzi Holzspiel Balanciert\u00fcrme ist eine lustige aktive Herausforderung zur F\u00f6rderung der Grobmotorik, des Gleichgewichts und der Koordination ab 4 Jahren. Hergestellt in Deutschland","breadcrumb":{"@id":"https:\/\/teiaeducation.ch\/de\/produkt\/balanciertuerme-erzi\/#breadcrumb"},"inLanguage":"de-CH","potentialAction":[{"@type":"ReadAction","target":["https:\/\/teiaeducation.ch\/de\/produkt\/balanciertuerme-erzi\/"]}]},{"@type":"ImageObject","inLanguage":"de-CH","@id":"https:\/\/teiaeducation.ch\/de\/produkt\/balanciertuerme-erzi\/#primaryimage","url":"https:\/\/teiaeducation.ch\/wp-content\/uploads\/2020\/09\/Wooden-balancing-towers-game-Erzi-scaled.jpg","contentUrl":"https:\/\/teiaeducation.ch\/wp-content\/uploads\/2020\/09\/Wooden-balancing-towers-game-Erzi-scaled.jpg","width":900,"height":900,"caption":"Balanciert\u00fcrme Spiel aus Holz - Erzi"},{"@type":"BreadcrumbList","@id":"https:\/\/teiaeducation.ch\/de\/produkt\/balanciertuerme-erzi\/#breadcrumb","itemListElement":[{"@type":"ListItem","position":1,"name":"Home","item":"https:\/\/teiaeducation.ch\/de\/"},{"@type":"ListItem","position":2,"name":"Laden","item":"https:\/\/teiaeducation.ch\/de\/shop\/"},{"@type":"ListItem","position":3,"name":"Unsere Marken","item":"https:\/\/teiaeducation.ch\/de\/produkt-kategorie\/unsere-marken\/"},{"@type":"ListItem","position":4,"name":"Erzi","item":"https:\/\/teiaeducation.ch\/de\/produkt-kategorie\/unsere-marken\/erzi-klassisches-holzspielzeug-de\/"},{"@type":"ListItem","position":5,"name":"Lernmaterialien","item":"https:\/\/teiaeducation.ch\/de\/produkt-kategorie\/unsere-marken\/erzi-klassisches-holzspielzeug-de\/lernmaterialien\/"},{"@type":"ListItem","position":6,"name":"Balanciert\u00fcrme &#8211; Erzi"}]},{"@type":"WebSite","@id":"https:\/\/teiaeducation.ch\/de\/#website","url":"https:\/\/teiaeducation.ch\/de\/","name":"Sustainable Educational Products &amp; Ecological Toys\u00a0","description":"Specialised Swiss shop selling sustainable educational toys and games, AMI certified Montessori materials, handmade ecological wooden Waldorf toys and arts &amp; crafts supplies, school supplies, children&#039;s furniture and Montessori reference and parenting books.","publisher":{"@id":"https:\/\/teiaeducation.ch\/de\/#organization"},"alternateName":"Teia Education & Play","potentialAction":[{"@type":"SearchAction","target":{"@type":"EntryPoint","urlTemplate":"https:\/\/teiaeducation.ch\/de\/?s={search_term_string}"},"query-input":{"@type":"PropertyValueSpecification","valueRequired":true,"valueName":"search_term_string"}}],"inLanguage":"de-CH"},{"@type":"Organization","@id":"https:\/\/teiaeducation.ch\/de\/#organization","name":"Teia Education & Play","url":"https:\/\/teiaeducation.ch\/de\/","logo":{"@type":"ImageObject","inLanguage":"de-CH","@id":"https:\/\/teiaeducation.ch\/de\/#\/schema\/logo\/image\/","url":"https:\/\/teiaeducation.ch\/wp-content\/uploads\/2020\/11\/Teia-Education-Switzerland-e1620156442216.jpg","contentUrl":"https:\/\/teiaeducation.ch\/wp-content\/uploads\/2020\/11\/Teia-Education-Switzerland-e1620156442216.jpg","width":166,"height":145,"caption":"Teia Education & Play"},"image":{"@id":"https:\/\/teiaeducation.ch\/de\/#\/schema\/logo\/image\/"},"sameAs":["https:\/\/www.facebook.com\/teiaeducation\/","https:\/\/x.com\/EducationTeia","https:\/\/www.instagram.com\/teia.education\/","https:\/\/www.linkedin.com\/company\/35501660","https:\/\/www.pinterest.ch\/TeiaEducation\/"]}]}},"_links":{"self":[{"href":"https:\/\/teiaeducation.ch\/de\/wp-json\/wp\/v2\/product\/59382","targetHints":{"allow":["GET"]}}],"collection":[{"href":"https:\/\/teiaeducation.ch\/de\/wp-json\/wp\/v2\/product"}],"about":[{"href":"https:\/\/teiaeducation.ch\/de\/wp-json\/wp\/v2\/types\/product"}],"replies":[{"embeddable":true,"href":"https:\/\/teiaeducation.ch\/de\/wp-json\/wp\/v2\/comments?post=59382"}],"wp:featuredmedia":[{"embeddable":true,"href":"https:\/\/teiaeducation.ch\/de\/wp-json\/wp\/v2\/media\/59383"}],"wp:attachment":[{"href":"https:\/\/teiaeducation.ch\/de\/wp-json\/wp\/v2\/media?parent=59382"}],"wp:term":[{"taxonomy":"product_brand","embeddable":true,"href":"https:\/\/teiaeducation.ch\/de\/wp-json\/wp\/v2\/product_brand?post=59382"},{"taxonomy":"product_cat","embeddable":true,"href":"https:\/\/teiaeducation.ch\/de\/wp-json\/wp\/v2\/product_cat?post=59382"},{"taxonomy":"product_tag","embeddable":true,"href":"https:\/\/teiaeducation.ch\/de\/wp-json\/wp\/v2\/product_tag?post=59382"}],"curies":[{"name":"wp","href":"https:\/\/api.w.org\/{rel}","templated":true}]}}