{"id":59386,"date":"2020-10-18T18:01:30","date_gmt":"2020-10-18T16:01:30","guid":{"rendered":"https:\/\/teiaeducation.ch\/product\/spiel-tricky-blocks-erzi\/"},"modified":"2025-12-11T17:59:47","modified_gmt":"2025-12-11T16:59:47","slug":"spiel-tricky-blocks-erzi","status":"publish","type":"product","link":"https:\/\/teiaeducation.ch\/de\/produkt\/spiel-tricky-blocks-erzi\/","title":{"rendered":"Spiel Tricky Blocks &#8211; Erzi"},"content":{"rendered":"<p>Dieses tolle Holzspiel Tricky Blocks von Erzi ist eine lustige und wackelige <a href=\"https:\/\/teiaeducation.ch\/de\/produkt-kategorie\/kinder-spielzeug\/baukloetze-aus-holz\/\">Baustein<\/a>-Stapelherausforderung f\u00fcr 2 bis 6 Spieler!<\/p>\n<p>Die sechs bunten Holzkl\u00f6tze bilden das Fundament, um sechs T\u00fcrme immer h\u00f6her zu bauen &#8211; keine leichte Aufgabe, denn die darauf zu setzenden Bausteine sind alle krumm und schief! Der h\u00f6chste Turm gewinnt! Das Spiel f\u00f6rdert die Hand-Augen-Koordination, die <a href=\"https:\/\/teiaeducation.ch\/de\/produkt-kategorie\/lernthemen\/sensorische-motorische-fertigkeiten\/motorische-fertigkeiten\/\">Motorik<\/a> und die Konzentration und macht dabei jede Menge Spa\u00df.<\/p>\n<p>Das in Deutschland aus Buchenholz hergestellte und mit sicheren, ungiftigen Farben auf Wasserbasis lackierte Erzi wooden tricky Holzbausteine-Spiel wird f\u00fcr Kinder ab 3 Jahren empfohlen.<\/p>\n<p>Inhalt:<\/p>\n<p>6 farbige Holzbausteine<br \/>\n12 kleine Wackelbl\u00f6cke<br \/>\n6 gro\u00dfe Wackelbl\u00f6cke<br \/>\n1 farbiger W\u00fcrfel<\/p>\n<h2>\u00dcber Erzi<\/h2>\n<p>Das umfangreiche Erzi-Sortiment tr\u00e4gt das unverwechselbare G\u00fctesiegel &#8220;made in Germany&#8221;, denn es stammt aus dem Erzgebirge.<\/p>\n<p><a href=\"https:\/\/teiaeducation.ch\/de\/produkt-kategorie\/unsere-marken\/erzi-klassisches-holzspielzeug-de\/\">Erzi<\/a> verwendet f\u00fcr die Herstellung seiner Spielzeuge Holz aus der Region, das mit dem <a href=\"https:\/\/fsc.org\/en\">FSC<\/a>-Siegel (Forest Stewardship Council) zertifiziert und verbessert wurde. Alle Oberfl\u00e4chenbehandlungen wie Farben und Lacke auf Wasserbasis sind ungiftig und jedes Erzi Produkt entspricht den h\u00f6chsten Sicherheitsstandards f\u00fcr Spielzeug. Die hochwertigen <a href=\"https:\/\/teiaeducation.ch\/de\/produkt-kategorie\/kinder-spielzeug\/handgefertigtes-holzspielzeug\/\">Holzspielzeuge<\/a> und <a href=\"https:\/\/teiaeducation.ch\/de\/produkt-kategorie\/lernthemen\/\">Lernprodukte<\/a> von Erzi zeichnen sich durch eine gro\u00dfe Vielfalt an nat\u00fcrlichen <a href=\"https:\/\/teiaeducation.ch\/de\/produkt-kategorie\/lernthemen\/mathematik-rechnen\/formen\/\">Formen<\/a> und <a href=\"https:\/\/teiaeducation.ch\/de\/produkt-kategorie\/lernthemen\/sensorische-motorische-fertigkeiten\/farbe-lernen\/\">Farben<\/a> aus und sind langlebig und nachhaltig.<\/p>\n","protected":false},"excerpt":{"rendered":"<p>Artikelnummer: 42363<\/p>\n<p>Dieses tolle Holzspiel Tricky Blocks von Erzi ist eine wackelige Stapelherausforderung f\u00fcr 2 bis 6 Spieler und eignet sich hervorragend zur F\u00f6rderung der Hand-Augen-Koordination, der Motorik und der Konzentration bei gleichzeitig viel Spa\u00df!<\/p>\n","protected":false},"featured_media":59387,"comment_status":"open","ping_status":"closed","template":"","meta":[],"product_brand":[],"product_cat":[21445,21704,21622,21682,23075,21624,21509,21559,21443,21563,21557,21678,21699,21564],"product_tag":[21887,28175,28176,23139,23135,23136,23137,28177,21886,21885,28181,28182,28174,28178,28184,28183,25710,28180,28185,28179],"class_list":{"0":"post-59386","1":"product","2":"type-product","3":"status-publish","4":"has-post-thumbnail","6":"product_cat-3-6-jahre-vorschule","7":"product_cat-baukloetze-aus-holz","8":"product_cat-erzi-klassisches-holzspielzeug-de","9":"product_cat-gesellschaftsspiele-spielen","10":"product_cat-handgefertigtes-holzspielzeug","11":"product_cat-lernmaterialien","12":"product_cat-lernthemen","13":"product_cat-motorische-fertigkeiten","14":"product_cat-nach-alter","15":"product_cat-neuheiten","16":"product_cat-sensorische-motorische-fertigkeiten","17":"product_cat-kinder-spielzeug","18":"product_cat-stapelspielzeug","19":"product_cat-unsere-marken","20":"product_tag-erzi-schweiz-de","21":"product_tag-erzi-spiel","22":"product_tag-erzi-spiel-tricky-blocks","23":"product_tag-erzi-spielwaren","24":"product_tag-erzi-spielzeug-de","25":"product_tag-erzi-spielzeug-aus-holz","26":"product_tag-erzi-spielzeug-schweiz-de","27":"product_tag-erzi-stapelspiel","28":"product_tag-erzi-suisse-de","29":"product_tag-erzi-switzerland-de","30":"product_tag-erzi-wurfelspiel","31":"product_tag-motorikspiel","32":"product_tag-padagogisches-spiel","33":"product_tag-spiel-mit-holzklotzen","34":"product_tag-spiel-tricky-blocks-aus-holz-erzi","35":"product_tag-spiel-zum-fruhen-lernen","36":"product_tag-spiel-zum-stapeln-von-blocken","37":"product_tag-stapelspiel","38":"product_tag-tricky-blocks-erzi-de","39":"product_tag-wackelige-blocke","41":"first","42":"instock","43":"taxable","44":"shipping-taxable","45":"purchasable","46":"product-type-simple"},"yoast_head":"<!-- This site is optimized with the Yoast SEO plugin v27.1.1 - https:\/\/yoast.com\/product\/yoast-seo-wordpress\/ -->\n<title>Spiel Tricky Blocks - Erzi - Teia Education &amp; Play<\/title>\n<meta name=\"description\" content=\"Das Spiel Tricky Blocks von Erzi ist eine lustige und wackelige Stapelherausforderung f\u00fcr 2 bis 6 Spieler mit Holzbausteinen. Nachhaltig hergestellt in Deutschland.\" \/>\n<meta name=\"robots\" content=\"index, follow, max-snippet:-1, max-image-preview:large, max-video-preview:-1\" \/>\n<link rel=\"canonical\" href=\"https:\/\/teiaeducation.ch\/de\/produkt\/spiel-tricky-blocks-erzi\/\" \/>\n<meta property=\"og:locale\" content=\"de_DE\" \/>\n<meta property=\"og:type\" content=\"article\" \/>\n<meta property=\"og:title\" content=\"Spiel Tricky Blocks - Erzi - Teia Education &amp; Play\" \/>\n<meta property=\"og:description\" content=\"Das Spiel Tricky Blocks von Erzi ist eine lustige und wackelige Stapelherausforderung f\u00fcr 2 bis 6 Spieler mit Holzbausteinen. Nachhaltig hergestellt in Deutschland.\" \/>\n<meta property=\"og:url\" content=\"https:\/\/teiaeducation.ch\/de\/produkt\/spiel-tricky-blocks-erzi\/\" \/>\n<meta property=\"og:site_name\" content=\"Sustainable Educational Products &amp; Ecological Toys\u00a0\" \/>\n<meta property=\"article:publisher\" content=\"https:\/\/www.facebook.com\/teiaeducation\/\" \/>\n<meta property=\"article:modified_time\" content=\"2025-12-11T16:59:47+00:00\" \/>\n<meta property=\"og:image\" content=\"https:\/\/teiaeducation.ch\/wp-content\/uploads\/2020\/09\/Wooden-tricky-blocks-game-Erzi2-scaled.jpg\" \/>\n\t<meta property=\"og:image:width\" content=\"900\" \/>\n\t<meta property=\"og:image:height\" content=\"900\" \/>\n\t<meta property=\"og:image:type\" content=\"image\/jpeg\" \/>\n<script type=\"application\/ld+json\" class=\"yoast-schema-graph\">{\"@context\":\"https:\/\/schema.org\",\"@graph\":[{\"@type\":\"WebPage\",\"@id\":\"https:\/\/teiaeducation.ch\/de\/produkt\/spiel-tricky-blocks-erzi\/\",\"url\":\"https:\/\/teiaeducation.ch\/de\/produkt\/spiel-tricky-blocks-erzi\/\",\"name\":\"Spiel Tricky Blocks - Erzi - Teia Education & Play\",\"isPartOf\":{\"@id\":\"https:\/\/teiaeducation.ch\/de\/#website\"},\"primaryImageOfPage\":{\"@id\":\"https:\/\/teiaeducation.ch\/de\/produkt\/spiel-tricky-blocks-erzi\/#primaryimage\"},\"image\":{\"@id\":\"https:\/\/teiaeducation.ch\/de\/produkt\/spiel-tricky-blocks-erzi\/#primaryimage\"},\"thumbnailUrl\":\"https:\/\/teiaeducation.ch\/wp-content\/uploads\/2020\/09\/Wooden-tricky-blocks-game-Erzi2-scaled.jpg\",\"datePublished\":\"2020-10-18T16:01:30+00:00\",\"dateModified\":\"2025-12-11T16:59:47+00:00\",\"description\":\"Das Spiel Tricky Blocks von Erzi ist eine lustige und wackelige Stapelherausforderung f\u00fcr 2 bis 6 Spieler mit Holzbausteinen. Nachhaltig hergestellt in Deutschland.\",\"breadcrumb\":{\"@id\":\"https:\/\/teiaeducation.ch\/de\/produkt\/spiel-tricky-blocks-erzi\/#breadcrumb\"},\"inLanguage\":\"de-CH\",\"potentialAction\":[{\"@type\":\"ReadAction\",\"target\":[\"https:\/\/teiaeducation.ch\/de\/produkt\/spiel-tricky-blocks-erzi\/\"]}]},{\"@type\":\"ImageObject\",\"inLanguage\":\"de-CH\",\"@id\":\"https:\/\/teiaeducation.ch\/de\/produkt\/spiel-tricky-blocks-erzi\/#primaryimage\",\"url\":\"https:\/\/teiaeducation.ch\/wp-content\/uploads\/2020\/09\/Wooden-tricky-blocks-game-Erzi2-scaled.jpg\",\"contentUrl\":\"https:\/\/teiaeducation.ch\/wp-content\/uploads\/2020\/09\/Wooden-tricky-blocks-game-Erzi2-scaled.jpg\",\"width\":900,\"height\":900,\"caption\":\"Spiel Tricky Blocks - Erzi\"},{\"@type\":\"BreadcrumbList\",\"@id\":\"https:\/\/teiaeducation.ch\/de\/produkt\/spiel-tricky-blocks-erzi\/#breadcrumb\",\"itemListElement\":[{\"@type\":\"ListItem\",\"position\":1,\"name\":\"Home\",\"item\":\"https:\/\/teiaeducation.ch\/de\/\"},{\"@type\":\"ListItem\",\"position\":2,\"name\":\"Laden\",\"item\":\"https:\/\/teiaeducation.ch\/de\/shop\/\"},{\"@type\":\"ListItem\",\"position\":3,\"name\":\"Unsere Marken\",\"item\":\"https:\/\/teiaeducation.ch\/de\/produkt-kategorie\/unsere-marken\/\"},{\"@type\":\"ListItem\",\"position\":4,\"name\":\"Erzi\",\"item\":\"https:\/\/teiaeducation.ch\/de\/produkt-kategorie\/unsere-marken\/erzi-klassisches-holzspielzeug-de\/\"},{\"@type\":\"ListItem\",\"position\":5,\"name\":\"Lernmaterialien\",\"item\":\"https:\/\/teiaeducation.ch\/de\/produkt-kategorie\/unsere-marken\/erzi-klassisches-holzspielzeug-de\/lernmaterialien\/\"},{\"@type\":\"ListItem\",\"position\":6,\"name\":\"Spiel Tricky Blocks &#8211; Erzi\"}]},{\"@type\":\"WebSite\",\"@id\":\"https:\/\/teiaeducation.ch\/de\/#website\",\"url\":\"https:\/\/teiaeducation.ch\/de\/\",\"name\":\"Sustainable Educational Products &amp; Ecological Toys\u00a0\",\"description\":\"Specialised Swiss shop selling sustainable educational toys and games, AMI certified Montessori materials, handmade ecological wooden Waldorf toys and arts &amp; crafts supplies, school supplies, children&#039;s furniture and Montessori reference and parenting books.\",\"publisher\":{\"@id\":\"https:\/\/teiaeducation.ch\/de\/#organization\"},\"alternateName\":\"Teia Education & Play\",\"potentialAction\":[{\"@type\":\"SearchAction\",\"target\":{\"@type\":\"EntryPoint\",\"urlTemplate\":\"https:\/\/teiaeducation.ch\/de\/?s={search_term_string}\"},\"query-input\":{\"@type\":\"PropertyValueSpecification\",\"valueRequired\":true,\"valueName\":\"search_term_string\"}}],\"inLanguage\":\"de-CH\"},{\"@type\":\"Organization\",\"@id\":\"https:\/\/teiaeducation.ch\/de\/#organization\",\"name\":\"Teia Education & Play\",\"url\":\"https:\/\/teiaeducation.ch\/de\/\",\"logo\":{\"@type\":\"ImageObject\",\"inLanguage\":\"de-CH\",\"@id\":\"https:\/\/teiaeducation.ch\/de\/#\/schema\/logo\/image\/\",\"url\":\"https:\/\/teiaeducation.ch\/wp-content\/uploads\/2020\/11\/Teia-Education-Switzerland-e1620156442216.jpg\",\"contentUrl\":\"https:\/\/teiaeducation.ch\/wp-content\/uploads\/2020\/11\/Teia-Education-Switzerland-e1620156442216.jpg\",\"width\":166,\"height\":145,\"caption\":\"Teia Education & Play\"},\"image\":{\"@id\":\"https:\/\/teiaeducation.ch\/de\/#\/schema\/logo\/image\/\"},\"sameAs\":[\"https:\/\/www.facebook.com\/teiaeducation\/\",\"https:\/\/x.com\/EducationTeia\",\"https:\/\/www.instagram.com\/teia.education\/\",\"https:\/\/www.linkedin.com\/company\/35501660\",\"https:\/\/www.pinterest.ch\/TeiaEducation\/\"]}]}<\/script>\n<!-- \/ Yoast SEO plugin. -->","yoast_head_json":{"title":"Spiel Tricky Blocks - Erzi - Teia Education & Play","description":"Das Spiel Tricky Blocks von Erzi ist eine lustige und wackelige Stapelherausforderung f\u00fcr 2 bis 6 Spieler mit Holzbausteinen. Nachhaltig hergestellt in Deutschland.","robots":{"index":"index","follow":"follow","max-snippet":"max-snippet:-1","max-image-preview":"max-image-preview:large","max-video-preview":"max-video-preview:-1"},"canonical":"https:\/\/teiaeducation.ch\/de\/produkt\/spiel-tricky-blocks-erzi\/","og_locale":"de_DE","og_type":"article","og_title":"Spiel Tricky Blocks - Erzi - Teia Education & Play","og_description":"Das Spiel Tricky Blocks von Erzi ist eine lustige und wackelige Stapelherausforderung f\u00fcr 2 bis 6 Spieler mit Holzbausteinen. Nachhaltig hergestellt in Deutschland.","og_url":"https:\/\/teiaeducation.ch\/de\/produkt\/spiel-tricky-blocks-erzi\/","og_site_name":"Sustainable Educational Products &amp; Ecological Toys\u00a0","article_publisher":"https:\/\/www.facebook.com\/teiaeducation\/","article_modified_time":"2025-12-11T16:59:47+00:00","og_image":[{"width":900,"height":900,"url":"https:\/\/teiaeducation.ch\/wp-content\/uploads\/2020\/09\/Wooden-tricky-blocks-game-Erzi2-scaled.jpg","type":"image\/jpeg"}],"schema":{"@context":"https:\/\/schema.org","@graph":[{"@type":"WebPage","@id":"https:\/\/teiaeducation.ch\/de\/produkt\/spiel-tricky-blocks-erzi\/","url":"https:\/\/teiaeducation.ch\/de\/produkt\/spiel-tricky-blocks-erzi\/","name":"Spiel Tricky Blocks - Erzi - Teia Education & Play","isPartOf":{"@id":"https:\/\/teiaeducation.ch\/de\/#website"},"primaryImageOfPage":{"@id":"https:\/\/teiaeducation.ch\/de\/produkt\/spiel-tricky-blocks-erzi\/#primaryimage"},"image":{"@id":"https:\/\/teiaeducation.ch\/de\/produkt\/spiel-tricky-blocks-erzi\/#primaryimage"},"thumbnailUrl":"https:\/\/teiaeducation.ch\/wp-content\/uploads\/2020\/09\/Wooden-tricky-blocks-game-Erzi2-scaled.jpg","datePublished":"2020-10-18T16:01:30+00:00","dateModified":"2025-12-11T16:59:47+00:00","description":"Das Spiel Tricky Blocks von Erzi ist eine lustige und wackelige Stapelherausforderung f\u00fcr 2 bis 6 Spieler mit Holzbausteinen. Nachhaltig hergestellt in Deutschland.","breadcrumb":{"@id":"https:\/\/teiaeducation.ch\/de\/produkt\/spiel-tricky-blocks-erzi\/#breadcrumb"},"inLanguage":"de-CH","potentialAction":[{"@type":"ReadAction","target":["https:\/\/teiaeducation.ch\/de\/produkt\/spiel-tricky-blocks-erzi\/"]}]},{"@type":"ImageObject","inLanguage":"de-CH","@id":"https:\/\/teiaeducation.ch\/de\/produkt\/spiel-tricky-blocks-erzi\/#primaryimage","url":"https:\/\/teiaeducation.ch\/wp-content\/uploads\/2020\/09\/Wooden-tricky-blocks-game-Erzi2-scaled.jpg","contentUrl":"https:\/\/teiaeducation.ch\/wp-content\/uploads\/2020\/09\/Wooden-tricky-blocks-game-Erzi2-scaled.jpg","width":900,"height":900,"caption":"Spiel Tricky Blocks - Erzi"},{"@type":"BreadcrumbList","@id":"https:\/\/teiaeducation.ch\/de\/produkt\/spiel-tricky-blocks-erzi\/#breadcrumb","itemListElement":[{"@type":"ListItem","position":1,"name":"Home","item":"https:\/\/teiaeducation.ch\/de\/"},{"@type":"ListItem","position":2,"name":"Laden","item":"https:\/\/teiaeducation.ch\/de\/shop\/"},{"@type":"ListItem","position":3,"name":"Unsere Marken","item":"https:\/\/teiaeducation.ch\/de\/produkt-kategorie\/unsere-marken\/"},{"@type":"ListItem","position":4,"name":"Erzi","item":"https:\/\/teiaeducation.ch\/de\/produkt-kategorie\/unsere-marken\/erzi-klassisches-holzspielzeug-de\/"},{"@type":"ListItem","position":5,"name":"Lernmaterialien","item":"https:\/\/teiaeducation.ch\/de\/produkt-kategorie\/unsere-marken\/erzi-klassisches-holzspielzeug-de\/lernmaterialien\/"},{"@type":"ListItem","position":6,"name":"Spiel Tricky Blocks &#8211; Erzi"}]},{"@type":"WebSite","@id":"https:\/\/teiaeducation.ch\/de\/#website","url":"https:\/\/teiaeducation.ch\/de\/","name":"Sustainable Educational Products &amp; Ecological Toys\u00a0","description":"Specialised Swiss shop selling sustainable educational toys and games, AMI certified Montessori materials, handmade ecological wooden Waldorf toys and arts &amp; crafts supplies, school supplies, children&#039;s furniture and Montessori reference and parenting books.","publisher":{"@id":"https:\/\/teiaeducation.ch\/de\/#organization"},"alternateName":"Teia Education & Play","potentialAction":[{"@type":"SearchAction","target":{"@type":"EntryPoint","urlTemplate":"https:\/\/teiaeducation.ch\/de\/?s={search_term_string}"},"query-input":{"@type":"PropertyValueSpecification","valueRequired":true,"valueName":"search_term_string"}}],"inLanguage":"de-CH"},{"@type":"Organization","@id":"https:\/\/teiaeducation.ch\/de\/#organization","name":"Teia Education & Play","url":"https:\/\/teiaeducation.ch\/de\/","logo":{"@type":"ImageObject","inLanguage":"de-CH","@id":"https:\/\/teiaeducation.ch\/de\/#\/schema\/logo\/image\/","url":"https:\/\/teiaeducation.ch\/wp-content\/uploads\/2020\/11\/Teia-Education-Switzerland-e1620156442216.jpg","contentUrl":"https:\/\/teiaeducation.ch\/wp-content\/uploads\/2020\/11\/Teia-Education-Switzerland-e1620156442216.jpg","width":166,"height":145,"caption":"Teia Education & Play"},"image":{"@id":"https:\/\/teiaeducation.ch\/de\/#\/schema\/logo\/image\/"},"sameAs":["https:\/\/www.facebook.com\/teiaeducation\/","https:\/\/x.com\/EducationTeia","https:\/\/www.instagram.com\/teia.education\/","https:\/\/www.linkedin.com\/company\/35501660","https:\/\/www.pinterest.ch\/TeiaEducation\/"]}]}},"_links":{"self":[{"href":"https:\/\/teiaeducation.ch\/de\/wp-json\/wp\/v2\/product\/59386","targetHints":{"allow":["GET"]}}],"collection":[{"href":"https:\/\/teiaeducation.ch\/de\/wp-json\/wp\/v2\/product"}],"about":[{"href":"https:\/\/teiaeducation.ch\/de\/wp-json\/wp\/v2\/types\/product"}],"replies":[{"embeddable":true,"href":"https:\/\/teiaeducation.ch\/de\/wp-json\/wp\/v2\/comments?post=59386"}],"wp:featuredmedia":[{"embeddable":true,"href":"https:\/\/teiaeducation.ch\/de\/wp-json\/wp\/v2\/media\/59387"}],"wp:attachment":[{"href":"https:\/\/teiaeducation.ch\/de\/wp-json\/wp\/v2\/media?parent=59386"}],"wp:term":[{"taxonomy":"product_brand","embeddable":true,"href":"https:\/\/teiaeducation.ch\/de\/wp-json\/wp\/v2\/product_brand?post=59386"},{"taxonomy":"product_cat","embeddable":true,"href":"https:\/\/teiaeducation.ch\/de\/wp-json\/wp\/v2\/product_cat?post=59386"},{"taxonomy":"product_tag","embeddable":true,"href":"https:\/\/teiaeducation.ch\/de\/wp-json\/wp\/v2\/product_tag?post=59386"}],"curies":[{"name":"wp","href":"https:\/\/api.w.org\/{rel}","templated":true}]}}