{"id":59396,"date":"2020-10-18T17:50:22","date_gmt":"2020-10-18T15:50:22","guid":{"rendered":"https:\/\/teiaeducation.ch\/product\/lernspiel-kleinbuchstaben-erzi\/"},"modified":"2024-08-22T09:28:06","modified_gmt":"2024-08-22T07:28:06","slug":"lernspiel-kleinbuchstaben-erzi","status":"publish","type":"product","link":"https:\/\/teiaeducation.ch\/de\/produkt\/lernspiel-kleinbuchstaben-erzi\/","title":{"rendered":"Lernspiel Kleinbuchstaben &#8211; Erzi"},"content":{"rendered":"<p>Dieses h\u00f6lzerne Lernspiel Kleinbuchstaben von Erzi verf\u00fcgt \u00fcber 29 h\u00f6lzerne Buchstabenpausentafeln, darunter a, o und u mit Umlauten, um das Alphabet spielerisch zu erlernen.<\/p>\n<p>Die taktilen Klein<a href=\"https:\/\/teiaeducation.ch\/product-category\/curriculum-areas\/literacy-language\/letters\/\">buchstaben<\/a> wurden in jedes Holzbrett geschnitzt, so dass die Kinder sie ertasten, nachzeichnen, kopieren und anordnen k\u00f6nnen, um spielerisch und gr\u00fcndlich zu lernen.<\/p>\n<p>Dieses Lese- und Sprachlernmaterial f\u00fcr die Vorschule, zum Vorlesen und Vorschreiben kann auch in der Sonderp\u00e4dagogik f\u00fcr Sehbehinderte und Blinde eingesetzt werden, da der Markierungspunkt unten rechts auf jeder Holztafel garantiert, dass der Buchstabe richtig herum steht.<\/p>\n<p>Die in Deutschland aus Birkenholz gefertigten und mit ungiftiger Farbe auf Wasserbasis lackierten Tastbuchstaben sind 7 x 5 x 0,4 cm gro\u00df.<\/p>\n<p>Das Erzi Holzset Lernspiel Kleinbuchstaben wird f\u00fcr Kinder ab 4 Jahren empfohlen.<\/p>\n<p>Inhalt:<\/p>\n<p>29 Tafeln mit taktilen Kleinbuchstaben aus Holz<br \/>\nEine Schachtel zur Aufbewahrung<\/p>\n<h2>\u00dcber Erzi<\/h2>\n<p>Das umfangreiche Erzi-Sortiment tr\u00e4gt das unverwechselbare G\u00fctesiegel &#8220;made in Germany&#8221;, denn es stammt aus dem Erzgebirge.<\/p>\n<p><a href=\"https:\/\/teiaeducation.ch\/product-category\/brands\/erzi\/\">Erzi<\/a> verwendet f\u00fcr die Herstellung seiner Spielzeuge Holz aus der Region, das mit dem <a href=\"https:\/\/fsc.org\/en\">FSC<\/a>-Siegel (Forest Stewardship Council) zertifiziert und verbessert wurde. Alle Oberfl\u00e4chenbehandlungen wie Farben und Lacke auf Wasserbasis sind ungiftig und jedes Erzi Produkt entspricht den h\u00f6chsten Sicherheitsstandards f\u00fcr Spielzeug. Die hochwertigen <a href=\"https:\/\/teiaeducation.ch\/product-category\/hgh-quality-toys-play\/handmade-wooden-toys\/\">Holzspielzeuge<\/a> und <a href=\"https:\/\/teiaeducation.ch\/product-category\/learning-themes\/\">Lernprodukte<\/a> von Erzi zeichnen sich durch eine gro\u00dfe Vielfalt an nat\u00fcrlichen <a href=\"https:\/\/teiaeducation.ch\/product-category\/learning-themes\/mathematics-numeracy\/shapes\/\">Formen<\/a> und <a href=\"https:\/\/teiaeducation.ch\/product-category\/learning-themes\/sensory-motor-skills\/learning-about-colour\/\">Farben<\/a> aus und sind langlebig und nachhaltig.<\/p>\n","protected":false},"excerpt":{"rendered":"<p>Artikelnummer: 42022<\/p>\n<p>Dieses h\u00f6lzerne Lernspiel Kleinbuchstaben von Erzi verf\u00fcgt \u00fcber 29 h\u00f6lzerne Buchstabenpausentafeln, darunter a, o und u mit Umlauten, um das Alphabet spielerisch zu erlernen.<\/p>\n","protected":false},"featured_media":59397,"comment_status":"open","ping_status":"closed","template":"","meta":[],"product_brand":[],"product_cat":[21445,22033,21524,23651,21479,21532,21622,21491,21484,21624,21509,21530,21481,22182,21443,21563,22362,21531,21494,21495,21557,21562,21678,21482,21564],"product_tag":[28203,28204,28205,28200,28210,28209,28206,28042,21887,21886,21885,28139,28208,28201,28202,28207,28211],"class_list":{"0":"post-59396","1":"product","2":"type-product","3":"status-publish","4":"has-post-thumbnail","6":"product_cat-3-6-jahre-vorschule","7":"product_cat-adventskalender-geschenke-strumpffueller","8":"product_cat-alphabetisierung-sprache","9":"product_cat-back-to-school-de","10":"product_cat-lernmaterialien-spielzeug-montessori-waldorf-steiner-froebel","11":"product_cat-buchstaben-das-alphabet","12":"product_cat-erzi-klassisches-holzspielzeug-de","13":"product_cat-geschenk-guide-lerngeschenke","14":"product_cat-geschenk-guides","15":"product_cat-lernmaterialien","16":"product_cat-lernthemen","17":"product_cat-lesen-lernen","18":"product_cat-montessori-paedagogik-material-spielzeug","19":"product_cat-montessori-spielzeug","20":"product_cat-nach-alter","21":"product_cat-neuheiten","22":"product_cat-saisonale-kollektionen","23":"product_cat-schreiben-lernen","24":"product_cat-schulbedarf-fuer-zuhause","25":"product_cat-schulbedarf-fuer-zuhause-3-6-jahre","26":"product_cat-sensorische-motorische-fertigkeiten","27":"product_cat-sinne","28":"product_cat-kinder-spielzeug","29":"product_cat-traditionelle-bildung","30":"product_cat-unsere-marken","31":"product_tag-beruhrbare-buchstaben","32":"product_tag-buchstaben-aufspuren","33":"product_tag-buchstaben-aus-holz","34":"product_tag-das-alphabet-lernen","35":"product_tag-erzi-holzpausenbuchstaben","36":"product_tag-erzi-kleinbuchstaben-de","37":"product_tag-erzi-kleinbuchstaben","38":"product_tag-erzi-lernspiel","39":"product_tag-erzi-schweiz-de","40":"product_tag-erzi-suisse-de","41":"product_tag-erzi-switzerland-de","42":"product_tag-erzi-lernmaterialien","43":"product_tag-lernspiel-kleinbuchstaben-erzi","44":"product_tag-materialien-zur-alphabetisierung","45":"product_tag-satz-erzi-buchstaben","46":"product_tag-satz-kleinbuchstaben","47":"product_tag-tastbare-holzbuchstaben","49":"first","50":"instock","51":"taxable","52":"shipping-taxable","53":"purchasable","54":"product-type-simple"},"yoast_head":"<!-- This site is optimized with the Yoast SEO plugin v27.1.1 - https:\/\/yoast.com\/product\/yoast-seo-wordpress\/ -->\n<title>Lernspiel Kleinbuchstaben - Erzi - Teia Education &amp; Play<\/title>\n<meta name=\"description\" content=\"Die taktilen Kleinbuchstaben von Erzi aus Holz erm\u00f6glichen das spielerische Erlernen des Alphabets in der fr\u00fchen Kindheit. Nachhaltig hergestellt in Deutschland\" \/>\n<meta name=\"robots\" content=\"index, follow, max-snippet:-1, max-image-preview:large, max-video-preview:-1\" \/>\n<link rel=\"canonical\" href=\"https:\/\/teiaeducation.ch\/de\/produkt\/lernspiel-kleinbuchstaben-erzi\/\" \/>\n<meta property=\"og:locale\" content=\"de_DE\" \/>\n<meta property=\"og:type\" content=\"article\" \/>\n<meta property=\"og:title\" content=\"Lernspiel Kleinbuchstaben - Erzi - Teia Education &amp; Play\" \/>\n<meta property=\"og:description\" content=\"Die taktilen Kleinbuchstaben von Erzi aus Holz erm\u00f6glichen das spielerische Erlernen des Alphabets in der fr\u00fchen Kindheit. Nachhaltig hergestellt in Deutschland\" \/>\n<meta property=\"og:url\" content=\"https:\/\/teiaeducation.ch\/de\/produkt\/lernspiel-kleinbuchstaben-erzi\/\" \/>\n<meta property=\"og:site_name\" content=\"Sustainable Educational Products &amp; Ecological Toys\u00a0\" \/>\n<meta property=\"article:publisher\" content=\"https:\/\/www.facebook.com\/teiaeducation\/\" \/>\n<meta property=\"article:modified_time\" content=\"2024-08-22T07:28:06+00:00\" \/>\n<meta property=\"og:image\" content=\"https:\/\/teiaeducation.ch\/wp-content\/uploads\/2020\/09\/Wooden-tactile-letters-lowercase-Erzi.jpg\" \/>\n\t<meta property=\"og:image:width\" content=\"900\" \/>\n\t<meta property=\"og:image:height\" content=\"900\" \/>\n\t<meta property=\"og:image:type\" content=\"image\/jpeg\" \/>\n<script type=\"application\/ld+json\" class=\"yoast-schema-graph\">{\"@context\":\"https:\/\/schema.org\",\"@graph\":[{\"@type\":\"WebPage\",\"@id\":\"https:\/\/teiaeducation.ch\/de\/produkt\/lernspiel-kleinbuchstaben-erzi\/\",\"url\":\"https:\/\/teiaeducation.ch\/de\/produkt\/lernspiel-kleinbuchstaben-erzi\/\",\"name\":\"Lernspiel Kleinbuchstaben - Erzi - Teia Education & Play\",\"isPartOf\":{\"@id\":\"https:\/\/teiaeducation.ch\/de\/#website\"},\"primaryImageOfPage\":{\"@id\":\"https:\/\/teiaeducation.ch\/de\/produkt\/lernspiel-kleinbuchstaben-erzi\/#primaryimage\"},\"image\":{\"@id\":\"https:\/\/teiaeducation.ch\/de\/produkt\/lernspiel-kleinbuchstaben-erzi\/#primaryimage\"},\"thumbnailUrl\":\"https:\/\/teiaeducation.ch\/wp-content\/uploads\/2020\/09\/Wooden-tactile-letters-lowercase-Erzi.jpg\",\"datePublished\":\"2020-10-18T15:50:22+00:00\",\"dateModified\":\"2024-08-22T07:28:06+00:00\",\"description\":\"Die taktilen Kleinbuchstaben von Erzi aus Holz erm\u00f6glichen das spielerische Erlernen des Alphabets in der fr\u00fchen Kindheit. Nachhaltig hergestellt in Deutschland\",\"breadcrumb\":{\"@id\":\"https:\/\/teiaeducation.ch\/de\/produkt\/lernspiel-kleinbuchstaben-erzi\/#breadcrumb\"},\"inLanguage\":\"de-CH\",\"potentialAction\":[{\"@type\":\"ReadAction\",\"target\":[\"https:\/\/teiaeducation.ch\/de\/produkt\/lernspiel-kleinbuchstaben-erzi\/\"]}]},{\"@type\":\"ImageObject\",\"inLanguage\":\"de-CH\",\"@id\":\"https:\/\/teiaeducation.ch\/de\/produkt\/lernspiel-kleinbuchstaben-erzi\/#primaryimage\",\"url\":\"https:\/\/teiaeducation.ch\/wp-content\/uploads\/2020\/09\/Wooden-tactile-letters-lowercase-Erzi.jpg\",\"contentUrl\":\"https:\/\/teiaeducation.ch\/wp-content\/uploads\/2020\/09\/Wooden-tactile-letters-lowercase-Erzi.jpg\",\"width\":900,\"height\":900,\"caption\":\"Lernspiel Kleinbuchstaben - Erzi\"},{\"@type\":\"BreadcrumbList\",\"@id\":\"https:\/\/teiaeducation.ch\/de\/produkt\/lernspiel-kleinbuchstaben-erzi\/#breadcrumb\",\"itemListElement\":[{\"@type\":\"ListItem\",\"position\":1,\"name\":\"Home\",\"item\":\"https:\/\/teiaeducation.ch\/de\/\"},{\"@type\":\"ListItem\",\"position\":2,\"name\":\"Laden\",\"item\":\"https:\/\/teiaeducation.ch\/de\/shop\/\"},{\"@type\":\"ListItem\",\"position\":3,\"name\":\"Lernthemen\",\"item\":\"https:\/\/teiaeducation.ch\/de\/produkt-kategorie\/lernthemen\/\"},{\"@type\":\"ListItem\",\"position\":4,\"name\":\"Alphabetisierung &amp; Sprache\",\"item\":\"https:\/\/teiaeducation.ch\/de\/produkt-kategorie\/lernthemen\/alphabetisierung-sprache\/\"},{\"@type\":\"ListItem\",\"position\":5,\"name\":\"Buchstaben &amp; das Alphabet\",\"item\":\"https:\/\/teiaeducation.ch\/de\/produkt-kategorie\/lernthemen\/alphabetisierung-sprache\/buchstaben-das-alphabet\/\"},{\"@type\":\"ListItem\",\"position\":6,\"name\":\"Lernspiel Kleinbuchstaben &#8211; Erzi\"}]},{\"@type\":\"WebSite\",\"@id\":\"https:\/\/teiaeducation.ch\/de\/#website\",\"url\":\"https:\/\/teiaeducation.ch\/de\/\",\"name\":\"Sustainable Educational Products &amp; Ecological Toys\u00a0\",\"description\":\"Specialised Swiss shop selling sustainable educational toys and games, AMI certified Montessori materials, handmade ecological wooden Waldorf toys and arts &amp; crafts supplies, school supplies, children&#039;s furniture and Montessori reference and parenting books.\",\"publisher\":{\"@id\":\"https:\/\/teiaeducation.ch\/de\/#organization\"},\"alternateName\":\"Teia Education & Play\",\"potentialAction\":[{\"@type\":\"SearchAction\",\"target\":{\"@type\":\"EntryPoint\",\"urlTemplate\":\"https:\/\/teiaeducation.ch\/de\/?s={search_term_string}\"},\"query-input\":{\"@type\":\"PropertyValueSpecification\",\"valueRequired\":true,\"valueName\":\"search_term_string\"}}],\"inLanguage\":\"de-CH\"},{\"@type\":\"Organization\",\"@id\":\"https:\/\/teiaeducation.ch\/de\/#organization\",\"name\":\"Teia Education & Play\",\"url\":\"https:\/\/teiaeducation.ch\/de\/\",\"logo\":{\"@type\":\"ImageObject\",\"inLanguage\":\"de-CH\",\"@id\":\"https:\/\/teiaeducation.ch\/de\/#\/schema\/logo\/image\/\",\"url\":\"https:\/\/teiaeducation.ch\/wp-content\/uploads\/2020\/11\/Teia-Education-Switzerland-e1620156442216.jpg\",\"contentUrl\":\"https:\/\/teiaeducation.ch\/wp-content\/uploads\/2020\/11\/Teia-Education-Switzerland-e1620156442216.jpg\",\"width\":166,\"height\":145,\"caption\":\"Teia Education & Play\"},\"image\":{\"@id\":\"https:\/\/teiaeducation.ch\/de\/#\/schema\/logo\/image\/\"},\"sameAs\":[\"https:\/\/www.facebook.com\/teiaeducation\/\",\"https:\/\/x.com\/EducationTeia\",\"https:\/\/www.instagram.com\/teia.education\/\",\"https:\/\/www.linkedin.com\/company\/35501660\",\"https:\/\/www.pinterest.ch\/TeiaEducation\/\"]}]}<\/script>\n<!-- \/ Yoast SEO plugin. -->","yoast_head_json":{"title":"Lernspiel Kleinbuchstaben - Erzi - Teia Education & Play","description":"Die taktilen Kleinbuchstaben von Erzi aus Holz erm\u00f6glichen das spielerische Erlernen des Alphabets in der fr\u00fchen Kindheit. Nachhaltig hergestellt in Deutschland","robots":{"index":"index","follow":"follow","max-snippet":"max-snippet:-1","max-image-preview":"max-image-preview:large","max-video-preview":"max-video-preview:-1"},"canonical":"https:\/\/teiaeducation.ch\/de\/produkt\/lernspiel-kleinbuchstaben-erzi\/","og_locale":"de_DE","og_type":"article","og_title":"Lernspiel Kleinbuchstaben - Erzi - Teia Education & Play","og_description":"Die taktilen Kleinbuchstaben von Erzi aus Holz erm\u00f6glichen das spielerische Erlernen des Alphabets in der fr\u00fchen Kindheit. Nachhaltig hergestellt in Deutschland","og_url":"https:\/\/teiaeducation.ch\/de\/produkt\/lernspiel-kleinbuchstaben-erzi\/","og_site_name":"Sustainable Educational Products &amp; Ecological Toys\u00a0","article_publisher":"https:\/\/www.facebook.com\/teiaeducation\/","article_modified_time":"2024-08-22T07:28:06+00:00","og_image":[{"width":900,"height":900,"url":"https:\/\/teiaeducation.ch\/wp-content\/uploads\/2020\/09\/Wooden-tactile-letters-lowercase-Erzi.jpg","type":"image\/jpeg"}],"schema":{"@context":"https:\/\/schema.org","@graph":[{"@type":"WebPage","@id":"https:\/\/teiaeducation.ch\/de\/produkt\/lernspiel-kleinbuchstaben-erzi\/","url":"https:\/\/teiaeducation.ch\/de\/produkt\/lernspiel-kleinbuchstaben-erzi\/","name":"Lernspiel Kleinbuchstaben - Erzi - Teia Education & Play","isPartOf":{"@id":"https:\/\/teiaeducation.ch\/de\/#website"},"primaryImageOfPage":{"@id":"https:\/\/teiaeducation.ch\/de\/produkt\/lernspiel-kleinbuchstaben-erzi\/#primaryimage"},"image":{"@id":"https:\/\/teiaeducation.ch\/de\/produkt\/lernspiel-kleinbuchstaben-erzi\/#primaryimage"},"thumbnailUrl":"https:\/\/teiaeducation.ch\/wp-content\/uploads\/2020\/09\/Wooden-tactile-letters-lowercase-Erzi.jpg","datePublished":"2020-10-18T15:50:22+00:00","dateModified":"2024-08-22T07:28:06+00:00","description":"Die taktilen Kleinbuchstaben von Erzi aus Holz erm\u00f6glichen das spielerische Erlernen des Alphabets in der fr\u00fchen Kindheit. Nachhaltig hergestellt in Deutschland","breadcrumb":{"@id":"https:\/\/teiaeducation.ch\/de\/produkt\/lernspiel-kleinbuchstaben-erzi\/#breadcrumb"},"inLanguage":"de-CH","potentialAction":[{"@type":"ReadAction","target":["https:\/\/teiaeducation.ch\/de\/produkt\/lernspiel-kleinbuchstaben-erzi\/"]}]},{"@type":"ImageObject","inLanguage":"de-CH","@id":"https:\/\/teiaeducation.ch\/de\/produkt\/lernspiel-kleinbuchstaben-erzi\/#primaryimage","url":"https:\/\/teiaeducation.ch\/wp-content\/uploads\/2020\/09\/Wooden-tactile-letters-lowercase-Erzi.jpg","contentUrl":"https:\/\/teiaeducation.ch\/wp-content\/uploads\/2020\/09\/Wooden-tactile-letters-lowercase-Erzi.jpg","width":900,"height":900,"caption":"Lernspiel Kleinbuchstaben - Erzi"},{"@type":"BreadcrumbList","@id":"https:\/\/teiaeducation.ch\/de\/produkt\/lernspiel-kleinbuchstaben-erzi\/#breadcrumb","itemListElement":[{"@type":"ListItem","position":1,"name":"Home","item":"https:\/\/teiaeducation.ch\/de\/"},{"@type":"ListItem","position":2,"name":"Laden","item":"https:\/\/teiaeducation.ch\/de\/shop\/"},{"@type":"ListItem","position":3,"name":"Lernthemen","item":"https:\/\/teiaeducation.ch\/de\/produkt-kategorie\/lernthemen\/"},{"@type":"ListItem","position":4,"name":"Alphabetisierung &amp; Sprache","item":"https:\/\/teiaeducation.ch\/de\/produkt-kategorie\/lernthemen\/alphabetisierung-sprache\/"},{"@type":"ListItem","position":5,"name":"Buchstaben &amp; das Alphabet","item":"https:\/\/teiaeducation.ch\/de\/produkt-kategorie\/lernthemen\/alphabetisierung-sprache\/buchstaben-das-alphabet\/"},{"@type":"ListItem","position":6,"name":"Lernspiel Kleinbuchstaben &#8211; Erzi"}]},{"@type":"WebSite","@id":"https:\/\/teiaeducation.ch\/de\/#website","url":"https:\/\/teiaeducation.ch\/de\/","name":"Sustainable Educational Products &amp; Ecological Toys\u00a0","description":"Specialised Swiss shop selling sustainable educational toys and games, AMI certified Montessori materials, handmade ecological wooden Waldorf toys and arts &amp; crafts supplies, school supplies, children&#039;s furniture and Montessori reference and parenting books.","publisher":{"@id":"https:\/\/teiaeducation.ch\/de\/#organization"},"alternateName":"Teia Education & Play","potentialAction":[{"@type":"SearchAction","target":{"@type":"EntryPoint","urlTemplate":"https:\/\/teiaeducation.ch\/de\/?s={search_term_string}"},"query-input":{"@type":"PropertyValueSpecification","valueRequired":true,"valueName":"search_term_string"}}],"inLanguage":"de-CH"},{"@type":"Organization","@id":"https:\/\/teiaeducation.ch\/de\/#organization","name":"Teia Education & Play","url":"https:\/\/teiaeducation.ch\/de\/","logo":{"@type":"ImageObject","inLanguage":"de-CH","@id":"https:\/\/teiaeducation.ch\/de\/#\/schema\/logo\/image\/","url":"https:\/\/teiaeducation.ch\/wp-content\/uploads\/2020\/11\/Teia-Education-Switzerland-e1620156442216.jpg","contentUrl":"https:\/\/teiaeducation.ch\/wp-content\/uploads\/2020\/11\/Teia-Education-Switzerland-e1620156442216.jpg","width":166,"height":145,"caption":"Teia Education & Play"},"image":{"@id":"https:\/\/teiaeducation.ch\/de\/#\/schema\/logo\/image\/"},"sameAs":["https:\/\/www.facebook.com\/teiaeducation\/","https:\/\/x.com\/EducationTeia","https:\/\/www.instagram.com\/teia.education\/","https:\/\/www.linkedin.com\/company\/35501660","https:\/\/www.pinterest.ch\/TeiaEducation\/"]}]}},"_links":{"self":[{"href":"https:\/\/teiaeducation.ch\/de\/wp-json\/wp\/v2\/product\/59396","targetHints":{"allow":["GET"]}}],"collection":[{"href":"https:\/\/teiaeducation.ch\/de\/wp-json\/wp\/v2\/product"}],"about":[{"href":"https:\/\/teiaeducation.ch\/de\/wp-json\/wp\/v2\/types\/product"}],"replies":[{"embeddable":true,"href":"https:\/\/teiaeducation.ch\/de\/wp-json\/wp\/v2\/comments?post=59396"}],"wp:featuredmedia":[{"embeddable":true,"href":"https:\/\/teiaeducation.ch\/de\/wp-json\/wp\/v2\/media\/59397"}],"wp:attachment":[{"href":"https:\/\/teiaeducation.ch\/de\/wp-json\/wp\/v2\/media?parent=59396"}],"wp:term":[{"taxonomy":"product_brand","embeddable":true,"href":"https:\/\/teiaeducation.ch\/de\/wp-json\/wp\/v2\/product_brand?post=59396"},{"taxonomy":"product_cat","embeddable":true,"href":"https:\/\/teiaeducation.ch\/de\/wp-json\/wp\/v2\/product_cat?post=59396"},{"taxonomy":"product_tag","embeddable":true,"href":"https:\/\/teiaeducation.ch\/de\/wp-json\/wp\/v2\/product_tag?post=59396"}],"curies":[{"name":"wp","href":"https:\/\/api.w.org\/{rel}","templated":true}]}}