{"id":59407,"date":"2020-10-13T16:26:29","date_gmt":"2020-10-13T14:26:29","guid":{"rendered":"https:\/\/teiaeducation.ch\/product\/kreuzsteinspiel-erzi\/"},"modified":"2025-12-11T17:59:58","modified_gmt":"2025-12-11T16:59:58","slug":"kreuzsteinspiel-erzi","status":"publish","type":"product","link":"https:\/\/teiaeducation.ch\/de\/produkt\/kreuzsteinspiel-erzi\/","title":{"rendered":"Kreuzsteinspiel &#8211; Erzi"},"content":{"rendered":"<p>Die M\u00f6glichkeiten sind endlos mit diesem fantastischen, <a href=\"https:\/\/teiaeducation.ch\/de\/produkt-kategorie\/kinder-spielzeug\/spiele-mit-offenem-ende\/\">offenen<\/a> und nat\u00fcrlichen Erzi Kreuzsteinspiel-Set aus Holz!<\/p>\n<p>Kombinieren Sie die St\u00e4mme und bunten Kreuzst\u00fccke auf jede erdenkliche Weise. Baue in alle Richtungen, um hohe T\u00fcrme, Mauern, Z\u00e4une, Muster und Bilder oder sch\u00f6ne Geb\u00e4ude zu schaffen. Stellt euch selbst Bauaufgaben oder erfindet eure eigenen Spiele.<\/p>\n<p>Mit diesem inspirierenden, preisgekr\u00f6nten und mit dem Spiel Gut-Siegel versehenen Baumaterial wird es den Kindern nie langweilig. Dieses raffiniert gestaltete und \u00e4u\u00dferst langlebige Set mit hohem Spielwert eignet sich sowohl f\u00fcr das Einzelspiel als auch f\u00fcr die Gruppe in p\u00e4dagogischen Einrichtungen.<\/p>\n<p>Das in Deutschland aus massivem Buchenholz gefertigte und mit sicheren, ungiftigen Farben auf Wasserbasis lackierte Erzi-Baumstammspielzeug wird f\u00fcr Kinder ab 1 Jahr empfohlen und wird mit einer Aufbewahrungstasche aus Baumwolle geliefert.<\/p>\n<p>Das Erzi Holzkreuzsteinspiel ist mit dem Spielgut\u00ae-Siegel ausgezeichnet.<\/p>\n<p>Inhalt:<\/p>\n<p>150 Holzkl\u00f6tze<br \/>\n1 Baumwolltasche zur Aufbewahrung<\/p>\n<h2>\u00dcber Erzi<\/h2>\n<p>Das umfangreiche Erzi-Sortiment tr\u00e4gt das unverwechselbare G\u00fctesiegel &#8220;made in Germany&#8221;, denn es stammt aus dem Erzgebirge.<\/p>\n<p><a href=\"https:\/\/teiaeducation.ch\/de\/produkt-kategorie\/unsere-marken\/erzi-klassisches-holzspielzeug-de\/\">Erzi<\/a> verwendet f\u00fcr die Herstellung seiner Spielzeuge Holz aus der Region, das mit dem <a href=\"https:\/\/fsc.org\/en\">FSC<\/a>-Siegel (Forest Stewardship Council) zertifiziert und verbessert wurde. Alle Oberfl\u00e4chenbehandlungen wie Farben und Lacke auf Wasserbasis sind ungiftig und jedes Erzi Produkt entspricht den h\u00f6chsten Sicherheitsstandards f\u00fcr Spielzeug. Die hochwertigen <a href=\"https:\/\/teiaeducation.ch\/de\/produkt-kategorie\/kinder-spielzeug\/handgefertigtes-holzspielzeug\/\">Holzspielzeuge<\/a> und <a href=\"https:\/\/teiaeducation.ch\/de\/produkt-kategorie\/lernthemen\/\">Lernprodukte<\/a> von Erzi zeichnen sich durch eine gro\u00dfe Vielfalt an nat\u00fcrlichen <a href=\"https:\/\/teiaeducation.ch\/de\/produkt-kategorie\/lernthemen\/mathematik-rechnen\/formen\/\">Formen<\/a> und <a href=\"https:\/\/teiaeducation.ch\/de\/produkt-kategorie\/lernthemen\/sensorische-motorische-fertigkeiten\/farbe-lernen\/\">Farben<\/a> aus und sind langlebig und nachhaltig.<\/p>\n","protected":false},"excerpt":{"rendered":"<p>Artikelnummer: 43120<\/p>\n<p>Dieses raffiniert gestaltete und \u00e4u\u00dferst langlebige Erzi Kreuzsteinspiel aus Holz eignet sich sowohl f\u00fcr das Solospiel als auch f\u00fcr das Spielen in der Gruppe f\u00fcr p\u00e4dagogische Zwecke.<\/p>\n","protected":false},"featured_media":59408,"comment_status":"open","ping_status":"closed","template":"","meta":[],"product_brand":[],"product_cat":[21444,21445,21446,21704,21622,21690,21488,23075,21624,21509,21559,21443,21563,21557,21678,21699,21564],"product_tag":[28224,28225,27643,28222,28232,28221,23134,21887,23139,23135,23136,23137,23138,21886,21885,28223,28227,28228,28226,28230,28229,28231,25492],"class_list":{"0":"post-59407","1":"product","2":"type-product","3":"status-publish","4":"has-post-thumbnail","6":"product_cat-1-3-jahre-kleinkind","7":"product_cat-3-6-jahre-vorschule","8":"product_cat-6-12-jahre-grundschule","9":"product_cat-baukloetze-aus-holz","10":"product_cat-erzi-klassisches-holzspielzeug-de","11":"product_cat-spiele-mit-offenem-ende","12":"product_cat-geschenk-guide-6-12-jahre-grundschule","13":"product_cat-handgefertigtes-holzspielzeug","14":"product_cat-lernmaterialien","15":"product_cat-lernthemen","16":"product_cat-motorische-fertigkeiten","17":"product_cat-nach-alter","18":"product_cat-neuheiten","19":"product_cat-sensorische-motorische-fertigkeiten","20":"product_cat-kinder-spielzeug","21":"product_cat-stapelspielzeug","22":"product_cat-unsere-marken","23":"product_tag-baukasten","24":"product_tag-baukasten-aus-holz","25":"product_tag-bauklotze-aus-holz","26":"product_tag-erzi-baukasten","27":"product_tag-erzi-holzblockbau","28":"product_tag-erzi-kreuzsteinspiel","29":"product_tag-erzi-laden","30":"product_tag-erzi-schweiz-de","31":"product_tag-erzi-spielwaren","32":"product_tag-erzi-spielzeug-de","33":"product_tag-erzi-spielzeug-aus-holz","34":"product_tag-erzi-spielzeug-schweiz-de","35":"product_tag-erzi-spielzeug-shop-schweiz","36":"product_tag-erzi-suisse-de","37":"product_tag-erzi-switzerland-de","38":"product_tag-ezri-gebaudeprotokolle","39":"product_tag-holzernes-bauspielzeug","40":"product_tag-holzklotz-spielzeug","41":"product_tag-konstruktionsspielzeug-aus-holz","42":"product_tag-kreuzsteinspiel-aus-holz","43":"product_tag-kreuzsteinspiel-aus-holz-erzi","44":"product_tag-naturliches-holzbauspielzeug","45":"product_tag-spiel-gut-spielzeug","47":"first","48":"instock","49":"taxable","50":"shipping-taxable","51":"purchasable","52":"product-type-simple"},"yoast_head":"<!-- This site is optimized with the Yoast SEO Premium plugin v25.8 (Yoast SEO v27.4) - https:\/\/yoast.com\/product\/yoast-seo-premium-wordpress\/ -->\n<title>Kreuzsteinspiel - Erzi - Teia Education &amp; Play<\/title>\n<meta name=\"description\" content=\"Das Erzi Naturholz-Kreuzsteinspiel ist ein offenes, hochwertiges Spielset, das durchdacht und langlebig ist und einen hohen Spielwert hat.\" \/>\n<meta name=\"robots\" content=\"index, follow, max-snippet:-1, max-image-preview:large, max-video-preview:-1\" \/>\n<link rel=\"canonical\" href=\"https:\/\/teiaeducation.ch\/de\/produkt\/kreuzsteinspiel-erzi\/\" \/>\n<meta property=\"og:locale\" content=\"de_DE\" \/>\n<meta property=\"og:type\" content=\"article\" \/>\n<meta property=\"og:title\" content=\"Kreuzsteinspiel - Erzi\" \/>\n<meta property=\"og:description\" content=\"Das Erzi Naturholz-Kreuzsteinspiel ist ein offenes, hochwertiges Spielset, das durchdacht und langlebig ist und einen hohen Spielwert hat.\" \/>\n<meta property=\"og:url\" content=\"https:\/\/teiaeducation.ch\/de\/produkt\/kreuzsteinspiel-erzi\/\" \/>\n<meta property=\"og:site_name\" content=\"Sustainable Educational Products &amp; Ecological Toys\u00a0\" \/>\n<meta property=\"article:publisher\" content=\"https:\/\/www.facebook.com\/teiaeducation\/\" \/>\n<meta property=\"article:modified_time\" content=\"2025-12-11T16:59:58+00:00\" \/>\n<meta property=\"og:image\" content=\"https:\/\/teiaeducation.ch\/wp-content\/uploads\/2020\/09\/Wooden-building-log-toy-Erzi-scaled.jpg\" \/>\n\t<meta property=\"og:image:width\" content=\"900\" \/>\n\t<meta property=\"og:image:height\" content=\"900\" \/>\n\t<meta property=\"og:image:type\" content=\"image\/jpeg\" \/>\n<script type=\"application\/ld+json\" class=\"yoast-schema-graph\">{\"@context\":\"https:\\\/\\\/schema.org\",\"@graph\":[{\"@type\":\"WebPage\",\"@id\":\"https:\\\/\\\/teiaeducation.ch\\\/de\\\/produkt\\\/kreuzsteinspiel-erzi\\\/\",\"url\":\"https:\\\/\\\/teiaeducation.ch\\\/de\\\/produkt\\\/kreuzsteinspiel-erzi\\\/\",\"name\":\"Kreuzsteinspiel - Erzi - Teia Education & Play\",\"isPartOf\":{\"@id\":\"https:\\\/\\\/teiaeducation.ch\\\/de\\\/#website\"},\"primaryImageOfPage\":{\"@id\":\"https:\\\/\\\/teiaeducation.ch\\\/de\\\/produkt\\\/kreuzsteinspiel-erzi\\\/#primaryimage\"},\"image\":{\"@id\":\"https:\\\/\\\/teiaeducation.ch\\\/de\\\/produkt\\\/kreuzsteinspiel-erzi\\\/#primaryimage\"},\"thumbnailUrl\":\"https:\\\/\\\/teiaeducation.ch\\\/wp-content\\\/uploads\\\/2020\\\/09\\\/Wooden-building-log-toy-Erzi-scaled.jpg\",\"datePublished\":\"2020-10-13T14:26:29+00:00\",\"dateModified\":\"2025-12-11T16:59:58+00:00\",\"description\":\"Das Erzi Naturholz-Kreuzsteinspiel ist ein offenes, hochwertiges Spielset, das durchdacht und langlebig ist und einen hohen Spielwert hat.\",\"breadcrumb\":{\"@id\":\"https:\\\/\\\/teiaeducation.ch\\\/de\\\/produkt\\\/kreuzsteinspiel-erzi\\\/#breadcrumb\"},\"inLanguage\":\"de-CH\",\"potentialAction\":[{\"@type\":\"ReadAction\",\"target\":[\"https:\\\/\\\/teiaeducation.ch\\\/de\\\/produkt\\\/kreuzsteinspiel-erzi\\\/\"]}]},{\"@type\":\"ImageObject\",\"inLanguage\":\"de-CH\",\"@id\":\"https:\\\/\\\/teiaeducation.ch\\\/de\\\/produkt\\\/kreuzsteinspiel-erzi\\\/#primaryimage\",\"url\":\"https:\\\/\\\/teiaeducation.ch\\\/wp-content\\\/uploads\\\/2020\\\/09\\\/Wooden-building-log-toy-Erzi-scaled.jpg\",\"contentUrl\":\"https:\\\/\\\/teiaeducation.ch\\\/wp-content\\\/uploads\\\/2020\\\/09\\\/Wooden-building-log-toy-Erzi-scaled.jpg\",\"width\":900,\"height\":900,\"caption\":\"Kreuzsteinspiel - Erzi\"},{\"@type\":\"BreadcrumbList\",\"@id\":\"https:\\\/\\\/teiaeducation.ch\\\/de\\\/produkt\\\/kreuzsteinspiel-erzi\\\/#breadcrumb\",\"itemListElement\":[{\"@type\":\"ListItem\",\"position\":1,\"name\":\"Home\",\"item\":\"https:\\\/\\\/teiaeducation.ch\\\/de\\\/\"},{\"@type\":\"ListItem\",\"position\":2,\"name\":\"Laden\",\"item\":\"https:\\\/\\\/teiaeducation.ch\\\/de\\\/shop\\\/\"},{\"@type\":\"ListItem\",\"position\":3,\"name\":\"Unsere Marken\",\"item\":\"https:\\\/\\\/teiaeducation.ch\\\/de\\\/produkt-kategorie\\\/unsere-marken\\\/\"},{\"@type\":\"ListItem\",\"position\":4,\"name\":\"Erzi\",\"item\":\"https:\\\/\\\/teiaeducation.ch\\\/de\\\/produkt-kategorie\\\/unsere-marken\\\/erzi-klassisches-holzspielzeug-de\\\/\"},{\"@type\":\"ListItem\",\"position\":5,\"name\":\"Lernmaterialien\",\"item\":\"https:\\\/\\\/teiaeducation.ch\\\/de\\\/produkt-kategorie\\\/unsere-marken\\\/erzi-klassisches-holzspielzeug-de\\\/lernmaterialien\\\/\"},{\"@type\":\"ListItem\",\"position\":6,\"name\":\"Kreuzsteinspiel &#8211; Erzi\"}]},{\"@type\":\"WebSite\",\"@id\":\"https:\\\/\\\/teiaeducation.ch\\\/de\\\/#website\",\"url\":\"https:\\\/\\\/teiaeducation.ch\\\/de\\\/\",\"name\":\"Sustainable Educational Products &amp; Ecological Toys\u00a0\",\"description\":\"Specialised Swiss shop selling sustainable educational toys and games, AMI certified Montessori materials, handmade ecological wooden Waldorf toys and arts &amp; crafts supplies, school supplies, children&#039;s furniture and Montessori reference and parenting books.\",\"publisher\":{\"@id\":\"https:\\\/\\\/teiaeducation.ch\\\/de\\\/#organization\"},\"alternateName\":\"Teia Education & Play\",\"potentialAction\":[{\"@type\":\"SearchAction\",\"target\":{\"@type\":\"EntryPoint\",\"urlTemplate\":\"https:\\\/\\\/teiaeducation.ch\\\/de\\\/?s={search_term_string}\"},\"query-input\":{\"@type\":\"PropertyValueSpecification\",\"valueRequired\":true,\"valueName\":\"search_term_string\"}}],\"inLanguage\":\"de-CH\"},{\"@type\":\"Organization\",\"@id\":\"https:\\\/\\\/teiaeducation.ch\\\/de\\\/#organization\",\"name\":\"Teia Education & Play\",\"url\":\"https:\\\/\\\/teiaeducation.ch\\\/de\\\/\",\"logo\":{\"@type\":\"ImageObject\",\"inLanguage\":\"de-CH\",\"@id\":\"https:\\\/\\\/teiaeducation.ch\\\/de\\\/#\\\/schema\\\/logo\\\/image\\\/\",\"url\":\"https:\\\/\\\/teiaeducation.ch\\\/wp-content\\\/uploads\\\/2020\\\/11\\\/Teia-Education-Switzerland-e1620156442216.jpg\",\"contentUrl\":\"https:\\\/\\\/teiaeducation.ch\\\/wp-content\\\/uploads\\\/2020\\\/11\\\/Teia-Education-Switzerland-e1620156442216.jpg\",\"width\":166,\"height\":145,\"caption\":\"Teia Education & Play\"},\"image\":{\"@id\":\"https:\\\/\\\/teiaeducation.ch\\\/de\\\/#\\\/schema\\\/logo\\\/image\\\/\"},\"sameAs\":[\"https:\\\/\\\/www.facebook.com\\\/teiaeducation\\\/\",\"https:\\\/\\\/x.com\\\/EducationTeia\",\"https:\\\/\\\/www.instagram.com\\\/teia.education\\\/\",\"https:\\\/\\\/www.linkedin.com\\\/company\\\/35501660\",\"https:\\\/\\\/www.pinterest.ch\\\/TeiaEducation\\\/\"]}]}<\/script>\n<meta property=\"product:price:amount\" content=\"69.50\" \/>\n<meta property=\"product:price:currency\" content=\"CHF\" \/>\n<meta property=\"og:availability\" content=\"instock\" \/>\n<meta property=\"product:availability\" content=\"instock\" \/>\n<meta property=\"product:retailer_item_id\" content=\"00000000000000000000000000000000000000000000029614\" \/>\n<meta property=\"product:condition\" content=\"new\" \/>\n<!-- \/ Yoast SEO Premium plugin. -->","yoast_head_json":{"title":"Kreuzsteinspiel - Erzi - Teia Education & Play","description":"Das Erzi Naturholz-Kreuzsteinspiel ist ein offenes, hochwertiges Spielset, das durchdacht und langlebig ist und einen hohen Spielwert hat.","robots":{"index":"index","follow":"follow","max-snippet":"max-snippet:-1","max-image-preview":"max-image-preview:large","max-video-preview":"max-video-preview:-1"},"canonical":"https:\/\/teiaeducation.ch\/de\/produkt\/kreuzsteinspiel-erzi\/","og_locale":"de_DE","og_type":"article","og_title":"Kreuzsteinspiel - Erzi","og_description":"Das Erzi Naturholz-Kreuzsteinspiel ist ein offenes, hochwertiges Spielset, das durchdacht und langlebig ist und einen hohen Spielwert hat.","og_url":"https:\/\/teiaeducation.ch\/de\/produkt\/kreuzsteinspiel-erzi\/","og_site_name":"Sustainable Educational Products &amp; Ecological Toys\u00a0","article_publisher":"https:\/\/www.facebook.com\/teiaeducation\/","article_modified_time":"2025-12-11T16:59:58+00:00","og_image":[{"width":900,"height":900,"url":"https:\/\/teiaeducation.ch\/wp-content\/uploads\/2020\/09\/Wooden-building-log-toy-Erzi-scaled.jpg","type":"image\/jpeg"}],"schema":{"@context":"https:\/\/schema.org","@graph":[{"@type":"WebPage","@id":"https:\/\/teiaeducation.ch\/de\/produkt\/kreuzsteinspiel-erzi\/","url":"https:\/\/teiaeducation.ch\/de\/produkt\/kreuzsteinspiel-erzi\/","name":"Kreuzsteinspiel - Erzi - Teia Education & Play","isPartOf":{"@id":"https:\/\/teiaeducation.ch\/de\/#website"},"primaryImageOfPage":{"@id":"https:\/\/teiaeducation.ch\/de\/produkt\/kreuzsteinspiel-erzi\/#primaryimage"},"image":{"@id":"https:\/\/teiaeducation.ch\/de\/produkt\/kreuzsteinspiel-erzi\/#primaryimage"},"thumbnailUrl":"https:\/\/teiaeducation.ch\/wp-content\/uploads\/2020\/09\/Wooden-building-log-toy-Erzi-scaled.jpg","datePublished":"2020-10-13T14:26:29+00:00","dateModified":"2025-12-11T16:59:58+00:00","description":"Das Erzi Naturholz-Kreuzsteinspiel ist ein offenes, hochwertiges Spielset, das durchdacht und langlebig ist und einen hohen Spielwert hat.","breadcrumb":{"@id":"https:\/\/teiaeducation.ch\/de\/produkt\/kreuzsteinspiel-erzi\/#breadcrumb"},"inLanguage":"de-CH","potentialAction":[{"@type":"ReadAction","target":["https:\/\/teiaeducation.ch\/de\/produkt\/kreuzsteinspiel-erzi\/"]}]},{"@type":"ImageObject","inLanguage":"de-CH","@id":"https:\/\/teiaeducation.ch\/de\/produkt\/kreuzsteinspiel-erzi\/#primaryimage","url":"https:\/\/teiaeducation.ch\/wp-content\/uploads\/2020\/09\/Wooden-building-log-toy-Erzi-scaled.jpg","contentUrl":"https:\/\/teiaeducation.ch\/wp-content\/uploads\/2020\/09\/Wooden-building-log-toy-Erzi-scaled.jpg","width":900,"height":900,"caption":"Kreuzsteinspiel - Erzi"},{"@type":"BreadcrumbList","@id":"https:\/\/teiaeducation.ch\/de\/produkt\/kreuzsteinspiel-erzi\/#breadcrumb","itemListElement":[{"@type":"ListItem","position":1,"name":"Home","item":"https:\/\/teiaeducation.ch\/de\/"},{"@type":"ListItem","position":2,"name":"Laden","item":"https:\/\/teiaeducation.ch\/de\/shop\/"},{"@type":"ListItem","position":3,"name":"Unsere Marken","item":"https:\/\/teiaeducation.ch\/de\/produkt-kategorie\/unsere-marken\/"},{"@type":"ListItem","position":4,"name":"Erzi","item":"https:\/\/teiaeducation.ch\/de\/produkt-kategorie\/unsere-marken\/erzi-klassisches-holzspielzeug-de\/"},{"@type":"ListItem","position":5,"name":"Lernmaterialien","item":"https:\/\/teiaeducation.ch\/de\/produkt-kategorie\/unsere-marken\/erzi-klassisches-holzspielzeug-de\/lernmaterialien\/"},{"@type":"ListItem","position":6,"name":"Kreuzsteinspiel &#8211; Erzi"}]},{"@type":"WebSite","@id":"https:\/\/teiaeducation.ch\/de\/#website","url":"https:\/\/teiaeducation.ch\/de\/","name":"Sustainable Educational Products &amp; Ecological Toys\u00a0","description":"Specialised Swiss shop selling sustainable educational toys and games, AMI certified Montessori materials, handmade ecological wooden Waldorf toys and arts &amp; crafts supplies, school supplies, children&#039;s furniture and Montessori reference and parenting books.","publisher":{"@id":"https:\/\/teiaeducation.ch\/de\/#organization"},"alternateName":"Teia Education & Play","potentialAction":[{"@type":"SearchAction","target":{"@type":"EntryPoint","urlTemplate":"https:\/\/teiaeducation.ch\/de\/?s={search_term_string}"},"query-input":{"@type":"PropertyValueSpecification","valueRequired":true,"valueName":"search_term_string"}}],"inLanguage":"de-CH"},{"@type":"Organization","@id":"https:\/\/teiaeducation.ch\/de\/#organization","name":"Teia Education & Play","url":"https:\/\/teiaeducation.ch\/de\/","logo":{"@type":"ImageObject","inLanguage":"de-CH","@id":"https:\/\/teiaeducation.ch\/de\/#\/schema\/logo\/image\/","url":"https:\/\/teiaeducation.ch\/wp-content\/uploads\/2020\/11\/Teia-Education-Switzerland-e1620156442216.jpg","contentUrl":"https:\/\/teiaeducation.ch\/wp-content\/uploads\/2020\/11\/Teia-Education-Switzerland-e1620156442216.jpg","width":166,"height":145,"caption":"Teia Education & Play"},"image":{"@id":"https:\/\/teiaeducation.ch\/de\/#\/schema\/logo\/image\/"},"sameAs":["https:\/\/www.facebook.com\/teiaeducation\/","https:\/\/x.com\/EducationTeia","https:\/\/www.instagram.com\/teia.education\/","https:\/\/www.linkedin.com\/company\/35501660","https:\/\/www.pinterest.ch\/TeiaEducation\/"]}]},"product_price_amount":"69.50","product_price_currency":"CHF","og_availability":"instock","product_availability":"instock","product_retailer_item_id":"00000000000000000000000000000000000000000000029614","product_condition":"new"},"_links":{"self":[{"href":"https:\/\/teiaeducation.ch\/de\/wp-json\/wp\/v2\/product\/59407","targetHints":{"allow":["GET"]}}],"collection":[{"href":"https:\/\/teiaeducation.ch\/de\/wp-json\/wp\/v2\/product"}],"about":[{"href":"https:\/\/teiaeducation.ch\/de\/wp-json\/wp\/v2\/types\/product"}],"replies":[{"embeddable":true,"href":"https:\/\/teiaeducation.ch\/de\/wp-json\/wp\/v2\/comments?post=59407"}],"wp:featuredmedia":[{"embeddable":true,"href":"https:\/\/teiaeducation.ch\/de\/wp-json\/wp\/v2\/media\/59408"}],"wp:attachment":[{"href":"https:\/\/teiaeducation.ch\/de\/wp-json\/wp\/v2\/media?parent=59407"}],"wp:term":[{"taxonomy":"product_brand","embeddable":true,"href":"https:\/\/teiaeducation.ch\/de\/wp-json\/wp\/v2\/product_brand?post=59407"},{"taxonomy":"product_cat","embeddable":true,"href":"https:\/\/teiaeducation.ch\/de\/wp-json\/wp\/v2\/product_cat?post=59407"},{"taxonomy":"product_tag","embeddable":true,"href":"https:\/\/teiaeducation.ch\/de\/wp-json\/wp\/v2\/product_tag?post=59407"}],"curies":[{"name":"wp","href":"https:\/\/api.w.org\/{rel}","templated":true}]}}