{"id":59416,"date":"2020-10-12T20:34:13","date_gmt":"2020-10-12T18:34:13","guid":{"rendered":"https:\/\/teiaeducation.ch\/product\/chiffontuecher-erzi\/"},"modified":"2025-12-11T17:43:36","modified_gmt":"2025-12-11T16:43:36","slug":"chiffontuecher-erzi","status":"publish","type":"product","link":"https:\/\/teiaeducation.ch\/de\/produkt\/chiffontuecher-erzi\/","title":{"rendered":"Chiffont\u00fccher &#8211; Erzi"},"content":{"rendered":"<p>Dieses h\u00fcbsche Regenbogenset mit 10 verschiedenen bunten Chiffont\u00fcchern von Erzi eignet sich hervorragend zum Verkleiden, Jonglieren, Augen verbinden, Dekorieren, Farben lernen und Fangen spielen.<\/p>\n<p>Die Erzi Chiffont\u00fccher eignen sich auch hervorragend f\u00fcr den Einsatz in der Schule und zu Hause f\u00fcr Rhythmikunterricht und <a href=\"https:\/\/teiaeducation.ch\/de\/produkt-kategorie\/kinder-spielzeug\/sinnliches-spiel\/\">Sinnesspiele<\/a> und werden f\u00fcr Kinder ab 3 Jahren empfohlen.<\/p>\n<p>Die Chiffont\u00fccher sind aus Polyamid gefertigt und messen jeweils etwa 33 x 33 Zentimeter.<\/p>\n<p>Inhalt:<\/p>\n<p>10 verschieden farbige T\u00fccher<\/p>\n<h2>Pflegehinweise<\/h2>\n<p>Von Hand waschen, auf der Leine trocknen und nicht b\u00fcgeln<\/p>\n<h2>\u00dcber Erzi<\/h2>\n<p>Das umfangreiche Erzi-Sortiment tr\u00e4gt das unverwechselbare G\u00fctesiegel &#8220;made in Germany&#8221;, denn es stammt aus dem Erzgebirge.<\/p>\n<p><a href=\"https:\/\/teiaeducation.ch\/de\/produkt-kategorie\/unsere-marken\/erzi-klassisches-holzspielzeug-de\/\">Erzi<\/a> verwendet f\u00fcr die Herstellung seiner Spielzeuge Holz aus der Region, das mit dem <a href=\"https:\/\/fsc.org\/en\">FSC<\/a>-Siegel (Forest Stewardship Council) zertifiziert und verbessert wurde. Alle Oberfl\u00e4chenbehandlungen wie Farben und Lacke auf Wasserbasis sind ungiftig und jedes Erzi Produkt entspricht den h\u00f6chsten Sicherheitsstandards f\u00fcr Spielzeug. Die hochwertigen <a href=\"https:\/\/teiaeducation.ch\/de\/produkt-kategorie\/kinder-spielzeug\/handgefertigtes-holzspielzeug\/\">Holzspielzeuge<\/a> und <a href=\"https:\/\/teiaeducation.ch\/de\/produkt-kategorie\/lernthemen\/\">Lernprodukte<\/a> von Erzi zeichnen sich durch eine gro\u00dfe Vielfalt an nat\u00fcrlichen <a href=\"https:\/\/teiaeducation.ch\/de\/produkt-kategorie\/lernthemen\/mathematik-rechnen\/formen\/\">Formen<\/a> und <a href=\"https:\/\/teiaeducation.ch\/de\/produkt-kategorie\/lernthemen\/sensorische-motorische-fertigkeiten\/farbe-lernen\/\">Farben<\/a> aus und sind langlebig und nachhaltig.<\/p>\n","protected":false},"excerpt":{"rendered":"<p>Artikelnummer: 44639<\/p>\n<p>Die Erzi Chiffont\u00fccher in 10 Regenbogenfarben bieten einen hohen Spielwert mit Verkleidungs- und Fangspielen f\u00fcr Kinder ab 3 Jahren!<\/p>\n","protected":false},"featured_media":59417,"comment_status":"open","ping_status":"closed","template":"","meta":[],"product_brand":[],"product_cat":[21445,21679,23651,21622,21690,21670,21492,21484,21624,22182,21443,21563,21687,22362,21494,21495,21695,23636,21678,21685,21564,24314],"product_tag":[28246,28254,23134,21887,28247,23139,23135,23136,23137,23138,21886,21885,28253,28252,28249,28250,21909,28248,28251],"class_list":{"0":"post-59416","1":"product","2":"type-product","3":"status-publish","4":"has-post-thumbnail","6":"product_cat-3-6-jahre-vorschule","7":"product_cat-aktiv-spielzeug","8":"product_cat-back-to-school-de","9":"product_cat-erzi-klassisches-holzspielzeug-de","10":"product_cat-spiele-mit-offenem-ende","11":"product_cat-fruehjahrskollektion","12":"product_cat-geschenk-guide-stoffspielzeug","13":"product_cat-geschenk-guides","14":"product_cat-lernmaterialien","15":"product_cat-montessori-spielzeug","16":"product_cat-nach-alter","17":"product_cat-neuheiten","18":"product_cat-phantasievoll-rollenspiel","19":"product_cat-saisonale-kollektionen","20":"product_cat-schulbedarf-fuer-zuhause","21":"product_cat-schulbedarf-fuer-zuhause-3-6-jahre","22":"product_cat-sinnliches-spiel","23":"product_cat-sommer-kollektion","24":"product_cat-kinder-spielzeug","25":"product_cat-stoffspielzeug","26":"product_cat-unsere-marken","27":"product_cat-valentinstag","28":"product_tag-erzi-chiffontucher","29":"product_tag-erzi-chiffontucher-in-10-regenbogenfarben","30":"product_tag-erzi-laden","31":"product_tag-erzi-schweiz-de","32":"product_tag-erzi-spieltucher","33":"product_tag-erzi-spielwaren","34":"product_tag-erzi-spielzeug-de","35":"product_tag-erzi-spielzeug-aus-holz","36":"product_tag-erzi-spielzeug-schweiz-de","37":"product_tag-erzi-spielzeug-shop-schweiz","38":"product_tag-erzi-suisse-de","39":"product_tag-erzi-switzerland-de","40":"product_tag-offene-spieltucher-erzi","41":"product_tag-regenbogen-chiffon-spieltucher","42":"product_tag-seide-spielen","43":"product_tag-sensorisches-spiel","44":"product_tag-spiel-mit-offenem-ende","45":"product_tag-spieltucher","46":"product_tag-spieltucher-chiffon-erzi","48":"first","49":"instock","50":"taxable","51":"shipping-taxable","52":"purchasable","53":"product-type-simple"},"yoast_head":"<!-- This site is optimized with the Yoast SEO plugin v27.3 - https:\/\/yoast.com\/product\/yoast-seo-wordpress\/ -->\n<title>Chiffont\u00fccher - Erzi - Teia Education &amp; Play<\/title>\n<meta name=\"description\" content=\"Die Erzi Chiffont\u00fccher in 10 Regenbogenfarben bieten Kindern ab 3 Jahren einen hohen Spielwert mit Verkleiden und Fangen spielen.\" \/>\n<meta name=\"robots\" content=\"index, follow, max-snippet:-1, max-image-preview:large, max-video-preview:-1\" \/>\n<link rel=\"canonical\" href=\"https:\/\/teiaeducation.ch\/de\/produkt\/chiffontuecher-erzi\/\" \/>\n<meta property=\"og:locale\" content=\"de_DE\" \/>\n<meta property=\"og:type\" content=\"article\" \/>\n<meta property=\"og:title\" content=\"Chiffont\u00fccher - Erzi - Teia Education &amp; Play\" \/>\n<meta property=\"og:description\" content=\"Die Erzi Chiffont\u00fccher in 10 Regenbogenfarben bieten Kindern ab 3 Jahren einen hohen Spielwert mit Verkleiden und Fangen spielen.\" \/>\n<meta property=\"og:url\" content=\"https:\/\/teiaeducation.ch\/de\/produkt\/chiffontuecher-erzi\/\" \/>\n<meta property=\"og:site_name\" content=\"Sustainable Educational Products &amp; Ecological Toys\u00a0\" \/>\n<meta property=\"article:publisher\" content=\"https:\/\/www.facebook.com\/teiaeducation\/\" \/>\n<meta property=\"article:modified_time\" content=\"2025-12-11T16:43:36+00:00\" \/>\n<meta property=\"og:image\" content=\"https:\/\/teiaeducation.ch\/wp-content\/uploads\/2020\/09\/Chiffon-cloths-Erzi.jpg\" \/>\n\t<meta property=\"og:image:width\" content=\"900\" \/>\n\t<meta property=\"og:image:height\" content=\"900\" \/>\n\t<meta property=\"og:image:type\" content=\"image\/jpeg\" \/>\n<script type=\"application\/ld+json\" class=\"yoast-schema-graph\">{\"@context\":\"https:\\\/\\\/schema.org\",\"@graph\":[{\"@type\":\"WebPage\",\"@id\":\"https:\\\/\\\/teiaeducation.ch\\\/de\\\/produkt\\\/chiffontuecher-erzi\\\/\",\"url\":\"https:\\\/\\\/teiaeducation.ch\\\/de\\\/produkt\\\/chiffontuecher-erzi\\\/\",\"name\":\"Chiffont\u00fccher - Erzi - Teia Education & Play\",\"isPartOf\":{\"@id\":\"https:\\\/\\\/teiaeducation.ch\\\/de\\\/#website\"},\"primaryImageOfPage\":{\"@id\":\"https:\\\/\\\/teiaeducation.ch\\\/de\\\/produkt\\\/chiffontuecher-erzi\\\/#primaryimage\"},\"image\":{\"@id\":\"https:\\\/\\\/teiaeducation.ch\\\/de\\\/produkt\\\/chiffontuecher-erzi\\\/#primaryimage\"},\"thumbnailUrl\":\"https:\\\/\\\/teiaeducation.ch\\\/wp-content\\\/uploads\\\/2020\\\/09\\\/Chiffon-cloths-Erzi.jpg\",\"datePublished\":\"2020-10-12T18:34:13+00:00\",\"dateModified\":\"2025-12-11T16:43:36+00:00\",\"description\":\"Die Erzi Chiffont\u00fccher in 10 Regenbogenfarben bieten Kindern ab 3 Jahren einen hohen Spielwert mit Verkleiden und Fangen spielen.\",\"breadcrumb\":{\"@id\":\"https:\\\/\\\/teiaeducation.ch\\\/de\\\/produkt\\\/chiffontuecher-erzi\\\/#breadcrumb\"},\"inLanguage\":\"de-CH\",\"potentialAction\":[{\"@type\":\"ReadAction\",\"target\":[\"https:\\\/\\\/teiaeducation.ch\\\/de\\\/produkt\\\/chiffontuecher-erzi\\\/\"]}]},{\"@type\":\"ImageObject\",\"inLanguage\":\"de-CH\",\"@id\":\"https:\\\/\\\/teiaeducation.ch\\\/de\\\/produkt\\\/chiffontuecher-erzi\\\/#primaryimage\",\"url\":\"https:\\\/\\\/teiaeducation.ch\\\/wp-content\\\/uploads\\\/2020\\\/09\\\/Chiffon-cloths-Erzi.jpg\",\"contentUrl\":\"https:\\\/\\\/teiaeducation.ch\\\/wp-content\\\/uploads\\\/2020\\\/09\\\/Chiffon-cloths-Erzi.jpg\",\"width\":900,\"height\":900,\"caption\":\"Spiel mit offenem Ende Chiffont\u00fccher - Erzi\"},{\"@type\":\"BreadcrumbList\",\"@id\":\"https:\\\/\\\/teiaeducation.ch\\\/de\\\/produkt\\\/chiffontuecher-erzi\\\/#breadcrumb\",\"itemListElement\":[{\"@type\":\"ListItem\",\"position\":1,\"name\":\"Home\",\"item\":\"https:\\\/\\\/teiaeducation.ch\\\/de\\\/\"},{\"@type\":\"ListItem\",\"position\":2,\"name\":\"Laden\",\"item\":\"https:\\\/\\\/teiaeducation.ch\\\/de\\\/shop\\\/\"},{\"@type\":\"ListItem\",\"position\":3,\"name\":\"Unsere Marken\",\"item\":\"https:\\\/\\\/teiaeducation.ch\\\/de\\\/produkt-kategorie\\\/unsere-marken\\\/\"},{\"@type\":\"ListItem\",\"position\":4,\"name\":\"Erzi\",\"item\":\"https:\\\/\\\/teiaeducation.ch\\\/de\\\/produkt-kategorie\\\/unsere-marken\\\/erzi-klassisches-holzspielzeug-de\\\/\"},{\"@type\":\"ListItem\",\"position\":5,\"name\":\"Lernmaterialien\",\"item\":\"https:\\\/\\\/teiaeducation.ch\\\/de\\\/produkt-kategorie\\\/unsere-marken\\\/erzi-klassisches-holzspielzeug-de\\\/lernmaterialien\\\/\"},{\"@type\":\"ListItem\",\"position\":6,\"name\":\"Chiffont\u00fccher &#8211; Erzi\"}]},{\"@type\":\"WebSite\",\"@id\":\"https:\\\/\\\/teiaeducation.ch\\\/de\\\/#website\",\"url\":\"https:\\\/\\\/teiaeducation.ch\\\/de\\\/\",\"name\":\"Sustainable Educational Products &amp; Ecological Toys\u00a0\",\"description\":\"Specialised Swiss shop selling sustainable educational toys and games, AMI certified Montessori materials, handmade ecological wooden Waldorf toys and arts &amp; crafts supplies, school supplies, children&#039;s furniture and Montessori reference and parenting books.\",\"publisher\":{\"@id\":\"https:\\\/\\\/teiaeducation.ch\\\/de\\\/#organization\"},\"alternateName\":\"Teia Education & Play\",\"potentialAction\":[{\"@type\":\"SearchAction\",\"target\":{\"@type\":\"EntryPoint\",\"urlTemplate\":\"https:\\\/\\\/teiaeducation.ch\\\/de\\\/?s={search_term_string}\"},\"query-input\":{\"@type\":\"PropertyValueSpecification\",\"valueRequired\":true,\"valueName\":\"search_term_string\"}}],\"inLanguage\":\"de-CH\"},{\"@type\":\"Organization\",\"@id\":\"https:\\\/\\\/teiaeducation.ch\\\/de\\\/#organization\",\"name\":\"Teia Education & Play\",\"url\":\"https:\\\/\\\/teiaeducation.ch\\\/de\\\/\",\"logo\":{\"@type\":\"ImageObject\",\"inLanguage\":\"de-CH\",\"@id\":\"https:\\\/\\\/teiaeducation.ch\\\/de\\\/#\\\/schema\\\/logo\\\/image\\\/\",\"url\":\"https:\\\/\\\/teiaeducation.ch\\\/wp-content\\\/uploads\\\/2020\\\/11\\\/Teia-Education-Switzerland-e1620156442216.jpg\",\"contentUrl\":\"https:\\\/\\\/teiaeducation.ch\\\/wp-content\\\/uploads\\\/2020\\\/11\\\/Teia-Education-Switzerland-e1620156442216.jpg\",\"width\":166,\"height\":145,\"caption\":\"Teia Education & Play\"},\"image\":{\"@id\":\"https:\\\/\\\/teiaeducation.ch\\\/de\\\/#\\\/schema\\\/logo\\\/image\\\/\"},\"sameAs\":[\"https:\\\/\\\/www.facebook.com\\\/teiaeducation\\\/\",\"https:\\\/\\\/x.com\\\/EducationTeia\",\"https:\\\/\\\/www.instagram.com\\\/teia.education\\\/\",\"https:\\\/\\\/www.linkedin.com\\\/company\\\/35501660\",\"https:\\\/\\\/www.pinterest.ch\\\/TeiaEducation\\\/\"]}]}<\/script>\n<!-- \/ Yoast SEO plugin. -->","yoast_head_json":{"title":"Chiffont\u00fccher - Erzi - Teia Education & Play","description":"Die Erzi Chiffont\u00fccher in 10 Regenbogenfarben bieten Kindern ab 3 Jahren einen hohen Spielwert mit Verkleiden und Fangen spielen.","robots":{"index":"index","follow":"follow","max-snippet":"max-snippet:-1","max-image-preview":"max-image-preview:large","max-video-preview":"max-video-preview:-1"},"canonical":"https:\/\/teiaeducation.ch\/de\/produkt\/chiffontuecher-erzi\/","og_locale":"de_DE","og_type":"article","og_title":"Chiffont\u00fccher - Erzi - Teia Education & Play","og_description":"Die Erzi Chiffont\u00fccher in 10 Regenbogenfarben bieten Kindern ab 3 Jahren einen hohen Spielwert mit Verkleiden und Fangen spielen.","og_url":"https:\/\/teiaeducation.ch\/de\/produkt\/chiffontuecher-erzi\/","og_site_name":"Sustainable Educational Products &amp; Ecological Toys\u00a0","article_publisher":"https:\/\/www.facebook.com\/teiaeducation\/","article_modified_time":"2025-12-11T16:43:36+00:00","og_image":[{"width":900,"height":900,"url":"https:\/\/teiaeducation.ch\/wp-content\/uploads\/2020\/09\/Chiffon-cloths-Erzi.jpg","type":"image\/jpeg"}],"schema":{"@context":"https:\/\/schema.org","@graph":[{"@type":"WebPage","@id":"https:\/\/teiaeducation.ch\/de\/produkt\/chiffontuecher-erzi\/","url":"https:\/\/teiaeducation.ch\/de\/produkt\/chiffontuecher-erzi\/","name":"Chiffont\u00fccher - Erzi - Teia Education & Play","isPartOf":{"@id":"https:\/\/teiaeducation.ch\/de\/#website"},"primaryImageOfPage":{"@id":"https:\/\/teiaeducation.ch\/de\/produkt\/chiffontuecher-erzi\/#primaryimage"},"image":{"@id":"https:\/\/teiaeducation.ch\/de\/produkt\/chiffontuecher-erzi\/#primaryimage"},"thumbnailUrl":"https:\/\/teiaeducation.ch\/wp-content\/uploads\/2020\/09\/Chiffon-cloths-Erzi.jpg","datePublished":"2020-10-12T18:34:13+00:00","dateModified":"2025-12-11T16:43:36+00:00","description":"Die Erzi Chiffont\u00fccher in 10 Regenbogenfarben bieten Kindern ab 3 Jahren einen hohen Spielwert mit Verkleiden und Fangen spielen.","breadcrumb":{"@id":"https:\/\/teiaeducation.ch\/de\/produkt\/chiffontuecher-erzi\/#breadcrumb"},"inLanguage":"de-CH","potentialAction":[{"@type":"ReadAction","target":["https:\/\/teiaeducation.ch\/de\/produkt\/chiffontuecher-erzi\/"]}]},{"@type":"ImageObject","inLanguage":"de-CH","@id":"https:\/\/teiaeducation.ch\/de\/produkt\/chiffontuecher-erzi\/#primaryimage","url":"https:\/\/teiaeducation.ch\/wp-content\/uploads\/2020\/09\/Chiffon-cloths-Erzi.jpg","contentUrl":"https:\/\/teiaeducation.ch\/wp-content\/uploads\/2020\/09\/Chiffon-cloths-Erzi.jpg","width":900,"height":900,"caption":"Spiel mit offenem Ende Chiffont\u00fccher - Erzi"},{"@type":"BreadcrumbList","@id":"https:\/\/teiaeducation.ch\/de\/produkt\/chiffontuecher-erzi\/#breadcrumb","itemListElement":[{"@type":"ListItem","position":1,"name":"Home","item":"https:\/\/teiaeducation.ch\/de\/"},{"@type":"ListItem","position":2,"name":"Laden","item":"https:\/\/teiaeducation.ch\/de\/shop\/"},{"@type":"ListItem","position":3,"name":"Unsere Marken","item":"https:\/\/teiaeducation.ch\/de\/produkt-kategorie\/unsere-marken\/"},{"@type":"ListItem","position":4,"name":"Erzi","item":"https:\/\/teiaeducation.ch\/de\/produkt-kategorie\/unsere-marken\/erzi-klassisches-holzspielzeug-de\/"},{"@type":"ListItem","position":5,"name":"Lernmaterialien","item":"https:\/\/teiaeducation.ch\/de\/produkt-kategorie\/unsere-marken\/erzi-klassisches-holzspielzeug-de\/lernmaterialien\/"},{"@type":"ListItem","position":6,"name":"Chiffont\u00fccher &#8211; Erzi"}]},{"@type":"WebSite","@id":"https:\/\/teiaeducation.ch\/de\/#website","url":"https:\/\/teiaeducation.ch\/de\/","name":"Sustainable Educational Products &amp; Ecological Toys\u00a0","description":"Specialised Swiss shop selling sustainable educational toys and games, AMI certified Montessori materials, handmade ecological wooden Waldorf toys and arts &amp; crafts supplies, school supplies, children&#039;s furniture and Montessori reference and parenting books.","publisher":{"@id":"https:\/\/teiaeducation.ch\/de\/#organization"},"alternateName":"Teia Education & Play","potentialAction":[{"@type":"SearchAction","target":{"@type":"EntryPoint","urlTemplate":"https:\/\/teiaeducation.ch\/de\/?s={search_term_string}"},"query-input":{"@type":"PropertyValueSpecification","valueRequired":true,"valueName":"search_term_string"}}],"inLanguage":"de-CH"},{"@type":"Organization","@id":"https:\/\/teiaeducation.ch\/de\/#organization","name":"Teia Education & Play","url":"https:\/\/teiaeducation.ch\/de\/","logo":{"@type":"ImageObject","inLanguage":"de-CH","@id":"https:\/\/teiaeducation.ch\/de\/#\/schema\/logo\/image\/","url":"https:\/\/teiaeducation.ch\/wp-content\/uploads\/2020\/11\/Teia-Education-Switzerland-e1620156442216.jpg","contentUrl":"https:\/\/teiaeducation.ch\/wp-content\/uploads\/2020\/11\/Teia-Education-Switzerland-e1620156442216.jpg","width":166,"height":145,"caption":"Teia Education & Play"},"image":{"@id":"https:\/\/teiaeducation.ch\/de\/#\/schema\/logo\/image\/"},"sameAs":["https:\/\/www.facebook.com\/teiaeducation\/","https:\/\/x.com\/EducationTeia","https:\/\/www.instagram.com\/teia.education\/","https:\/\/www.linkedin.com\/company\/35501660","https:\/\/www.pinterest.ch\/TeiaEducation\/"]}]}},"_links":{"self":[{"href":"https:\/\/teiaeducation.ch\/de\/wp-json\/wp\/v2\/product\/59416","targetHints":{"allow":["GET"]}}],"collection":[{"href":"https:\/\/teiaeducation.ch\/de\/wp-json\/wp\/v2\/product"}],"about":[{"href":"https:\/\/teiaeducation.ch\/de\/wp-json\/wp\/v2\/types\/product"}],"replies":[{"embeddable":true,"href":"https:\/\/teiaeducation.ch\/de\/wp-json\/wp\/v2\/comments?post=59416"}],"wp:featuredmedia":[{"embeddable":true,"href":"https:\/\/teiaeducation.ch\/de\/wp-json\/wp\/v2\/media\/59417"}],"wp:attachment":[{"href":"https:\/\/teiaeducation.ch\/de\/wp-json\/wp\/v2\/media?parent=59416"}],"wp:term":[{"taxonomy":"product_brand","embeddable":true,"href":"https:\/\/teiaeducation.ch\/de\/wp-json\/wp\/v2\/product_brand?post=59416"},{"taxonomy":"product_cat","embeddable":true,"href":"https:\/\/teiaeducation.ch\/de\/wp-json\/wp\/v2\/product_cat?post=59416"},{"taxonomy":"product_tag","embeddable":true,"href":"https:\/\/teiaeducation.ch\/de\/wp-json\/wp\/v2\/product_tag?post=59416"}],"curies":[{"name":"wp","href":"https:\/\/api.w.org\/{rel}","templated":true}]}}