{"id":59426,"date":"2020-10-12T19:14:53","date_gmt":"2020-10-12T17:14:53","guid":{"rendered":"https:\/\/teiaeducation.ch\/product\/sortierung-abendessen-erzi\/"},"modified":"2025-12-11T17:51:20","modified_gmt":"2025-12-11T16:51:20","slug":"sortierung-abendessen-erzi","status":"publish","type":"product","link":"https:\/\/teiaeducation.ch\/de\/produkt\/sortierung-abendessen-erzi\/","title":{"rendered":"Sortierung Abendessen &#8211; Erzi"},"content":{"rendered":"<p>Dieses lustige Sortiment an Holz-Abendessen, Abendbrot oder Sortierung Abendessen von Erzi enth\u00e4lt realistische Holz <a href=\"https:\/\/teiaeducation.ch\/de\/produkt-kategorie\/kinder-spielzeug\/realistisches-lebensmittel-aus-holz\/\">Spielfutter<\/a> von h\u00f6chster Qualit\u00e4t, einschlie\u00dflich 1 Karotte, 1 Tomate, 2 Brotscheiben, Scheiben von Wurst in B\u00e4renform in einer Dose, 1 Schweizer K\u00e4sescheibe, 1 Aufstrich und Teebeutel in einer Dose.<\/p>\n<p>Das Erzi Sortierung Abendessen ist perfekt f\u00fcr das <a href=\"https:\/\/teiaeducation.ch\/de\/produkt-kategorie\/kinder-spielzeug\/phantasievoll-rollenspiel\/\">Rollenspiel<\/a> in der K\u00fcche, auf der Teeparty oder im Laden Ihres Kindes!<\/p>\n<p>Das in Deutschland aus Buchenholz gefertigte und mit ungiftiger Farbe auf Wasserbasis lackierte Erzi Sortier-Abendessen aus Holz ist f\u00fcr Kinder ab 3 Jahren geeignet.<\/p>\n<p>Inhalt:<\/p>\n<p>8 Holzst\u00fccke &#8211; 1 Karotte, 1 Tomate, 2 Brotscheiben, Scheiben Wurst in B\u00e4renform aus der Dose, 1 Scheibe Schweizer K\u00e4se, 1 Aufstrich, Teebeutel aus der Dose<\/p>\n<h2>\u00dcber Erzi<\/h2>\n<p>Das umfangreiche Erzi-Sortiment tr\u00e4gt das unverwechselbare G\u00fctesiegel &#8220;made in Germany&#8221;, denn es stammt aus dem Erzgebirge.<\/p>\n<p><a href=\"https:\/\/teiaeducation.ch\/de\/produkt-kategorie\/unsere-marken\/erzi-klassisches-holzspielzeug-de\/\">Erzi<\/a> verwendet f\u00fcr die Herstellung seiner Spielzeuge Holz aus der Region, das mit dem <a href=\"https:\/\/fsc.org\/en\">FSC<\/a>-Siegel (Forest Stewardship Council) zertifiziert und verbessert wurde. Alle Oberfl\u00e4chenbehandlungen wie Farben und Lacke auf Wasserbasis sind ungiftig und jedes Erzi Produkt entspricht den h\u00f6chsten Sicherheitsstandards f\u00fcr Spielzeug. Die hochwertigen <a href=\"https:\/\/teiaeducation.ch\/de\/produkt-kategorie\/kinder-spielzeug\/handgefertigtes-holzspielzeug\/\">Holzspielzeuge<\/a> und <a href=\"https:\/\/teiaeducation.ch\/de\/produkt-kategorie\/lernthemen\/\">Lernprodukte<\/a> von Erzi zeichnen sich durch eine gro\u00dfe Vielfalt an nat\u00fcrlichen <a href=\"https:\/\/teiaeducation.ch\/de\/produkt-kategorie\/lernthemen\/mathematik-rechnen\/formen\/\">Formen<\/a> und <a href=\"https:\/\/teiaeducation.ch\/de\/produkt-kategorie\/lernthemen\/sensorische-motorische-fertigkeiten\/farbe-lernen\/\">Farben<\/a> aus und sind langlebig und nachhaltig.<\/p>\n","protected":false},"excerpt":{"rendered":"<p>Artikelnummer: 28154<\/p>\n<p>Dieses lustige Sortiment an h\u00f6lzernen Essensartikeln von Erzi bietet realistische h\u00f6lzerne Spiellebensmittel von h\u00f6chster Qualit\u00e4t, die sich perfekt f\u00fcr das Rollenspiel in der Spielk\u00fcche, auf der Teeparty oder im Laden Ihres Kindes eignen!<\/p>\n","protected":false},"featured_media":59427,"comment_status":"open","ping_status":"closed","template":"","meta":[],"product_brand":[],"product_cat":[21445,21446,21622,23075,21623,21443,21563,21687,21693,21678,21564],"product_tag":[28261,28260,28283,28233,23134,21887,28289,28277,23139,23135,23136,23137,23138,21886,21885,28286,28285,28284,28275,24315,28131,28276,26515,27327,22676,28287,28288,28274,28273,28272,28271,25203],"class_list":{"0":"post-59426","1":"product","2":"type-product","3":"status-publish","4":"has-post-thumbnail","6":"product_cat-3-6-jahre-vorschule","7":"product_cat-6-12-jahre-grundschule","8":"product_cat-erzi-klassisches-holzspielzeug-de","9":"product_cat-handgefertigtes-holzspielzeug","10":"product_cat-lebensmittelladen-kuechen-zubehoer","11":"product_cat-nach-alter","12":"product_cat-neuheiten","13":"product_cat-phantasievoll-rollenspiel","14":"product_cat-realistisches-lebensmittel-aus-holz","15":"product_cat-kinder-spielzeug","16":"product_cat-unsere-marken","17":"product_tag-deutsche-spielzeuge","18":"product_tag-deutsches-holzspielzeug","19":"product_tag-erzi-abendbrotset","20":"product_tag-erzi-holzspielzeug","21":"product_tag-erzi-laden","22":"product_tag-erzi-schweiz-de","23":"product_tag-erzi-sortierung-abendessen","24":"product_tag-erzi-spielfutter-aus-holz","25":"product_tag-erzi-spielwaren","26":"product_tag-erzi-spielzeug-de","27":"product_tag-erzi-spielzeug-aus-holz","28":"product_tag-erzi-spielzeug-schweiz-de","29":"product_tag-erzi-spielzeug-shop-schweiz","30":"product_tag-erzi-suisse-de","31":"product_tag-erzi-switzerland-de","32":"product_tag-erzi-tafelservice","33":"product_tag-erzi-abendessen","34":"product_tag-erzi-sandwichset","35":"product_tag-erzi-spielfutter","36":"product_tag-holzspielzeug","37":"product_tag-holzspielzeug-hergestellt-in-deutschland","38":"product_tag-lebensmittel-aus-holz","39":"product_tag-lernspielzeug","40":"product_tag-realistisches-lebensmittel-zum-spielen-aus-holz","41":"product_tag-rollenspielzeug","42":"product_tag-sortierung-abendessen-aus-holz-erzi","43":"product_tag-sortierung-abendessen-erzi","44":"product_tag-spielcafe-aus-holz","45":"product_tag-spielfutter-aus-holz","46":"product_tag-spielkuche-aus-holz","47":"product_tag-spielothek-aus-holz","48":"product_tag-spielzeug-made-in-germany","50":"first","51":"instock","52":"taxable","53":"shipping-taxable","54":"purchasable","55":"product-type-simple"},"yoast_head":"<!-- This site is optimized with the Yoast SEO plugin v27.1.1 - https:\/\/yoast.com\/product\/yoast-seo-wordpress\/ -->\n<title>Sortierung Abendessen - Erzi - Teia Education &amp; Play<\/title>\n<meta name=\"description\" content=\"Das Erzi Sortierung Abendessen ist ein hochwertiges, realistisches Holzspielzeug f\u00fcr den Spielladen oder die K\u00fcche Ihres Kindes. Hergestellt in Deutschland.\" \/>\n<meta name=\"robots\" content=\"index, follow, max-snippet:-1, max-image-preview:large, max-video-preview:-1\" \/>\n<link rel=\"canonical\" href=\"https:\/\/teiaeducation.ch\/de\/produkt\/sortierung-abendessen-erzi\/\" \/>\n<meta property=\"og:locale\" content=\"de_DE\" \/>\n<meta property=\"og:type\" content=\"article\" \/>\n<meta property=\"og:title\" content=\"Sortierung Abendessen - Erzi - Teia Education &amp; Play\" \/>\n<meta property=\"og:description\" content=\"Das Erzi Sortierung Abendessen ist ein hochwertiges, realistisches Holzspielzeug f\u00fcr den Spielladen oder die K\u00fcche Ihres Kindes. Hergestellt in Deutschland.\" \/>\n<meta property=\"og:url\" content=\"https:\/\/teiaeducation.ch\/de\/produkt\/sortierung-abendessen-erzi\/\" \/>\n<meta property=\"og:site_name\" content=\"Sustainable Educational Products &amp; Ecological Toys\u00a0\" \/>\n<meta property=\"article:publisher\" content=\"https:\/\/www.facebook.com\/teiaeducation\/\" \/>\n<meta property=\"article:modified_time\" content=\"2025-12-11T16:51:20+00:00\" \/>\n<meta property=\"og:image\" content=\"https:\/\/teiaeducation.ch\/wp-content\/uploads\/2020\/09\/Wooden-evening-meal-assortment-Erzi.jpg\" \/>\n\t<meta property=\"og:image:width\" content=\"900\" \/>\n\t<meta property=\"og:image:height\" content=\"900\" \/>\n\t<meta property=\"og:image:type\" content=\"image\/jpeg\" \/>\n<script type=\"application\/ld+json\" class=\"yoast-schema-graph\">{\"@context\":\"https:\/\/schema.org\",\"@graph\":[{\"@type\":\"WebPage\",\"@id\":\"https:\/\/teiaeducation.ch\/de\/produkt\/sortierung-abendessen-erzi\/\",\"url\":\"https:\/\/teiaeducation.ch\/de\/produkt\/sortierung-abendessen-erzi\/\",\"name\":\"Sortierung Abendessen - Erzi - Teia Education & Play\",\"isPartOf\":{\"@id\":\"https:\/\/teiaeducation.ch\/de\/#website\"},\"primaryImageOfPage\":{\"@id\":\"https:\/\/teiaeducation.ch\/de\/produkt\/sortierung-abendessen-erzi\/#primaryimage\"},\"image\":{\"@id\":\"https:\/\/teiaeducation.ch\/de\/produkt\/sortierung-abendessen-erzi\/#primaryimage\"},\"thumbnailUrl\":\"https:\/\/teiaeducation.ch\/wp-content\/uploads\/2020\/09\/Wooden-evening-meal-assortment-Erzi.jpg\",\"datePublished\":\"2020-10-12T17:14:53+00:00\",\"dateModified\":\"2025-12-11T16:51:20+00:00\",\"description\":\"Das Erzi Sortierung Abendessen ist ein hochwertiges, realistisches Holzspielzeug f\u00fcr den Spielladen oder die K\u00fcche Ihres Kindes. Hergestellt in Deutschland.\",\"breadcrumb\":{\"@id\":\"https:\/\/teiaeducation.ch\/de\/produkt\/sortierung-abendessen-erzi\/#breadcrumb\"},\"inLanguage\":\"de-CH\",\"potentialAction\":[{\"@type\":\"ReadAction\",\"target\":[\"https:\/\/teiaeducation.ch\/de\/produkt\/sortierung-abendessen-erzi\/\"]}]},{\"@type\":\"ImageObject\",\"inLanguage\":\"de-CH\",\"@id\":\"https:\/\/teiaeducation.ch\/de\/produkt\/sortierung-abendessen-erzi\/#primaryimage\",\"url\":\"https:\/\/teiaeducation.ch\/wp-content\/uploads\/2020\/09\/Wooden-evening-meal-assortment-Erzi.jpg\",\"contentUrl\":\"https:\/\/teiaeducation.ch\/wp-content\/uploads\/2020\/09\/Wooden-evening-meal-assortment-Erzi.jpg\",\"width\":900,\"height\":900,\"caption\":\"realistisches holzspielzeug abendessen sortiment - Erzi\"},{\"@type\":\"BreadcrumbList\",\"@id\":\"https:\/\/teiaeducation.ch\/de\/produkt\/sortierung-abendessen-erzi\/#breadcrumb\",\"itemListElement\":[{\"@type\":\"ListItem\",\"position\":1,\"name\":\"Home\",\"item\":\"https:\/\/teiaeducation.ch\/de\/\"},{\"@type\":\"ListItem\",\"position\":2,\"name\":\"Laden\",\"item\":\"https:\/\/teiaeducation.ch\/de\/shop\/\"},{\"@type\":\"ListItem\",\"position\":3,\"name\":\"Unsere Marken\",\"item\":\"https:\/\/teiaeducation.ch\/de\/produkt-kategorie\/unsere-marken\/\"},{\"@type\":\"ListItem\",\"position\":4,\"name\":\"Erzi\",\"item\":\"https:\/\/teiaeducation.ch\/de\/produkt-kategorie\/unsere-marken\/erzi-klassisches-holzspielzeug-de\/\"},{\"@type\":\"ListItem\",\"position\":5,\"name\":\"Lebensmittelladen, K\u00fcchen &amp; Zubeh\u00f6r\",\"item\":\"https:\/\/teiaeducation.ch\/de\/produkt-kategorie\/unsere-marken\/erzi-klassisches-holzspielzeug-de\/lebensmittelladen-kuechen-zubehoer\/\"},{\"@type\":\"ListItem\",\"position\":6,\"name\":\"Sortierung Abendessen &#8211; Erzi\"}]},{\"@type\":\"WebSite\",\"@id\":\"https:\/\/teiaeducation.ch\/de\/#website\",\"url\":\"https:\/\/teiaeducation.ch\/de\/\",\"name\":\"Sustainable Educational Products &amp; Ecological Toys\u00a0\",\"description\":\"Specialised Swiss shop selling sustainable educational toys and games, AMI certified Montessori materials, handmade ecological wooden Waldorf toys and arts &amp; crafts supplies, school supplies, children&#039;s furniture and Montessori reference and parenting books.\",\"publisher\":{\"@id\":\"https:\/\/teiaeducation.ch\/de\/#organization\"},\"alternateName\":\"Teia Education & Play\",\"potentialAction\":[{\"@type\":\"SearchAction\",\"target\":{\"@type\":\"EntryPoint\",\"urlTemplate\":\"https:\/\/teiaeducation.ch\/de\/?s={search_term_string}\"},\"query-input\":{\"@type\":\"PropertyValueSpecification\",\"valueRequired\":true,\"valueName\":\"search_term_string\"}}],\"inLanguage\":\"de-CH\"},{\"@type\":\"Organization\",\"@id\":\"https:\/\/teiaeducation.ch\/de\/#organization\",\"name\":\"Teia Education & Play\",\"url\":\"https:\/\/teiaeducation.ch\/de\/\",\"logo\":{\"@type\":\"ImageObject\",\"inLanguage\":\"de-CH\",\"@id\":\"https:\/\/teiaeducation.ch\/de\/#\/schema\/logo\/image\/\",\"url\":\"https:\/\/teiaeducation.ch\/wp-content\/uploads\/2020\/11\/Teia-Education-Switzerland-e1620156442216.jpg\",\"contentUrl\":\"https:\/\/teiaeducation.ch\/wp-content\/uploads\/2020\/11\/Teia-Education-Switzerland-e1620156442216.jpg\",\"width\":166,\"height\":145,\"caption\":\"Teia Education & Play\"},\"image\":{\"@id\":\"https:\/\/teiaeducation.ch\/de\/#\/schema\/logo\/image\/\"},\"sameAs\":[\"https:\/\/www.facebook.com\/teiaeducation\/\",\"https:\/\/x.com\/EducationTeia\",\"https:\/\/www.instagram.com\/teia.education\/\",\"https:\/\/www.linkedin.com\/company\/35501660\",\"https:\/\/www.pinterest.ch\/TeiaEducation\/\"]}]}<\/script>\n<!-- \/ Yoast SEO plugin. -->","yoast_head_json":{"title":"Sortierung Abendessen - Erzi - Teia Education & Play","description":"Das Erzi Sortierung Abendessen ist ein hochwertiges, realistisches Holzspielzeug f\u00fcr den Spielladen oder die K\u00fcche Ihres Kindes. Hergestellt in Deutschland.","robots":{"index":"index","follow":"follow","max-snippet":"max-snippet:-1","max-image-preview":"max-image-preview:large","max-video-preview":"max-video-preview:-1"},"canonical":"https:\/\/teiaeducation.ch\/de\/produkt\/sortierung-abendessen-erzi\/","og_locale":"de_DE","og_type":"article","og_title":"Sortierung Abendessen - Erzi - Teia Education & Play","og_description":"Das Erzi Sortierung Abendessen ist ein hochwertiges, realistisches Holzspielzeug f\u00fcr den Spielladen oder die K\u00fcche Ihres Kindes. Hergestellt in Deutschland.","og_url":"https:\/\/teiaeducation.ch\/de\/produkt\/sortierung-abendessen-erzi\/","og_site_name":"Sustainable Educational Products &amp; Ecological Toys\u00a0","article_publisher":"https:\/\/www.facebook.com\/teiaeducation\/","article_modified_time":"2025-12-11T16:51:20+00:00","og_image":[{"width":900,"height":900,"url":"https:\/\/teiaeducation.ch\/wp-content\/uploads\/2020\/09\/Wooden-evening-meal-assortment-Erzi.jpg","type":"image\/jpeg"}],"schema":{"@context":"https:\/\/schema.org","@graph":[{"@type":"WebPage","@id":"https:\/\/teiaeducation.ch\/de\/produkt\/sortierung-abendessen-erzi\/","url":"https:\/\/teiaeducation.ch\/de\/produkt\/sortierung-abendessen-erzi\/","name":"Sortierung Abendessen - Erzi - Teia Education & Play","isPartOf":{"@id":"https:\/\/teiaeducation.ch\/de\/#website"},"primaryImageOfPage":{"@id":"https:\/\/teiaeducation.ch\/de\/produkt\/sortierung-abendessen-erzi\/#primaryimage"},"image":{"@id":"https:\/\/teiaeducation.ch\/de\/produkt\/sortierung-abendessen-erzi\/#primaryimage"},"thumbnailUrl":"https:\/\/teiaeducation.ch\/wp-content\/uploads\/2020\/09\/Wooden-evening-meal-assortment-Erzi.jpg","datePublished":"2020-10-12T17:14:53+00:00","dateModified":"2025-12-11T16:51:20+00:00","description":"Das Erzi Sortierung Abendessen ist ein hochwertiges, realistisches Holzspielzeug f\u00fcr den Spielladen oder die K\u00fcche Ihres Kindes. Hergestellt in Deutschland.","breadcrumb":{"@id":"https:\/\/teiaeducation.ch\/de\/produkt\/sortierung-abendessen-erzi\/#breadcrumb"},"inLanguage":"de-CH","potentialAction":[{"@type":"ReadAction","target":["https:\/\/teiaeducation.ch\/de\/produkt\/sortierung-abendessen-erzi\/"]}]},{"@type":"ImageObject","inLanguage":"de-CH","@id":"https:\/\/teiaeducation.ch\/de\/produkt\/sortierung-abendessen-erzi\/#primaryimage","url":"https:\/\/teiaeducation.ch\/wp-content\/uploads\/2020\/09\/Wooden-evening-meal-assortment-Erzi.jpg","contentUrl":"https:\/\/teiaeducation.ch\/wp-content\/uploads\/2020\/09\/Wooden-evening-meal-assortment-Erzi.jpg","width":900,"height":900,"caption":"realistisches holzspielzeug abendessen sortiment - Erzi"},{"@type":"BreadcrumbList","@id":"https:\/\/teiaeducation.ch\/de\/produkt\/sortierung-abendessen-erzi\/#breadcrumb","itemListElement":[{"@type":"ListItem","position":1,"name":"Home","item":"https:\/\/teiaeducation.ch\/de\/"},{"@type":"ListItem","position":2,"name":"Laden","item":"https:\/\/teiaeducation.ch\/de\/shop\/"},{"@type":"ListItem","position":3,"name":"Unsere Marken","item":"https:\/\/teiaeducation.ch\/de\/produkt-kategorie\/unsere-marken\/"},{"@type":"ListItem","position":4,"name":"Erzi","item":"https:\/\/teiaeducation.ch\/de\/produkt-kategorie\/unsere-marken\/erzi-klassisches-holzspielzeug-de\/"},{"@type":"ListItem","position":5,"name":"Lebensmittelladen, K\u00fcchen &amp; Zubeh\u00f6r","item":"https:\/\/teiaeducation.ch\/de\/produkt-kategorie\/unsere-marken\/erzi-klassisches-holzspielzeug-de\/lebensmittelladen-kuechen-zubehoer\/"},{"@type":"ListItem","position":6,"name":"Sortierung Abendessen &#8211; Erzi"}]},{"@type":"WebSite","@id":"https:\/\/teiaeducation.ch\/de\/#website","url":"https:\/\/teiaeducation.ch\/de\/","name":"Sustainable Educational Products &amp; Ecological Toys\u00a0","description":"Specialised Swiss shop selling sustainable educational toys and games, AMI certified Montessori materials, handmade ecological wooden Waldorf toys and arts &amp; crafts supplies, school supplies, children&#039;s furniture and Montessori reference and parenting books.","publisher":{"@id":"https:\/\/teiaeducation.ch\/de\/#organization"},"alternateName":"Teia Education & Play","potentialAction":[{"@type":"SearchAction","target":{"@type":"EntryPoint","urlTemplate":"https:\/\/teiaeducation.ch\/de\/?s={search_term_string}"},"query-input":{"@type":"PropertyValueSpecification","valueRequired":true,"valueName":"search_term_string"}}],"inLanguage":"de-CH"},{"@type":"Organization","@id":"https:\/\/teiaeducation.ch\/de\/#organization","name":"Teia Education & Play","url":"https:\/\/teiaeducation.ch\/de\/","logo":{"@type":"ImageObject","inLanguage":"de-CH","@id":"https:\/\/teiaeducation.ch\/de\/#\/schema\/logo\/image\/","url":"https:\/\/teiaeducation.ch\/wp-content\/uploads\/2020\/11\/Teia-Education-Switzerland-e1620156442216.jpg","contentUrl":"https:\/\/teiaeducation.ch\/wp-content\/uploads\/2020\/11\/Teia-Education-Switzerland-e1620156442216.jpg","width":166,"height":145,"caption":"Teia Education & Play"},"image":{"@id":"https:\/\/teiaeducation.ch\/de\/#\/schema\/logo\/image\/"},"sameAs":["https:\/\/www.facebook.com\/teiaeducation\/","https:\/\/x.com\/EducationTeia","https:\/\/www.instagram.com\/teia.education\/","https:\/\/www.linkedin.com\/company\/35501660","https:\/\/www.pinterest.ch\/TeiaEducation\/"]}]}},"_links":{"self":[{"href":"https:\/\/teiaeducation.ch\/de\/wp-json\/wp\/v2\/product\/59426","targetHints":{"allow":["GET"]}}],"collection":[{"href":"https:\/\/teiaeducation.ch\/de\/wp-json\/wp\/v2\/product"}],"about":[{"href":"https:\/\/teiaeducation.ch\/de\/wp-json\/wp\/v2\/types\/product"}],"replies":[{"embeddable":true,"href":"https:\/\/teiaeducation.ch\/de\/wp-json\/wp\/v2\/comments?post=59426"}],"wp:featuredmedia":[{"embeddable":true,"href":"https:\/\/teiaeducation.ch\/de\/wp-json\/wp\/v2\/media\/59427"}],"wp:attachment":[{"href":"https:\/\/teiaeducation.ch\/de\/wp-json\/wp\/v2\/media?parent=59426"}],"wp:term":[{"taxonomy":"product_brand","embeddable":true,"href":"https:\/\/teiaeducation.ch\/de\/wp-json\/wp\/v2\/product_brand?post=59426"},{"taxonomy":"product_cat","embeddable":true,"href":"https:\/\/teiaeducation.ch\/de\/wp-json\/wp\/v2\/product_cat?post=59426"},{"taxonomy":"product_tag","embeddable":true,"href":"https:\/\/teiaeducation.ch\/de\/wp-json\/wp\/v2\/product_tag?post=59426"}],"curies":[{"name":"wp","href":"https:\/\/api.w.org\/{rel}","templated":true}]}}