{"id":59439,"date":"2020-10-12T18:57:35","date_gmt":"2020-10-12T16:57:35","guid":{"rendered":"https:\/\/teiaeducation.ch\/product\/sortiment-american-breakfast-erzi\/"},"modified":"2025-12-11T17:51:31","modified_gmt":"2025-12-11T16:51:31","slug":"sortiment-american-breakfast-erzi","status":"publish","type":"product","link":"https:\/\/teiaeducation.ch\/de\/produkt\/sortiment-american-breakfast-erzi\/","title":{"rendered":"Sortiment American Breakfast &#8211; Erzi"},"content":{"rendered":"<p>Dieses fabelhafte Sortiment American Breakfast <a href=\"https:\/\/teiaeducation.ch\/de\/produkt-kategorie\/kinder-spielzeug\/realistisches-lebensmittel-aus-holz\/\">Spielfutter<\/a> von Erzi enth\u00e4lt 2 Pfannkuchen, 2 Speckstreifen, 5 Blaubeeren, 1 Erdbeere, 1 Spiegelei, 1 Flasche Orangensaft und 1 Flasche Ahornsirup, die alle k\u00f6stlich und realistisch aussehen. Viel Spa\u00df beim <a href=\"https:\/\/teiaeducation.ch\/de\/produkt-kategorie\/kinder-spielzeug\/phantasievoll-rollenspiel\/\">Rollenspiel<\/a> im Spielraum oder in der Spielk\u00fcche Ihres Kindes!<\/p>\n<p>Das Erzi Sortiment American Breakfast wird in Deutschland aus Buchen- und Birkenholz hergestellt und mit sicheren, ungiftigen Farben auf Wasserbasis lackiert. Es ist f\u00fcr Kinder ab 3 Jahren geeignet.<\/p>\n<p>Inhalt:<\/p>\n<p>13 Holzst\u00fccke &#8211; 2 Pfannkuchen, 2 Streifen Speck, 5 Heidelbeeren, 1 Erdbeere, 1 Spiegelei, 1 Flasche Orangensaft, 1 Flasche Ahornsirup<\/p>\n<h2>\u00dcber Erzi<\/h2>\n<p>Das umfangreiche Erzi-Sortiment tr\u00e4gt das unverwechselbare G\u00fctesiegel &#8220;made in Germany&#8221;, denn es stammt aus dem Erzgebirge.<\/p>\n<p><a href=\"https:\/\/teiaeducation.ch\/de\/produkt-kategorie\/unsere-marken\/erzi-klassisches-holzspielzeug-de\/\">Erzi<\/a> verwendet f\u00fcr die Herstellung seiner Spielzeuge Holz aus der Region, das mit dem <a href=\"https:\/\/fsc.org\/en\">FSC<\/a>-Siegel (Forest Stewardship Council) zertifiziert und verbessert wurde. Alle Oberfl\u00e4chenbehandlungen wie Farben und Lacke auf Wasserbasis sind ungiftig und jedes Erzi Produkt entspricht den h\u00f6chsten Sicherheitsstandards f\u00fcr Spielzeug. Die hochwertigen <a href=\"https:\/\/teiaeducation.ch\/de\/produkt-kategorie\/kinder-spielzeug\/handgefertigtes-holzspielzeug\/\">Holzspielzeuge<\/a> und <a href=\"https:\/\/teiaeducation.ch\/de\/produkt-kategorie\/lernthemen\/\">Lernprodukte<\/a> von Erzi zeichnen sich durch eine gro\u00dfe Vielfalt an nat\u00fcrlichen <a href=\"https:\/\/teiaeducation.ch\/de\/produkt-kategorie\/lernthemen\/mathematik-rechnen\/formen\/\">Formen<\/a> und <a href=\"https:\/\/teiaeducation.ch\/de\/produkt-kategorie\/lernthemen\/sensorische-motorische-fertigkeiten\/farbe-lernen\/\">Farben<\/a> aus und sind langlebig und nachhaltig.<\/p>\n","protected":false},"excerpt":{"rendered":"<p>Artikelnummer: 28150<\/p>\n<p>Dieses fabelhafte Sortiment American Breakfast von Erzi bietet k\u00f6stlich ansprechende, realistische Spiellebensmittel aus Holz f\u00fcr viel Spa\u00df beim Rollenspiel im Spielraum oder in der K\u00fcche Ihres Kindes!<\/p>\n","protected":false},"featured_media":59440,"comment_status":"open","ping_status":"closed","template":"","meta":[],"product_brand":[],"product_cat":[21445,21446,21622,21487,23075,21623,21443,21563,21687,21693,21678,21564],"product_tag":[28306,28261,28260,28303,28298,28233,23134,28304,21887,28277,23139,23135,23136,23137,23138,21886,21885,28275,28309,24315,28131,28276,26515,28307,28305,22676,28308,28274,28273,28272,28271,25203],"class_list":{"0":"post-59439","1":"product","2":"type-product","3":"status-publish","4":"has-post-thumbnail","6":"product_cat-3-6-jahre-vorschule","7":"product_cat-6-12-jahre-grundschule","8":"product_cat-erzi-klassisches-holzspielzeug-de","9":"product_cat-geschenk-guide-3-6-jahre-vorschule","10":"product_cat-handgefertigtes-holzspielzeug","11":"product_cat-lebensmittelladen-kuechen-zubehoer","12":"product_cat-nach-alter","13":"product_cat-neuheiten","14":"product_cat-phantasievoll-rollenspiel","15":"product_cat-realistisches-lebensmittel-aus-holz","16":"product_cat-kinder-spielzeug","17":"product_cat-unsere-marken","18":"product_tag-amerikanisches-fruhstuck-aus-holz","19":"product_tag-deutsche-spielzeuge","20":"product_tag-deutsches-holzspielzeug","21":"product_tag-erzi-amerikanisches-fruhstuck","22":"product_tag-erzi-fruhstuck","23":"product_tag-erzi-holzspielzeug","24":"product_tag-erzi-laden","25":"product_tag-erzi-pfannkuchen","26":"product_tag-erzi-schweiz-de","27":"product_tag-erzi-spielfutter-aus-holz","28":"product_tag-erzi-spielwaren","29":"product_tag-erzi-spielzeug-de","30":"product_tag-erzi-spielzeug-aus-holz","31":"product_tag-erzi-spielzeug-schweiz-de","32":"product_tag-erzi-spielzeug-shop-schweiz","33":"product_tag-erzi-suisse-de","34":"product_tag-erzi-switzerland-de","35":"product_tag-erzi-spielfutter","36":"product_tag-holzernes-amerikanisches-fruhstucksspielfutter-erzi","37":"product_tag-holzspielzeug","38":"product_tag-holzspielzeug-hergestellt-in-deutschland","39":"product_tag-lebensmittel-aus-holz","40":"product_tag-lernspielzeug","41":"product_tag-pfannkuchen-aus-spielfutter","42":"product_tag-pfannkuchenset-aus-holz","43":"product_tag-rollenspielzeug","44":"product_tag-sortiment-american-breakfast-aus-holz-erzi","45":"product_tag-spielcafe-aus-holz","46":"product_tag-spielfutter-aus-holz","47":"product_tag-spielkuche-aus-holz","48":"product_tag-spielothek-aus-holz","49":"product_tag-spielzeug-made-in-germany","51":"first","52":"instock","53":"taxable","54":"shipping-taxable","55":"purchasable","56":"product-type-simple"},"yoast_head":"<!-- This site is optimized with the Yoast SEO plugin v27.1.1 - https:\/\/yoast.com\/product\/yoast-seo-wordpress\/ -->\n<title>Sortiment American Breakfast - Erzi - Teia Education &amp; Play<\/title>\n<meta name=\"description\" content=\"Das Erzi Sortiment American Breakfast ist ein hochwertiges, realistisches Holzspielzeug f\u00fcr das Spielraum oder die K\u00fcche Ihres Kindes. Nachhaltig hergestellt in Deutschland.\" \/>\n<meta name=\"robots\" content=\"index, follow, max-snippet:-1, max-image-preview:large, max-video-preview:-1\" \/>\n<link rel=\"canonical\" href=\"https:\/\/teiaeducation.ch\/de\/produkt\/sortiment-american-breakfast-erzi\/\" \/>\n<meta property=\"og:locale\" content=\"de_DE\" \/>\n<meta property=\"og:type\" content=\"article\" \/>\n<meta property=\"og:title\" content=\"Sortiment American Breakfast - Erzi - Teia Education &amp; Play\" \/>\n<meta property=\"og:description\" content=\"Das Erzi Sortiment American Breakfast ist ein hochwertiges, realistisches Holzspielzeug f\u00fcr das Spielraum oder die K\u00fcche Ihres Kindes. Nachhaltig hergestellt in Deutschland.\" \/>\n<meta property=\"og:url\" content=\"https:\/\/teiaeducation.ch\/de\/produkt\/sortiment-american-breakfast-erzi\/\" \/>\n<meta property=\"og:site_name\" content=\"Sustainable Educational Products &amp; Ecological Toys\u00a0\" \/>\n<meta property=\"article:publisher\" content=\"https:\/\/www.facebook.com\/teiaeducation\/\" \/>\n<meta property=\"article:modified_time\" content=\"2025-12-11T16:51:31+00:00\" \/>\n<meta property=\"og:image\" content=\"https:\/\/teiaeducation.ch\/wp-content\/uploads\/2020\/09\/Wooden-American-breakfast-Erzi2-scaled.jpg\" \/>\n\t<meta property=\"og:image:width\" content=\"900\" \/>\n\t<meta property=\"og:image:height\" content=\"900\" \/>\n\t<meta property=\"og:image:type\" content=\"image\/jpeg\" \/>\n<script type=\"application\/ld+json\" class=\"yoast-schema-graph\">{\"@context\":\"https:\/\/schema.org\",\"@graph\":[{\"@type\":\"WebPage\",\"@id\":\"https:\/\/teiaeducation.ch\/de\/produkt\/sortiment-american-breakfast-erzi\/\",\"url\":\"https:\/\/teiaeducation.ch\/de\/produkt\/sortiment-american-breakfast-erzi\/\",\"name\":\"Sortiment American Breakfast - Erzi - Teia Education & Play\",\"isPartOf\":{\"@id\":\"https:\/\/teiaeducation.ch\/de\/#website\"},\"primaryImageOfPage\":{\"@id\":\"https:\/\/teiaeducation.ch\/de\/produkt\/sortiment-american-breakfast-erzi\/#primaryimage\"},\"image\":{\"@id\":\"https:\/\/teiaeducation.ch\/de\/produkt\/sortiment-american-breakfast-erzi\/#primaryimage\"},\"thumbnailUrl\":\"https:\/\/teiaeducation.ch\/wp-content\/uploads\/2020\/09\/Wooden-American-breakfast-Erzi2-scaled.jpg\",\"datePublished\":\"2020-10-12T16:57:35+00:00\",\"dateModified\":\"2025-12-11T16:51:31+00:00\",\"description\":\"Das Erzi Sortiment American Breakfast ist ein hochwertiges, realistisches Holzspielzeug f\u00fcr das Spielraum oder die K\u00fcche Ihres Kindes. Nachhaltig hergestellt in Deutschland.\",\"breadcrumb\":{\"@id\":\"https:\/\/teiaeducation.ch\/de\/produkt\/sortiment-american-breakfast-erzi\/#breadcrumb\"},\"inLanguage\":\"de-CH\",\"potentialAction\":[{\"@type\":\"ReadAction\",\"target\":[\"https:\/\/teiaeducation.ch\/de\/produkt\/sortiment-american-breakfast-erzi\/\"]}]},{\"@type\":\"ImageObject\",\"inLanguage\":\"de-CH\",\"@id\":\"https:\/\/teiaeducation.ch\/de\/produkt\/sortiment-american-breakfast-erzi\/#primaryimage\",\"url\":\"https:\/\/teiaeducation.ch\/wp-content\/uploads\/2020\/09\/Wooden-American-breakfast-Erzi2-scaled.jpg\",\"contentUrl\":\"https:\/\/teiaeducation.ch\/wp-content\/uploads\/2020\/09\/Wooden-American-breakfast-Erzi2-scaled.jpg\",\"width\":900,\"height\":900,\"caption\":\"Realistisches Holzspielzeug Amerikanisches Fr\u00fchst\u00fcck - Erzi\"},{\"@type\":\"BreadcrumbList\",\"@id\":\"https:\/\/teiaeducation.ch\/de\/produkt\/sortiment-american-breakfast-erzi\/#breadcrumb\",\"itemListElement\":[{\"@type\":\"ListItem\",\"position\":1,\"name\":\"Home\",\"item\":\"https:\/\/teiaeducation.ch\/de\/\"},{\"@type\":\"ListItem\",\"position\":2,\"name\":\"Laden\",\"item\":\"https:\/\/teiaeducation.ch\/de\/shop\/\"},{\"@type\":\"ListItem\",\"position\":3,\"name\":\"Unsere Marken\",\"item\":\"https:\/\/teiaeducation.ch\/de\/produkt-kategorie\/unsere-marken\/\"},{\"@type\":\"ListItem\",\"position\":4,\"name\":\"Erzi\",\"item\":\"https:\/\/teiaeducation.ch\/de\/produkt-kategorie\/unsere-marken\/erzi-klassisches-holzspielzeug-de\/\"},{\"@type\":\"ListItem\",\"position\":5,\"name\":\"Lebensmittelladen, K\u00fcchen &amp; Zubeh\u00f6r\",\"item\":\"https:\/\/teiaeducation.ch\/de\/produkt-kategorie\/unsere-marken\/erzi-klassisches-holzspielzeug-de\/lebensmittelladen-kuechen-zubehoer\/\"},{\"@type\":\"ListItem\",\"position\":6,\"name\":\"Sortiment American Breakfast &#8211; Erzi\"}]},{\"@type\":\"WebSite\",\"@id\":\"https:\/\/teiaeducation.ch\/de\/#website\",\"url\":\"https:\/\/teiaeducation.ch\/de\/\",\"name\":\"Sustainable Educational Products &amp; Ecological Toys\u00a0\",\"description\":\"Specialised Swiss shop selling sustainable educational toys and games, AMI certified Montessori materials, handmade ecological wooden Waldorf toys and arts &amp; crafts supplies, school supplies, children&#039;s furniture and Montessori reference and parenting books.\",\"publisher\":{\"@id\":\"https:\/\/teiaeducation.ch\/de\/#organization\"},\"alternateName\":\"Teia Education & Play\",\"potentialAction\":[{\"@type\":\"SearchAction\",\"target\":{\"@type\":\"EntryPoint\",\"urlTemplate\":\"https:\/\/teiaeducation.ch\/de\/?s={search_term_string}\"},\"query-input\":{\"@type\":\"PropertyValueSpecification\",\"valueRequired\":true,\"valueName\":\"search_term_string\"}}],\"inLanguage\":\"de-CH\"},{\"@type\":\"Organization\",\"@id\":\"https:\/\/teiaeducation.ch\/de\/#organization\",\"name\":\"Teia Education & Play\",\"url\":\"https:\/\/teiaeducation.ch\/de\/\",\"logo\":{\"@type\":\"ImageObject\",\"inLanguage\":\"de-CH\",\"@id\":\"https:\/\/teiaeducation.ch\/de\/#\/schema\/logo\/image\/\",\"url\":\"https:\/\/teiaeducation.ch\/wp-content\/uploads\/2020\/11\/Teia-Education-Switzerland-e1620156442216.jpg\",\"contentUrl\":\"https:\/\/teiaeducation.ch\/wp-content\/uploads\/2020\/11\/Teia-Education-Switzerland-e1620156442216.jpg\",\"width\":166,\"height\":145,\"caption\":\"Teia Education & Play\"},\"image\":{\"@id\":\"https:\/\/teiaeducation.ch\/de\/#\/schema\/logo\/image\/\"},\"sameAs\":[\"https:\/\/www.facebook.com\/teiaeducation\/\",\"https:\/\/x.com\/EducationTeia\",\"https:\/\/www.instagram.com\/teia.education\/\",\"https:\/\/www.linkedin.com\/company\/35501660\",\"https:\/\/www.pinterest.ch\/TeiaEducation\/\"]}]}<\/script>\n<!-- \/ Yoast SEO plugin. -->","yoast_head_json":{"title":"Sortiment American Breakfast - Erzi - Teia Education & Play","description":"Das Erzi Sortiment American Breakfast ist ein hochwertiges, realistisches Holzspielzeug f\u00fcr das Spielraum oder die K\u00fcche Ihres Kindes. Nachhaltig hergestellt in Deutschland.","robots":{"index":"index","follow":"follow","max-snippet":"max-snippet:-1","max-image-preview":"max-image-preview:large","max-video-preview":"max-video-preview:-1"},"canonical":"https:\/\/teiaeducation.ch\/de\/produkt\/sortiment-american-breakfast-erzi\/","og_locale":"de_DE","og_type":"article","og_title":"Sortiment American Breakfast - Erzi - Teia Education & Play","og_description":"Das Erzi Sortiment American Breakfast ist ein hochwertiges, realistisches Holzspielzeug f\u00fcr das Spielraum oder die K\u00fcche Ihres Kindes. Nachhaltig hergestellt in Deutschland.","og_url":"https:\/\/teiaeducation.ch\/de\/produkt\/sortiment-american-breakfast-erzi\/","og_site_name":"Sustainable Educational Products &amp; Ecological Toys\u00a0","article_publisher":"https:\/\/www.facebook.com\/teiaeducation\/","article_modified_time":"2025-12-11T16:51:31+00:00","og_image":[{"width":900,"height":900,"url":"https:\/\/teiaeducation.ch\/wp-content\/uploads\/2020\/09\/Wooden-American-breakfast-Erzi2-scaled.jpg","type":"image\/jpeg"}],"schema":{"@context":"https:\/\/schema.org","@graph":[{"@type":"WebPage","@id":"https:\/\/teiaeducation.ch\/de\/produkt\/sortiment-american-breakfast-erzi\/","url":"https:\/\/teiaeducation.ch\/de\/produkt\/sortiment-american-breakfast-erzi\/","name":"Sortiment American Breakfast - Erzi - Teia Education & Play","isPartOf":{"@id":"https:\/\/teiaeducation.ch\/de\/#website"},"primaryImageOfPage":{"@id":"https:\/\/teiaeducation.ch\/de\/produkt\/sortiment-american-breakfast-erzi\/#primaryimage"},"image":{"@id":"https:\/\/teiaeducation.ch\/de\/produkt\/sortiment-american-breakfast-erzi\/#primaryimage"},"thumbnailUrl":"https:\/\/teiaeducation.ch\/wp-content\/uploads\/2020\/09\/Wooden-American-breakfast-Erzi2-scaled.jpg","datePublished":"2020-10-12T16:57:35+00:00","dateModified":"2025-12-11T16:51:31+00:00","description":"Das Erzi Sortiment American Breakfast ist ein hochwertiges, realistisches Holzspielzeug f\u00fcr das Spielraum oder die K\u00fcche Ihres Kindes. Nachhaltig hergestellt in Deutschland.","breadcrumb":{"@id":"https:\/\/teiaeducation.ch\/de\/produkt\/sortiment-american-breakfast-erzi\/#breadcrumb"},"inLanguage":"de-CH","potentialAction":[{"@type":"ReadAction","target":["https:\/\/teiaeducation.ch\/de\/produkt\/sortiment-american-breakfast-erzi\/"]}]},{"@type":"ImageObject","inLanguage":"de-CH","@id":"https:\/\/teiaeducation.ch\/de\/produkt\/sortiment-american-breakfast-erzi\/#primaryimage","url":"https:\/\/teiaeducation.ch\/wp-content\/uploads\/2020\/09\/Wooden-American-breakfast-Erzi2-scaled.jpg","contentUrl":"https:\/\/teiaeducation.ch\/wp-content\/uploads\/2020\/09\/Wooden-American-breakfast-Erzi2-scaled.jpg","width":900,"height":900,"caption":"Realistisches Holzspielzeug Amerikanisches Fr\u00fchst\u00fcck - Erzi"},{"@type":"BreadcrumbList","@id":"https:\/\/teiaeducation.ch\/de\/produkt\/sortiment-american-breakfast-erzi\/#breadcrumb","itemListElement":[{"@type":"ListItem","position":1,"name":"Home","item":"https:\/\/teiaeducation.ch\/de\/"},{"@type":"ListItem","position":2,"name":"Laden","item":"https:\/\/teiaeducation.ch\/de\/shop\/"},{"@type":"ListItem","position":3,"name":"Unsere Marken","item":"https:\/\/teiaeducation.ch\/de\/produkt-kategorie\/unsere-marken\/"},{"@type":"ListItem","position":4,"name":"Erzi","item":"https:\/\/teiaeducation.ch\/de\/produkt-kategorie\/unsere-marken\/erzi-klassisches-holzspielzeug-de\/"},{"@type":"ListItem","position":5,"name":"Lebensmittelladen, K\u00fcchen &amp; Zubeh\u00f6r","item":"https:\/\/teiaeducation.ch\/de\/produkt-kategorie\/unsere-marken\/erzi-klassisches-holzspielzeug-de\/lebensmittelladen-kuechen-zubehoer\/"},{"@type":"ListItem","position":6,"name":"Sortiment American Breakfast &#8211; Erzi"}]},{"@type":"WebSite","@id":"https:\/\/teiaeducation.ch\/de\/#website","url":"https:\/\/teiaeducation.ch\/de\/","name":"Sustainable Educational Products &amp; Ecological Toys\u00a0","description":"Specialised Swiss shop selling sustainable educational toys and games, AMI certified Montessori materials, handmade ecological wooden Waldorf toys and arts &amp; crafts supplies, school supplies, children&#039;s furniture and Montessori reference and parenting books.","publisher":{"@id":"https:\/\/teiaeducation.ch\/de\/#organization"},"alternateName":"Teia Education & Play","potentialAction":[{"@type":"SearchAction","target":{"@type":"EntryPoint","urlTemplate":"https:\/\/teiaeducation.ch\/de\/?s={search_term_string}"},"query-input":{"@type":"PropertyValueSpecification","valueRequired":true,"valueName":"search_term_string"}}],"inLanguage":"de-CH"},{"@type":"Organization","@id":"https:\/\/teiaeducation.ch\/de\/#organization","name":"Teia Education & Play","url":"https:\/\/teiaeducation.ch\/de\/","logo":{"@type":"ImageObject","inLanguage":"de-CH","@id":"https:\/\/teiaeducation.ch\/de\/#\/schema\/logo\/image\/","url":"https:\/\/teiaeducation.ch\/wp-content\/uploads\/2020\/11\/Teia-Education-Switzerland-e1620156442216.jpg","contentUrl":"https:\/\/teiaeducation.ch\/wp-content\/uploads\/2020\/11\/Teia-Education-Switzerland-e1620156442216.jpg","width":166,"height":145,"caption":"Teia Education & Play"},"image":{"@id":"https:\/\/teiaeducation.ch\/de\/#\/schema\/logo\/image\/"},"sameAs":["https:\/\/www.facebook.com\/teiaeducation\/","https:\/\/x.com\/EducationTeia","https:\/\/www.instagram.com\/teia.education\/","https:\/\/www.linkedin.com\/company\/35501660","https:\/\/www.pinterest.ch\/TeiaEducation\/"]}]}},"_links":{"self":[{"href":"https:\/\/teiaeducation.ch\/de\/wp-json\/wp\/v2\/product\/59439","targetHints":{"allow":["GET"]}}],"collection":[{"href":"https:\/\/teiaeducation.ch\/de\/wp-json\/wp\/v2\/product"}],"about":[{"href":"https:\/\/teiaeducation.ch\/de\/wp-json\/wp\/v2\/types\/product"}],"replies":[{"embeddable":true,"href":"https:\/\/teiaeducation.ch\/de\/wp-json\/wp\/v2\/comments?post=59439"}],"wp:featuredmedia":[{"embeddable":true,"href":"https:\/\/teiaeducation.ch\/de\/wp-json\/wp\/v2\/media\/59440"}],"wp:attachment":[{"href":"https:\/\/teiaeducation.ch\/de\/wp-json\/wp\/v2\/media?parent=59439"}],"wp:term":[{"taxonomy":"product_brand","embeddable":true,"href":"https:\/\/teiaeducation.ch\/de\/wp-json\/wp\/v2\/product_brand?post=59439"},{"taxonomy":"product_cat","embeddable":true,"href":"https:\/\/teiaeducation.ch\/de\/wp-json\/wp\/v2\/product_cat?post=59439"},{"taxonomy":"product_tag","embeddable":true,"href":"https:\/\/teiaeducation.ch\/de\/wp-json\/wp\/v2\/product_tag?post=59439"}],"curies":[{"name":"wp","href":"https:\/\/api.w.org\/{rel}","templated":true}]}}