{"id":59453,"date":"2020-10-10T22:35:13","date_gmt":"2020-10-10T20:35:13","guid":{"rendered":"https:\/\/teiaeducation.ch\/product\/sortierung-grillparty-erzi\/"},"modified":"2024-03-15T14:23:34","modified_gmt":"2024-03-15T13:23:34","slug":"sortierung-grillparty-erzi","status":"publish","type":"product","link":"https:\/\/teiaeducation.ch\/de\/produkt\/sortierung-grillparty-erzi\/","title":{"rendered":"Sortierung Grillparty &#8211; Erzi"},"content":{"rendered":"<p>Dieses tolle Spielset mit realistischem Holz <a href=\"https:\/\/teiaeducation.ch\/product-category\/play\/realistic-wooden-play-food\/\">Spielfutter<\/a> von Erzi enth\u00e4lt alles, was Ihr Kind braucht, um seine eigene Grillparty zu veranstalten! Mit 1 Grillsteak, 1 W\u00fcrstchen, 1 Ketchup, 1 Grillzange, 2 Scheiben Knoblauchbrot, 2 Gem\u00fcsespie\u00dfe mit 2 Tomaten, 2 Champignons und 2 Maiskolben zum Aufschieben auf die Spie\u00dfe ist dieses lustige Set perfekt f\u00fcr <a href=\"https:\/\/teiaeducation.ch\/product-category\/play\/imaginative-role-play\/\">Rollenspiel<\/a> in der K\u00fcche in dem Ihr Kind kochen soll.<\/p>\n<p>Mit der Zange kann das Spielfutter aufgenommen und auf die Spie\u00dfe <a href=\"https:\/\/teiaeducation.ch\/product-category\/play\/threading\/\">aufgef\u00e4delt<\/a> werden, was auch die <a href=\"https:\/\/teiaeducation.ch\/product-category\/learning-themes\/sensory-motor-skills\/motor-skills\/\">Feinmotorik<\/a> Ihres Kindes f\u00f6rdert.<\/p>\n<p>Die Erzi Sortierung Grillparty wird in Deutschland aus Buchenholz hergestellt und mit sicheren, ungiftigen Farben auf Wasserbasis lackiert. Sie ist f\u00fcr Kinder ab 3 Jahren geeignet.<\/p>\n<p>Inhalt:<\/p>\n<p>14 Holzteile &#8211; 1 Grillsteak, 1 W\u00fcrstchen, 1 Ketchup, 1 Grillzange, 2 Scheiben Knoblauchbrot, 2 Gem\u00fcsespie\u00dfe mit 2 Tomaten, 2 Champignons, 2 Maiskolben<\/p>\n<h2>\u00dcber Erzi<\/h2>\n<p>Das umfangreiche Erzi-Sortiment tr\u00e4gt das unverwechselbare G\u00fctesiegel &#8220;made in Germany&#8221;, denn es stammt aus dem Erzgebirge.<\/p>\n<p><a href=\"https:\/\/teiaeducation.ch\/product-category\/brands\/erzi\/\">Erzi<\/a> verwendet f\u00fcr die Herstellung seiner Spielzeuge Holz aus der Region, das mit dem <a href=\"https:\/\/fsc.org\/en\">FSC<\/a>-Siegel (Forest Stewardship Council) zertifiziert und verbessert wurde. Alle Oberfl\u00e4chenbehandlungen wie Farben und Lacke auf Wasserbasis sind ungiftig und jedes Erzi Produkt entspricht den h\u00f6chsten Sicherheitsstandards f\u00fcr Spielzeug. Die hochwertigen <a href=\"https:\/\/teiaeducation.ch\/product-category\/hgh-quality-toys-play\/handmade-wooden-toys\/\">Holzspielzeuge<\/a> und <a href=\"https:\/\/teiaeducation.ch\/product-category\/learning-themes\/\">Lernprodukte<\/a> von Erzi zeichnen sich durch eine gro\u00dfe Vielfalt an nat\u00fcrlichen <a href=\"https:\/\/teiaeducation.ch\/product-category\/learning-themes\/mathematics-numeracy\/shapes\/\">Formen<\/a> und <a href=\"https:\/\/teiaeducation.ch\/product-category\/learning-themes\/sensory-motor-skills\/learning-about-colour\/\">Farben<\/a> aus und sind langlebig und nachhaltig.<\/p>\n","protected":false},"excerpt":{"rendered":"<p>Artikelnummer: 28199<\/p>\n<p>Dieses tolle Holzspielset mit realistischem Holzspielzeug von Erzi enth\u00e4lt alles, was Ihr Kind braucht, um seine eigene Grillparty zu veranstalten!<\/p>\n","protected":false},"featured_media":59454,"comment_status":"open","ping_status":"closed","template":"","meta":[],"product_brand":[],"product_cat":[21445,21622,23075,21623,21443,21563,21687,21693,22362,23636,21678,21564],"product_tag":[28261,28260,28324,28325,28323,28233,23134,21887,28277,23139,23135,23136,23137,23138,28327,21886,21885,28275,28326,24315,28131,28276,26515,22676,28329,28328,28274,28273,28272,28271,25203],"class_list":{"0":"post-59453","1":"product","2":"type-product","3":"status-publish","4":"has-post-thumbnail","6":"product_cat-3-6-jahre-vorschule","7":"product_cat-erzi-klassisches-holzspielzeug-de","8":"product_cat-handgefertigtes-holzspielzeug","9":"product_cat-lebensmittelladen-kuechen-zubehoer","10":"product_cat-nach-alter","11":"product_cat-neuheiten","12":"product_cat-phantasievoll-rollenspiel","13":"product_cat-realistisches-lebensmittel-aus-holz","14":"product_cat-saisonale-kollektionen","15":"product_cat-sommer-kollektion","16":"product_cat-kinder-spielzeug","17":"product_cat-unsere-marken","18":"product_tag-deutsche-spielzeuge","19":"product_tag-deutsches-holzspielzeug","20":"product_tag-erzi-grillparty","21":"product_tag-erzi-grillparty-de","22":"product_tag-erzi-grillspiel-essen","23":"product_tag-erzi-holzspielzeug","24":"product_tag-erzi-laden","25":"product_tag-erzi-schweiz-de","26":"product_tag-erzi-spielfutter-aus-holz","27":"product_tag-erzi-spielwaren","28":"product_tag-erzi-spielzeug-de","29":"product_tag-erzi-spielzeug-aus-holz","30":"product_tag-erzi-spielzeug-schweiz-de","31":"product_tag-erzi-spielzeug-shop-schweiz","32":"product_tag-erzi-spiese","33":"product_tag-erzi-suisse-de","34":"product_tag-erzi-switzerland-de","35":"product_tag-erzi-spielfutter","36":"product_tag-holzgrill-spielfutter","37":"product_tag-holzspielzeug","38":"product_tag-holzspielzeug-hergestellt-in-deutschland","39":"product_tag-lebensmittel-aus-holz","40":"product_tag-lernspielzeug","41":"product_tag-rollenspielzeug","42":"product_tag-sortierung-grillparty-aus-holz-erzi-de","43":"product_tag-sortierung-grillparty-aus-holz-erzi","44":"product_tag-spielcafe-aus-holz","45":"product_tag-spielfutter-aus-holz","46":"product_tag-spielkuche-aus-holz","47":"product_tag-spielothek-aus-holz","48":"product_tag-spielzeug-made-in-germany","50":"first","51":"outofstock","52":"taxable","53":"shipping-taxable","54":"purchasable","55":"product-type-simple"},"yoast_head":"<!-- This site is optimized with the Yoast SEO plugin v27.1.1 - https:\/\/yoast.com\/product\/yoast-seo-wordpress\/ -->\n<title>Sortierung Grillparty - Erzi - Teia Education &amp; Play<\/title>\n<meta name=\"description\" content=\"Die Erzi Sortierung Grillparty bietet hochwertiges, realistisches Spielfutter aus Holz f\u00fcr den Spielladen oder die K\u00fcche Ihres Kindes. Hergestellt in Deutschland.\" \/>\n<meta name=\"robots\" content=\"index, follow, max-snippet:-1, max-image-preview:large, max-video-preview:-1\" \/>\n<link rel=\"canonical\" href=\"https:\/\/teiaeducation.ch\/de\/produkt\/sortierung-grillparty-erzi\/\" \/>\n<meta property=\"og:locale\" content=\"de_DE\" \/>\n<meta property=\"og:type\" content=\"article\" \/>\n<meta property=\"og:title\" content=\"Sortierung Grillparty - Erzi - Teia Education &amp; Play\" \/>\n<meta property=\"og:description\" content=\"Die Erzi Sortierung Grillparty bietet hochwertiges, realistisches Spielfutter aus Holz f\u00fcr den Spielladen oder die K\u00fcche Ihres Kindes. Hergestellt in Deutschland.\" \/>\n<meta property=\"og:url\" content=\"https:\/\/teiaeducation.ch\/de\/produkt\/sortierung-grillparty-erzi\/\" \/>\n<meta property=\"og:site_name\" content=\"Sustainable Educational Products &amp; Ecological Toys\u00a0\" \/>\n<meta property=\"article:publisher\" content=\"https:\/\/www.facebook.com\/teiaeducation\/\" \/>\n<meta property=\"article:modified_time\" content=\"2024-03-15T13:23:34+00:00\" \/>\n<meta property=\"og:image\" content=\"https:\/\/teiaeducation.ch\/wp-content\/uploads\/2020\/09\/Wooden-barbecue-set-Erzi-scaled.jpg\" \/>\n\t<meta property=\"og:image:width\" content=\"900\" \/>\n\t<meta property=\"og:image:height\" content=\"900\" \/>\n\t<meta property=\"og:image:type\" content=\"image\/jpeg\" \/>\n<script type=\"application\/ld+json\" class=\"yoast-schema-graph\">{\"@context\":\"https:\/\/schema.org\",\"@graph\":[{\"@type\":\"WebPage\",\"@id\":\"https:\/\/teiaeducation.ch\/de\/produkt\/sortierung-grillparty-erzi\/\",\"url\":\"https:\/\/teiaeducation.ch\/de\/produkt\/sortierung-grillparty-erzi\/\",\"name\":\"Sortierung Grillparty - Erzi - Teia Education & Play\",\"isPartOf\":{\"@id\":\"https:\/\/teiaeducation.ch\/de\/#website\"},\"primaryImageOfPage\":{\"@id\":\"https:\/\/teiaeducation.ch\/de\/produkt\/sortierung-grillparty-erzi\/#primaryimage\"},\"image\":{\"@id\":\"https:\/\/teiaeducation.ch\/de\/produkt\/sortierung-grillparty-erzi\/#primaryimage\"},\"thumbnailUrl\":\"https:\/\/teiaeducation.ch\/wp-content\/uploads\/2020\/09\/Wooden-barbecue-set-Erzi-scaled.jpg\",\"datePublished\":\"2020-10-10T20:35:13+00:00\",\"dateModified\":\"2024-03-15T13:23:34+00:00\",\"description\":\"Die Erzi Sortierung Grillparty bietet hochwertiges, realistisches Spielfutter aus Holz f\u00fcr den Spielladen oder die K\u00fcche Ihres Kindes. Hergestellt in Deutschland.\",\"breadcrumb\":{\"@id\":\"https:\/\/teiaeducation.ch\/de\/produkt\/sortierung-grillparty-erzi\/#breadcrumb\"},\"inLanguage\":\"de-CH\",\"potentialAction\":[{\"@type\":\"ReadAction\",\"target\":[\"https:\/\/teiaeducation.ch\/de\/produkt\/sortierung-grillparty-erzi\/\"]}]},{\"@type\":\"ImageObject\",\"inLanguage\":\"de-CH\",\"@id\":\"https:\/\/teiaeducation.ch\/de\/produkt\/sortierung-grillparty-erzi\/#primaryimage\",\"url\":\"https:\/\/teiaeducation.ch\/wp-content\/uploads\/2020\/09\/Wooden-barbecue-set-Erzi-scaled.jpg\",\"contentUrl\":\"https:\/\/teiaeducation.ch\/wp-content\/uploads\/2020\/09\/Wooden-barbecue-set-Erzi-scaled.jpg\",\"width\":900,\"height\":900,\"caption\":\"Realistisches Holzspielzeug Grill-Set - Erzi\"},{\"@type\":\"BreadcrumbList\",\"@id\":\"https:\/\/teiaeducation.ch\/de\/produkt\/sortierung-grillparty-erzi\/#breadcrumb\",\"itemListElement\":[{\"@type\":\"ListItem\",\"position\":1,\"name\":\"Home\",\"item\":\"https:\/\/teiaeducation.ch\/de\/\"},{\"@type\":\"ListItem\",\"position\":2,\"name\":\"Laden\",\"item\":\"https:\/\/teiaeducation.ch\/de\/shop\/\"},{\"@type\":\"ListItem\",\"position\":3,\"name\":\"Unsere Marken\",\"item\":\"https:\/\/teiaeducation.ch\/de\/produkt-kategorie\/unsere-marken\/\"},{\"@type\":\"ListItem\",\"position\":4,\"name\":\"Erzi\",\"item\":\"https:\/\/teiaeducation.ch\/de\/produkt-kategorie\/unsere-marken\/erzi-klassisches-holzspielzeug-de\/\"},{\"@type\":\"ListItem\",\"position\":5,\"name\":\"Lebensmittelladen, K\u00fcchen &amp; Zubeh\u00f6r\",\"item\":\"https:\/\/teiaeducation.ch\/de\/produkt-kategorie\/unsere-marken\/erzi-klassisches-holzspielzeug-de\/lebensmittelladen-kuechen-zubehoer\/\"},{\"@type\":\"ListItem\",\"position\":6,\"name\":\"Sortierung Grillparty &#8211; Erzi\"}]},{\"@type\":\"WebSite\",\"@id\":\"https:\/\/teiaeducation.ch\/de\/#website\",\"url\":\"https:\/\/teiaeducation.ch\/de\/\",\"name\":\"Sustainable Educational Products &amp; Ecological Toys\u00a0\",\"description\":\"Specialised Swiss shop selling sustainable educational toys and games, AMI certified Montessori materials, handmade ecological wooden Waldorf toys and arts &amp; crafts supplies, school supplies, children&#039;s furniture and Montessori reference and parenting books.\",\"publisher\":{\"@id\":\"https:\/\/teiaeducation.ch\/de\/#organization\"},\"alternateName\":\"Teia Education & Play\",\"potentialAction\":[{\"@type\":\"SearchAction\",\"target\":{\"@type\":\"EntryPoint\",\"urlTemplate\":\"https:\/\/teiaeducation.ch\/de\/?s={search_term_string}\"},\"query-input\":{\"@type\":\"PropertyValueSpecification\",\"valueRequired\":true,\"valueName\":\"search_term_string\"}}],\"inLanguage\":\"de-CH\"},{\"@type\":\"Organization\",\"@id\":\"https:\/\/teiaeducation.ch\/de\/#organization\",\"name\":\"Teia Education & Play\",\"url\":\"https:\/\/teiaeducation.ch\/de\/\",\"logo\":{\"@type\":\"ImageObject\",\"inLanguage\":\"de-CH\",\"@id\":\"https:\/\/teiaeducation.ch\/de\/#\/schema\/logo\/image\/\",\"url\":\"https:\/\/teiaeducation.ch\/wp-content\/uploads\/2020\/11\/Teia-Education-Switzerland-e1620156442216.jpg\",\"contentUrl\":\"https:\/\/teiaeducation.ch\/wp-content\/uploads\/2020\/11\/Teia-Education-Switzerland-e1620156442216.jpg\",\"width\":166,\"height\":145,\"caption\":\"Teia Education & Play\"},\"image\":{\"@id\":\"https:\/\/teiaeducation.ch\/de\/#\/schema\/logo\/image\/\"},\"sameAs\":[\"https:\/\/www.facebook.com\/teiaeducation\/\",\"https:\/\/x.com\/EducationTeia\",\"https:\/\/www.instagram.com\/teia.education\/\",\"https:\/\/www.linkedin.com\/company\/35501660\",\"https:\/\/www.pinterest.ch\/TeiaEducation\/\"]}]}<\/script>\n<!-- \/ Yoast SEO plugin. -->","yoast_head_json":{"title":"Sortierung Grillparty - Erzi - Teia Education & Play","description":"Die Erzi Sortierung Grillparty bietet hochwertiges, realistisches Spielfutter aus Holz f\u00fcr den Spielladen oder die K\u00fcche Ihres Kindes. Hergestellt in Deutschland.","robots":{"index":"index","follow":"follow","max-snippet":"max-snippet:-1","max-image-preview":"max-image-preview:large","max-video-preview":"max-video-preview:-1"},"canonical":"https:\/\/teiaeducation.ch\/de\/produkt\/sortierung-grillparty-erzi\/","og_locale":"de_DE","og_type":"article","og_title":"Sortierung Grillparty - Erzi - Teia Education & Play","og_description":"Die Erzi Sortierung Grillparty bietet hochwertiges, realistisches Spielfutter aus Holz f\u00fcr den Spielladen oder die K\u00fcche Ihres Kindes. Hergestellt in Deutschland.","og_url":"https:\/\/teiaeducation.ch\/de\/produkt\/sortierung-grillparty-erzi\/","og_site_name":"Sustainable Educational Products &amp; Ecological Toys\u00a0","article_publisher":"https:\/\/www.facebook.com\/teiaeducation\/","article_modified_time":"2024-03-15T13:23:34+00:00","og_image":[{"width":900,"height":900,"url":"https:\/\/teiaeducation.ch\/wp-content\/uploads\/2020\/09\/Wooden-barbecue-set-Erzi-scaled.jpg","type":"image\/jpeg"}],"schema":{"@context":"https:\/\/schema.org","@graph":[{"@type":"WebPage","@id":"https:\/\/teiaeducation.ch\/de\/produkt\/sortierung-grillparty-erzi\/","url":"https:\/\/teiaeducation.ch\/de\/produkt\/sortierung-grillparty-erzi\/","name":"Sortierung Grillparty - Erzi - Teia Education & Play","isPartOf":{"@id":"https:\/\/teiaeducation.ch\/de\/#website"},"primaryImageOfPage":{"@id":"https:\/\/teiaeducation.ch\/de\/produkt\/sortierung-grillparty-erzi\/#primaryimage"},"image":{"@id":"https:\/\/teiaeducation.ch\/de\/produkt\/sortierung-grillparty-erzi\/#primaryimage"},"thumbnailUrl":"https:\/\/teiaeducation.ch\/wp-content\/uploads\/2020\/09\/Wooden-barbecue-set-Erzi-scaled.jpg","datePublished":"2020-10-10T20:35:13+00:00","dateModified":"2024-03-15T13:23:34+00:00","description":"Die Erzi Sortierung Grillparty bietet hochwertiges, realistisches Spielfutter aus Holz f\u00fcr den Spielladen oder die K\u00fcche Ihres Kindes. Hergestellt in Deutschland.","breadcrumb":{"@id":"https:\/\/teiaeducation.ch\/de\/produkt\/sortierung-grillparty-erzi\/#breadcrumb"},"inLanguage":"de-CH","potentialAction":[{"@type":"ReadAction","target":["https:\/\/teiaeducation.ch\/de\/produkt\/sortierung-grillparty-erzi\/"]}]},{"@type":"ImageObject","inLanguage":"de-CH","@id":"https:\/\/teiaeducation.ch\/de\/produkt\/sortierung-grillparty-erzi\/#primaryimage","url":"https:\/\/teiaeducation.ch\/wp-content\/uploads\/2020\/09\/Wooden-barbecue-set-Erzi-scaled.jpg","contentUrl":"https:\/\/teiaeducation.ch\/wp-content\/uploads\/2020\/09\/Wooden-barbecue-set-Erzi-scaled.jpg","width":900,"height":900,"caption":"Realistisches Holzspielzeug Grill-Set - Erzi"},{"@type":"BreadcrumbList","@id":"https:\/\/teiaeducation.ch\/de\/produkt\/sortierung-grillparty-erzi\/#breadcrumb","itemListElement":[{"@type":"ListItem","position":1,"name":"Home","item":"https:\/\/teiaeducation.ch\/de\/"},{"@type":"ListItem","position":2,"name":"Laden","item":"https:\/\/teiaeducation.ch\/de\/shop\/"},{"@type":"ListItem","position":3,"name":"Unsere Marken","item":"https:\/\/teiaeducation.ch\/de\/produkt-kategorie\/unsere-marken\/"},{"@type":"ListItem","position":4,"name":"Erzi","item":"https:\/\/teiaeducation.ch\/de\/produkt-kategorie\/unsere-marken\/erzi-klassisches-holzspielzeug-de\/"},{"@type":"ListItem","position":5,"name":"Lebensmittelladen, K\u00fcchen &amp; Zubeh\u00f6r","item":"https:\/\/teiaeducation.ch\/de\/produkt-kategorie\/unsere-marken\/erzi-klassisches-holzspielzeug-de\/lebensmittelladen-kuechen-zubehoer\/"},{"@type":"ListItem","position":6,"name":"Sortierung Grillparty &#8211; Erzi"}]},{"@type":"WebSite","@id":"https:\/\/teiaeducation.ch\/de\/#website","url":"https:\/\/teiaeducation.ch\/de\/","name":"Sustainable Educational Products &amp; Ecological Toys\u00a0","description":"Specialised Swiss shop selling sustainable educational toys and games, AMI certified Montessori materials, handmade ecological wooden Waldorf toys and arts &amp; crafts supplies, school supplies, children&#039;s furniture and Montessori reference and parenting books.","publisher":{"@id":"https:\/\/teiaeducation.ch\/de\/#organization"},"alternateName":"Teia Education & Play","potentialAction":[{"@type":"SearchAction","target":{"@type":"EntryPoint","urlTemplate":"https:\/\/teiaeducation.ch\/de\/?s={search_term_string}"},"query-input":{"@type":"PropertyValueSpecification","valueRequired":true,"valueName":"search_term_string"}}],"inLanguage":"de-CH"},{"@type":"Organization","@id":"https:\/\/teiaeducation.ch\/de\/#organization","name":"Teia Education & Play","url":"https:\/\/teiaeducation.ch\/de\/","logo":{"@type":"ImageObject","inLanguage":"de-CH","@id":"https:\/\/teiaeducation.ch\/de\/#\/schema\/logo\/image\/","url":"https:\/\/teiaeducation.ch\/wp-content\/uploads\/2020\/11\/Teia-Education-Switzerland-e1620156442216.jpg","contentUrl":"https:\/\/teiaeducation.ch\/wp-content\/uploads\/2020\/11\/Teia-Education-Switzerland-e1620156442216.jpg","width":166,"height":145,"caption":"Teia Education & Play"},"image":{"@id":"https:\/\/teiaeducation.ch\/de\/#\/schema\/logo\/image\/"},"sameAs":["https:\/\/www.facebook.com\/teiaeducation\/","https:\/\/x.com\/EducationTeia","https:\/\/www.instagram.com\/teia.education\/","https:\/\/www.linkedin.com\/company\/35501660","https:\/\/www.pinterest.ch\/TeiaEducation\/"]}]}},"_links":{"self":[{"href":"https:\/\/teiaeducation.ch\/de\/wp-json\/wp\/v2\/product\/59453","targetHints":{"allow":["GET"]}}],"collection":[{"href":"https:\/\/teiaeducation.ch\/de\/wp-json\/wp\/v2\/product"}],"about":[{"href":"https:\/\/teiaeducation.ch\/de\/wp-json\/wp\/v2\/types\/product"}],"replies":[{"embeddable":true,"href":"https:\/\/teiaeducation.ch\/de\/wp-json\/wp\/v2\/comments?post=59453"}],"wp:featuredmedia":[{"embeddable":true,"href":"https:\/\/teiaeducation.ch\/de\/wp-json\/wp\/v2\/media\/59454"}],"wp:attachment":[{"href":"https:\/\/teiaeducation.ch\/de\/wp-json\/wp\/v2\/media?parent=59453"}],"wp:term":[{"taxonomy":"product_brand","embeddable":true,"href":"https:\/\/teiaeducation.ch\/de\/wp-json\/wp\/v2\/product_brand?post=59453"},{"taxonomy":"product_cat","embeddable":true,"href":"https:\/\/teiaeducation.ch\/de\/wp-json\/wp\/v2\/product_cat?post=59453"},{"taxonomy":"product_tag","embeddable":true,"href":"https:\/\/teiaeducation.ch\/de\/wp-json\/wp\/v2\/product_tag?post=59453"}],"curies":[{"name":"wp","href":"https:\/\/api.w.org\/{rel}","templated":true}]}}