{"id":59525,"date":"2020-10-09T15:23:12","date_gmt":"2020-10-09T13:23:12","guid":{"rendered":"https:\/\/teiaeducation.ch\/product\/schneidset-belegte-brote-erzi\/"},"modified":"2024-03-12T15:43:45","modified_gmt":"2024-03-12T14:43:45","slug":"schneidset-belegte-brote-erzi","status":"publish","type":"product","link":"https:\/\/teiaeducation.ch\/de\/produkt\/schneidset-belegte-brote-erzi\/","title":{"rendered":"Schneidset Belegte Brote &#8211; Erzi"},"content":{"rendered":"<p>Mit diesem tollen Sandwich-Schneideset mit realistischem Holzspielzeug von Erzi haben Kinder viel Spa\u00df beim Schneiden und Zerkleinern von Lebensmitteln und beim Zusammenstellen verschiedener Kombinationen f\u00fcr ihr ideales Sandwich. Mit 1 Schneidebrett, 1 Messer, 2 Scheiben Brot zum Schneiden, 1 K\u00e4se zum Schneiden (3 St\u00fcck), 1 Salami zum Schneiden (3 St\u00fcck), 2 Tomatenst\u00fccke zum Schneiden und 1 Ei zum Schneiden (2 St\u00fcck) ist dieses lustige Set perfekt f\u00fcr <a href=\"https:\/\/teiaeducation.ch\/product-category\/play\/imaginative-role-play\/\">Rollenspiel<\/a> Kochen im Spielcaf\u00e9 oder in der Spielk\u00fcche Ihres Kindes.<\/p>\n<p>Dieses Schneideset f\u00f6rdert auf spielerische Art und Weise die Feinmotorik der Kinder, die mit diesem gut gestalteten Messer und Schneidebrett lernen, das Spielfutter zu schneiden.<\/p>\n<p>Das hochwertige Erzi Schneidset Belegte Brote wird in Deutschland aus Buchen- und Birkenholz hergestellt und mit sicherem, ungiftigem Farblack auf Wasserbasis lackiert. Es ist f\u00fcr Kinder ab 3 Jahren geeignet.<\/p>\n<p>Das umfangreiche Erzi-Sortiment tr\u00e4gt das unverwechselbare G\u00fctesiegel &#8220;made in Germany&#8221;, denn es stammt aus dem Erzgebirge.<\/p>\n<p><a href=\"https:\/\/teiaeducation.ch\/product-category\/brands\/erzi\/\">Erzi<\/a> verwendet f\u00fcr die Herstellung seiner Spielzeuge Holz aus der Region, das mit dem FSC-Siegel (Forest Stewardship Council) zertifiziert und verbessert wurde. Alle Oberfl\u00e4chenbehandlungen wie Farben und Lacke auf Wasserbasis sind ungiftig und jedes Erzi Produkt entspricht den h\u00f6chsten Sicherheitsstandards f\u00fcr Spielzeug. Die hochwertigen <a href=\"https:\/\/teiaeducation.ch\/product-category\/hgh-quality-toys-play\/handmade-wooden-toys\/\">Holzspielzeuge<\/a> und <a href=\"https:\/\/teiaeducation.ch\/product-category\/learning-themes\/\">Lernprodukte<\/a> von Erzi zeichnen sich durch eine gro\u00dfe Vielfalt an nat\u00fcrlichen <a href=\"https:\/\/teiaeducation.ch\/product-category\/learning-themes\/mathematics-numeracy\/shapes\/\">Formen<\/a> und <a href=\"https:\/\/teiaeducation.ch\/product-category\/learning-themes\/sensory-motor-skills\/learning-about-colour\/\">Farben<\/a> aus und sind langlebig und nachhaltig.<\/p>\n<p>Inhalt:<\/p>\n<p>14 Holzteile &#8211; 1 Schneidebrett, 1 Messer, 2 Scheiben Brot zum Schneiden, 1 K\u00e4se zum Schneiden (3 St\u00fcck), 1 Salami zum Schneiden (3 St\u00fcck), 2 Tomatenst\u00fccke zum Schneiden, 1 Ei zum Schneiden (2 St\u00fcck)<\/p>\n","protected":false},"excerpt":{"rendered":"<p>Artikelnummer: 28205<\/p>\n<p>Dieses Brote-Schneideset mit realistischem Holzspielzeug von Erzi macht Kindern viel Spa\u00df, wenn sie das Schneiden und Hacken von Lebensmitteln \u00fcben und verschiedene Kombinationen verwenden, um ihr ideales Sandwich zusammenzustellen!<\/p>\n","protected":false},"featured_media":59526,"comment_status":"open","ping_status":"closed","template":"","meta":[],"product_brand":[],"product_cat":[21445,21622,23075,21623,21443,21563,21687,21693,21678,21564],"product_tag":[28261,28260,28233,23134,28352,28346,28351,21887,28277,23139,23135,23136,23137,23138,21886,21885,28350,28275,28355,24315,28131,28276,26515,27327,22676,28354,28353,28274,28273,28272,25203],"class_list":{"0":"post-59525","1":"product","2":"type-product","3":"status-publish","4":"has-post-thumbnail","6":"product_cat-3-6-jahre-vorschule","7":"product_cat-erzi-klassisches-holzspielzeug-de","8":"product_cat-handgefertigtes-holzspielzeug","9":"product_cat-lebensmittelladen-kuechen-zubehoer","10":"product_cat-nach-alter","11":"product_cat-neuheiten","12":"product_cat-phantasievoll-rollenspiel","13":"product_cat-realistisches-lebensmittel-aus-holz","14":"product_cat-kinder-spielzeug","15":"product_cat-unsere-marken","16":"product_tag-deutsche-spielzeuge","17":"product_tag-deutsches-holzspielzeug","18":"product_tag-erzi-holzspielzeug","19":"product_tag-erzi-laden","20":"product_tag-erzi-sandwich-de","21":"product_tag-erzi-schneidsatz","22":"product_tag-erzi-schneidsatz-de","23":"product_tag-erzi-schweiz-de","24":"product_tag-erzi-spielfutter-aus-holz","25":"product_tag-erzi-spielwaren","26":"product_tag-erzi-spielzeug-de","27":"product_tag-erzi-spielzeug-aus-holz","28":"product_tag-erzi-spielzeug-schweiz-de","29":"product_tag-erzi-spielzeug-shop-schweiz","30":"product_tag-erzi-suisse-de","31":"product_tag-erzi-switzerland-de","32":"product_tag-erzi-sandwichschneideset","33":"product_tag-erzi-spielfutter","34":"product_tag-holzsandwich-spielfutter","35":"product_tag-holzspielzeug","36":"product_tag-holzspielzeug-hergestellt-in-deutschland","37":"product_tag-lebensmittel-aus-holz","38":"product_tag-lernspielzeug","39":"product_tag-realistisches-lebensmittel-zum-spielen-aus-holz","40":"product_tag-rollenspielzeug","41":"product_tag-schneiden-von-spielfutter-de","42":"product_tag-schneiden-von-spielfutter","43":"product_tag-spielcafe-aus-holz","44":"product_tag-spielfutter-aus-holz","45":"product_tag-spielkuche-aus-holz","46":"product_tag-spielzeug-made-in-germany","48":"first","49":"instock","50":"taxable","51":"shipping-taxable","52":"purchasable","53":"product-type-simple"},"yoast_head":"<!-- This site is optimized with the Yoast SEO plugin v27.1.1 - https:\/\/yoast.com\/product\/yoast-seo-wordpress\/ -->\n<title>Schneidset Belegte Brote - Erzi - Teia Education &amp; Play<\/title>\n<meta name=\"description\" content=\"Das Erzi Schneidset Belegte Brote ist ein realistisches Holzspielzeug, mit dem Ihr Kind im Spielcaf\u00e9 oder in der K\u00fcche das Schneiden \u00fcben kann.\" \/>\n<meta name=\"robots\" content=\"index, follow, max-snippet:-1, max-image-preview:large, max-video-preview:-1\" \/>\n<link rel=\"canonical\" href=\"https:\/\/teiaeducation.ch\/de\/produkt\/schneidset-belegte-brote-erzi\/\" \/>\n<meta property=\"og:locale\" content=\"de_DE\" \/>\n<meta property=\"og:type\" content=\"article\" \/>\n<meta property=\"og:title\" content=\"Schneidset Belegte Brote - Erzi - Teia Education &amp; Play\" \/>\n<meta property=\"og:description\" content=\"Das Erzi Schneidset Belegte Brote ist ein realistisches Holzspielzeug, mit dem Ihr Kind im Spielcaf\u00e9 oder in der K\u00fcche das Schneiden \u00fcben kann.\" \/>\n<meta property=\"og:url\" content=\"https:\/\/teiaeducation.ch\/de\/produkt\/schneidset-belegte-brote-erzi\/\" \/>\n<meta property=\"og:site_name\" content=\"Sustainable Educational Products &amp; Ecological Toys\u00a0\" \/>\n<meta property=\"article:publisher\" content=\"https:\/\/www.facebook.com\/teiaeducation\/\" \/>\n<meta property=\"article:modified_time\" content=\"2024-03-12T14:43:45+00:00\" \/>\n<meta property=\"og:image\" content=\"https:\/\/teiaeducation.ch\/wp-content\/uploads\/2020\/09\/Wooden-sandwich-cutting-set-Erzi.jpg\" \/>\n\t<meta property=\"og:image:width\" content=\"900\" \/>\n\t<meta property=\"og:image:height\" content=\"900\" \/>\n\t<meta property=\"og:image:type\" content=\"image\/jpeg\" \/>\n<script type=\"application\/ld+json\" class=\"yoast-schema-graph\">{\"@context\":\"https:\/\/schema.org\",\"@graph\":[{\"@type\":\"WebPage\",\"@id\":\"https:\/\/teiaeducation.ch\/de\/produkt\/schneidset-belegte-brote-erzi\/\",\"url\":\"https:\/\/teiaeducation.ch\/de\/produkt\/schneidset-belegte-brote-erzi\/\",\"name\":\"Schneidset Belegte Brote - Erzi - Teia Education & Play\",\"isPartOf\":{\"@id\":\"https:\/\/teiaeducation.ch\/de\/#website\"},\"primaryImageOfPage\":{\"@id\":\"https:\/\/teiaeducation.ch\/de\/produkt\/schneidset-belegte-brote-erzi\/#primaryimage\"},\"image\":{\"@id\":\"https:\/\/teiaeducation.ch\/de\/produkt\/schneidset-belegte-brote-erzi\/#primaryimage\"},\"thumbnailUrl\":\"https:\/\/teiaeducation.ch\/wp-content\/uploads\/2020\/09\/Wooden-sandwich-cutting-set-Erzi.jpg\",\"datePublished\":\"2020-10-09T13:23:12+00:00\",\"dateModified\":\"2024-03-12T14:43:45+00:00\",\"description\":\"Das Erzi Schneidset Belegte Brote ist ein realistisches Holzspielzeug, mit dem Ihr Kind im Spielcaf\u00e9 oder in der K\u00fcche das Schneiden \u00fcben kann.\",\"breadcrumb\":{\"@id\":\"https:\/\/teiaeducation.ch\/de\/produkt\/schneidset-belegte-brote-erzi\/#breadcrumb\"},\"inLanguage\":\"de-CH\",\"potentialAction\":[{\"@type\":\"ReadAction\",\"target\":[\"https:\/\/teiaeducation.ch\/de\/produkt\/schneidset-belegte-brote-erzi\/\"]}]},{\"@type\":\"ImageObject\",\"inLanguage\":\"de-CH\",\"@id\":\"https:\/\/teiaeducation.ch\/de\/produkt\/schneidset-belegte-brote-erzi\/#primaryimage\",\"url\":\"https:\/\/teiaeducation.ch\/wp-content\/uploads\/2020\/09\/Wooden-sandwich-cutting-set-Erzi.jpg\",\"contentUrl\":\"https:\/\/teiaeducation.ch\/wp-content\/uploads\/2020\/09\/Wooden-sandwich-cutting-set-Erzi.jpg\",\"width\":900,\"height\":900,\"caption\":\"Realistisches Holzspielzeug - Sandwichschneideset aus Holz - Erzi\"},{\"@type\":\"BreadcrumbList\",\"@id\":\"https:\/\/teiaeducation.ch\/de\/produkt\/schneidset-belegte-brote-erzi\/#breadcrumb\",\"itemListElement\":[{\"@type\":\"ListItem\",\"position\":1,\"name\":\"Home\",\"item\":\"https:\/\/teiaeducation.ch\/de\/\"},{\"@type\":\"ListItem\",\"position\":2,\"name\":\"Laden\",\"item\":\"https:\/\/teiaeducation.ch\/de\/shop\/\"},{\"@type\":\"ListItem\",\"position\":3,\"name\":\"Unsere Marken\",\"item\":\"https:\/\/teiaeducation.ch\/de\/produkt-kategorie\/unsere-marken\/\"},{\"@type\":\"ListItem\",\"position\":4,\"name\":\"Erzi\",\"item\":\"https:\/\/teiaeducation.ch\/de\/produkt-kategorie\/unsere-marken\/erzi-klassisches-holzspielzeug-de\/\"},{\"@type\":\"ListItem\",\"position\":5,\"name\":\"Lebensmittelladen, K\u00fcchen &amp; Zubeh\u00f6r\",\"item\":\"https:\/\/teiaeducation.ch\/de\/produkt-kategorie\/unsere-marken\/erzi-klassisches-holzspielzeug-de\/lebensmittelladen-kuechen-zubehoer\/\"},{\"@type\":\"ListItem\",\"position\":6,\"name\":\"Schneidset Belegte Brote &#8211; Erzi\"}]},{\"@type\":\"WebSite\",\"@id\":\"https:\/\/teiaeducation.ch\/de\/#website\",\"url\":\"https:\/\/teiaeducation.ch\/de\/\",\"name\":\"Sustainable Educational Products &amp; Ecological Toys\u00a0\",\"description\":\"Specialised Swiss shop selling sustainable educational toys and games, AMI certified Montessori materials, handmade ecological wooden Waldorf toys and arts &amp; crafts supplies, school supplies, children&#039;s furniture and Montessori reference and parenting books.\",\"publisher\":{\"@id\":\"https:\/\/teiaeducation.ch\/de\/#organization\"},\"alternateName\":\"Teia Education & Play\",\"potentialAction\":[{\"@type\":\"SearchAction\",\"target\":{\"@type\":\"EntryPoint\",\"urlTemplate\":\"https:\/\/teiaeducation.ch\/de\/?s={search_term_string}\"},\"query-input\":{\"@type\":\"PropertyValueSpecification\",\"valueRequired\":true,\"valueName\":\"search_term_string\"}}],\"inLanguage\":\"de-CH\"},{\"@type\":\"Organization\",\"@id\":\"https:\/\/teiaeducation.ch\/de\/#organization\",\"name\":\"Teia Education & Play\",\"url\":\"https:\/\/teiaeducation.ch\/de\/\",\"logo\":{\"@type\":\"ImageObject\",\"inLanguage\":\"de-CH\",\"@id\":\"https:\/\/teiaeducation.ch\/de\/#\/schema\/logo\/image\/\",\"url\":\"https:\/\/teiaeducation.ch\/wp-content\/uploads\/2020\/11\/Teia-Education-Switzerland-e1620156442216.jpg\",\"contentUrl\":\"https:\/\/teiaeducation.ch\/wp-content\/uploads\/2020\/11\/Teia-Education-Switzerland-e1620156442216.jpg\",\"width\":166,\"height\":145,\"caption\":\"Teia Education & Play\"},\"image\":{\"@id\":\"https:\/\/teiaeducation.ch\/de\/#\/schema\/logo\/image\/\"},\"sameAs\":[\"https:\/\/www.facebook.com\/teiaeducation\/\",\"https:\/\/x.com\/EducationTeia\",\"https:\/\/www.instagram.com\/teia.education\/\",\"https:\/\/www.linkedin.com\/company\/35501660\",\"https:\/\/www.pinterest.ch\/TeiaEducation\/\"]}]}<\/script>\n<!-- \/ Yoast SEO plugin. -->","yoast_head_json":{"title":"Schneidset Belegte Brote - Erzi - Teia Education & Play","description":"Das Erzi Schneidset Belegte Brote ist ein realistisches Holzspielzeug, mit dem Ihr Kind im Spielcaf\u00e9 oder in der K\u00fcche das Schneiden \u00fcben kann.","robots":{"index":"index","follow":"follow","max-snippet":"max-snippet:-1","max-image-preview":"max-image-preview:large","max-video-preview":"max-video-preview:-1"},"canonical":"https:\/\/teiaeducation.ch\/de\/produkt\/schneidset-belegte-brote-erzi\/","og_locale":"de_DE","og_type":"article","og_title":"Schneidset Belegte Brote - Erzi - Teia Education & Play","og_description":"Das Erzi Schneidset Belegte Brote ist ein realistisches Holzspielzeug, mit dem Ihr Kind im Spielcaf\u00e9 oder in der K\u00fcche das Schneiden \u00fcben kann.","og_url":"https:\/\/teiaeducation.ch\/de\/produkt\/schneidset-belegte-brote-erzi\/","og_site_name":"Sustainable Educational Products &amp; Ecological Toys\u00a0","article_publisher":"https:\/\/www.facebook.com\/teiaeducation\/","article_modified_time":"2024-03-12T14:43:45+00:00","og_image":[{"width":900,"height":900,"url":"https:\/\/teiaeducation.ch\/wp-content\/uploads\/2020\/09\/Wooden-sandwich-cutting-set-Erzi.jpg","type":"image\/jpeg"}],"schema":{"@context":"https:\/\/schema.org","@graph":[{"@type":"WebPage","@id":"https:\/\/teiaeducation.ch\/de\/produkt\/schneidset-belegte-brote-erzi\/","url":"https:\/\/teiaeducation.ch\/de\/produkt\/schneidset-belegte-brote-erzi\/","name":"Schneidset Belegte Brote - Erzi - Teia Education & Play","isPartOf":{"@id":"https:\/\/teiaeducation.ch\/de\/#website"},"primaryImageOfPage":{"@id":"https:\/\/teiaeducation.ch\/de\/produkt\/schneidset-belegte-brote-erzi\/#primaryimage"},"image":{"@id":"https:\/\/teiaeducation.ch\/de\/produkt\/schneidset-belegte-brote-erzi\/#primaryimage"},"thumbnailUrl":"https:\/\/teiaeducation.ch\/wp-content\/uploads\/2020\/09\/Wooden-sandwich-cutting-set-Erzi.jpg","datePublished":"2020-10-09T13:23:12+00:00","dateModified":"2024-03-12T14:43:45+00:00","description":"Das Erzi Schneidset Belegte Brote ist ein realistisches Holzspielzeug, mit dem Ihr Kind im Spielcaf\u00e9 oder in der K\u00fcche das Schneiden \u00fcben kann.","breadcrumb":{"@id":"https:\/\/teiaeducation.ch\/de\/produkt\/schneidset-belegte-brote-erzi\/#breadcrumb"},"inLanguage":"de-CH","potentialAction":[{"@type":"ReadAction","target":["https:\/\/teiaeducation.ch\/de\/produkt\/schneidset-belegte-brote-erzi\/"]}]},{"@type":"ImageObject","inLanguage":"de-CH","@id":"https:\/\/teiaeducation.ch\/de\/produkt\/schneidset-belegte-brote-erzi\/#primaryimage","url":"https:\/\/teiaeducation.ch\/wp-content\/uploads\/2020\/09\/Wooden-sandwich-cutting-set-Erzi.jpg","contentUrl":"https:\/\/teiaeducation.ch\/wp-content\/uploads\/2020\/09\/Wooden-sandwich-cutting-set-Erzi.jpg","width":900,"height":900,"caption":"Realistisches Holzspielzeug - Sandwichschneideset aus Holz - Erzi"},{"@type":"BreadcrumbList","@id":"https:\/\/teiaeducation.ch\/de\/produkt\/schneidset-belegte-brote-erzi\/#breadcrumb","itemListElement":[{"@type":"ListItem","position":1,"name":"Home","item":"https:\/\/teiaeducation.ch\/de\/"},{"@type":"ListItem","position":2,"name":"Laden","item":"https:\/\/teiaeducation.ch\/de\/shop\/"},{"@type":"ListItem","position":3,"name":"Unsere Marken","item":"https:\/\/teiaeducation.ch\/de\/produkt-kategorie\/unsere-marken\/"},{"@type":"ListItem","position":4,"name":"Erzi","item":"https:\/\/teiaeducation.ch\/de\/produkt-kategorie\/unsere-marken\/erzi-klassisches-holzspielzeug-de\/"},{"@type":"ListItem","position":5,"name":"Lebensmittelladen, K\u00fcchen &amp; Zubeh\u00f6r","item":"https:\/\/teiaeducation.ch\/de\/produkt-kategorie\/unsere-marken\/erzi-klassisches-holzspielzeug-de\/lebensmittelladen-kuechen-zubehoer\/"},{"@type":"ListItem","position":6,"name":"Schneidset Belegte Brote &#8211; Erzi"}]},{"@type":"WebSite","@id":"https:\/\/teiaeducation.ch\/de\/#website","url":"https:\/\/teiaeducation.ch\/de\/","name":"Sustainable Educational Products &amp; Ecological Toys\u00a0","description":"Specialised Swiss shop selling sustainable educational toys and games, AMI certified Montessori materials, handmade ecological wooden Waldorf toys and arts &amp; crafts supplies, school supplies, children&#039;s furniture and Montessori reference and parenting books.","publisher":{"@id":"https:\/\/teiaeducation.ch\/de\/#organization"},"alternateName":"Teia Education & Play","potentialAction":[{"@type":"SearchAction","target":{"@type":"EntryPoint","urlTemplate":"https:\/\/teiaeducation.ch\/de\/?s={search_term_string}"},"query-input":{"@type":"PropertyValueSpecification","valueRequired":true,"valueName":"search_term_string"}}],"inLanguage":"de-CH"},{"@type":"Organization","@id":"https:\/\/teiaeducation.ch\/de\/#organization","name":"Teia Education & Play","url":"https:\/\/teiaeducation.ch\/de\/","logo":{"@type":"ImageObject","inLanguage":"de-CH","@id":"https:\/\/teiaeducation.ch\/de\/#\/schema\/logo\/image\/","url":"https:\/\/teiaeducation.ch\/wp-content\/uploads\/2020\/11\/Teia-Education-Switzerland-e1620156442216.jpg","contentUrl":"https:\/\/teiaeducation.ch\/wp-content\/uploads\/2020\/11\/Teia-Education-Switzerland-e1620156442216.jpg","width":166,"height":145,"caption":"Teia Education & Play"},"image":{"@id":"https:\/\/teiaeducation.ch\/de\/#\/schema\/logo\/image\/"},"sameAs":["https:\/\/www.facebook.com\/teiaeducation\/","https:\/\/x.com\/EducationTeia","https:\/\/www.instagram.com\/teia.education\/","https:\/\/www.linkedin.com\/company\/35501660","https:\/\/www.pinterest.ch\/TeiaEducation\/"]}]}},"_links":{"self":[{"href":"https:\/\/teiaeducation.ch\/de\/wp-json\/wp\/v2\/product\/59525","targetHints":{"allow":["GET"]}}],"collection":[{"href":"https:\/\/teiaeducation.ch\/de\/wp-json\/wp\/v2\/product"}],"about":[{"href":"https:\/\/teiaeducation.ch\/de\/wp-json\/wp\/v2\/types\/product"}],"replies":[{"embeddable":true,"href":"https:\/\/teiaeducation.ch\/de\/wp-json\/wp\/v2\/comments?post=59525"}],"wp:featuredmedia":[{"embeddable":true,"href":"https:\/\/teiaeducation.ch\/de\/wp-json\/wp\/v2\/media\/59526"}],"wp:attachment":[{"href":"https:\/\/teiaeducation.ch\/de\/wp-json\/wp\/v2\/media?parent=59525"}],"wp:term":[{"taxonomy":"product_brand","embeddable":true,"href":"https:\/\/teiaeducation.ch\/de\/wp-json\/wp\/v2\/product_brand?post=59525"},{"taxonomy":"product_cat","embeddable":true,"href":"https:\/\/teiaeducation.ch\/de\/wp-json\/wp\/v2\/product_cat?post=59525"},{"taxonomy":"product_tag","embeddable":true,"href":"https:\/\/teiaeducation.ch\/de\/wp-json\/wp\/v2\/product_tag?post=59525"}],"curies":[{"name":"wp","href":"https:\/\/api.w.org\/{rel}","templated":true}]}}