{"id":59532,"date":"2020-10-09T15:15:36","date_gmt":"2020-10-09T13:15:36","guid":{"rendered":"https:\/\/teiaeducation.ch\/product\/schneidset-obstsalat-erzi\/"},"modified":"2025-12-11T18:05:21","modified_gmt":"2025-12-11T17:05:21","slug":"schneidset-obstsalat-erzi","status":"publish","type":"product","link":"https:\/\/teiaeducation.ch\/de\/produkt\/schneidset-obstsalat-erzi\/","title":{"rendered":"Schneidset Obstsalat &#8211; Erzi"},"content":{"rendered":"<p>Mit diesem tollen Schneidset Obstsalat mit realistischem Holzspielzeug von Erzi haben Kinder viel Spa\u00df beim Schneiden und Zerkleinern eines leckeren Obstsalats. Mit 1 Schneidebrett, 1 Messer, 1 Banane zum Schneiden (3 Teile), 1 Kiwi zum Schneiden (2 Teile), 1 Apfel zum Schneiden (2 Teile) und 1 Erdbeere ist dieses lustige Set perfekt f\u00fcr das <a href=\"https:\/\/teiaeducation.ch\/de\/produkt-kategorie\/kinder-spielzeug\/phantasievoll-rollenspiel\/\">Rollenspiel<\/a> Kochen in der K\u00fcche oder im Caf\u00e9 Ihres Kindes.<\/p>\n<p>Dieses Schneideset f\u00f6rdert auf spielerische Art und Weise die Feinmotorik der Kinder, die mit diesem gut gestalteten Messer und Schneidebrett lernen, das Spielfutter zu schneiden.<\/p>\n<p>Der hochwertige Erzi Schneidset Obstsalat wird in Deutschland aus Buchen- und Birkenholz hergestellt und mit sicherem, ungiftigem Farblack auf Wasserbasis lackiert. Er ist f\u00fcr Kinder ab 3 Jahren geeignet.<\/p>\n<p>Das umfangreiche Erzi-Sortiment tr\u00e4gt das unverwechselbare G\u00fctesiegel &#8220;made in Germany&#8221;, denn es stammt aus dem Erzgebirge.<\/p>\n<p><a href=\"https:\/\/teiaeducation.ch\/de\/produkt-kategorie\/unsere-marken\/erzi-klassisches-holzspielzeug-de\/\">Erzi<\/a> verwendet f\u00fcr die Herstellung seiner Spielzeuge Holz aus der Region, das mit dem FSC-Siegel (Forest Stewardship Council) zertifiziert und verbessert wurde. Alle Oberfl\u00e4chenbehandlungen wie Farben und Lacke auf Wasserbasis sind ungiftig und jedes Erzi Produkt entspricht den h\u00f6chsten Sicherheitsstandards f\u00fcr Spielzeug. Die hochwertigen <a href=\"https:\/\/teiaeducation.ch\/de\/produkt-kategorie\/kinder-spielzeug\/handgefertigtes-holzspielzeug\/\">Holzspielzeuge<\/a> und <a href=\"https:\/\/teiaeducation.ch\/de\/produkt-kategorie\/lernthemen\/\">Lernprodukte<\/a> von Erzi zeichnen sich durch eine gro\u00dfe Vielfalt an nat\u00fcrlichen <a href=\"https:\/\/teiaeducation.ch\/de\/produkt-kategorie\/lernthemen\/mathematik-rechnen\/formen\/\">Formen<\/a> und <a href=\"https:\/\/teiaeducation.ch\/de\/produkt-kategorie\/lernthemen\/sensorische-motorische-fertigkeiten\/farbe-lernen\/\">Farben<\/a> aus und sind langlebig und nachhaltig.<\/p>\n<p>Inhalt:<\/p>\n<p>10 Holzteile &#8211; 1 Schneidebrett, 1 Messer, 1 Banane zum Schneiden (3 Teile), 1 Kiwi zum Schneiden (2 Teile), 1 Apfel zum Schneiden (2 Teile), 1 Erdbeere<\/p>\n","protected":false},"excerpt":{"rendered":"<p>Artikelnummer: 28206<\/p>\n<p>Mit diesem tollen Obstsalat-Schneideset mit realistischem Holzspielzeug von Erzi haben Kinder viel Spa\u00df beim Schneiden und Zerkleinern eines leckeren Obstsalats!<\/p>\n","protected":false},"featured_media":59536,"comment_status":"open","ping_status":"closed","template":"","meta":[],"product_brand":[],"product_cat":[21445,21622,23075,21623,21559,21443,21563,21687,21693,21557,21678,21564],"product_tag":[28261,28260,28358,28233,23134,28356,28361,28351,28357,21887,28277,23139,23135,23136,23137,23138,21886,21885,28275,28359,28360,24315,28131,28276,26515,22676,28274,28273,28272,25203],"class_list":{"0":"post-59532","1":"product","2":"type-product","3":"status-publish","4":"has-post-thumbnail","6":"product_cat-3-6-jahre-vorschule","7":"product_cat-erzi-klassisches-holzspielzeug-de","8":"product_cat-handgefertigtes-holzspielzeug","9":"product_cat-lebensmittelladen-kuechen-zubehoer","10":"product_cat-motorische-fertigkeiten","11":"product_cat-nach-alter","12":"product_cat-neuheiten","13":"product_cat-phantasievoll-rollenspiel","14":"product_cat-realistisches-lebensmittel-aus-holz","15":"product_cat-sensorische-motorische-fertigkeiten","16":"product_cat-kinder-spielzeug","17":"product_cat-unsere-marken","18":"product_tag-deutsche-spielzeuge","19":"product_tag-deutsches-holzspielzeug","20":"product_tag-erzi-hacken","21":"product_tag-erzi-holzspielzeug","22":"product_tag-erzi-laden","23":"product_tag-erzi-obst","24":"product_tag-erzi-schneidebrett","25":"product_tag-erzi-schneidsatz-de","26":"product_tag-erzi-schneidset-obstsalat","27":"product_tag-erzi-schweiz-de","28":"product_tag-erzi-spielfutter-aus-holz","29":"product_tag-erzi-spielwaren","30":"product_tag-erzi-spielzeug-de","31":"product_tag-erzi-spielzeug-aus-holz","32":"product_tag-erzi-spielzeug-schweiz-de","33":"product_tag-erzi-spielzeug-shop-schweiz","34":"product_tag-erzi-suisse-de","35":"product_tag-erzi-switzerland-de","36":"product_tag-erzi-spielfutter","37":"product_tag-holzernes-hackendes-spielfutter","38":"product_tag-holzernes-spielfutter-zum-schneiden","39":"product_tag-holzspielzeug","40":"product_tag-holzspielzeug-hergestellt-in-deutschland","41":"product_tag-lebensmittel-aus-holz","42":"product_tag-lernspielzeug","43":"product_tag-rollenspielzeug","44":"product_tag-spielcafe-aus-holz","45":"product_tag-spielfutter-aus-holz","46":"product_tag-spielkuche-aus-holz","47":"product_tag-spielzeug-made-in-germany","49":"first","50":"instock","51":"taxable","52":"shipping-taxable","53":"purchasable","54":"product-type-simple"},"yoast_head":"<!-- This site is optimized with the Yoast SEO plugin v27.1.1 - https:\/\/yoast.com\/product\/yoast-seo-wordpress\/ -->\n<title>Schneidset Obstsalat - Erzi - Teia Education &amp; Play<\/title>\n<meta name=\"description\" content=\"Mit diesem Schneidset Obstsalat aus Holz mit realistischem Holzspielzeug von Erzi haben Kinder viel Spa\u00df beim Schneiden und Hacken!\" \/>\n<meta name=\"robots\" content=\"index, follow, max-snippet:-1, max-image-preview:large, max-video-preview:-1\" \/>\n<link rel=\"canonical\" href=\"https:\/\/teiaeducation.ch\/de\/produkt\/schneidset-obstsalat-erzi\/\" \/>\n<meta property=\"og:locale\" content=\"de_DE\" \/>\n<meta property=\"og:type\" content=\"article\" \/>\n<meta property=\"og:title\" content=\"Schneidset Obstsalat - Erzi - Teia Education &amp; Play\" \/>\n<meta property=\"og:description\" content=\"Mit diesem Schneidset Obstsalat aus Holz mit realistischem Holzspielzeug von Erzi haben Kinder viel Spa\u00df beim Schneiden und Hacken!\" \/>\n<meta property=\"og:url\" content=\"https:\/\/teiaeducation.ch\/de\/produkt\/schneidset-obstsalat-erzi\/\" \/>\n<meta property=\"og:site_name\" content=\"Sustainable Educational Products &amp; Ecological Toys\u00a0\" \/>\n<meta property=\"article:publisher\" content=\"https:\/\/www.facebook.com\/teiaeducation\/\" \/>\n<meta property=\"article:modified_time\" content=\"2025-12-11T17:05:21+00:00\" \/>\n<meta property=\"og:image\" content=\"https:\/\/teiaeducation.ch\/wp-content\/uploads\/2020\/09\/Wooden-fruit-salad-cutting-set-Erzi.jpg\" \/>\n\t<meta property=\"og:image:width\" content=\"900\" \/>\n\t<meta property=\"og:image:height\" content=\"900\" \/>\n\t<meta property=\"og:image:type\" content=\"image\/jpeg\" \/>\n<script type=\"application\/ld+json\" class=\"yoast-schema-graph\">{\"@context\":\"https:\/\/schema.org\",\"@graph\":[{\"@type\":\"WebPage\",\"@id\":\"https:\/\/teiaeducation.ch\/de\/produkt\/schneidset-obstsalat-erzi\/\",\"url\":\"https:\/\/teiaeducation.ch\/de\/produkt\/schneidset-obstsalat-erzi\/\",\"name\":\"Schneidset Obstsalat - Erzi - Teia Education & Play\",\"isPartOf\":{\"@id\":\"https:\/\/teiaeducation.ch\/de\/#website\"},\"primaryImageOfPage\":{\"@id\":\"https:\/\/teiaeducation.ch\/de\/produkt\/schneidset-obstsalat-erzi\/#primaryimage\"},\"image\":{\"@id\":\"https:\/\/teiaeducation.ch\/de\/produkt\/schneidset-obstsalat-erzi\/#primaryimage\"},\"thumbnailUrl\":\"https:\/\/teiaeducation.ch\/wp-content\/uploads\/2020\/09\/Wooden-fruit-salad-cutting-set-Erzi.jpg\",\"datePublished\":\"2020-10-09T13:15:36+00:00\",\"dateModified\":\"2025-12-11T17:05:21+00:00\",\"description\":\"Mit diesem Schneidset Obstsalat aus Holz mit realistischem Holzspielzeug von Erzi haben Kinder viel Spa\u00df beim Schneiden und Hacken!\",\"breadcrumb\":{\"@id\":\"https:\/\/teiaeducation.ch\/de\/produkt\/schneidset-obstsalat-erzi\/#breadcrumb\"},\"inLanguage\":\"de-CH\",\"potentialAction\":[{\"@type\":\"ReadAction\",\"target\":[\"https:\/\/teiaeducation.ch\/de\/produkt\/schneidset-obstsalat-erzi\/\"]}]},{\"@type\":\"ImageObject\",\"inLanguage\":\"de-CH\",\"@id\":\"https:\/\/teiaeducation.ch\/de\/produkt\/schneidset-obstsalat-erzi\/#primaryimage\",\"url\":\"https:\/\/teiaeducation.ch\/wp-content\/uploads\/2020\/09\/Wooden-fruit-salad-cutting-set-Erzi.jpg\",\"contentUrl\":\"https:\/\/teiaeducation.ch\/wp-content\/uploads\/2020\/09\/Wooden-fruit-salad-cutting-set-Erzi.jpg\",\"width\":900,\"height\":900,\"caption\":\"Realistisches Holzspielzeug - Obstsalat Schneideset - Erzi\"},{\"@type\":\"BreadcrumbList\",\"@id\":\"https:\/\/teiaeducation.ch\/de\/produkt\/schneidset-obstsalat-erzi\/#breadcrumb\",\"itemListElement\":[{\"@type\":\"ListItem\",\"position\":1,\"name\":\"Home\",\"item\":\"https:\/\/teiaeducation.ch\/de\/\"},{\"@type\":\"ListItem\",\"position\":2,\"name\":\"Laden\",\"item\":\"https:\/\/teiaeducation.ch\/de\/shop\/\"},{\"@type\":\"ListItem\",\"position\":3,\"name\":\"Unsere Marken\",\"item\":\"https:\/\/teiaeducation.ch\/de\/produkt-kategorie\/unsere-marken\/\"},{\"@type\":\"ListItem\",\"position\":4,\"name\":\"Erzi\",\"item\":\"https:\/\/teiaeducation.ch\/de\/produkt-kategorie\/unsere-marken\/erzi-klassisches-holzspielzeug-de\/\"},{\"@type\":\"ListItem\",\"position\":5,\"name\":\"Lebensmittelladen, K\u00fcchen &amp; Zubeh\u00f6r\",\"item\":\"https:\/\/teiaeducation.ch\/de\/produkt-kategorie\/unsere-marken\/erzi-klassisches-holzspielzeug-de\/lebensmittelladen-kuechen-zubehoer\/\"},{\"@type\":\"ListItem\",\"position\":6,\"name\":\"Schneidset Obstsalat &#8211; Erzi\"}]},{\"@type\":\"WebSite\",\"@id\":\"https:\/\/teiaeducation.ch\/de\/#website\",\"url\":\"https:\/\/teiaeducation.ch\/de\/\",\"name\":\"Sustainable Educational Products &amp; Ecological Toys\u00a0\",\"description\":\"Specialised Swiss shop selling sustainable educational toys and games, AMI certified Montessori materials, handmade ecological wooden Waldorf toys and arts &amp; crafts supplies, school supplies, children&#039;s furniture and Montessori reference and parenting books.\",\"publisher\":{\"@id\":\"https:\/\/teiaeducation.ch\/de\/#organization\"},\"alternateName\":\"Teia Education & Play\",\"potentialAction\":[{\"@type\":\"SearchAction\",\"target\":{\"@type\":\"EntryPoint\",\"urlTemplate\":\"https:\/\/teiaeducation.ch\/de\/?s={search_term_string}\"},\"query-input\":{\"@type\":\"PropertyValueSpecification\",\"valueRequired\":true,\"valueName\":\"search_term_string\"}}],\"inLanguage\":\"de-CH\"},{\"@type\":\"Organization\",\"@id\":\"https:\/\/teiaeducation.ch\/de\/#organization\",\"name\":\"Teia Education & Play\",\"url\":\"https:\/\/teiaeducation.ch\/de\/\",\"logo\":{\"@type\":\"ImageObject\",\"inLanguage\":\"de-CH\",\"@id\":\"https:\/\/teiaeducation.ch\/de\/#\/schema\/logo\/image\/\",\"url\":\"https:\/\/teiaeducation.ch\/wp-content\/uploads\/2020\/11\/Teia-Education-Switzerland-e1620156442216.jpg\",\"contentUrl\":\"https:\/\/teiaeducation.ch\/wp-content\/uploads\/2020\/11\/Teia-Education-Switzerland-e1620156442216.jpg\",\"width\":166,\"height\":145,\"caption\":\"Teia Education & Play\"},\"image\":{\"@id\":\"https:\/\/teiaeducation.ch\/de\/#\/schema\/logo\/image\/\"},\"sameAs\":[\"https:\/\/www.facebook.com\/teiaeducation\/\",\"https:\/\/x.com\/EducationTeia\",\"https:\/\/www.instagram.com\/teia.education\/\",\"https:\/\/www.linkedin.com\/company\/35501660\",\"https:\/\/www.pinterest.ch\/TeiaEducation\/\"]}]}<\/script>\n<!-- \/ Yoast SEO plugin. -->","yoast_head_json":{"title":"Schneidset Obstsalat - Erzi - Teia Education & Play","description":"Mit diesem Schneidset Obstsalat aus Holz mit realistischem Holzspielzeug von Erzi haben Kinder viel Spa\u00df beim Schneiden und Hacken!","robots":{"index":"index","follow":"follow","max-snippet":"max-snippet:-1","max-image-preview":"max-image-preview:large","max-video-preview":"max-video-preview:-1"},"canonical":"https:\/\/teiaeducation.ch\/de\/produkt\/schneidset-obstsalat-erzi\/","og_locale":"de_DE","og_type":"article","og_title":"Schneidset Obstsalat - Erzi - Teia Education & Play","og_description":"Mit diesem Schneidset Obstsalat aus Holz mit realistischem Holzspielzeug von Erzi haben Kinder viel Spa\u00df beim Schneiden und Hacken!","og_url":"https:\/\/teiaeducation.ch\/de\/produkt\/schneidset-obstsalat-erzi\/","og_site_name":"Sustainable Educational Products &amp; Ecological Toys\u00a0","article_publisher":"https:\/\/www.facebook.com\/teiaeducation\/","article_modified_time":"2025-12-11T17:05:21+00:00","og_image":[{"width":900,"height":900,"url":"https:\/\/teiaeducation.ch\/wp-content\/uploads\/2020\/09\/Wooden-fruit-salad-cutting-set-Erzi.jpg","type":"image\/jpeg"}],"schema":{"@context":"https:\/\/schema.org","@graph":[{"@type":"WebPage","@id":"https:\/\/teiaeducation.ch\/de\/produkt\/schneidset-obstsalat-erzi\/","url":"https:\/\/teiaeducation.ch\/de\/produkt\/schneidset-obstsalat-erzi\/","name":"Schneidset Obstsalat - Erzi - Teia Education & Play","isPartOf":{"@id":"https:\/\/teiaeducation.ch\/de\/#website"},"primaryImageOfPage":{"@id":"https:\/\/teiaeducation.ch\/de\/produkt\/schneidset-obstsalat-erzi\/#primaryimage"},"image":{"@id":"https:\/\/teiaeducation.ch\/de\/produkt\/schneidset-obstsalat-erzi\/#primaryimage"},"thumbnailUrl":"https:\/\/teiaeducation.ch\/wp-content\/uploads\/2020\/09\/Wooden-fruit-salad-cutting-set-Erzi.jpg","datePublished":"2020-10-09T13:15:36+00:00","dateModified":"2025-12-11T17:05:21+00:00","description":"Mit diesem Schneidset Obstsalat aus Holz mit realistischem Holzspielzeug von Erzi haben Kinder viel Spa\u00df beim Schneiden und Hacken!","breadcrumb":{"@id":"https:\/\/teiaeducation.ch\/de\/produkt\/schneidset-obstsalat-erzi\/#breadcrumb"},"inLanguage":"de-CH","potentialAction":[{"@type":"ReadAction","target":["https:\/\/teiaeducation.ch\/de\/produkt\/schneidset-obstsalat-erzi\/"]}]},{"@type":"ImageObject","inLanguage":"de-CH","@id":"https:\/\/teiaeducation.ch\/de\/produkt\/schneidset-obstsalat-erzi\/#primaryimage","url":"https:\/\/teiaeducation.ch\/wp-content\/uploads\/2020\/09\/Wooden-fruit-salad-cutting-set-Erzi.jpg","contentUrl":"https:\/\/teiaeducation.ch\/wp-content\/uploads\/2020\/09\/Wooden-fruit-salad-cutting-set-Erzi.jpg","width":900,"height":900,"caption":"Realistisches Holzspielzeug - Obstsalat Schneideset - Erzi"},{"@type":"BreadcrumbList","@id":"https:\/\/teiaeducation.ch\/de\/produkt\/schneidset-obstsalat-erzi\/#breadcrumb","itemListElement":[{"@type":"ListItem","position":1,"name":"Home","item":"https:\/\/teiaeducation.ch\/de\/"},{"@type":"ListItem","position":2,"name":"Laden","item":"https:\/\/teiaeducation.ch\/de\/shop\/"},{"@type":"ListItem","position":3,"name":"Unsere Marken","item":"https:\/\/teiaeducation.ch\/de\/produkt-kategorie\/unsere-marken\/"},{"@type":"ListItem","position":4,"name":"Erzi","item":"https:\/\/teiaeducation.ch\/de\/produkt-kategorie\/unsere-marken\/erzi-klassisches-holzspielzeug-de\/"},{"@type":"ListItem","position":5,"name":"Lebensmittelladen, K\u00fcchen &amp; Zubeh\u00f6r","item":"https:\/\/teiaeducation.ch\/de\/produkt-kategorie\/unsere-marken\/erzi-klassisches-holzspielzeug-de\/lebensmittelladen-kuechen-zubehoer\/"},{"@type":"ListItem","position":6,"name":"Schneidset Obstsalat &#8211; Erzi"}]},{"@type":"WebSite","@id":"https:\/\/teiaeducation.ch\/de\/#website","url":"https:\/\/teiaeducation.ch\/de\/","name":"Sustainable Educational Products &amp; Ecological Toys\u00a0","description":"Specialised Swiss shop selling sustainable educational toys and games, AMI certified Montessori materials, handmade ecological wooden Waldorf toys and arts &amp; crafts supplies, school supplies, children&#039;s furniture and Montessori reference and parenting books.","publisher":{"@id":"https:\/\/teiaeducation.ch\/de\/#organization"},"alternateName":"Teia Education & Play","potentialAction":[{"@type":"SearchAction","target":{"@type":"EntryPoint","urlTemplate":"https:\/\/teiaeducation.ch\/de\/?s={search_term_string}"},"query-input":{"@type":"PropertyValueSpecification","valueRequired":true,"valueName":"search_term_string"}}],"inLanguage":"de-CH"},{"@type":"Organization","@id":"https:\/\/teiaeducation.ch\/de\/#organization","name":"Teia Education & Play","url":"https:\/\/teiaeducation.ch\/de\/","logo":{"@type":"ImageObject","inLanguage":"de-CH","@id":"https:\/\/teiaeducation.ch\/de\/#\/schema\/logo\/image\/","url":"https:\/\/teiaeducation.ch\/wp-content\/uploads\/2020\/11\/Teia-Education-Switzerland-e1620156442216.jpg","contentUrl":"https:\/\/teiaeducation.ch\/wp-content\/uploads\/2020\/11\/Teia-Education-Switzerland-e1620156442216.jpg","width":166,"height":145,"caption":"Teia Education & Play"},"image":{"@id":"https:\/\/teiaeducation.ch\/de\/#\/schema\/logo\/image\/"},"sameAs":["https:\/\/www.facebook.com\/teiaeducation\/","https:\/\/x.com\/EducationTeia","https:\/\/www.instagram.com\/teia.education\/","https:\/\/www.linkedin.com\/company\/35501660","https:\/\/www.pinterest.ch\/TeiaEducation\/"]}]}},"_links":{"self":[{"href":"https:\/\/teiaeducation.ch\/de\/wp-json\/wp\/v2\/product\/59532","targetHints":{"allow":["GET"]}}],"collection":[{"href":"https:\/\/teiaeducation.ch\/de\/wp-json\/wp\/v2\/product"}],"about":[{"href":"https:\/\/teiaeducation.ch\/de\/wp-json\/wp\/v2\/types\/product"}],"replies":[{"embeddable":true,"href":"https:\/\/teiaeducation.ch\/de\/wp-json\/wp\/v2\/comments?post=59532"}],"wp:featuredmedia":[{"embeddable":true,"href":"https:\/\/teiaeducation.ch\/de\/wp-json\/wp\/v2\/media\/59536"}],"wp:attachment":[{"href":"https:\/\/teiaeducation.ch\/de\/wp-json\/wp\/v2\/media?parent=59532"}],"wp:term":[{"taxonomy":"product_brand","embeddable":true,"href":"https:\/\/teiaeducation.ch\/de\/wp-json\/wp\/v2\/product_brand?post=59532"},{"taxonomy":"product_cat","embeddable":true,"href":"https:\/\/teiaeducation.ch\/de\/wp-json\/wp\/v2\/product_cat?post=59532"},{"taxonomy":"product_tag","embeddable":true,"href":"https:\/\/teiaeducation.ch\/de\/wp-json\/wp\/v2\/product_tag?post=59532"}],"curies":[{"name":"wp","href":"https:\/\/api.w.org\/{rel}","templated":true}]}}