{"id":59554,"date":"2020-10-06T21:36:59","date_gmt":"2020-10-06T19:36:59","guid":{"rendered":"https:\/\/teiaeducation.ch\/product\/sortiment-suessigkeiten-klein-erzi\/"},"modified":"2025-12-11T17:55:30","modified_gmt":"2025-12-11T16:55:30","slug":"sortiment-suessigkeiten-klein-erzi","status":"publish","type":"product","link":"https:\/\/teiaeducation.ch\/de\/produkt\/sortiment-suessigkeiten-klein-erzi\/","title":{"rendered":"Sortiment S\u00fc\u00dfigkeiten, klein &#8211; Erzi"},"content":{"rendered":"<p>Dieses sch\u00f6ne h\u00f6lzerne S\u00fc\u00dfigkeiten-Set &#8220;kleine sortierte S\u00fc\u00dfigkeiten&#8221; von Erzi enth\u00e4lt realistische h\u00f6lzerne Spielnahrung von h\u00f6chster Qualit\u00e4t, einschlie\u00dflich 1 rosa Mini-Milch, 1 Erdbeer-Cornetto-Eis, 1 Scheibe Sahne-Rolle, 1 Schokoladen-Marshmallow, 1 Schokoladen-Teddyb\u00e4r-Keks und eine h\u00fcbsche kleine Holzkiste, um sie darin zu pr\u00e4sentieren. Die perfekten s\u00fc\u00dfen Leckereien f\u00fcr das <a href=\"https:\/\/teiaeducation.ch\/de\/produkt-kategorie\/kinder-spielzeug\/phantasievoll-rollenspiel\/\">Rollenspiel<\/a> im Spielwarenladen oder in der K\u00fcche Ihres Kindes!<\/p>\n<p>Das Erzi Sortiment S\u00fc\u00dfigkeiten, klein wird in Deutschland aus Buchenholz hergestellt und mit sicheren, ungiftigen Farben auf Wasserbasis lackiert. Es ist f\u00fcr Kinder ab 3 Jahren geeignet.<\/p>\n<p>Das umfangreiche Erzi-Sortiment tr\u00e4gt das unverwechselbare G\u00fctesiegel &#8220;made in Germany&#8221;, denn es stammt aus dem Erzgebirge.<\/p>\n<p><a href=\"https:\/\/teiaeducation.ch\/de\/produkt-kategorie\/unsere-marken\/erzi-klassisches-holzspielzeug-de\/\">Erzi<\/a> verwendet f\u00fcr die Herstellung seiner Spielzeuge Holz aus der Region, das mit dem FSC-Siegel (Forest Stewardship Council) zertifiziert und verbessert wurde. Alle Oberfl\u00e4chenbehandlungen wie Farben und Lacke auf Wasserbasis sind ungiftig und jedes Erzi Produkt entspricht den h\u00f6chsten Sicherheitsstandards f\u00fcr Spielzeug. Die hochwertigen Erzi <a href=\"https:\/\/teiaeducation.ch\/de\/produkt-kategorie\/kinder-spielzeug\/handgefertigtes-holzspielzeug\/\">Holzspielzeuge<\/a> und <a href=\"https:\/\/teiaeducation.ch\/de\/produkt-kategorie\/lernthemen\/\">Lernprodukt<\/a>e zeichnen sich durch eine gro\u00dfe Vielfalt an nat\u00fcrlichen <a href=\"https:\/\/teiaeducation.ch\/de\/produkt-kategorie\/lernthemen\/mathematik-rechnen\/formen\/\">Formen<\/a> und <a href=\"https:\/\/teiaeducation.ch\/de\/produkt-kategorie\/lernthemen\/sensorische-motorische-fertigkeiten\/farbe-lernen\/\">Farben<\/a> aus und sind langlebig und nachhaltig.<\/p>\n<p>Inhalt:<\/p>\n<p>6 Holzteile &#8211; 1 Kiste und 5 Spiellebensmittel.<\/p>\n","protected":false},"excerpt":{"rendered":"<p>Artikelnummer: 28235<\/p>\n<p>Dieses sch\u00f6ne h\u00f6lzerne S\u00fc\u00dfwaren-Set von Erzi besteht aus realistischen Holzspielzeug von h\u00f6chster Qualit\u00e4t und ist die perfekte s\u00fc\u00dfe Leckerei f\u00fcr den Spielladen oder die K\u00fcche Ihres Kindes!<\/p>\n","protected":false},"featured_media":59555,"comment_status":"open","ping_status":"closed","template":"","meta":[],"product_brand":[],"product_cat":[21445,21622,23075,21623,21443,21563,21687,21693,21678,21564],"product_tag":[28310,28233,23134,27326,21887,23139,23135,23136,23137,23138,21886,28395,21885,28370,28396,28275,28397,28374,28398,28371,28273,28373,28372],"class_list":{"0":"post-59554","1":"product","2":"type-product","3":"status-publish","4":"has-post-thumbnail","6":"product_cat-3-6-jahre-vorschule","7":"product_cat-erzi-klassisches-holzspielzeug-de","8":"product_cat-handgefertigtes-holzspielzeug","9":"product_cat-lebensmittelladen-kuechen-zubehoer","10":"product_cat-nach-alter","11":"product_cat-neuheiten","12":"product_cat-phantasievoll-rollenspiel","13":"product_cat-realistisches-lebensmittel-aus-holz","14":"product_cat-kinder-spielzeug","15":"product_cat-unsere-marken","16":"product_tag-erzi-eiscreme","17":"product_tag-erzi-holzspielzeug","18":"product_tag-erzi-laden","19":"product_tag-erzi-lebensmittel-aus-holz","20":"product_tag-erzi-schweiz-de","21":"product_tag-erzi-spielwaren","22":"product_tag-erzi-spielzeug-de","23":"product_tag-erzi-spielzeug-aus-holz","24":"product_tag-erzi-spielzeug-schweiz-de","25":"product_tag-erzi-spielzeug-shop-schweiz","26":"product_tag-erzi-suisse-de","27":"product_tag-erzi-susigkeiten","28":"product_tag-erzi-switzerland-de","29":"product_tag-erzi-vorgeben-spielen","30":"product_tag-erzi-konditorei","31":"product_tag-erzi-spielfutter","32":"product_tag-erzi-torten","33":"product_tag-geschaft-fur-vorgetauschtes-spiel","34":"product_tag-holzerne-torten","35":"product_tag-spielfutter","36":"product_tag-spielfutter-aus-holz","37":"product_tag-vorgetauschte-spielkuche","38":"product_tag-vorgetauschtes-spielcafe","40":"first","41":"instock","42":"taxable","43":"shipping-taxable","44":"purchasable","45":"product-type-simple"},"yoast_head":"<!-- This site is optimized with the Yoast SEO plugin v27.3 - https:\/\/yoast.com\/product\/yoast-seo-wordpress\/ -->\n<title>Sortiment S\u00fc\u00dfigkeiten, klein - Erzi - Teia Education &amp; Play<\/title>\n<meta name=\"description\" content=\"Das Erzi Sortiment S\u00fc\u00dfigkeiten, klein bietet hochwertiges, realistisches Spielfutter aus Holz f\u00fcr den Spielladen oder die K\u00fcche Ihres Kindes.\" \/>\n<meta name=\"robots\" content=\"index, follow, max-snippet:-1, max-image-preview:large, max-video-preview:-1\" \/>\n<link rel=\"canonical\" href=\"https:\/\/teiaeducation.ch\/de\/produkt\/sortiment-suessigkeiten-klein-erzi\/\" \/>\n<meta property=\"og:locale\" content=\"de_DE\" \/>\n<meta property=\"og:type\" content=\"article\" \/>\n<meta property=\"og:title\" content=\"Sortiment S\u00fc\u00dfigkeiten, klein - Erzi - Teia Education &amp; Play\" \/>\n<meta property=\"og:description\" content=\"Das Erzi Sortiment S\u00fc\u00dfigkeiten, klein bietet hochwertiges, realistisches Spielfutter aus Holz f\u00fcr den Spielladen oder die K\u00fcche Ihres Kindes.\" \/>\n<meta property=\"og:url\" content=\"https:\/\/teiaeducation.ch\/de\/produkt\/sortiment-suessigkeiten-klein-erzi\/\" \/>\n<meta property=\"og:site_name\" content=\"Sustainable Educational Products &amp; Ecological Toys\u00a0\" \/>\n<meta property=\"article:publisher\" content=\"https:\/\/www.facebook.com\/teiaeducation\/\" \/>\n<meta property=\"article:modified_time\" content=\"2025-12-11T16:55:30+00:00\" \/>\n<meta property=\"og:image\" content=\"https:\/\/teiaeducation.ch\/wp-content\/uploads\/2020\/09\/Wooden-small-assorted-candies-Erzi-scaled.jpg\" \/>\n\t<meta property=\"og:image:width\" content=\"900\" \/>\n\t<meta property=\"og:image:height\" content=\"900\" \/>\n\t<meta property=\"og:image:type\" content=\"image\/jpeg\" \/>\n<script type=\"application\/ld+json\" class=\"yoast-schema-graph\">{\"@context\":\"https:\\\/\\\/schema.org\",\"@graph\":[{\"@type\":\"WebPage\",\"@id\":\"https:\\\/\\\/teiaeducation.ch\\\/de\\\/produkt\\\/sortiment-suessigkeiten-klein-erzi\\\/\",\"url\":\"https:\\\/\\\/teiaeducation.ch\\\/de\\\/produkt\\\/sortiment-suessigkeiten-klein-erzi\\\/\",\"name\":\"Sortiment S\u00fc\u00dfigkeiten, klein - Erzi - Teia Education & Play\",\"isPartOf\":{\"@id\":\"https:\\\/\\\/teiaeducation.ch\\\/de\\\/#website\"},\"primaryImageOfPage\":{\"@id\":\"https:\\\/\\\/teiaeducation.ch\\\/de\\\/produkt\\\/sortiment-suessigkeiten-klein-erzi\\\/#primaryimage\"},\"image\":{\"@id\":\"https:\\\/\\\/teiaeducation.ch\\\/de\\\/produkt\\\/sortiment-suessigkeiten-klein-erzi\\\/#primaryimage\"},\"thumbnailUrl\":\"https:\\\/\\\/teiaeducation.ch\\\/wp-content\\\/uploads\\\/2020\\\/09\\\/Wooden-small-assorted-candies-Erzi-scaled.jpg\",\"datePublished\":\"2020-10-06T19:36:59+00:00\",\"dateModified\":\"2025-12-11T16:55:30+00:00\",\"description\":\"Das Erzi Sortiment S\u00fc\u00dfigkeiten, klein bietet hochwertiges, realistisches Spielfutter aus Holz f\u00fcr den Spielladen oder die K\u00fcche Ihres Kindes.\",\"breadcrumb\":{\"@id\":\"https:\\\/\\\/teiaeducation.ch\\\/de\\\/produkt\\\/sortiment-suessigkeiten-klein-erzi\\\/#breadcrumb\"},\"inLanguage\":\"de-CH\",\"potentialAction\":[{\"@type\":\"ReadAction\",\"target\":[\"https:\\\/\\\/teiaeducation.ch\\\/de\\\/produkt\\\/sortiment-suessigkeiten-klein-erzi\\\/\"]}]},{\"@type\":\"ImageObject\",\"inLanguage\":\"de-CH\",\"@id\":\"https:\\\/\\\/teiaeducation.ch\\\/de\\\/produkt\\\/sortiment-suessigkeiten-klein-erzi\\\/#primaryimage\",\"url\":\"https:\\\/\\\/teiaeducation.ch\\\/wp-content\\\/uploads\\\/2020\\\/09\\\/Wooden-small-assorted-candies-Erzi-scaled.jpg\",\"contentUrl\":\"https:\\\/\\\/teiaeducation.ch\\\/wp-content\\\/uploads\\\/2020\\\/09\\\/Wooden-small-assorted-candies-Erzi-scaled.jpg\",\"width\":900,\"height\":900,\"caption\":\"Holzspielzeug kleine sortierte S\u00fc\u00dfigkeiten - Erzi\"},{\"@type\":\"BreadcrumbList\",\"@id\":\"https:\\\/\\\/teiaeducation.ch\\\/de\\\/produkt\\\/sortiment-suessigkeiten-klein-erzi\\\/#breadcrumb\",\"itemListElement\":[{\"@type\":\"ListItem\",\"position\":1,\"name\":\"Home\",\"item\":\"https:\\\/\\\/teiaeducation.ch\\\/de\\\/\"},{\"@type\":\"ListItem\",\"position\":2,\"name\":\"Laden\",\"item\":\"https:\\\/\\\/teiaeducation.ch\\\/de\\\/shop\\\/\"},{\"@type\":\"ListItem\",\"position\":3,\"name\":\"Unsere Marken\",\"item\":\"https:\\\/\\\/teiaeducation.ch\\\/de\\\/produkt-kategorie\\\/unsere-marken\\\/\"},{\"@type\":\"ListItem\",\"position\":4,\"name\":\"Erzi\",\"item\":\"https:\\\/\\\/teiaeducation.ch\\\/de\\\/produkt-kategorie\\\/unsere-marken\\\/erzi-klassisches-holzspielzeug-de\\\/\"},{\"@type\":\"ListItem\",\"position\":5,\"name\":\"Lebensmittelladen, K\u00fcchen &amp; Zubeh\u00f6r\",\"item\":\"https:\\\/\\\/teiaeducation.ch\\\/de\\\/produkt-kategorie\\\/unsere-marken\\\/erzi-klassisches-holzspielzeug-de\\\/lebensmittelladen-kuechen-zubehoer\\\/\"},{\"@type\":\"ListItem\",\"position\":6,\"name\":\"Sortiment S\u00fc\u00dfigkeiten, klein &#8211; Erzi\"}]},{\"@type\":\"WebSite\",\"@id\":\"https:\\\/\\\/teiaeducation.ch\\\/de\\\/#website\",\"url\":\"https:\\\/\\\/teiaeducation.ch\\\/de\\\/\",\"name\":\"Sustainable Educational Products &amp; Ecological Toys\u00a0\",\"description\":\"Specialised Swiss shop selling sustainable educational toys and games, AMI certified Montessori materials, handmade ecological wooden Waldorf toys and arts &amp; crafts supplies, school supplies, children&#039;s furniture and Montessori reference and parenting books.\",\"publisher\":{\"@id\":\"https:\\\/\\\/teiaeducation.ch\\\/de\\\/#organization\"},\"alternateName\":\"Teia Education & Play\",\"potentialAction\":[{\"@type\":\"SearchAction\",\"target\":{\"@type\":\"EntryPoint\",\"urlTemplate\":\"https:\\\/\\\/teiaeducation.ch\\\/de\\\/?s={search_term_string}\"},\"query-input\":{\"@type\":\"PropertyValueSpecification\",\"valueRequired\":true,\"valueName\":\"search_term_string\"}}],\"inLanguage\":\"de-CH\"},{\"@type\":\"Organization\",\"@id\":\"https:\\\/\\\/teiaeducation.ch\\\/de\\\/#organization\",\"name\":\"Teia Education & Play\",\"url\":\"https:\\\/\\\/teiaeducation.ch\\\/de\\\/\",\"logo\":{\"@type\":\"ImageObject\",\"inLanguage\":\"de-CH\",\"@id\":\"https:\\\/\\\/teiaeducation.ch\\\/de\\\/#\\\/schema\\\/logo\\\/image\\\/\",\"url\":\"https:\\\/\\\/teiaeducation.ch\\\/wp-content\\\/uploads\\\/2020\\\/11\\\/Teia-Education-Switzerland-e1620156442216.jpg\",\"contentUrl\":\"https:\\\/\\\/teiaeducation.ch\\\/wp-content\\\/uploads\\\/2020\\\/11\\\/Teia-Education-Switzerland-e1620156442216.jpg\",\"width\":166,\"height\":145,\"caption\":\"Teia Education & Play\"},\"image\":{\"@id\":\"https:\\\/\\\/teiaeducation.ch\\\/de\\\/#\\\/schema\\\/logo\\\/image\\\/\"},\"sameAs\":[\"https:\\\/\\\/www.facebook.com\\\/teiaeducation\\\/\",\"https:\\\/\\\/x.com\\\/EducationTeia\",\"https:\\\/\\\/www.instagram.com\\\/teia.education\\\/\",\"https:\\\/\\\/www.linkedin.com\\\/company\\\/35501660\",\"https:\\\/\\\/www.pinterest.ch\\\/TeiaEducation\\\/\"]}]}<\/script>\n<!-- \/ Yoast SEO plugin. -->","yoast_head_json":{"title":"Sortiment S\u00fc\u00dfigkeiten, klein - Erzi - Teia Education & Play","description":"Das Erzi Sortiment S\u00fc\u00dfigkeiten, klein bietet hochwertiges, realistisches Spielfutter aus Holz f\u00fcr den Spielladen oder die K\u00fcche Ihres Kindes.","robots":{"index":"index","follow":"follow","max-snippet":"max-snippet:-1","max-image-preview":"max-image-preview:large","max-video-preview":"max-video-preview:-1"},"canonical":"https:\/\/teiaeducation.ch\/de\/produkt\/sortiment-suessigkeiten-klein-erzi\/","og_locale":"de_DE","og_type":"article","og_title":"Sortiment S\u00fc\u00dfigkeiten, klein - Erzi - Teia Education & Play","og_description":"Das Erzi Sortiment S\u00fc\u00dfigkeiten, klein bietet hochwertiges, realistisches Spielfutter aus Holz f\u00fcr den Spielladen oder die K\u00fcche Ihres Kindes.","og_url":"https:\/\/teiaeducation.ch\/de\/produkt\/sortiment-suessigkeiten-klein-erzi\/","og_site_name":"Sustainable Educational Products &amp; Ecological Toys\u00a0","article_publisher":"https:\/\/www.facebook.com\/teiaeducation\/","article_modified_time":"2025-12-11T16:55:30+00:00","og_image":[{"width":900,"height":900,"url":"https:\/\/teiaeducation.ch\/wp-content\/uploads\/2020\/09\/Wooden-small-assorted-candies-Erzi-scaled.jpg","type":"image\/jpeg"}],"schema":{"@context":"https:\/\/schema.org","@graph":[{"@type":"WebPage","@id":"https:\/\/teiaeducation.ch\/de\/produkt\/sortiment-suessigkeiten-klein-erzi\/","url":"https:\/\/teiaeducation.ch\/de\/produkt\/sortiment-suessigkeiten-klein-erzi\/","name":"Sortiment S\u00fc\u00dfigkeiten, klein - Erzi - Teia Education & Play","isPartOf":{"@id":"https:\/\/teiaeducation.ch\/de\/#website"},"primaryImageOfPage":{"@id":"https:\/\/teiaeducation.ch\/de\/produkt\/sortiment-suessigkeiten-klein-erzi\/#primaryimage"},"image":{"@id":"https:\/\/teiaeducation.ch\/de\/produkt\/sortiment-suessigkeiten-klein-erzi\/#primaryimage"},"thumbnailUrl":"https:\/\/teiaeducation.ch\/wp-content\/uploads\/2020\/09\/Wooden-small-assorted-candies-Erzi-scaled.jpg","datePublished":"2020-10-06T19:36:59+00:00","dateModified":"2025-12-11T16:55:30+00:00","description":"Das Erzi Sortiment S\u00fc\u00dfigkeiten, klein bietet hochwertiges, realistisches Spielfutter aus Holz f\u00fcr den Spielladen oder die K\u00fcche Ihres Kindes.","breadcrumb":{"@id":"https:\/\/teiaeducation.ch\/de\/produkt\/sortiment-suessigkeiten-klein-erzi\/#breadcrumb"},"inLanguage":"de-CH","potentialAction":[{"@type":"ReadAction","target":["https:\/\/teiaeducation.ch\/de\/produkt\/sortiment-suessigkeiten-klein-erzi\/"]}]},{"@type":"ImageObject","inLanguage":"de-CH","@id":"https:\/\/teiaeducation.ch\/de\/produkt\/sortiment-suessigkeiten-klein-erzi\/#primaryimage","url":"https:\/\/teiaeducation.ch\/wp-content\/uploads\/2020\/09\/Wooden-small-assorted-candies-Erzi-scaled.jpg","contentUrl":"https:\/\/teiaeducation.ch\/wp-content\/uploads\/2020\/09\/Wooden-small-assorted-candies-Erzi-scaled.jpg","width":900,"height":900,"caption":"Holzspielzeug kleine sortierte S\u00fc\u00dfigkeiten - Erzi"},{"@type":"BreadcrumbList","@id":"https:\/\/teiaeducation.ch\/de\/produkt\/sortiment-suessigkeiten-klein-erzi\/#breadcrumb","itemListElement":[{"@type":"ListItem","position":1,"name":"Home","item":"https:\/\/teiaeducation.ch\/de\/"},{"@type":"ListItem","position":2,"name":"Laden","item":"https:\/\/teiaeducation.ch\/de\/shop\/"},{"@type":"ListItem","position":3,"name":"Unsere Marken","item":"https:\/\/teiaeducation.ch\/de\/produkt-kategorie\/unsere-marken\/"},{"@type":"ListItem","position":4,"name":"Erzi","item":"https:\/\/teiaeducation.ch\/de\/produkt-kategorie\/unsere-marken\/erzi-klassisches-holzspielzeug-de\/"},{"@type":"ListItem","position":5,"name":"Lebensmittelladen, K\u00fcchen &amp; Zubeh\u00f6r","item":"https:\/\/teiaeducation.ch\/de\/produkt-kategorie\/unsere-marken\/erzi-klassisches-holzspielzeug-de\/lebensmittelladen-kuechen-zubehoer\/"},{"@type":"ListItem","position":6,"name":"Sortiment S\u00fc\u00dfigkeiten, klein &#8211; Erzi"}]},{"@type":"WebSite","@id":"https:\/\/teiaeducation.ch\/de\/#website","url":"https:\/\/teiaeducation.ch\/de\/","name":"Sustainable Educational Products &amp; Ecological Toys\u00a0","description":"Specialised Swiss shop selling sustainable educational toys and games, AMI certified Montessori materials, handmade ecological wooden Waldorf toys and arts &amp; crafts supplies, school supplies, children&#039;s furniture and Montessori reference and parenting books.","publisher":{"@id":"https:\/\/teiaeducation.ch\/de\/#organization"},"alternateName":"Teia Education & Play","potentialAction":[{"@type":"SearchAction","target":{"@type":"EntryPoint","urlTemplate":"https:\/\/teiaeducation.ch\/de\/?s={search_term_string}"},"query-input":{"@type":"PropertyValueSpecification","valueRequired":true,"valueName":"search_term_string"}}],"inLanguage":"de-CH"},{"@type":"Organization","@id":"https:\/\/teiaeducation.ch\/de\/#organization","name":"Teia Education & Play","url":"https:\/\/teiaeducation.ch\/de\/","logo":{"@type":"ImageObject","inLanguage":"de-CH","@id":"https:\/\/teiaeducation.ch\/de\/#\/schema\/logo\/image\/","url":"https:\/\/teiaeducation.ch\/wp-content\/uploads\/2020\/11\/Teia-Education-Switzerland-e1620156442216.jpg","contentUrl":"https:\/\/teiaeducation.ch\/wp-content\/uploads\/2020\/11\/Teia-Education-Switzerland-e1620156442216.jpg","width":166,"height":145,"caption":"Teia Education & Play"},"image":{"@id":"https:\/\/teiaeducation.ch\/de\/#\/schema\/logo\/image\/"},"sameAs":["https:\/\/www.facebook.com\/teiaeducation\/","https:\/\/x.com\/EducationTeia","https:\/\/www.instagram.com\/teia.education\/","https:\/\/www.linkedin.com\/company\/35501660","https:\/\/www.pinterest.ch\/TeiaEducation\/"]}]}},"_links":{"self":[{"href":"https:\/\/teiaeducation.ch\/de\/wp-json\/wp\/v2\/product\/59554","targetHints":{"allow":["GET"]}}],"collection":[{"href":"https:\/\/teiaeducation.ch\/de\/wp-json\/wp\/v2\/product"}],"about":[{"href":"https:\/\/teiaeducation.ch\/de\/wp-json\/wp\/v2\/types\/product"}],"replies":[{"embeddable":true,"href":"https:\/\/teiaeducation.ch\/de\/wp-json\/wp\/v2\/comments?post=59554"}],"wp:featuredmedia":[{"embeddable":true,"href":"https:\/\/teiaeducation.ch\/de\/wp-json\/wp\/v2\/media\/59555"}],"wp:attachment":[{"href":"https:\/\/teiaeducation.ch\/de\/wp-json\/wp\/v2\/media?parent=59554"}],"wp:term":[{"taxonomy":"product_brand","embeddable":true,"href":"https:\/\/teiaeducation.ch\/de\/wp-json\/wp\/v2\/product_brand?post=59554"},{"taxonomy":"product_cat","embeddable":true,"href":"https:\/\/teiaeducation.ch\/de\/wp-json\/wp\/v2\/product_cat?post=59554"},{"taxonomy":"product_tag","embeddable":true,"href":"https:\/\/teiaeducation.ch\/de\/wp-json\/wp\/v2\/product_tag?post=59554"}],"curies":[{"name":"wp","href":"https:\/\/api.w.org\/{rel}","templated":true}]}}