{"id":59621,"date":"2020-09-23T17:11:12","date_gmt":"2020-09-23T15:11:12","guid":{"rendered":"https:\/\/teiaeducation.ch\/product\/kochset-natur-erzi\/"},"modified":"2024-09-30T07:45:45","modified_gmt":"2024-09-30T05:45:45","slug":"kochset-natur-erzi","status":"publish","type":"product","link":"https:\/\/teiaeducation.ch\/de\/produkt\/kochset-natur-erzi\/","title":{"rendered":"Kochset natur &#8211; Erzi"},"content":{"rendered":"<p>Dieses h\u00fcbsche Erzi Kochset natur hat die perfekte Gr\u00f6\u00dfe f\u00fcr das <a href=\"https:\/\/teiaeducation.ch\/product-category\/play\/imaginative-role-play\/\">vorget\u00e4uschtes<\/a> Spiel in der K\u00fcche Ihres Kindes! Das Set besteht aus einem gro\u00dfen Kochtopf mit Deckel, einem kleinen Kochtopf mit Deckel, einer Bratpfanne sowie einer gro\u00dfen und einer kleinen Sch\u00fcssel. Alle Teile sind sch\u00f6n geformt und haben eine ansprechende nat\u00fcrliche Oberfl\u00e4che mit dekorativen farbigen Akzenten.<\/p>\n<p>Hergestellt in Deutschland aus Buchenholz mit nat\u00fcrlicher Oberfl\u00e4che und sicherem, ungiftigem Lack auf Wasserbasis.<\/p>\n<p>Das umfangreiche Erzi-Sortiment tr\u00e4gt das unverwechselbare G\u00fctesiegel &#8220;made in Germany&#8221;, denn es stammt aus dem Erzgebirge.<\/p>\n<p><a href=\"https:\/\/teiaeducation.ch\/product-category\/brands\/erzi\/\">Erzi<\/a> verwendet f\u00fcr die Herstellung seiner Spielzeuge Holz aus der Region, das mit dem <a href=\"https:\/\/fsc.org\/en\">FSC<\/a>-Siegel (Forest Stewardship Council) zertifiziert und verbessert wurde. Alle Oberfl\u00e4chenbehandlungen wie Farben und Lacke auf Wasserbasis sind ungiftig und jedes Erzi Produkt entspricht den h\u00f6chsten Sicherheitsstandards f\u00fcr Spielzeug. Die hochwertigen <a href=\"https:\/\/teiaeducation.ch\/product-category\/hgh-quality-toys-play\/handmade-wooden-toys\/\">Holzspielzeuge<\/a> und <a href=\"https:\/\/teiaeducation.ch\/product-category\/learning-themes\/\">Lernprodukte<\/a> von Erzi zeichnen sich durch eine gro\u00dfe Vielfalt an nat\u00fcrlichen <a href=\"https:\/\/teiaeducation.ch\/product-category\/learning-themes\/mathematics-numeracy\/shapes\/\">Formen<\/a> und <a href=\"https:\/\/teiaeducation.ch\/product-category\/learning-themes\/sensory-motor-skills\/learning-about-colour\/\">Farben<\/a> aus und sind langlebig und nachhaltig.<\/p>\n<p>Das Erzi Kochset natur ist f\u00fcr Kinder ab 3 Jahren geeignet.<\/p>\n<p>Inhalt:<\/p>\n<p>3 Holzpfannen<br \/>\n2 Deckel aus Holz<br \/>\n2 Schalen aus Holz<\/p>\n","protected":false},"excerpt":{"rendered":"<p>Artikelnummer: 10659<\/p>\n<p>Dieses h\u00fcbsche Erzi Kochset natur hat die perfekte Gr\u00f6\u00dfe f\u00fcr das Rollenspiel in der K\u00fcche oder im Caf\u00e9 Ihres Kindes.<\/p>\n","protected":false},"featured_media":59622,"comment_status":"open","ping_status":"closed","template":"","meta":[],"product_brand":[],"product_cat":[21445,21446,21622,23075,21623,21443,21563,21687,21678,21564],"product_tag":[28261,28260,28462,28233,28461,28459,28460,21887,23139,23135,23136,23137,23138,21886,21885,24315,28131,26515,28465,22676,28272,28464,25203,28463],"class_list":{"0":"post-59621","1":"product","2":"type-product","3":"status-publish","4":"has-post-thumbnail","6":"product_cat-3-6-jahre-vorschule","7":"product_cat-6-12-jahre-grundschule","8":"product_cat-erzi-klassisches-holzspielzeug-de","9":"product_cat-handgefertigtes-holzspielzeug","10":"product_cat-lebensmittelladen-kuechen-zubehoer","11":"product_cat-nach-alter","12":"product_cat-neuheiten","13":"product_cat-phantasievoll-rollenspiel","14":"product_cat-kinder-spielzeug","15":"product_cat-unsere-marken","16":"product_tag-deutsche-spielzeuge","17":"product_tag-deutsches-holzspielzeug","18":"product_tag-erzi-holzpfannen","19":"product_tag-erzi-holzspielzeug","20":"product_tag-erzi-kochset-de","21":"product_tag-erzi-kochset","22":"product_tag-erzi-kochset-natur","23":"product_tag-erzi-schweiz-de","24":"product_tag-erzi-spielwaren","25":"product_tag-erzi-spielzeug-de","26":"product_tag-erzi-spielzeug-aus-holz","27":"product_tag-erzi-spielzeug-schweiz-de","28":"product_tag-erzi-spielzeug-shop-schweiz","29":"product_tag-erzi-suisse-de","30":"product_tag-erzi-switzerland-de","31":"product_tag-holzspielzeug","32":"product_tag-holzspielzeug-hergestellt-in-deutschland","33":"product_tag-lernspielzeug","34":"product_tag-pfannen-fur-die-spielkuche","35":"product_tag-rollenspielzeug","36":"product_tag-spielkuche-aus-holz","37":"product_tag-spielkuche-holzpfannen","38":"product_tag-spielzeug-made-in-germany","39":"product_tag-topfe-und-pfannen-aus-holz","41":"first","42":"instock","43":"taxable","44":"shipping-taxable","45":"purchasable","46":"product-type-simple"},"yoast_head":"<!-- This site is optimized with the Yoast SEO plugin v27.3 - https:\/\/yoast.com\/product\/yoast-seo-wordpress\/ -->\n<title>Kochset natur - Erzi - Teia Education &amp; Play<\/title>\n<meta name=\"description\" content=\"Die Erzi Kochset natur Pfannen und Sch\u00fcsseln sind perfekt f\u00fcr das Rollenspiel in der Kinderk\u00fcche und ab 3 Jahren geeignet.\" \/>\n<meta name=\"robots\" content=\"index, follow, max-snippet:-1, max-image-preview:large, max-video-preview:-1\" \/>\n<link rel=\"canonical\" href=\"https:\/\/teiaeducation.ch\/de\/produkt\/kochset-natur-erzi\/\" \/>\n<meta property=\"og:locale\" content=\"de_DE\" \/>\n<meta property=\"og:type\" content=\"article\" \/>\n<meta property=\"og:title\" content=\"Kochset natur - Erzi - Teia Education &amp; Play\" \/>\n<meta property=\"og:description\" content=\"Die Erzi Kochset natur Pfannen und Sch\u00fcsseln sind perfekt f\u00fcr das Rollenspiel in der Kinderk\u00fcche und ab 3 Jahren geeignet.\" \/>\n<meta property=\"og:url\" content=\"https:\/\/teiaeducation.ch\/de\/produkt\/kochset-natur-erzi\/\" \/>\n<meta property=\"og:site_name\" content=\"Sustainable Educational Products &amp; Ecological Toys\u00a0\" \/>\n<meta property=\"article:publisher\" content=\"https:\/\/www.facebook.com\/teiaeducation\/\" \/>\n<meta property=\"article:modified_time\" content=\"2024-09-30T05:45:45+00:00\" \/>\n<meta property=\"og:image\" content=\"https:\/\/teiaeducation.ch\/wp-content\/uploads\/2020\/09\/Wooden-cooking-set-nature-Erzi-scaled.jpg\" \/>\n\t<meta property=\"og:image:width\" content=\"900\" \/>\n\t<meta property=\"og:image:height\" content=\"900\" \/>\n\t<meta property=\"og:image:type\" content=\"image\/jpeg\" \/>\n<script type=\"application\/ld+json\" class=\"yoast-schema-graph\">{\"@context\":\"https:\\\/\\\/schema.org\",\"@graph\":[{\"@type\":\"WebPage\",\"@id\":\"https:\\\/\\\/teiaeducation.ch\\\/de\\\/produkt\\\/kochset-natur-erzi\\\/\",\"url\":\"https:\\\/\\\/teiaeducation.ch\\\/de\\\/produkt\\\/kochset-natur-erzi\\\/\",\"name\":\"Kochset natur - Erzi - Teia Education & Play\",\"isPartOf\":{\"@id\":\"https:\\\/\\\/teiaeducation.ch\\\/de\\\/#website\"},\"primaryImageOfPage\":{\"@id\":\"https:\\\/\\\/teiaeducation.ch\\\/de\\\/produkt\\\/kochset-natur-erzi\\\/#primaryimage\"},\"image\":{\"@id\":\"https:\\\/\\\/teiaeducation.ch\\\/de\\\/produkt\\\/kochset-natur-erzi\\\/#primaryimage\"},\"thumbnailUrl\":\"https:\\\/\\\/teiaeducation.ch\\\/wp-content\\\/uploads\\\/2020\\\/09\\\/Wooden-cooking-set-nature-Erzi-scaled.jpg\",\"datePublished\":\"2020-09-23T15:11:12+00:00\",\"dateModified\":\"2024-09-30T05:45:45+00:00\",\"description\":\"Die Erzi Kochset natur Pfannen und Sch\u00fcsseln sind perfekt f\u00fcr das Rollenspiel in der Kinderk\u00fcche und ab 3 Jahren geeignet.\",\"breadcrumb\":{\"@id\":\"https:\\\/\\\/teiaeducation.ch\\\/de\\\/produkt\\\/kochset-natur-erzi\\\/#breadcrumb\"},\"inLanguage\":\"de-CH\",\"potentialAction\":[{\"@type\":\"ReadAction\",\"target\":[\"https:\\\/\\\/teiaeducation.ch\\\/de\\\/produkt\\\/kochset-natur-erzi\\\/\"]}]},{\"@type\":\"ImageObject\",\"inLanguage\":\"de-CH\",\"@id\":\"https:\\\/\\\/teiaeducation.ch\\\/de\\\/produkt\\\/kochset-natur-erzi\\\/#primaryimage\",\"url\":\"https:\\\/\\\/teiaeducation.ch\\\/wp-content\\\/uploads\\\/2020\\\/09\\\/Wooden-cooking-set-nature-Erzi-scaled.jpg\",\"contentUrl\":\"https:\\\/\\\/teiaeducation.ch\\\/wp-content\\\/uploads\\\/2020\\\/09\\\/Wooden-cooking-set-nature-Erzi-scaled.jpg\",\"width\":900,\"height\":900,\"caption\":\"Kochset natur - Erzi\"},{\"@type\":\"BreadcrumbList\",\"@id\":\"https:\\\/\\\/teiaeducation.ch\\\/de\\\/produkt\\\/kochset-natur-erzi\\\/#breadcrumb\",\"itemListElement\":[{\"@type\":\"ListItem\",\"position\":1,\"name\":\"Home\",\"item\":\"https:\\\/\\\/teiaeducation.ch\\\/de\\\/\"},{\"@type\":\"ListItem\",\"position\":2,\"name\":\"Laden\",\"item\":\"https:\\\/\\\/teiaeducation.ch\\\/de\\\/shop\\\/\"},{\"@type\":\"ListItem\",\"position\":3,\"name\":\"Unsere Marken\",\"item\":\"https:\\\/\\\/teiaeducation.ch\\\/de\\\/produkt-kategorie\\\/unsere-marken\\\/\"},{\"@type\":\"ListItem\",\"position\":4,\"name\":\"Erzi\",\"item\":\"https:\\\/\\\/teiaeducation.ch\\\/de\\\/produkt-kategorie\\\/unsere-marken\\\/erzi-klassisches-holzspielzeug-de\\\/\"},{\"@type\":\"ListItem\",\"position\":5,\"name\":\"Lebensmittelladen, K\u00fcchen &amp; Zubeh\u00f6r\",\"item\":\"https:\\\/\\\/teiaeducation.ch\\\/de\\\/produkt-kategorie\\\/unsere-marken\\\/erzi-klassisches-holzspielzeug-de\\\/lebensmittelladen-kuechen-zubehoer\\\/\"},{\"@type\":\"ListItem\",\"position\":6,\"name\":\"Kochset natur &#8211; Erzi\"}]},{\"@type\":\"WebSite\",\"@id\":\"https:\\\/\\\/teiaeducation.ch\\\/de\\\/#website\",\"url\":\"https:\\\/\\\/teiaeducation.ch\\\/de\\\/\",\"name\":\"Sustainable Educational Products &amp; Ecological Toys\u00a0\",\"description\":\"Specialised Swiss shop selling sustainable educational toys and games, AMI certified Montessori materials, handmade ecological wooden Waldorf toys and arts &amp; crafts supplies, school supplies, children&#039;s furniture and Montessori reference and parenting books.\",\"publisher\":{\"@id\":\"https:\\\/\\\/teiaeducation.ch\\\/de\\\/#organization\"},\"alternateName\":\"Teia Education & Play\",\"potentialAction\":[{\"@type\":\"SearchAction\",\"target\":{\"@type\":\"EntryPoint\",\"urlTemplate\":\"https:\\\/\\\/teiaeducation.ch\\\/de\\\/?s={search_term_string}\"},\"query-input\":{\"@type\":\"PropertyValueSpecification\",\"valueRequired\":true,\"valueName\":\"search_term_string\"}}],\"inLanguage\":\"de-CH\"},{\"@type\":\"Organization\",\"@id\":\"https:\\\/\\\/teiaeducation.ch\\\/de\\\/#organization\",\"name\":\"Teia Education & Play\",\"url\":\"https:\\\/\\\/teiaeducation.ch\\\/de\\\/\",\"logo\":{\"@type\":\"ImageObject\",\"inLanguage\":\"de-CH\",\"@id\":\"https:\\\/\\\/teiaeducation.ch\\\/de\\\/#\\\/schema\\\/logo\\\/image\\\/\",\"url\":\"https:\\\/\\\/teiaeducation.ch\\\/wp-content\\\/uploads\\\/2020\\\/11\\\/Teia-Education-Switzerland-e1620156442216.jpg\",\"contentUrl\":\"https:\\\/\\\/teiaeducation.ch\\\/wp-content\\\/uploads\\\/2020\\\/11\\\/Teia-Education-Switzerland-e1620156442216.jpg\",\"width\":166,\"height\":145,\"caption\":\"Teia Education & Play\"},\"image\":{\"@id\":\"https:\\\/\\\/teiaeducation.ch\\\/de\\\/#\\\/schema\\\/logo\\\/image\\\/\"},\"sameAs\":[\"https:\\\/\\\/www.facebook.com\\\/teiaeducation\\\/\",\"https:\\\/\\\/x.com\\\/EducationTeia\",\"https:\\\/\\\/www.instagram.com\\\/teia.education\\\/\",\"https:\\\/\\\/www.linkedin.com\\\/company\\\/35501660\",\"https:\\\/\\\/www.pinterest.ch\\\/TeiaEducation\\\/\"]}]}<\/script>\n<!-- \/ Yoast SEO plugin. -->","yoast_head_json":{"title":"Kochset natur - Erzi - Teia Education & Play","description":"Die Erzi Kochset natur Pfannen und Sch\u00fcsseln sind perfekt f\u00fcr das Rollenspiel in der Kinderk\u00fcche und ab 3 Jahren geeignet.","robots":{"index":"index","follow":"follow","max-snippet":"max-snippet:-1","max-image-preview":"max-image-preview:large","max-video-preview":"max-video-preview:-1"},"canonical":"https:\/\/teiaeducation.ch\/de\/produkt\/kochset-natur-erzi\/","og_locale":"de_DE","og_type":"article","og_title":"Kochset natur - Erzi - Teia Education & Play","og_description":"Die Erzi Kochset natur Pfannen und Sch\u00fcsseln sind perfekt f\u00fcr das Rollenspiel in der Kinderk\u00fcche und ab 3 Jahren geeignet.","og_url":"https:\/\/teiaeducation.ch\/de\/produkt\/kochset-natur-erzi\/","og_site_name":"Sustainable Educational Products &amp; Ecological Toys\u00a0","article_publisher":"https:\/\/www.facebook.com\/teiaeducation\/","article_modified_time":"2024-09-30T05:45:45+00:00","og_image":[{"width":900,"height":900,"url":"https:\/\/teiaeducation.ch\/wp-content\/uploads\/2020\/09\/Wooden-cooking-set-nature-Erzi-scaled.jpg","type":"image\/jpeg"}],"schema":{"@context":"https:\/\/schema.org","@graph":[{"@type":"WebPage","@id":"https:\/\/teiaeducation.ch\/de\/produkt\/kochset-natur-erzi\/","url":"https:\/\/teiaeducation.ch\/de\/produkt\/kochset-natur-erzi\/","name":"Kochset natur - Erzi - Teia Education & Play","isPartOf":{"@id":"https:\/\/teiaeducation.ch\/de\/#website"},"primaryImageOfPage":{"@id":"https:\/\/teiaeducation.ch\/de\/produkt\/kochset-natur-erzi\/#primaryimage"},"image":{"@id":"https:\/\/teiaeducation.ch\/de\/produkt\/kochset-natur-erzi\/#primaryimage"},"thumbnailUrl":"https:\/\/teiaeducation.ch\/wp-content\/uploads\/2020\/09\/Wooden-cooking-set-nature-Erzi-scaled.jpg","datePublished":"2020-09-23T15:11:12+00:00","dateModified":"2024-09-30T05:45:45+00:00","description":"Die Erzi Kochset natur Pfannen und Sch\u00fcsseln sind perfekt f\u00fcr das Rollenspiel in der Kinderk\u00fcche und ab 3 Jahren geeignet.","breadcrumb":{"@id":"https:\/\/teiaeducation.ch\/de\/produkt\/kochset-natur-erzi\/#breadcrumb"},"inLanguage":"de-CH","potentialAction":[{"@type":"ReadAction","target":["https:\/\/teiaeducation.ch\/de\/produkt\/kochset-natur-erzi\/"]}]},{"@type":"ImageObject","inLanguage":"de-CH","@id":"https:\/\/teiaeducation.ch\/de\/produkt\/kochset-natur-erzi\/#primaryimage","url":"https:\/\/teiaeducation.ch\/wp-content\/uploads\/2020\/09\/Wooden-cooking-set-nature-Erzi-scaled.jpg","contentUrl":"https:\/\/teiaeducation.ch\/wp-content\/uploads\/2020\/09\/Wooden-cooking-set-nature-Erzi-scaled.jpg","width":900,"height":900,"caption":"Kochset natur - Erzi"},{"@type":"BreadcrumbList","@id":"https:\/\/teiaeducation.ch\/de\/produkt\/kochset-natur-erzi\/#breadcrumb","itemListElement":[{"@type":"ListItem","position":1,"name":"Home","item":"https:\/\/teiaeducation.ch\/de\/"},{"@type":"ListItem","position":2,"name":"Laden","item":"https:\/\/teiaeducation.ch\/de\/shop\/"},{"@type":"ListItem","position":3,"name":"Unsere Marken","item":"https:\/\/teiaeducation.ch\/de\/produkt-kategorie\/unsere-marken\/"},{"@type":"ListItem","position":4,"name":"Erzi","item":"https:\/\/teiaeducation.ch\/de\/produkt-kategorie\/unsere-marken\/erzi-klassisches-holzspielzeug-de\/"},{"@type":"ListItem","position":5,"name":"Lebensmittelladen, K\u00fcchen &amp; Zubeh\u00f6r","item":"https:\/\/teiaeducation.ch\/de\/produkt-kategorie\/unsere-marken\/erzi-klassisches-holzspielzeug-de\/lebensmittelladen-kuechen-zubehoer\/"},{"@type":"ListItem","position":6,"name":"Kochset natur &#8211; Erzi"}]},{"@type":"WebSite","@id":"https:\/\/teiaeducation.ch\/de\/#website","url":"https:\/\/teiaeducation.ch\/de\/","name":"Sustainable Educational Products &amp; Ecological Toys\u00a0","description":"Specialised Swiss shop selling sustainable educational toys and games, AMI certified Montessori materials, handmade ecological wooden Waldorf toys and arts &amp; crafts supplies, school supplies, children&#039;s furniture and Montessori reference and parenting books.","publisher":{"@id":"https:\/\/teiaeducation.ch\/de\/#organization"},"alternateName":"Teia Education & Play","potentialAction":[{"@type":"SearchAction","target":{"@type":"EntryPoint","urlTemplate":"https:\/\/teiaeducation.ch\/de\/?s={search_term_string}"},"query-input":{"@type":"PropertyValueSpecification","valueRequired":true,"valueName":"search_term_string"}}],"inLanguage":"de-CH"},{"@type":"Organization","@id":"https:\/\/teiaeducation.ch\/de\/#organization","name":"Teia Education & Play","url":"https:\/\/teiaeducation.ch\/de\/","logo":{"@type":"ImageObject","inLanguage":"de-CH","@id":"https:\/\/teiaeducation.ch\/de\/#\/schema\/logo\/image\/","url":"https:\/\/teiaeducation.ch\/wp-content\/uploads\/2020\/11\/Teia-Education-Switzerland-e1620156442216.jpg","contentUrl":"https:\/\/teiaeducation.ch\/wp-content\/uploads\/2020\/11\/Teia-Education-Switzerland-e1620156442216.jpg","width":166,"height":145,"caption":"Teia Education & Play"},"image":{"@id":"https:\/\/teiaeducation.ch\/de\/#\/schema\/logo\/image\/"},"sameAs":["https:\/\/www.facebook.com\/teiaeducation\/","https:\/\/x.com\/EducationTeia","https:\/\/www.instagram.com\/teia.education\/","https:\/\/www.linkedin.com\/company\/35501660","https:\/\/www.pinterest.ch\/TeiaEducation\/"]}]}},"_links":{"self":[{"href":"https:\/\/teiaeducation.ch\/de\/wp-json\/wp\/v2\/product\/59621","targetHints":{"allow":["GET"]}}],"collection":[{"href":"https:\/\/teiaeducation.ch\/de\/wp-json\/wp\/v2\/product"}],"about":[{"href":"https:\/\/teiaeducation.ch\/de\/wp-json\/wp\/v2\/types\/product"}],"replies":[{"embeddable":true,"href":"https:\/\/teiaeducation.ch\/de\/wp-json\/wp\/v2\/comments?post=59621"}],"wp:featuredmedia":[{"embeddable":true,"href":"https:\/\/teiaeducation.ch\/de\/wp-json\/wp\/v2\/media\/59622"}],"wp:attachment":[{"href":"https:\/\/teiaeducation.ch\/de\/wp-json\/wp\/v2\/media?parent=59621"}],"wp:term":[{"taxonomy":"product_brand","embeddable":true,"href":"https:\/\/teiaeducation.ch\/de\/wp-json\/wp\/v2\/product_brand?post=59621"},{"taxonomy":"product_cat","embeddable":true,"href":"https:\/\/teiaeducation.ch\/de\/wp-json\/wp\/v2\/product_cat?post=59621"},{"taxonomy":"product_tag","embeddable":true,"href":"https:\/\/teiaeducation.ch\/de\/wp-json\/wp\/v2\/product_tag?post=59621"}],"curies":[{"name":"wp","href":"https:\/\/api.w.org\/{rel}","templated":true}]}}