{"id":59624,"date":"2020-09-23T16:54:34","date_gmt":"2020-09-23T14:54:34","guid":{"rendered":"https:\/\/teiaeducation.ch\/product\/koch-und-geschirrset-natur-erzi\/"},"modified":"2024-03-15T13:38:03","modified_gmt":"2024-03-15T12:38:03","slug":"koch-und-geschirrset-natur-erzi","status":"publish","type":"product","link":"https:\/\/teiaeducation.ch\/de\/produkt\/koch-und-geschirrset-natur-erzi\/","title":{"rendered":"Koch- und Geschirrset Natur &#8211; Erzi"},"content":{"rendered":"<p>Dieses h\u00fcbsche Erzi Koch- und Geschirrset Natur ist perfekt f\u00fcr endlose Koch-Rollenspiele in der <a href=\"https:\/\/teiaeducation.ch\/product-category\/play\/imaginative-role-play\/\">vorget\u00e4uschtes<\/a> k\u00fcche Ihres Kindes!<\/p>\n<p>Dieses sch\u00f6n geformte Set aus Buchenholz mit einer angenehmen nat\u00fcrlichen Oberfl\u00e4che und dekorativen farbigen Akzenten enth\u00e4lt alle Pfannen, R\u00fchrsch\u00fcsseln, Teeservice und Geschirr, die ein Kinderspielcaf\u00e9, eine K\u00fcche oder eine Teeparty braucht.<\/p>\n<p>Es enth\u00e4lt einen gro\u00dfen und einen kleinen Kochtopf mit Deckel, eine gro\u00dfe und eine kleine Sch\u00fcssel, eine Teekanne mit Deckel, 4 Teller, 4 Tassen mit Untertassen und 4 Bestecksets.<\/p>\n<p>Das Erzi Koch- und Geschirrset Natur wird in Deutschland aus naturbelassenem Buchenholz hergestellt und mit einem ungiftigen Lack auf Wasserbasis lackiert. Es ist f\u00fcr Kinder ab 3 Jahren geeignet.<\/p>\n<p>Inhalt:<\/p>\n<p>36 Holzteile &#8211; 1 gro\u00dfer Topf mit Deckel, 1 kleiner Topf mit Deckel, 1 gro\u00dfe Sch\u00fcssel, 1 kleine Sch\u00fcssel, 1 Teekanne mit Deckel, 4 Teller, 4 Tassen mit Untertassen, 4 Messer, 4 Gabeln, 4 L\u00f6ffel, 4 Teel\u00f6ffel.<\/p>\n<h2>\u00dcber Erzi<\/h2>\n<p>Das umfangreiche Erzi-Sortiment tr\u00e4gt das unverwechselbare G\u00fctesiegel &#8220;made in Germany&#8221;, denn es stammt aus dem Erzgebirge.<\/p>\n<p><a href=\"https:\/\/teiaeducation.ch\/product-category\/brands\/erzi\/\">Erzi<\/a> verwendet f\u00fcr die Herstellung seiner Spielzeuge Holz aus der Region, das mit dem <a href=\"https:\/\/fsc.org\/en\">FSC<\/a>-Siegel (Forest Stewardship Council) zertifiziert und verbessert wurde. Alle Oberfl\u00e4chenbehandlungen wie Farben und Lacke auf Wasserbasis sind ungiftig und jedes Erzi Produkt entspricht den h\u00f6chsten Sicherheitsstandards f\u00fcr Spielzeug. Die hochwertigen <a href=\"https:\/\/teiaeducation.ch\/product-category\/hgh-quality-toys-play\/handmade-wooden-toys\/\">Holzspielzeuge<\/a> und <a href=\"https:\/\/teiaeducation.ch\/product-category\/learning-themes\/\">Lernprodukte<\/a> von Erzi zeichnen sich durch eine gro\u00dfe Vielfalt an nat\u00fcrlichen <a href=\"https:\/\/teiaeducation.ch\/product-category\/learning-themes\/mathematics-numeracy\/shapes\/\">Formen<\/a> und <a href=\"https:\/\/teiaeducation.ch\/product-category\/learning-themes\/sensory-motor-skills\/learning-about-colour\/\">Farben<\/a> aus und sind langlebig und nachhaltig.<\/p>\n","protected":false},"excerpt":{"rendered":"<p>Artikelnummer: 10677<\/p>\n<p>Dieses h\u00fcbsche Erzi Koch- und Geschirrset Natur ist perfekt f\u00fcr endlose Koch-Rollenspiele in der Spielk\u00fcche Ihres Kindes!<\/p>\n","protected":false},"featured_media":59625,"comment_status":"open","ping_status":"closed","template":"","meta":[],"product_brand":[],"product_cat":[21445,21446,21622,23075,21623,21443,21563,21687,21678,21564],"product_tag":[28261,28260,28454,28473,28474,28471,28233,28472,21887,23139,23135,23136,23137,23138,21886,21885,28468,24315,28131,28475,28467,28315,26515,22676,28272,25203,28469,28470,28466,28452],"class_list":{"0":"post-59624","1":"product","2":"type-product","3":"status-publish","4":"has-post-thumbnail","6":"product_cat-3-6-jahre-vorschule","7":"product_cat-6-12-jahre-grundschule","8":"product_cat-erzi-klassisches-holzspielzeug-de","9":"product_cat-handgefertigtes-holzspielzeug","10":"product_cat-lebensmittelladen-kuechen-zubehoer","11":"product_cat-nach-alter","12":"product_cat-neuheiten","13":"product_cat-phantasievoll-rollenspiel","14":"product_cat-kinder-spielzeug","15":"product_cat-unsere-marken","16":"product_tag-deutsche-spielzeuge","17":"product_tag-deutsches-holzspielzeug","18":"product_tag-erzi-geschirrset","19":"product_tag-erzi-groses-geschirrset","20":"product_tag-erzi-groses-geschirrset-de","21":"product_tag-erzi-groses-kochset-natur","22":"product_tag-erzi-holzspielzeug","23":"product_tag-erzi-koch-und-geschirrset","24":"product_tag-erzi-schweiz-de","25":"product_tag-erzi-spielwaren","26":"product_tag-erzi-spielzeug-de","27":"product_tag-erzi-spielzeug-aus-holz","28":"product_tag-erzi-spielzeug-schweiz-de","29":"product_tag-erzi-spielzeug-shop-schweiz","30":"product_tag-erzi-suisse-de","31":"product_tag-erzi-switzerland-de","32":"product_tag-holzgeschirrset","33":"product_tag-holzspielzeug","34":"product_tag-holzspielzeug-hergestellt-in-deutschland","35":"product_tag-koch-und-geschirrset-natur-aus-holz-erzi","36":"product_tag-kochset-aus-holz","37":"product_tag-kochset-von-erzi","38":"product_tag-lernspielzeug","39":"product_tag-rollenspielzeug","40":"product_tag-spielkuche-aus-holz","41":"product_tag-spielzeug-made-in-germany","42":"product_tag-spielzeug-kochset-aus-holz","43":"product_tag-spielzeugtopfe-und-pfannen-aus-holz","44":"product_tag-teeservice-aus-holz-de","45":"product_tag-teeservice-aus-holz","47":"first","48":"instock","49":"taxable","50":"shipping-taxable","51":"purchasable","52":"product-type-simple"},"yoast_head":"<!-- This site is optimized with the Yoast SEO plugin v27.3 - https:\/\/yoast.com\/product\/yoast-seo-wordpress\/ -->\n<title>Koch- und Geschirrset Natur - Erzi<\/title>\n<meta name=\"description\" content=\"Das Erzi Koch- und Geschirrset Natur ist perfekt f\u00fcr endlose Koch-Rollenspiele in der Spielk\u00fcche Ihres Kindes! Hergestellt in Deutschland.\" \/>\n<meta name=\"robots\" content=\"index, follow, max-snippet:-1, max-image-preview:large, max-video-preview:-1\" \/>\n<link rel=\"canonical\" href=\"https:\/\/teiaeducation.ch\/de\/produkt\/koch-und-geschirrset-natur-erzi\/\" \/>\n<meta property=\"og:locale\" content=\"de_DE\" \/>\n<meta property=\"og:type\" content=\"article\" \/>\n<meta property=\"og:title\" content=\"Koch- und Geschirrset Natur - Erzi\" \/>\n<meta property=\"og:description\" content=\"Das Erzi Koch- und Geschirrset Natur ist perfekt f\u00fcr endlose Koch-Rollenspiele in der Spielk\u00fcche Ihres Kindes! Hergestellt in Deutschland.\" \/>\n<meta property=\"og:url\" content=\"https:\/\/teiaeducation.ch\/de\/produkt\/koch-und-geschirrset-natur-erzi\/\" \/>\n<meta property=\"og:site_name\" content=\"Sustainable Educational Products &amp; Ecological Toys\u00a0\" \/>\n<meta property=\"article:publisher\" content=\"https:\/\/www.facebook.com\/teiaeducation\/\" \/>\n<meta property=\"article:modified_time\" content=\"2024-03-15T12:38:03+00:00\" \/>\n<meta property=\"og:image\" content=\"https:\/\/teiaeducation.ch\/wp-content\/uploads\/2020\/09\/Wooden-large-cooking-and-crockery-set-nature-Erzi-scaled.jpg\" \/>\n\t<meta property=\"og:image:width\" content=\"900\" \/>\n\t<meta property=\"og:image:height\" content=\"900\" \/>\n\t<meta property=\"og:image:type\" content=\"image\/jpeg\" \/>\n<script type=\"application\/ld+json\" class=\"yoast-schema-graph\">{\"@context\":\"https:\\\/\\\/schema.org\",\"@graph\":[{\"@type\":\"WebPage\",\"@id\":\"https:\\\/\\\/teiaeducation.ch\\\/de\\\/produkt\\\/koch-und-geschirrset-natur-erzi\\\/\",\"url\":\"https:\\\/\\\/teiaeducation.ch\\\/de\\\/produkt\\\/koch-und-geschirrset-natur-erzi\\\/\",\"name\":\"Koch- und Geschirrset Natur - Erzi\",\"isPartOf\":{\"@id\":\"https:\\\/\\\/teiaeducation.ch\\\/de\\\/#website\"},\"primaryImageOfPage\":{\"@id\":\"https:\\\/\\\/teiaeducation.ch\\\/de\\\/produkt\\\/koch-und-geschirrset-natur-erzi\\\/#primaryimage\"},\"image\":{\"@id\":\"https:\\\/\\\/teiaeducation.ch\\\/de\\\/produkt\\\/koch-und-geschirrset-natur-erzi\\\/#primaryimage\"},\"thumbnailUrl\":\"https:\\\/\\\/teiaeducation.ch\\\/wp-content\\\/uploads\\\/2020\\\/09\\\/Wooden-large-cooking-and-crockery-set-nature-Erzi-scaled.jpg\",\"datePublished\":\"2020-09-23T14:54:34+00:00\",\"dateModified\":\"2024-03-15T12:38:03+00:00\",\"description\":\"Das Erzi Koch- und Geschirrset Natur ist perfekt f\u00fcr endlose Koch-Rollenspiele in der Spielk\u00fcche Ihres Kindes! Hergestellt in Deutschland.\",\"breadcrumb\":{\"@id\":\"https:\\\/\\\/teiaeducation.ch\\\/de\\\/produkt\\\/koch-und-geschirrset-natur-erzi\\\/#breadcrumb\"},\"inLanguage\":\"de-CH\",\"potentialAction\":[{\"@type\":\"ReadAction\",\"target\":[\"https:\\\/\\\/teiaeducation.ch\\\/de\\\/produkt\\\/koch-und-geschirrset-natur-erzi\\\/\"]}]},{\"@type\":\"ImageObject\",\"inLanguage\":\"de-CH\",\"@id\":\"https:\\\/\\\/teiaeducation.ch\\\/de\\\/produkt\\\/koch-und-geschirrset-natur-erzi\\\/#primaryimage\",\"url\":\"https:\\\/\\\/teiaeducation.ch\\\/wp-content\\\/uploads\\\/2020\\\/09\\\/Wooden-large-cooking-and-crockery-set-nature-Erzi-scaled.jpg\",\"contentUrl\":\"https:\\\/\\\/teiaeducation.ch\\\/wp-content\\\/uploads\\\/2020\\\/09\\\/Wooden-large-cooking-and-crockery-set-nature-Erzi-scaled.jpg\",\"width\":900,\"height\":900,\"caption\":\"Koch- und Geschirrset Natur - Erzi\"},{\"@type\":\"BreadcrumbList\",\"@id\":\"https:\\\/\\\/teiaeducation.ch\\\/de\\\/produkt\\\/koch-und-geschirrset-natur-erzi\\\/#breadcrumb\",\"itemListElement\":[{\"@type\":\"ListItem\",\"position\":1,\"name\":\"Home\",\"item\":\"https:\\\/\\\/teiaeducation.ch\\\/de\\\/\"},{\"@type\":\"ListItem\",\"position\":2,\"name\":\"Laden\",\"item\":\"https:\\\/\\\/teiaeducation.ch\\\/de\\\/shop\\\/\"},{\"@type\":\"ListItem\",\"position\":3,\"name\":\"Unsere Marken\",\"item\":\"https:\\\/\\\/teiaeducation.ch\\\/de\\\/produkt-kategorie\\\/unsere-marken\\\/\"},{\"@type\":\"ListItem\",\"position\":4,\"name\":\"Erzi\",\"item\":\"https:\\\/\\\/teiaeducation.ch\\\/de\\\/produkt-kategorie\\\/unsere-marken\\\/erzi-klassisches-holzspielzeug-de\\\/\"},{\"@type\":\"ListItem\",\"position\":5,\"name\":\"Lebensmittelladen, K\u00fcchen &amp; Zubeh\u00f6r\",\"item\":\"https:\\\/\\\/teiaeducation.ch\\\/de\\\/produkt-kategorie\\\/unsere-marken\\\/erzi-klassisches-holzspielzeug-de\\\/lebensmittelladen-kuechen-zubehoer\\\/\"},{\"@type\":\"ListItem\",\"position\":6,\"name\":\"Koch- und Geschirrset Natur &#8211; Erzi\"}]},{\"@type\":\"WebSite\",\"@id\":\"https:\\\/\\\/teiaeducation.ch\\\/de\\\/#website\",\"url\":\"https:\\\/\\\/teiaeducation.ch\\\/de\\\/\",\"name\":\"Sustainable Educational Products &amp; Ecological Toys\u00a0\",\"description\":\"Specialised Swiss shop selling sustainable educational toys and games, AMI certified Montessori materials, handmade ecological wooden Waldorf toys and arts &amp; crafts supplies, school supplies, children&#039;s furniture and Montessori reference and parenting books.\",\"publisher\":{\"@id\":\"https:\\\/\\\/teiaeducation.ch\\\/de\\\/#organization\"},\"alternateName\":\"Teia Education & Play\",\"potentialAction\":[{\"@type\":\"SearchAction\",\"target\":{\"@type\":\"EntryPoint\",\"urlTemplate\":\"https:\\\/\\\/teiaeducation.ch\\\/de\\\/?s={search_term_string}\"},\"query-input\":{\"@type\":\"PropertyValueSpecification\",\"valueRequired\":true,\"valueName\":\"search_term_string\"}}],\"inLanguage\":\"de-CH\"},{\"@type\":\"Organization\",\"@id\":\"https:\\\/\\\/teiaeducation.ch\\\/de\\\/#organization\",\"name\":\"Teia Education & Play\",\"url\":\"https:\\\/\\\/teiaeducation.ch\\\/de\\\/\",\"logo\":{\"@type\":\"ImageObject\",\"inLanguage\":\"de-CH\",\"@id\":\"https:\\\/\\\/teiaeducation.ch\\\/de\\\/#\\\/schema\\\/logo\\\/image\\\/\",\"url\":\"https:\\\/\\\/teiaeducation.ch\\\/wp-content\\\/uploads\\\/2020\\\/11\\\/Teia-Education-Switzerland-e1620156442216.jpg\",\"contentUrl\":\"https:\\\/\\\/teiaeducation.ch\\\/wp-content\\\/uploads\\\/2020\\\/11\\\/Teia-Education-Switzerland-e1620156442216.jpg\",\"width\":166,\"height\":145,\"caption\":\"Teia Education & Play\"},\"image\":{\"@id\":\"https:\\\/\\\/teiaeducation.ch\\\/de\\\/#\\\/schema\\\/logo\\\/image\\\/\"},\"sameAs\":[\"https:\\\/\\\/www.facebook.com\\\/teiaeducation\\\/\",\"https:\\\/\\\/x.com\\\/EducationTeia\",\"https:\\\/\\\/www.instagram.com\\\/teia.education\\\/\",\"https:\\\/\\\/www.linkedin.com\\\/company\\\/35501660\",\"https:\\\/\\\/www.pinterest.ch\\\/TeiaEducation\\\/\"]}]}<\/script>\n<!-- \/ Yoast SEO plugin. -->","yoast_head_json":{"title":"Koch- und Geschirrset Natur - Erzi","description":"Das Erzi Koch- und Geschirrset Natur ist perfekt f\u00fcr endlose Koch-Rollenspiele in der Spielk\u00fcche Ihres Kindes! Hergestellt in Deutschland.","robots":{"index":"index","follow":"follow","max-snippet":"max-snippet:-1","max-image-preview":"max-image-preview:large","max-video-preview":"max-video-preview:-1"},"canonical":"https:\/\/teiaeducation.ch\/de\/produkt\/koch-und-geschirrset-natur-erzi\/","og_locale":"de_DE","og_type":"article","og_title":"Koch- und Geschirrset Natur - Erzi","og_description":"Das Erzi Koch- und Geschirrset Natur ist perfekt f\u00fcr endlose Koch-Rollenspiele in der Spielk\u00fcche Ihres Kindes! Hergestellt in Deutschland.","og_url":"https:\/\/teiaeducation.ch\/de\/produkt\/koch-und-geschirrset-natur-erzi\/","og_site_name":"Sustainable Educational Products &amp; Ecological Toys\u00a0","article_publisher":"https:\/\/www.facebook.com\/teiaeducation\/","article_modified_time":"2024-03-15T12:38:03+00:00","og_image":[{"width":900,"height":900,"url":"https:\/\/teiaeducation.ch\/wp-content\/uploads\/2020\/09\/Wooden-large-cooking-and-crockery-set-nature-Erzi-scaled.jpg","type":"image\/jpeg"}],"schema":{"@context":"https:\/\/schema.org","@graph":[{"@type":"WebPage","@id":"https:\/\/teiaeducation.ch\/de\/produkt\/koch-und-geschirrset-natur-erzi\/","url":"https:\/\/teiaeducation.ch\/de\/produkt\/koch-und-geschirrset-natur-erzi\/","name":"Koch- und Geschirrset Natur - Erzi","isPartOf":{"@id":"https:\/\/teiaeducation.ch\/de\/#website"},"primaryImageOfPage":{"@id":"https:\/\/teiaeducation.ch\/de\/produkt\/koch-und-geschirrset-natur-erzi\/#primaryimage"},"image":{"@id":"https:\/\/teiaeducation.ch\/de\/produkt\/koch-und-geschirrset-natur-erzi\/#primaryimage"},"thumbnailUrl":"https:\/\/teiaeducation.ch\/wp-content\/uploads\/2020\/09\/Wooden-large-cooking-and-crockery-set-nature-Erzi-scaled.jpg","datePublished":"2020-09-23T14:54:34+00:00","dateModified":"2024-03-15T12:38:03+00:00","description":"Das Erzi Koch- und Geschirrset Natur ist perfekt f\u00fcr endlose Koch-Rollenspiele in der Spielk\u00fcche Ihres Kindes! Hergestellt in Deutschland.","breadcrumb":{"@id":"https:\/\/teiaeducation.ch\/de\/produkt\/koch-und-geschirrset-natur-erzi\/#breadcrumb"},"inLanguage":"de-CH","potentialAction":[{"@type":"ReadAction","target":["https:\/\/teiaeducation.ch\/de\/produkt\/koch-und-geschirrset-natur-erzi\/"]}]},{"@type":"ImageObject","inLanguage":"de-CH","@id":"https:\/\/teiaeducation.ch\/de\/produkt\/koch-und-geschirrset-natur-erzi\/#primaryimage","url":"https:\/\/teiaeducation.ch\/wp-content\/uploads\/2020\/09\/Wooden-large-cooking-and-crockery-set-nature-Erzi-scaled.jpg","contentUrl":"https:\/\/teiaeducation.ch\/wp-content\/uploads\/2020\/09\/Wooden-large-cooking-and-crockery-set-nature-Erzi-scaled.jpg","width":900,"height":900,"caption":"Koch- und Geschirrset Natur - Erzi"},{"@type":"BreadcrumbList","@id":"https:\/\/teiaeducation.ch\/de\/produkt\/koch-und-geschirrset-natur-erzi\/#breadcrumb","itemListElement":[{"@type":"ListItem","position":1,"name":"Home","item":"https:\/\/teiaeducation.ch\/de\/"},{"@type":"ListItem","position":2,"name":"Laden","item":"https:\/\/teiaeducation.ch\/de\/shop\/"},{"@type":"ListItem","position":3,"name":"Unsere Marken","item":"https:\/\/teiaeducation.ch\/de\/produkt-kategorie\/unsere-marken\/"},{"@type":"ListItem","position":4,"name":"Erzi","item":"https:\/\/teiaeducation.ch\/de\/produkt-kategorie\/unsere-marken\/erzi-klassisches-holzspielzeug-de\/"},{"@type":"ListItem","position":5,"name":"Lebensmittelladen, K\u00fcchen &amp; Zubeh\u00f6r","item":"https:\/\/teiaeducation.ch\/de\/produkt-kategorie\/unsere-marken\/erzi-klassisches-holzspielzeug-de\/lebensmittelladen-kuechen-zubehoer\/"},{"@type":"ListItem","position":6,"name":"Koch- und Geschirrset Natur &#8211; Erzi"}]},{"@type":"WebSite","@id":"https:\/\/teiaeducation.ch\/de\/#website","url":"https:\/\/teiaeducation.ch\/de\/","name":"Sustainable Educational Products &amp; Ecological Toys\u00a0","description":"Specialised Swiss shop selling sustainable educational toys and games, AMI certified Montessori materials, handmade ecological wooden Waldorf toys and arts &amp; crafts supplies, school supplies, children&#039;s furniture and Montessori reference and parenting books.","publisher":{"@id":"https:\/\/teiaeducation.ch\/de\/#organization"},"alternateName":"Teia Education & Play","potentialAction":[{"@type":"SearchAction","target":{"@type":"EntryPoint","urlTemplate":"https:\/\/teiaeducation.ch\/de\/?s={search_term_string}"},"query-input":{"@type":"PropertyValueSpecification","valueRequired":true,"valueName":"search_term_string"}}],"inLanguage":"de-CH"},{"@type":"Organization","@id":"https:\/\/teiaeducation.ch\/de\/#organization","name":"Teia Education & Play","url":"https:\/\/teiaeducation.ch\/de\/","logo":{"@type":"ImageObject","inLanguage":"de-CH","@id":"https:\/\/teiaeducation.ch\/de\/#\/schema\/logo\/image\/","url":"https:\/\/teiaeducation.ch\/wp-content\/uploads\/2020\/11\/Teia-Education-Switzerland-e1620156442216.jpg","contentUrl":"https:\/\/teiaeducation.ch\/wp-content\/uploads\/2020\/11\/Teia-Education-Switzerland-e1620156442216.jpg","width":166,"height":145,"caption":"Teia Education & Play"},"image":{"@id":"https:\/\/teiaeducation.ch\/de\/#\/schema\/logo\/image\/"},"sameAs":["https:\/\/www.facebook.com\/teiaeducation\/","https:\/\/x.com\/EducationTeia","https:\/\/www.instagram.com\/teia.education\/","https:\/\/www.linkedin.com\/company\/35501660","https:\/\/www.pinterest.ch\/TeiaEducation\/"]}]}},"_links":{"self":[{"href":"https:\/\/teiaeducation.ch\/de\/wp-json\/wp\/v2\/product\/59624","targetHints":{"allow":["GET"]}}],"collection":[{"href":"https:\/\/teiaeducation.ch\/de\/wp-json\/wp\/v2\/product"}],"about":[{"href":"https:\/\/teiaeducation.ch\/de\/wp-json\/wp\/v2\/types\/product"}],"replies":[{"embeddable":true,"href":"https:\/\/teiaeducation.ch\/de\/wp-json\/wp\/v2\/comments?post=59624"}],"wp:featuredmedia":[{"embeddable":true,"href":"https:\/\/teiaeducation.ch\/de\/wp-json\/wp\/v2\/media\/59625"}],"wp:attachment":[{"href":"https:\/\/teiaeducation.ch\/de\/wp-json\/wp\/v2\/media?parent=59624"}],"wp:term":[{"taxonomy":"product_brand","embeddable":true,"href":"https:\/\/teiaeducation.ch\/de\/wp-json\/wp\/v2\/product_brand?post=59624"},{"taxonomy":"product_cat","embeddable":true,"href":"https:\/\/teiaeducation.ch\/de\/wp-json\/wp\/v2\/product_cat?post=59624"},{"taxonomy":"product_tag","embeddable":true,"href":"https:\/\/teiaeducation.ch\/de\/wp-json\/wp\/v2\/product_tag?post=59624"}],"curies":[{"name":"wp","href":"https:\/\/api.w.org\/{rel}","templated":true}]}}