{"id":59640,"date":"2020-09-11T14:39:07","date_gmt":"2020-09-11T12:39:07","guid":{"rendered":"https:\/\/teiaeducation.ch\/product\/sortiment-obst-erzi\/"},"modified":"2024-03-15T15:18:43","modified_gmt":"2024-03-15T14:18:43","slug":"sortiment-obst-erzi","status":"publish","type":"product","link":"https:\/\/teiaeducation.ch\/de\/produkt\/sortiment-obst-erzi\/","title":{"rendered":"Sortiment Obst &#8211; Erzi"},"content":{"rendered":"<p>Dieses sch\u00f6ne Obst-Sortiment von Erzi enth\u00e4lt <a href=\"https:\/\/teiaeducation.ch\/product-category\/play\/realistic-wooden-play-food\/\">realistisches Holzspielfutter<\/a> von h\u00f6chster Qualit\u00e4t, darunter 1 Orange, 2 kleine Bananen, 1 Zitrone, 1 gr\u00fcner Apfel, 1 rot-gr\u00fcne Birne, 1 Paar Kirschen, 1 Pflaume und 1 Ananas sowie 1 h\u00f6lzerne Obstkiste, um sie darin auszustellen. Perfekt f\u00fcr den <a href=\"https:\/\/teiaeducation.ch\/product-category\/play\/imaginative-role-play\/\">vorget\u00e4uschtes Spiel<\/a> im Spielladen oder die K\u00fcche Ihres Kindes.<\/p>\n<p>Die in Deutschland aus Buchenholz hergestellten und mit sicherem, ungiftigem Lack auf Wasserbasis lackierten Erzi Sortiment Obst sind f\u00fcr Kinder ab 3 Jahren geeignet.<\/p>\n<p>Das umfangreiche Erzi-Sortiment tr\u00e4gt das unverwechselbare G\u00fctesiegel &#8220;made in Germany&#8221;, denn es stammt aus dem Erzgebirge.<\/p>\n<p><a href=\"https:\/\/teiaeducation.ch\/product-category\/brands\/erzi\/\">Erzi<\/a> verwendet f\u00fcr die Herstellung seiner Spielzeuge Holz aus der Region, das mit dem <a href=\"https:\/\/fsc.org\/en\">FSC<\/a>-Siegel (Forest Stewardship Council) zertifiziert und verbessert wurde. Alle Oberfl\u00e4chenbehandlungen wie Farben und Lacke auf Wasserbasis sind ungiftig und jedes Erzi Produkt entspricht den h\u00f6chsten Sicherheitsstandards f\u00fcr Spielzeug. Die hochwertigen <a href=\"https:\/\/teiaeducation.ch\/product-category\/hgh-quality-toys-play\/handmade-wooden-toys\/\">Holzspielzeuge<\/a> und <a href=\"https:\/\/teiaeducation.ch\/product-category\/learning-themes\/\">Lernprodukte<\/a> von Erzi zeichnen sich durch eine gro\u00dfe Vielfalt an nat\u00fcrlichen <a href=\"https:\/\/teiaeducation.ch\/product-category\/learning-themes\/mathematics-numeracy\/shapes\/\">Formen<\/a> und <a href=\"https:\/\/teiaeducation.ch\/product-category\/learning-themes\/sensory-motor-skills\/learning-about-colour\/\">Farben<\/a> aus und sind langlebig und nachhaltig.<\/p>\n<p>Inhalt:<\/p>\n<p>10 Holzteile &#8211; 1 Kiste, 1 Orange, 2 kleine Bananen, 1 Zitrone, 1 gr\u00fcner Apfel, 1 rot-gr\u00fcne Birne, 1 Doppelkirsche, 1 Pflaume, 1 Ananas<\/p>\n","protected":false},"excerpt":{"rendered":"<p>Artikelnummer: 28101<\/p>\n<p>Dieses sch\u00f6ne Sortiment Obst von Erzi bietet realistisches Holzspielzeug von h\u00f6chster Qualit\u00e4t, perfekt f\u00fcr den Spielladen oder die K\u00fcche Ihres Kindes!<\/p>\n","protected":false},"featured_media":59641,"comment_status":"open","ping_status":"closed","template":"","meta":[],"product_brand":[],"product_cat":[21445,21446,21622,23075,21623,21443,21563,21687,21693,21678,21564],"product_tag":[28261,28260,28503,28233,28399,28356,28501,28505,21887,28504,23139,23135,23136,23137,23138,21886,21885,28275,28502,24315,28131,28276,26515,22676,28274,28273,28272,28271,25203],"class_list":{"0":"post-59640","1":"product","2":"type-product","3":"status-publish","4":"has-post-thumbnail","6":"product_cat-3-6-jahre-vorschule","7":"product_cat-6-12-jahre-grundschule","8":"product_cat-erzi-klassisches-holzspielzeug-de","9":"product_cat-handgefertigtes-holzspielzeug","10":"product_cat-lebensmittelladen-kuechen-zubehoer","11":"product_cat-nach-alter","12":"product_cat-neuheiten","13":"product_cat-phantasievoll-rollenspiel","14":"product_cat-realistisches-lebensmittel-aus-holz","15":"product_cat-kinder-spielzeug","16":"product_cat-unsere-marken","17":"product_tag-deutsche-spielzeuge","18":"product_tag-deutsches-holzspielzeug","19":"product_tag-erzi-ananas-de","20":"product_tag-erzi-holzspielzeug","21":"product_tag-erzi-obst-de","22":"product_tag-erzi-obst","23":"product_tag-erzi-obst-aus-holz","24":"product_tag-erzi-obstkiste","25":"product_tag-erzi-schweiz-de","26":"product_tag-erzi-sortiment-obst","27":"product_tag-erzi-spielwaren","28":"product_tag-erzi-spielzeug-de","29":"product_tag-erzi-spielzeug-aus-holz","30":"product_tag-erzi-spielzeug-schweiz-de","31":"product_tag-erzi-spielzeug-shop-schweiz","32":"product_tag-erzi-suisse-de","33":"product_tag-erzi-switzerland-de","34":"product_tag-erzi-spielfutter","35":"product_tag-holzernes-spielobst","36":"product_tag-holzspielzeug","37":"product_tag-holzspielzeug-hergestellt-in-deutschland","38":"product_tag-lebensmittel-aus-holz","39":"product_tag-lernspielzeug","40":"product_tag-rollenspielzeug","41":"product_tag-spielcafe-aus-holz","42":"product_tag-spielfutter-aus-holz","43":"product_tag-spielkuche-aus-holz","44":"product_tag-spielothek-aus-holz","45":"product_tag-spielzeug-made-in-germany","47":"first","48":"outofstock","49":"taxable","50":"shipping-taxable","51":"purchasable","52":"product-type-simple"},"yoast_head":"<!-- This site is optimized with the Yoast SEO plugin v27.3 - https:\/\/yoast.com\/product\/yoast-seo-wordpress\/ -->\n<title>Sortiment Obst - Erzi - Teia Education &amp; Play<\/title>\n<meta name=\"description\" content=\"Das Erzi Sortiment Obst besteht aus hochwertigem, realistischem Spielfutter aus Holz in einer Kiste f\u00fcr den Spielladen oder die K\u00fcche Ihres Kindes.\" \/>\n<meta name=\"robots\" content=\"index, follow, max-snippet:-1, max-image-preview:large, max-video-preview:-1\" \/>\n<link rel=\"canonical\" href=\"https:\/\/teiaeducation.ch\/de\/produkt\/sortiment-obst-erzi\/\" \/>\n<meta property=\"og:locale\" content=\"de_DE\" \/>\n<meta property=\"og:type\" content=\"article\" \/>\n<meta property=\"og:title\" content=\"Sortiment Obst - Erzi - Teia Education &amp; Play\" \/>\n<meta property=\"og:description\" content=\"Das Erzi Sortiment Obst besteht aus hochwertigem, realistischem Spielfutter aus Holz in einer Kiste f\u00fcr den Spielladen oder die K\u00fcche Ihres Kindes.\" \/>\n<meta property=\"og:url\" content=\"https:\/\/teiaeducation.ch\/de\/produkt\/sortiment-obst-erzi\/\" \/>\n<meta property=\"og:site_name\" content=\"Sustainable Educational Products &amp; Ecological Toys\u00a0\" \/>\n<meta property=\"article:publisher\" content=\"https:\/\/www.facebook.com\/teiaeducation\/\" \/>\n<meta property=\"article:modified_time\" content=\"2024-03-15T14:18:43+00:00\" \/>\n<meta property=\"og:image\" content=\"https:\/\/teiaeducation.ch\/wp-content\/uploads\/2020\/09\/Wooden-assorted-fruits-Erzi-scaled.jpg\" \/>\n\t<meta property=\"og:image:width\" content=\"900\" \/>\n\t<meta property=\"og:image:height\" content=\"900\" \/>\n\t<meta property=\"og:image:type\" content=\"image\/jpeg\" \/>\n<script type=\"application\/ld+json\" class=\"yoast-schema-graph\">{\"@context\":\"https:\\\/\\\/schema.org\",\"@graph\":[{\"@type\":\"WebPage\",\"@id\":\"https:\\\/\\\/teiaeducation.ch\\\/de\\\/produkt\\\/sortiment-obst-erzi\\\/\",\"url\":\"https:\\\/\\\/teiaeducation.ch\\\/de\\\/produkt\\\/sortiment-obst-erzi\\\/\",\"name\":\"Sortiment Obst - Erzi - Teia Education & Play\",\"isPartOf\":{\"@id\":\"https:\\\/\\\/teiaeducation.ch\\\/de\\\/#website\"},\"primaryImageOfPage\":{\"@id\":\"https:\\\/\\\/teiaeducation.ch\\\/de\\\/produkt\\\/sortiment-obst-erzi\\\/#primaryimage\"},\"image\":{\"@id\":\"https:\\\/\\\/teiaeducation.ch\\\/de\\\/produkt\\\/sortiment-obst-erzi\\\/#primaryimage\"},\"thumbnailUrl\":\"https:\\\/\\\/teiaeducation.ch\\\/wp-content\\\/uploads\\\/2020\\\/09\\\/Wooden-assorted-fruits-Erzi-scaled.jpg\",\"datePublished\":\"2020-09-11T12:39:07+00:00\",\"dateModified\":\"2024-03-15T14:18:43+00:00\",\"description\":\"Das Erzi Sortiment Obst besteht aus hochwertigem, realistischem Spielfutter aus Holz in einer Kiste f\u00fcr den Spielladen oder die K\u00fcche Ihres Kindes.\",\"breadcrumb\":{\"@id\":\"https:\\\/\\\/teiaeducation.ch\\\/de\\\/produkt\\\/sortiment-obst-erzi\\\/#breadcrumb\"},\"inLanguage\":\"de-CH\",\"potentialAction\":[{\"@type\":\"ReadAction\",\"target\":[\"https:\\\/\\\/teiaeducation.ch\\\/de\\\/produkt\\\/sortiment-obst-erzi\\\/\"]}]},{\"@type\":\"ImageObject\",\"inLanguage\":\"de-CH\",\"@id\":\"https:\\\/\\\/teiaeducation.ch\\\/de\\\/produkt\\\/sortiment-obst-erzi\\\/#primaryimage\",\"url\":\"https:\\\/\\\/teiaeducation.ch\\\/wp-content\\\/uploads\\\/2020\\\/09\\\/Wooden-assorted-fruits-Erzi-scaled.jpg\",\"contentUrl\":\"https:\\\/\\\/teiaeducation.ch\\\/wp-content\\\/uploads\\\/2020\\\/09\\\/Wooden-assorted-fruits-Erzi-scaled.jpg\",\"width\":900,\"height\":900,\"caption\":\"Sortiment Obst aus Holz - realistisches Spielfutter aus Holz - Erzi\"},{\"@type\":\"BreadcrumbList\",\"@id\":\"https:\\\/\\\/teiaeducation.ch\\\/de\\\/produkt\\\/sortiment-obst-erzi\\\/#breadcrumb\",\"itemListElement\":[{\"@type\":\"ListItem\",\"position\":1,\"name\":\"Home\",\"item\":\"https:\\\/\\\/teiaeducation.ch\\\/de\\\/\"},{\"@type\":\"ListItem\",\"position\":2,\"name\":\"Laden\",\"item\":\"https:\\\/\\\/teiaeducation.ch\\\/de\\\/shop\\\/\"},{\"@type\":\"ListItem\",\"position\":3,\"name\":\"Sortiment Obst &#8211; Erzi\"}]},{\"@type\":\"WebSite\",\"@id\":\"https:\\\/\\\/teiaeducation.ch\\\/de\\\/#website\",\"url\":\"https:\\\/\\\/teiaeducation.ch\\\/de\\\/\",\"name\":\"Sustainable Educational Products &amp; Ecological Toys\u00a0\",\"description\":\"Specialised Swiss shop selling sustainable educational toys and games, AMI certified Montessori materials, handmade ecological wooden Waldorf toys and arts &amp; crafts supplies, school supplies, children&#039;s furniture and Montessori reference and parenting books.\",\"publisher\":{\"@id\":\"https:\\\/\\\/teiaeducation.ch\\\/de\\\/#organization\"},\"alternateName\":\"Teia Education & Play\",\"potentialAction\":[{\"@type\":\"SearchAction\",\"target\":{\"@type\":\"EntryPoint\",\"urlTemplate\":\"https:\\\/\\\/teiaeducation.ch\\\/de\\\/?s={search_term_string}\"},\"query-input\":{\"@type\":\"PropertyValueSpecification\",\"valueRequired\":true,\"valueName\":\"search_term_string\"}}],\"inLanguage\":\"de-CH\"},{\"@type\":\"Organization\",\"@id\":\"https:\\\/\\\/teiaeducation.ch\\\/de\\\/#organization\",\"name\":\"Teia Education & Play\",\"url\":\"https:\\\/\\\/teiaeducation.ch\\\/de\\\/\",\"logo\":{\"@type\":\"ImageObject\",\"inLanguage\":\"de-CH\",\"@id\":\"https:\\\/\\\/teiaeducation.ch\\\/de\\\/#\\\/schema\\\/logo\\\/image\\\/\",\"url\":\"https:\\\/\\\/teiaeducation.ch\\\/wp-content\\\/uploads\\\/2020\\\/11\\\/Teia-Education-Switzerland-e1620156442216.jpg\",\"contentUrl\":\"https:\\\/\\\/teiaeducation.ch\\\/wp-content\\\/uploads\\\/2020\\\/11\\\/Teia-Education-Switzerland-e1620156442216.jpg\",\"width\":166,\"height\":145,\"caption\":\"Teia Education & Play\"},\"image\":{\"@id\":\"https:\\\/\\\/teiaeducation.ch\\\/de\\\/#\\\/schema\\\/logo\\\/image\\\/\"},\"sameAs\":[\"https:\\\/\\\/www.facebook.com\\\/teiaeducation\\\/\",\"https:\\\/\\\/x.com\\\/EducationTeia\",\"https:\\\/\\\/www.instagram.com\\\/teia.education\\\/\",\"https:\\\/\\\/www.linkedin.com\\\/company\\\/35501660\",\"https:\\\/\\\/www.pinterest.ch\\\/TeiaEducation\\\/\"]}]}<\/script>\n<!-- \/ Yoast SEO plugin. -->","yoast_head_json":{"title":"Sortiment Obst - Erzi - Teia Education & Play","description":"Das Erzi Sortiment Obst besteht aus hochwertigem, realistischem Spielfutter aus Holz in einer Kiste f\u00fcr den Spielladen oder die K\u00fcche Ihres Kindes.","robots":{"index":"index","follow":"follow","max-snippet":"max-snippet:-1","max-image-preview":"max-image-preview:large","max-video-preview":"max-video-preview:-1"},"canonical":"https:\/\/teiaeducation.ch\/de\/produkt\/sortiment-obst-erzi\/","og_locale":"de_DE","og_type":"article","og_title":"Sortiment Obst - Erzi - Teia Education & Play","og_description":"Das Erzi Sortiment Obst besteht aus hochwertigem, realistischem Spielfutter aus Holz in einer Kiste f\u00fcr den Spielladen oder die K\u00fcche Ihres Kindes.","og_url":"https:\/\/teiaeducation.ch\/de\/produkt\/sortiment-obst-erzi\/","og_site_name":"Sustainable Educational Products &amp; Ecological Toys\u00a0","article_publisher":"https:\/\/www.facebook.com\/teiaeducation\/","article_modified_time":"2024-03-15T14:18:43+00:00","og_image":[{"width":900,"height":900,"url":"https:\/\/teiaeducation.ch\/wp-content\/uploads\/2020\/09\/Wooden-assorted-fruits-Erzi-scaled.jpg","type":"image\/jpeg"}],"schema":{"@context":"https:\/\/schema.org","@graph":[{"@type":"WebPage","@id":"https:\/\/teiaeducation.ch\/de\/produkt\/sortiment-obst-erzi\/","url":"https:\/\/teiaeducation.ch\/de\/produkt\/sortiment-obst-erzi\/","name":"Sortiment Obst - Erzi - Teia Education & Play","isPartOf":{"@id":"https:\/\/teiaeducation.ch\/de\/#website"},"primaryImageOfPage":{"@id":"https:\/\/teiaeducation.ch\/de\/produkt\/sortiment-obst-erzi\/#primaryimage"},"image":{"@id":"https:\/\/teiaeducation.ch\/de\/produkt\/sortiment-obst-erzi\/#primaryimage"},"thumbnailUrl":"https:\/\/teiaeducation.ch\/wp-content\/uploads\/2020\/09\/Wooden-assorted-fruits-Erzi-scaled.jpg","datePublished":"2020-09-11T12:39:07+00:00","dateModified":"2024-03-15T14:18:43+00:00","description":"Das Erzi Sortiment Obst besteht aus hochwertigem, realistischem Spielfutter aus Holz in einer Kiste f\u00fcr den Spielladen oder die K\u00fcche Ihres Kindes.","breadcrumb":{"@id":"https:\/\/teiaeducation.ch\/de\/produkt\/sortiment-obst-erzi\/#breadcrumb"},"inLanguage":"de-CH","potentialAction":[{"@type":"ReadAction","target":["https:\/\/teiaeducation.ch\/de\/produkt\/sortiment-obst-erzi\/"]}]},{"@type":"ImageObject","inLanguage":"de-CH","@id":"https:\/\/teiaeducation.ch\/de\/produkt\/sortiment-obst-erzi\/#primaryimage","url":"https:\/\/teiaeducation.ch\/wp-content\/uploads\/2020\/09\/Wooden-assorted-fruits-Erzi-scaled.jpg","contentUrl":"https:\/\/teiaeducation.ch\/wp-content\/uploads\/2020\/09\/Wooden-assorted-fruits-Erzi-scaled.jpg","width":900,"height":900,"caption":"Sortiment Obst aus Holz - realistisches Spielfutter aus Holz - Erzi"},{"@type":"BreadcrumbList","@id":"https:\/\/teiaeducation.ch\/de\/produkt\/sortiment-obst-erzi\/#breadcrumb","itemListElement":[{"@type":"ListItem","position":1,"name":"Home","item":"https:\/\/teiaeducation.ch\/de\/"},{"@type":"ListItem","position":2,"name":"Laden","item":"https:\/\/teiaeducation.ch\/de\/shop\/"},{"@type":"ListItem","position":3,"name":"Sortiment Obst &#8211; Erzi"}]},{"@type":"WebSite","@id":"https:\/\/teiaeducation.ch\/de\/#website","url":"https:\/\/teiaeducation.ch\/de\/","name":"Sustainable Educational Products &amp; Ecological Toys\u00a0","description":"Specialised Swiss shop selling sustainable educational toys and games, AMI certified Montessori materials, handmade ecological wooden Waldorf toys and arts &amp; crafts supplies, school supplies, children&#039;s furniture and Montessori reference and parenting books.","publisher":{"@id":"https:\/\/teiaeducation.ch\/de\/#organization"},"alternateName":"Teia Education & Play","potentialAction":[{"@type":"SearchAction","target":{"@type":"EntryPoint","urlTemplate":"https:\/\/teiaeducation.ch\/de\/?s={search_term_string}"},"query-input":{"@type":"PropertyValueSpecification","valueRequired":true,"valueName":"search_term_string"}}],"inLanguage":"de-CH"},{"@type":"Organization","@id":"https:\/\/teiaeducation.ch\/de\/#organization","name":"Teia Education & Play","url":"https:\/\/teiaeducation.ch\/de\/","logo":{"@type":"ImageObject","inLanguage":"de-CH","@id":"https:\/\/teiaeducation.ch\/de\/#\/schema\/logo\/image\/","url":"https:\/\/teiaeducation.ch\/wp-content\/uploads\/2020\/11\/Teia-Education-Switzerland-e1620156442216.jpg","contentUrl":"https:\/\/teiaeducation.ch\/wp-content\/uploads\/2020\/11\/Teia-Education-Switzerland-e1620156442216.jpg","width":166,"height":145,"caption":"Teia Education & Play"},"image":{"@id":"https:\/\/teiaeducation.ch\/de\/#\/schema\/logo\/image\/"},"sameAs":["https:\/\/www.facebook.com\/teiaeducation\/","https:\/\/x.com\/EducationTeia","https:\/\/www.instagram.com\/teia.education\/","https:\/\/www.linkedin.com\/company\/35501660","https:\/\/www.pinterest.ch\/TeiaEducation\/"]}]}},"_links":{"self":[{"href":"https:\/\/teiaeducation.ch\/de\/wp-json\/wp\/v2\/product\/59640","targetHints":{"allow":["GET"]}}],"collection":[{"href":"https:\/\/teiaeducation.ch\/de\/wp-json\/wp\/v2\/product"}],"about":[{"href":"https:\/\/teiaeducation.ch\/de\/wp-json\/wp\/v2\/types\/product"}],"replies":[{"embeddable":true,"href":"https:\/\/teiaeducation.ch\/de\/wp-json\/wp\/v2\/comments?post=59640"}],"wp:featuredmedia":[{"embeddable":true,"href":"https:\/\/teiaeducation.ch\/de\/wp-json\/wp\/v2\/media\/59641"}],"wp:attachment":[{"href":"https:\/\/teiaeducation.ch\/de\/wp-json\/wp\/v2\/media?parent=59640"}],"wp:term":[{"taxonomy":"product_brand","embeddable":true,"href":"https:\/\/teiaeducation.ch\/de\/wp-json\/wp\/v2\/product_brand?post=59640"},{"taxonomy":"product_cat","embeddable":true,"href":"https:\/\/teiaeducation.ch\/de\/wp-json\/wp\/v2\/product_cat?post=59640"},{"taxonomy":"product_tag","embeddable":true,"href":"https:\/\/teiaeducation.ch\/de\/wp-json\/wp\/v2\/product_tag?post=59640"}],"curies":[{"name":"wp","href":"https:\/\/api.w.org\/{rel}","templated":true}]}}