{"id":59642,"date":"2020-09-11T14:33:54","date_gmt":"2020-09-11T12:33:54","guid":{"rendered":"https:\/\/teiaeducation.ch\/product\/sortierung-big-box-erzi\/"},"modified":"2024-03-15T15:28:43","modified_gmt":"2024-03-15T14:28:43","slug":"sortierung-big-box-erzi","status":"publish","type":"product","link":"https:\/\/teiaeducation.ch\/de\/produkt\/sortierung-big-box-erzi\/","title":{"rendered":"Sortierung Big Box &#8211; Erzi"},"content":{"rendered":"<p>Dieses riesige, hochwertige und realistische Holzspielzeugset &#8220;Sortierung Big Box&#8221; von Erzi enth\u00e4lt alles, was Sie f\u00fcr das <a href=\"https:\/\/teiaeducation.ch\/product-category\/brands\/educo\/pretend-play\/\">vorget\u00e4uschtes Spiel<\/a> ein lustiges Rollenspiel in der Spielk\u00fcche oder im <a href=\"https:\/\/teiaeducation.ch\/product\/wooden-grocers-shop-supermarket-erzi\/\">Laden<\/a> Ihres Kindes brauchen!<\/p>\n<p>Es ist vollgepackt mit herrlich <a href=\"https:\/\/teiaeducation.ch\/product-category\/play\/realistic-wooden-play-food\/\">realistischem Holzspielfutter<\/a> u.a. 1 gro\u00dfe Obstkiste, 1 kleine Obstkiste, 2 gelb-rote \u00c4pfel, 2 gr\u00fcne \u00c4pfel, 2 gr\u00fcn-rote Birnen, 2 Paar Kirschen, 2 Orangen, 1 Zitrone, 1 Banane, gro\u00df, 2 halbe Kiwis, 1 x Kartoffeln im Netz, 2 M\u00f6hren, 3 kleine Tomaten, 1 Radieschenstrau\u00df, 1 Gurke, 1 gelbe Paprika, 1 rote Paprika, 2 Br\u00f6tchen, 1 Brezel, 1 Salami, 1 Streichwurst, 1 Edamer, 1 Honig, 1 Mini-Schokolade, 1 Butter, 3 halbe Eier, 1 Milchflasche, 2 Fruchtjoghurtdrinks, 1 Erzella-Schokoladenaufstrich und 1 Salzbecher.<\/p>\n<p>Diese Erzi Sortierung Big Box wird in Deutschland aus Buchenholz hergestellt und mit ungiftiger Farbe auf Wasserbasis lackiert.<\/p>\n<p>Das umfangreiche Erzi-Sortiment tr\u00e4gt das unverwechselbare G\u00fctesiegel &#8220;made in Germany&#8221;, denn es stammt aus dem Erzgebirge.<\/p>\n<p><a href=\"https:\/\/teiaeducation.ch\/product-category\/brands\/erzi\/\">Erzi<\/a> verwendet f\u00fcr die Herstellung seiner Spielzeuge Holz aus der Region, das mit dem <a href=\"https:\/\/fsc.org\/en\">FSC<\/a>-Siegel (Forest Stewardship Council) zertifiziert und verbessert wurde. Alle Oberfl\u00e4chenbehandlungen wie Farben und Lacke auf Wasserbasis sind ungiftig und jedes Erzi Produkt entspricht den h\u00f6chsten Sicherheitsstandards f\u00fcr Spielzeug. Die hochwertigen <a href=\"https:\/\/teiaeducation.ch\/product-category\/hgh-quality-toys-play\/handmade-wooden-toys\/\">Holzspielzeuge<\/a> und <a href=\"https:\/\/teiaeducation.ch\/product-category\/learning-themes\/\">Lernprodukte<\/a> von Erzi zeichnen sich durch eine gro\u00dfe Vielfalt an nat\u00fcrlichen <a href=\"https:\/\/teiaeducation.ch\/product-category\/learning-themes\/mathematics-numeracy\/shapes\/\">Formen<\/a> und <a href=\"https:\/\/teiaeducation.ch\/product-category\/learning-themes\/sensory-motor-skills\/learning-about-colour\/\">Farben<\/a> aus und sind langlebig und nachhaltig.<\/p>\n<p>Dieses Sushi Spielfutter ist f\u00fcr Kinder ab 3 Jahren geeignet.<\/p>\n<p>Inhalt:<\/p>\n<p>43 Holzteile zum Spielen von Lebensmitteln<\/p>\n","protected":false},"excerpt":{"rendered":"<p>Artikelnummer: 28025<\/p>\n<p>Dieses riesige, hochwertige und realistische Lebensmittel-Set aus Holz von Erzi bietet alles, was Sie f\u00fcr ein lustiges Rollenspiel in der K\u00fcche oder im Laden Ihres Kindes brauchen!<\/p>\n","protected":false},"featured_media":59643,"comment_status":"open","ping_status":"closed","template":"","meta":[],"product_brand":[],"product_cat":[21445,21446,21622,23075,21623,21443,21563,21687,21693,21678,21564],"product_tag":[28261,28260,28506,28508,28233,23134,21887,28412,28507,23139,23135,23136,23137,23138,21886,21885,28275,24315,28131,28276,26515,22676,28274,28273,28272,28271,25203],"class_list":{"0":"post-59642","1":"product","2":"type-product","3":"status-publish","4":"has-post-thumbnail","6":"product_cat-3-6-jahre-vorschule","7":"product_cat-6-12-jahre-grundschule","8":"product_cat-erzi-klassisches-holzspielzeug-de","9":"product_cat-handgefertigtes-holzspielzeug","10":"product_cat-lebensmittelladen-kuechen-zubehoer","11":"product_cat-nach-alter","12":"product_cat-neuheiten","13":"product_cat-phantasievoll-rollenspiel","14":"product_cat-realistisches-lebensmittel-aus-holz","15":"product_cat-kinder-spielzeug","16":"product_cat-unsere-marken","17":"product_tag-deutsche-spielzeuge","18":"product_tag-deutsches-holzspielzeug","19":"product_tag-erzi-big-box-de","20":"product_tag-erzi-holzladen-sortiment","21":"product_tag-erzi-holzspielzeug","22":"product_tag-erzi-laden","23":"product_tag-erzi-schweiz-de","24":"product_tag-erzi-shop-lebensmittel","25":"product_tag-erzi-sortierung-big-box-aus-holz","26":"product_tag-erzi-spielwaren","27":"product_tag-erzi-spielzeug-de","28":"product_tag-erzi-spielzeug-aus-holz","29":"product_tag-erzi-spielzeug-schweiz-de","30":"product_tag-erzi-spielzeug-shop-schweiz","31":"product_tag-erzi-suisse-de","32":"product_tag-erzi-switzerland-de","33":"product_tag-erzi-spielfutter","34":"product_tag-holzspielzeug","35":"product_tag-holzspielzeug-hergestellt-in-deutschland","36":"product_tag-lebensmittel-aus-holz","37":"product_tag-lernspielzeug","38":"product_tag-rollenspielzeug","39":"product_tag-spielcafe-aus-holz","40":"product_tag-spielfutter-aus-holz","41":"product_tag-spielkuche-aus-holz","42":"product_tag-spielothek-aus-holz","43":"product_tag-spielzeug-made-in-germany","45":"first","46":"instock","47":"taxable","48":"shipping-taxable","49":"purchasable","50":"product-type-simple"},"yoast_head":"<!-- This site is optimized with the Yoast SEO plugin v27.3 - https:\/\/yoast.com\/product\/yoast-seo-wordpress\/ -->\n<title>Sortierung Big Box - Erzi - Teia Education &amp; Play<\/title>\n<meta name=\"description\" content=\"Die Erzi Sortierung Big Box aus hochwertigem, realistischem Holzspielzeug f\u00fcr das Rollenspiel in der Spielk\u00fcche oder im Laden Ihres Kindes.\" \/>\n<meta name=\"robots\" content=\"index, follow, max-snippet:-1, max-image-preview:large, max-video-preview:-1\" \/>\n<link rel=\"canonical\" href=\"https:\/\/teiaeducation.ch\/de\/produkt\/sortierung-big-box-erzi\/\" \/>\n<meta property=\"og:locale\" content=\"de_DE\" \/>\n<meta property=\"og:type\" content=\"article\" \/>\n<meta property=\"og:title\" content=\"Sortierung Big Box - Erzi - Teia Education &amp; Play\" \/>\n<meta property=\"og:description\" content=\"Die Erzi Sortierung Big Box aus hochwertigem, realistischem Holzspielzeug f\u00fcr das Rollenspiel in der Spielk\u00fcche oder im Laden Ihres Kindes.\" \/>\n<meta property=\"og:url\" content=\"https:\/\/teiaeducation.ch\/de\/produkt\/sortierung-big-box-erzi\/\" \/>\n<meta property=\"og:site_name\" content=\"Sustainable Educational Products &amp; Ecological Toys\u00a0\" \/>\n<meta property=\"article:publisher\" content=\"https:\/\/www.facebook.com\/teiaeducation\/\" \/>\n<meta property=\"article:modified_time\" content=\"2024-03-15T14:28:43+00:00\" \/>\n<meta property=\"og:image\" content=\"https:\/\/teiaeducation.ch\/wp-content\/uploads\/2020\/09\/Wooden-shop-assortment-big-box-Erzi.jpg\" \/>\n\t<meta property=\"og:image:width\" content=\"900\" \/>\n\t<meta property=\"og:image:height\" content=\"900\" \/>\n\t<meta property=\"og:image:type\" content=\"image\/jpeg\" \/>\n<script type=\"application\/ld+json\" class=\"yoast-schema-graph\">{\"@context\":\"https:\\\/\\\/schema.org\",\"@graph\":[{\"@type\":\"WebPage\",\"@id\":\"https:\\\/\\\/teiaeducation.ch\\\/de\\\/produkt\\\/sortierung-big-box-erzi\\\/\",\"url\":\"https:\\\/\\\/teiaeducation.ch\\\/de\\\/produkt\\\/sortierung-big-box-erzi\\\/\",\"name\":\"Sortierung Big Box - Erzi - Teia Education & Play\",\"isPartOf\":{\"@id\":\"https:\\\/\\\/teiaeducation.ch\\\/de\\\/#website\"},\"primaryImageOfPage\":{\"@id\":\"https:\\\/\\\/teiaeducation.ch\\\/de\\\/produkt\\\/sortierung-big-box-erzi\\\/#primaryimage\"},\"image\":{\"@id\":\"https:\\\/\\\/teiaeducation.ch\\\/de\\\/produkt\\\/sortierung-big-box-erzi\\\/#primaryimage\"},\"thumbnailUrl\":\"https:\\\/\\\/teiaeducation.ch\\\/wp-content\\\/uploads\\\/2020\\\/09\\\/Wooden-shop-assortment-big-box-Erzi.jpg\",\"datePublished\":\"2020-09-11T12:33:54+00:00\",\"dateModified\":\"2024-03-15T14:28:43+00:00\",\"description\":\"Die Erzi Sortierung Big Box aus hochwertigem, realistischem Holzspielzeug f\u00fcr das Rollenspiel in der Spielk\u00fcche oder im Laden Ihres Kindes.\",\"breadcrumb\":{\"@id\":\"https:\\\/\\\/teiaeducation.ch\\\/de\\\/produkt\\\/sortierung-big-box-erzi\\\/#breadcrumb\"},\"inLanguage\":\"de-CH\",\"potentialAction\":[{\"@type\":\"ReadAction\",\"target\":[\"https:\\\/\\\/teiaeducation.ch\\\/de\\\/produkt\\\/sortierung-big-box-erzi\\\/\"]}]},{\"@type\":\"ImageObject\",\"inLanguage\":\"de-CH\",\"@id\":\"https:\\\/\\\/teiaeducation.ch\\\/de\\\/produkt\\\/sortierung-big-box-erzi\\\/#primaryimage\",\"url\":\"https:\\\/\\\/teiaeducation.ch\\\/wp-content\\\/uploads\\\/2020\\\/09\\\/Wooden-shop-assortment-big-box-Erzi.jpg\",\"contentUrl\":\"https:\\\/\\\/teiaeducation.ch\\\/wp-content\\\/uploads\\\/2020\\\/09\\\/Wooden-shop-assortment-big-box-Erzi.jpg\",\"width\":900,\"height\":900,\"caption\":\"Sortierung Big Box aus Holz - realistisches Spielfutter aus Holz - Erzi\"},{\"@type\":\"BreadcrumbList\",\"@id\":\"https:\\\/\\\/teiaeducation.ch\\\/de\\\/produkt\\\/sortierung-big-box-erzi\\\/#breadcrumb\",\"itemListElement\":[{\"@type\":\"ListItem\",\"position\":1,\"name\":\"Home\",\"item\":\"https:\\\/\\\/teiaeducation.ch\\\/de\\\/\"},{\"@type\":\"ListItem\",\"position\":2,\"name\":\"Laden\",\"item\":\"https:\\\/\\\/teiaeducation.ch\\\/de\\\/shop\\\/\"},{\"@type\":\"ListItem\",\"position\":3,\"name\":\"Unsere Marken\",\"item\":\"https:\\\/\\\/teiaeducation.ch\\\/de\\\/produkt-kategorie\\\/unsere-marken\\\/\"},{\"@type\":\"ListItem\",\"position\":4,\"name\":\"Erzi\",\"item\":\"https:\\\/\\\/teiaeducation.ch\\\/de\\\/produkt-kategorie\\\/unsere-marken\\\/erzi-klassisches-holzspielzeug-de\\\/\"},{\"@type\":\"ListItem\",\"position\":5,\"name\":\"Lebensmittelladen, K\u00fcchen &amp; Zubeh\u00f6r\",\"item\":\"https:\\\/\\\/teiaeducation.ch\\\/de\\\/produkt-kategorie\\\/unsere-marken\\\/erzi-klassisches-holzspielzeug-de\\\/lebensmittelladen-kuechen-zubehoer\\\/\"},{\"@type\":\"ListItem\",\"position\":6,\"name\":\"Sortierung Big Box &#8211; Erzi\"}]},{\"@type\":\"WebSite\",\"@id\":\"https:\\\/\\\/teiaeducation.ch\\\/de\\\/#website\",\"url\":\"https:\\\/\\\/teiaeducation.ch\\\/de\\\/\",\"name\":\"Sustainable Educational Products &amp; Ecological Toys\u00a0\",\"description\":\"Specialised Swiss shop selling sustainable educational toys and games, AMI certified Montessori materials, handmade ecological wooden Waldorf toys and arts &amp; crafts supplies, school supplies, children&#039;s furniture and Montessori reference and parenting books.\",\"publisher\":{\"@id\":\"https:\\\/\\\/teiaeducation.ch\\\/de\\\/#organization\"},\"alternateName\":\"Teia Education & Play\",\"potentialAction\":[{\"@type\":\"SearchAction\",\"target\":{\"@type\":\"EntryPoint\",\"urlTemplate\":\"https:\\\/\\\/teiaeducation.ch\\\/de\\\/?s={search_term_string}\"},\"query-input\":{\"@type\":\"PropertyValueSpecification\",\"valueRequired\":true,\"valueName\":\"search_term_string\"}}],\"inLanguage\":\"de-CH\"},{\"@type\":\"Organization\",\"@id\":\"https:\\\/\\\/teiaeducation.ch\\\/de\\\/#organization\",\"name\":\"Teia Education & Play\",\"url\":\"https:\\\/\\\/teiaeducation.ch\\\/de\\\/\",\"logo\":{\"@type\":\"ImageObject\",\"inLanguage\":\"de-CH\",\"@id\":\"https:\\\/\\\/teiaeducation.ch\\\/de\\\/#\\\/schema\\\/logo\\\/image\\\/\",\"url\":\"https:\\\/\\\/teiaeducation.ch\\\/wp-content\\\/uploads\\\/2020\\\/11\\\/Teia-Education-Switzerland-e1620156442216.jpg\",\"contentUrl\":\"https:\\\/\\\/teiaeducation.ch\\\/wp-content\\\/uploads\\\/2020\\\/11\\\/Teia-Education-Switzerland-e1620156442216.jpg\",\"width\":166,\"height\":145,\"caption\":\"Teia Education & Play\"},\"image\":{\"@id\":\"https:\\\/\\\/teiaeducation.ch\\\/de\\\/#\\\/schema\\\/logo\\\/image\\\/\"},\"sameAs\":[\"https:\\\/\\\/www.facebook.com\\\/teiaeducation\\\/\",\"https:\\\/\\\/x.com\\\/EducationTeia\",\"https:\\\/\\\/www.instagram.com\\\/teia.education\\\/\",\"https:\\\/\\\/www.linkedin.com\\\/company\\\/35501660\",\"https:\\\/\\\/www.pinterest.ch\\\/TeiaEducation\\\/\"]}]}<\/script>\n<!-- \/ Yoast SEO plugin. -->","yoast_head_json":{"title":"Sortierung Big Box - Erzi - Teia Education & Play","description":"Die Erzi Sortierung Big Box aus hochwertigem, realistischem Holzspielzeug f\u00fcr das Rollenspiel in der Spielk\u00fcche oder im Laden Ihres Kindes.","robots":{"index":"index","follow":"follow","max-snippet":"max-snippet:-1","max-image-preview":"max-image-preview:large","max-video-preview":"max-video-preview:-1"},"canonical":"https:\/\/teiaeducation.ch\/de\/produkt\/sortierung-big-box-erzi\/","og_locale":"de_DE","og_type":"article","og_title":"Sortierung Big Box - Erzi - Teia Education & Play","og_description":"Die Erzi Sortierung Big Box aus hochwertigem, realistischem Holzspielzeug f\u00fcr das Rollenspiel in der Spielk\u00fcche oder im Laden Ihres Kindes.","og_url":"https:\/\/teiaeducation.ch\/de\/produkt\/sortierung-big-box-erzi\/","og_site_name":"Sustainable Educational Products &amp; Ecological Toys\u00a0","article_publisher":"https:\/\/www.facebook.com\/teiaeducation\/","article_modified_time":"2024-03-15T14:28:43+00:00","og_image":[{"width":900,"height":900,"url":"https:\/\/teiaeducation.ch\/wp-content\/uploads\/2020\/09\/Wooden-shop-assortment-big-box-Erzi.jpg","type":"image\/jpeg"}],"schema":{"@context":"https:\/\/schema.org","@graph":[{"@type":"WebPage","@id":"https:\/\/teiaeducation.ch\/de\/produkt\/sortierung-big-box-erzi\/","url":"https:\/\/teiaeducation.ch\/de\/produkt\/sortierung-big-box-erzi\/","name":"Sortierung Big Box - Erzi - Teia Education & Play","isPartOf":{"@id":"https:\/\/teiaeducation.ch\/de\/#website"},"primaryImageOfPage":{"@id":"https:\/\/teiaeducation.ch\/de\/produkt\/sortierung-big-box-erzi\/#primaryimage"},"image":{"@id":"https:\/\/teiaeducation.ch\/de\/produkt\/sortierung-big-box-erzi\/#primaryimage"},"thumbnailUrl":"https:\/\/teiaeducation.ch\/wp-content\/uploads\/2020\/09\/Wooden-shop-assortment-big-box-Erzi.jpg","datePublished":"2020-09-11T12:33:54+00:00","dateModified":"2024-03-15T14:28:43+00:00","description":"Die Erzi Sortierung Big Box aus hochwertigem, realistischem Holzspielzeug f\u00fcr das Rollenspiel in der Spielk\u00fcche oder im Laden Ihres Kindes.","breadcrumb":{"@id":"https:\/\/teiaeducation.ch\/de\/produkt\/sortierung-big-box-erzi\/#breadcrumb"},"inLanguage":"de-CH","potentialAction":[{"@type":"ReadAction","target":["https:\/\/teiaeducation.ch\/de\/produkt\/sortierung-big-box-erzi\/"]}]},{"@type":"ImageObject","inLanguage":"de-CH","@id":"https:\/\/teiaeducation.ch\/de\/produkt\/sortierung-big-box-erzi\/#primaryimage","url":"https:\/\/teiaeducation.ch\/wp-content\/uploads\/2020\/09\/Wooden-shop-assortment-big-box-Erzi.jpg","contentUrl":"https:\/\/teiaeducation.ch\/wp-content\/uploads\/2020\/09\/Wooden-shop-assortment-big-box-Erzi.jpg","width":900,"height":900,"caption":"Sortierung Big Box aus Holz - realistisches Spielfutter aus Holz - Erzi"},{"@type":"BreadcrumbList","@id":"https:\/\/teiaeducation.ch\/de\/produkt\/sortierung-big-box-erzi\/#breadcrumb","itemListElement":[{"@type":"ListItem","position":1,"name":"Home","item":"https:\/\/teiaeducation.ch\/de\/"},{"@type":"ListItem","position":2,"name":"Laden","item":"https:\/\/teiaeducation.ch\/de\/shop\/"},{"@type":"ListItem","position":3,"name":"Unsere Marken","item":"https:\/\/teiaeducation.ch\/de\/produkt-kategorie\/unsere-marken\/"},{"@type":"ListItem","position":4,"name":"Erzi","item":"https:\/\/teiaeducation.ch\/de\/produkt-kategorie\/unsere-marken\/erzi-klassisches-holzspielzeug-de\/"},{"@type":"ListItem","position":5,"name":"Lebensmittelladen, K\u00fcchen &amp; Zubeh\u00f6r","item":"https:\/\/teiaeducation.ch\/de\/produkt-kategorie\/unsere-marken\/erzi-klassisches-holzspielzeug-de\/lebensmittelladen-kuechen-zubehoer\/"},{"@type":"ListItem","position":6,"name":"Sortierung Big Box &#8211; Erzi"}]},{"@type":"WebSite","@id":"https:\/\/teiaeducation.ch\/de\/#website","url":"https:\/\/teiaeducation.ch\/de\/","name":"Sustainable Educational Products &amp; Ecological Toys\u00a0","description":"Specialised Swiss shop selling sustainable educational toys and games, AMI certified Montessori materials, handmade ecological wooden Waldorf toys and arts &amp; crafts supplies, school supplies, children&#039;s furniture and Montessori reference and parenting books.","publisher":{"@id":"https:\/\/teiaeducation.ch\/de\/#organization"},"alternateName":"Teia Education & Play","potentialAction":[{"@type":"SearchAction","target":{"@type":"EntryPoint","urlTemplate":"https:\/\/teiaeducation.ch\/de\/?s={search_term_string}"},"query-input":{"@type":"PropertyValueSpecification","valueRequired":true,"valueName":"search_term_string"}}],"inLanguage":"de-CH"},{"@type":"Organization","@id":"https:\/\/teiaeducation.ch\/de\/#organization","name":"Teia Education & Play","url":"https:\/\/teiaeducation.ch\/de\/","logo":{"@type":"ImageObject","inLanguage":"de-CH","@id":"https:\/\/teiaeducation.ch\/de\/#\/schema\/logo\/image\/","url":"https:\/\/teiaeducation.ch\/wp-content\/uploads\/2020\/11\/Teia-Education-Switzerland-e1620156442216.jpg","contentUrl":"https:\/\/teiaeducation.ch\/wp-content\/uploads\/2020\/11\/Teia-Education-Switzerland-e1620156442216.jpg","width":166,"height":145,"caption":"Teia Education & Play"},"image":{"@id":"https:\/\/teiaeducation.ch\/de\/#\/schema\/logo\/image\/"},"sameAs":["https:\/\/www.facebook.com\/teiaeducation\/","https:\/\/x.com\/EducationTeia","https:\/\/www.instagram.com\/teia.education\/","https:\/\/www.linkedin.com\/company\/35501660","https:\/\/www.pinterest.ch\/TeiaEducation\/"]}]}},"_links":{"self":[{"href":"https:\/\/teiaeducation.ch\/de\/wp-json\/wp\/v2\/product\/59642","targetHints":{"allow":["GET"]}}],"collection":[{"href":"https:\/\/teiaeducation.ch\/de\/wp-json\/wp\/v2\/product"}],"about":[{"href":"https:\/\/teiaeducation.ch\/de\/wp-json\/wp\/v2\/types\/product"}],"replies":[{"embeddable":true,"href":"https:\/\/teiaeducation.ch\/de\/wp-json\/wp\/v2\/comments?post=59642"}],"wp:featuredmedia":[{"embeddable":true,"href":"https:\/\/teiaeducation.ch\/de\/wp-json\/wp\/v2\/media\/59643"}],"wp:attachment":[{"href":"https:\/\/teiaeducation.ch\/de\/wp-json\/wp\/v2\/media?parent=59642"}],"wp:term":[{"taxonomy":"product_brand","embeddable":true,"href":"https:\/\/teiaeducation.ch\/de\/wp-json\/wp\/v2\/product_brand?post=59642"},{"taxonomy":"product_cat","embeddable":true,"href":"https:\/\/teiaeducation.ch\/de\/wp-json\/wp\/v2\/product_cat?post=59642"},{"taxonomy":"product_tag","embeddable":true,"href":"https:\/\/teiaeducation.ch\/de\/wp-json\/wp\/v2\/product_tag?post=59642"}],"curies":[{"name":"wp","href":"https:\/\/api.w.org\/{rel}","templated":true}]}}