{"id":59654,"date":"2020-09-11T14:19:16","date_gmt":"2020-09-11T12:19:16","guid":{"rendered":"https:\/\/teiaeducation.ch\/product\/spielgeld-erzi\/"},"modified":"2025-12-11T18:00:28","modified_gmt":"2025-12-11T17:00:28","slug":"spielgeld-erzi","status":"publish","type":"product","link":"https:\/\/teiaeducation.ch\/de\/produkt\/spielgeld-erzi\/","title":{"rendered":"Spielgeld &#8211; Erzi"},"content":{"rendered":"<p>Mit dem Geldspielset von Erzi macht das Spielen im <a href=\"https:\/\/teiaeducation.ch\/de\/produkt-kategorie\/kinder-spielzeug\/phantasievoll-rollenspiel\/\">Vorget\u00e4uschtes<\/a> Gesch\u00e4ft noch mehr Spa\u00df und macht die Kinder mit dem Konzept des Geldes vertraut. Mit 88 Teilen, darunter bunt bedruckte <a href=\"https:\/\/europa.eu\/european-union\/about-eu\/euro\/which-countries-use-euro_en\">Euro<\/a> Papier- und Kunststoffm\u00fcnzen sowie 2 Kreditkarten. Das Erzi Spielgeld eignet sich perfekt zum Einkaufen mit der modernen und farbenfrohen <a href=\"https:\/\/teiaeducation.ch\/de\/produkt\/kasse-erzi\/\">Holzkasse<\/a> von Erzi, den realistischen Spiellebensmitteln aus Holz und dem <a href=\"https:\/\/teiaeducation.ch\/de\/?attachment_id=29064\">Supermarkt des Lebensmittelladens<\/a> aus Holz.<\/p>\n<p>Das umfangreiche Erzi-Sortiment tr\u00e4gt das unverwechselbare G\u00fctesiegel &#8220;made in Germany&#8221;, denn es stammt aus dem Erzgebirge.<\/p>\n<p><a href=\"https:\/\/teiaeducation.ch\/de\/produkt-kategorie\/unsere-marken\/erzi-klassisches-holzspielzeug-de\/\">Erzi<\/a> verwendet f\u00fcr die Herstellung seiner Spielzeuge Holz aus der Region, das mit dem <a href=\"https:\/\/fsc.org\/en\">FSC<\/a>-Siegel (Forest Stewardship Council) zertifiziert und verbessert wurde. Alle Oberfl\u00e4chenbehandlungen wie Farben und Lacke auf Wasserbasis sind ungiftig und jedes Erzi Produkt entspricht den h\u00f6chsten Sicherheitsstandards f\u00fcr Spielzeug. Die hochwertigen <a href=\"https:\/\/teiaeducation.ch\/de\/produkt-kategorie\/kinder-spielzeug\/handgefertigtes-holzspielzeug\/\">Holzspielzeuge<\/a> und <a href=\"https:\/\/teiaeducation.ch\/de\/produkt-kategorie\/lernthemen\/\">Lernprodukte<\/a> von Erzi zeichnen sich durch eine gro\u00dfe Vielfalt an nat\u00fcrlichen <a href=\"https:\/\/teiaeducation.ch\/de\/produkt-kategorie\/lernthemen\/mathematik-rechnen\/formen\/\">Formen<\/a> und <a href=\"https:\/\/teiaeducation.ch\/de\/produkt-kategorie\/lernthemen\/sensorische-motorische-fertigkeiten\/farbe-lernen\/\">Farben<\/a> aus und sind langlebig und nachhaltig.<\/p>\n<p>Das Erzi-Spielgeld-Set ist f\u00fcr Kinder ab 3 Jahren geeignet.<\/p>\n<p>Inhalt:<\/p>\n<p>88 St\u00fcck, darunter Papierscheine, Plastikm\u00fcnzen und 2 Karten.<\/p>\n","protected":false},"excerpt":{"rendered":"<p>Artikelnummer: 10560<\/p>\n<p>Erzi&#8217;s Spielgeld-Set f\u00fcr lustiges Einkaufen macht Kinder schon fr\u00fch mit dem Konzept des Geldes vertraut &#8211; mit Scheinen, M\u00fcnzen und 2 Karten.<\/p>\n","protected":false},"featured_media":59655,"comment_status":"open","ping_status":"closed","template":"","meta":[],"product_brand":[],"product_cat":[21445,21446,21671,23651,21622,21623,21624,21509,21537,21443,21563,21687,22362,21678,21564,21540],"product_tag":[28525,23139,23135,23136,28524,23137,23138,28527,28526,28531,22676,28528,28529,28530],"class_list":{"0":"post-59654","1":"product","2":"type-product","3":"status-publish","4":"has-post-thumbnail","6":"product_cat-3-6-jahre-vorschule","7":"product_cat-6-12-jahre-grundschule","8":"product_cat-angebot","9":"product_cat-back-to-school-de","10":"product_cat-erzi-klassisches-holzspielzeug-de","11":"product_cat-lebensmittelladen-kuechen-zubehoer","12":"product_cat-lernmaterialien","13":"product_cat-lernthemen","14":"product_cat-mathematik-rechnen","15":"product_cat-nach-alter","16":"product_cat-neuheiten","17":"product_cat-phantasievoll-rollenspiel","18":"product_cat-saisonale-kollektionen","19":"product_cat-kinder-spielzeug","20":"product_cat-unsere-marken","21":"product_cat-zaehlen","22":"product_tag-erzi-spielgeld","23":"product_tag-erzi-spielwaren","24":"product_tag-erzi-spielzeug-de","25":"product_tag-erzi-spielzeug-aus-holz","26":"product_tag-erzi-spielzeug-schweiz-de-2","27":"product_tag-erzi-spielzeug-schweiz-de","28":"product_tag-erzi-spielzeug-shop-schweiz","29":"product_tag-euro-vorgeben-set","30":"product_tag-geld-vorgeben-set","31":"product_tag-laden-spielgeld","32":"product_tag-rollenspielzeug","33":"product_tag-spielgeld","34":"product_tag-spielgeld-schweiz","35":"product_tag-zubehor-fur-den-spielwarenladen","37":"first","38":"instock","39":"sale","40":"taxable","41":"shipping-taxable","42":"purchasable","43":"product-type-simple"},"yoast_head":"<!-- This site is optimized with the Yoast SEO plugin v27.1.1 - https:\/\/yoast.com\/product\/yoast-seo-wordpress\/ -->\n<title>Spielgeld - Erzi<\/title>\n<meta name=\"description\" content=\"Erzi&#039;s Spielgeld-Set f\u00fcr lustiges Einkaufen macht Kinder schon fr\u00fch mit dem Konzept des Geldes vertraut - mit Scheinen, M\u00fcnzen und 2 Karten.\" \/>\n<meta name=\"robots\" content=\"index, follow, max-snippet:-1, max-image-preview:large, max-video-preview:-1\" \/>\n<link rel=\"canonical\" href=\"https:\/\/teiaeducation.ch\/de\/produkt\/spielgeld-erzi\/\" \/>\n<meta property=\"og:locale\" content=\"de_DE\" \/>\n<meta property=\"og:type\" content=\"article\" \/>\n<meta property=\"og:title\" content=\"Spielgeld - Erzi\" \/>\n<meta property=\"og:description\" content=\"Erzi&#039;s Spielgeld-Set f\u00fcr lustiges Einkaufen macht Kinder schon fr\u00fch mit dem Konzept des Geldes vertraut - mit Scheinen, M\u00fcnzen und 2 Karten.\" \/>\n<meta property=\"og:url\" content=\"https:\/\/teiaeducation.ch\/de\/produkt\/spielgeld-erzi\/\" \/>\n<meta property=\"og:site_name\" content=\"Sustainable Educational Products &amp; Ecological Toys\u00a0\" \/>\n<meta property=\"article:publisher\" content=\"https:\/\/www.facebook.com\/teiaeducation\/\" \/>\n<meta property=\"article:modified_time\" content=\"2025-12-11T17:00:28+00:00\" \/>\n<meta property=\"og:image\" content=\"https:\/\/teiaeducation.ch\/wp-content\/uploads\/2020\/09\/Play-money-Erzi.jpg\" \/>\n\t<meta property=\"og:image:width\" content=\"900\" \/>\n\t<meta property=\"og:image:height\" content=\"900\" \/>\n\t<meta property=\"og:image:type\" content=\"image\/jpeg\" \/>\n<script type=\"application\/ld+json\" class=\"yoast-schema-graph\">{\"@context\":\"https:\/\/schema.org\",\"@graph\":[{\"@type\":\"WebPage\",\"@id\":\"https:\/\/teiaeducation.ch\/de\/produkt\/spielgeld-erzi\/\",\"url\":\"https:\/\/teiaeducation.ch\/de\/produkt\/spielgeld-erzi\/\",\"name\":\"Spielgeld - Erzi\",\"isPartOf\":{\"@id\":\"https:\/\/teiaeducation.ch\/de\/#website\"},\"primaryImageOfPage\":{\"@id\":\"https:\/\/teiaeducation.ch\/de\/produkt\/spielgeld-erzi\/#primaryimage\"},\"image\":{\"@id\":\"https:\/\/teiaeducation.ch\/de\/produkt\/spielgeld-erzi\/#primaryimage\"},\"thumbnailUrl\":\"https:\/\/teiaeducation.ch\/wp-content\/uploads\/2020\/09\/Play-money-Erzi.jpg\",\"datePublished\":\"2020-09-11T12:19:16+00:00\",\"dateModified\":\"2025-12-11T17:00:28+00:00\",\"description\":\"Erzi's Spielgeld-Set f\u00fcr lustiges Einkaufen macht Kinder schon fr\u00fch mit dem Konzept des Geldes vertraut - mit Scheinen, M\u00fcnzen und 2 Karten.\",\"breadcrumb\":{\"@id\":\"https:\/\/teiaeducation.ch\/de\/produkt\/spielgeld-erzi\/#breadcrumb\"},\"inLanguage\":\"de-CH\",\"potentialAction\":[{\"@type\":\"ReadAction\",\"target\":[\"https:\/\/teiaeducation.ch\/de\/produkt\/spielgeld-erzi\/\"]}]},{\"@type\":\"ImageObject\",\"inLanguage\":\"de-CH\",\"@id\":\"https:\/\/teiaeducation.ch\/de\/produkt\/spielgeld-erzi\/#primaryimage\",\"url\":\"https:\/\/teiaeducation.ch\/wp-content\/uploads\/2020\/09\/Play-money-Erzi.jpg\",\"contentUrl\":\"https:\/\/teiaeducation.ch\/wp-content\/uploads\/2020\/09\/Play-money-Erzi.jpg\",\"width\":900,\"height\":900,\"caption\":\"Spielgeld - Erzi\"},{\"@type\":\"BreadcrumbList\",\"@id\":\"https:\/\/teiaeducation.ch\/de\/produkt\/spielgeld-erzi\/#breadcrumb\",\"itemListElement\":[{\"@type\":\"ListItem\",\"position\":1,\"name\":\"Home\",\"item\":\"https:\/\/teiaeducation.ch\/de\/\"},{\"@type\":\"ListItem\",\"position\":2,\"name\":\"Laden\",\"item\":\"https:\/\/teiaeducation.ch\/de\/shop\/\"},{\"@type\":\"ListItem\",\"position\":3,\"name\":\"Unsere Marken\",\"item\":\"https:\/\/teiaeducation.ch\/de\/produkt-kategorie\/unsere-marken\/\"},{\"@type\":\"ListItem\",\"position\":4,\"name\":\"Erzi\",\"item\":\"https:\/\/teiaeducation.ch\/de\/produkt-kategorie\/unsere-marken\/erzi-klassisches-holzspielzeug-de\/\"},{\"@type\":\"ListItem\",\"position\":5,\"name\":\"Lebensmittelladen, K\u00fcchen &amp; Zubeh\u00f6r\",\"item\":\"https:\/\/teiaeducation.ch\/de\/produkt-kategorie\/unsere-marken\/erzi-klassisches-holzspielzeug-de\/lebensmittelladen-kuechen-zubehoer\/\"},{\"@type\":\"ListItem\",\"position\":6,\"name\":\"Spielgeld &#8211; Erzi\"}]},{\"@type\":\"WebSite\",\"@id\":\"https:\/\/teiaeducation.ch\/de\/#website\",\"url\":\"https:\/\/teiaeducation.ch\/de\/\",\"name\":\"Sustainable Educational Products &amp; Ecological Toys\u00a0\",\"description\":\"Specialised Swiss shop selling sustainable educational toys and games, AMI certified Montessori materials, handmade ecological wooden Waldorf toys and arts &amp; crafts supplies, school supplies, children&#039;s furniture and Montessori reference and parenting books.\",\"publisher\":{\"@id\":\"https:\/\/teiaeducation.ch\/de\/#organization\"},\"alternateName\":\"Teia Education & Play\",\"potentialAction\":[{\"@type\":\"SearchAction\",\"target\":{\"@type\":\"EntryPoint\",\"urlTemplate\":\"https:\/\/teiaeducation.ch\/de\/?s={search_term_string}\"},\"query-input\":{\"@type\":\"PropertyValueSpecification\",\"valueRequired\":true,\"valueName\":\"search_term_string\"}}],\"inLanguage\":\"de-CH\"},{\"@type\":\"Organization\",\"@id\":\"https:\/\/teiaeducation.ch\/de\/#organization\",\"name\":\"Teia Education & Play\",\"url\":\"https:\/\/teiaeducation.ch\/de\/\",\"logo\":{\"@type\":\"ImageObject\",\"inLanguage\":\"de-CH\",\"@id\":\"https:\/\/teiaeducation.ch\/de\/#\/schema\/logo\/image\/\",\"url\":\"https:\/\/teiaeducation.ch\/wp-content\/uploads\/2020\/11\/Teia-Education-Switzerland-e1620156442216.jpg\",\"contentUrl\":\"https:\/\/teiaeducation.ch\/wp-content\/uploads\/2020\/11\/Teia-Education-Switzerland-e1620156442216.jpg\",\"width\":166,\"height\":145,\"caption\":\"Teia Education & Play\"},\"image\":{\"@id\":\"https:\/\/teiaeducation.ch\/de\/#\/schema\/logo\/image\/\"},\"sameAs\":[\"https:\/\/www.facebook.com\/teiaeducation\/\",\"https:\/\/x.com\/EducationTeia\",\"https:\/\/www.instagram.com\/teia.education\/\",\"https:\/\/www.linkedin.com\/company\/35501660\",\"https:\/\/www.pinterest.ch\/TeiaEducation\/\"]}]}<\/script>\n<!-- \/ Yoast SEO plugin. -->","yoast_head_json":{"title":"Spielgeld - Erzi","description":"Erzi's Spielgeld-Set f\u00fcr lustiges Einkaufen macht Kinder schon fr\u00fch mit dem Konzept des Geldes vertraut - mit Scheinen, M\u00fcnzen und 2 Karten.","robots":{"index":"index","follow":"follow","max-snippet":"max-snippet:-1","max-image-preview":"max-image-preview:large","max-video-preview":"max-video-preview:-1"},"canonical":"https:\/\/teiaeducation.ch\/de\/produkt\/spielgeld-erzi\/","og_locale":"de_DE","og_type":"article","og_title":"Spielgeld - Erzi","og_description":"Erzi's Spielgeld-Set f\u00fcr lustiges Einkaufen macht Kinder schon fr\u00fch mit dem Konzept des Geldes vertraut - mit Scheinen, M\u00fcnzen und 2 Karten.","og_url":"https:\/\/teiaeducation.ch\/de\/produkt\/spielgeld-erzi\/","og_site_name":"Sustainable Educational Products &amp; Ecological Toys\u00a0","article_publisher":"https:\/\/www.facebook.com\/teiaeducation\/","article_modified_time":"2025-12-11T17:00:28+00:00","og_image":[{"width":900,"height":900,"url":"https:\/\/teiaeducation.ch\/wp-content\/uploads\/2020\/09\/Play-money-Erzi.jpg","type":"image\/jpeg"}],"schema":{"@context":"https:\/\/schema.org","@graph":[{"@type":"WebPage","@id":"https:\/\/teiaeducation.ch\/de\/produkt\/spielgeld-erzi\/","url":"https:\/\/teiaeducation.ch\/de\/produkt\/spielgeld-erzi\/","name":"Spielgeld - Erzi","isPartOf":{"@id":"https:\/\/teiaeducation.ch\/de\/#website"},"primaryImageOfPage":{"@id":"https:\/\/teiaeducation.ch\/de\/produkt\/spielgeld-erzi\/#primaryimage"},"image":{"@id":"https:\/\/teiaeducation.ch\/de\/produkt\/spielgeld-erzi\/#primaryimage"},"thumbnailUrl":"https:\/\/teiaeducation.ch\/wp-content\/uploads\/2020\/09\/Play-money-Erzi.jpg","datePublished":"2020-09-11T12:19:16+00:00","dateModified":"2025-12-11T17:00:28+00:00","description":"Erzi's Spielgeld-Set f\u00fcr lustiges Einkaufen macht Kinder schon fr\u00fch mit dem Konzept des Geldes vertraut - mit Scheinen, M\u00fcnzen und 2 Karten.","breadcrumb":{"@id":"https:\/\/teiaeducation.ch\/de\/produkt\/spielgeld-erzi\/#breadcrumb"},"inLanguage":"de-CH","potentialAction":[{"@type":"ReadAction","target":["https:\/\/teiaeducation.ch\/de\/produkt\/spielgeld-erzi\/"]}]},{"@type":"ImageObject","inLanguage":"de-CH","@id":"https:\/\/teiaeducation.ch\/de\/produkt\/spielgeld-erzi\/#primaryimage","url":"https:\/\/teiaeducation.ch\/wp-content\/uploads\/2020\/09\/Play-money-Erzi.jpg","contentUrl":"https:\/\/teiaeducation.ch\/wp-content\/uploads\/2020\/09\/Play-money-Erzi.jpg","width":900,"height":900,"caption":"Spielgeld - Erzi"},{"@type":"BreadcrumbList","@id":"https:\/\/teiaeducation.ch\/de\/produkt\/spielgeld-erzi\/#breadcrumb","itemListElement":[{"@type":"ListItem","position":1,"name":"Home","item":"https:\/\/teiaeducation.ch\/de\/"},{"@type":"ListItem","position":2,"name":"Laden","item":"https:\/\/teiaeducation.ch\/de\/shop\/"},{"@type":"ListItem","position":3,"name":"Unsere Marken","item":"https:\/\/teiaeducation.ch\/de\/produkt-kategorie\/unsere-marken\/"},{"@type":"ListItem","position":4,"name":"Erzi","item":"https:\/\/teiaeducation.ch\/de\/produkt-kategorie\/unsere-marken\/erzi-klassisches-holzspielzeug-de\/"},{"@type":"ListItem","position":5,"name":"Lebensmittelladen, K\u00fcchen &amp; Zubeh\u00f6r","item":"https:\/\/teiaeducation.ch\/de\/produkt-kategorie\/unsere-marken\/erzi-klassisches-holzspielzeug-de\/lebensmittelladen-kuechen-zubehoer\/"},{"@type":"ListItem","position":6,"name":"Spielgeld &#8211; Erzi"}]},{"@type":"WebSite","@id":"https:\/\/teiaeducation.ch\/de\/#website","url":"https:\/\/teiaeducation.ch\/de\/","name":"Sustainable Educational Products &amp; Ecological Toys\u00a0","description":"Specialised Swiss shop selling sustainable educational toys and games, AMI certified Montessori materials, handmade ecological wooden Waldorf toys and arts &amp; crafts supplies, school supplies, children&#039;s furniture and Montessori reference and parenting books.","publisher":{"@id":"https:\/\/teiaeducation.ch\/de\/#organization"},"alternateName":"Teia Education & Play","potentialAction":[{"@type":"SearchAction","target":{"@type":"EntryPoint","urlTemplate":"https:\/\/teiaeducation.ch\/de\/?s={search_term_string}"},"query-input":{"@type":"PropertyValueSpecification","valueRequired":true,"valueName":"search_term_string"}}],"inLanguage":"de-CH"},{"@type":"Organization","@id":"https:\/\/teiaeducation.ch\/de\/#organization","name":"Teia Education & Play","url":"https:\/\/teiaeducation.ch\/de\/","logo":{"@type":"ImageObject","inLanguage":"de-CH","@id":"https:\/\/teiaeducation.ch\/de\/#\/schema\/logo\/image\/","url":"https:\/\/teiaeducation.ch\/wp-content\/uploads\/2020\/11\/Teia-Education-Switzerland-e1620156442216.jpg","contentUrl":"https:\/\/teiaeducation.ch\/wp-content\/uploads\/2020\/11\/Teia-Education-Switzerland-e1620156442216.jpg","width":166,"height":145,"caption":"Teia Education & Play"},"image":{"@id":"https:\/\/teiaeducation.ch\/de\/#\/schema\/logo\/image\/"},"sameAs":["https:\/\/www.facebook.com\/teiaeducation\/","https:\/\/x.com\/EducationTeia","https:\/\/www.instagram.com\/teia.education\/","https:\/\/www.linkedin.com\/company\/35501660","https:\/\/www.pinterest.ch\/TeiaEducation\/"]}]}},"_links":{"self":[{"href":"https:\/\/teiaeducation.ch\/de\/wp-json\/wp\/v2\/product\/59654","targetHints":{"allow":["GET"]}}],"collection":[{"href":"https:\/\/teiaeducation.ch\/de\/wp-json\/wp\/v2\/product"}],"about":[{"href":"https:\/\/teiaeducation.ch\/de\/wp-json\/wp\/v2\/types\/product"}],"replies":[{"embeddable":true,"href":"https:\/\/teiaeducation.ch\/de\/wp-json\/wp\/v2\/comments?post=59654"}],"wp:featuredmedia":[{"embeddable":true,"href":"https:\/\/teiaeducation.ch\/de\/wp-json\/wp\/v2\/media\/59655"}],"wp:attachment":[{"href":"https:\/\/teiaeducation.ch\/de\/wp-json\/wp\/v2\/media?parent=59654"}],"wp:term":[{"taxonomy":"product_brand","embeddable":true,"href":"https:\/\/teiaeducation.ch\/de\/wp-json\/wp\/v2\/product_brand?post=59654"},{"taxonomy":"product_cat","embeddable":true,"href":"https:\/\/teiaeducation.ch\/de\/wp-json\/wp\/v2\/product_cat?post=59654"},{"taxonomy":"product_tag","embeddable":true,"href":"https:\/\/teiaeducation.ch\/de\/wp-json\/wp\/v2\/product_tag?post=59654"}],"curies":[{"name":"wp","href":"https:\/\/api.w.org\/{rel}","templated":true}]}}