{"id":59657,"date":"2020-09-11T14:12:34","date_gmt":"2020-09-11T12:12:34","guid":{"rendered":"https:\/\/teiaeducation.ch\/product\/waage-erzi\/"},"modified":"2024-03-15T16:20:32","modified_gmt":"2024-03-15T15:20:32","slug":"waage-erzi","status":"publish","type":"product","link":"https:\/\/teiaeducation.ch\/de\/produkt\/waage-erzi\/","title":{"rendered":"Waage &#8211; Erzi"},"content":{"rendered":"<p>Diese entz\u00fcckende Erzi Spielwaage aus Holz ist ein Muss f\u00fcr alle kleinen Ladenbesitzer! Die farbenfrohe Holzwaage hat zwei gro\u00dfe Waagschalen und wird mit drei verschiedenen Holzgewichten geliefert. Leichte und schwere Dinge k\u00f6nnen <a href=\"https:\/\/teiaeducation.ch\/product-category\/learning-themes\/mathematics-numeracy\/weight-measurement\/\">gewogen<\/a> und miteinander verglichen werden. Super f\u00fcr fr\u00fches Lernen \u00fcber Gewicht und Menge sowie f\u00fcr lustige Rollenspiele in der Spielk\u00fcche Ihres Kindes <a href=\"https:\/\/teiaeducation.ch\/product-category\/play\/imaginative-role-play\/\">vorgeben<\/a>, das Zutaten abwiegt oder im Spielwarenladen Lebensmittel f\u00fcr Kunden an der Kasse abwiegt.<\/p>\n<p>Die Erzi-Holzwaage misst 6,6 x 28,4 x 11,8 cm und wird in Deutschland aus Buchen- und Birkenholz hergestellt und mit sicherem, ungiftigem, farbigem und nat\u00fcrlichem Wachs und Lack auf Wasserbasis behandelt.<\/p>\n<p>Das umfangreiche Erzi-Sortiment tr\u00e4gt das unverwechselbare G\u00fctesiegel &#8220;made in Germany&#8221;, denn es stammt aus dem Erzgebirge.<\/p>\n<p><a href=\"https:\/\/teiaeducation.ch\/product-category\/brands\/erzi\/\">Erzi<\/a> verwendet f\u00fcr die Herstellung seiner Spielzeuge Holz aus der Region, das mit dem <a href=\"https:\/\/fsc.org\/en\">FSC<\/a>-Siegel (Forest Stewardship Council) zertifiziert und verbessert wurde. Alle Oberfl\u00e4chenbehandlungen wie Farben und Lacke auf Wasserbasis sind ungiftig und jedes Erzi Produkt entspricht den h\u00f6chsten Sicherheitsstandards f\u00fcr Spielzeug. Die hochwertigen <a href=\"https:\/\/teiaeducation.ch\/product-category\/hgh-quality-toys-play\/handmade-wooden-toys\/\">Holzspielzeuge<\/a> und <a href=\"https:\/\/teiaeducation.ch\/product-category\/learning-themes\/\">Lernprodukte<\/a> von Erzi zeichnen sich durch eine gro\u00dfe Vielfalt an nat\u00fcrlichen <a href=\"https:\/\/teiaeducation.ch\/product-category\/learning-themes\/mathematics-numeracy\/shapes\/\">Formen<\/a> und <a href=\"https:\/\/teiaeducation.ch\/product-category\/learning-themes\/sensory-motor-skills\/learning-about-colour\/\">Farben<\/a> aus und sind langlebig und nachhaltig.<\/p>\n<p>Das Erzi Waagenset aus Holz ist f\u00fcr Kinder ab 3 Jahren geeignet.<\/p>\n<p>Inhalt:<\/p>\n<p>1 Waage aus Holz<br \/>\n3 Holzgewichte<\/p>\n","protected":false},"excerpt":{"rendered":"<p>Artikelnummer: 10531<\/p>\n<p>Diese entz\u00fcckende Erzi-Holzwaage mit Gewichten ist ein Muss f\u00fcr alle kleinen Ladenbesitzer und sorgt f\u00fcr lustige Rollenspiele in der Spielk\u00fcche Ihres Kindes!<\/p>\n","protected":false},"featured_media":59658,"comment_status":"open","ping_status":"closed","template":"","meta":[],"product_brand":[],"product_cat":[21445,21446,21622,21555,23075,21623,21509,21537,21443,21563,21687,21678,21564],"product_tag":[28261,28260,28233,21887,23139,23135,23136,23137,23138,21886,21885,28535,28532,28533,28534,24315,28131,22676,28272,28271,28536,25203,28537,28538],"class_list":{"0":"post-59657","1":"product","2":"type-product","3":"status-publish","4":"has-post-thumbnail","6":"product_cat-3-6-jahre-vorschule","7":"product_cat-6-12-jahre-grundschule","8":"product_cat-erzi-klassisches-holzspielzeug-de","9":"product_cat-gewicht-messung","10":"product_cat-handgefertigtes-holzspielzeug","11":"product_cat-lebensmittelladen-kuechen-zubehoer","12":"product_cat-lernthemen","13":"product_cat-mathematik-rechnen","14":"product_cat-nach-alter","15":"product_cat-neuheiten","16":"product_cat-phantasievoll-rollenspiel","17":"product_cat-kinder-spielzeug","18":"product_cat-unsere-marken","19":"product_tag-deutsche-spielzeuge","20":"product_tag-deutsches-holzspielzeug","21":"product_tag-erzi-holzspielzeug","22":"product_tag-erzi-schweiz-de","23":"product_tag-erzi-spielwaren","24":"product_tag-erzi-spielzeug-de","25":"product_tag-erzi-spielzeug-aus-holz","26":"product_tag-erzi-spielzeug-schweiz-de","27":"product_tag-erzi-spielzeug-shop-schweiz","28":"product_tag-erzi-suisse-de","29":"product_tag-erzi-switzerland-de","30":"product_tag-erzi-waage-de-2","31":"product_tag-erzi-waage","32":"product_tag-erzi-waage-de","33":"product_tag-erzi-waagen","34":"product_tag-holzspielzeug","35":"product_tag-holzspielzeug-hergestellt-in-deutschland","36":"product_tag-rollenspielzeug","37":"product_tag-spielkuche-aus-holz","38":"product_tag-spielothek-aus-holz","39":"product_tag-spielwaage","40":"product_tag-spielzeug-made-in-germany","41":"product_tag-waage-aus-holz","42":"product_tag-waagen-aus-holz","44":"first","45":"instock","46":"taxable","47":"shipping-taxable","48":"purchasable","49":"product-type-simple"},"yoast_head":"<!-- This site is optimized with the Yoast SEO plugin v27.1.1 - https:\/\/yoast.com\/product\/yoast-seo-wordpress\/ -->\n<title>Waage - Erzi<\/title>\n<meta name=\"description\" content=\"Die farbenfrohe Erzi Holzwaage mit Holzgewichten eignet sich ab 3 Jahren f\u00fcr das Rollenspiel im Laden oder in der K\u00fcche und f\u00fcr die Fr\u00fcherziehung.\" \/>\n<meta name=\"robots\" content=\"index, follow, max-snippet:-1, max-image-preview:large, max-video-preview:-1\" \/>\n<link rel=\"canonical\" href=\"https:\/\/teiaeducation.ch\/de\/produkt\/waage-erzi\/\" \/>\n<meta property=\"og:locale\" content=\"de_DE\" \/>\n<meta property=\"og:type\" content=\"article\" \/>\n<meta property=\"og:title\" content=\"Waage - Erzi\" \/>\n<meta property=\"og:description\" content=\"Die farbenfrohe Erzi Holzwaage mit Holzgewichten eignet sich ab 3 Jahren f\u00fcr das Rollenspiel im Laden oder in der K\u00fcche und f\u00fcr die Fr\u00fcherziehung.\" \/>\n<meta property=\"og:url\" content=\"https:\/\/teiaeducation.ch\/de\/produkt\/waage-erzi\/\" \/>\n<meta property=\"og:site_name\" content=\"Sustainable Educational Products &amp; Ecological Toys\u00a0\" \/>\n<meta property=\"article:publisher\" content=\"https:\/\/www.facebook.com\/teiaeducation\/\" \/>\n<meta property=\"article:modified_time\" content=\"2024-03-15T15:20:32+00:00\" \/>\n<meta property=\"og:image\" content=\"https:\/\/teiaeducation.ch\/wp-content\/uploads\/2020\/09\/Wooden-scale-Erzi.jpg\" \/>\n\t<meta property=\"og:image:width\" content=\"900\" \/>\n\t<meta property=\"og:image:height\" content=\"900\" \/>\n\t<meta property=\"og:image:type\" content=\"image\/jpeg\" \/>\n<script type=\"application\/ld+json\" class=\"yoast-schema-graph\">{\"@context\":\"https:\/\/schema.org\",\"@graph\":[{\"@type\":\"WebPage\",\"@id\":\"https:\/\/teiaeducation.ch\/de\/produkt\/waage-erzi\/\",\"url\":\"https:\/\/teiaeducation.ch\/de\/produkt\/waage-erzi\/\",\"name\":\"Waage - Erzi\",\"isPartOf\":{\"@id\":\"https:\/\/teiaeducation.ch\/de\/#website\"},\"primaryImageOfPage\":{\"@id\":\"https:\/\/teiaeducation.ch\/de\/produkt\/waage-erzi\/#primaryimage\"},\"image\":{\"@id\":\"https:\/\/teiaeducation.ch\/de\/produkt\/waage-erzi\/#primaryimage\"},\"thumbnailUrl\":\"https:\/\/teiaeducation.ch\/wp-content\/uploads\/2020\/09\/Wooden-scale-Erzi.jpg\",\"datePublished\":\"2020-09-11T12:12:34+00:00\",\"dateModified\":\"2024-03-15T15:20:32+00:00\",\"description\":\"Die farbenfrohe Erzi Holzwaage mit Holzgewichten eignet sich ab 3 Jahren f\u00fcr das Rollenspiel im Laden oder in der K\u00fcche und f\u00fcr die Fr\u00fcherziehung.\",\"breadcrumb\":{\"@id\":\"https:\/\/teiaeducation.ch\/de\/produkt\/waage-erzi\/#breadcrumb\"},\"inLanguage\":\"de-CH\",\"potentialAction\":[{\"@type\":\"ReadAction\",\"target\":[\"https:\/\/teiaeducation.ch\/de\/produkt\/waage-erzi\/\"]}]},{\"@type\":\"ImageObject\",\"inLanguage\":\"de-CH\",\"@id\":\"https:\/\/teiaeducation.ch\/de\/produkt\/waage-erzi\/#primaryimage\",\"url\":\"https:\/\/teiaeducation.ch\/wp-content\/uploads\/2020\/09\/Wooden-scale-Erzi.jpg\",\"contentUrl\":\"https:\/\/teiaeducation.ch\/wp-content\/uploads\/2020\/09\/Wooden-scale-Erzi.jpg\",\"width\":900,\"height\":900,\"caption\":\"Waage - Erzi\"},{\"@type\":\"BreadcrumbList\",\"@id\":\"https:\/\/teiaeducation.ch\/de\/produkt\/waage-erzi\/#breadcrumb\",\"itemListElement\":[{\"@type\":\"ListItem\",\"position\":1,\"name\":\"Home\",\"item\":\"https:\/\/teiaeducation.ch\/de\/\"},{\"@type\":\"ListItem\",\"position\":2,\"name\":\"Laden\",\"item\":\"https:\/\/teiaeducation.ch\/de\/shop\/\"},{\"@type\":\"ListItem\",\"position\":3,\"name\":\"Lernthemen\",\"item\":\"https:\/\/teiaeducation.ch\/de\/produkt-kategorie\/lernthemen\/\"},{\"@type\":\"ListItem\",\"position\":4,\"name\":\"Mathematik &amp; Rechnen\",\"item\":\"https:\/\/teiaeducation.ch\/de\/produkt-kategorie\/lernthemen\/mathematik-rechnen\/\"},{\"@type\":\"ListItem\",\"position\":5,\"name\":\"Gewicht &amp; Messung\",\"item\":\"https:\/\/teiaeducation.ch\/de\/produkt-kategorie\/lernthemen\/mathematik-rechnen\/gewicht-messung\/\"},{\"@type\":\"ListItem\",\"position\":6,\"name\":\"Waage &#8211; Erzi\"}]},{\"@type\":\"WebSite\",\"@id\":\"https:\/\/teiaeducation.ch\/de\/#website\",\"url\":\"https:\/\/teiaeducation.ch\/de\/\",\"name\":\"Sustainable Educational Products &amp; Ecological Toys\u00a0\",\"description\":\"Specialised Swiss shop selling sustainable educational toys and games, AMI certified Montessori materials, handmade ecological wooden Waldorf toys and arts &amp; crafts supplies, school supplies, children&#039;s furniture and Montessori reference and parenting books.\",\"publisher\":{\"@id\":\"https:\/\/teiaeducation.ch\/de\/#organization\"},\"alternateName\":\"Teia Education & Play\",\"potentialAction\":[{\"@type\":\"SearchAction\",\"target\":{\"@type\":\"EntryPoint\",\"urlTemplate\":\"https:\/\/teiaeducation.ch\/de\/?s={search_term_string}\"},\"query-input\":{\"@type\":\"PropertyValueSpecification\",\"valueRequired\":true,\"valueName\":\"search_term_string\"}}],\"inLanguage\":\"de-CH\"},{\"@type\":\"Organization\",\"@id\":\"https:\/\/teiaeducation.ch\/de\/#organization\",\"name\":\"Teia Education & Play\",\"url\":\"https:\/\/teiaeducation.ch\/de\/\",\"logo\":{\"@type\":\"ImageObject\",\"inLanguage\":\"de-CH\",\"@id\":\"https:\/\/teiaeducation.ch\/de\/#\/schema\/logo\/image\/\",\"url\":\"https:\/\/teiaeducation.ch\/wp-content\/uploads\/2020\/11\/Teia-Education-Switzerland-e1620156442216.jpg\",\"contentUrl\":\"https:\/\/teiaeducation.ch\/wp-content\/uploads\/2020\/11\/Teia-Education-Switzerland-e1620156442216.jpg\",\"width\":166,\"height\":145,\"caption\":\"Teia Education & Play\"},\"image\":{\"@id\":\"https:\/\/teiaeducation.ch\/de\/#\/schema\/logo\/image\/\"},\"sameAs\":[\"https:\/\/www.facebook.com\/teiaeducation\/\",\"https:\/\/x.com\/EducationTeia\",\"https:\/\/www.instagram.com\/teia.education\/\",\"https:\/\/www.linkedin.com\/company\/35501660\",\"https:\/\/www.pinterest.ch\/TeiaEducation\/\"]}]}<\/script>\n<!-- \/ Yoast SEO plugin. -->","yoast_head_json":{"title":"Waage - Erzi","description":"Die farbenfrohe Erzi Holzwaage mit Holzgewichten eignet sich ab 3 Jahren f\u00fcr das Rollenspiel im Laden oder in der K\u00fcche und f\u00fcr die Fr\u00fcherziehung.","robots":{"index":"index","follow":"follow","max-snippet":"max-snippet:-1","max-image-preview":"max-image-preview:large","max-video-preview":"max-video-preview:-1"},"canonical":"https:\/\/teiaeducation.ch\/de\/produkt\/waage-erzi\/","og_locale":"de_DE","og_type":"article","og_title":"Waage - Erzi","og_description":"Die farbenfrohe Erzi Holzwaage mit Holzgewichten eignet sich ab 3 Jahren f\u00fcr das Rollenspiel im Laden oder in der K\u00fcche und f\u00fcr die Fr\u00fcherziehung.","og_url":"https:\/\/teiaeducation.ch\/de\/produkt\/waage-erzi\/","og_site_name":"Sustainable Educational Products &amp; Ecological Toys\u00a0","article_publisher":"https:\/\/www.facebook.com\/teiaeducation\/","article_modified_time":"2024-03-15T15:20:32+00:00","og_image":[{"width":900,"height":900,"url":"https:\/\/teiaeducation.ch\/wp-content\/uploads\/2020\/09\/Wooden-scale-Erzi.jpg","type":"image\/jpeg"}],"schema":{"@context":"https:\/\/schema.org","@graph":[{"@type":"WebPage","@id":"https:\/\/teiaeducation.ch\/de\/produkt\/waage-erzi\/","url":"https:\/\/teiaeducation.ch\/de\/produkt\/waage-erzi\/","name":"Waage - Erzi","isPartOf":{"@id":"https:\/\/teiaeducation.ch\/de\/#website"},"primaryImageOfPage":{"@id":"https:\/\/teiaeducation.ch\/de\/produkt\/waage-erzi\/#primaryimage"},"image":{"@id":"https:\/\/teiaeducation.ch\/de\/produkt\/waage-erzi\/#primaryimage"},"thumbnailUrl":"https:\/\/teiaeducation.ch\/wp-content\/uploads\/2020\/09\/Wooden-scale-Erzi.jpg","datePublished":"2020-09-11T12:12:34+00:00","dateModified":"2024-03-15T15:20:32+00:00","description":"Die farbenfrohe Erzi Holzwaage mit Holzgewichten eignet sich ab 3 Jahren f\u00fcr das Rollenspiel im Laden oder in der K\u00fcche und f\u00fcr die Fr\u00fcherziehung.","breadcrumb":{"@id":"https:\/\/teiaeducation.ch\/de\/produkt\/waage-erzi\/#breadcrumb"},"inLanguage":"de-CH","potentialAction":[{"@type":"ReadAction","target":["https:\/\/teiaeducation.ch\/de\/produkt\/waage-erzi\/"]}]},{"@type":"ImageObject","inLanguage":"de-CH","@id":"https:\/\/teiaeducation.ch\/de\/produkt\/waage-erzi\/#primaryimage","url":"https:\/\/teiaeducation.ch\/wp-content\/uploads\/2020\/09\/Wooden-scale-Erzi.jpg","contentUrl":"https:\/\/teiaeducation.ch\/wp-content\/uploads\/2020\/09\/Wooden-scale-Erzi.jpg","width":900,"height":900,"caption":"Waage - Erzi"},{"@type":"BreadcrumbList","@id":"https:\/\/teiaeducation.ch\/de\/produkt\/waage-erzi\/#breadcrumb","itemListElement":[{"@type":"ListItem","position":1,"name":"Home","item":"https:\/\/teiaeducation.ch\/de\/"},{"@type":"ListItem","position":2,"name":"Laden","item":"https:\/\/teiaeducation.ch\/de\/shop\/"},{"@type":"ListItem","position":3,"name":"Lernthemen","item":"https:\/\/teiaeducation.ch\/de\/produkt-kategorie\/lernthemen\/"},{"@type":"ListItem","position":4,"name":"Mathematik &amp; Rechnen","item":"https:\/\/teiaeducation.ch\/de\/produkt-kategorie\/lernthemen\/mathematik-rechnen\/"},{"@type":"ListItem","position":5,"name":"Gewicht &amp; Messung","item":"https:\/\/teiaeducation.ch\/de\/produkt-kategorie\/lernthemen\/mathematik-rechnen\/gewicht-messung\/"},{"@type":"ListItem","position":6,"name":"Waage &#8211; Erzi"}]},{"@type":"WebSite","@id":"https:\/\/teiaeducation.ch\/de\/#website","url":"https:\/\/teiaeducation.ch\/de\/","name":"Sustainable Educational Products &amp; Ecological Toys\u00a0","description":"Specialised Swiss shop selling sustainable educational toys and games, AMI certified Montessori materials, handmade ecological wooden Waldorf toys and arts &amp; crafts supplies, school supplies, children&#039;s furniture and Montessori reference and parenting books.","publisher":{"@id":"https:\/\/teiaeducation.ch\/de\/#organization"},"alternateName":"Teia Education & Play","potentialAction":[{"@type":"SearchAction","target":{"@type":"EntryPoint","urlTemplate":"https:\/\/teiaeducation.ch\/de\/?s={search_term_string}"},"query-input":{"@type":"PropertyValueSpecification","valueRequired":true,"valueName":"search_term_string"}}],"inLanguage":"de-CH"},{"@type":"Organization","@id":"https:\/\/teiaeducation.ch\/de\/#organization","name":"Teia Education & Play","url":"https:\/\/teiaeducation.ch\/de\/","logo":{"@type":"ImageObject","inLanguage":"de-CH","@id":"https:\/\/teiaeducation.ch\/de\/#\/schema\/logo\/image\/","url":"https:\/\/teiaeducation.ch\/wp-content\/uploads\/2020\/11\/Teia-Education-Switzerland-e1620156442216.jpg","contentUrl":"https:\/\/teiaeducation.ch\/wp-content\/uploads\/2020\/11\/Teia-Education-Switzerland-e1620156442216.jpg","width":166,"height":145,"caption":"Teia Education & Play"},"image":{"@id":"https:\/\/teiaeducation.ch\/de\/#\/schema\/logo\/image\/"},"sameAs":["https:\/\/www.facebook.com\/teiaeducation\/","https:\/\/x.com\/EducationTeia","https:\/\/www.instagram.com\/teia.education\/","https:\/\/www.linkedin.com\/company\/35501660","https:\/\/www.pinterest.ch\/TeiaEducation\/"]}]}},"_links":{"self":[{"href":"https:\/\/teiaeducation.ch\/de\/wp-json\/wp\/v2\/product\/59657","targetHints":{"allow":["GET"]}}],"collection":[{"href":"https:\/\/teiaeducation.ch\/de\/wp-json\/wp\/v2\/product"}],"about":[{"href":"https:\/\/teiaeducation.ch\/de\/wp-json\/wp\/v2\/types\/product"}],"replies":[{"embeddable":true,"href":"https:\/\/teiaeducation.ch\/de\/wp-json\/wp\/v2\/comments?post=59657"}],"wp:featuredmedia":[{"embeddable":true,"href":"https:\/\/teiaeducation.ch\/de\/wp-json\/wp\/v2\/media\/59658"}],"wp:attachment":[{"href":"https:\/\/teiaeducation.ch\/de\/wp-json\/wp\/v2\/media?parent=59657"}],"wp:term":[{"taxonomy":"product_brand","embeddable":true,"href":"https:\/\/teiaeducation.ch\/de\/wp-json\/wp\/v2\/product_brand?post=59657"},{"taxonomy":"product_cat","embeddable":true,"href":"https:\/\/teiaeducation.ch\/de\/wp-json\/wp\/v2\/product_cat?post=59657"},{"taxonomy":"product_tag","embeddable":true,"href":"https:\/\/teiaeducation.ch\/de\/wp-json\/wp\/v2\/product_tag?post=59657"}],"curies":[{"name":"wp","href":"https:\/\/api.w.org\/{rel}","templated":true}]}}