{"id":59662,"date":"2023-11-02T13:55:46","date_gmt":"2023-11-02T12:55:46","guid":{"rendered":"https:\/\/teiaeducation.ch\/product\/kleiner-farbkreis-bauspiel\/"},"modified":"2024-11-15T11:28:16","modified_gmt":"2024-11-15T10:28:16","slug":"kleiner-farbkreis-bauspiel","status":"publish","type":"product","link":"https:\/\/teiaeducation.ch\/de\/produkt\/kleiner-farbkreis-bauspiel\/","title":{"rendered":"Kleiner Wollfilz Regenbogenfarben Farbkreis &#8211; Bauspiel"},"content":{"rendered":"<p>Basierend auf Goethes Farbkreis und -theorie ist dieser hochwertige Kleiner Wollfilz Regenbogenfarben Farbkreis von Bauspiel aus fair produziertem und extra dickem Wollfilz aus Nepal handgefertigt.<\/p>\n<div class=\"page\" title=\"Page 19\">\n<div class=\"section\">\n<div class=\"layoutArea\">\n<div class=\"column\">\n<p>Der Farbkreis dient als Jahreskreis oder <a href=\"https:\/\/teiaeducation.ch\/product-category\/celebrations\/birthdays\/\">Geburtstags<\/a> Kreis, der sowohl in der <a href=\"https:\/\/teiaeducation.ch\/product-category\/education-method\/waldorf-steiner-toys-craft-materials\/\">Waldorf<\/a>&#8211; als auch in der <a href=\"https:\/\/teiaeducation.ch\/product-category\/education-method\/the-montessori-pedagogy-materials-toys\/\">Montessori<\/a>-P\u00e4dagogik Anwendung findet. Jedes der 12 Dias \/ Farben im Kreis steht f\u00fcr einen Monat des Jahres und die <a href=\"https:\/\/teiaeducation.ch\/product-category\/learning-themes\/culture-science\/seasons-weather\/\">Jahreszeiten<\/a>: die Gr\u00fcnt\u00f6ne stehen f\u00fcr den <a href=\"https:\/\/teiaeducation.ch\/product-category\/seasonal-collections\/spring-collection\/\">Fr\u00fchling<\/a>, die Gelbt\u00f6ne f\u00fcr den <a href=\"https:\/\/teiaeducation.ch\/product-category\/seasonal-collections\/summer-collection\/\">Sommer,<\/a> die Rott\u00f6ne f\u00fcr den <a href=\"https:\/\/teiaeducation.ch\/product-category\/seasonal-collections\/autumn-collection\/\">Herbst<\/a> und die Blaut\u00f6ne f\u00fcr den <a href=\"https:\/\/teiaeducation.ch\/product-category\/seasonal-collections\/winter-collection\/\">Winter<\/a>.<\/p>\n<p>Der Kreis kann auch als sch\u00f6ne Unterlage f\u00fcr Legearbeiten wie Farbsortierungen dienen und bietet unendlich viele M\u00f6glichkeiten f\u00fcr meditatives, kreatives, phantasievolles, ergebnisoffenes und kleinteiliges Spiel.<\/p>\n<\/div>\n<\/div>\n<\/div>\n<\/div>\n<p>Die verschiedenen leuchtenden <a href=\"https:\/\/teiaeducation.ch\/product-category\/learning-themes\/sensory-motor-skills\/learning-about-colour\/\">Farbt\u00f6ne<\/a> des Filzes werden mit ungiftigen Farben auf Wasserbasis gef\u00e4rbt, so dass sie auch f\u00fcr kleine Kinder geeignet sind. Der Farbkreis wird in Handarbeit in Deutschland hergestellt und hat einen Durchmesser von ca. 50 cm.<\/p>\n<p>Das Bauspiel Kleiner Wollfilz Regenbogenfarben Farbkreis ist f\u00fcr Kinder ab 3 Jahren geeignet.<\/p>\n<p>Inhalt:<\/p>\n<p>1 Farbkreis aus 100% reinem Wollfilz<\/p>\n<h2>Pflegehinweise<\/h2>\n<p>Handw\u00e4sche mit Wollwaschmittel, in kaltem Wasser bis 30 Grad.<\/p>\n<h2>R\u00fcckgabepolitik<\/h2>\n<p>Alle zur\u00fcckgesandten Artikel m\u00fcssen sich in ihrem Originalzustand befinden und die Originalverpackung sowie die Etiketten m\u00fcssen angebracht und intakt sein. Gebrauchte oder gewaschene Artikel k\u00f6nnen nicht zur\u00fcckgegeben werden.<\/p>\n<h2>\u00dcber Bauspiel<\/h2>\n<p><a href=\"https:\/\/teiaeducation.ch\/product-category\/brands\/bauspiel\/\">Bauspiel<\/a> ist eine kleine umweltbewusste <a href=\"https:\/\/teiaeducation.ch\/product-category\/hgh-quality-toys-play\/handmade-wooden-toys\/\">Holz<\/a>&#8211; und Wollfilz Spielzeugmarke aus Deutschland. Die handgefertigten Bauspiel Spielzeuge zeichnen sich durch ihre hohe Qualit\u00e4t und hervorragende Verarbeitung aus. Sie sind lehrreich und ergebnisoffen und laden zum <a href=\"https:\/\/teiaeducation.ch\/product-category\/play\/open-ended-play\/\">freien und unbegrenzten Spiel<\/a> ein, das sich auf das Erlernen verschiedener p\u00e4dagogischer Konzepte wie <a href=\"https:\/\/teiaeducation.ch\/de\/produkt-kategorie\/lernthemen\/sensorische-motorische-fertigkeiten\/farbe-lernen\/\">Farbe<\/a>, <a href=\"https:\/\/teiaeducation.ch\/de\/produkt-kategorie\/lernthemen\/mathematik-rechnen\/formen\/\">Form<\/a> und <a href=\"https:\/\/teiaeducation.ch\/de\/produkt-kategorie\/lernthemen\/mathematik-rechnen\/\">Mathematik<\/a> konzentriert.<\/p>\n<p>Alle Bauspiel Spielzeuge werden aus umweltfreundlichen Materialien wie ge\u00f6lten Naturh\u00f6lzern und fair produziertem Wollfilz aus Nepal hergestellt. Sie entsprechen hinsichtlich ihrer Rohstoffe der europ\u00e4ischen Spielzeugnorm EN71 und sind f\u00fcr (kleine) Kinder sicher.<\/p>\n<p>Der Schutz und die Achtung der Umwelt zieht sich ganzheitlich durch das gesamte Unternehmen und die Vision von Bauspiel, von den Lieferanten \u00fcber die Mitarbeiter bis zu den Kunden. Sie verwenden faire L\u00f6hne, faire und nachhaltige Produktionsbedingungen, recycelte Verpackungsmaterialien und umweltfreundliche Farben, Klebstoffe und nat\u00fcrliche \u00d6le f\u00fcr die Herstellung ihrer Spielzeuge. Um die Nachhaltigkeit weiter zu gew\u00e4hrleisten, bietet Bauspiel einen umfassenden Ersatzteil- und Reparaturservice f\u00fcr seine <a href=\"https:\/\/teiaeducation.ch\/de\/produkt-kategorie\/kinder-spielzeug\/\">Spielzeuge<\/a> an.<\/p>\n","protected":false},"excerpt":{"rendered":"<p>Artikelnummer: 50098<\/p>\n<p>Basierend auf Goethes Theorie wird der hochwertige Bauspiel Kleiner Regenbogenfarben Farbkreis aus fair produziertem Wollfilz aus Nepal handgefertigt!<\/p>\n","protected":false},"featured_media":56957,"comment_status":"open","ping_status":"closed","template":"","meta":[],"product_brand":[],"product_cat":[21445,21446,26469,21479,21558,21465,21690,21670,22347,21488,21484,21464,21521,21510,21509,21481,22182,21443,21563,22351,22362,21557,21695,23636,21678,21691,21685,21564,21483,22919,22363],"product_tag":[28539,28542,28540,28541,28562,28550,28548,28549,28546,28553,28554,28558,28559,28555,28557,28560,28547,25837,28545,28556,28552,28551,28544,28543,28561],"class_list":{"0":"post-59662","1":"product","2":"type-product","3":"status-publish","4":"has-post-thumbnail","6":"product_cat-3-6-jahre-vorschule","7":"product_cat-6-12-jahre-grundschule","8":"product_cat-bauspiel-de","9":"product_cat-lernmaterialien-spielzeug-montessori-waldorf-steiner-froebel","10":"product_cat-farbe-lernen","11":"product_cat-feier-festlichkeiten","12":"product_cat-spiele-mit-offenem-ende","13":"product_cat-fruehjahrskollektion","14":"product_cat-geburtstage","15":"product_cat-geschenk-guide-6-12-jahre-grundschule","16":"product_cat-geschenk-guides","17":"product_cat-herbstkollektion","18":"product_cat-jahreszeiten-wetter","19":"product_cat-kultur-wissenschaft","20":"product_cat-lernthemen","21":"product_cat-montessori-paedagogik-material-spielzeug","22":"product_cat-montessori-spielzeug","23":"product_cat-nach-alter","24":"product_cat-neuheiten","25":"product_cat-rituale-adventszeit","26":"product_cat-saisonale-kollektionen","27":"product_cat-sensorische-motorische-fertigkeiten","28":"product_cat-sinnliches-spiel","29":"product_cat-sommer-kollektion","30":"product_cat-kinder-spielzeug","31":"product_cat-spielmatten","32":"product_cat-stoffspielzeug","33":"product_cat-unsere-marken","34":"product_cat-waldorf-steiner-paedagogik","35":"product_cat-waldorfspielzeug","36":"product_cat-winter-kollektion","37":"product_tag-bauspiel-de","38":"product_tag-bauspiel-baumwollspieltucher","39":"product_tag-bauspiel-farbkreis-tucher","40":"product_tag-bauspiel-regenbogen-spieltucher","41":"product_tag-farbkreis-goethe","42":"product_tag-filzkieselsteine-bauspiel","43":"product_tag-filzkieselsteine-regenbogenfarben-15-stuck-bauspiel","44":"product_tag-filzkieselsteine-regenbogenfarben-bauspiel","45":"product_tag-goethe-farbkreis-tucher","46":"product_tag-goethes-farbkreis","47":"product_tag-goethes-theorie","48":"product_tag-jahresfarbkreis","49":"product_tag-jahreskreislauf","50":"product_tag-kleiner-farbkreis-bauspiel","51":"product_tag-montessori-farbkreis","52":"product_tag-regenbogenfarben-kreis","53":"product_tag-spieltucher-aus-naturlicher-baumwolle-in-regenbogenfarben","54":"product_tag-waldorf-stoffspielzeug","55":"product_tag-waldorf-baumwollspieltucher","56":"product_tag-waldorf-farbkreis","57":"product_tag-waldorf-filzkieselsteine","58":"product_tag-waldorf-filzsteine","59":"product_tag-waldorf-regenbogentucher","60":"product_tag-waldorfspieltucher","61":"product_tag-wollfilz-farbkreis","63":"first","64":"outofstock","65":"taxable","66":"shipping-taxable","67":"purchasable","68":"product-type-simple"},"yoast_head":"<!-- This site is optimized with the Yoast SEO plugin v27.1.1 - https:\/\/yoast.com\/product\/yoast-seo-wordpress\/ -->\n<title>Kleiner Wollfilz Regenbogenfarben Farbkreis - Bauspiel<\/title>\n<meta name=\"description\" content=\"Basierend auf Goethes Theorie wird der hochwertige Bauspiel Kleiner Regenbogenfarben Farbkreis aus fair produziertem Wollfilz aus Nepal handgefertigt.\" \/>\n<meta name=\"robots\" content=\"index, follow, max-snippet:-1, max-image-preview:large, max-video-preview:-1\" \/>\n<link rel=\"canonical\" href=\"https:\/\/teiaeducation.ch\/de\/produkt\/kleiner-farbkreis-bauspiel\/\" \/>\n<meta property=\"og:locale\" content=\"de_DE\" \/>\n<meta property=\"og:type\" content=\"article\" \/>\n<meta property=\"og:title\" content=\"Kleiner Wollfilz Regenbogenfarben Farbkreis - Bauspiel\" \/>\n<meta property=\"og:description\" content=\"Basierend auf Goethes Theorie wird der hochwertige Bauspiel Kleiner Regenbogenfarben Farbkreis aus fair produziertem Wollfilz aus Nepal handgefertigt.\" \/>\n<meta property=\"og:url\" content=\"https:\/\/teiaeducation.ch\/de\/produkt\/kleiner-farbkreis-bauspiel\/\" \/>\n<meta property=\"og:site_name\" content=\"Sustainable Educational Products &amp; Ecological Toys\u00a0\" \/>\n<meta property=\"article:publisher\" content=\"https:\/\/www.facebook.com\/teiaeducation\/\" \/>\n<meta property=\"article:modified_time\" content=\"2024-11-15T10:28:16+00:00\" \/>\n<meta property=\"og:image\" content=\"https:\/\/teiaeducation.ch\/wp-content\/uploads\/2023\/11\/Wool-felt-rainbow-colours-circle-Bauspiel-2-scaled.jpg\" \/>\n\t<meta property=\"og:image:width\" content=\"2048\" \/>\n\t<meta property=\"og:image:height\" content=\"1961\" \/>\n\t<meta property=\"og:image:type\" content=\"image\/jpeg\" \/>\n<script type=\"application\/ld+json\" class=\"yoast-schema-graph\">{\"@context\":\"https:\/\/schema.org\",\"@graph\":[{\"@type\":\"WebPage\",\"@id\":\"https:\/\/teiaeducation.ch\/de\/produkt\/kleiner-farbkreis-bauspiel\/\",\"url\":\"https:\/\/teiaeducation.ch\/de\/produkt\/kleiner-farbkreis-bauspiel\/\",\"name\":\"Kleiner Wollfilz Regenbogenfarben Farbkreis - Bauspiel\",\"isPartOf\":{\"@id\":\"https:\/\/teiaeducation.ch\/de\/#website\"},\"primaryImageOfPage\":{\"@id\":\"https:\/\/teiaeducation.ch\/de\/produkt\/kleiner-farbkreis-bauspiel\/#primaryimage\"},\"image\":{\"@id\":\"https:\/\/teiaeducation.ch\/de\/produkt\/kleiner-farbkreis-bauspiel\/#primaryimage\"},\"thumbnailUrl\":\"https:\/\/teiaeducation.ch\/wp-content\/uploads\/2023\/11\/Wool-felt-rainbow-colours-circle-Bauspiel-2-scaled.jpg\",\"datePublished\":\"2023-11-02T12:55:46+00:00\",\"dateModified\":\"2024-11-15T10:28:16+00:00\",\"description\":\"Basierend auf Goethes Theorie wird der hochwertige Bauspiel Kleiner Regenbogenfarben Farbkreis aus fair produziertem Wollfilz aus Nepal handgefertigt.\",\"breadcrumb\":{\"@id\":\"https:\/\/teiaeducation.ch\/de\/produkt\/kleiner-farbkreis-bauspiel\/#breadcrumb\"},\"inLanguage\":\"de-CH\",\"potentialAction\":[{\"@type\":\"ReadAction\",\"target\":[\"https:\/\/teiaeducation.ch\/de\/produkt\/kleiner-farbkreis-bauspiel\/\"]}]},{\"@type\":\"ImageObject\",\"inLanguage\":\"de-CH\",\"@id\":\"https:\/\/teiaeducation.ch\/de\/produkt\/kleiner-farbkreis-bauspiel\/#primaryimage\",\"url\":\"https:\/\/teiaeducation.ch\/wp-content\/uploads\/2023\/11\/Wool-felt-rainbow-colours-circle-Bauspiel-2-scaled.jpg\",\"contentUrl\":\"https:\/\/teiaeducation.ch\/wp-content\/uploads\/2023\/11\/Wool-felt-rainbow-colours-circle-Bauspiel-2-scaled.jpg\",\"width\":2048,\"height\":1961,\"caption\":\"Kleiner Nepal Wollfilz Regenbogenfarben Farbkreis Bauspiel\"},{\"@type\":\"BreadcrumbList\",\"@id\":\"https:\/\/teiaeducation.ch\/de\/produkt\/kleiner-farbkreis-bauspiel\/#breadcrumb\",\"itemListElement\":[{\"@type\":\"ListItem\",\"position\":1,\"name\":\"Home\",\"item\":\"https:\/\/teiaeducation.ch\/de\/\"},{\"@type\":\"ListItem\",\"position\":2,\"name\":\"Laden\",\"item\":\"https:\/\/teiaeducation.ch\/de\/shop\/\"},{\"@type\":\"ListItem\",\"position\":3,\"name\":\"Unsere Marken\",\"item\":\"https:\/\/teiaeducation.ch\/de\/produkt-kategorie\/unsere-marken\/\"},{\"@type\":\"ListItem\",\"position\":4,\"name\":\"Bauspiel\",\"item\":\"https:\/\/teiaeducation.ch\/de\/produkt-kategorie\/unsere-marken\/bauspiel-de\/\"},{\"@type\":\"ListItem\",\"position\":5,\"name\":\"Kleiner Wollfilz Regenbogenfarben Farbkreis &#8211; Bauspiel\"}]},{\"@type\":\"WebSite\",\"@id\":\"https:\/\/teiaeducation.ch\/de\/#website\",\"url\":\"https:\/\/teiaeducation.ch\/de\/\",\"name\":\"Sustainable Educational Products &amp; Ecological Toys\u00a0\",\"description\":\"Specialised Swiss shop selling sustainable educational toys and games, AMI certified Montessori materials, handmade ecological wooden Waldorf toys and arts &amp; crafts supplies, school supplies, children&#039;s furniture and Montessori reference and parenting books.\",\"publisher\":{\"@id\":\"https:\/\/teiaeducation.ch\/de\/#organization\"},\"alternateName\":\"Teia Education & Play\",\"potentialAction\":[{\"@type\":\"SearchAction\",\"target\":{\"@type\":\"EntryPoint\",\"urlTemplate\":\"https:\/\/teiaeducation.ch\/de\/?s={search_term_string}\"},\"query-input\":{\"@type\":\"PropertyValueSpecification\",\"valueRequired\":true,\"valueName\":\"search_term_string\"}}],\"inLanguage\":\"de-CH\"},{\"@type\":\"Organization\",\"@id\":\"https:\/\/teiaeducation.ch\/de\/#organization\",\"name\":\"Teia Education & Play\",\"url\":\"https:\/\/teiaeducation.ch\/de\/\",\"logo\":{\"@type\":\"ImageObject\",\"inLanguage\":\"de-CH\",\"@id\":\"https:\/\/teiaeducation.ch\/de\/#\/schema\/logo\/image\/\",\"url\":\"https:\/\/teiaeducation.ch\/wp-content\/uploads\/2020\/11\/Teia-Education-Switzerland-e1620156442216.jpg\",\"contentUrl\":\"https:\/\/teiaeducation.ch\/wp-content\/uploads\/2020\/11\/Teia-Education-Switzerland-e1620156442216.jpg\",\"width\":166,\"height\":145,\"caption\":\"Teia Education & Play\"},\"image\":{\"@id\":\"https:\/\/teiaeducation.ch\/de\/#\/schema\/logo\/image\/\"},\"sameAs\":[\"https:\/\/www.facebook.com\/teiaeducation\/\",\"https:\/\/x.com\/EducationTeia\",\"https:\/\/www.instagram.com\/teia.education\/\",\"https:\/\/www.linkedin.com\/company\/35501660\",\"https:\/\/www.pinterest.ch\/TeiaEducation\/\"]}]}<\/script>\n<!-- \/ Yoast SEO plugin. -->","yoast_head_json":{"title":"Kleiner Wollfilz Regenbogenfarben Farbkreis - Bauspiel","description":"Basierend auf Goethes Theorie wird der hochwertige Bauspiel Kleiner Regenbogenfarben Farbkreis aus fair produziertem Wollfilz aus Nepal handgefertigt.","robots":{"index":"index","follow":"follow","max-snippet":"max-snippet:-1","max-image-preview":"max-image-preview:large","max-video-preview":"max-video-preview:-1"},"canonical":"https:\/\/teiaeducation.ch\/de\/produkt\/kleiner-farbkreis-bauspiel\/","og_locale":"de_DE","og_type":"article","og_title":"Kleiner Wollfilz Regenbogenfarben Farbkreis - Bauspiel","og_description":"Basierend auf Goethes Theorie wird der hochwertige Bauspiel Kleiner Regenbogenfarben Farbkreis aus fair produziertem Wollfilz aus Nepal handgefertigt.","og_url":"https:\/\/teiaeducation.ch\/de\/produkt\/kleiner-farbkreis-bauspiel\/","og_site_name":"Sustainable Educational Products &amp; Ecological Toys\u00a0","article_publisher":"https:\/\/www.facebook.com\/teiaeducation\/","article_modified_time":"2024-11-15T10:28:16+00:00","og_image":[{"width":2048,"height":1961,"url":"https:\/\/teiaeducation.ch\/wp-content\/uploads\/2023\/11\/Wool-felt-rainbow-colours-circle-Bauspiel-2-scaled.jpg","type":"image\/jpeg"}],"schema":{"@context":"https:\/\/schema.org","@graph":[{"@type":"WebPage","@id":"https:\/\/teiaeducation.ch\/de\/produkt\/kleiner-farbkreis-bauspiel\/","url":"https:\/\/teiaeducation.ch\/de\/produkt\/kleiner-farbkreis-bauspiel\/","name":"Kleiner Wollfilz Regenbogenfarben Farbkreis - Bauspiel","isPartOf":{"@id":"https:\/\/teiaeducation.ch\/de\/#website"},"primaryImageOfPage":{"@id":"https:\/\/teiaeducation.ch\/de\/produkt\/kleiner-farbkreis-bauspiel\/#primaryimage"},"image":{"@id":"https:\/\/teiaeducation.ch\/de\/produkt\/kleiner-farbkreis-bauspiel\/#primaryimage"},"thumbnailUrl":"https:\/\/teiaeducation.ch\/wp-content\/uploads\/2023\/11\/Wool-felt-rainbow-colours-circle-Bauspiel-2-scaled.jpg","datePublished":"2023-11-02T12:55:46+00:00","dateModified":"2024-11-15T10:28:16+00:00","description":"Basierend auf Goethes Theorie wird der hochwertige Bauspiel Kleiner Regenbogenfarben Farbkreis aus fair produziertem Wollfilz aus Nepal handgefertigt.","breadcrumb":{"@id":"https:\/\/teiaeducation.ch\/de\/produkt\/kleiner-farbkreis-bauspiel\/#breadcrumb"},"inLanguage":"de-CH","potentialAction":[{"@type":"ReadAction","target":["https:\/\/teiaeducation.ch\/de\/produkt\/kleiner-farbkreis-bauspiel\/"]}]},{"@type":"ImageObject","inLanguage":"de-CH","@id":"https:\/\/teiaeducation.ch\/de\/produkt\/kleiner-farbkreis-bauspiel\/#primaryimage","url":"https:\/\/teiaeducation.ch\/wp-content\/uploads\/2023\/11\/Wool-felt-rainbow-colours-circle-Bauspiel-2-scaled.jpg","contentUrl":"https:\/\/teiaeducation.ch\/wp-content\/uploads\/2023\/11\/Wool-felt-rainbow-colours-circle-Bauspiel-2-scaled.jpg","width":2048,"height":1961,"caption":"Kleiner Nepal Wollfilz Regenbogenfarben Farbkreis Bauspiel"},{"@type":"BreadcrumbList","@id":"https:\/\/teiaeducation.ch\/de\/produkt\/kleiner-farbkreis-bauspiel\/#breadcrumb","itemListElement":[{"@type":"ListItem","position":1,"name":"Home","item":"https:\/\/teiaeducation.ch\/de\/"},{"@type":"ListItem","position":2,"name":"Laden","item":"https:\/\/teiaeducation.ch\/de\/shop\/"},{"@type":"ListItem","position":3,"name":"Unsere Marken","item":"https:\/\/teiaeducation.ch\/de\/produkt-kategorie\/unsere-marken\/"},{"@type":"ListItem","position":4,"name":"Bauspiel","item":"https:\/\/teiaeducation.ch\/de\/produkt-kategorie\/unsere-marken\/bauspiel-de\/"},{"@type":"ListItem","position":5,"name":"Kleiner Wollfilz Regenbogenfarben Farbkreis &#8211; Bauspiel"}]},{"@type":"WebSite","@id":"https:\/\/teiaeducation.ch\/de\/#website","url":"https:\/\/teiaeducation.ch\/de\/","name":"Sustainable Educational Products &amp; Ecological Toys\u00a0","description":"Specialised Swiss shop selling sustainable educational toys and games, AMI certified Montessori materials, handmade ecological wooden Waldorf toys and arts &amp; crafts supplies, school supplies, children&#039;s furniture and Montessori reference and parenting books.","publisher":{"@id":"https:\/\/teiaeducation.ch\/de\/#organization"},"alternateName":"Teia Education & Play","potentialAction":[{"@type":"SearchAction","target":{"@type":"EntryPoint","urlTemplate":"https:\/\/teiaeducation.ch\/de\/?s={search_term_string}"},"query-input":{"@type":"PropertyValueSpecification","valueRequired":true,"valueName":"search_term_string"}}],"inLanguage":"de-CH"},{"@type":"Organization","@id":"https:\/\/teiaeducation.ch\/de\/#organization","name":"Teia Education & Play","url":"https:\/\/teiaeducation.ch\/de\/","logo":{"@type":"ImageObject","inLanguage":"de-CH","@id":"https:\/\/teiaeducation.ch\/de\/#\/schema\/logo\/image\/","url":"https:\/\/teiaeducation.ch\/wp-content\/uploads\/2020\/11\/Teia-Education-Switzerland-e1620156442216.jpg","contentUrl":"https:\/\/teiaeducation.ch\/wp-content\/uploads\/2020\/11\/Teia-Education-Switzerland-e1620156442216.jpg","width":166,"height":145,"caption":"Teia Education & Play"},"image":{"@id":"https:\/\/teiaeducation.ch\/de\/#\/schema\/logo\/image\/"},"sameAs":["https:\/\/www.facebook.com\/teiaeducation\/","https:\/\/x.com\/EducationTeia","https:\/\/www.instagram.com\/teia.education\/","https:\/\/www.linkedin.com\/company\/35501660","https:\/\/www.pinterest.ch\/TeiaEducation\/"]}]}},"_links":{"self":[{"href":"https:\/\/teiaeducation.ch\/de\/wp-json\/wp\/v2\/product\/59662","targetHints":{"allow":["GET"]}}],"collection":[{"href":"https:\/\/teiaeducation.ch\/de\/wp-json\/wp\/v2\/product"}],"about":[{"href":"https:\/\/teiaeducation.ch\/de\/wp-json\/wp\/v2\/types\/product"}],"replies":[{"embeddable":true,"href":"https:\/\/teiaeducation.ch\/de\/wp-json\/wp\/v2\/comments?post=59662"}],"wp:featuredmedia":[{"embeddable":true,"href":"https:\/\/teiaeducation.ch\/de\/wp-json\/wp\/v2\/media\/56957"}],"wp:attachment":[{"href":"https:\/\/teiaeducation.ch\/de\/wp-json\/wp\/v2\/media?parent=59662"}],"wp:term":[{"taxonomy":"product_brand","embeddable":true,"href":"https:\/\/teiaeducation.ch\/de\/wp-json\/wp\/v2\/product_brand?post=59662"},{"taxonomy":"product_cat","embeddable":true,"href":"https:\/\/teiaeducation.ch\/de\/wp-json\/wp\/v2\/product_cat?post=59662"},{"taxonomy":"product_tag","embeddable":true,"href":"https:\/\/teiaeducation.ch\/de\/wp-json\/wp\/v2\/product_tag?post=59662"}],"curies":[{"name":"wp","href":"https:\/\/api.w.org\/{rel}","templated":true}]}}