{"id":59663,"date":"2023-11-02T09:07:43","date_gmt":"2023-11-02T08:07:43","guid":{"rendered":"https:\/\/teiaeducation.ch\/product\/kieselsteine-bunt-15-teile-bauspiel\/"},"modified":"2024-11-15T14:47:51","modified_gmt":"2024-11-15T13:47:51","slug":"kieselsteine-bunt-15-teile-bauspiel","status":"publish","type":"product","link":"https:\/\/teiaeducation.ch\/de\/produkt\/kieselsteine-bunt-15-teile-bauspiel\/","title":{"rendered":"Wollfilz Kieselsteine Regenbogenfarben (15 St\u00fcck) &#8211; Bauspiel"},"content":{"rendered":"<p>Dieses hochwertige Set aus 15 Wollfilz Kieselsteine von Bauspiel ist aus fair produziertem Wollfilz aus Nepal handgefertigt und kommt in vielen sch\u00f6nen Regenbogenfarben und unterschiedlichen <a href=\"https:\/\/teiaeducation.ch\/product-category\/learning-themes\/mathematics-numeracy\/size\/\">Gr\u00f6\u00dfen<\/a> daher! Die Wollfilz Kieselsteine sind perfekt zum Greifen und laden Kinder zum Balancieren, <a href=\"https:\/\/teiaeducation.ch\/product-category\/play\/sorting\/\">Sortieren<\/a>, Stapeln, <a href=\"https:\/\/teiaeducation.ch\/product-category\/learning-themes\/mathematics-numeracy\/counting\/\">Z\u00e4hlen<\/a> und Aufreihen ein.<\/p>\n<p>Die Wollfilz Kieselsteine von Bauspiel sind wundersch\u00f6n zu organischen Steinformen abgerundet. Die verschiedenen leuchtenden <a href=\"https:\/\/teiaeducation.ch\/product-category\/learning-themes\/sensory-motor-skills\/learning-about-colour\/\">Farbt\u00f6ne<\/a> des Filzes werden mit ungiftigen Farben auf Wasserbasis gef\u00e4rbt, so dass sie auch f\u00fcr kleine Kinder geeignet sind.<\/p>\n<p>Dieses Set aus Filzkieseln ist ein wunderbares, nat\u00fcrliches <a href=\"https:\/\/teiaeducation.ch\/product-category\/play\/stacking-toys\/\">Stapel<\/a>&#8211; und Balancier Spielzeug und bietet dar\u00fcber hinaus unendlich viele M\u00f6glichkeiten f\u00fcr kreatives, fantasievolles, Freies Spiel und kleine Welten, von der Herstellung von Skulpturen bis zum Bau von H\u00f6hlen und Naturlandschaften. Sie eignen sich hervorragend zur F\u00f6rderung der <a href=\"https:\/\/teiaeducation.ch\/product-category\/learning-themes\/sensory-motor-skills\/motor-skills\/\">Feinmotorik<\/a> und sind au\u00dferdem eine sch\u00f6ne Dekoration f\u00fcr jeden <a href=\"https:\/\/teiaeducation.ch\/product-category\/celebrations\/nature-seasonal-tables\/\">Jahreszeitentisch<\/a>, jedes Spielzimmer, jedes Klassenzimmer und jedes Kinderzimmer.<\/p>\n<p>Das 15-teilige Set regt die Fantasie der Kinder an &#8211; die verschiedenen Rot-, Gr\u00fcn- und Blaut\u00f6ne bieten unendliche M\u00f6glichkeiten zum Spielen und Lernen. Die Blaut\u00f6ne erinnern an Wasser und Seen, das Gr\u00fcn steht f\u00fcr Wald und Wiese, die Rott\u00f6ne symbolisieren Feuer und W\u00e4rme.<\/p>\n<p>Die Bauspiel Wollfilz Kieselsteine in Regenbogenfarben sind f\u00fcr Kinder ab 1 Jahr geeignet.<\/p>\n<p>Inhalt:<\/p>\n<p>15 Kieselsteine aus Wollfilz<\/p>\n<h2>Pflegehinweise<\/h2>\n<p>Handw\u00e4sche mit Wollwaschmittel, in kaltem Wasser bis 30 Grad.<\/p>\n<h2>R\u00fcckgabepolitik<\/h2>\n<p>Alle zur\u00fcckgesandten Artikel m\u00fcssen sich in ihrem Originalzustand befinden und die Originalverpackung sowie die Etiketten m\u00fcssen angebracht und intakt sein. Gebrauchte oder gewaschene Artikel k\u00f6nnen nicht zur\u00fcckgegeben werden.<\/p>\n<h2>\u00dcber Bauspiel<\/h2>\n<p><a href=\"https:\/\/teiaeducation.ch\/product-category\/brands\/bauspiel\/\">Bauspiel<\/a> ist eine kleine umweltbewusste <a href=\"https:\/\/teiaeducation.ch\/product-category\/hgh-quality-toys-play\/handmade-wooden-toys\/\">Holz<\/a>&#8211; und Wollfilz Spielzeugmarke aus Deutschland. Die handgefertigten Bauspiel Spielzeuge zeichnen sich durch ihre hohe Qualit\u00e4t und hervorragende Verarbeitung aus. Sie sind lehrreich und ergebnisoffen und laden zum <a href=\"https:\/\/teiaeducation.ch\/product-category\/play\/open-ended-play\/\">freien und unbegrenzten Spiel<\/a> ein, das sich auf das Erlernen verschiedener p\u00e4dagogischer Konzepte wie <a href=\"https:\/\/teiaeducation.ch\/de\/produkt-kategorie\/lernthemen\/sensorische-motorische-fertigkeiten\/farbe-lernen\/\">Farbe<\/a>, <a href=\"https:\/\/teiaeducation.ch\/de\/produkt-kategorie\/lernthemen\/mathematik-rechnen\/formen\/\">Form<\/a> und <a href=\"https:\/\/teiaeducation.ch\/de\/produkt-kategorie\/lernthemen\/mathematik-rechnen\/\">Mathematik<\/a> konzentriert.<\/p>\n<p>Alle Bauspiel Spielzeuge werden aus umweltfreundlichen Materialien wie ge\u00f6lten Naturh\u00f6lzern und fair produziertem Wollfilz aus Nepal hergestellt. Sie entsprechen hinsichtlich ihrer Rohstoffe der europ\u00e4ischen Spielzeugnorm EN71 und sind f\u00fcr (kleine) Kinder sicher.<\/p>\n<p>Der Schutz und die Achtung der Umwelt zieht sich ganzheitlich durch das gesamte Unternehmen und die Vision von Bauspiel, von den Lieferanten \u00fcber die Mitarbeiter bis zu den Kunden. Sie verwenden faire L\u00f6hne, faire und nachhaltige Produktionsbedingungen, recycelte Verpackungsmaterialien und umweltfreundliche Farben, Klebstoffe und nat\u00fcrliche \u00d6le f\u00fcr die Herstellung ihrer Spielzeuge. Um die Nachhaltigkeit weiter zu gew\u00e4hrleisten, bietet Bauspiel einen umfassenden Ersatzteil- und Reparaturservice f\u00fcr seine <a href=\"https:\/\/teiaeducation.ch\/de\/produkt-kategorie\/kinder-spielzeug\/\">Spielzeuge<\/a> an.<\/p>\n","protected":false},"excerpt":{"rendered":"<p>Artikelnummer: 50094B<\/p>\n<p>Die hochwertigen Kieselsteine von Bauspiel in wundersch\u00f6nen Regenbogenfarben und verschiedenen Gr\u00f6\u00dfen werden in Deutschland aus fair produziertem Wollfilz aus Nepal handgefertigt!<\/p>\n","protected":false},"featured_media":56950,"comment_status":"open","ping_status":"closed","template":"","meta":[],"product_brand":[],"product_cat":[21444,21445,21446,26469,21479,21465,21690,21492,21484,22182,21443,22349,21563,21695,21678,21699,21685,21564,21483,22919],"product_tag":[28539,28542,28540,28541,28550,28548,28549,28546,28547,25837,28545,28552,28551,28544,28543],"class_list":{"0":"post-59663","1":"product","2":"type-product","3":"status-publish","4":"has-post-thumbnail","6":"product_cat-1-3-jahre-kleinkind","7":"product_cat-3-6-jahre-vorschule","8":"product_cat-6-12-jahre-grundschule","9":"product_cat-bauspiel-de","10":"product_cat-lernmaterialien-spielzeug-montessori-waldorf-steiner-froebel","11":"product_cat-feier-festlichkeiten","12":"product_cat-spiele-mit-offenem-ende","13":"product_cat-geschenk-guide-stoffspielzeug","14":"product_cat-geschenk-guides","15":"product_cat-montessori-spielzeug","16":"product_cat-nach-alter","17":"product_cat-natur-saisonale-tische-de","18":"product_cat-neuheiten","19":"product_cat-sinnliches-spiel","20":"product_cat-kinder-spielzeug","21":"product_cat-stapelspielzeug","22":"product_cat-stoffspielzeug","23":"product_cat-unsere-marken","24":"product_cat-waldorf-steiner-paedagogik","25":"product_cat-waldorfspielzeug","26":"product_tag-bauspiel-de","27":"product_tag-bauspiel-baumwollspieltucher","28":"product_tag-bauspiel-farbkreis-tucher","29":"product_tag-bauspiel-regenbogen-spieltucher","30":"product_tag-filzkieselsteine-bauspiel","31":"product_tag-filzkieselsteine-regenbogenfarben-15-stuck-bauspiel","32":"product_tag-filzkieselsteine-regenbogenfarben-bauspiel","33":"product_tag-goethe-farbkreis-tucher","34":"product_tag-spieltucher-aus-naturlicher-baumwolle-in-regenbogenfarben","35":"product_tag-waldorf-stoffspielzeug","36":"product_tag-waldorf-baumwollspieltucher","37":"product_tag-waldorf-filzkieselsteine","38":"product_tag-waldorf-filzsteine","39":"product_tag-waldorf-regenbogentucher","40":"product_tag-waldorfspieltucher","42":"first","43":"instock","44":"taxable","45":"shipping-taxable","46":"purchasable","47":"product-type-simple"},"yoast_head":"<!-- This site is optimized with the Yoast SEO plugin v27.1.1 - https:\/\/yoast.com\/product\/yoast-seo-wordpress\/ -->\n<title>Wollfilz Kieselsteine Regenbogenfarben (15 St\u00fcck) - Bauspiel<\/title>\n<meta name=\"description\" content=\"Hochwertige Wollfilz Kieselsteine von Bauspiel in sch\u00f6nen Regenbogenfarben, handgefertigt in Deutschland aus fair produziertem Wollfilz aus Nepal.\" \/>\n<meta name=\"robots\" content=\"index, follow, max-snippet:-1, max-image-preview:large, max-video-preview:-1\" \/>\n<link rel=\"canonical\" href=\"https:\/\/teiaeducation.ch\/de\/produkt\/kieselsteine-bunt-15-teile-bauspiel\/\" \/>\n<meta property=\"og:locale\" content=\"de_DE\" \/>\n<meta property=\"og:type\" content=\"article\" \/>\n<meta property=\"og:title\" content=\"Wollfilz Kieselsteine Regenbogenfarben (15 St\u00fcck) - Bauspiel\" \/>\n<meta property=\"og:description\" content=\"Hochwertige Wollfilz Kieselsteine von Bauspiel in sch\u00f6nen Regenbogenfarben, handgefertigt in Deutschland aus fair produziertem Wollfilz aus Nepal.\" \/>\n<meta property=\"og:url\" content=\"https:\/\/teiaeducation.ch\/de\/produkt\/kieselsteine-bunt-15-teile-bauspiel\/\" \/>\n<meta property=\"og:site_name\" content=\"Sustainable Educational Products &amp; Ecological Toys\u00a0\" \/>\n<meta property=\"article:publisher\" content=\"https:\/\/www.facebook.com\/teiaeducation\/\" \/>\n<meta property=\"article:modified_time\" content=\"2024-11-15T13:47:51+00:00\" \/>\n<meta property=\"og:image\" content=\"https:\/\/teiaeducation.ch\/wp-content\/uploads\/2023\/11\/Nepal-wool-felt-pebbles-rainbow-colours-15-pieces-Bauspiel-1.jpg\" \/>\n\t<meta property=\"og:image:width\" content=\"1162\" \/>\n\t<meta property=\"og:image:height\" content=\"1100\" \/>\n\t<meta property=\"og:image:type\" content=\"image\/jpeg\" \/>\n<script type=\"application\/ld+json\" class=\"yoast-schema-graph\">{\"@context\":\"https:\/\/schema.org\",\"@graph\":[{\"@type\":\"WebPage\",\"@id\":\"https:\/\/teiaeducation.ch\/de\/produkt\/kieselsteine-bunt-15-teile-bauspiel\/\",\"url\":\"https:\/\/teiaeducation.ch\/de\/produkt\/kieselsteine-bunt-15-teile-bauspiel\/\",\"name\":\"Wollfilz Kieselsteine Regenbogenfarben (15 St\u00fcck) - Bauspiel\",\"isPartOf\":{\"@id\":\"https:\/\/teiaeducation.ch\/de\/#website\"},\"primaryImageOfPage\":{\"@id\":\"https:\/\/teiaeducation.ch\/de\/produkt\/kieselsteine-bunt-15-teile-bauspiel\/#primaryimage\"},\"image\":{\"@id\":\"https:\/\/teiaeducation.ch\/de\/produkt\/kieselsteine-bunt-15-teile-bauspiel\/#primaryimage\"},\"thumbnailUrl\":\"https:\/\/teiaeducation.ch\/wp-content\/uploads\/2023\/11\/Nepal-wool-felt-pebbles-rainbow-colours-15-pieces-Bauspiel-1.jpg\",\"datePublished\":\"2023-11-02T08:07:43+00:00\",\"dateModified\":\"2024-11-15T13:47:51+00:00\",\"description\":\"Hochwertige Wollfilz Kieselsteine von Bauspiel in sch\u00f6nen Regenbogenfarben, handgefertigt in Deutschland aus fair produziertem Wollfilz aus Nepal.\",\"breadcrumb\":{\"@id\":\"https:\/\/teiaeducation.ch\/de\/produkt\/kieselsteine-bunt-15-teile-bauspiel\/#breadcrumb\"},\"inLanguage\":\"de-CH\",\"potentialAction\":[{\"@type\":\"ReadAction\",\"target\":[\"https:\/\/teiaeducation.ch\/de\/produkt\/kieselsteine-bunt-15-teile-bauspiel\/\"]}]},{\"@type\":\"ImageObject\",\"inLanguage\":\"de-CH\",\"@id\":\"https:\/\/teiaeducation.ch\/de\/produkt\/kieselsteine-bunt-15-teile-bauspiel\/#primaryimage\",\"url\":\"https:\/\/teiaeducation.ch\/wp-content\/uploads\/2023\/11\/Nepal-wool-felt-pebbles-rainbow-colours-15-pieces-Bauspiel-1.jpg\",\"contentUrl\":\"https:\/\/teiaeducation.ch\/wp-content\/uploads\/2023\/11\/Nepal-wool-felt-pebbles-rainbow-colours-15-pieces-Bauspiel-1.jpg\",\"width\":1162,\"height\":1100,\"caption\":\"Nepal Wollfilz Kieselsteine Regenbogenfarben 15 St\u00fcck - Bauspiel\"},{\"@type\":\"BreadcrumbList\",\"@id\":\"https:\/\/teiaeducation.ch\/de\/produkt\/kieselsteine-bunt-15-teile-bauspiel\/#breadcrumb\",\"itemListElement\":[{\"@type\":\"ListItem\",\"position\":1,\"name\":\"Home\",\"item\":\"https:\/\/teiaeducation.ch\/de\/\"},{\"@type\":\"ListItem\",\"position\":2,\"name\":\"Laden\",\"item\":\"https:\/\/teiaeducation.ch\/de\/shop\/\"},{\"@type\":\"ListItem\",\"position\":3,\"name\":\"Unsere Marken\",\"item\":\"https:\/\/teiaeducation.ch\/de\/produkt-kategorie\/unsere-marken\/\"},{\"@type\":\"ListItem\",\"position\":4,\"name\":\"Bauspiel\",\"item\":\"https:\/\/teiaeducation.ch\/de\/produkt-kategorie\/unsere-marken\/bauspiel-de\/\"},{\"@type\":\"ListItem\",\"position\":5,\"name\":\"Wollfilz Kieselsteine Regenbogenfarben (15 St\u00fcck) &#8211; Bauspiel\"}]},{\"@type\":\"WebSite\",\"@id\":\"https:\/\/teiaeducation.ch\/de\/#website\",\"url\":\"https:\/\/teiaeducation.ch\/de\/\",\"name\":\"Sustainable Educational Products &amp; Ecological Toys\u00a0\",\"description\":\"Specialised Swiss shop selling sustainable educational toys and games, AMI certified Montessori materials, handmade ecological wooden Waldorf toys and arts &amp; crafts supplies, school supplies, children&#039;s furniture and Montessori reference and parenting books.\",\"publisher\":{\"@id\":\"https:\/\/teiaeducation.ch\/de\/#organization\"},\"alternateName\":\"Teia Education & Play\",\"potentialAction\":[{\"@type\":\"SearchAction\",\"target\":{\"@type\":\"EntryPoint\",\"urlTemplate\":\"https:\/\/teiaeducation.ch\/de\/?s={search_term_string}\"},\"query-input\":{\"@type\":\"PropertyValueSpecification\",\"valueRequired\":true,\"valueName\":\"search_term_string\"}}],\"inLanguage\":\"de-CH\"},{\"@type\":\"Organization\",\"@id\":\"https:\/\/teiaeducation.ch\/de\/#organization\",\"name\":\"Teia Education & Play\",\"url\":\"https:\/\/teiaeducation.ch\/de\/\",\"logo\":{\"@type\":\"ImageObject\",\"inLanguage\":\"de-CH\",\"@id\":\"https:\/\/teiaeducation.ch\/de\/#\/schema\/logo\/image\/\",\"url\":\"https:\/\/teiaeducation.ch\/wp-content\/uploads\/2020\/11\/Teia-Education-Switzerland-e1620156442216.jpg\",\"contentUrl\":\"https:\/\/teiaeducation.ch\/wp-content\/uploads\/2020\/11\/Teia-Education-Switzerland-e1620156442216.jpg\",\"width\":166,\"height\":145,\"caption\":\"Teia Education & Play\"},\"image\":{\"@id\":\"https:\/\/teiaeducation.ch\/de\/#\/schema\/logo\/image\/\"},\"sameAs\":[\"https:\/\/www.facebook.com\/teiaeducation\/\",\"https:\/\/x.com\/EducationTeia\",\"https:\/\/www.instagram.com\/teia.education\/\",\"https:\/\/www.linkedin.com\/company\/35501660\",\"https:\/\/www.pinterest.ch\/TeiaEducation\/\"]}]}<\/script>\n<!-- \/ Yoast SEO plugin. -->","yoast_head_json":{"title":"Wollfilz Kieselsteine Regenbogenfarben (15 St\u00fcck) - Bauspiel","description":"Hochwertige Wollfilz Kieselsteine von Bauspiel in sch\u00f6nen Regenbogenfarben, handgefertigt in Deutschland aus fair produziertem Wollfilz aus Nepal.","robots":{"index":"index","follow":"follow","max-snippet":"max-snippet:-1","max-image-preview":"max-image-preview:large","max-video-preview":"max-video-preview:-1"},"canonical":"https:\/\/teiaeducation.ch\/de\/produkt\/kieselsteine-bunt-15-teile-bauspiel\/","og_locale":"de_DE","og_type":"article","og_title":"Wollfilz Kieselsteine Regenbogenfarben (15 St\u00fcck) - Bauspiel","og_description":"Hochwertige Wollfilz Kieselsteine von Bauspiel in sch\u00f6nen Regenbogenfarben, handgefertigt in Deutschland aus fair produziertem Wollfilz aus Nepal.","og_url":"https:\/\/teiaeducation.ch\/de\/produkt\/kieselsteine-bunt-15-teile-bauspiel\/","og_site_name":"Sustainable Educational Products &amp; Ecological Toys\u00a0","article_publisher":"https:\/\/www.facebook.com\/teiaeducation\/","article_modified_time":"2024-11-15T13:47:51+00:00","og_image":[{"width":1162,"height":1100,"url":"https:\/\/teiaeducation.ch\/wp-content\/uploads\/2023\/11\/Nepal-wool-felt-pebbles-rainbow-colours-15-pieces-Bauspiel-1.jpg","type":"image\/jpeg"}],"schema":{"@context":"https:\/\/schema.org","@graph":[{"@type":"WebPage","@id":"https:\/\/teiaeducation.ch\/de\/produkt\/kieselsteine-bunt-15-teile-bauspiel\/","url":"https:\/\/teiaeducation.ch\/de\/produkt\/kieselsteine-bunt-15-teile-bauspiel\/","name":"Wollfilz Kieselsteine Regenbogenfarben (15 St\u00fcck) - Bauspiel","isPartOf":{"@id":"https:\/\/teiaeducation.ch\/de\/#website"},"primaryImageOfPage":{"@id":"https:\/\/teiaeducation.ch\/de\/produkt\/kieselsteine-bunt-15-teile-bauspiel\/#primaryimage"},"image":{"@id":"https:\/\/teiaeducation.ch\/de\/produkt\/kieselsteine-bunt-15-teile-bauspiel\/#primaryimage"},"thumbnailUrl":"https:\/\/teiaeducation.ch\/wp-content\/uploads\/2023\/11\/Nepal-wool-felt-pebbles-rainbow-colours-15-pieces-Bauspiel-1.jpg","datePublished":"2023-11-02T08:07:43+00:00","dateModified":"2024-11-15T13:47:51+00:00","description":"Hochwertige Wollfilz Kieselsteine von Bauspiel in sch\u00f6nen Regenbogenfarben, handgefertigt in Deutschland aus fair produziertem Wollfilz aus Nepal.","breadcrumb":{"@id":"https:\/\/teiaeducation.ch\/de\/produkt\/kieselsteine-bunt-15-teile-bauspiel\/#breadcrumb"},"inLanguage":"de-CH","potentialAction":[{"@type":"ReadAction","target":["https:\/\/teiaeducation.ch\/de\/produkt\/kieselsteine-bunt-15-teile-bauspiel\/"]}]},{"@type":"ImageObject","inLanguage":"de-CH","@id":"https:\/\/teiaeducation.ch\/de\/produkt\/kieselsteine-bunt-15-teile-bauspiel\/#primaryimage","url":"https:\/\/teiaeducation.ch\/wp-content\/uploads\/2023\/11\/Nepal-wool-felt-pebbles-rainbow-colours-15-pieces-Bauspiel-1.jpg","contentUrl":"https:\/\/teiaeducation.ch\/wp-content\/uploads\/2023\/11\/Nepal-wool-felt-pebbles-rainbow-colours-15-pieces-Bauspiel-1.jpg","width":1162,"height":1100,"caption":"Nepal Wollfilz Kieselsteine Regenbogenfarben 15 St\u00fcck - Bauspiel"},{"@type":"BreadcrumbList","@id":"https:\/\/teiaeducation.ch\/de\/produkt\/kieselsteine-bunt-15-teile-bauspiel\/#breadcrumb","itemListElement":[{"@type":"ListItem","position":1,"name":"Home","item":"https:\/\/teiaeducation.ch\/de\/"},{"@type":"ListItem","position":2,"name":"Laden","item":"https:\/\/teiaeducation.ch\/de\/shop\/"},{"@type":"ListItem","position":3,"name":"Unsere Marken","item":"https:\/\/teiaeducation.ch\/de\/produkt-kategorie\/unsere-marken\/"},{"@type":"ListItem","position":4,"name":"Bauspiel","item":"https:\/\/teiaeducation.ch\/de\/produkt-kategorie\/unsere-marken\/bauspiel-de\/"},{"@type":"ListItem","position":5,"name":"Wollfilz Kieselsteine Regenbogenfarben (15 St\u00fcck) &#8211; Bauspiel"}]},{"@type":"WebSite","@id":"https:\/\/teiaeducation.ch\/de\/#website","url":"https:\/\/teiaeducation.ch\/de\/","name":"Sustainable Educational Products &amp; Ecological Toys\u00a0","description":"Specialised Swiss shop selling sustainable educational toys and games, AMI certified Montessori materials, handmade ecological wooden Waldorf toys and arts &amp; crafts supplies, school supplies, children&#039;s furniture and Montessori reference and parenting books.","publisher":{"@id":"https:\/\/teiaeducation.ch\/de\/#organization"},"alternateName":"Teia Education & Play","potentialAction":[{"@type":"SearchAction","target":{"@type":"EntryPoint","urlTemplate":"https:\/\/teiaeducation.ch\/de\/?s={search_term_string}"},"query-input":{"@type":"PropertyValueSpecification","valueRequired":true,"valueName":"search_term_string"}}],"inLanguage":"de-CH"},{"@type":"Organization","@id":"https:\/\/teiaeducation.ch\/de\/#organization","name":"Teia Education & Play","url":"https:\/\/teiaeducation.ch\/de\/","logo":{"@type":"ImageObject","inLanguage":"de-CH","@id":"https:\/\/teiaeducation.ch\/de\/#\/schema\/logo\/image\/","url":"https:\/\/teiaeducation.ch\/wp-content\/uploads\/2020\/11\/Teia-Education-Switzerland-e1620156442216.jpg","contentUrl":"https:\/\/teiaeducation.ch\/wp-content\/uploads\/2020\/11\/Teia-Education-Switzerland-e1620156442216.jpg","width":166,"height":145,"caption":"Teia Education & Play"},"image":{"@id":"https:\/\/teiaeducation.ch\/de\/#\/schema\/logo\/image\/"},"sameAs":["https:\/\/www.facebook.com\/teiaeducation\/","https:\/\/x.com\/EducationTeia","https:\/\/www.instagram.com\/teia.education\/","https:\/\/www.linkedin.com\/company\/35501660","https:\/\/www.pinterest.ch\/TeiaEducation\/"]}]}},"_links":{"self":[{"href":"https:\/\/teiaeducation.ch\/de\/wp-json\/wp\/v2\/product\/59663","targetHints":{"allow":["GET"]}}],"collection":[{"href":"https:\/\/teiaeducation.ch\/de\/wp-json\/wp\/v2\/product"}],"about":[{"href":"https:\/\/teiaeducation.ch\/de\/wp-json\/wp\/v2\/types\/product"}],"replies":[{"embeddable":true,"href":"https:\/\/teiaeducation.ch\/de\/wp-json\/wp\/v2\/comments?post=59663"}],"wp:featuredmedia":[{"embeddable":true,"href":"https:\/\/teiaeducation.ch\/de\/wp-json\/wp\/v2\/media\/56950"}],"wp:attachment":[{"href":"https:\/\/teiaeducation.ch\/de\/wp-json\/wp\/v2\/media?parent=59663"}],"wp:term":[{"taxonomy":"product_brand","embeddable":true,"href":"https:\/\/teiaeducation.ch\/de\/wp-json\/wp\/v2\/product_brand?post=59663"},{"taxonomy":"product_cat","embeddable":true,"href":"https:\/\/teiaeducation.ch\/de\/wp-json\/wp\/v2\/product_cat?post=59663"},{"taxonomy":"product_tag","embeddable":true,"href":"https:\/\/teiaeducation.ch\/de\/wp-json\/wp\/v2\/product_tag?post=59663"}],"curies":[{"name":"wp","href":"https:\/\/api.w.org\/{rel}","templated":true}]}}