{"id":59664,"date":"2023-10-31T14:37:16","date_gmt":"2023-10-31T13:37:16","guid":{"rendered":"https:\/\/teiaeducation.ch\/product\/facettenbaukasten-25-teile-bauspiel\/"},"modified":"2024-11-15T14:48:11","modified_gmt":"2024-11-15T13:48:11","slug":"facettenbaukasten-25-teile-bauspiel","status":"publish","type":"product","link":"https:\/\/teiaeducation.ch\/de\/produkt\/facettenbaukasten-25-teile-bauspiel\/","title":{"rendered":"Facettenbaukasten Regenbogenfarben (25 St\u00fcck) &#8211; Bauspiel"},"content":{"rendered":"<p>Dieses h\u00fcbsche Set mit 25 Facettenbaukasten aus Holz mit durchsichtigen Acryl-Edelsteine in Regenbogenfarben ist eine sch\u00f6ne Erg\u00e4nzung f\u00fcr jeden Spielraum und eignet sich hervorragend zur Versch\u00f6nerung der mit den Bauspiel Bauk\u00e4sten erstellten Bauwerke! Die Facettenbaukasten regen zum freien Spiel an, k\u00f6nnen aber auch zur F\u00f6rderung der Farberkennung, des <a href=\"https:\/\/teiaeducation.ch\/product-category\/learning-themes\/mathematics-numeracy\/counting\/\">Z\u00e4hlens<\/a>, des <a href=\"https:\/\/teiaeducation.ch\/product-category\/play\/stacking-toys\/\">Stapelns<\/a> und des Bauens eingesetzt werden.<\/p>\n<p>Das Set enth\u00e4lt quadratische <a href=\"https:\/\/teiaeducation.ch\/product-category\/play\/wooden-building-blocks\/\">Massivholzbausteine<\/a>, die jeweils mit einem facettierten Glasfenster verziert sind. Insgesamt zeigen die Fenster 5 verschiedene Farben, die nach der Goetheschen Farbenlehre ausgew\u00e4hlt wurden. Beim Blick durch die lichtdurchl\u00e4ssigen, facettierten Glasfenster l\u00e4sst sich eine spannende Kaleidoskopwelt entdecken.<\/p>\n<p>Die Holzkl\u00f6tze haben abgerundete Kanten und sind aus nat\u00fcrlichem, ge\u00f6ltem Erlenholz gefertigt und f\u00fchlen sich sehr angenehm an. Sie werden in einem Holztablett pr\u00e4sentiert.<\/p>\n<p>Das gesamte Facettenbaukasten Set wird in Handarbeit in Deutschland hergestellt und ist f\u00fcr Kinder ab 3 Jahren geeignet.<\/p>\n<p>Inhalt:<\/p>\n<p>25 facettierte Fensterglasbl\u00f6cke (5 x 5 x 2,5 cm)<br \/>\n1 Holztablett (27,5 x 27,5 x 2,5 cm)<\/p>\n<h2>\u00dcber Bauspiel<\/h2>\n<p><a href=\"https:\/\/teiaeducation.ch\/product-category\/brands\/bauspiel\/\">Bauspiel<\/a> ist eine kleine umweltbewusste <a href=\"https:\/\/teiaeducation.ch\/product-category\/hgh-quality-toys-play\/handmade-wooden-toys\/\">Holz<\/a>&#8211; und Wollfilz Spielzeugmarke aus Deutschland. Die handgefertigten Bauspiel Spielzeuge zeichnen sich durch ihre hohe Qualit\u00e4t und hervorragende Verarbeitung aus. Sie sind lehrreich und ergebnisoffen und laden zum <a href=\"https:\/\/teiaeducation.ch\/product-category\/play\/open-ended-play\/\">freien und unbegrenzten Spiel<\/a> ein, das sich auf das Erlernen verschiedener p\u00e4dagogischer Konzepte wie <a href=\"https:\/\/teiaeducation.ch\/de\/produkt-kategorie\/lernthemen\/sensorische-motorische-fertigkeiten\/farbe-lernen\/\">Farbe<\/a>, <a href=\"https:\/\/teiaeducation.ch\/de\/produkt-kategorie\/lernthemen\/mathematik-rechnen\/formen\/\">Form<\/a> und <a href=\"https:\/\/teiaeducation.ch\/de\/produkt-kategorie\/lernthemen\/mathematik-rechnen\/\">Mathematik<\/a> konzentriert.<\/p>\n<p>Alle Bauspiel Spielzeuge werden aus umweltfreundlichen Materialien wie ge\u00f6lten Naturh\u00f6lzern und fair produziertem Wollfilz aus Nepal hergestellt. Sie entsprechen hinsichtlich ihrer Rohstoffe der europ\u00e4ischen Spielzeugnorm EN71 und sind f\u00fcr (kleine) Kinder sicher.<\/p>\n<p>Der Schutz und die Achtung der Umwelt zieht sich ganzheitlich durch das gesamte Unternehmen und die Vision von Bauspiel, von den Lieferanten \u00fcber die Mitarbeiter bis zu den Kunden. Sie verwenden faire L\u00f6hne, faire und nachhaltige Produktionsbedingungen, recycelte Verpackungsmaterialien und umweltfreundliche Farben, Klebstoffe und nat\u00fcrliche \u00d6le f\u00fcr die Herstellung ihrer Spielzeuge. Um die Nachhaltigkeit weiter zu gew\u00e4hrleisten, bietet Bauspiel einen umfassenden Ersatzteil- und Reparaturservice f\u00fcr seine <a href=\"https:\/\/teiaeducation.ch\/de\/produkt-kategorie\/kinder-spielzeug\/\">Spielzeuge<\/a> an.<\/p>\n","protected":false},"excerpt":{"rendered":"<p>Artikelnummer: BS0225<\/p>\n<p>Der Bauspiel Facettenbaukasten aus Holz mit durchsichtigen Acryl-Edelsteine in Regenbogenfarben f\u00f6rdert das Farberkennen, Z\u00e4hlen, Stapeln und Bauen!<\/p>\n","protected":false},"featured_media":56921,"comment_status":"open","ping_status":"closed","template":"","meta":[],"product_brand":[],"product_cat":[21445,21446,21704,26469,21479,21558,21690,23075,21509,22182,21559,21443,21563,21557,21695,21678,21699,21564,22919],"product_tag":[28568,28539,28575,28573,28566,28565,28570,28569,28579,28567,28571,28572,28564,28576,28577,28563,28574,28578],"class_list":{"0":"post-59664","1":"product","2":"type-product","3":"status-publish","4":"has-post-thumbnail","6":"product_cat-3-6-jahre-vorschule","7":"product_cat-6-12-jahre-grundschule","8":"product_cat-baukloetze-aus-holz","9":"product_cat-bauspiel-de","10":"product_cat-lernmaterialien-spielzeug-montessori-waldorf-steiner-froebel","11":"product_cat-farbe-lernen","12":"product_cat-spiele-mit-offenem-ende","13":"product_cat-handgefertigtes-holzspielzeug","14":"product_cat-lernthemen","15":"product_cat-montessori-spielzeug","16":"product_cat-motorische-fertigkeiten","17":"product_cat-nach-alter","18":"product_cat-neuheiten","19":"product_cat-sensorische-motorische-fertigkeiten","20":"product_cat-sinnliches-spiel","21":"product_cat-kinder-spielzeug","22":"product_cat-stapelspielzeug","23":"product_cat-unsere-marken","24":"product_cat-waldorfspielzeug","25":"product_tag-bauklotze-mit-funkelnden-steinen","26":"product_tag-bauspiel-de","27":"product_tag-bauspiel-durchsichtige-sichtblocke","28":"product_tag-bauspiel-farbspuren-blocke-edelsteine","29":"product_tag-bauspiel-holzklotze-edelsteine-de","30":"product_tag-bauspiel-holzklotze-edelsteine","31":"product_tag-bauspiel-holzklotze-edelsteine-de-2","32":"product_tag-bauspiel-holzklotze-funkelnde-steine","33":"product_tag-bauspielblocke-edelsteine","34":"product_tag-bausteine-mit-edelsteinen","35":"product_tag-blocke-acryl-edelsteine-bauspiel","36":"product_tag-blocke-mit-funkelnden-acryl-edelsteinen","37":"product_tag-edelsteine-holzklotze","38":"product_tag-facettierte-glasfensterblocke-bauspiel","39":"product_tag-fensterglasblocke-bauspiel","40":"product_tag-holzklotze-mit-edelsteinen","41":"product_tag-kleine-farbspuren-holzklotze-25-stuck-bauspiel","42":"product_tag-transparente-wurfel-bauspiel","44":"first","45":"instock","46":"taxable","47":"shipping-taxable","48":"purchasable","49":"product-type-simple"},"yoast_head":"<!-- This site is optimized with the Yoast SEO plugin v27.1.1 - https:\/\/yoast.com\/product\/yoast-seo-wordpress\/ -->\n<title>Facettenbaukasten Regenbogenfarben (25 Teile) - Bauspiel<\/title>\n<meta name=\"description\" content=\"Der Bauspiel Facettenbaukasten aus Holz mit durchsichtigen Acryl-Edelsteine in Regenbogenfarben f\u00f6rdert das Farberkennen, Z\u00e4hlen, Stapeln und Bauen.\" \/>\n<meta name=\"robots\" content=\"index, follow, max-snippet:-1, max-image-preview:large, max-video-preview:-1\" \/>\n<link rel=\"canonical\" href=\"https:\/\/teiaeducation.ch\/de\/produkt\/facettenbaukasten-25-teile-bauspiel\/\" \/>\n<meta property=\"og:locale\" content=\"de_DE\" \/>\n<meta property=\"og:type\" content=\"article\" \/>\n<meta property=\"og:title\" content=\"Facettenbaukasten Regenbogenfarben (25 Teile) - Bauspiel\" \/>\n<meta property=\"og:description\" content=\"Der Bauspiel Facettenbaukasten aus Holz mit durchsichtigen Acryl-Edelsteine in Regenbogenfarben f\u00f6rdert das Farberkennen, Z\u00e4hlen, Stapeln und Bauen.\" \/>\n<meta property=\"og:url\" content=\"https:\/\/teiaeducation.ch\/de\/produkt\/facettenbaukasten-25-teile-bauspiel\/\" \/>\n<meta property=\"og:site_name\" content=\"Sustainable Educational Products &amp; Ecological Toys\u00a0\" \/>\n<meta property=\"article:publisher\" content=\"https:\/\/www.facebook.com\/teiaeducation\/\" \/>\n<meta property=\"article:modified_time\" content=\"2024-11-15T13:48:11+00:00\" \/>\n<meta property=\"og:image\" content=\"https:\/\/teiaeducation.ch\/wp-content\/uploads\/2023\/10\/Faceted-stainglass-window-wooden-blocks-25-pieces-Bauspiel.jpg\" \/>\n\t<meta property=\"og:image:width\" content=\"1305\" \/>\n\t<meta property=\"og:image:height\" content=\"1276\" \/>\n\t<meta property=\"og:image:type\" content=\"image\/jpeg\" \/>\n<script type=\"application\/ld+json\" class=\"yoast-schema-graph\">{\"@context\":\"https:\/\/schema.org\",\"@graph\":[{\"@type\":\"WebPage\",\"@id\":\"https:\/\/teiaeducation.ch\/de\/produkt\/facettenbaukasten-25-teile-bauspiel\/\",\"url\":\"https:\/\/teiaeducation.ch\/de\/produkt\/facettenbaukasten-25-teile-bauspiel\/\",\"name\":\"Facettenbaukasten Regenbogenfarben (25 Teile) - Bauspiel\",\"isPartOf\":{\"@id\":\"https:\/\/teiaeducation.ch\/de\/#website\"},\"primaryImageOfPage\":{\"@id\":\"https:\/\/teiaeducation.ch\/de\/produkt\/facettenbaukasten-25-teile-bauspiel\/#primaryimage\"},\"image\":{\"@id\":\"https:\/\/teiaeducation.ch\/de\/produkt\/facettenbaukasten-25-teile-bauspiel\/#primaryimage\"},\"thumbnailUrl\":\"https:\/\/teiaeducation.ch\/wp-content\/uploads\/2023\/10\/Faceted-stainglass-window-wooden-blocks-25-pieces-Bauspiel.jpg\",\"datePublished\":\"2023-10-31T13:37:16+00:00\",\"dateModified\":\"2024-11-15T13:48:11+00:00\",\"description\":\"Der Bauspiel Facettenbaukasten aus Holz mit durchsichtigen Acryl-Edelsteine in Regenbogenfarben f\u00f6rdert das Farberkennen, Z\u00e4hlen, Stapeln und Bauen.\",\"breadcrumb\":{\"@id\":\"https:\/\/teiaeducation.ch\/de\/produkt\/facettenbaukasten-25-teile-bauspiel\/#breadcrumb\"},\"inLanguage\":\"de-CH\",\"potentialAction\":[{\"@type\":\"ReadAction\",\"target\":[\"https:\/\/teiaeducation.ch\/de\/produkt\/facettenbaukasten-25-teile-bauspiel\/\"]}]},{\"@type\":\"ImageObject\",\"inLanguage\":\"de-CH\",\"@id\":\"https:\/\/teiaeducation.ch\/de\/produkt\/facettenbaukasten-25-teile-bauspiel\/#primaryimage\",\"url\":\"https:\/\/teiaeducation.ch\/wp-content\/uploads\/2023\/10\/Faceted-stainglass-window-wooden-blocks-25-pieces-Bauspiel.jpg\",\"contentUrl\":\"https:\/\/teiaeducation.ch\/wp-content\/uploads\/2023\/10\/Faceted-stainglass-window-wooden-blocks-25-pieces-Bauspiel.jpg\",\"width\":1305,\"height\":1276,\"caption\":\"Facettenbaukasten durchsichtigen Acryl-Edelsteine regenbogenfarben bauspiel\"},{\"@type\":\"BreadcrumbList\",\"@id\":\"https:\/\/teiaeducation.ch\/de\/produkt\/facettenbaukasten-25-teile-bauspiel\/#breadcrumb\",\"itemListElement\":[{\"@type\":\"ListItem\",\"position\":1,\"name\":\"Home\",\"item\":\"https:\/\/teiaeducation.ch\/de\/\"},{\"@type\":\"ListItem\",\"position\":2,\"name\":\"Laden\",\"item\":\"https:\/\/teiaeducation.ch\/de\/shop\/\"},{\"@type\":\"ListItem\",\"position\":3,\"name\":\"Unsere Marken\",\"item\":\"https:\/\/teiaeducation.ch\/de\/produkt-kategorie\/unsere-marken\/\"},{\"@type\":\"ListItem\",\"position\":4,\"name\":\"Bauspiel\",\"item\":\"https:\/\/teiaeducation.ch\/de\/produkt-kategorie\/unsere-marken\/bauspiel-de\/\"},{\"@type\":\"ListItem\",\"position\":5,\"name\":\"Facettenbaukasten Regenbogenfarben (25 St\u00fcck) &#8211; Bauspiel\"}]},{\"@type\":\"WebSite\",\"@id\":\"https:\/\/teiaeducation.ch\/de\/#website\",\"url\":\"https:\/\/teiaeducation.ch\/de\/\",\"name\":\"Sustainable Educational Products &amp; Ecological Toys\u00a0\",\"description\":\"Specialised Swiss shop selling sustainable educational toys and games, AMI certified Montessori materials, handmade ecological wooden Waldorf toys and arts &amp; crafts supplies, school supplies, children&#039;s furniture and Montessori reference and parenting books.\",\"publisher\":{\"@id\":\"https:\/\/teiaeducation.ch\/de\/#organization\"},\"alternateName\":\"Teia Education & Play\",\"potentialAction\":[{\"@type\":\"SearchAction\",\"target\":{\"@type\":\"EntryPoint\",\"urlTemplate\":\"https:\/\/teiaeducation.ch\/de\/?s={search_term_string}\"},\"query-input\":{\"@type\":\"PropertyValueSpecification\",\"valueRequired\":true,\"valueName\":\"search_term_string\"}}],\"inLanguage\":\"de-CH\"},{\"@type\":\"Organization\",\"@id\":\"https:\/\/teiaeducation.ch\/de\/#organization\",\"name\":\"Teia Education & Play\",\"url\":\"https:\/\/teiaeducation.ch\/de\/\",\"logo\":{\"@type\":\"ImageObject\",\"inLanguage\":\"de-CH\",\"@id\":\"https:\/\/teiaeducation.ch\/de\/#\/schema\/logo\/image\/\",\"url\":\"https:\/\/teiaeducation.ch\/wp-content\/uploads\/2020\/11\/Teia-Education-Switzerland-e1620156442216.jpg\",\"contentUrl\":\"https:\/\/teiaeducation.ch\/wp-content\/uploads\/2020\/11\/Teia-Education-Switzerland-e1620156442216.jpg\",\"width\":166,\"height\":145,\"caption\":\"Teia Education & Play\"},\"image\":{\"@id\":\"https:\/\/teiaeducation.ch\/de\/#\/schema\/logo\/image\/\"},\"sameAs\":[\"https:\/\/www.facebook.com\/teiaeducation\/\",\"https:\/\/x.com\/EducationTeia\",\"https:\/\/www.instagram.com\/teia.education\/\",\"https:\/\/www.linkedin.com\/company\/35501660\",\"https:\/\/www.pinterest.ch\/TeiaEducation\/\"]}]}<\/script>\n<!-- \/ Yoast SEO plugin. -->","yoast_head_json":{"title":"Facettenbaukasten Regenbogenfarben (25 Teile) - Bauspiel","description":"Der Bauspiel Facettenbaukasten aus Holz mit durchsichtigen Acryl-Edelsteine in Regenbogenfarben f\u00f6rdert das Farberkennen, Z\u00e4hlen, Stapeln und Bauen.","robots":{"index":"index","follow":"follow","max-snippet":"max-snippet:-1","max-image-preview":"max-image-preview:large","max-video-preview":"max-video-preview:-1"},"canonical":"https:\/\/teiaeducation.ch\/de\/produkt\/facettenbaukasten-25-teile-bauspiel\/","og_locale":"de_DE","og_type":"article","og_title":"Facettenbaukasten Regenbogenfarben (25 Teile) - Bauspiel","og_description":"Der Bauspiel Facettenbaukasten aus Holz mit durchsichtigen Acryl-Edelsteine in Regenbogenfarben f\u00f6rdert das Farberkennen, Z\u00e4hlen, Stapeln und Bauen.","og_url":"https:\/\/teiaeducation.ch\/de\/produkt\/facettenbaukasten-25-teile-bauspiel\/","og_site_name":"Sustainable Educational Products &amp; Ecological Toys\u00a0","article_publisher":"https:\/\/www.facebook.com\/teiaeducation\/","article_modified_time":"2024-11-15T13:48:11+00:00","og_image":[{"width":1305,"height":1276,"url":"https:\/\/teiaeducation.ch\/wp-content\/uploads\/2023\/10\/Faceted-stainglass-window-wooden-blocks-25-pieces-Bauspiel.jpg","type":"image\/jpeg"}],"schema":{"@context":"https:\/\/schema.org","@graph":[{"@type":"WebPage","@id":"https:\/\/teiaeducation.ch\/de\/produkt\/facettenbaukasten-25-teile-bauspiel\/","url":"https:\/\/teiaeducation.ch\/de\/produkt\/facettenbaukasten-25-teile-bauspiel\/","name":"Facettenbaukasten Regenbogenfarben (25 Teile) - Bauspiel","isPartOf":{"@id":"https:\/\/teiaeducation.ch\/de\/#website"},"primaryImageOfPage":{"@id":"https:\/\/teiaeducation.ch\/de\/produkt\/facettenbaukasten-25-teile-bauspiel\/#primaryimage"},"image":{"@id":"https:\/\/teiaeducation.ch\/de\/produkt\/facettenbaukasten-25-teile-bauspiel\/#primaryimage"},"thumbnailUrl":"https:\/\/teiaeducation.ch\/wp-content\/uploads\/2023\/10\/Faceted-stainglass-window-wooden-blocks-25-pieces-Bauspiel.jpg","datePublished":"2023-10-31T13:37:16+00:00","dateModified":"2024-11-15T13:48:11+00:00","description":"Der Bauspiel Facettenbaukasten aus Holz mit durchsichtigen Acryl-Edelsteine in Regenbogenfarben f\u00f6rdert das Farberkennen, Z\u00e4hlen, Stapeln und Bauen.","breadcrumb":{"@id":"https:\/\/teiaeducation.ch\/de\/produkt\/facettenbaukasten-25-teile-bauspiel\/#breadcrumb"},"inLanguage":"de-CH","potentialAction":[{"@type":"ReadAction","target":["https:\/\/teiaeducation.ch\/de\/produkt\/facettenbaukasten-25-teile-bauspiel\/"]}]},{"@type":"ImageObject","inLanguage":"de-CH","@id":"https:\/\/teiaeducation.ch\/de\/produkt\/facettenbaukasten-25-teile-bauspiel\/#primaryimage","url":"https:\/\/teiaeducation.ch\/wp-content\/uploads\/2023\/10\/Faceted-stainglass-window-wooden-blocks-25-pieces-Bauspiel.jpg","contentUrl":"https:\/\/teiaeducation.ch\/wp-content\/uploads\/2023\/10\/Faceted-stainglass-window-wooden-blocks-25-pieces-Bauspiel.jpg","width":1305,"height":1276,"caption":"Facettenbaukasten durchsichtigen Acryl-Edelsteine regenbogenfarben bauspiel"},{"@type":"BreadcrumbList","@id":"https:\/\/teiaeducation.ch\/de\/produkt\/facettenbaukasten-25-teile-bauspiel\/#breadcrumb","itemListElement":[{"@type":"ListItem","position":1,"name":"Home","item":"https:\/\/teiaeducation.ch\/de\/"},{"@type":"ListItem","position":2,"name":"Laden","item":"https:\/\/teiaeducation.ch\/de\/shop\/"},{"@type":"ListItem","position":3,"name":"Unsere Marken","item":"https:\/\/teiaeducation.ch\/de\/produkt-kategorie\/unsere-marken\/"},{"@type":"ListItem","position":4,"name":"Bauspiel","item":"https:\/\/teiaeducation.ch\/de\/produkt-kategorie\/unsere-marken\/bauspiel-de\/"},{"@type":"ListItem","position":5,"name":"Facettenbaukasten Regenbogenfarben (25 St\u00fcck) &#8211; Bauspiel"}]},{"@type":"WebSite","@id":"https:\/\/teiaeducation.ch\/de\/#website","url":"https:\/\/teiaeducation.ch\/de\/","name":"Sustainable Educational Products &amp; Ecological Toys\u00a0","description":"Specialised Swiss shop selling sustainable educational toys and games, AMI certified Montessori materials, handmade ecological wooden Waldorf toys and arts &amp; crafts supplies, school supplies, children&#039;s furniture and Montessori reference and parenting books.","publisher":{"@id":"https:\/\/teiaeducation.ch\/de\/#organization"},"alternateName":"Teia Education & Play","potentialAction":[{"@type":"SearchAction","target":{"@type":"EntryPoint","urlTemplate":"https:\/\/teiaeducation.ch\/de\/?s={search_term_string}"},"query-input":{"@type":"PropertyValueSpecification","valueRequired":true,"valueName":"search_term_string"}}],"inLanguage":"de-CH"},{"@type":"Organization","@id":"https:\/\/teiaeducation.ch\/de\/#organization","name":"Teia Education & Play","url":"https:\/\/teiaeducation.ch\/de\/","logo":{"@type":"ImageObject","inLanguage":"de-CH","@id":"https:\/\/teiaeducation.ch\/de\/#\/schema\/logo\/image\/","url":"https:\/\/teiaeducation.ch\/wp-content\/uploads\/2020\/11\/Teia-Education-Switzerland-e1620156442216.jpg","contentUrl":"https:\/\/teiaeducation.ch\/wp-content\/uploads\/2020\/11\/Teia-Education-Switzerland-e1620156442216.jpg","width":166,"height":145,"caption":"Teia Education & Play"},"image":{"@id":"https:\/\/teiaeducation.ch\/de\/#\/schema\/logo\/image\/"},"sameAs":["https:\/\/www.facebook.com\/teiaeducation\/","https:\/\/x.com\/EducationTeia","https:\/\/www.instagram.com\/teia.education\/","https:\/\/www.linkedin.com\/company\/35501660","https:\/\/www.pinterest.ch\/TeiaEducation\/"]}]}},"_links":{"self":[{"href":"https:\/\/teiaeducation.ch\/de\/wp-json\/wp\/v2\/product\/59664","targetHints":{"allow":["GET"]}}],"collection":[{"href":"https:\/\/teiaeducation.ch\/de\/wp-json\/wp\/v2\/product"}],"about":[{"href":"https:\/\/teiaeducation.ch\/de\/wp-json\/wp\/v2\/types\/product"}],"replies":[{"embeddable":true,"href":"https:\/\/teiaeducation.ch\/de\/wp-json\/wp\/v2\/comments?post=59664"}],"wp:featuredmedia":[{"embeddable":true,"href":"https:\/\/teiaeducation.ch\/de\/wp-json\/wp\/v2\/media\/56921"}],"wp:attachment":[{"href":"https:\/\/teiaeducation.ch\/de\/wp-json\/wp\/v2\/media?parent=59664"}],"wp:term":[{"taxonomy":"product_brand","embeddable":true,"href":"https:\/\/teiaeducation.ch\/de\/wp-json\/wp\/v2\/product_brand?post=59664"},{"taxonomy":"product_cat","embeddable":true,"href":"https:\/\/teiaeducation.ch\/de\/wp-json\/wp\/v2\/product_cat?post=59664"},{"taxonomy":"product_tag","embeddable":true,"href":"https:\/\/teiaeducation.ch\/de\/wp-json\/wp\/v2\/product_tag?post=59664"}],"curies":[{"name":"wp","href":"https:\/\/api.w.org\/{rel}","templated":true}]}}