{"id":59725,"date":"2023-10-31T10:31:43","date_gmt":"2023-10-31T09:31:43","guid":{"rendered":"https:\/\/teiaeducation.ch\/product\/bauplatten-52-teile-bauspiel\/"},"modified":"2024-11-15T13:25:08","modified_gmt":"2024-11-15T12:25:08","slug":"bauplatten-52-teile-bauspiel","status":"publish","type":"product","link":"https:\/\/teiaeducation.ch\/de\/produkt\/bauplatten-52-teile-bauspiel\/","title":{"rendered":"Holz Bauplatten Regenbogenfarben (52 St\u00fcck) &#8211; Bauspiel"},"content":{"rendered":"<p>Dieses sch\u00f6ne Set Bauplatten aus Holz in Regenbogenfarben (52 St\u00fcck) von Bauspiel eignet sich hervorragend, um ein Kartenhaus zu bauen und andere gro\u00dfe Konstruktionen wie zum Beispiel Teppiche oder D\u00e4cher zu versch\u00f6nern! Diese Bausteine f\u00f6rdern das offene Spiel, die <a href=\"https:\/\/teiaeducation.ch\/product-category\/learning-themes\/sensory-motor-skills\/motor-skills\/\">Feinmotorik<\/a> und das kritische Denken und sind ein Muss f\u00fcr jeden Spielraum! Sie regen die Fantasie an und k\u00f6nnen zum <a href=\"https:\/\/teiaeducation.ch\/product-category\/learning-themes\/mathematics-numeracy\/counting\/\">Z\u00e4hlen<\/a>, Bauen, Konstruieren, <a href=\"https:\/\/teiaeducation.ch\/product-category\/play\/stacking-toys\/\">Stapeln<\/a> und vielem mehr verwendet werden.<\/p>\n<p>Das Set enth\u00e4lt 52 massive Bauplatten aus Holz in drei verschiedenen Gr\u00f6\u00dfen und in 10 Regenbogenfarben, die nach der Goetheschen Farbenlehre ausgew\u00e4hlt wurden.<\/p>\n<p>Die Holzbauplatten passen perfekt zu allen Bauspiel Bauk\u00e4sten und haben abgerundete Kanten. Die mit ungiftiger Farbe bemalten Bausteine haben eine matte Oberfl\u00e4che, die das taktile Spiel f\u00f6rdert und eine gewisse Reibung erzeugt, damit die Elemente beim Stapeln nicht verrutschen.<\/p>\n<p>Sie sind aus Erlenholz gefertigt und werden in eine\u00a0Holzkiste pr\u00e4sentiert, das gleichzeitig als stabiler Unterbau oder Fundament dient. Das gesamte Set wird in Handarbeit in Deutschland hergestellt.<\/p>\n<p>Die Bauspiel Bauplatten aus Holz in Regenbogenfarben sind f\u00fcr Kinder ab 3 Jahren geeignet.<\/p>\n<p>Inhalt:<\/p>\n<p>40 Bauplatten aus Holz (10 x 10 x 0,4 cm)<br \/>\n8 Bauplatten aus Holz (20 x 10 x 0,4 cm)<br \/>\n4 Bauplatten aus Holz (20 x 20 x 0,4 cm)<br \/>\n1 Holzkiste (23,5 x 23,5 x 10,5 cm)<\/p>\n<h2>\u00dcber Bauspiel<\/h2>\n<p><a href=\"https:\/\/teiaeducation.ch\/product-category\/brands\/bauspiel\/\">Bauspiel<\/a> ist eine kleine umweltbewusste <a href=\"https:\/\/teiaeducation.ch\/product-category\/hgh-quality-toys-play\/handmade-wooden-toys\/\">Holz<\/a>&#8211; und Wollfilz Spielzeugmarke aus Deutschland. Die handgefertigten Bauspiel Spielzeuge zeichnen sich durch ihre hohe Qualit\u00e4t und hervorragende Verarbeitung aus. Sie sind lehrreich und ergebnisoffen und laden zum <a href=\"https:\/\/teiaeducation.ch\/product-category\/play\/open-ended-play\/\">freien und unbegrenzten Spiel<\/a> ein, das sich auf das Erlernen verschiedener p\u00e4dagogischer Konzepte wie <a href=\"https:\/\/teiaeducation.ch\/de\/produkt-kategorie\/lernthemen\/sensorische-motorische-fertigkeiten\/farbe-lernen\/\">Farbe<\/a>, <a href=\"https:\/\/teiaeducation.ch\/de\/produkt-kategorie\/lernthemen\/mathematik-rechnen\/formen\/\">Form<\/a> und <a href=\"https:\/\/teiaeducation.ch\/de\/produkt-kategorie\/lernthemen\/mathematik-rechnen\/\">Mathematik<\/a> konzentriert.<\/p>\n<p>Alle Bauspiel Spielzeuge werden aus umweltfreundlichen Materialien wie ge\u00f6lten Naturh\u00f6lzern und fair produziertem Wollfilz aus Nepal hergestellt. Sie entsprechen hinsichtlich ihrer Rohstoffe der europ\u00e4ischen Spielzeugnorm EN71 und sind f\u00fcr (kleine) Kinder sicher.<\/p>\n<p>Der Schutz und die Achtung der Umwelt zieht sich ganzheitlich durch das gesamte Unternehmen und die Vision von Bauspiel, von den Lieferanten \u00fcber die Mitarbeiter bis zu den Kunden. Sie verwenden faire L\u00f6hne, faire und nachhaltige Produktionsbedingungen, recycelte Verpackungsmaterialien und umweltfreundliche Farben, Klebstoffe und nat\u00fcrliche \u00d6le f\u00fcr die Herstellung ihrer Spielzeuge. Um die Nachhaltigkeit weiter zu gew\u00e4hrleisten, bietet Bauspiel einen umfassenden Ersatzteil- und Reparaturservice f\u00fcr seine <a href=\"https:\/\/teiaeducation.ch\/de\/produkt-kategorie\/kinder-spielzeug\/\">Spielzeuge<\/a> an.<\/p>\n","protected":false},"excerpt":{"rendered":"<p>Artikelnummer: BS0174<\/p>\n<p>Das Bauspiel Set Bauplatten aus Holz in Regenbogenfarben (52 St\u00fcck) eignet sich um zu bauen und Konstruktionen zu versch\u00f6nern. Handgefertigt in Deutschland.<\/p>\n","protected":false},"featured_media":56871,"comment_status":"open","ping_status":"closed","template":"","meta":[],"product_brand":[],"product_cat":[21445,21446,26469,21479,21690,21488,21484,23075,22182,21443,21563,21678,21564,22919],"product_tag":[28622,28614,28621,28539,28613,28580,28620,22143,28619,28607,28615,28616,28617,28618,25641],"class_list":{"0":"post-59725","1":"product","2":"type-product","3":"status-publish","4":"has-post-thumbnail","6":"product_cat-3-6-jahre-vorschule","7":"product_cat-6-12-jahre-grundschule","8":"product_cat-bauspiel-de","9":"product_cat-lernmaterialien-spielzeug-montessori-waldorf-steiner-froebel","10":"product_cat-spiele-mit-offenem-ende","11":"product_cat-geschenk-guide-6-12-jahre-grundschule","12":"product_cat-geschenk-guides","13":"product_cat-handgefertigtes-holzspielzeug","14":"product_cat-montessori-spielzeug","15":"product_cat-nach-alter","16":"product_cat-neuheiten","17":"product_cat-kinder-spielzeug","18":"product_cat-unsere-marken","19":"product_cat-waldorfspielzeug","20":"product_tag-bauplatten-52-teile-aus-holz-bauspiel","21":"product_tag-bauplatten-52-stuck-bauspiel","22":"product_tag-bauplatten-aus-holz-bauspiel","23":"product_tag-bauspiel-de","24":"product_tag-bauspiel-leonardo-bauziegel","25":"product_tag-bauspielzeug-aus-holz","26":"product_tag-baustellenmatten-aus-holz","27":"product_tag-handgefertigtes-holzspielzeug-de","28":"product_tag-holzbauplatten","29":"product_tag-leonardo-stocke","30":"product_tag-regenbogenfarbene-baukacheln","31":"product_tag-regenbogenfarbene-baustellenmatten","32":"product_tag-regenbogenfarbene-holzfliesen","33":"product_tag-regenbogenfarbene-holzmatten","34":"product_tag-regenbogenfarbenes-holzspielzeug","36":"first","37":"instock","38":"taxable","39":"shipping-taxable","40":"purchasable","41":"product-type-simple"},"yoast_head":"<!-- This site is optimized with the Yoast SEO plugin v27.1.1 - https:\/\/yoast.com\/product\/yoast-seo-wordpress\/ -->\n<title>Holz Bauplatten Regenbogenfarben (52 St\u00fcck) - Bauspiel<\/title>\n<meta name=\"description\" content=\"Das Bauspiel Set Bauplatten aus Holz in Regenbogenfarben (52 St\u00fcck) eignet sich um zu bauen und Konstruktionen zu versch\u00f6nern. Handgefertigt in Deutschland.\" \/>\n<meta name=\"robots\" content=\"index, follow, max-snippet:-1, max-image-preview:large, max-video-preview:-1\" \/>\n<link rel=\"canonical\" href=\"https:\/\/teiaeducation.ch\/de\/produkt\/bauplatten-52-teile-bauspiel\/\" \/>\n<meta property=\"og:locale\" content=\"de_DE\" \/>\n<meta property=\"og:type\" content=\"article\" \/>\n<meta property=\"og:title\" content=\"Holz Bauplatten Regenbogenfarben (52 St\u00fcck) - Bauspiel\" \/>\n<meta property=\"og:description\" content=\"Das Bauspiel Set Bauplatten aus Holz in Regenbogenfarben (52 St\u00fcck) eignet sich um zu bauen und Konstruktionen zu versch\u00f6nern. Handgefertigt in Deutschland.\" \/>\n<meta property=\"og:url\" content=\"https:\/\/teiaeducation.ch\/de\/produkt\/bauplatten-52-teile-bauspiel\/\" \/>\n<meta property=\"og:site_name\" content=\"Sustainable Educational Products &amp; Ecological Toys\u00a0\" \/>\n<meta property=\"article:publisher\" content=\"https:\/\/www.facebook.com\/teiaeducation\/\" \/>\n<meta property=\"article:modified_time\" content=\"2024-11-15T12:25:08+00:00\" \/>\n<meta property=\"og:image\" content=\"https:\/\/teiaeducation.ch\/wp-content\/uploads\/2023\/10\/Wooden-rainbow-coloured-building-tiles-52-pieces-Bauspiel-toys-1-scaled.jpg\" \/>\n\t<meta property=\"og:image:width\" content=\"2048\" \/>\n\t<meta property=\"og:image:height\" content=\"1932\" \/>\n\t<meta property=\"og:image:type\" content=\"image\/jpeg\" \/>\n<script type=\"application\/ld+json\" class=\"yoast-schema-graph\">{\"@context\":\"https:\/\/schema.org\",\"@graph\":[{\"@type\":\"WebPage\",\"@id\":\"https:\/\/teiaeducation.ch\/de\/produkt\/bauplatten-52-teile-bauspiel\/\",\"url\":\"https:\/\/teiaeducation.ch\/de\/produkt\/bauplatten-52-teile-bauspiel\/\",\"name\":\"Holz Bauplatten Regenbogenfarben (52 St\u00fcck) - Bauspiel\",\"isPartOf\":{\"@id\":\"https:\/\/teiaeducation.ch\/de\/#website\"},\"primaryImageOfPage\":{\"@id\":\"https:\/\/teiaeducation.ch\/de\/produkt\/bauplatten-52-teile-bauspiel\/#primaryimage\"},\"image\":{\"@id\":\"https:\/\/teiaeducation.ch\/de\/produkt\/bauplatten-52-teile-bauspiel\/#primaryimage\"},\"thumbnailUrl\":\"https:\/\/teiaeducation.ch\/wp-content\/uploads\/2023\/10\/Wooden-rainbow-coloured-building-tiles-52-pieces-Bauspiel-toys-1-scaled.jpg\",\"datePublished\":\"2023-10-31T09:31:43+00:00\",\"dateModified\":\"2024-11-15T12:25:08+00:00\",\"description\":\"Das Bauspiel Set Bauplatten aus Holz in Regenbogenfarben (52 St\u00fcck) eignet sich um zu bauen und Konstruktionen zu versch\u00f6nern. Handgefertigt in Deutschland.\",\"breadcrumb\":{\"@id\":\"https:\/\/teiaeducation.ch\/de\/produkt\/bauplatten-52-teile-bauspiel\/#breadcrumb\"},\"inLanguage\":\"de-CH\",\"potentialAction\":[{\"@type\":\"ReadAction\",\"target\":[\"https:\/\/teiaeducation.ch\/de\/produkt\/bauplatten-52-teile-bauspiel\/\"]}]},{\"@type\":\"ImageObject\",\"inLanguage\":\"de-CH\",\"@id\":\"https:\/\/teiaeducation.ch\/de\/produkt\/bauplatten-52-teile-bauspiel\/#primaryimage\",\"url\":\"https:\/\/teiaeducation.ch\/wp-content\/uploads\/2023\/10\/Wooden-rainbow-coloured-building-tiles-52-pieces-Bauspiel-toys-1-scaled.jpg\",\"contentUrl\":\"https:\/\/teiaeducation.ch\/wp-content\/uploads\/2023\/10\/Wooden-rainbow-coloured-building-tiles-52-pieces-Bauspiel-toys-1-scaled.jpg\",\"width\":2048,\"height\":1932,\"caption\":\"Bauplatten (52 Teile) Spielzeug aus Holz Bauspiel\"},{\"@type\":\"BreadcrumbList\",\"@id\":\"https:\/\/teiaeducation.ch\/de\/produkt\/bauplatten-52-teile-bauspiel\/#breadcrumb\",\"itemListElement\":[{\"@type\":\"ListItem\",\"position\":1,\"name\":\"Home\",\"item\":\"https:\/\/teiaeducation.ch\/de\/\"},{\"@type\":\"ListItem\",\"position\":2,\"name\":\"Laden\",\"item\":\"https:\/\/teiaeducation.ch\/de\/shop\/\"},{\"@type\":\"ListItem\",\"position\":3,\"name\":\"Unsere Marken\",\"item\":\"https:\/\/teiaeducation.ch\/de\/produkt-kategorie\/unsere-marken\/\"},{\"@type\":\"ListItem\",\"position\":4,\"name\":\"Bauspiel\",\"item\":\"https:\/\/teiaeducation.ch\/de\/produkt-kategorie\/unsere-marken\/bauspiel-de\/\"},{\"@type\":\"ListItem\",\"position\":5,\"name\":\"Holz Bauplatten Regenbogenfarben (52 St\u00fcck) &#8211; Bauspiel\"}]},{\"@type\":\"WebSite\",\"@id\":\"https:\/\/teiaeducation.ch\/de\/#website\",\"url\":\"https:\/\/teiaeducation.ch\/de\/\",\"name\":\"Sustainable Educational Products &amp; Ecological Toys\u00a0\",\"description\":\"Specialised Swiss shop selling sustainable educational toys and games, AMI certified Montessori materials, handmade ecological wooden Waldorf toys and arts &amp; crafts supplies, school supplies, children&#039;s furniture and Montessori reference and parenting books.\",\"publisher\":{\"@id\":\"https:\/\/teiaeducation.ch\/de\/#organization\"},\"alternateName\":\"Teia Education & Play\",\"potentialAction\":[{\"@type\":\"SearchAction\",\"target\":{\"@type\":\"EntryPoint\",\"urlTemplate\":\"https:\/\/teiaeducation.ch\/de\/?s={search_term_string}\"},\"query-input\":{\"@type\":\"PropertyValueSpecification\",\"valueRequired\":true,\"valueName\":\"search_term_string\"}}],\"inLanguage\":\"de-CH\"},{\"@type\":\"Organization\",\"@id\":\"https:\/\/teiaeducation.ch\/de\/#organization\",\"name\":\"Teia Education & Play\",\"url\":\"https:\/\/teiaeducation.ch\/de\/\",\"logo\":{\"@type\":\"ImageObject\",\"inLanguage\":\"de-CH\",\"@id\":\"https:\/\/teiaeducation.ch\/de\/#\/schema\/logo\/image\/\",\"url\":\"https:\/\/teiaeducation.ch\/wp-content\/uploads\/2020\/11\/Teia-Education-Switzerland-e1620156442216.jpg\",\"contentUrl\":\"https:\/\/teiaeducation.ch\/wp-content\/uploads\/2020\/11\/Teia-Education-Switzerland-e1620156442216.jpg\",\"width\":166,\"height\":145,\"caption\":\"Teia Education & Play\"},\"image\":{\"@id\":\"https:\/\/teiaeducation.ch\/de\/#\/schema\/logo\/image\/\"},\"sameAs\":[\"https:\/\/www.facebook.com\/teiaeducation\/\",\"https:\/\/x.com\/EducationTeia\",\"https:\/\/www.instagram.com\/teia.education\/\",\"https:\/\/www.linkedin.com\/company\/35501660\",\"https:\/\/www.pinterest.ch\/TeiaEducation\/\"]}]}<\/script>\n<!-- \/ Yoast SEO plugin. -->","yoast_head_json":{"title":"Holz Bauplatten Regenbogenfarben (52 St\u00fcck) - Bauspiel","description":"Das Bauspiel Set Bauplatten aus Holz in Regenbogenfarben (52 St\u00fcck) eignet sich um zu bauen und Konstruktionen zu versch\u00f6nern. Handgefertigt in Deutschland.","robots":{"index":"index","follow":"follow","max-snippet":"max-snippet:-1","max-image-preview":"max-image-preview:large","max-video-preview":"max-video-preview:-1"},"canonical":"https:\/\/teiaeducation.ch\/de\/produkt\/bauplatten-52-teile-bauspiel\/","og_locale":"de_DE","og_type":"article","og_title":"Holz Bauplatten Regenbogenfarben (52 St\u00fcck) - Bauspiel","og_description":"Das Bauspiel Set Bauplatten aus Holz in Regenbogenfarben (52 St\u00fcck) eignet sich um zu bauen und Konstruktionen zu versch\u00f6nern. Handgefertigt in Deutschland.","og_url":"https:\/\/teiaeducation.ch\/de\/produkt\/bauplatten-52-teile-bauspiel\/","og_site_name":"Sustainable Educational Products &amp; Ecological Toys\u00a0","article_publisher":"https:\/\/www.facebook.com\/teiaeducation\/","article_modified_time":"2024-11-15T12:25:08+00:00","og_image":[{"width":2048,"height":1932,"url":"https:\/\/teiaeducation.ch\/wp-content\/uploads\/2023\/10\/Wooden-rainbow-coloured-building-tiles-52-pieces-Bauspiel-toys-1-scaled.jpg","type":"image\/jpeg"}],"schema":{"@context":"https:\/\/schema.org","@graph":[{"@type":"WebPage","@id":"https:\/\/teiaeducation.ch\/de\/produkt\/bauplatten-52-teile-bauspiel\/","url":"https:\/\/teiaeducation.ch\/de\/produkt\/bauplatten-52-teile-bauspiel\/","name":"Holz Bauplatten Regenbogenfarben (52 St\u00fcck) - Bauspiel","isPartOf":{"@id":"https:\/\/teiaeducation.ch\/de\/#website"},"primaryImageOfPage":{"@id":"https:\/\/teiaeducation.ch\/de\/produkt\/bauplatten-52-teile-bauspiel\/#primaryimage"},"image":{"@id":"https:\/\/teiaeducation.ch\/de\/produkt\/bauplatten-52-teile-bauspiel\/#primaryimage"},"thumbnailUrl":"https:\/\/teiaeducation.ch\/wp-content\/uploads\/2023\/10\/Wooden-rainbow-coloured-building-tiles-52-pieces-Bauspiel-toys-1-scaled.jpg","datePublished":"2023-10-31T09:31:43+00:00","dateModified":"2024-11-15T12:25:08+00:00","description":"Das Bauspiel Set Bauplatten aus Holz in Regenbogenfarben (52 St\u00fcck) eignet sich um zu bauen und Konstruktionen zu versch\u00f6nern. Handgefertigt in Deutschland.","breadcrumb":{"@id":"https:\/\/teiaeducation.ch\/de\/produkt\/bauplatten-52-teile-bauspiel\/#breadcrumb"},"inLanguage":"de-CH","potentialAction":[{"@type":"ReadAction","target":["https:\/\/teiaeducation.ch\/de\/produkt\/bauplatten-52-teile-bauspiel\/"]}]},{"@type":"ImageObject","inLanguage":"de-CH","@id":"https:\/\/teiaeducation.ch\/de\/produkt\/bauplatten-52-teile-bauspiel\/#primaryimage","url":"https:\/\/teiaeducation.ch\/wp-content\/uploads\/2023\/10\/Wooden-rainbow-coloured-building-tiles-52-pieces-Bauspiel-toys-1-scaled.jpg","contentUrl":"https:\/\/teiaeducation.ch\/wp-content\/uploads\/2023\/10\/Wooden-rainbow-coloured-building-tiles-52-pieces-Bauspiel-toys-1-scaled.jpg","width":2048,"height":1932,"caption":"Bauplatten (52 Teile) Spielzeug aus Holz Bauspiel"},{"@type":"BreadcrumbList","@id":"https:\/\/teiaeducation.ch\/de\/produkt\/bauplatten-52-teile-bauspiel\/#breadcrumb","itemListElement":[{"@type":"ListItem","position":1,"name":"Home","item":"https:\/\/teiaeducation.ch\/de\/"},{"@type":"ListItem","position":2,"name":"Laden","item":"https:\/\/teiaeducation.ch\/de\/shop\/"},{"@type":"ListItem","position":3,"name":"Unsere Marken","item":"https:\/\/teiaeducation.ch\/de\/produkt-kategorie\/unsere-marken\/"},{"@type":"ListItem","position":4,"name":"Bauspiel","item":"https:\/\/teiaeducation.ch\/de\/produkt-kategorie\/unsere-marken\/bauspiel-de\/"},{"@type":"ListItem","position":5,"name":"Holz Bauplatten Regenbogenfarben (52 St\u00fcck) &#8211; Bauspiel"}]},{"@type":"WebSite","@id":"https:\/\/teiaeducation.ch\/de\/#website","url":"https:\/\/teiaeducation.ch\/de\/","name":"Sustainable Educational Products &amp; Ecological Toys\u00a0","description":"Specialised Swiss shop selling sustainable educational toys and games, AMI certified Montessori materials, handmade ecological wooden Waldorf toys and arts &amp; crafts supplies, school supplies, children&#039;s furniture and Montessori reference and parenting books.","publisher":{"@id":"https:\/\/teiaeducation.ch\/de\/#organization"},"alternateName":"Teia Education & Play","potentialAction":[{"@type":"SearchAction","target":{"@type":"EntryPoint","urlTemplate":"https:\/\/teiaeducation.ch\/de\/?s={search_term_string}"},"query-input":{"@type":"PropertyValueSpecification","valueRequired":true,"valueName":"search_term_string"}}],"inLanguage":"de-CH"},{"@type":"Organization","@id":"https:\/\/teiaeducation.ch\/de\/#organization","name":"Teia Education & Play","url":"https:\/\/teiaeducation.ch\/de\/","logo":{"@type":"ImageObject","inLanguage":"de-CH","@id":"https:\/\/teiaeducation.ch\/de\/#\/schema\/logo\/image\/","url":"https:\/\/teiaeducation.ch\/wp-content\/uploads\/2020\/11\/Teia-Education-Switzerland-e1620156442216.jpg","contentUrl":"https:\/\/teiaeducation.ch\/wp-content\/uploads\/2020\/11\/Teia-Education-Switzerland-e1620156442216.jpg","width":166,"height":145,"caption":"Teia Education & Play"},"image":{"@id":"https:\/\/teiaeducation.ch\/de\/#\/schema\/logo\/image\/"},"sameAs":["https:\/\/www.facebook.com\/teiaeducation\/","https:\/\/x.com\/EducationTeia","https:\/\/www.instagram.com\/teia.education\/","https:\/\/www.linkedin.com\/company\/35501660","https:\/\/www.pinterest.ch\/TeiaEducation\/"]}]}},"_links":{"self":[{"href":"https:\/\/teiaeducation.ch\/de\/wp-json\/wp\/v2\/product\/59725","targetHints":{"allow":["GET"]}}],"collection":[{"href":"https:\/\/teiaeducation.ch\/de\/wp-json\/wp\/v2\/product"}],"about":[{"href":"https:\/\/teiaeducation.ch\/de\/wp-json\/wp\/v2\/types\/product"}],"replies":[{"embeddable":true,"href":"https:\/\/teiaeducation.ch\/de\/wp-json\/wp\/v2\/comments?post=59725"}],"wp:featuredmedia":[{"embeddable":true,"href":"https:\/\/teiaeducation.ch\/de\/wp-json\/wp\/v2\/media\/56871"}],"wp:attachment":[{"href":"https:\/\/teiaeducation.ch\/de\/wp-json\/wp\/v2\/media?parent=59725"}],"wp:term":[{"taxonomy":"product_brand","embeddable":true,"href":"https:\/\/teiaeducation.ch\/de\/wp-json\/wp\/v2\/product_brand?post=59725"},{"taxonomy":"product_cat","embeddable":true,"href":"https:\/\/teiaeducation.ch\/de\/wp-json\/wp\/v2\/product_cat?post=59725"},{"taxonomy":"product_tag","embeddable":true,"href":"https:\/\/teiaeducation.ch\/de\/wp-json\/wp\/v2\/product_tag?post=59725"}],"curies":[{"name":"wp","href":"https:\/\/api.w.org\/{rel}","templated":true}]}}