{"id":59729,"date":"2023-10-17T14:54:05","date_gmt":"2023-10-17T12:54:05","guid":{"rendered":"https:\/\/teiaeducation.ch\/product\/maerchenbaukiste-36-teile-bauspiel\/"},"modified":"2024-12-11T08:38:06","modified_gmt":"2024-12-11T07:38:06","slug":"maerchenbaukiste-36-teile-bauspiel","status":"publish","type":"product","link":"https:\/\/teiaeducation.ch\/de\/produkt\/maerchenbaukiste-36-teile-bauspiel\/","title":{"rendered":"M\u00e4rchenbaukiste Naturholz mit Acryl-Edelsteinen (36 St\u00fcck) &#8211; Bauspiel"},"content":{"rendered":"<p>Diese h\u00fcbsche M\u00e4rchenbaukiste Kombi Box mit M\u00e4rchenbl\u00f6cke\u00a0aus Naturholz mit funkelnden Acryl-Edelsteinen und Spiegeln ist eine sch\u00f6ne Erg\u00e4nzung f\u00fcr jeden Spielraum und eignet sich hervorragend zur Versch\u00f6nerung von Bauwerken aus den Bauspiel Sets! Die M\u00e4rchenbl\u00f6cke regen zum freien Spiel an, k\u00f6nnen aber auch zur F\u00f6rderung der Farberkennung, des <a href=\"https:\/\/teiaeducation.ch\/product-category\/learning-themes\/mathematics-numeracy\/counting\/\">Z\u00e4hlens<\/a>, des <a href=\"https:\/\/teiaeducation.ch\/product-category\/play\/stacking-toys\/\">Stapelns<\/a> und des Bauens eingesetzt werden.<\/p>\n<p>Das Set enth\u00e4lt 12 massive <a href=\"https:\/\/teiaeducation.ch\/product-category\/play\/wooden-building-blocks\/\">Holzbl\u00f6cke<\/a> in Form von m\u00e4rchenhaften Fenstern in 2 verschiedenen Formen und 12 D\u00e4cher in 6 verschiedenen Formen &#8211; jeweils verziert mit funkelnden Acryl-Edelsteinen. Au\u00dferdem enth\u00e4lt es 12 Bl\u00f6cke in verschiedenen Formen, die mit Spiegeln verziert sind. Die Fenster sind durchsichtig, aber die D\u00e4cher und Spiegelbl\u00f6cke sind es nicht.<\/p>\n<p>Insgesamt zeigen die funkelnden Steine 10 verschiedene Farben, die nach der Goethe&#8217;schen Farbenlehre ausgew\u00e4hlt wurden.<\/p>\n<p>Die M\u00e4rchenbl\u00f6cke haben abgerundete Kanten und sind aus nat\u00fcrlich ge\u00f6ltem Erlenholz gefertigt. Die durchscheinenden, juwelenartigen Acrylsteine mit Facettenschliff schimmern im Sonnenlicht und sind sehr angenehm anzufassen. Das gesamte Set wird in Handarbeit in Deutschland hergestellt.<\/p>\n<p>Diese Bauspiel M\u00e4rchenbaukiste Kombi Box Naturholz mit Acryl-Edelsteinen ist f\u00fcr Kinder ab 3 Jahren geeignet.<\/p>\n<p>Inhalt:<\/p>\n<p>12 M\u00e4rchenfensterbl\u00f6cke mit Edelsteinen (10 x 15 x 2,5cm \/ 5 x 7 x 2,5 cm)<br \/>\n12 M\u00e4rchendachbl\u00f6cke mit Edelsteinen (10 x 15 x 2,5cm \/ 5 x 7 x 2,5 cm)<br \/>\n12 M\u00e4rchenbl\u00f6cke mit Spiegeln (10 x 15 x 2,5cm \/ 5 x 7 x 2,5 cm)<br \/>\n1 Holzkiste (34 x 28 x 8,5 cm)<\/p>\n<h2>\u00dcber Bauspiel<\/h2>\n<p><a href=\"https:\/\/teiaeducation.ch\/product-category\/brands\/bauspiel\/\">Bauspiel<\/a> ist eine kleine umweltbewusste <a href=\"https:\/\/teiaeducation.ch\/product-category\/hgh-quality-toys-play\/handmade-wooden-toys\/\">Holz<\/a>&#8211; und Wollfilz Spielzeugmarke aus Deutschland. Die handgefertigten Bauspiel Spielzeuge zeichnen sich durch ihre hohe Qualit\u00e4t und hervorragende Verarbeitung aus. Sie sind lehrreich und ergebnisoffen und laden zum <a href=\"https:\/\/teiaeducation.ch\/product-category\/play\/open-ended-play\/\">freien und unbegrenzten Spiel<\/a> ein, das sich auf das Erlernen verschiedener p\u00e4dagogischer Konzepte wie <a href=\"https:\/\/teiaeducation.ch\/de\/produkt-kategorie\/lernthemen\/sensorische-motorische-fertigkeiten\/farbe-lernen\/\">Farbe<\/a>, <a href=\"https:\/\/teiaeducation.ch\/de\/produkt-kategorie\/lernthemen\/mathematik-rechnen\/formen\/\">Form<\/a> und <a href=\"https:\/\/teiaeducation.ch\/de\/produkt-kategorie\/lernthemen\/mathematik-rechnen\/\">Mathematik<\/a> konzentriert.<\/p>\n<p>Alle Bauspiel Spielzeuge werden aus umweltfreundlichen Materialien wie ge\u00f6lten Naturh\u00f6lzern und fair produziertem Wollfilz aus Nepal hergestellt. Sie entsprechen hinsichtlich ihrer Rohstoffe der europ\u00e4ischen Spielzeugnorm EN71 und sind f\u00fcr (kleine) Kinder sicher.<\/p>\n<p>Der Schutz und die Achtung der Umwelt zieht sich ganzheitlich durch das gesamte Unternehmen und die Vision von Bauspiel, von den Lieferanten \u00fcber die Mitarbeiter bis zu den Kunden. Sie verwenden faire L\u00f6hne, faire und nachhaltige Produktionsbedingungen, recycelte Verpackungsmaterialien und umweltfreundliche Farben, Klebstoffe und nat\u00fcrliche \u00d6le f\u00fcr die Herstellung ihrer Spielzeuge. Um die Nachhaltigkeit weiter zu gew\u00e4hrleisten, bietet Bauspiel einen umfassenden Ersatzteil- und Reparaturservice f\u00fcr seine <a href=\"https:\/\/teiaeducation.ch\/de\/produkt-kategorie\/kinder-spielzeug\/\">Spielzeuge<\/a> an.<\/p>\n","protected":false},"excerpt":{"rendered":"<p>Artikelnummer: BS0239<\/p>\n<p>Die sch\u00f6ne Bauspiel M\u00e4rchenbaukiste Kombi Box mit M\u00e4rchenbl\u00f6cke aus Naturholz mit funkelnden Acryl-Edelsteinen und Spiegeln ist handgefertigt in Deutschland.<\/p>\n","protected":false},"featured_media":56660,"comment_status":"open","ping_status":"closed","template":"","meta":[],"product_brand":[],"product_cat":[21445,21446,26469,21558,21690,21487,21484,23075,21509,22182,21559,21443,21563,21557,21695,21678,21699,21564,22919],"product_tag":[28568,28539,28627,28565,28570,28566,28569,28623,28626,28567,28571,28572,28564,28563,28628,28625,28624],"class_list":{"0":"post-59729","1":"product","2":"type-product","3":"status-publish","4":"has-post-thumbnail","6":"product_cat-3-6-jahre-vorschule","7":"product_cat-6-12-jahre-grundschule","8":"product_cat-bauspiel-de","9":"product_cat-farbe-lernen","10":"product_cat-spiele-mit-offenem-ende","11":"product_cat-geschenk-guide-3-6-jahre-vorschule","12":"product_cat-geschenk-guides","13":"product_cat-handgefertigtes-holzspielzeug","14":"product_cat-lernthemen","15":"product_cat-montessori-spielzeug","16":"product_cat-motorische-fertigkeiten","17":"product_cat-nach-alter","18":"product_cat-neuheiten","19":"product_cat-sensorische-motorische-fertigkeiten","20":"product_cat-sinnliches-spiel","21":"product_cat-kinder-spielzeug","22":"product_cat-stapelspielzeug","23":"product_cat-unsere-marken","24":"product_cat-waldorfspielzeug","25":"product_tag-bauklotze-mit-funkelnden-steinen","26":"product_tag-bauspiel-de","27":"product_tag-bauspiel-edelsteine-marchenhafte-holzklotze","28":"product_tag-bauspiel-holzklotze-edelsteine","29":"product_tag-bauspiel-holzklotze-edelsteine-de-2","30":"product_tag-bauspiel-holzklotze-edelsteine-de","31":"product_tag-bauspiel-holzklotze-funkelnde-steine","32":"product_tag-bauspiel-marchenhafte-edelsteine-blocke","33":"product_tag-bauspiel-marchenhafte-holzklotze","34":"product_tag-bausteine-mit-edelsteinen","35":"product_tag-blocke-acryl-edelsteine-bauspiel","36":"product_tag-blocke-mit-funkelnden-acryl-edelsteinen","37":"product_tag-edelsteine-holzklotze","38":"product_tag-holzklotze-mit-edelsteinen","39":"product_tag-marchenfenster-aus-naturholz-mixed-box-bauspiel","40":"product_tag-marchenhafte-blocke-funkelnde-acryl-edelsteine","41":"product_tag-marchenhafte-edelsteine-gemischte-box-bauspiel","43":"first","44":"outofstock","45":"taxable","46":"shipping-taxable","47":"purchasable","48":"product-type-simple"},"yoast_head":"<!-- This site is optimized with the Yoast SEO plugin v27.1.1 - https:\/\/yoast.com\/product\/yoast-seo-wordpress\/ -->\n<title>M\u00e4rchenbaukiste Naturholz mit Acryl-Edelsteinen - Bauspiel<\/title>\n<meta name=\"description\" content=\"Die sch\u00f6ne Bauspiel M\u00e4rchenbaukiste Kombi Box mit M\u00e4rchenbl\u00f6cke\u00a0aus Naturholz mit funkelnden Acryl-Edelsteinen und Spiegeln ist handgefertigt in Deutschland\" \/>\n<meta name=\"robots\" content=\"index, follow, max-snippet:-1, max-image-preview:large, max-video-preview:-1\" \/>\n<link rel=\"canonical\" href=\"https:\/\/teiaeducation.ch\/de\/produkt\/maerchenbaukiste-36-teile-bauspiel\/\" \/>\n<meta property=\"og:locale\" content=\"de_DE\" \/>\n<meta property=\"og:type\" content=\"article\" \/>\n<meta property=\"og:title\" content=\"M\u00e4rchenbaukiste Naturholz mit Acryl-Edelsteinen - Bauspiel\" \/>\n<meta property=\"og:description\" content=\"Die sch\u00f6ne Bauspiel M\u00e4rchenbaukiste Kombi Box mit M\u00e4rchenbl\u00f6cke\u00a0aus Naturholz mit funkelnden Acryl-Edelsteinen und Spiegeln ist handgefertigt in Deutschland\" \/>\n<meta property=\"og:url\" content=\"https:\/\/teiaeducation.ch\/de\/produkt\/maerchenbaukiste-36-teile-bauspiel\/\" \/>\n<meta property=\"og:site_name\" content=\"Sustainable Educational Products &amp; Ecological Toys\u00a0\" \/>\n<meta property=\"article:publisher\" content=\"https:\/\/www.facebook.com\/teiaeducation\/\" \/>\n<meta property=\"article:modified_time\" content=\"2024-12-11T07:38:06+00:00\" \/>\n<meta property=\"og:image\" content=\"https:\/\/teiaeducation.ch\/wp-content\/uploads\/2023\/10\/Wooden-fairytale-gemstones-blocks-mixed-box-Bauspiel-3-scaled.jpg\" \/>\n\t<meta property=\"og:image:width\" content=\"2048\" \/>\n\t<meta property=\"og:image:height\" content=\"1635\" \/>\n\t<meta property=\"og:image:type\" content=\"image\/jpeg\" \/>\n<script type=\"application\/ld+json\" class=\"yoast-schema-graph\">{\"@context\":\"https:\/\/schema.org\",\"@graph\":[{\"@type\":\"WebPage\",\"@id\":\"https:\/\/teiaeducation.ch\/de\/produkt\/maerchenbaukiste-36-teile-bauspiel\/\",\"url\":\"https:\/\/teiaeducation.ch\/de\/produkt\/maerchenbaukiste-36-teile-bauspiel\/\",\"name\":\"M\u00e4rchenbaukiste Naturholz mit Acryl-Edelsteinen - Bauspiel\",\"isPartOf\":{\"@id\":\"https:\/\/teiaeducation.ch\/de\/#website\"},\"primaryImageOfPage\":{\"@id\":\"https:\/\/teiaeducation.ch\/de\/produkt\/maerchenbaukiste-36-teile-bauspiel\/#primaryimage\"},\"image\":{\"@id\":\"https:\/\/teiaeducation.ch\/de\/produkt\/maerchenbaukiste-36-teile-bauspiel\/#primaryimage\"},\"thumbnailUrl\":\"https:\/\/teiaeducation.ch\/wp-content\/uploads\/2023\/10\/Wooden-fairytale-gemstones-blocks-mixed-box-Bauspiel-3-scaled.jpg\",\"datePublished\":\"2023-10-17T12:54:05+00:00\",\"dateModified\":\"2024-12-11T07:38:06+00:00\",\"description\":\"Die sch\u00f6ne Bauspiel M\u00e4rchenbaukiste Kombi Box mit M\u00e4rchenbl\u00f6cke\u00a0aus Naturholz mit funkelnden Acryl-Edelsteinen und Spiegeln ist handgefertigt in Deutschland\",\"breadcrumb\":{\"@id\":\"https:\/\/teiaeducation.ch\/de\/produkt\/maerchenbaukiste-36-teile-bauspiel\/#breadcrumb\"},\"inLanguage\":\"de-CH\",\"potentialAction\":[{\"@type\":\"ReadAction\",\"target\":[\"https:\/\/teiaeducation.ch\/de\/produkt\/maerchenbaukiste-36-teile-bauspiel\/\"]}]},{\"@type\":\"ImageObject\",\"inLanguage\":\"de-CH\",\"@id\":\"https:\/\/teiaeducation.ch\/de\/produkt\/maerchenbaukiste-36-teile-bauspiel\/#primaryimage\",\"url\":\"https:\/\/teiaeducation.ch\/wp-content\/uploads\/2023\/10\/Wooden-fairytale-gemstones-blocks-mixed-box-Bauspiel-3-scaled.jpg\",\"contentUrl\":\"https:\/\/teiaeducation.ch\/wp-content\/uploads\/2023\/10\/Wooden-fairytale-gemstones-blocks-mixed-box-Bauspiel-3-scaled.jpg\",\"width\":2048,\"height\":1635,\"caption\":\"M\u00e4rchenbaukiste Kombi Box Naturholz mit Acryl-Edelsteinen (36 St\u00fcck) - Bauspiel M\u00e4rchenbl\u00f6cke\"},{\"@type\":\"BreadcrumbList\",\"@id\":\"https:\/\/teiaeducation.ch\/de\/produkt\/maerchenbaukiste-36-teile-bauspiel\/#breadcrumb\",\"itemListElement\":[{\"@type\":\"ListItem\",\"position\":1,\"name\":\"Home\",\"item\":\"https:\/\/teiaeducation.ch\/de\/\"},{\"@type\":\"ListItem\",\"position\":2,\"name\":\"Laden\",\"item\":\"https:\/\/teiaeducation.ch\/de\/shop\/\"},{\"@type\":\"ListItem\",\"position\":3,\"name\":\"Unsere Marken\",\"item\":\"https:\/\/teiaeducation.ch\/de\/produkt-kategorie\/unsere-marken\/\"},{\"@type\":\"ListItem\",\"position\":4,\"name\":\"Bauspiel\",\"item\":\"https:\/\/teiaeducation.ch\/de\/produkt-kategorie\/unsere-marken\/bauspiel-de\/\"},{\"@type\":\"ListItem\",\"position\":5,\"name\":\"M\u00e4rchenbaukiste Naturholz mit Acryl-Edelsteinen (36 St\u00fcck) &#8211; Bauspiel\"}]},{\"@type\":\"WebSite\",\"@id\":\"https:\/\/teiaeducation.ch\/de\/#website\",\"url\":\"https:\/\/teiaeducation.ch\/de\/\",\"name\":\"Sustainable Educational Products &amp; Ecological Toys\u00a0\",\"description\":\"Specialised Swiss shop selling sustainable educational toys and games, AMI certified Montessori materials, handmade ecological wooden Waldorf toys and arts &amp; crafts supplies, school supplies, children&#039;s furniture and Montessori reference and parenting books.\",\"publisher\":{\"@id\":\"https:\/\/teiaeducation.ch\/de\/#organization\"},\"alternateName\":\"Teia Education & Play\",\"potentialAction\":[{\"@type\":\"SearchAction\",\"target\":{\"@type\":\"EntryPoint\",\"urlTemplate\":\"https:\/\/teiaeducation.ch\/de\/?s={search_term_string}\"},\"query-input\":{\"@type\":\"PropertyValueSpecification\",\"valueRequired\":true,\"valueName\":\"search_term_string\"}}],\"inLanguage\":\"de-CH\"},{\"@type\":\"Organization\",\"@id\":\"https:\/\/teiaeducation.ch\/de\/#organization\",\"name\":\"Teia Education & Play\",\"url\":\"https:\/\/teiaeducation.ch\/de\/\",\"logo\":{\"@type\":\"ImageObject\",\"inLanguage\":\"de-CH\",\"@id\":\"https:\/\/teiaeducation.ch\/de\/#\/schema\/logo\/image\/\",\"url\":\"https:\/\/teiaeducation.ch\/wp-content\/uploads\/2020\/11\/Teia-Education-Switzerland-e1620156442216.jpg\",\"contentUrl\":\"https:\/\/teiaeducation.ch\/wp-content\/uploads\/2020\/11\/Teia-Education-Switzerland-e1620156442216.jpg\",\"width\":166,\"height\":145,\"caption\":\"Teia Education & Play\"},\"image\":{\"@id\":\"https:\/\/teiaeducation.ch\/de\/#\/schema\/logo\/image\/\"},\"sameAs\":[\"https:\/\/www.facebook.com\/teiaeducation\/\",\"https:\/\/x.com\/EducationTeia\",\"https:\/\/www.instagram.com\/teia.education\/\",\"https:\/\/www.linkedin.com\/company\/35501660\",\"https:\/\/www.pinterest.ch\/TeiaEducation\/\"]}]}<\/script>\n<!-- \/ Yoast SEO plugin. -->","yoast_head_json":{"title":"M\u00e4rchenbaukiste Naturholz mit Acryl-Edelsteinen - Bauspiel","description":"Die sch\u00f6ne Bauspiel M\u00e4rchenbaukiste Kombi Box mit M\u00e4rchenbl\u00f6cke\u00a0aus Naturholz mit funkelnden Acryl-Edelsteinen und Spiegeln ist handgefertigt in Deutschland","robots":{"index":"index","follow":"follow","max-snippet":"max-snippet:-1","max-image-preview":"max-image-preview:large","max-video-preview":"max-video-preview:-1"},"canonical":"https:\/\/teiaeducation.ch\/de\/produkt\/maerchenbaukiste-36-teile-bauspiel\/","og_locale":"de_DE","og_type":"article","og_title":"M\u00e4rchenbaukiste Naturholz mit Acryl-Edelsteinen - Bauspiel","og_description":"Die sch\u00f6ne Bauspiel M\u00e4rchenbaukiste Kombi Box mit M\u00e4rchenbl\u00f6cke\u00a0aus Naturholz mit funkelnden Acryl-Edelsteinen und Spiegeln ist handgefertigt in Deutschland","og_url":"https:\/\/teiaeducation.ch\/de\/produkt\/maerchenbaukiste-36-teile-bauspiel\/","og_site_name":"Sustainable Educational Products &amp; Ecological Toys\u00a0","article_publisher":"https:\/\/www.facebook.com\/teiaeducation\/","article_modified_time":"2024-12-11T07:38:06+00:00","og_image":[{"width":2048,"height":1635,"url":"https:\/\/teiaeducation.ch\/wp-content\/uploads\/2023\/10\/Wooden-fairytale-gemstones-blocks-mixed-box-Bauspiel-3-scaled.jpg","type":"image\/jpeg"}],"schema":{"@context":"https:\/\/schema.org","@graph":[{"@type":"WebPage","@id":"https:\/\/teiaeducation.ch\/de\/produkt\/maerchenbaukiste-36-teile-bauspiel\/","url":"https:\/\/teiaeducation.ch\/de\/produkt\/maerchenbaukiste-36-teile-bauspiel\/","name":"M\u00e4rchenbaukiste Naturholz mit Acryl-Edelsteinen - Bauspiel","isPartOf":{"@id":"https:\/\/teiaeducation.ch\/de\/#website"},"primaryImageOfPage":{"@id":"https:\/\/teiaeducation.ch\/de\/produkt\/maerchenbaukiste-36-teile-bauspiel\/#primaryimage"},"image":{"@id":"https:\/\/teiaeducation.ch\/de\/produkt\/maerchenbaukiste-36-teile-bauspiel\/#primaryimage"},"thumbnailUrl":"https:\/\/teiaeducation.ch\/wp-content\/uploads\/2023\/10\/Wooden-fairytale-gemstones-blocks-mixed-box-Bauspiel-3-scaled.jpg","datePublished":"2023-10-17T12:54:05+00:00","dateModified":"2024-12-11T07:38:06+00:00","description":"Die sch\u00f6ne Bauspiel M\u00e4rchenbaukiste Kombi Box mit M\u00e4rchenbl\u00f6cke\u00a0aus Naturholz mit funkelnden Acryl-Edelsteinen und Spiegeln ist handgefertigt in Deutschland","breadcrumb":{"@id":"https:\/\/teiaeducation.ch\/de\/produkt\/maerchenbaukiste-36-teile-bauspiel\/#breadcrumb"},"inLanguage":"de-CH","potentialAction":[{"@type":"ReadAction","target":["https:\/\/teiaeducation.ch\/de\/produkt\/maerchenbaukiste-36-teile-bauspiel\/"]}]},{"@type":"ImageObject","inLanguage":"de-CH","@id":"https:\/\/teiaeducation.ch\/de\/produkt\/maerchenbaukiste-36-teile-bauspiel\/#primaryimage","url":"https:\/\/teiaeducation.ch\/wp-content\/uploads\/2023\/10\/Wooden-fairytale-gemstones-blocks-mixed-box-Bauspiel-3-scaled.jpg","contentUrl":"https:\/\/teiaeducation.ch\/wp-content\/uploads\/2023\/10\/Wooden-fairytale-gemstones-blocks-mixed-box-Bauspiel-3-scaled.jpg","width":2048,"height":1635,"caption":"M\u00e4rchenbaukiste Kombi Box Naturholz mit Acryl-Edelsteinen (36 St\u00fcck) - Bauspiel M\u00e4rchenbl\u00f6cke"},{"@type":"BreadcrumbList","@id":"https:\/\/teiaeducation.ch\/de\/produkt\/maerchenbaukiste-36-teile-bauspiel\/#breadcrumb","itemListElement":[{"@type":"ListItem","position":1,"name":"Home","item":"https:\/\/teiaeducation.ch\/de\/"},{"@type":"ListItem","position":2,"name":"Laden","item":"https:\/\/teiaeducation.ch\/de\/shop\/"},{"@type":"ListItem","position":3,"name":"Unsere Marken","item":"https:\/\/teiaeducation.ch\/de\/produkt-kategorie\/unsere-marken\/"},{"@type":"ListItem","position":4,"name":"Bauspiel","item":"https:\/\/teiaeducation.ch\/de\/produkt-kategorie\/unsere-marken\/bauspiel-de\/"},{"@type":"ListItem","position":5,"name":"M\u00e4rchenbaukiste Naturholz mit Acryl-Edelsteinen (36 St\u00fcck) &#8211; Bauspiel"}]},{"@type":"WebSite","@id":"https:\/\/teiaeducation.ch\/de\/#website","url":"https:\/\/teiaeducation.ch\/de\/","name":"Sustainable Educational Products &amp; Ecological Toys\u00a0","description":"Specialised Swiss shop selling sustainable educational toys and games, AMI certified Montessori materials, handmade ecological wooden Waldorf toys and arts &amp; crafts supplies, school supplies, children&#039;s furniture and Montessori reference and parenting books.","publisher":{"@id":"https:\/\/teiaeducation.ch\/de\/#organization"},"alternateName":"Teia Education & Play","potentialAction":[{"@type":"SearchAction","target":{"@type":"EntryPoint","urlTemplate":"https:\/\/teiaeducation.ch\/de\/?s={search_term_string}"},"query-input":{"@type":"PropertyValueSpecification","valueRequired":true,"valueName":"search_term_string"}}],"inLanguage":"de-CH"},{"@type":"Organization","@id":"https:\/\/teiaeducation.ch\/de\/#organization","name":"Teia Education & Play","url":"https:\/\/teiaeducation.ch\/de\/","logo":{"@type":"ImageObject","inLanguage":"de-CH","@id":"https:\/\/teiaeducation.ch\/de\/#\/schema\/logo\/image\/","url":"https:\/\/teiaeducation.ch\/wp-content\/uploads\/2020\/11\/Teia-Education-Switzerland-e1620156442216.jpg","contentUrl":"https:\/\/teiaeducation.ch\/wp-content\/uploads\/2020\/11\/Teia-Education-Switzerland-e1620156442216.jpg","width":166,"height":145,"caption":"Teia Education & Play"},"image":{"@id":"https:\/\/teiaeducation.ch\/de\/#\/schema\/logo\/image\/"},"sameAs":["https:\/\/www.facebook.com\/teiaeducation\/","https:\/\/x.com\/EducationTeia","https:\/\/www.instagram.com\/teia.education\/","https:\/\/www.linkedin.com\/company\/35501660","https:\/\/www.pinterest.ch\/TeiaEducation\/"]}]}},"_links":{"self":[{"href":"https:\/\/teiaeducation.ch\/de\/wp-json\/wp\/v2\/product\/59729","targetHints":{"allow":["GET"]}}],"collection":[{"href":"https:\/\/teiaeducation.ch\/de\/wp-json\/wp\/v2\/product"}],"about":[{"href":"https:\/\/teiaeducation.ch\/de\/wp-json\/wp\/v2\/types\/product"}],"replies":[{"embeddable":true,"href":"https:\/\/teiaeducation.ch\/de\/wp-json\/wp\/v2\/comments?post=59729"}],"wp:featuredmedia":[{"embeddable":true,"href":"https:\/\/teiaeducation.ch\/de\/wp-json\/wp\/v2\/media\/56660"}],"wp:attachment":[{"href":"https:\/\/teiaeducation.ch\/de\/wp-json\/wp\/v2\/media?parent=59729"}],"wp:term":[{"taxonomy":"product_brand","embeddable":true,"href":"https:\/\/teiaeducation.ch\/de\/wp-json\/wp\/v2\/product_brand?post=59729"},{"taxonomy":"product_cat","embeddable":true,"href":"https:\/\/teiaeducation.ch\/de\/wp-json\/wp\/v2\/product_cat?post=59729"},{"taxonomy":"product_tag","embeddable":true,"href":"https:\/\/teiaeducation.ch\/de\/wp-json\/wp\/v2\/product_tag?post=59729"}],"curies":[{"name":"wp","href":"https:\/\/api.w.org\/{rel}","templated":true}]}}