{"id":59732,"date":"2023-10-17T12:20:51","date_gmt":"2023-10-17T10:20:51","guid":{"rendered":"https:\/\/teiaeducation.ch\/product\/lichtbauwuerfel-100-teile-bauspiel\/"},"modified":"2025-11-06T13:12:12","modified_gmt":"2025-11-06T12:12:12","slug":"lichtbauwuerfel-100-teile-bauspiel","status":"publish","type":"product","link":"https:\/\/teiaeducation.ch\/de\/produkt\/lichtbauwuerfel-100-teile-bauspiel\/","title":{"rendered":"Acryl Lichtbauw\u00fcrfel Regenbogenfarben (100 St\u00fcck) &#8211; Bauspiel"},"content":{"rendered":"<p>Dieses h\u00fcbsche Set mit 100 Acryl Lichtbauw\u00fcrfel in 10 Regenbogenfarben ist eine perfekte Erg\u00e4nzung zu allen Bauspiel Bauk\u00e4sten und unterst\u00fctzt auch das <a href=\"https:\/\/teiaeducation.ch\/product-category\/learning-themes\/sensory-motor-skills\/learning-about-colour\/\">Lernen von Farben<\/a> und das <a href=\"https:\/\/teiaeducation.ch\/product-category\/learning-themes\/mathematics-numeracy\/counting\/\">Z\u00e4hlen<\/a>!<\/p>\n<p>Das Set enth\u00e4lt 10 Acryl W\u00fcrfel in jeder Farbe, die nach der Goetheschen Farbenlehre ausgew\u00e4hlt wurden. Die leuchtenden W\u00fcrfel k\u00f6nnen als farbentheoretische Anschauungshilfe zur Entwicklung der Farberkennungsf\u00e4higkeit dienen. Sie eignen sich auch hervorragend, um sch\u00f6ne Muster zu kreieren oder um mit den Bauspiel-Bauk\u00e4sten erstellte Strukturen zu versch\u00f6nern.<\/p>\n<p>Die durchscheinenden, juwelenartigen Acryl W\u00fcrfel schimmern im Sonnenlicht und sind sehr angenehm anzufassen. Sie sind f\u00fcr Kinder ab 3 Jahren geeignet und werden in einem nat\u00fcrlichen Holzkiste aus Erlenholz pr\u00e4sentiert.<\/p>\n<p>Das gesamte Bauspiel Acryl Lichtbauw\u00fcrfel in Regenbogenfarben Set wird in Handarbeit in Deutschland hergestellt.<\/p>\n<p>Inhalt:<\/p>\n<p>1 Holzkiste (27,5 x 27,5 x 2,5 cm)<br \/>\n100 Lichtbauw\u00fcrfel (2.5 x 2.5 x 2.5 cm)<\/p>\n<h2>\u00dcber Bauspiel<\/h2>\n<p><a href=\"https:\/\/teiaeducation.ch\/product-category\/brands\/bauspiel\/\">Bauspiel<\/a> ist eine kleine umweltbewusste <a href=\"https:\/\/teiaeducation.ch\/product-category\/hgh-quality-toys-play\/handmade-wooden-toys\/\">Holz<\/a>&#8211; und Wollfilz Spielzeugmarke aus Deutschland. Die handgefertigten Bauspiel Spielzeuge zeichnen sich durch ihre hohe Qualit\u00e4t und hervorragende Verarbeitung aus. Sie sind lehrreich und ergebnisoffen und laden zum <a href=\"https:\/\/teiaeducation.ch\/product-category\/play\/open-ended-play\/\">freien und unbegrenzten Spiel<\/a> ein, das sich auf das Erlernen verschiedener p\u00e4dagogischer Konzepte wie <a href=\"https:\/\/teiaeducation.ch\/de\/produkt-kategorie\/lernthemen\/sensorische-motorische-fertigkeiten\/farbe-lernen\/\">Farbe<\/a>, <a href=\"https:\/\/teiaeducation.ch\/de\/produkt-kategorie\/lernthemen\/mathematik-rechnen\/formen\/\">Form<\/a> und <a href=\"https:\/\/teiaeducation.ch\/de\/produkt-kategorie\/lernthemen\/mathematik-rechnen\/\">Mathematik<\/a> konzentriert.<\/p>\n<p>Alle Bauspiel Spielzeuge werden aus umweltfreundlichen Materialien wie ge\u00f6lten Naturh\u00f6lzern und fair produziertem Wollfilz aus Nepal hergestellt. Sie entsprechen hinsichtlich ihrer Rohstoffe der europ\u00e4ischen Spielzeugnorm EN71 und sind f\u00fcr (kleine) Kinder sicher.<\/p>\n<p>Der Schutz und die Achtung der Umwelt zieht sich ganzheitlich durch das gesamte Unternehmen und die Vision von Bauspiel, von den Lieferanten \u00fcber die Mitarbeiter bis zu den Kunden. Sie verwenden faire L\u00f6hne, faire und nachhaltige Produktionsbedingungen, recycelte Verpackungsmaterialien und umweltfreundliche Farben, Klebstoffe und nat\u00fcrliche \u00d6le f\u00fcr die Herstellung ihrer Spielzeuge. Um die Nachhaltigkeit weiter zu gew\u00e4hrleisten, bietet Bauspiel einen umfassenden Ersatzteil- und Reparaturservice f\u00fcr seine <a href=\"https:\/\/teiaeducation.ch\/de\/produkt-kategorie\/kinder-spielzeug\/\">Spielzeuge<\/a> an.<\/p>\n","protected":false},"excerpt":{"rendered":"<p>Artikelnummer: BS<span data-sheets-value=\"{\" data-sheets-userformat=\"{\">0100<\/span><\/p>\n<p>Das sch\u00f6ne Set Acryl Lichtbauw\u00fcrfel in Regenbogenfarben von Bauspiel unterst\u00fctzt das Lernen von Farben und das Z\u00e4hlen. Handgefertigt in Deutschland.<\/p>\n","protected":false},"featured_media":56610,"comment_status":"open","ping_status":"closed","template":"","meta":[],"product_brand":[],"product_cat":[21445,21446,26469,21558,21690,21487,21484,21509,21537,22182,21443,21563,21557,21695,21678,21564,22919,21540],"product_tag":[28637,28539,28636,28639,28635,28640,28638],"class_list":{"0":"post-59732","1":"product","2":"type-product","3":"status-publish","4":"has-post-thumbnail","6":"product_cat-3-6-jahre-vorschule","7":"product_cat-6-12-jahre-grundschule","8":"product_cat-bauspiel-de","9":"product_cat-farbe-lernen","10":"product_cat-spiele-mit-offenem-ende","11":"product_cat-geschenk-guide-3-6-jahre-vorschule","12":"product_cat-geschenk-guides","13":"product_cat-lernthemen","14":"product_cat-mathematik-rechnen","15":"product_cat-montessori-spielzeug","16":"product_cat-nach-alter","17":"product_cat-neuheiten","18":"product_cat-sensorische-motorische-fertigkeiten","19":"product_cat-sinnliches-spiel","20":"product_cat-kinder-spielzeug","21":"product_cat-unsere-marken","22":"product_cat-waldorfspielzeug","23":"product_cat-zaehlen","24":"product_tag-100-lichtbauwurfel-bauspiel","25":"product_tag-bauspiel-de","26":"product_tag-leuchtende-acrylwurfel-bauspiel","27":"product_tag-leuchtwurfel-regenbogen-100-stuck-bauspiel","28":"product_tag-leuchtwurfel-regenbogen-bauspiel","29":"product_tag-lichtbauwurfel-100-teile-bauspiel","30":"product_tag-regenbogenwurfel-acryl-bauspiel","32":"first","33":"outofstock","34":"taxable","35":"shipping-taxable","36":"purchasable","37":"product-type-simple"},"yoast_head":"<!-- This site is optimized with the Yoast SEO plugin v27.1.1 - https:\/\/yoast.com\/product\/yoast-seo-wordpress\/ -->\n<title>Acryl Lichtbauw\u00fcrfel Regenbogenfarben (100 St\u00fcck) - Bauspiel<\/title>\n<meta name=\"description\" content=\"Das sch\u00f6ne Set Acryl Lichtbauw\u00fcrfel in Regenbogenfarben von Bauspiel unterst\u00fctzt das Lernen von Farben und das Z\u00e4hlen. Handgefertigt in Deutschland.\" \/>\n<meta name=\"robots\" content=\"index, follow, max-snippet:-1, max-image-preview:large, max-video-preview:-1\" \/>\n<link rel=\"canonical\" href=\"https:\/\/teiaeducation.ch\/de\/produkt\/lichtbauwuerfel-100-teile-bauspiel\/\" \/>\n<meta property=\"og:locale\" content=\"de_DE\" \/>\n<meta property=\"og:type\" content=\"article\" \/>\n<meta property=\"og:title\" content=\"Acryl Lichtbauw\u00fcrfel Regenbogenfarben (100 St\u00fcck) - Bauspiel\" \/>\n<meta property=\"og:description\" content=\"Das sch\u00f6ne Set Acryl Lichtbauw\u00fcrfel in Regenbogenfarben von Bauspiel unterst\u00fctzt das Lernen von Farben und das Z\u00e4hlen. Handgefertigt in Deutschland.\" \/>\n<meta property=\"og:url\" content=\"https:\/\/teiaeducation.ch\/de\/produkt\/lichtbauwuerfel-100-teile-bauspiel\/\" \/>\n<meta property=\"og:site_name\" content=\"Sustainable Educational Products &amp; Ecological Toys\u00a0\" \/>\n<meta property=\"article:publisher\" content=\"https:\/\/www.facebook.com\/teiaeducation\/\" \/>\n<meta property=\"article:modified_time\" content=\"2025-11-06T12:12:12+00:00\" \/>\n<meta property=\"og:image\" content=\"https:\/\/teiaeducation.ch\/wp-content\/uploads\/2023\/10\/Lucent-acrylic-cubes-rainbow-100-pieces-Bauspiel.jpg\" \/>\n\t<meta property=\"og:image:width\" content=\"641\" \/>\n\t<meta property=\"og:image:height\" content=\"641\" \/>\n\t<meta property=\"og:image:type\" content=\"image\/jpeg\" \/>\n<script type=\"application\/ld+json\" class=\"yoast-schema-graph\">{\"@context\":\"https:\/\/schema.org\",\"@graph\":[{\"@type\":\"WebPage\",\"@id\":\"https:\/\/teiaeducation.ch\/de\/produkt\/lichtbauwuerfel-100-teile-bauspiel\/\",\"url\":\"https:\/\/teiaeducation.ch\/de\/produkt\/lichtbauwuerfel-100-teile-bauspiel\/\",\"name\":\"Acryl Lichtbauw\u00fcrfel Regenbogenfarben (100 St\u00fcck) - Bauspiel\",\"isPartOf\":{\"@id\":\"https:\/\/teiaeducation.ch\/de\/#website\"},\"primaryImageOfPage\":{\"@id\":\"https:\/\/teiaeducation.ch\/de\/produkt\/lichtbauwuerfel-100-teile-bauspiel\/#primaryimage\"},\"image\":{\"@id\":\"https:\/\/teiaeducation.ch\/de\/produkt\/lichtbauwuerfel-100-teile-bauspiel\/#primaryimage\"},\"thumbnailUrl\":\"https:\/\/teiaeducation.ch\/wp-content\/uploads\/2023\/10\/Lucent-acrylic-cubes-rainbow-100-pieces-Bauspiel.jpg\",\"datePublished\":\"2023-10-17T10:20:51+00:00\",\"dateModified\":\"2025-11-06T12:12:12+00:00\",\"description\":\"Das sch\u00f6ne Set Acryl Lichtbauw\u00fcrfel in Regenbogenfarben von Bauspiel unterst\u00fctzt das Lernen von Farben und das Z\u00e4hlen. Handgefertigt in Deutschland.\",\"breadcrumb\":{\"@id\":\"https:\/\/teiaeducation.ch\/de\/produkt\/lichtbauwuerfel-100-teile-bauspiel\/#breadcrumb\"},\"inLanguage\":\"de-CH\",\"potentialAction\":[{\"@type\":\"ReadAction\",\"target\":[\"https:\/\/teiaeducation.ch\/de\/produkt\/lichtbauwuerfel-100-teile-bauspiel\/\"]}]},{\"@type\":\"ImageObject\",\"inLanguage\":\"de-CH\",\"@id\":\"https:\/\/teiaeducation.ch\/de\/produkt\/lichtbauwuerfel-100-teile-bauspiel\/#primaryimage\",\"url\":\"https:\/\/teiaeducation.ch\/wp-content\/uploads\/2023\/10\/Lucent-acrylic-cubes-rainbow-100-pieces-Bauspiel.jpg\",\"contentUrl\":\"https:\/\/teiaeducation.ch\/wp-content\/uploads\/2023\/10\/Lucent-acrylic-cubes-rainbow-100-pieces-Bauspiel.jpg\",\"width\":641,\"height\":641,\"caption\":\"Acryl Lichtbauw\u00fcrfel Regenbogenfarben (100 St\u00fcck) - Bauspiel\"},{\"@type\":\"BreadcrumbList\",\"@id\":\"https:\/\/teiaeducation.ch\/de\/produkt\/lichtbauwuerfel-100-teile-bauspiel\/#breadcrumb\",\"itemListElement\":[{\"@type\":\"ListItem\",\"position\":1,\"name\":\"Home\",\"item\":\"https:\/\/teiaeducation.ch\/de\/\"},{\"@type\":\"ListItem\",\"position\":2,\"name\":\"Laden\",\"item\":\"https:\/\/teiaeducation.ch\/de\/shop\/\"},{\"@type\":\"ListItem\",\"position\":3,\"name\":\"Unsere Marken\",\"item\":\"https:\/\/teiaeducation.ch\/de\/produkt-kategorie\/unsere-marken\/\"},{\"@type\":\"ListItem\",\"position\":4,\"name\":\"Bauspiel\",\"item\":\"https:\/\/teiaeducation.ch\/de\/produkt-kategorie\/unsere-marken\/bauspiel-de\/\"},{\"@type\":\"ListItem\",\"position\":5,\"name\":\"Acryl Lichtbauw\u00fcrfel Regenbogenfarben (100 St\u00fcck) &#8211; Bauspiel\"}]},{\"@type\":\"WebSite\",\"@id\":\"https:\/\/teiaeducation.ch\/de\/#website\",\"url\":\"https:\/\/teiaeducation.ch\/de\/\",\"name\":\"Sustainable Educational Products &amp; Ecological Toys\u00a0\",\"description\":\"Specialised Swiss shop selling sustainable educational toys and games, AMI certified Montessori materials, handmade ecological wooden Waldorf toys and arts &amp; crafts supplies, school supplies, children&#039;s furniture and Montessori reference and parenting books.\",\"publisher\":{\"@id\":\"https:\/\/teiaeducation.ch\/de\/#organization\"},\"alternateName\":\"Teia Education & Play\",\"potentialAction\":[{\"@type\":\"SearchAction\",\"target\":{\"@type\":\"EntryPoint\",\"urlTemplate\":\"https:\/\/teiaeducation.ch\/de\/?s={search_term_string}\"},\"query-input\":{\"@type\":\"PropertyValueSpecification\",\"valueRequired\":true,\"valueName\":\"search_term_string\"}}],\"inLanguage\":\"de-CH\"},{\"@type\":\"Organization\",\"@id\":\"https:\/\/teiaeducation.ch\/de\/#organization\",\"name\":\"Teia Education & Play\",\"url\":\"https:\/\/teiaeducation.ch\/de\/\",\"logo\":{\"@type\":\"ImageObject\",\"inLanguage\":\"de-CH\",\"@id\":\"https:\/\/teiaeducation.ch\/de\/#\/schema\/logo\/image\/\",\"url\":\"https:\/\/teiaeducation.ch\/wp-content\/uploads\/2020\/11\/Teia-Education-Switzerland-e1620156442216.jpg\",\"contentUrl\":\"https:\/\/teiaeducation.ch\/wp-content\/uploads\/2020\/11\/Teia-Education-Switzerland-e1620156442216.jpg\",\"width\":166,\"height\":145,\"caption\":\"Teia Education & Play\"},\"image\":{\"@id\":\"https:\/\/teiaeducation.ch\/de\/#\/schema\/logo\/image\/\"},\"sameAs\":[\"https:\/\/www.facebook.com\/teiaeducation\/\",\"https:\/\/x.com\/EducationTeia\",\"https:\/\/www.instagram.com\/teia.education\/\",\"https:\/\/www.linkedin.com\/company\/35501660\",\"https:\/\/www.pinterest.ch\/TeiaEducation\/\"]}]}<\/script>\n<!-- \/ Yoast SEO plugin. -->","yoast_head_json":{"title":"Acryl Lichtbauw\u00fcrfel Regenbogenfarben (100 St\u00fcck) - Bauspiel","description":"Das sch\u00f6ne Set Acryl Lichtbauw\u00fcrfel in Regenbogenfarben von Bauspiel unterst\u00fctzt das Lernen von Farben und das Z\u00e4hlen. Handgefertigt in Deutschland.","robots":{"index":"index","follow":"follow","max-snippet":"max-snippet:-1","max-image-preview":"max-image-preview:large","max-video-preview":"max-video-preview:-1"},"canonical":"https:\/\/teiaeducation.ch\/de\/produkt\/lichtbauwuerfel-100-teile-bauspiel\/","og_locale":"de_DE","og_type":"article","og_title":"Acryl Lichtbauw\u00fcrfel Regenbogenfarben (100 St\u00fcck) - Bauspiel","og_description":"Das sch\u00f6ne Set Acryl Lichtbauw\u00fcrfel in Regenbogenfarben von Bauspiel unterst\u00fctzt das Lernen von Farben und das Z\u00e4hlen. Handgefertigt in Deutschland.","og_url":"https:\/\/teiaeducation.ch\/de\/produkt\/lichtbauwuerfel-100-teile-bauspiel\/","og_site_name":"Sustainable Educational Products &amp; Ecological Toys\u00a0","article_publisher":"https:\/\/www.facebook.com\/teiaeducation\/","article_modified_time":"2025-11-06T12:12:12+00:00","og_image":[{"width":641,"height":641,"url":"https:\/\/teiaeducation.ch\/wp-content\/uploads\/2023\/10\/Lucent-acrylic-cubes-rainbow-100-pieces-Bauspiel.jpg","type":"image\/jpeg"}],"schema":{"@context":"https:\/\/schema.org","@graph":[{"@type":"WebPage","@id":"https:\/\/teiaeducation.ch\/de\/produkt\/lichtbauwuerfel-100-teile-bauspiel\/","url":"https:\/\/teiaeducation.ch\/de\/produkt\/lichtbauwuerfel-100-teile-bauspiel\/","name":"Acryl Lichtbauw\u00fcrfel Regenbogenfarben (100 St\u00fcck) - Bauspiel","isPartOf":{"@id":"https:\/\/teiaeducation.ch\/de\/#website"},"primaryImageOfPage":{"@id":"https:\/\/teiaeducation.ch\/de\/produkt\/lichtbauwuerfel-100-teile-bauspiel\/#primaryimage"},"image":{"@id":"https:\/\/teiaeducation.ch\/de\/produkt\/lichtbauwuerfel-100-teile-bauspiel\/#primaryimage"},"thumbnailUrl":"https:\/\/teiaeducation.ch\/wp-content\/uploads\/2023\/10\/Lucent-acrylic-cubes-rainbow-100-pieces-Bauspiel.jpg","datePublished":"2023-10-17T10:20:51+00:00","dateModified":"2025-11-06T12:12:12+00:00","description":"Das sch\u00f6ne Set Acryl Lichtbauw\u00fcrfel in Regenbogenfarben von Bauspiel unterst\u00fctzt das Lernen von Farben und das Z\u00e4hlen. Handgefertigt in Deutschland.","breadcrumb":{"@id":"https:\/\/teiaeducation.ch\/de\/produkt\/lichtbauwuerfel-100-teile-bauspiel\/#breadcrumb"},"inLanguage":"de-CH","potentialAction":[{"@type":"ReadAction","target":["https:\/\/teiaeducation.ch\/de\/produkt\/lichtbauwuerfel-100-teile-bauspiel\/"]}]},{"@type":"ImageObject","inLanguage":"de-CH","@id":"https:\/\/teiaeducation.ch\/de\/produkt\/lichtbauwuerfel-100-teile-bauspiel\/#primaryimage","url":"https:\/\/teiaeducation.ch\/wp-content\/uploads\/2023\/10\/Lucent-acrylic-cubes-rainbow-100-pieces-Bauspiel.jpg","contentUrl":"https:\/\/teiaeducation.ch\/wp-content\/uploads\/2023\/10\/Lucent-acrylic-cubes-rainbow-100-pieces-Bauspiel.jpg","width":641,"height":641,"caption":"Acryl Lichtbauw\u00fcrfel Regenbogenfarben (100 St\u00fcck) - Bauspiel"},{"@type":"BreadcrumbList","@id":"https:\/\/teiaeducation.ch\/de\/produkt\/lichtbauwuerfel-100-teile-bauspiel\/#breadcrumb","itemListElement":[{"@type":"ListItem","position":1,"name":"Home","item":"https:\/\/teiaeducation.ch\/de\/"},{"@type":"ListItem","position":2,"name":"Laden","item":"https:\/\/teiaeducation.ch\/de\/shop\/"},{"@type":"ListItem","position":3,"name":"Unsere Marken","item":"https:\/\/teiaeducation.ch\/de\/produkt-kategorie\/unsere-marken\/"},{"@type":"ListItem","position":4,"name":"Bauspiel","item":"https:\/\/teiaeducation.ch\/de\/produkt-kategorie\/unsere-marken\/bauspiel-de\/"},{"@type":"ListItem","position":5,"name":"Acryl Lichtbauw\u00fcrfel Regenbogenfarben (100 St\u00fcck) &#8211; Bauspiel"}]},{"@type":"WebSite","@id":"https:\/\/teiaeducation.ch\/de\/#website","url":"https:\/\/teiaeducation.ch\/de\/","name":"Sustainable Educational Products &amp; Ecological Toys\u00a0","description":"Specialised Swiss shop selling sustainable educational toys and games, AMI certified Montessori materials, handmade ecological wooden Waldorf toys and arts &amp; crafts supplies, school supplies, children&#039;s furniture and Montessori reference and parenting books.","publisher":{"@id":"https:\/\/teiaeducation.ch\/de\/#organization"},"alternateName":"Teia Education & Play","potentialAction":[{"@type":"SearchAction","target":{"@type":"EntryPoint","urlTemplate":"https:\/\/teiaeducation.ch\/de\/?s={search_term_string}"},"query-input":{"@type":"PropertyValueSpecification","valueRequired":true,"valueName":"search_term_string"}}],"inLanguage":"de-CH"},{"@type":"Organization","@id":"https:\/\/teiaeducation.ch\/de\/#organization","name":"Teia Education & Play","url":"https:\/\/teiaeducation.ch\/de\/","logo":{"@type":"ImageObject","inLanguage":"de-CH","@id":"https:\/\/teiaeducation.ch\/de\/#\/schema\/logo\/image\/","url":"https:\/\/teiaeducation.ch\/wp-content\/uploads\/2020\/11\/Teia-Education-Switzerland-e1620156442216.jpg","contentUrl":"https:\/\/teiaeducation.ch\/wp-content\/uploads\/2020\/11\/Teia-Education-Switzerland-e1620156442216.jpg","width":166,"height":145,"caption":"Teia Education & Play"},"image":{"@id":"https:\/\/teiaeducation.ch\/de\/#\/schema\/logo\/image\/"},"sameAs":["https:\/\/www.facebook.com\/teiaeducation\/","https:\/\/x.com\/EducationTeia","https:\/\/www.instagram.com\/teia.education\/","https:\/\/www.linkedin.com\/company\/35501660","https:\/\/www.pinterest.ch\/TeiaEducation\/"]}]}},"_links":{"self":[{"href":"https:\/\/teiaeducation.ch\/de\/wp-json\/wp\/v2\/product\/59732","targetHints":{"allow":["GET"]}}],"collection":[{"href":"https:\/\/teiaeducation.ch\/de\/wp-json\/wp\/v2\/product"}],"about":[{"href":"https:\/\/teiaeducation.ch\/de\/wp-json\/wp\/v2\/types\/product"}],"replies":[{"embeddable":true,"href":"https:\/\/teiaeducation.ch\/de\/wp-json\/wp\/v2\/comments?post=59732"}],"wp:featuredmedia":[{"embeddable":true,"href":"https:\/\/teiaeducation.ch\/de\/wp-json\/wp\/v2\/media\/56610"}],"wp:attachment":[{"href":"https:\/\/teiaeducation.ch\/de\/wp-json\/wp\/v2\/media?parent=59732"}],"wp:term":[{"taxonomy":"product_brand","embeddable":true,"href":"https:\/\/teiaeducation.ch\/de\/wp-json\/wp\/v2\/product_brand?post=59732"},{"taxonomy":"product_cat","embeddable":true,"href":"https:\/\/teiaeducation.ch\/de\/wp-json\/wp\/v2\/product_cat?post=59732"},{"taxonomy":"product_tag","embeddable":true,"href":"https:\/\/teiaeducation.ch\/de\/wp-json\/wp\/v2\/product_tag?post=59732"}],"curies":[{"name":"wp","href":"https:\/\/api.w.org\/{rel}","templated":true}]}}