{"id":59750,"date":"2021-11-12T10:00:14","date_gmt":"2021-11-12T09:00:14","guid":{"rendered":"https:\/\/teiaeducation.ch\/product\/baby-rassel-aus-holz-scheiben-walter-spielwaren\/"},"modified":"2024-03-25T14:41:19","modified_gmt":"2024-03-25T13:41:19","slug":"baby-rassel-aus-holz-scheiben-walter-spielwaren","status":"publish","type":"product","link":"https:\/\/teiaeducation.ch\/de\/produkt\/baby-rassel-aus-holz-scheiben-walter-spielwaren\/","title":{"rendered":"Baby-Rassel aus Holz : Scheiben &#8211; Walter Spielwaren"},"content":{"rendered":"<p>Baby-Rassel aus Holz : Scheiben \/ Handgefertigtes Babyspielzeug aus Holz &#8211; Walter Spielwaren<\/p>\n<p>Die Walter Spielwaren handgefertigte Baby-Rassel aus Holz : Scheiben ist ein einfaches Holzspielzeug, das Babys gerne greifen und sch\u00fctteln. Er besteht aus einem nat\u00fcrlichen, unbearbeiteten Holzring mit einer zentralen S\u00e4ule. Auf die S\u00e4ule werden drei h\u00f6lzerne Drehscheiben in den Farben Rot, Gelb und Gr\u00fcn gelegt. Die Rassel eignet sich auch zur Beruhigung des wunden Zahnfleisches beim Zahnen und ist ideal, um selbst die kleinsten H\u00e4nde durch Greifen, Sch\u00fctteln, Erforschen der Hand-Augen-Bewegung und <a href=\"https:\/\/teiaeducation.ch\/product-category\/play\/sensory-play\/\">sensorisches Spielen<\/a> zu besch\u00e4ftigen.<\/p>\n<p>Die Rassel ist ein wundersch\u00f6nes und traditionelles nat\u00fcrliches Babyspielzeug, das in ethischer Handarbeit in Deutschland aus massivem, nachhaltigem Holz hergestellt wird. Sie hat eine herrlich glatte und f\u00fchlbare Oberfl\u00e4che und ist f\u00fcr Kleinkinder ein unendlicher sensorischer Anreiz. Die Walter Spielwaren Rassel misst 10 x 10 x 5cm und ist ein wundersch\u00f6nes neues Babyspielzeug oder Baby Shower Geschenk!<\/p>\n<p>Die Spielwaren von Walter Spielwaren sind ideal f\u00fcr das Spielen zu Hause, im Kindergarten, in der Waldorf- oder Steiner-Schule. Sie sind nach der Waldorf-Philosophie hergestellt, die bekannt daf\u00fcr ist, dass sie Kinder dazu ermutigen, das kreative Spiel unabh\u00e4ngig und ohne Einschr\u00e4nkungen zu entdecken. Die wundersch\u00f6nen bunten Holzspielzeuge werden von Hand mit ungiftigen Farben auf Wasserbasis gef\u00e4rbt und nicht lackiert, damit die urspr\u00fcnglichen Eigenschaften des Holzes und die Maserung erhalten bleiben. Die Oberfl\u00e4che der FSC-zertifizierten europ\u00e4ischen Holz ist leicht rau, wodurch sie vollst\u00e4ndig stapelbar und weniger rutschig sind.<\/p>\n<p>Die Walter Spielwaren Baby-Rassel aus Holz : Scheiben ist f\u00fcr Babys ab 0 Monaten geeignet.<\/p>\n<p>Inhalt:<\/p>\n<p>1 h\u00f6lzerne Babyrassel mit bunten Pl\u00e4ttchen<\/p>\n","protected":false},"excerpt":{"rendered":"<p>Artikelnummer: 61247<\/p>\n<p>Diese Walter Spielwaren Baby-Rassel aus Holz : Scheiben ist ein wundersch\u00f6nes und traditionelles nat\u00fcrliches Babyspielzeug, das in ethischer Handarbeit in Deutschland aus massivem, nachhaltigem Holz hergestellt wird.<\/p>\n","protected":false},"featured_media":41069,"comment_status":"open","ping_status":"closed","template":"","meta":[],"product_brand":[],"product_cat":[25967,21681,21485,21484,23075,22182,21443,21563,21695,21678,21564,22037],"product_tag":[27904,22143,27903,21712,28647,23460,28645,28641,28646],"class_list":{"0":"post-59750","1":"product","2":"type-product","3":"status-publish","4":"has-post-thumbnail","6":"product_cat-0-12-monate-baby","7":"product_cat-baby-rasseln","8":"product_cat-geschenk-guide-0-12-monate-baby","9":"product_cat-geschenk-guides","10":"product_cat-handgefertigtes-holzspielzeug","11":"product_cat-montessori-spielzeug","12":"product_cat-nach-alter","13":"product_cat-neuheiten","14":"product_cat-sinnliches-spiel","15":"product_cat-kinder-spielzeug","16":"product_cat-unsere-marken","17":"product_cat-walter-spielwaren-de","18":"product_tag-handgefertigtes-babyspielzeug-aus-holz","19":"product_tag-handgefertigtes-holzspielzeug-de","20":"product_tag-handgefertigtes-spielzeug-aus-holz","21":"product_tag-hergestellt-in-deutschland","22":"product_tag-nic-spielzeug-walter","23":"product_tag-waldorfspielzeug-aus-holz-de","24":"product_tag-walter-spielwaren-de","25":"product_tag-walter-spielwaren-babyrassel","26":"product_tag-walter-spielwaren-babyspielzeug-aus-holz","28":"first","29":"instock","30":"taxable","31":"shipping-taxable","32":"purchasable","33":"product-type-simple"},"yoast_head":"<!-- This site is optimized with the Yoast SEO plugin v27.1.1 - https:\/\/yoast.com\/product\/yoast-seo-wordpress\/ -->\n<title>Baby-Rassel aus Holz : Scheiben - Walter Spielwaren<\/title>\n<meta name=\"description\" content=\"Diese Walter Spielwaren Baby-Rassel aus Holz : Scheiben ist ein traditionelles, nat\u00fcrliches Babyspielzeug, das in Deutschland aus massivem, nachhaltigem Holz ethisch hergestellt wird.\" \/>\n<meta name=\"robots\" content=\"index, follow, max-snippet:-1, max-image-preview:large, max-video-preview:-1\" \/>\n<link rel=\"canonical\" href=\"https:\/\/teiaeducation.ch\/de\/produkt\/baby-rassel-aus-holz-scheiben-walter-spielwaren\/\" \/>\n<meta property=\"og:locale\" content=\"de_DE\" \/>\n<meta property=\"og:type\" content=\"article\" \/>\n<meta property=\"og:title\" content=\"Baby-Rassel aus Holz : Scheiben - Walter Spielwaren\" \/>\n<meta property=\"og:description\" content=\"Diese Walter Spielwaren Baby-Rassel aus Holz : Scheiben ist ein traditionelles, nat\u00fcrliches Babyspielzeug, das in Deutschland aus massivem, nachhaltigem Holz ethisch hergestellt wird.\" \/>\n<meta property=\"og:url\" content=\"https:\/\/teiaeducation.ch\/de\/produkt\/baby-rassel-aus-holz-scheiben-walter-spielwaren\/\" \/>\n<meta property=\"og:site_name\" content=\"Sustainable Educational Products &amp; Ecological Toys\u00a0\" \/>\n<meta property=\"article:publisher\" content=\"https:\/\/www.facebook.com\/teiaeducation\/\" \/>\n<meta property=\"article:modified_time\" content=\"2024-03-25T13:41:19+00:00\" \/>\n<meta property=\"og:image\" content=\"https:\/\/teiaeducation.ch\/wp-content\/uploads\/2020\/10\/Wooden-baby-rattle-discs-Handmade-wooden-baby-toy-Walter-Spielwaren.jpg\" \/>\n\t<meta property=\"og:image:width\" content=\"736\" \/>\n\t<meta property=\"og:image:height\" content=\"707\" \/>\n\t<meta property=\"og:image:type\" content=\"image\/jpeg\" \/>\n<script type=\"application\/ld+json\" class=\"yoast-schema-graph\">{\"@context\":\"https:\/\/schema.org\",\"@graph\":[{\"@type\":\"WebPage\",\"@id\":\"https:\/\/teiaeducation.ch\/de\/produkt\/baby-rassel-aus-holz-scheiben-walter-spielwaren\/\",\"url\":\"https:\/\/teiaeducation.ch\/de\/produkt\/baby-rassel-aus-holz-scheiben-walter-spielwaren\/\",\"name\":\"Baby-Rassel aus Holz : Scheiben - Walter Spielwaren\",\"isPartOf\":{\"@id\":\"https:\/\/teiaeducation.ch\/de\/#website\"},\"primaryImageOfPage\":{\"@id\":\"https:\/\/teiaeducation.ch\/de\/produkt\/baby-rassel-aus-holz-scheiben-walter-spielwaren\/#primaryimage\"},\"image\":{\"@id\":\"https:\/\/teiaeducation.ch\/de\/produkt\/baby-rassel-aus-holz-scheiben-walter-spielwaren\/#primaryimage\"},\"thumbnailUrl\":\"https:\/\/teiaeducation.ch\/wp-content\/uploads\/2020\/10\/Wooden-baby-rattle-discs-Handmade-wooden-baby-toy-Walter-Spielwaren.jpg\",\"datePublished\":\"2021-11-12T09:00:14+00:00\",\"dateModified\":\"2024-03-25T13:41:19+00:00\",\"description\":\"Diese Walter Spielwaren Baby-Rassel aus Holz : Scheiben ist ein traditionelles, nat\u00fcrliches Babyspielzeug, das in Deutschland aus massivem, nachhaltigem Holz ethisch hergestellt wird.\",\"breadcrumb\":{\"@id\":\"https:\/\/teiaeducation.ch\/de\/produkt\/baby-rassel-aus-holz-scheiben-walter-spielwaren\/#breadcrumb\"},\"inLanguage\":\"de-CH\",\"potentialAction\":[{\"@type\":\"ReadAction\",\"target\":[\"https:\/\/teiaeducation.ch\/de\/produkt\/baby-rassel-aus-holz-scheiben-walter-spielwaren\/\"]}]},{\"@type\":\"ImageObject\",\"inLanguage\":\"de-CH\",\"@id\":\"https:\/\/teiaeducation.ch\/de\/produkt\/baby-rassel-aus-holz-scheiben-walter-spielwaren\/#primaryimage\",\"url\":\"https:\/\/teiaeducation.ch\/wp-content\/uploads\/2020\/10\/Wooden-baby-rattle-discs-Handmade-wooden-baby-toy-Walter-Spielwaren.jpg\",\"contentUrl\":\"https:\/\/teiaeducation.ch\/wp-content\/uploads\/2020\/10\/Wooden-baby-rattle-discs-Handmade-wooden-baby-toy-Walter-Spielwaren.jpg\",\"width\":736,\"height\":707,\"caption\":\"Baby-Rassel aus Holz : Scheiben : Handgefertigtes Babyspielzeug aus Holz - Walter Spielwaren\"},{\"@type\":\"BreadcrumbList\",\"@id\":\"https:\/\/teiaeducation.ch\/de\/produkt\/baby-rassel-aus-holz-scheiben-walter-spielwaren\/#breadcrumb\",\"itemListElement\":[{\"@type\":\"ListItem\",\"position\":1,\"name\":\"Home\",\"item\":\"https:\/\/teiaeducation.ch\/de\/\"},{\"@type\":\"ListItem\",\"position\":2,\"name\":\"Laden\",\"item\":\"https:\/\/teiaeducation.ch\/de\/shop\/\"},{\"@type\":\"ListItem\",\"position\":3,\"name\":\"Baby-Rassel aus Holz : Scheiben &#8211; Walter Spielwaren\"}]},{\"@type\":\"WebSite\",\"@id\":\"https:\/\/teiaeducation.ch\/de\/#website\",\"url\":\"https:\/\/teiaeducation.ch\/de\/\",\"name\":\"Sustainable Educational Products &amp; Ecological Toys\u00a0\",\"description\":\"Specialised Swiss shop selling sustainable educational toys and games, AMI certified Montessori materials, handmade ecological wooden Waldorf toys and arts &amp; crafts supplies, school supplies, children&#039;s furniture and Montessori reference and parenting books.\",\"publisher\":{\"@id\":\"https:\/\/teiaeducation.ch\/de\/#organization\"},\"alternateName\":\"Teia Education & Play\",\"potentialAction\":[{\"@type\":\"SearchAction\",\"target\":{\"@type\":\"EntryPoint\",\"urlTemplate\":\"https:\/\/teiaeducation.ch\/de\/?s={search_term_string}\"},\"query-input\":{\"@type\":\"PropertyValueSpecification\",\"valueRequired\":true,\"valueName\":\"search_term_string\"}}],\"inLanguage\":\"de-CH\"},{\"@type\":\"Organization\",\"@id\":\"https:\/\/teiaeducation.ch\/de\/#organization\",\"name\":\"Teia Education & Play\",\"url\":\"https:\/\/teiaeducation.ch\/de\/\",\"logo\":{\"@type\":\"ImageObject\",\"inLanguage\":\"de-CH\",\"@id\":\"https:\/\/teiaeducation.ch\/de\/#\/schema\/logo\/image\/\",\"url\":\"https:\/\/teiaeducation.ch\/wp-content\/uploads\/2020\/11\/Teia-Education-Switzerland-e1620156442216.jpg\",\"contentUrl\":\"https:\/\/teiaeducation.ch\/wp-content\/uploads\/2020\/11\/Teia-Education-Switzerland-e1620156442216.jpg\",\"width\":166,\"height\":145,\"caption\":\"Teia Education & Play\"},\"image\":{\"@id\":\"https:\/\/teiaeducation.ch\/de\/#\/schema\/logo\/image\/\"},\"sameAs\":[\"https:\/\/www.facebook.com\/teiaeducation\/\",\"https:\/\/x.com\/EducationTeia\",\"https:\/\/www.instagram.com\/teia.education\/\",\"https:\/\/www.linkedin.com\/company\/35501660\",\"https:\/\/www.pinterest.ch\/TeiaEducation\/\"]}]}<\/script>\n<!-- \/ Yoast SEO plugin. -->","yoast_head_json":{"title":"Baby-Rassel aus Holz : Scheiben - Walter Spielwaren","description":"Diese Walter Spielwaren Baby-Rassel aus Holz : Scheiben ist ein traditionelles, nat\u00fcrliches Babyspielzeug, das in Deutschland aus massivem, nachhaltigem Holz ethisch hergestellt wird.","robots":{"index":"index","follow":"follow","max-snippet":"max-snippet:-1","max-image-preview":"max-image-preview:large","max-video-preview":"max-video-preview:-1"},"canonical":"https:\/\/teiaeducation.ch\/de\/produkt\/baby-rassel-aus-holz-scheiben-walter-spielwaren\/","og_locale":"de_DE","og_type":"article","og_title":"Baby-Rassel aus Holz : Scheiben - Walter Spielwaren","og_description":"Diese Walter Spielwaren Baby-Rassel aus Holz : Scheiben ist ein traditionelles, nat\u00fcrliches Babyspielzeug, das in Deutschland aus massivem, nachhaltigem Holz ethisch hergestellt wird.","og_url":"https:\/\/teiaeducation.ch\/de\/produkt\/baby-rassel-aus-holz-scheiben-walter-spielwaren\/","og_site_name":"Sustainable Educational Products &amp; Ecological Toys\u00a0","article_publisher":"https:\/\/www.facebook.com\/teiaeducation\/","article_modified_time":"2024-03-25T13:41:19+00:00","og_image":[{"width":736,"height":707,"url":"https:\/\/teiaeducation.ch\/wp-content\/uploads\/2020\/10\/Wooden-baby-rattle-discs-Handmade-wooden-baby-toy-Walter-Spielwaren.jpg","type":"image\/jpeg"}],"schema":{"@context":"https:\/\/schema.org","@graph":[{"@type":"WebPage","@id":"https:\/\/teiaeducation.ch\/de\/produkt\/baby-rassel-aus-holz-scheiben-walter-spielwaren\/","url":"https:\/\/teiaeducation.ch\/de\/produkt\/baby-rassel-aus-holz-scheiben-walter-spielwaren\/","name":"Baby-Rassel aus Holz : Scheiben - Walter Spielwaren","isPartOf":{"@id":"https:\/\/teiaeducation.ch\/de\/#website"},"primaryImageOfPage":{"@id":"https:\/\/teiaeducation.ch\/de\/produkt\/baby-rassel-aus-holz-scheiben-walter-spielwaren\/#primaryimage"},"image":{"@id":"https:\/\/teiaeducation.ch\/de\/produkt\/baby-rassel-aus-holz-scheiben-walter-spielwaren\/#primaryimage"},"thumbnailUrl":"https:\/\/teiaeducation.ch\/wp-content\/uploads\/2020\/10\/Wooden-baby-rattle-discs-Handmade-wooden-baby-toy-Walter-Spielwaren.jpg","datePublished":"2021-11-12T09:00:14+00:00","dateModified":"2024-03-25T13:41:19+00:00","description":"Diese Walter Spielwaren Baby-Rassel aus Holz : Scheiben ist ein traditionelles, nat\u00fcrliches Babyspielzeug, das in Deutschland aus massivem, nachhaltigem Holz ethisch hergestellt wird.","breadcrumb":{"@id":"https:\/\/teiaeducation.ch\/de\/produkt\/baby-rassel-aus-holz-scheiben-walter-spielwaren\/#breadcrumb"},"inLanguage":"de-CH","potentialAction":[{"@type":"ReadAction","target":["https:\/\/teiaeducation.ch\/de\/produkt\/baby-rassel-aus-holz-scheiben-walter-spielwaren\/"]}]},{"@type":"ImageObject","inLanguage":"de-CH","@id":"https:\/\/teiaeducation.ch\/de\/produkt\/baby-rassel-aus-holz-scheiben-walter-spielwaren\/#primaryimage","url":"https:\/\/teiaeducation.ch\/wp-content\/uploads\/2020\/10\/Wooden-baby-rattle-discs-Handmade-wooden-baby-toy-Walter-Spielwaren.jpg","contentUrl":"https:\/\/teiaeducation.ch\/wp-content\/uploads\/2020\/10\/Wooden-baby-rattle-discs-Handmade-wooden-baby-toy-Walter-Spielwaren.jpg","width":736,"height":707,"caption":"Baby-Rassel aus Holz : Scheiben : Handgefertigtes Babyspielzeug aus Holz - Walter Spielwaren"},{"@type":"BreadcrumbList","@id":"https:\/\/teiaeducation.ch\/de\/produkt\/baby-rassel-aus-holz-scheiben-walter-spielwaren\/#breadcrumb","itemListElement":[{"@type":"ListItem","position":1,"name":"Home","item":"https:\/\/teiaeducation.ch\/de\/"},{"@type":"ListItem","position":2,"name":"Laden","item":"https:\/\/teiaeducation.ch\/de\/shop\/"},{"@type":"ListItem","position":3,"name":"Baby-Rassel aus Holz : Scheiben &#8211; Walter Spielwaren"}]},{"@type":"WebSite","@id":"https:\/\/teiaeducation.ch\/de\/#website","url":"https:\/\/teiaeducation.ch\/de\/","name":"Sustainable Educational Products &amp; Ecological Toys\u00a0","description":"Specialised Swiss shop selling sustainable educational toys and games, AMI certified Montessori materials, handmade ecological wooden Waldorf toys and arts &amp; crafts supplies, school supplies, children&#039;s furniture and Montessori reference and parenting books.","publisher":{"@id":"https:\/\/teiaeducation.ch\/de\/#organization"},"alternateName":"Teia Education & Play","potentialAction":[{"@type":"SearchAction","target":{"@type":"EntryPoint","urlTemplate":"https:\/\/teiaeducation.ch\/de\/?s={search_term_string}"},"query-input":{"@type":"PropertyValueSpecification","valueRequired":true,"valueName":"search_term_string"}}],"inLanguage":"de-CH"},{"@type":"Organization","@id":"https:\/\/teiaeducation.ch\/de\/#organization","name":"Teia Education & Play","url":"https:\/\/teiaeducation.ch\/de\/","logo":{"@type":"ImageObject","inLanguage":"de-CH","@id":"https:\/\/teiaeducation.ch\/de\/#\/schema\/logo\/image\/","url":"https:\/\/teiaeducation.ch\/wp-content\/uploads\/2020\/11\/Teia-Education-Switzerland-e1620156442216.jpg","contentUrl":"https:\/\/teiaeducation.ch\/wp-content\/uploads\/2020\/11\/Teia-Education-Switzerland-e1620156442216.jpg","width":166,"height":145,"caption":"Teia Education & Play"},"image":{"@id":"https:\/\/teiaeducation.ch\/de\/#\/schema\/logo\/image\/"},"sameAs":["https:\/\/www.facebook.com\/teiaeducation\/","https:\/\/x.com\/EducationTeia","https:\/\/www.instagram.com\/teia.education\/","https:\/\/www.linkedin.com\/company\/35501660","https:\/\/www.pinterest.ch\/TeiaEducation\/"]}]}},"_links":{"self":[{"href":"https:\/\/teiaeducation.ch\/de\/wp-json\/wp\/v2\/product\/59750","targetHints":{"allow":["GET"]}}],"collection":[{"href":"https:\/\/teiaeducation.ch\/de\/wp-json\/wp\/v2\/product"}],"about":[{"href":"https:\/\/teiaeducation.ch\/de\/wp-json\/wp\/v2\/types\/product"}],"replies":[{"embeddable":true,"href":"https:\/\/teiaeducation.ch\/de\/wp-json\/wp\/v2\/comments?post=59750"}],"wp:featuredmedia":[{"embeddable":true,"href":"https:\/\/teiaeducation.ch\/de\/wp-json\/wp\/v2\/media\/41069"}],"wp:attachment":[{"href":"https:\/\/teiaeducation.ch\/de\/wp-json\/wp\/v2\/media?parent=59750"}],"wp:term":[{"taxonomy":"product_brand","embeddable":true,"href":"https:\/\/teiaeducation.ch\/de\/wp-json\/wp\/v2\/product_brand?post=59750"},{"taxonomy":"product_cat","embeddable":true,"href":"https:\/\/teiaeducation.ch\/de\/wp-json\/wp\/v2\/product_cat?post=59750"},{"taxonomy":"product_tag","embeddable":true,"href":"https:\/\/teiaeducation.ch\/de\/wp-json\/wp\/v2\/product_tag?post=59750"}],"curies":[{"name":"wp","href":"https:\/\/api.w.org\/{rel}","templated":true}]}}