{"id":59785,"date":"2022-03-24T10:19:38","date_gmt":"2024-03-29T12:02:02","guid":{"rendered":"https:\/\/teiaeducation.ch\/product\/spielen-wir-im-freien-gestalten\/"},"modified":"2024-03-29T13:02:02","modified_gmt":"2024-03-29T12:02:02","slug":"spielen-wir-im-freien-gestalten","status":"publish","type":"product","link":"https:\/\/teiaeducation.ch\/de\/produkt\/spielen-wir-im-freien-gestalten\/","title":{"rendered":"Spielen wir im Freien &#8211; Gestalten"},"content":{"rendered":"<p>Spielen wir im Freien, die Natur entdecken f\u00fcr Kinder von Catherine Ard ist ein Buch, das Kindern hilft, <a href=\"https:\/\/teiaeducation.ch\/product-category\/hgh-quality-toys-play\/\">spiel<\/a>erisch zu entdecken, wie sch\u00f6n und faszinierend die <a href=\"https:\/\/teiaeducation.ch\/product-category\/play\/nature-play\/\">Natur<\/a> ist und was sie zu bieten hat.<\/p>\n<p>Dieses Buch regt Kinder dazu an, aus dem Haus und in die Natur zu gehen und sie genauer unter die Lupe zu nehmen. Der Garten, der Park oder der nahe gelegene Wald sind faszinierende Orte, die nur darauf warten, von neugierigen jungen Menschen entdeckt und erobert zu werden. Aus Steinen, \u00c4sten und Bl\u00e4ttern k\u00f6nnen angehende Baumeister H\u00fctten bauen, ein abgestorbener Baum beherbergt allerlei Insekten und wer genau hinh\u00f6rt, kann die typischen Ger\u00e4usche der Tiere kennen lernen!<\/p>\n<p>Spielen wir im Freien! enth\u00e4lt viele Anregungen, die eine respektvolle, spielerische Neugierde auf <a href=\"https:\/\/teiaeducation.ch\/product-category\/learning-themes\/culture-science\/animal-geography-zoology\/\">Tiere<\/a>, <a href=\"https:\/\/teiaeducation.ch\/product\/booklet-the-plants-tell-a-story-nienhuis-montessori\/\">Pflanzen<\/a> und die Natur f\u00f6rdern. Die vorgeschlagenen Aktivit\u00e4ten regen zum selbstst\u00e4ndigen Lernen \u00fcber Tiere, Pflanzen und das <a href=\"https:\/\/teiaeducation.ch\/product-category\/learning-themes\/culture-science\/seasons-weather\/\">Wetter<\/a> an und zeigen, wie man sich um die Welt k\u00fcmmern kann.<\/p>\n<p>Das von Carla McRae wundersch\u00f6n illustrierte Spielen wir im Freien ist das perfekte Buch f\u00fcr eine neue Generation von Kindern. Und bietet Eltern, die ihren Kindern einen bewussten und sinnvollen Umgang mit ihrer Umwelt beibringen wollen, Unterst\u00fctzung dabei, den Kindern einen sinnvollen Umgang mit ihrer Umwelt zu vermitteln.<\/p>\n<p>Catherine Ards erster Job nach ihrem Studium war das Schreiben von Kindercomics. Seitdem hat sie zahlreiche <a href=\"https:\/\/teiaeducation.ch\/product-category\/childrens-books\/crafting-books\/\">Bastelb\u00fccher f\u00fcr Kinder<\/a> geschrieben und herausgegeben. Sie lebt in Bristol, Vereinigtes K\u00f6nigreich, mit ihrer Familie und ihrem kleinen Hund Annie, der zu ihren F\u00fc\u00dfen schl\u00e4ft, w\u00e4hrend sie arbeitet.<\/p>\n<p>Carla McRae ist eine australische Illustratorin, die in Melbourne lebt und arbeitet. Ihre Arbeit umfasst die Bereiche Editorial, Publishing und Branding. Au\u00dferdem entwirft sie gerne Socken und malt gro\u00dffl\u00e4chige Wandbilder.<\/p>\n<p>Das Buch Spielen wir im Freien ist bei Little <a href=\"https:\/\/teiaeducation.ch\/product-category\/brands\/gestalten\/\">Gestalten<\/a> erschienen und enth\u00e4lt sch\u00f6ne Illustrationen von Carla McRae. Es wird f\u00fcr alle Kinder empfohlen, insbesondere f\u00fcr Kinder im Alter von 5 bis 7 Jahren.<\/p>\n<p>Inhalt:<\/p>\n<p>1 gebundenes Buch auf Englisch, 56 Seiten.<\/p>\n","protected":false},"excerpt":{"rendered":"<p>Artikelnummer: 33240030<\/p>\n<p>Spielen wir im Freien von Catherine Ard ist ein Buch, das Kindern hilft, auf spielerische Weise zu entdecken, wie sch\u00f6n und faszinierend die Natur ist und was sie zu bieten hat!<\/p>\n","protected":false},"featured_media":45658,"comment_status":"open","ping_status":"closed","template":"","meta":[],"product_brand":[],"product_cat":[21445,21446,21512,21515,21670,21489,21484,21473,22882,21464,21521,21466,21510,21509,21443,21470,21689,21563,22362,23636,21678,23133,21564,22363],"product_tag":[28655,28656,28654,28657,28651,28652,28653,28649,28650,28648],"class_list":{"0":"post-59785","1":"product","2":"type-product","3":"status-publish","4":"has-post-thumbnail","6":"product_cat-3-6-jahre-vorschule","7":"product_cat-6-12-jahre-grundschule","8":"product_cat-botanik","9":"product_cat-erde-universum","10":"product_cat-fruehjahrskollektion","11":"product_cat-geschenk-guide-buecher","12":"product_cat-geschenk-guides","13":"product_cat-geschichtenbuecher","14":"product_cat-gestalten-de","15":"product_cat-herbstkollektion","16":"product_cat-jahreszeiten-wetter","17":"product_cat-kinderbuecher","18":"product_cat-kultur-wissenschaft","19":"product_cat-lernthemen","20":"product_cat-nach-alter","21":"product_cat-naturbuecher","22":"product_cat-naturspiel","23":"product_cat-neuheiten","24":"product_cat-saisonale-kollektionen","25":"product_cat-sommer-kollektion","26":"product_cat-kinder-spielzeug","27":"product_cat-spielzeug-fuer-draussen","28":"product_cat-unsere-marken","29":"product_cat-winter-kollektion","30":"product_tag-carla-mcrae-de","31":"product_tag-carla-mcrae-buch","32":"product_tag-catherine-ard-de","33":"product_tag-catherine-ard-buch","34":"product_tag-kinderbuch-uber-die-erforschung-der-natur","35":"product_tag-natur-erforschen-buch","36":"product_tag-natur-spielerisch-erforschen-buch","37":"product_tag-spielen-wir-im-freien-naturerlebnisse-fur-kinder-von-catherine-ard","38":"product_tag-spielen-wir-im-freien-buch","39":"product_tag-spielen-wir-im-freien-catherine-ard","41":"first","42":"instock","43":"taxable","44":"shipping-taxable","45":"purchasable","46":"product-type-simple"},"yoast_head":"<!-- This site is optimized with the Yoast SEO plugin v27.1.1 - https:\/\/yoast.com\/product\/yoast-seo-wordpress\/ -->\n<title>Spielen wir im Freien - Gestalten<\/title>\n<meta name=\"description\" content=\"Spielen wir im Freien von Catherine Ard ist ein Buch, das Kindern hilft, spielerisch zu entdecken, wie sch\u00f6n und faszinierend die Natur ist und was sie alles zu bieten hat.\" \/>\n<meta name=\"robots\" content=\"index, follow, max-snippet:-1, max-image-preview:large, max-video-preview:-1\" \/>\n<link rel=\"canonical\" href=\"https:\/\/teiaeducation.ch\/de\/produkt\/spielen-wir-im-freien-gestalten\/\" \/>\n<meta property=\"og:locale\" content=\"de_DE\" \/>\n<meta property=\"og:type\" content=\"article\" \/>\n<meta property=\"og:title\" content=\"Spielen wir im Freien - Gestalten\" \/>\n<meta property=\"og:description\" content=\"Spielen wir im Freien von Catherine Ard ist ein Buch, das Kindern hilft, spielerisch zu entdecken, wie sch\u00f6n und faszinierend die Natur ist und was sie alles zu bieten hat.\" \/>\n<meta property=\"og:url\" content=\"https:\/\/teiaeducation.ch\/de\/produkt\/spielen-wir-im-freien-gestalten\/\" \/>\n<meta property=\"og:site_name\" content=\"Sustainable Educational Products &amp; Ecological Toys\u00a0\" \/>\n<meta property=\"article:publisher\" content=\"https:\/\/www.facebook.com\/teiaeducation\/\" \/>\n<meta property=\"og:image\" content=\"https:\/\/teiaeducation.ch\/wp-content\/uploads\/2022\/03\/Lets-play-outdoors-exploring-nature-for-children-book-by-Catherine-Ard.png\" \/>\n\t<meta property=\"og:image:width\" content=\"900\" \/>\n\t<meta property=\"og:image:height\" content=\"900\" \/>\n\t<meta property=\"og:image:type\" content=\"image\/png\" \/>\n<script type=\"application\/ld+json\" class=\"yoast-schema-graph\">{\"@context\":\"https:\/\/schema.org\",\"@graph\":[{\"@type\":\"WebPage\",\"@id\":\"https:\/\/teiaeducation.ch\/de\/produkt\/spielen-wir-im-freien-gestalten\/\",\"url\":\"https:\/\/teiaeducation.ch\/de\/produkt\/spielen-wir-im-freien-gestalten\/\",\"name\":\"Spielen wir im Freien - Gestalten\",\"isPartOf\":{\"@id\":\"https:\/\/teiaeducation.ch\/de\/#website\"},\"primaryImageOfPage\":{\"@id\":\"https:\/\/teiaeducation.ch\/de\/produkt\/spielen-wir-im-freien-gestalten\/#primaryimage\"},\"image\":{\"@id\":\"https:\/\/teiaeducation.ch\/de\/produkt\/spielen-wir-im-freien-gestalten\/#primaryimage\"},\"thumbnailUrl\":\"https:\/\/teiaeducation.ch\/wp-content\/uploads\/2022\/03\/Lets-play-outdoors-exploring-nature-for-children-book-by-Catherine-Ard.png\",\"datePublished\":\"2024-03-29T12:02:02+00:00\",\"description\":\"Spielen wir im Freien von Catherine Ard ist ein Buch, das Kindern hilft, spielerisch zu entdecken, wie sch\u00f6n und faszinierend die Natur ist und was sie alles zu bieten hat.\",\"breadcrumb\":{\"@id\":\"https:\/\/teiaeducation.ch\/de\/produkt\/spielen-wir-im-freien-gestalten\/#breadcrumb\"},\"inLanguage\":\"de-CH\",\"potentialAction\":[{\"@type\":\"ReadAction\",\"target\":[\"https:\/\/teiaeducation.ch\/de\/produkt\/spielen-wir-im-freien-gestalten\/\"]}]},{\"@type\":\"ImageObject\",\"inLanguage\":\"de-CH\",\"@id\":\"https:\/\/teiaeducation.ch\/de\/produkt\/spielen-wir-im-freien-gestalten\/#primaryimage\",\"url\":\"https:\/\/teiaeducation.ch\/wp-content\/uploads\/2022\/03\/Lets-play-outdoors-exploring-nature-for-children-book-by-Catherine-Ard.png\",\"contentUrl\":\"https:\/\/teiaeducation.ch\/wp-content\/uploads\/2022\/03\/Lets-play-outdoors-exploring-nature-for-children-book-by-Catherine-Ard.png\",\"width\":900,\"height\":900,\"caption\":\"Spielen wir im Freien Natur erforschen f\u00fcr Kinder Buch von Catherine Ard\"},{\"@type\":\"BreadcrumbList\",\"@id\":\"https:\/\/teiaeducation.ch\/de\/produkt\/spielen-wir-im-freien-gestalten\/#breadcrumb\",\"itemListElement\":[{\"@type\":\"ListItem\",\"position\":1,\"name\":\"Home\",\"item\":\"https:\/\/teiaeducation.ch\/de\/\"},{\"@type\":\"ListItem\",\"position\":2,\"name\":\"Laden\",\"item\":\"https:\/\/teiaeducation.ch\/de\/shop\/\"},{\"@type\":\"ListItem\",\"position\":3,\"name\":\"Spielen wir im Freien &#8211; Gestalten\"}]},{\"@type\":\"WebSite\",\"@id\":\"https:\/\/teiaeducation.ch\/de\/#website\",\"url\":\"https:\/\/teiaeducation.ch\/de\/\",\"name\":\"Sustainable Educational Products &amp; Ecological Toys\u00a0\",\"description\":\"Specialised Swiss shop selling sustainable educational toys and games, AMI certified Montessori materials, handmade ecological wooden Waldorf toys and arts &amp; crafts supplies, school supplies, children&#039;s furniture and Montessori reference and parenting books.\",\"publisher\":{\"@id\":\"https:\/\/teiaeducation.ch\/de\/#organization\"},\"alternateName\":\"Teia Education & Play\",\"potentialAction\":[{\"@type\":\"SearchAction\",\"target\":{\"@type\":\"EntryPoint\",\"urlTemplate\":\"https:\/\/teiaeducation.ch\/de\/?s={search_term_string}\"},\"query-input\":{\"@type\":\"PropertyValueSpecification\",\"valueRequired\":true,\"valueName\":\"search_term_string\"}}],\"inLanguage\":\"de-CH\"},{\"@type\":\"Organization\",\"@id\":\"https:\/\/teiaeducation.ch\/de\/#organization\",\"name\":\"Teia Education & Play\",\"url\":\"https:\/\/teiaeducation.ch\/de\/\",\"logo\":{\"@type\":\"ImageObject\",\"inLanguage\":\"de-CH\",\"@id\":\"https:\/\/teiaeducation.ch\/de\/#\/schema\/logo\/image\/\",\"url\":\"https:\/\/teiaeducation.ch\/wp-content\/uploads\/2020\/11\/Teia-Education-Switzerland-e1620156442216.jpg\",\"contentUrl\":\"https:\/\/teiaeducation.ch\/wp-content\/uploads\/2020\/11\/Teia-Education-Switzerland-e1620156442216.jpg\",\"width\":166,\"height\":145,\"caption\":\"Teia Education & Play\"},\"image\":{\"@id\":\"https:\/\/teiaeducation.ch\/de\/#\/schema\/logo\/image\/\"},\"sameAs\":[\"https:\/\/www.facebook.com\/teiaeducation\/\",\"https:\/\/x.com\/EducationTeia\",\"https:\/\/www.instagram.com\/teia.education\/\",\"https:\/\/www.linkedin.com\/company\/35501660\",\"https:\/\/www.pinterest.ch\/TeiaEducation\/\"]}]}<\/script>\n<!-- \/ Yoast SEO plugin. -->","yoast_head_json":{"title":"Spielen wir im Freien - Gestalten","description":"Spielen wir im Freien von Catherine Ard ist ein Buch, das Kindern hilft, spielerisch zu entdecken, wie sch\u00f6n und faszinierend die Natur ist und was sie alles zu bieten hat.","robots":{"index":"index","follow":"follow","max-snippet":"max-snippet:-1","max-image-preview":"max-image-preview:large","max-video-preview":"max-video-preview:-1"},"canonical":"https:\/\/teiaeducation.ch\/de\/produkt\/spielen-wir-im-freien-gestalten\/","og_locale":"de_DE","og_type":"article","og_title":"Spielen wir im Freien - Gestalten","og_description":"Spielen wir im Freien von Catherine Ard ist ein Buch, das Kindern hilft, spielerisch zu entdecken, wie sch\u00f6n und faszinierend die Natur ist und was sie alles zu bieten hat.","og_url":"https:\/\/teiaeducation.ch\/de\/produkt\/spielen-wir-im-freien-gestalten\/","og_site_name":"Sustainable Educational Products &amp; Ecological Toys\u00a0","article_publisher":"https:\/\/www.facebook.com\/teiaeducation\/","og_image":[{"width":900,"height":900,"url":"https:\/\/teiaeducation.ch\/wp-content\/uploads\/2022\/03\/Lets-play-outdoors-exploring-nature-for-children-book-by-Catherine-Ard.png","type":"image\/png"}],"schema":{"@context":"https:\/\/schema.org","@graph":[{"@type":"WebPage","@id":"https:\/\/teiaeducation.ch\/de\/produkt\/spielen-wir-im-freien-gestalten\/","url":"https:\/\/teiaeducation.ch\/de\/produkt\/spielen-wir-im-freien-gestalten\/","name":"Spielen wir im Freien - Gestalten","isPartOf":{"@id":"https:\/\/teiaeducation.ch\/de\/#website"},"primaryImageOfPage":{"@id":"https:\/\/teiaeducation.ch\/de\/produkt\/spielen-wir-im-freien-gestalten\/#primaryimage"},"image":{"@id":"https:\/\/teiaeducation.ch\/de\/produkt\/spielen-wir-im-freien-gestalten\/#primaryimage"},"thumbnailUrl":"https:\/\/teiaeducation.ch\/wp-content\/uploads\/2022\/03\/Lets-play-outdoors-exploring-nature-for-children-book-by-Catherine-Ard.png","datePublished":"2024-03-29T12:02:02+00:00","description":"Spielen wir im Freien von Catherine Ard ist ein Buch, das Kindern hilft, spielerisch zu entdecken, wie sch\u00f6n und faszinierend die Natur ist und was sie alles zu bieten hat.","breadcrumb":{"@id":"https:\/\/teiaeducation.ch\/de\/produkt\/spielen-wir-im-freien-gestalten\/#breadcrumb"},"inLanguage":"de-CH","potentialAction":[{"@type":"ReadAction","target":["https:\/\/teiaeducation.ch\/de\/produkt\/spielen-wir-im-freien-gestalten\/"]}]},{"@type":"ImageObject","inLanguage":"de-CH","@id":"https:\/\/teiaeducation.ch\/de\/produkt\/spielen-wir-im-freien-gestalten\/#primaryimage","url":"https:\/\/teiaeducation.ch\/wp-content\/uploads\/2022\/03\/Lets-play-outdoors-exploring-nature-for-children-book-by-Catherine-Ard.png","contentUrl":"https:\/\/teiaeducation.ch\/wp-content\/uploads\/2022\/03\/Lets-play-outdoors-exploring-nature-for-children-book-by-Catherine-Ard.png","width":900,"height":900,"caption":"Spielen wir im Freien Natur erforschen f\u00fcr Kinder Buch von Catherine Ard"},{"@type":"BreadcrumbList","@id":"https:\/\/teiaeducation.ch\/de\/produkt\/spielen-wir-im-freien-gestalten\/#breadcrumb","itemListElement":[{"@type":"ListItem","position":1,"name":"Home","item":"https:\/\/teiaeducation.ch\/de\/"},{"@type":"ListItem","position":2,"name":"Laden","item":"https:\/\/teiaeducation.ch\/de\/shop\/"},{"@type":"ListItem","position":3,"name":"Spielen wir im Freien &#8211; Gestalten"}]},{"@type":"WebSite","@id":"https:\/\/teiaeducation.ch\/de\/#website","url":"https:\/\/teiaeducation.ch\/de\/","name":"Sustainable Educational Products &amp; Ecological Toys\u00a0","description":"Specialised Swiss shop selling sustainable educational toys and games, AMI certified Montessori materials, handmade ecological wooden Waldorf toys and arts &amp; crafts supplies, school supplies, children&#039;s furniture and Montessori reference and parenting books.","publisher":{"@id":"https:\/\/teiaeducation.ch\/de\/#organization"},"alternateName":"Teia Education & Play","potentialAction":[{"@type":"SearchAction","target":{"@type":"EntryPoint","urlTemplate":"https:\/\/teiaeducation.ch\/de\/?s={search_term_string}"},"query-input":{"@type":"PropertyValueSpecification","valueRequired":true,"valueName":"search_term_string"}}],"inLanguage":"de-CH"},{"@type":"Organization","@id":"https:\/\/teiaeducation.ch\/de\/#organization","name":"Teia Education & Play","url":"https:\/\/teiaeducation.ch\/de\/","logo":{"@type":"ImageObject","inLanguage":"de-CH","@id":"https:\/\/teiaeducation.ch\/de\/#\/schema\/logo\/image\/","url":"https:\/\/teiaeducation.ch\/wp-content\/uploads\/2020\/11\/Teia-Education-Switzerland-e1620156442216.jpg","contentUrl":"https:\/\/teiaeducation.ch\/wp-content\/uploads\/2020\/11\/Teia-Education-Switzerland-e1620156442216.jpg","width":166,"height":145,"caption":"Teia Education & Play"},"image":{"@id":"https:\/\/teiaeducation.ch\/de\/#\/schema\/logo\/image\/"},"sameAs":["https:\/\/www.facebook.com\/teiaeducation\/","https:\/\/x.com\/EducationTeia","https:\/\/www.instagram.com\/teia.education\/","https:\/\/www.linkedin.com\/company\/35501660","https:\/\/www.pinterest.ch\/TeiaEducation\/"]}]}},"_links":{"self":[{"href":"https:\/\/teiaeducation.ch\/de\/wp-json\/wp\/v2\/product\/59785","targetHints":{"allow":["GET"]}}],"collection":[{"href":"https:\/\/teiaeducation.ch\/de\/wp-json\/wp\/v2\/product"}],"about":[{"href":"https:\/\/teiaeducation.ch\/de\/wp-json\/wp\/v2\/types\/product"}],"replies":[{"embeddable":true,"href":"https:\/\/teiaeducation.ch\/de\/wp-json\/wp\/v2\/comments?post=59785"}],"wp:featuredmedia":[{"embeddable":true,"href":"https:\/\/teiaeducation.ch\/de\/wp-json\/wp\/v2\/media\/45658"}],"wp:attachment":[{"href":"https:\/\/teiaeducation.ch\/de\/wp-json\/wp\/v2\/media?parent=59785"}],"wp:term":[{"taxonomy":"product_brand","embeddable":true,"href":"https:\/\/teiaeducation.ch\/de\/wp-json\/wp\/v2\/product_brand?post=59785"},{"taxonomy":"product_cat","embeddable":true,"href":"https:\/\/teiaeducation.ch\/de\/wp-json\/wp\/v2\/product_cat?post=59785"},{"taxonomy":"product_tag","embeddable":true,"href":"https:\/\/teiaeducation.ch\/de\/wp-json\/wp\/v2\/product_tag?post=59785"}],"curies":[{"name":"wp","href":"https:\/\/api.w.org\/{rel}","templated":true}]}}