{"id":59786,"date":"2022-04-21T17:00:55","date_gmt":"2022-04-21T15:00:55","guid":{"rendered":"https:\/\/teiaeducation.ch\/product\/farglaeschenhalter-set-3x50ml-mercurius\/"},"modified":"2024-11-11T14:58:31","modified_gmt":"2024-11-11T13:58:31","slug":"farglaeschenhalter-set-3x50ml-mercurius","status":"publish","type":"product","link":"https:\/\/teiaeducation.ch\/de\/produkt\/farglaeschenhalter-set-3x50ml-mercurius\/","title":{"rendered":"Waldorf Fargl\u00e4schenhalter aus Holz set mit 3 Gl\u00e4sser 50 ml &#8211; Mercurius"},"content":{"rendered":"<p>Das Mercurius Waldorf Set mit ein Fargl\u00e4schenhalter aus Holz und 3 x 50 ml Gl\u00e4sser mit Deckeln ist perfekt f\u00fcr Aquarellfarben geeignet! Dieses praktische Set ist ein langlebiges Produkt, das Sie immer wieder in Ihrer Schulumgebung, im Bildungsbereich oder f\u00fcr viele lustige, kreative Bastelarbeiten zu Hause verwenden werden!<\/p>\n<p>Eine wunderbare <a href=\"https:\/\/teiaeducation.ch\/product-category\/education-method\/waldorf\/\">Waldorf<\/a> Steiner Kunstressource, der sch\u00f6ne Fargl\u00e4schenhalter hat 3 pr\u00e4zise gefr\u00e4ste L\u00f6cher, um die 3 x 50 ml Gl\u00e4sser zu halten, was f\u00fcr Bequemlichkeit und Stabilit\u00e4t sorgt und ein Versch\u00fctten beim Malen verhindert. Das Set ist ideal f\u00fcr Malaktivit\u00e4ten mit Kindern, einschlie\u00dflich der Nass-in-Nass-Malerei, die in der <a href=\"https:\/\/teiaeducation.ch\/product-category\/education-method\/the-montessori-pedagogy-materials-toys\/\">Montessori-<\/a> und Waldorfp\u00e4dagogik beliebt ist.<\/p>\n<p>Reste von Aquarellfarben k\u00f6nnen in den Gl\u00e4sser viele Tage lang frisch gehalten werden, so dass sie wieder verwendet werden k\u00f6nnen und kein Abfall entsteht. Die Gl\u00e4sser sind auch f\u00fcr Kleber, Tinte oder Tusche geeignet und eignen sich daher f\u00fcr viele Kunst- und Bastelprojekte.<\/p>\n<p>Der Fargl\u00e4schenhalter aus Holz wird in Schweden aus europ\u00e4ischem Birkenholz von Hand gefertigt und mit einem Lack auf Wasserbasis behandelt, der tief in das Holz einzieht und f\u00fcr einen lang anhaltenden Schutz sorgt. Die 3 Gl\u00e4sser mit Deckel enthalten jeweils 50 ml. Alle Mercurius Waldorf Mal- und Bastelbedarfsartikel werden nachhaltig in Europa hergestellt und sind sicher und ungiftig, da nur wasserbasierte Kleber und Lacke verwendet werden.<\/p>\n<p>Inhalt:<\/p>\n<p>1 Fargl\u00e4schenhalter aus Holz<br \/>\n3 x 50 ml Gl\u00e4sser mit Deckeln<\/p>\n<h2>\u00dcber Mercurius<\/h2>\n<p><a href=\"https:\/\/teiaeducation.ch\/product-category\/brands\/mercurius\/\">Mercurius<\/a> ist der Hauptlieferant f\u00fcr <a href=\"https:\/\/teiaeducation.ch\/waldorf-steiner-schools-supplies\/\">Waldorfschulen<\/a> weltweit und ist ein spezialisierter Anbieter von hochwertigen und einzigartigen <a href=\"https:\/\/teiaeducation.ch\/product-category\/creative-art-craft\/\">kreativen Materialien<\/a>, <a href=\"https:\/\/teiaeducation.ch\/product-category\/hgh-quality-toys-play\/handmade-wooden-toys\/\">handgefertigtes Spielzeug<\/a> und Materialien zur Unterst\u00fctzung des Waldorf Lehrplans. Alle Mercurius Produkte sind speziell auf die Bed\u00fcrfnisse der <a href=\"https:\/\/teiaeducation.ch\/product-category\/education-method\/waldorf-steiner-toys-craft-materials\/\">Waldorfschulen<\/a> und der Erziehung zu Hause abgestimmt. Mercurius ist der weltweite Vertreter der bekannten Waldorfmarken <a href=\"https:\/\/teiaeducation.ch\/product-category\/brands\/stockmar\/\">Stockmar<\/a>, <a href=\"https:\/\/teiaeducation.ch\/product-category\/brands\/debresk\/\">Debresk<\/a>, <a href=\"https:\/\/teiaeducation.ch\/product-category\/brands\/filia\/\">Filia<\/a> und vieler anderer.<\/p>\n<p>Das Mercurius Kernsortiment umfasst Produkte, die zug\u00e4nglich, angemessen und erschwinglich sind und Lehrpl\u00e4ne wie Kunst- und <a href=\"https:\/\/teiaeducation.ch\/product-category\/learning-themes\/sensory-motor-skills\/music\/\">Musikunterricht<\/a>, klassischen Waldorfschulbedarf, Spielzeug und hochwertige <a href=\"https:\/\/teiaeducation.ch\/product-category\/classroom-essentials\/furniture-storage\/\">Schulm\u00f6bel<\/a> abdecken.<\/p>\n<p>Als sozial und \u00f6kologisch verantwortungsbewusstes Unternehmen ist Mercurius bestrebt, nur qualitativ hochwertige und sichere Produkte anzubieten, die alle geltenden Normen erf\u00fcllen. Alle ihre Produkte werden umfangreichen Sicherheits- und Umwelttests unterzogen. Soziale Eingliederung und eine f\u00fcr beide Seiten vorteilhafte Zusammenarbeit sind grundlegende Prinzipien. Mercurius ist bestrebt, Produkte und Dienstleistungen von Organisationen zu beziehen, die Menschen mit Behinderungen besch\u00e4ftigen, sowie von anderen Anbietern, deren soziale und \u00f6kologische Grunds\u00e4tze mit denen von Mercurius \u00fcbereinstimmen.<\/p>\n","protected":false},"excerpt":{"rendered":"<p>Artikelnummer: <span data-sheets-value=\"{\" data-sheets-userformat=\"{\">25915012<\/span><\/p>\n<p>Der Mercurius Fargl\u00e4schenhalter aus Holz set mit 3 x 50 ml Gl\u00e4sser ist perfekt f\u00fcr Aquarellfarben geeignet in Waldorf- und Montessori Kunstaktivit\u00e4ten!<\/p>\n","protected":false},"featured_media":46764,"comment_status":"open","ping_status":"closed","template":"","meta":[],"product_brand":[],"product_cat":[21444,21445,21446,23651,21449,21479,21558,21670,21490,21484,21447,21457,21579,21481,21443,21563,22362,21494,21495,21496,21557,21668,21482,21564,21483,22363],"product_tag":[28665,28660,28661,21712,26362,28662,26326,26327,28663,26364,28658,28664,28667,26363,28659,28666],"class_list":{"0":"post-59786","1":"product","2":"type-product","3":"status-publish","4":"has-post-thumbnail","6":"product_cat-1-3-jahre-kleinkind","7":"product_cat-3-6-jahre-vorschule","8":"product_cat-6-12-jahre-grundschule","9":"product_cat-back-to-school-de","10":"product_cat-bastelwerkzeuge-aufbewahrung","11":"product_cat-lernmaterialien-spielzeug-montessori-waldorf-steiner-froebel","12":"product_cat-farbe-lernen","13":"product_cat-fruehjahrskollektion","14":"product_cat-geschenk-guide-kreativ","15":"product_cat-geschenk-guides","16":"product_cat-malen-basteln","17":"product_cat-malen","18":"product_cat-mercurius-de","19":"product_cat-montessori-paedagogik-material-spielzeug","20":"product_cat-nach-alter","21":"product_cat-neuheiten","22":"product_cat-saisonale-kollektionen","23":"product_cat-schulbedarf-fuer-zuhause","24":"product_cat-schulbedarf-fuer-zuhause-3-6-jahre","25":"product_cat-schulbedarf-fuer-zuhause-6-12-jahre","26":"product_cat-sensorische-motorische-fertigkeiten","27":"product_cat-stockmar-de","28":"product_cat-traditionelle-bildung","29":"product_cat-unsere-marken","30":"product_cat-waldorf-steiner-paedagogik","31":"product_cat-winter-kollektion","32":"product_tag-aquarellmalen-mit-kindern","33":"product_tag-aquarellmalerei-glaser","34":"product_tag-farbglaser-mit-deckeln","35":"product_tag-hergestellt-in-deutschland","36":"product_tag-hergestellt-in-europa","37":"product_tag-holzhalter-und-farbdosen","38":"product_tag-mercurius-de","39":"product_tag-mercurius-kunstbedarf","40":"product_tag-montessori-kunstzubehor","41":"product_tag-nachhaltiger-kunstbedarf","42":"product_tag-stockmar-de","43":"product_tag-stockmar-aquarellfarben-de","44":"product_tag-waldorf-holzfarbglaser-50ml","45":"product_tag-waldorf-kunstbedarf","46":"product_tag-waldorf-malereibedarf","47":"product_tag-waldorf-farbdosenhalter-aus-holz","49":"first","50":"outofstock","51":"taxable","52":"shipping-taxable","53":"purchasable","54":"product-type-simple"},"yoast_head":"<!-- This site is optimized with the Yoast SEO plugin v27.1.1 - https:\/\/yoast.com\/product\/yoast-seo-wordpress\/ -->\n<title>Waldorf Fargl\u00e4schenhalter aus Holz set mit 3 Gl\u00e4sser 50 ml - Mercurius<\/title>\n<meta name=\"description\" content=\"Der Mercurius Fargl\u00e4schenhalter aus Holz set mit 3 x 50 ml Gl\u00e4sser ist perfekt f\u00fcr Aquarellfarben geeignet in Waldorf- und Montessori Kunstaktivit\u00e4ten.\" \/>\n<meta name=\"robots\" content=\"index, follow, max-snippet:-1, max-image-preview:large, max-video-preview:-1\" \/>\n<link rel=\"canonical\" href=\"https:\/\/teiaeducation.ch\/de\/produkt\/farglaeschenhalter-set-3x50ml-mercurius\/\" \/>\n<meta property=\"og:locale\" content=\"de_DE\" \/>\n<meta property=\"og:type\" content=\"article\" \/>\n<meta property=\"og:title\" content=\"Waldorf Fargl\u00e4schenhalter aus Holz set mit 3 Gl\u00e4sser 50 ml - Mercurius\" \/>\n<meta property=\"og:description\" content=\"Der Mercurius Fargl\u00e4schenhalter aus Holz set mit 3 x 50 ml Gl\u00e4sser ist perfekt f\u00fcr Aquarellfarben geeignet in Waldorf- und Montessori Kunstaktivit\u00e4ten.\" \/>\n<meta property=\"og:url\" content=\"https:\/\/teiaeducation.ch\/de\/produkt\/farglaeschenhalter-set-3x50ml-mercurius\/\" \/>\n<meta property=\"og:site_name\" content=\"Sustainable Educational Products &amp; Ecological Toys\u00a0\" \/>\n<meta property=\"article:publisher\" content=\"https:\/\/www.facebook.com\/teiaeducation\/\" \/>\n<meta property=\"article:modified_time\" content=\"2024-11-11T13:58:31+00:00\" \/>\n<meta property=\"og:image\" content=\"https:\/\/teiaeducation.ch\/wp-content\/uploads\/2022\/03\/Waldorf-wooden-holder-3-paint-jars-set-50ml-Mercurius.jpg\" \/>\n\t<meta property=\"og:image:width\" content=\"504\" \/>\n\t<meta property=\"og:image:height\" content=\"504\" \/>\n\t<meta property=\"og:image:type\" content=\"image\/jpeg\" \/>\n<script type=\"application\/ld+json\" class=\"yoast-schema-graph\">{\"@context\":\"https:\/\/schema.org\",\"@graph\":[{\"@type\":\"WebPage\",\"@id\":\"https:\/\/teiaeducation.ch\/de\/produkt\/farglaeschenhalter-set-3x50ml-mercurius\/\",\"url\":\"https:\/\/teiaeducation.ch\/de\/produkt\/farglaeschenhalter-set-3x50ml-mercurius\/\",\"name\":\"Waldorf Fargl\u00e4schenhalter aus Holz set mit 3 Gl\u00e4sser 50 ml - Mercurius\",\"isPartOf\":{\"@id\":\"https:\/\/teiaeducation.ch\/de\/#website\"},\"primaryImageOfPage\":{\"@id\":\"https:\/\/teiaeducation.ch\/de\/produkt\/farglaeschenhalter-set-3x50ml-mercurius\/#primaryimage\"},\"image\":{\"@id\":\"https:\/\/teiaeducation.ch\/de\/produkt\/farglaeschenhalter-set-3x50ml-mercurius\/#primaryimage\"},\"thumbnailUrl\":\"https:\/\/teiaeducation.ch\/wp-content\/uploads\/2022\/03\/Waldorf-wooden-holder-3-paint-jars-set-50ml-Mercurius.jpg\",\"datePublished\":\"2022-04-21T15:00:55+00:00\",\"dateModified\":\"2024-11-11T13:58:31+00:00\",\"description\":\"Der Mercurius Fargl\u00e4schenhalter aus Holz set mit 3 x 50 ml Gl\u00e4sser ist perfekt f\u00fcr Aquarellfarben geeignet in Waldorf- und Montessori Kunstaktivit\u00e4ten.\",\"breadcrumb\":{\"@id\":\"https:\/\/teiaeducation.ch\/de\/produkt\/farglaeschenhalter-set-3x50ml-mercurius\/#breadcrumb\"},\"inLanguage\":\"de-CH\",\"potentialAction\":[{\"@type\":\"ReadAction\",\"target\":[\"https:\/\/teiaeducation.ch\/de\/produkt\/farglaeschenhalter-set-3x50ml-mercurius\/\"]}]},{\"@type\":\"ImageObject\",\"inLanguage\":\"de-CH\",\"@id\":\"https:\/\/teiaeducation.ch\/de\/produkt\/farglaeschenhalter-set-3x50ml-mercurius\/#primaryimage\",\"url\":\"https:\/\/teiaeducation.ch\/wp-content\/uploads\/2022\/03\/Waldorf-wooden-holder-3-paint-jars-set-50ml-Mercurius.jpg\",\"contentUrl\":\"https:\/\/teiaeducation.ch\/wp-content\/uploads\/2022\/03\/Waldorf-wooden-holder-3-paint-jars-set-50ml-Mercurius.jpg\",\"width\":504,\"height\":504,\"caption\":\"Fargl\u00e4schenhalter set 3x50ml aus Holz Mercurius\"},{\"@type\":\"BreadcrumbList\",\"@id\":\"https:\/\/teiaeducation.ch\/de\/produkt\/farglaeschenhalter-set-3x50ml-mercurius\/#breadcrumb\",\"itemListElement\":[{\"@type\":\"ListItem\",\"position\":1,\"name\":\"Home\",\"item\":\"https:\/\/teiaeducation.ch\/de\/\"},{\"@type\":\"ListItem\",\"position\":2,\"name\":\"Laden\",\"item\":\"https:\/\/teiaeducation.ch\/de\/shop\/\"},{\"@type\":\"ListItem\",\"position\":3,\"name\":\"Unsere Marken\",\"item\":\"https:\/\/teiaeducation.ch\/de\/produkt-kategorie\/unsere-marken\/\"},{\"@type\":\"ListItem\",\"position\":4,\"name\":\"Mercurius\",\"item\":\"https:\/\/teiaeducation.ch\/de\/produkt-kategorie\/unsere-marken\/mercurius-de\/\"},{\"@type\":\"ListItem\",\"position\":5,\"name\":\"Waldorf Fargl\u00e4schenhalter aus Holz set mit 3 Gl\u00e4sser 50 ml &#8211; Mercurius\"}]},{\"@type\":\"WebSite\",\"@id\":\"https:\/\/teiaeducation.ch\/de\/#website\",\"url\":\"https:\/\/teiaeducation.ch\/de\/\",\"name\":\"Sustainable Educational Products &amp; Ecological Toys\u00a0\",\"description\":\"Specialised Swiss shop selling sustainable educational toys and games, AMI certified Montessori materials, handmade ecological wooden Waldorf toys and arts &amp; crafts supplies, school supplies, children&#039;s furniture and Montessori reference and parenting books.\",\"publisher\":{\"@id\":\"https:\/\/teiaeducation.ch\/de\/#organization\"},\"alternateName\":\"Teia Education & Play\",\"potentialAction\":[{\"@type\":\"SearchAction\",\"target\":{\"@type\":\"EntryPoint\",\"urlTemplate\":\"https:\/\/teiaeducation.ch\/de\/?s={search_term_string}\"},\"query-input\":{\"@type\":\"PropertyValueSpecification\",\"valueRequired\":true,\"valueName\":\"search_term_string\"}}],\"inLanguage\":\"de-CH\"},{\"@type\":\"Organization\",\"@id\":\"https:\/\/teiaeducation.ch\/de\/#organization\",\"name\":\"Teia Education & Play\",\"url\":\"https:\/\/teiaeducation.ch\/de\/\",\"logo\":{\"@type\":\"ImageObject\",\"inLanguage\":\"de-CH\",\"@id\":\"https:\/\/teiaeducation.ch\/de\/#\/schema\/logo\/image\/\",\"url\":\"https:\/\/teiaeducation.ch\/wp-content\/uploads\/2020\/11\/Teia-Education-Switzerland-e1620156442216.jpg\",\"contentUrl\":\"https:\/\/teiaeducation.ch\/wp-content\/uploads\/2020\/11\/Teia-Education-Switzerland-e1620156442216.jpg\",\"width\":166,\"height\":145,\"caption\":\"Teia Education & Play\"},\"image\":{\"@id\":\"https:\/\/teiaeducation.ch\/de\/#\/schema\/logo\/image\/\"},\"sameAs\":[\"https:\/\/www.facebook.com\/teiaeducation\/\",\"https:\/\/x.com\/EducationTeia\",\"https:\/\/www.instagram.com\/teia.education\/\",\"https:\/\/www.linkedin.com\/company\/35501660\",\"https:\/\/www.pinterest.ch\/TeiaEducation\/\"]}]}<\/script>\n<!-- \/ Yoast SEO plugin. -->","yoast_head_json":{"title":"Waldorf Fargl\u00e4schenhalter aus Holz set mit 3 Gl\u00e4sser 50 ml - Mercurius","description":"Der Mercurius Fargl\u00e4schenhalter aus Holz set mit 3 x 50 ml Gl\u00e4sser ist perfekt f\u00fcr Aquarellfarben geeignet in Waldorf- und Montessori Kunstaktivit\u00e4ten.","robots":{"index":"index","follow":"follow","max-snippet":"max-snippet:-1","max-image-preview":"max-image-preview:large","max-video-preview":"max-video-preview:-1"},"canonical":"https:\/\/teiaeducation.ch\/de\/produkt\/farglaeschenhalter-set-3x50ml-mercurius\/","og_locale":"de_DE","og_type":"article","og_title":"Waldorf Fargl\u00e4schenhalter aus Holz set mit 3 Gl\u00e4sser 50 ml - Mercurius","og_description":"Der Mercurius Fargl\u00e4schenhalter aus Holz set mit 3 x 50 ml Gl\u00e4sser ist perfekt f\u00fcr Aquarellfarben geeignet in Waldorf- und Montessori Kunstaktivit\u00e4ten.","og_url":"https:\/\/teiaeducation.ch\/de\/produkt\/farglaeschenhalter-set-3x50ml-mercurius\/","og_site_name":"Sustainable Educational Products &amp; Ecological Toys\u00a0","article_publisher":"https:\/\/www.facebook.com\/teiaeducation\/","article_modified_time":"2024-11-11T13:58:31+00:00","og_image":[{"width":504,"height":504,"url":"https:\/\/teiaeducation.ch\/wp-content\/uploads\/2022\/03\/Waldorf-wooden-holder-3-paint-jars-set-50ml-Mercurius.jpg","type":"image\/jpeg"}],"schema":{"@context":"https:\/\/schema.org","@graph":[{"@type":"WebPage","@id":"https:\/\/teiaeducation.ch\/de\/produkt\/farglaeschenhalter-set-3x50ml-mercurius\/","url":"https:\/\/teiaeducation.ch\/de\/produkt\/farglaeschenhalter-set-3x50ml-mercurius\/","name":"Waldorf Fargl\u00e4schenhalter aus Holz set mit 3 Gl\u00e4sser 50 ml - Mercurius","isPartOf":{"@id":"https:\/\/teiaeducation.ch\/de\/#website"},"primaryImageOfPage":{"@id":"https:\/\/teiaeducation.ch\/de\/produkt\/farglaeschenhalter-set-3x50ml-mercurius\/#primaryimage"},"image":{"@id":"https:\/\/teiaeducation.ch\/de\/produkt\/farglaeschenhalter-set-3x50ml-mercurius\/#primaryimage"},"thumbnailUrl":"https:\/\/teiaeducation.ch\/wp-content\/uploads\/2022\/03\/Waldorf-wooden-holder-3-paint-jars-set-50ml-Mercurius.jpg","datePublished":"2022-04-21T15:00:55+00:00","dateModified":"2024-11-11T13:58:31+00:00","description":"Der Mercurius Fargl\u00e4schenhalter aus Holz set mit 3 x 50 ml Gl\u00e4sser ist perfekt f\u00fcr Aquarellfarben geeignet in Waldorf- und Montessori Kunstaktivit\u00e4ten.","breadcrumb":{"@id":"https:\/\/teiaeducation.ch\/de\/produkt\/farglaeschenhalter-set-3x50ml-mercurius\/#breadcrumb"},"inLanguage":"de-CH","potentialAction":[{"@type":"ReadAction","target":["https:\/\/teiaeducation.ch\/de\/produkt\/farglaeschenhalter-set-3x50ml-mercurius\/"]}]},{"@type":"ImageObject","inLanguage":"de-CH","@id":"https:\/\/teiaeducation.ch\/de\/produkt\/farglaeschenhalter-set-3x50ml-mercurius\/#primaryimage","url":"https:\/\/teiaeducation.ch\/wp-content\/uploads\/2022\/03\/Waldorf-wooden-holder-3-paint-jars-set-50ml-Mercurius.jpg","contentUrl":"https:\/\/teiaeducation.ch\/wp-content\/uploads\/2022\/03\/Waldorf-wooden-holder-3-paint-jars-set-50ml-Mercurius.jpg","width":504,"height":504,"caption":"Fargl\u00e4schenhalter set 3x50ml aus Holz Mercurius"},{"@type":"BreadcrumbList","@id":"https:\/\/teiaeducation.ch\/de\/produkt\/farglaeschenhalter-set-3x50ml-mercurius\/#breadcrumb","itemListElement":[{"@type":"ListItem","position":1,"name":"Home","item":"https:\/\/teiaeducation.ch\/de\/"},{"@type":"ListItem","position":2,"name":"Laden","item":"https:\/\/teiaeducation.ch\/de\/shop\/"},{"@type":"ListItem","position":3,"name":"Unsere Marken","item":"https:\/\/teiaeducation.ch\/de\/produkt-kategorie\/unsere-marken\/"},{"@type":"ListItem","position":4,"name":"Mercurius","item":"https:\/\/teiaeducation.ch\/de\/produkt-kategorie\/unsere-marken\/mercurius-de\/"},{"@type":"ListItem","position":5,"name":"Waldorf Fargl\u00e4schenhalter aus Holz set mit 3 Gl\u00e4sser 50 ml &#8211; Mercurius"}]},{"@type":"WebSite","@id":"https:\/\/teiaeducation.ch\/de\/#website","url":"https:\/\/teiaeducation.ch\/de\/","name":"Sustainable Educational Products &amp; Ecological Toys\u00a0","description":"Specialised Swiss shop selling sustainable educational toys and games, AMI certified Montessori materials, handmade ecological wooden Waldorf toys and arts &amp; crafts supplies, school supplies, children&#039;s furniture and Montessori reference and parenting books.","publisher":{"@id":"https:\/\/teiaeducation.ch\/de\/#organization"},"alternateName":"Teia Education & Play","potentialAction":[{"@type":"SearchAction","target":{"@type":"EntryPoint","urlTemplate":"https:\/\/teiaeducation.ch\/de\/?s={search_term_string}"},"query-input":{"@type":"PropertyValueSpecification","valueRequired":true,"valueName":"search_term_string"}}],"inLanguage":"de-CH"},{"@type":"Organization","@id":"https:\/\/teiaeducation.ch\/de\/#organization","name":"Teia Education & Play","url":"https:\/\/teiaeducation.ch\/de\/","logo":{"@type":"ImageObject","inLanguage":"de-CH","@id":"https:\/\/teiaeducation.ch\/de\/#\/schema\/logo\/image\/","url":"https:\/\/teiaeducation.ch\/wp-content\/uploads\/2020\/11\/Teia-Education-Switzerland-e1620156442216.jpg","contentUrl":"https:\/\/teiaeducation.ch\/wp-content\/uploads\/2020\/11\/Teia-Education-Switzerland-e1620156442216.jpg","width":166,"height":145,"caption":"Teia Education & Play"},"image":{"@id":"https:\/\/teiaeducation.ch\/de\/#\/schema\/logo\/image\/"},"sameAs":["https:\/\/www.facebook.com\/teiaeducation\/","https:\/\/x.com\/EducationTeia","https:\/\/www.instagram.com\/teia.education\/","https:\/\/www.linkedin.com\/company\/35501660","https:\/\/www.pinterest.ch\/TeiaEducation\/"]}]}},"_links":{"self":[{"href":"https:\/\/teiaeducation.ch\/de\/wp-json\/wp\/v2\/product\/59786","targetHints":{"allow":["GET"]}}],"collection":[{"href":"https:\/\/teiaeducation.ch\/de\/wp-json\/wp\/v2\/product"}],"about":[{"href":"https:\/\/teiaeducation.ch\/de\/wp-json\/wp\/v2\/types\/product"}],"replies":[{"embeddable":true,"href":"https:\/\/teiaeducation.ch\/de\/wp-json\/wp\/v2\/comments?post=59786"}],"wp:featuredmedia":[{"embeddable":true,"href":"https:\/\/teiaeducation.ch\/de\/wp-json\/wp\/v2\/media\/46764"}],"wp:attachment":[{"href":"https:\/\/teiaeducation.ch\/de\/wp-json\/wp\/v2\/media?parent=59786"}],"wp:term":[{"taxonomy":"product_brand","embeddable":true,"href":"https:\/\/teiaeducation.ch\/de\/wp-json\/wp\/v2\/product_brand?post=59786"},{"taxonomy":"product_cat","embeddable":true,"href":"https:\/\/teiaeducation.ch\/de\/wp-json\/wp\/v2\/product_cat?post=59786"},{"taxonomy":"product_tag","embeddable":true,"href":"https:\/\/teiaeducation.ch\/de\/wp-json\/wp\/v2\/product_tag?post=59786"}],"curies":[{"name":"wp","href":"https:\/\/api.w.org\/{rel}","templated":true}]}}